{"id":21567,"date":"2020-12-01T03:48:47","date_gmt":"2020-12-01T08:48:47","guid":{"rendered":"https:\/\/optimate1.com\/product\/optimate-7-select-c\/"},"modified":"2026-03-30T05:53:30","modified_gmt":"2026-03-30T09:53:30","slug":"optimate-7-select-12v-chargeur-batterie-voiture","status":"publish","type":"product","link":"https:\/\/optimate1.com\/fr\/produit\/optimate-7-select-12v-chargeur-batterie-voiture\/","title":{"rendered":"OptiMate 7 Select"},"content":{"rendered":"<h6 style=\"text-align: center;\"><strong><span style=\"color: #10069f;\">OptiMate 7 Select &#8216;GOLD series&#8217; est le chargeur de batterie &#8216;PRO choice&#8217; qui permet d&#8217;obtenir le plein potentiel de votre batterie 12V haute performance<\/span><\/strong><strong>\u2013 <\/strong><span style=\"color: #10069f;\"><i>Comprend une alimentation \u00e9lectrique pour soutenir la batterie pendant la mise au point et le d\u00e9pannage<\/i><\/span><\/h6>\n<h6 style=\"text-align: center;\"><strong><span style=\"color: #10069f;\"><img loading=\"lazy\" decoding=\"async\" class=\"aligncenter wp-image-20665\" src=\"https:\/\/optimate1.com\/wp-content\/uploads\/2020\/12\/vehicles_TM250-01.png\" alt=\"The OptiMate 7 Select is recommended for batteries of sports cars, 4x4 cars, tractors, RV, maritime and motorcycles. \" width=\"428\" height=\"70\" \/><\/span><\/strong><\/h6>\n<p>&nbsp;<\/p>\n<h6 style=\"text-align: center;\"><strong><span style=\"color: #10069f;\">S\u00e9lectionnez la tension de charge de 14.4V pour la plupart des batteries ou de 14.7V pour les batteries AGM haut de gamme, ou s\u00e9lectionnez le mode d&#8217;assistance de l&#8217;alimentation. <\/span><\/strong><strong>\u2013 <\/strong><span style=\"color: #10069f;\"><em>La s\u00e9lection reste en m\u00e9moire m\u00eame en cas de coupure de courant<\/em><\/span><\/h6>\n<h6 style=\"text-align: center;\"><img loading=\"lazy\" decoding=\"async\" class=\"aligncenter wp-image-20910\" src=\"https:\/\/optimate1.com\/wp-content\/uploads\/2020\/12\/TM250-select-hx2-300x49.png\" alt=\"With the OptiMate 7 Select you can select the charge voltage of 14.4V for most batteries or 14.7V for premium AGM batteries or select Power Supply support mode. \" width=\"428\" height=\"70\" srcset=\"https:\/\/optimate1.com\/wp-content\/uploads\/2020\/12\/TM250-select-hx2-300x49.png 300w, https:\/\/optimate1.com\/wp-content\/uploads\/2020\/12\/TM250-select-hx2-600x98.png 600w, https:\/\/optimate1.com\/wp-content\/uploads\/2020\/12\/TM250-select-hx2-64x10.png 64w, https:\/\/optimate1.com\/wp-content\/uploads\/2020\/12\/TM250-select-hx2-768x126.png 768w, https:\/\/optimate1.com\/wp-content\/uploads\/2020\/12\/TM250-select-hx2.png 856w\" sizes=\"auto, (max-width: 428px) 100vw, 428px\" \/><\/h6>\n<p>&nbsp;<\/p>\n<h6 style=\"text-align: center;\"><strong><span style=\"color: #10069f;\">Le mode d&#8217;alimentation fournit une puissance constante pour la mise au point du v\u00e9hicule, le diagnostic et le d\u00e9pannage<\/span><\/strong><\/h6>\n<h6 style=\"text-align: center;\"><img loading=\"lazy\" decoding=\"async\" class=\"aligncenter wp-image-20977\" src=\"https:\/\/optimate1.com\/wp-content\/uploads\/2020\/12\/TUNE-power-supplyx2-300x49.png\" alt=\"The power supply mode of the OptiMate 6 Select provides constant power for vehicle tuning, diagnostics and troubleshooting.\" width=\"428\" height=\"70\" srcset=\"https:\/\/optimate1.com\/wp-content\/uploads\/2020\/12\/TUNE-power-supplyx2-300x49.png 300w, https:\/\/optimate1.com\/wp-content\/uploads\/2020\/12\/TUNE-power-supplyx2-600x98.png 600w, https:\/\/optimate1.com\/wp-content\/uploads\/2020\/12\/TUNE-power-supplyx2-64x10.png 64w, https:\/\/optimate1.com\/wp-content\/uploads\/2020\/12\/TUNE-power-supplyx2-768x126.png 768w, https:\/\/optimate1.com\/wp-content\/uploads\/2020\/12\/TUNE-power-supplyx2.png 856w\" sizes=\"auto, (max-width: 428px) 100vw, 428px\" \/><\/h6>\n<p>&nbsp;<\/p>\n<h6 style=\"text-align: center;\"><strong><span style=\"color: #10069f;\">Un programme enti\u00e8rement automatique en plusieurs \u00e9tapes am\u00e8ne la batterie \u00e0 pleine charge en toute s\u00e9curit\u00e9 &#8211; <\/span><\/strong><i><span style=\"color: #10069f;\">Connectez \u00e0 la batterie et l&#8217;OptiMate 7 Select fait le reste, aucune supervision n&#8217;est n\u00e9cessaire!<\/span><\/i><\/h6>\n<h6 style=\"text-align: center;\"><img loading=\"lazy\" decoding=\"async\" class=\"aligncenter wp-image-20876\" src=\"https:\/\/optimate1.com\/wp-content\/uploads\/2020\/12\/connect-save-charge-optimize-maintain-200.png\" alt=\"The fully automatic multi-step program to full charge the battery safely. \" width=\"428\" height=\"70\" \/><\/h6>\n<p>&nbsp;<\/p>\n<p>&nbsp;<\/p>\n<h4 style=\"text-align: center;\"><strong><span style=\"text-decoration: underline;\">PLUS DE CARACT\u00c9RISTIQUES:<\/span><\/strong><\/h4>\n<p style=\"text-align: center;\">\n<table id=\"tablepress-547\" class=\"tablepress tablepress-id-547\">\n<tbody class=\"row-hover\">\n<tr class=\"row-1\">\n\t<td class=\"column-1\"><a href=\"\"><img loading=\"lazy\" decoding=\"async\" src=\"https:\/\/optimate1.com\/wp-content\/uploads\/2023\/11\/TM370-batteries.png\" alt=\"\" width=\"300\" height=\"50\" class=\"aligncenter size-medium wp-image-20927\" \/><\/a><body><h6><center>Pour les d\u00e9marreurs automobiles 12V au plomb-acide (SLI), y compris STD (avec bouchons de remplissage), AGM, GEL (VRLA scell\u00e9) &amp; EFB et les types de batteries \u00e0 d\u00e9charge profonde.<\/body><\/h6><\/center><br \/>\n<\/td>\n<\/tr>\n<tr class=\"row-2\">\n\t<td class=\"column-1\"><a href=\"\"><img loading=\"lazy\" decoding=\"async\" src=\"https:\/\/optimate1.com\/wp-content\/uploads\/2020\/12\/Ampmatic-SFL200.png\" alt=\"\" width=\"300\" height=\"50\" class=\"aligncenter size-medium wp-image-20927\" \/><\/a><body><h6><center>Ajuste automatiquement le courant en fonction de la taille et de l'\u00e9tat de la batterie.<\/body><\/h6><\/center><br \/>\n<\/td>\n<\/tr>\n<tr class=\"row-3\">\n\t<td class=\"column-1\"><a href=\"\"><img loading=\"lazy\" decoding=\"async\" src=\"https:\/\/optimate1.com\/wp-content\/uploads\/2020\/12\/Ambient-SFL200-1.png\" alt=\"\" width=\"300\" height=\"50\" class=\"aligncenter size-medium wp-image-20928\" \/><\/a><body><h6><center>Compensation de la temp\u00e9rature : La tension est ajust\u00e9e \u00e0 la hausse lorsqu'il fait froid ou \u00e0 la baisse lorsqu'il fait chaud.<\/body><\/h6><\/center><\/td>\n<\/tr>\n<tr class=\"row-4\">\n\t<td class=\"column-1\"><a href=\"\"><img loading=\"lazy\" decoding=\"async\" src=\"https:\/\/optimate1.com\/wp-content\/uploads\/2020\/12\/SAFE-connected-x2-300x49.jpg\" alt=\"\" width=\"300\" height=\"50\" class=\"aligncenter size-medium wp-image-20995\" srcset=\"https:\/\/optimate1.com\/wp-content\/uploads\/2020\/12\/SAFE-connected-x2-300x49.jpg 300w, https:\/\/optimate1.com\/wp-content\/uploads\/2020\/12\/SAFE-connected-x2-600x98.jpg 600w, https:\/\/optimate1.com\/wp-content\/uploads\/2020\/12\/SAFE-connected-x2-64x10.jpg 64w, https:\/\/optimate1.com\/wp-content\/uploads\/2020\/12\/SAFE-connected-x2-768x126.jpg 768w, https:\/\/optimate1.com\/wp-content\/uploads\/2020\/12\/SAFE-connected-x2.jpg 856w\" sizes=\"auto, (max-width: 300px) 100vw, 300px\" \/><\/a><body><h6><center>Peut \u00eatre laiss\u00e9 branch\u00e9 en toute s\u00e9curit\u00e9. Protection \u00e9lectronique compl\u00e8te.<\/body><\/h6><\/center><\/td>\n<\/tr>\n<tr class=\"row-5\">\n\t<td class=\"column-1\"><a href=\"\"><img loading=\"lazy\" decoding=\"async\" src=\"https:\/\/optimate1.com\/wp-content\/uploads\/2020\/12\/24-7-x2-300x49.png\" alt=\"\" width=\"300\" height=\"50\" class=\"aligncenter size-medium wp-image-20982\" srcset=\"https:\/\/optimate1.com\/wp-content\/uploads\/2020\/12\/24-7-x2-300x49.png 300w, https:\/\/optimate1.com\/wp-content\/uploads\/2020\/12\/24-7-x2-600x98.png 600w, https:\/\/optimate1.com\/wp-content\/uploads\/2020\/12\/24-7-x2-64x10.png 64w, https:\/\/optimate1.com\/wp-content\/uploads\/2020\/12\/24-7-x2-768x126.png 768w, https:\/\/optimate1.com\/wp-content\/uploads\/2020\/12\/24-7-x2.png 856w\" sizes=\"auto, (max-width: 300px) 100vw, 300px\" \/><\/a><body><h6><center>Maintient la batterie en pleine charge et en bonne sant\u00e9.<\/center><\/h6><\/body><\/td>\n<\/tr>\n<tr class=\"row-6\">\n\t<td class=\"column-1\"><a href=\"\"><img loading=\"lazy\" decoding=\"async\" src=\"https:\/\/optimate1.com\/wp-content\/uploads\/2020\/12\/SAVE-dead-battery-x2-300x49.png\" alt=\"\" width=\"300\" height=\"50\" class=\"aligncenter size-medium wp-image-20993\" srcset=\"https:\/\/optimate1.com\/wp-content\/uploads\/2020\/12\/SAVE-dead-battery-x2-300x49.png 300w, https:\/\/optimate1.com\/wp-content\/uploads\/2020\/12\/SAVE-dead-battery-x2-64x10.png 64w, https:\/\/optimate1.com\/wp-content\/uploads\/2020\/12\/SAVE-dead-battery-x2.png 428w\" sizes=\"auto, (max-width: 300px) 100vw, 300px\" \/><\/a><body><h6><center>Sauve votre batterie \"morte\" \u00e0 partir d'une tension aussi basse que 0.5V<\/body><\/h6><\/center><\/td>\n<\/tr>\n<tr class=\"row-7\">\n\t<td class=\"column-1\"><a href=\"\"><img loading=\"lazy\" decoding=\"async\" src=\"https:\/\/optimate1.com\/wp-content\/uploads\/2020\/12\/state-of-health-test-3-LEDx2-300x49.png\" alt=\"\" width=\"300\" height=\"50\" class=\"aligncenter size-medium wp-image-20985\" srcset=\"https:\/\/optimate1.com\/wp-content\/uploads\/2020\/12\/state-of-health-test-3-LEDx2-300x49.png 300w, https:\/\/optimate1.com\/wp-content\/uploads\/2020\/12\/state-of-health-test-3-LEDx2-600x98.png 600w, https:\/\/optimate1.com\/wp-content\/uploads\/2020\/12\/state-of-health-test-3-LEDx2-64x10.png 64w, https:\/\/optimate1.com\/wp-content\/uploads\/2020\/12\/state-of-health-test-3-LEDx2-768x126.png 768w, https:\/\/optimate1.com\/wp-content\/uploads\/2020\/12\/state-of-health-test-3-LEDx2.png 856w\" sizes=\"auto, (max-width: 300px) 100vw, 300px\" \/><\/a><body><h6><center>Teste l'\u00e9tat de sant\u00e9 de la batterie.<\/body><\/h6><\/center><\/td>\n<\/tr>\n<tr class=\"row-8\">\n\t<td class=\"column-1\"><a href=\"\"><img loading=\"lazy\" decoding=\"async\" src=\"https:\/\/optimate1.com\/wp-content\/uploads\/2020\/12\/green-technology-hx2-1-300x49.png\" alt=\"\" width=\"300\" height=\"50\" class=\"aligncenter size-medium wp-image-20983\" \/><\/a><body><h6><center>50% d'\u00e9nergie en moins, 50% de co\u00fbt en moins<br \/>\n<strong>\u221a<\/strong> Correction du facteur de puissance<br \/>\n<strong>\u221a<\/strong> Rectification synchrone<\/body><\/h6><\/center><\/td>\n<\/tr>\n<tr class=\"row-9\">\n\t<td class=\"column-1\"><a href=\"\"><img loading=\"lazy\" decoding=\"async\" src=\"https:\/\/optimate1.com\/wp-content\/uploads\/2020\/12\/weatherproof-x2-300x49.png\" alt=\"\" width=\"300\" height=\"50\" class=\"aligncenter size-medium wp-image-21012\" srcset=\"https:\/\/optimate1.com\/wp-content\/uploads\/2020\/12\/weatherproof-x2-300x49.png 300w, https:\/\/optimate1.com\/wp-content\/uploads\/2020\/12\/weatherproof-x2-600x98.png 600w, https:\/\/optimate1.com\/wp-content\/uploads\/2020\/12\/weatherproof-x2-64x10.png 64w, https:\/\/optimate1.com\/wp-content\/uploads\/2020\/12\/weatherproof-x2-768x126.png 768w, https:\/\/optimate1.com\/wp-content\/uploads\/2020\/12\/weatherproof-x2.png 856w\" sizes=\"auto, (max-width: 300px) 100vw, 300px\" \/><\/a><body><h6><center>R\u00e9sistant aux intemp\u00e9ries. Pr\u00e9vu pour une utilisation jusqu'\u00e0 -40\u00b0C \/ -40\u00b0F<\/body><\/h6><\/center><\/td>\n<\/tr>\n<\/tbody>\n<\/table>\n<!-- #tablepress-547 from cache --><\/p>\n","protected":false},"excerpt":{"rendered":"<h3><span style=\"color: #947c4e;\">s\u00e9rie GOLD : syst\u00e8me permettant de sauver, de charger et d&#8217;assurer la maintenance d&#8217;une batterie scell\u00e9e de 12V 10A en 9 \u00e9tapes<\/span><\/h3>\n","protected":false},"featured_media":41866,"template":"","meta":[],"product_brand":[],"product_cat":[394],"product_tag":[],"class_list":{"0":"post-21567","1":"product","2":"type-product","3":"status-publish","4":"has-post-thumbnail","6":"product_cat-battery-chargers-fr","7":"pa_charge-battery-chemistry-pb-agm-gel-std-lead-acid-fr","8":"pa_charge-battery-more-12v-fr","9":"pa_charge-battery-more-4x4-aventure","10":"pa_charge-battery-more-avion-petit","11":"pa_charge-battery-more-bateau-motomarine","12":"pa_charge-battery-more-motorhome-caravane","13":"pa_charge-battery-more-optima-odyssey-fr-2","14":"pa_charge-battery-more-oldtimer","15":"pa_charge-battery-more-tracteur-construction","16":"pa_charge-battery-more-voiture-pick-up","17":"pa_power-ac-100-240vac-fr","18":"pa_product-group-optimate-7-fr","19":"pa_region-ca-fr","20":"pa_region-eu-fr-2","21":"pa_region-uk-fr-2","22":"pa_region-us-fr-2","23":"iside_voltage-12-fr","24":"iside_ampere-9-9-fr","25":"iside_vehicle-marine-fr","26":"iside_vehicle-voiture-haute-performance-voiture-de-course-fr","27":"iside_charger_series-gold-advanced-fr-2","28":"iside_charger_features-ajuster-la-tension-a-la-temperature-pour-le-plomb","29":"iside_charger_features-power-supply-tune-mode-fr","30":"iside_charger_features-maintenance-de-batterie-securisee-24-7","31":"iside_charger_features-save-sulphated-pb-lead-acid-fr","32":"iside_charger_type-single-fr","33":"iside_battery_voltage-12v-fr","34":"iside_battery_chemistry-pb-lead-acid-fr","35":"iside_battery_chemistry-premium-spiral-agm","36":"battery_charger_current-7-10a-fr","37":"battery_charger_current-ampmatic-1-to-10a-fr","38":"thunk-woo-product-list","39":"opn-qv-enable","40":"big-store-woo-hover-","41":"open-single-product-tab-horizontal","42":"open-shadow-","43":"open-shadow-hover-","45":"first","46":"instock","47":"shipping-taxable","48":"purchasable","49":"product-type-simple"},"yoast_head":"<!-- This site is optimized with the Yoast SEO plugin v27.2 - https:\/\/yoast.com\/product\/yoast-seo-wordpress\/ -->\n<title>OptiMate 7 Select - OptiMate<\/title>\n<meta name=\"description\" content=\"L&#039;OptiMate 7 Select est un 12V chargeur de batterie de voiture qui tire le potentiel maximum de votre batterie haute performance. Lisez plus!\" \/>\n<meta name=\"robots\" content=\"index, follow, max-snippet:-1, max-image-preview:large, max-video-preview:-1, noarchive\" \/>\n<link rel=\"canonical\" href=\"https:\/\/optimate1.com\/fr\/produit\/optimate-7-select-12v-chargeur-batterie-voiture\/\" \/>\n<meta property=\"og:locale\" content=\"fr_FR\" \/>\n<meta property=\"og:type\" content=\"article\" \/>\n<meta property=\"og:title\" content=\"OptiMate 7 Select - OptiMate\" \/>\n<meta property=\"og:description\" content=\"L&#039;OptiMate 7 Select est un 12V chargeur de batterie de voiture qui tire le potentiel maximum de votre batterie haute performance. Lisez plus!\" \/>\n<meta property=\"og:url\" content=\"https:\/\/optimate1.com\/fr\/produit\/optimate-7-select-12v-chargeur-batterie-voiture\/\" \/>\n<meta property=\"og:site_name\" content=\"OptiMate\" \/>\n<meta property=\"article:publisher\" content=\"https:\/\/www.facebook.com\/OptiMatebatterysavingcharger\/\" \/>\n<meta property=\"article:modified_time\" content=\"2026-03-30T09:53:30+00:00\" \/>\n<meta property=\"og:image\" content=\"https:\/\/optimate1.com\/wp-content\/uploads\/2026\/03\/OptiMate-7-Select-TM251-11-fr.png\" \/>\n\t<meta property=\"og:image:width\" content=\"1500\" \/>\n\t<meta property=\"og:image:height\" content=\"1500\" \/>\n\t<meta property=\"og:image:type\" content=\"image\/png\" \/>\n<meta name=\"twitter:card\" content=\"summary_large_image\" \/>\n<meta name=\"twitter:label1\" content=\"Dur\u00e9e de lecture estim\u00e9e\" \/>\n\t<meta name=\"twitter:data1\" content=\"2 minutes\" \/>\n<script type=\"application\/ld+json\" class=\"yoast-schema-graph\">{\"@context\":\"https:\/\/schema.org\",\"@graph\":[{\"@type\":\"WebPage\",\"@id\":\"https:\/\/optimate1.com\/fr\/produit\/optimate-7-select-12v-chargeur-batterie-voiture\/\",\"url\":\"https:\/\/optimate1.com\/fr\/produit\/optimate-7-select-12v-chargeur-batterie-voiture\/\",\"name\":\"OptiMate 7 Select - OptiMate\",\"isPartOf\":{\"@id\":\"https:\/\/optimate1.com\/#website\"},\"primaryImageOfPage\":{\"@id\":\"https:\/\/optimate1.com\/fr\/produit\/optimate-7-select-12v-chargeur-batterie-voiture\/#primaryimage\"},\"image\":{\"@id\":\"https:\/\/optimate1.com\/fr\/produit\/optimate-7-select-12v-chargeur-batterie-voiture\/#primaryimage\"},\"thumbnailUrl\":\"https:\/\/optimate1.com\/wp-content\/uploads\/2026\/03\/OptiMate-7-Select-TM251-11-fr.png\",\"datePublished\":\"2020-12-01T08:48:47+00:00\",\"dateModified\":\"2026-03-30T09:53:30+00:00\",\"description\":\"L'OptiMate 7 Select est un 12V chargeur de batterie de voiture qui tire le potentiel maximum de votre batterie haute performance. Lisez plus!\",\"breadcrumb\":{\"@id\":\"https:\/\/optimate1.com\/fr\/produit\/optimate-7-select-12v-chargeur-batterie-voiture\/#breadcrumb\"},\"inLanguage\":\"fr-FR\",\"potentialAction\":[{\"@type\":\"ReadAction\",\"target\":[\"https:\/\/optimate1.com\/fr\/produit\/optimate-7-select-12v-chargeur-batterie-voiture\/\"]}]},{\"@type\":\"ImageObject\",\"inLanguage\":\"fr-FR\",\"@id\":\"https:\/\/optimate1.com\/fr\/produit\/optimate-7-select-12v-chargeur-batterie-voiture\/#primaryimage\",\"url\":\"https:\/\/optimate1.com\/wp-content\/uploads\/2026\/03\/OptiMate-7-Select-TM251-11-fr.png\",\"contentUrl\":\"https:\/\/optimate1.com\/wp-content\/uploads\/2026\/03\/OptiMate-7-Select-TM251-11-fr.png\",\"width\":1500,\"height\":1500},{\"@type\":\"BreadcrumbList\",\"@id\":\"https:\/\/optimate1.com\/fr\/produit\/optimate-7-select-12v-chargeur-batterie-voiture\/#breadcrumb\",\"itemListElement\":[{\"@type\":\"ListItem\",\"position\":1,\"name\":\"Home\",\"item\":\"https:\/\/optimate1.com\/\"},{\"@type\":\"ListItem\",\"position\":2,\"name\":\"Produits\",\"item\":\"https:\/\/optimate1.com\/shop\/\"},{\"@type\":\"ListItem\",\"position\":3,\"name\":\"OptiMate 7 Select\"}]},{\"@type\":\"WebSite\",\"@id\":\"https:\/\/optimate1.com\/#website\",\"url\":\"https:\/\/optimate1.com\/\",\"name\":\"OptiMate\",\"description\":\"Battery Chargers &amp; Accessories\",\"publisher\":{\"@id\":\"https:\/\/optimate1.com\/#organization\"},\"potentialAction\":[{\"@type\":\"SearchAction\",\"target\":{\"@type\":\"EntryPoint\",\"urlTemplate\":\"https:\/\/optimate1.com\/?s={search_term_string}\"},\"query-input\":{\"@type\":\"PropertyValueSpecification\",\"valueRequired\":true,\"valueName\":\"search_term_string\"}}],\"inLanguage\":\"fr-FR\"},{\"@type\":\"Organization\",\"@id\":\"https:\/\/optimate1.com\/#organization\",\"name\":\"OptiMate\",\"url\":\"https:\/\/optimate1.com\/\",\"logo\":{\"@type\":\"ImageObject\",\"inLanguage\":\"fr-FR\",\"@id\":\"https:\/\/optimate1.com\/#\/schema\/logo\/image\/\",\"url\":\"https:\/\/optimate1.com\/wp-content\/uploads\/2021\/06\/optimate-hpbc-stacklogo.jpg\",\"contentUrl\":\"https:\/\/optimate1.com\/wp-content\/uploads\/2021\/06\/optimate-hpbc-stacklogo.jpg\",\"width\":1025,\"height\":529,\"caption\":\"OptiMate\"},\"image\":{\"@id\":\"https:\/\/optimate1.com\/#\/schema\/logo\/image\/\"},\"sameAs\":[\"https:\/\/www.facebook.com\/OptiMatebatterysavingcharger\/\"]}]}<\/script>\n<!-- \/ Yoast SEO plugin. -->","yoast_head_json":{"title":"OptiMate 7 Select - OptiMate","description":"L'OptiMate 7 Select est un 12V chargeur de batterie de voiture qui tire le potentiel maximum de votre batterie haute performance. Lisez plus!","robots":{"index":"index","follow":"follow","max-snippet":"max-snippet:-1","max-image-preview":"max-image-preview:large","max-video-preview":"max-video-preview:-1","archive":"noarchive"},"canonical":"https:\/\/optimate1.com\/fr\/produit\/optimate-7-select-12v-chargeur-batterie-voiture\/","og_locale":"fr_FR","og_type":"article","og_title":"OptiMate 7 Select - OptiMate","og_description":"L'OptiMate 7 Select est un 12V chargeur de batterie de voiture qui tire le potentiel maximum de votre batterie haute performance. Lisez plus!","og_url":"https:\/\/optimate1.com\/fr\/produit\/optimate-7-select-12v-chargeur-batterie-voiture\/","og_site_name":"OptiMate","article_publisher":"https:\/\/www.facebook.com\/OptiMatebatterysavingcharger\/","article_modified_time":"2026-03-30T09:53:30+00:00","og_image":[{"width":1500,"height":1500,"url":"https:\/\/optimate1.com\/wp-content\/uploads\/2026\/03\/OptiMate-7-Select-TM251-11-fr.png","type":"image\/png"}],"twitter_card":"summary_large_image","twitter_misc":{"Dur\u00e9e de lecture estim\u00e9e":"2 minutes"},"schema":{"@context":"https:\/\/schema.org","@graph":[{"@type":"WebPage","@id":"https:\/\/optimate1.com\/fr\/produit\/optimate-7-select-12v-chargeur-batterie-voiture\/","url":"https:\/\/optimate1.com\/fr\/produit\/optimate-7-select-12v-chargeur-batterie-voiture\/","name":"OptiMate 7 Select - OptiMate","isPartOf":{"@id":"https:\/\/optimate1.com\/#website"},"primaryImageOfPage":{"@id":"https:\/\/optimate1.com\/fr\/produit\/optimate-7-select-12v-chargeur-batterie-voiture\/#primaryimage"},"image":{"@id":"https:\/\/optimate1.com\/fr\/produit\/optimate-7-select-12v-chargeur-batterie-voiture\/#primaryimage"},"thumbnailUrl":"https:\/\/optimate1.com\/wp-content\/uploads\/2026\/03\/OptiMate-7-Select-TM251-11-fr.png","datePublished":"2020-12-01T08:48:47+00:00","dateModified":"2026-03-30T09:53:30+00:00","description":"L'OptiMate 7 Select est un 12V chargeur de batterie de voiture qui tire le potentiel maximum de votre batterie haute performance. Lisez plus!","breadcrumb":{"@id":"https:\/\/optimate1.com\/fr\/produit\/optimate-7-select-12v-chargeur-batterie-voiture\/#breadcrumb"},"inLanguage":"fr-FR","potentialAction":[{"@type":"ReadAction","target":["https:\/\/optimate1.com\/fr\/produit\/optimate-7-select-12v-chargeur-batterie-voiture\/"]}]},{"@type":"ImageObject","inLanguage":"fr-FR","@id":"https:\/\/optimate1.com\/fr\/produit\/optimate-7-select-12v-chargeur-batterie-voiture\/#primaryimage","url":"https:\/\/optimate1.com\/wp-content\/uploads\/2026\/03\/OptiMate-7-Select-TM251-11-fr.png","contentUrl":"https:\/\/optimate1.com\/wp-content\/uploads\/2026\/03\/OptiMate-7-Select-TM251-11-fr.png","width":1500,"height":1500},{"@type":"BreadcrumbList","@id":"https:\/\/optimate1.com\/fr\/produit\/optimate-7-select-12v-chargeur-batterie-voiture\/#breadcrumb","itemListElement":[{"@type":"ListItem","position":1,"name":"Home","item":"https:\/\/optimate1.com\/"},{"@type":"ListItem","position":2,"name":"Produits","item":"https:\/\/optimate1.com\/shop\/"},{"@type":"ListItem","position":3,"name":"OptiMate 7 Select"}]},{"@type":"WebSite","@id":"https:\/\/optimate1.com\/#website","url":"https:\/\/optimate1.com\/","name":"OptiMate","description":"Battery Chargers &amp; Accessories","publisher":{"@id":"https:\/\/optimate1.com\/#organization"},"potentialAction":[{"@type":"SearchAction","target":{"@type":"EntryPoint","urlTemplate":"https:\/\/optimate1.com\/?s={search_term_string}"},"query-input":{"@type":"PropertyValueSpecification","valueRequired":true,"valueName":"search_term_string"}}],"inLanguage":"fr-FR"},{"@type":"Organization","@id":"https:\/\/optimate1.com\/#organization","name":"OptiMate","url":"https:\/\/optimate1.com\/","logo":{"@type":"ImageObject","inLanguage":"fr-FR","@id":"https:\/\/optimate1.com\/#\/schema\/logo\/image\/","url":"https:\/\/optimate1.com\/wp-content\/uploads\/2021\/06\/optimate-hpbc-stacklogo.jpg","contentUrl":"https:\/\/optimate1.com\/wp-content\/uploads\/2021\/06\/optimate-hpbc-stacklogo.jpg","width":1025,"height":529,"caption":"OptiMate"},"image":{"@id":"https:\/\/optimate1.com\/#\/schema\/logo\/image\/"},"sameAs":["https:\/\/www.facebook.com\/OptiMatebatterysavingcharger\/"]}]}},"_links":{"self":[{"href":"https:\/\/optimate1.com\/fr\/wp-json\/wp\/v2\/product\/21567","targetHints":{"allow":["GET"]}}],"collection":[{"href":"https:\/\/optimate1.com\/fr\/wp-json\/wp\/v2\/product"}],"about":[{"href":"https:\/\/optimate1.com\/fr\/wp-json\/wp\/v2\/types\/product"}],"wp:featuredmedia":[{"embeddable":true,"href":"https:\/\/optimate1.com\/fr\/wp-json\/wp\/v2\/media\/41866"}],"wp:attachment":[{"href":"https:\/\/optimate1.com\/fr\/wp-json\/wp\/v2\/media?parent=21567"}],"wp:term":[{"taxonomy":"product_brand","embeddable":true,"href":"https:\/\/optimate1.com\/fr\/wp-json\/wp\/v2\/product_brand?post=21567"},{"taxonomy":"product_cat","embeddable":true,"href":"https:\/\/optimate1.com\/fr\/wp-json\/wp\/v2\/product_cat?post=21567"},{"taxonomy":"product_tag","embeddable":true,"href":"https:\/\/optimate1.com\/fr\/wp-json\/wp\/v2\/product_tag?post=21567"}],"curies":[{"name":"wp","href":"https:\/\/api.w.org\/{rel}","templated":true}]}}