{"id":23209,"date":"2021-01-25T04:34:45","date_gmt":"2021-01-25T09:34:45","guid":{"rendered":"https:\/\/optimate1.com\/product\/optimate-solar-80w-solar-panel-fr\/"},"modified":"2026-03-16T11:04:49","modified_gmt":"2026-03-16T15:04:49","slug":"optimate-solar-80w-travel-kit-chargeur-de-batterie-solaire","status":"publish","type":"product","link":"https:\/\/optimate1.com\/fr\/produit\/optimate-solar-80w-travel-kit-chargeur-de-batterie-solaire\/","title":{"rendered":"OptiMate Solar 80W Travel Kit"},"content":{"rendered":"<h6 style=\"text-align: center;\"><strong><span style=\"color: #10069f;\">OptiMate Solar 80W est le chargeur intelligent aliment\u00e9 par le soleil 24h\/24 et 7j\/7 &amp; maintenance pour toutes les batteries plomb-acide 12V. <\/span><\/strong><i><span style=\"color: #10069f;\">Id\u00e9al pour les batteries que l&#8217;on trouve dans ces v\u00e9hicules.<\/span><\/i><\/h6>\n<h6 style=\"text-align: center;\"><img loading=\"lazy\" decoding=\"async\" class=\"aligncenter wp-image-20668\" src=\"https:\/\/optimate1.com\/wp-content\/uploads\/2021\/01\/Vehicle-range-Solar-60WTK80WTK-01.png\" alt=\"The solar battery charger RV is for recommended for cars, 4x4 cars, RV, maritime and light aircraft\" width=\"428\" height=\"66\" \/><\/h6>\n<p>&nbsp;<\/p>\n<h6 style=\"text-align: center;\"><strong><span style=\"color: #10069f;\">Le contr\u00f4leur de charge intelligent ajuste automatiquement la charge en fonction du type et de l&#8217;\u00e9tat de la batterie. <\/span><\/strong><i><span style=\"color: #10069f;\">Le contr\u00f4le intelligent d&#8217;OptiMate Solar garantit une plus longue dur\u00e9e de vie de la batterie et plus de puissance!<\/span><\/i><\/h6>\n<h6 style=\"text-align: center;\"><img loading=\"lazy\" decoding=\"async\" class=\"aligncenter wp-image-20876\" src=\"https:\/\/optimate1.com\/wp-content\/uploads\/2021\/01\/Smart-control-copy-01-scaled.jpg\" alt=\"The smart charge controller automatically adjusts charge according to battery type and condition. \" width=\"428\" height=\"70\" \/><\/h6>\n<p>&nbsp;<\/p>\n<h6 style=\"text-align: center;\"><strong><span style=\"color: #10069f;\">Le programme enti\u00e8rement automatique en plusieurs \u00e9tapes du contr\u00f4leur am\u00e8ne la batterie \u00e0 pleine charge en toute s\u00e9curit\u00e9. <\/span><\/strong><span style=\"color: #10069f;\"><i style=\"caret-color: #10069f;\">Connectez la batterie et l&#8217;OptiMate Solar DUO 80W fait le reste, aucune supervision n&#8217;est n\u00e9cessaire!<\/i><\/span><\/h6>\n<h6 style=\"text-align: center;\"><img loading=\"lazy\" decoding=\"async\" class=\"aligncenter wp-image-20876\" src=\"https:\/\/optimate1.com\/wp-content\/uploads\/2021\/01\/SAVE-CHARGE-MAINTAIN-Solar-DUO-10W.png\" alt=\"The fully automatic multi-step program of the controller brings the battery to full charge. \" width=\"428\" height=\"70\" \/><\/h6>\n<p>&nbsp;<\/p>\n<h6 style=\"text-align: center;\"><strong><span style=\"color: #10069f;\">Ce kit de voyage inclut des composants de qualit\u00e9 haut de gamme 1) sac de voyage 2) panneau solaire polycristallin, avec pied r\u00e9glable! 3) contr\u00f4leur OptiMate Solar 4) pinces de batterie O-04 5) fil de batterie O-01 &#8211; <\/span><\/strong><i><span style=\"color: #10069f;\">pour une exp\u00e9rience de chargement solaire compl\u00e8te!<\/span><\/i><\/h6>\n<h6 style=\"text-align: center;\"><img loading=\"lazy\" decoding=\"async\" class=\"aligncenter wp-image-20876\" src=\"https:\/\/optimate1.com\/wp-content\/uploads\/2021\/01\/Travel-Kit-included-60W-01-scaled.jpg\" alt=\"The solar battery charger RV includes premium quality components: polycristalline solar panel, travel bag, OptiMate Solar Duo controller, O-04 battery clips and O-01 battery lead. \" width=\"428\" height=\"70\" \/><\/h6>\n<p>&nbsp;<\/p>\n<h6 style=\"text-align: center;\"><strong><span style=\"color: #10069f;\">Ce kit de voyage inclut des composants de qualit\u00e9 haut de gamme 1) sac de voyage 2) panneau solaire polycristallin, avec pied r\u00e9glable! 3) contr\u00f4leur OptiMate Solar 4) pinces de batterie O-04 5) fil de batterie O-01 &#8211; <\/span><\/strong><em><span style=\"color: #10069f;\">pour une exp\u00e9rience de chargement solaire compl\u00e8te!<\/span><\/em><\/h6>\n<p>&nbsp;<\/p>\n<h4 style=\"text-align: center;\"><strong><span style=\"text-decoration: underline;\">PLUS DE CARACT\u00c9RISTIQUES:<\/span><\/strong><\/h4>\n<p style=\"text-align: center;\">\n<table id=\"tablepress-594\" class=\"tablepress tablepress-id-594\">\n<tbody class=\"row-hover\">\n<tr class=\"row-1\">\n\t<td class=\"column-1\"><a href=\"\"><img loading=\"lazy\" decoding=\"async\" src=\"https:\/\/optimate1.com\/wp-content\/uploads\/2023\/11\/OptiMate-solar-batteries.png\" alt=\"\" width=\"300\" height=\"50\" class=\"aligncenter size-medium wp-image-20927\" \/><\/a><body><h6><center>Pour les batteries plomb-acide (Pb) 12V, y compris STD (avec bouchons de remplissage), AGM et GEL (VRLA scell\u00e9).<\/body><\/h6><\/center><br \/>\n<\/td>\n<\/tr>\n<tr class=\"row-2\">\n\t<td class=\"column-1\"><a href=\"\"><img loading=\"lazy\" decoding=\"async\" src=\"https:\/\/optimate1.com\/wp-content\/uploads\/2021\/01\/SMART-dual-conversion.png\" alt=\"\" width=\"300\" height=\"50\" class=\"aligncenter size-medium wp-image-20928\" \/><\/a><body><h6><center>Convertit l'\u00e9nergie solaire faible en une charge \u00e0 impulsions efficace.<\/body><\/h6><\/center><\/td>\n<\/tr>\n<tr class=\"row-3\">\n\t<td class=\"column-1\"><a href=\"\"><img loading=\"lazy\" decoding=\"async\" src=\"https:\/\/optimate1.com\/wp-content\/uploads\/2021\/01\/MONITOR-01-1.png\" alt=\"\" width=\"300\" height=\"50\" class=\"aligncenter size-medium wp-image-20995\" \/><\/a><body><h6><center>JOUR : Charge et entretien. NUIT : contr\u00f4le du niveau de charge.<\/body><\/h6><\/center><\/td>\n<\/tr>\n<tr class=\"row-4\">\n\t<td class=\"column-1\"><a href=\"\"><img loading=\"lazy\" decoding=\"async\" src=\"https:\/\/optimate1.com\/wp-content\/uploads\/2021\/01\/safe-solar-connection-01-scaled.jpg\" alt=\"\" width=\"300\" height=\"50\" class=\"aligncenter size-medium wp-image-20982\" \/><\/a><body><h6><center>Peut \u00eatre laiss\u00e9 branch\u00e9 en toute s\u00e9curit\u00e9. Protection \u00e9lectronique compl\u00e8te. <\/center><\/h6><\/body><\/td>\n<\/tr>\n<tr class=\"row-5\">\n\t<td class=\"column-1\"><a href=\"\"><img loading=\"lazy\" decoding=\"async\" src=\"https:\/\/optimate1.com\/wp-content\/uploads\/2021\/01\/Saves-from-as-low-as-1V-60W80W-01.png\" alt=\"\" width=\"300\" height=\"50\" class=\"aligncenter size-medium wp-image-20993\" \/><\/a><body><h6><center>Sauve votre batterie \"morte\" \u00e0 partir d'une tension aussi basse que 1V.<\/body><\/h6><\/center><\/td>\n<\/tr>\n<tr class=\"row-6\">\n\t<td class=\"column-1\"><a href=\"\"><img loading=\"lazy\" decoding=\"async\" src=\"https:\/\/optimate1.com\/wp-content\/uploads\/2021\/01\/Monitors-STD-battery-state-of-charge-01-scaled.jpg\" alt=\"\" width=\"300\" height=\"50\" class=\"aligncenter size-medium wp-image-20985\" \/><\/a><body><h6><center>Affiche l'\u00e9tat de charge de la batterie.<\/body><\/h6><\/center><\/td>\n<\/tr>\n<tr class=\"row-7\">\n\t<td class=\"column-1\"><a href=\"\"><img loading=\"lazy\" decoding=\"async\" src=\"https:\/\/optimate1.com\/wp-content\/uploads\/2020\/12\/green-technology-hx2-1-300x49.png\" alt=\"\" width=\"300\" height=\"50\" class=\"aligncenter size-medium wp-image-20983\" \/><\/a><body><h6><center>Technologie d'\u00e9conomie d'\u00e9nergie.<br \/>\n<strong>\u221a<\/strong> Double conversion efficace.<br \/>\n<strong>\u221a<\/strong> Entretien complet 24 heures sur 24 et 7 jours sur 7.<\/body><\/h6><\/center><\/td>\n<\/tr>\n<tr class=\"row-8\">\n\t<td class=\"column-1\"><a href=\"\"><img loading=\"lazy\" decoding=\"async\" src=\"https:\/\/optimate1.com\/wp-content\/uploads\/2021\/01\/Weatherproof-Solar-01.png\" alt=\"\" width=\"300\" height=\"50\" class=\"aligncenter size-medium wp-image-21012\" \/><\/a><body><h6><center>Werkt in alle weersomstandigheden!<\/body><\/h6><\/center><\/td>\n<\/tr>\n<tr class=\"row-9\">\n\t<td class=\"column-1\"><a href=\"\"><img loading=\"lazy\" decoding=\"async\" src=\"https:\/\/optimate1.com\/wp-content\/uploads\/2021\/01\/Weatherproof-Solar-01.png\" alt=\"\" width=\"300\" height=\"50\" class=\"aligncenter size-medium wp-image-21012\" \/><\/a><body><h6><center>Fonctionne par tous les temps !<\/body><\/h6><\/center><\/td>\n<\/tr>\n<\/tbody>\n<\/table>\n<!-- #tablepress-594 from cache --><\/p>\n<h4 style=\"text-align: center;\"><strong><span style=\"text-decoration: underline;\">EN SAVOIR PLUS SUR SOLAR:<\/span><\/strong><\/h4>\n<p style=\"text-align: center;\"><a href=\"https:\/\/optimate1.com\/fr\/solar\/\">https:\/\/optimate1.com\/solar\/<\/a><\/p>\n","protected":false},"excerpt":{"rendered":"<h3><span style=\"color: #cd202c;\">Chargeur-Mainteneur-R\u00e9cup\u00e9rateur de batterie solaire \u00e9tanche 12V 6.67A en 6 \u00e9tapes<\/span><\/h3>\n","protected":false},"featured_media":30109,"template":"","meta":[],"product_brand":[],"product_cat":[394],"product_tag":[],"class_list":{"0":"post-23209","1":"product","2":"type-product","3":"status-publish","4":"has-post-thumbnail","6":"product_cat-battery-chargers-fr","7":"pa_charge-battery-chemistry-pb-agm-gel-std-lead-acid-fr","8":"pa_charge-battery-chemistry-pb-li-both-above-fr","9":"pa_charge-battery-more-12v-fr","10":"pa_charge-battery-more-4x4-aventure","11":"pa_charge-battery-more-bateau-motomarine","12":"pa_charge-battery-more-deep-prolonge-industriel","13":"pa_charge-battery-more-motorhome-caravane","14":"pa_charge-battery-more-tracteur-construction","15":"pa_power-solar-fr","16":"pa_product-group-optimate-solar-fr","17":"pa_region-ca-fr","18":"pa_region-eu-fr-2","19":"pa_region-uk-fr-2","20":"pa_region-us-fr-2","21":"iside_voltage-12-fr","22":"iside_ampere-6-67-fr","23":"iside_vehicle-marine-fr","24":"iside_vehicle-rv-caravan-fr","25":"iside_charger_series-off-grid-eco-fr","26":"iside_charger_features-maintenance-de-batterie-securisee-24-7","27":"iside_charger_features-save-sulphated-pb-lead-acid-fr","28":"iside_charger_type-solar-fr","29":"iside_battery_voltage-12v-fr","30":"iside_battery_chemistry-pb-lead-acid-fr","31":"thunk-woo-product-list","32":"opn-qv-enable","33":"big-store-woo-hover-","34":"open-single-product-tab-horizontal","35":"open-shadow-","36":"open-shadow-hover-","38":"first","39":"instock","40":"featured","41":"shipping-taxable","42":"purchasable","43":"product-type-simple"},"yoast_head":"<!-- This site is optimized with the Yoast SEO plugin v27.2 - https:\/\/yoast.com\/product\/yoast-seo-wordpress\/ -->\n<title>OptiMate Solar 80W Travel Kit - OptiMate<\/title>\n<meta name=\"description\" content=\"L&#039;OptiMate Solar 80W Travel Kit est un chargeur de batterie solaire pour toutes les batteries de 12V au plomb-acide. Lisez la suite!\" \/>\n<meta name=\"robots\" content=\"index, follow, max-snippet:-1, max-image-preview:large, max-video-preview:-1, noarchive\" \/>\n<link rel=\"canonical\" href=\"https:\/\/optimate1.com\/product\/tm523-8-tk\/\" \/>\n<meta property=\"og:locale\" content=\"fr_FR\" \/>\n<meta property=\"og:type\" content=\"article\" \/>\n<meta property=\"og:title\" content=\"OptiMate Solar 80W Travel Kit - OptiMate\" \/>\n<meta property=\"og:description\" content=\"L&#039;OptiMate Solar 80W Travel Kit est un chargeur de batterie solaire pour toutes les batteries de 12V au plomb-acide. Lisez la suite!\" \/>\n<meta property=\"og:url\" content=\"https:\/\/optimate1.com\/product\/tm523-8-tk\/\" \/>\n<meta property=\"og:site_name\" content=\"OptiMate\" \/>\n<meta property=\"article:publisher\" content=\"https:\/\/www.facebook.com\/OptiMatebatterysavingcharger\/\" \/>\n<meta property=\"article:modified_time\" content=\"2026-03-16T15:04:49+00:00\" \/>\n<meta property=\"og:image\" content=\"https:\/\/optimate1.com\/wp-content\/uploads\/2021\/01\/OptiMate-Solar-Panel-80W-Kit-TM523-8TK-im1-orange-corner-fr.png\" \/>\n\t<meta property=\"og:image:width\" content=\"900\" \/>\n\t<meta property=\"og:image:height\" content=\"900\" \/>\n\t<meta property=\"og:image:type\" content=\"image\/png\" \/>\n<meta name=\"twitter:card\" content=\"summary_large_image\" \/>\n<meta name=\"twitter:label1\" content=\"Dur\u00e9e de lecture estim\u00e9e\" \/>\n\t<meta name=\"twitter:data1\" content=\"2 minutes\" \/>\n<script type=\"application\/ld+json\" class=\"yoast-schema-graph\">{\"@context\":\"https:\/\/schema.org\",\"@graph\":[{\"@type\":\"WebPage\",\"@id\":\"https:\/\/optimate1.com\/product\/tm523-8-tk\/\",\"url\":\"https:\/\/optimate1.com\/product\/tm523-8-tk\/\",\"name\":\"OptiMate Solar 80W Travel Kit - OptiMate\",\"isPartOf\":{\"@id\":\"https:\/\/optimate1.com\/#website\"},\"primaryImageOfPage\":{\"@id\":\"https:\/\/optimate1.com\/product\/tm523-8-tk\/#primaryimage\"},\"image\":{\"@id\":\"https:\/\/optimate1.com\/product\/tm523-8-tk\/#primaryimage\"},\"thumbnailUrl\":\"https:\/\/optimate1.com\/wp-content\/uploads\/2021\/01\/OptiMate-Solar-Panel-80W-Kit-TM523-8TK-im1-orange-corner-fr.png\",\"datePublished\":\"2021-01-25T09:34:45+00:00\",\"dateModified\":\"2026-03-16T15:04:49+00:00\",\"description\":\"L'OptiMate Solar 80W Travel Kit est un chargeur de batterie solaire pour toutes les batteries de 12V au plomb-acide. Lisez la suite!\",\"breadcrumb\":{\"@id\":\"https:\/\/optimate1.com\/product\/tm523-8-tk\/#breadcrumb\"},\"inLanguage\":\"fr-FR\",\"potentialAction\":[{\"@type\":\"ReadAction\",\"target\":[\"https:\/\/optimate1.com\/product\/tm523-8-tk\/\"]}]},{\"@type\":\"ImageObject\",\"inLanguage\":\"fr-FR\",\"@id\":\"https:\/\/optimate1.com\/product\/tm523-8-tk\/#primaryimage\",\"url\":\"https:\/\/optimate1.com\/wp-content\/uploads\/2021\/01\/OptiMate-Solar-Panel-80W-Kit-TM523-8TK-im1-orange-corner-fr.png\",\"contentUrl\":\"https:\/\/optimate1.com\/wp-content\/uploads\/2021\/01\/OptiMate-Solar-Panel-80W-Kit-TM523-8TK-im1-orange-corner-fr.png\",\"width\":900,\"height\":900,\"caption\":\"chargeur de batterie solaire image du produit\"},{\"@type\":\"BreadcrumbList\",\"@id\":\"https:\/\/optimate1.com\/product\/tm523-8-tk\/#breadcrumb\",\"itemListElement\":[{\"@type\":\"ListItem\",\"position\":1,\"name\":\"Home\",\"item\":\"https:\/\/optimate1.com\/\"},{\"@type\":\"ListItem\",\"position\":2,\"name\":\"Produits\",\"item\":\"https:\/\/optimate1.com\/shop\/\"},{\"@type\":\"ListItem\",\"position\":3,\"name\":\"OptiMate Solar 80W Travel Kit\"}]},{\"@type\":\"WebSite\",\"@id\":\"https:\/\/optimate1.com\/#website\",\"url\":\"https:\/\/optimate1.com\/\",\"name\":\"OptiMate\",\"description\":\"Battery Chargers &amp; Accessories\",\"publisher\":{\"@id\":\"https:\/\/optimate1.com\/#organization\"},\"potentialAction\":[{\"@type\":\"SearchAction\",\"target\":{\"@type\":\"EntryPoint\",\"urlTemplate\":\"https:\/\/optimate1.com\/?s={search_term_string}\"},\"query-input\":{\"@type\":\"PropertyValueSpecification\",\"valueRequired\":true,\"valueName\":\"search_term_string\"}}],\"inLanguage\":\"fr-FR\"},{\"@type\":\"Organization\",\"@id\":\"https:\/\/optimate1.com\/#organization\",\"name\":\"OptiMate\",\"url\":\"https:\/\/optimate1.com\/\",\"logo\":{\"@type\":\"ImageObject\",\"inLanguage\":\"fr-FR\",\"@id\":\"https:\/\/optimate1.com\/#\/schema\/logo\/image\/\",\"url\":\"https:\/\/optimate1.com\/wp-content\/uploads\/2021\/06\/optimate-hpbc-stacklogo.jpg\",\"contentUrl\":\"https:\/\/optimate1.com\/wp-content\/uploads\/2021\/06\/optimate-hpbc-stacklogo.jpg\",\"width\":1025,\"height\":529,\"caption\":\"OptiMate\"},\"image\":{\"@id\":\"https:\/\/optimate1.com\/#\/schema\/logo\/image\/\"},\"sameAs\":[\"https:\/\/www.facebook.com\/OptiMatebatterysavingcharger\/\"]}]}<\/script>\n<!-- \/ Yoast SEO plugin. -->","yoast_head_json":{"title":"OptiMate Solar 80W Travel Kit - OptiMate","description":"L'OptiMate Solar 80W Travel Kit est un chargeur de batterie solaire pour toutes les batteries de 12V au plomb-acide. Lisez la suite!","robots":{"index":"index","follow":"follow","max-snippet":"max-snippet:-1","max-image-preview":"max-image-preview:large","max-video-preview":"max-video-preview:-1","archive":"noarchive"},"canonical":"https:\/\/optimate1.com\/product\/tm523-8-tk\/","og_locale":"fr_FR","og_type":"article","og_title":"OptiMate Solar 80W Travel Kit - OptiMate","og_description":"L'OptiMate Solar 80W Travel Kit est un chargeur de batterie solaire pour toutes les batteries de 12V au plomb-acide. Lisez la suite!","og_url":"https:\/\/optimate1.com\/product\/tm523-8-tk\/","og_site_name":"OptiMate","article_publisher":"https:\/\/www.facebook.com\/OptiMatebatterysavingcharger\/","article_modified_time":"2026-03-16T15:04:49+00:00","og_image":[{"width":900,"height":900,"url":"https:\/\/optimate1.com\/wp-content\/uploads\/2021\/01\/OptiMate-Solar-Panel-80W-Kit-TM523-8TK-im1-orange-corner-fr.png","type":"image\/png"}],"twitter_card":"summary_large_image","twitter_misc":{"Dur\u00e9e de lecture estim\u00e9e":"2 minutes"},"schema":{"@context":"https:\/\/schema.org","@graph":[{"@type":"WebPage","@id":"https:\/\/optimate1.com\/product\/tm523-8-tk\/","url":"https:\/\/optimate1.com\/product\/tm523-8-tk\/","name":"OptiMate Solar 80W Travel Kit - OptiMate","isPartOf":{"@id":"https:\/\/optimate1.com\/#website"},"primaryImageOfPage":{"@id":"https:\/\/optimate1.com\/product\/tm523-8-tk\/#primaryimage"},"image":{"@id":"https:\/\/optimate1.com\/product\/tm523-8-tk\/#primaryimage"},"thumbnailUrl":"https:\/\/optimate1.com\/wp-content\/uploads\/2021\/01\/OptiMate-Solar-Panel-80W-Kit-TM523-8TK-im1-orange-corner-fr.png","datePublished":"2021-01-25T09:34:45+00:00","dateModified":"2026-03-16T15:04:49+00:00","description":"L'OptiMate Solar 80W Travel Kit est un chargeur de batterie solaire pour toutes les batteries de 12V au plomb-acide. Lisez la suite!","breadcrumb":{"@id":"https:\/\/optimate1.com\/product\/tm523-8-tk\/#breadcrumb"},"inLanguage":"fr-FR","potentialAction":[{"@type":"ReadAction","target":["https:\/\/optimate1.com\/product\/tm523-8-tk\/"]}]},{"@type":"ImageObject","inLanguage":"fr-FR","@id":"https:\/\/optimate1.com\/product\/tm523-8-tk\/#primaryimage","url":"https:\/\/optimate1.com\/wp-content\/uploads\/2021\/01\/OptiMate-Solar-Panel-80W-Kit-TM523-8TK-im1-orange-corner-fr.png","contentUrl":"https:\/\/optimate1.com\/wp-content\/uploads\/2021\/01\/OptiMate-Solar-Panel-80W-Kit-TM523-8TK-im1-orange-corner-fr.png","width":900,"height":900,"caption":"chargeur de batterie solaire image du produit"},{"@type":"BreadcrumbList","@id":"https:\/\/optimate1.com\/product\/tm523-8-tk\/#breadcrumb","itemListElement":[{"@type":"ListItem","position":1,"name":"Home","item":"https:\/\/optimate1.com\/"},{"@type":"ListItem","position":2,"name":"Produits","item":"https:\/\/optimate1.com\/shop\/"},{"@type":"ListItem","position":3,"name":"OptiMate Solar 80W Travel Kit"}]},{"@type":"WebSite","@id":"https:\/\/optimate1.com\/#website","url":"https:\/\/optimate1.com\/","name":"OptiMate","description":"Battery Chargers &amp; Accessories","publisher":{"@id":"https:\/\/optimate1.com\/#organization"},"potentialAction":[{"@type":"SearchAction","target":{"@type":"EntryPoint","urlTemplate":"https:\/\/optimate1.com\/?s={search_term_string}"},"query-input":{"@type":"PropertyValueSpecification","valueRequired":true,"valueName":"search_term_string"}}],"inLanguage":"fr-FR"},{"@type":"Organization","@id":"https:\/\/optimate1.com\/#organization","name":"OptiMate","url":"https:\/\/optimate1.com\/","logo":{"@type":"ImageObject","inLanguage":"fr-FR","@id":"https:\/\/optimate1.com\/#\/schema\/logo\/image\/","url":"https:\/\/optimate1.com\/wp-content\/uploads\/2021\/06\/optimate-hpbc-stacklogo.jpg","contentUrl":"https:\/\/optimate1.com\/wp-content\/uploads\/2021\/06\/optimate-hpbc-stacklogo.jpg","width":1025,"height":529,"caption":"OptiMate"},"image":{"@id":"https:\/\/optimate1.com\/#\/schema\/logo\/image\/"},"sameAs":["https:\/\/www.facebook.com\/OptiMatebatterysavingcharger\/"]}]}},"_links":{"self":[{"href":"https:\/\/optimate1.com\/fr\/wp-json\/wp\/v2\/product\/23209","targetHints":{"allow":["GET"]}}],"collection":[{"href":"https:\/\/optimate1.com\/fr\/wp-json\/wp\/v2\/product"}],"about":[{"href":"https:\/\/optimate1.com\/fr\/wp-json\/wp\/v2\/types\/product"}],"wp:featuredmedia":[{"embeddable":true,"href":"https:\/\/optimate1.com\/fr\/wp-json\/wp\/v2\/media\/30109"}],"wp:attachment":[{"href":"https:\/\/optimate1.com\/fr\/wp-json\/wp\/v2\/media?parent=23209"}],"wp:term":[{"taxonomy":"product_brand","embeddable":true,"href":"https:\/\/optimate1.com\/fr\/wp-json\/wp\/v2\/product_brand?post=23209"},{"taxonomy":"product_cat","embeddable":true,"href":"https:\/\/optimate1.com\/fr\/wp-json\/wp\/v2\/product_cat?post=23209"},{"taxonomy":"product_tag","embeddable":true,"href":"https:\/\/optimate1.com\/fr\/wp-json\/wp\/v2\/product_tag?post=23209"}],"curies":[{"name":"wp","href":"https:\/\/api.w.org\/{rel}","templated":true}]}}