{"id":23403,"date":"2021-01-14T03:59:04","date_gmt":"2021-01-14T08:59:04","guid":{"rendered":"https:\/\/optimate1.com\/product\/optimate-solar-10w-solar-panel-fr\/"},"modified":"2026-01-27T08:08:57","modified_gmt":"2026-01-27T13:08:57","slug":"optimate-solar-duo-10-chargeur-panneau-solaire","status":"publish","type":"product","link":"https:\/\/optimate1.com\/fr\/produit\/optimate-solar-duo-10-chargeur-panneau-solaire\/","title":{"rendered":"OptiMate Solar DUO 10W"},"content":{"rendered":"<h6 style=\"text-align: center;\"><strong><span style=\"color: #10069f;\">OptiMate Solar DUO 10W est le chargeur intelligent aliment\u00e9 par le soleil &amp; pour toutes les batteries 12V.<\/span><\/strong><\/h6>\n<h6 style=\"text-align: center;\"><a href=\"https:\/\/optimate1.com\/wp-content\/uploads\/2021\/02\/DUO-concept.png\"><img loading=\"lazy\" decoding=\"async\" class=\"aligncenter wp-image-23033 size-full\" src=\"https:\/\/optimate1.com\/wp-content\/uploads\/2021\/02\/DUO-concept.png\" alt=\"The optimate 1 duo adapts automatically to the connected battery type: Lithium or standard.\" width=\"428\" height=\"98\" srcset=\"https:\/\/optimate1.com\/wp-content\/uploads\/2021\/02\/DUO-concept.png 428w, https:\/\/optimate1.com\/wp-content\/uploads\/2021\/02\/DUO-concept-64x15.png 64w, https:\/\/optimate1.com\/wp-content\/uploads\/2021\/02\/DUO-concept-300x69.png 300w\" sizes=\"auto, (max-width: 428px) 100vw, 428px\" \/><\/a><\/h6>\n<p>&nbsp;<\/p>\n<h6 style=\"text-align: center;\"><strong><span style=\"color: #10069f;\">Id\u00e9al pour les batteries de ces v\u00e9hicules.<\/span><\/strong><\/h6>\n<h6 style=\"text-align: center;\"><img loading=\"lazy\" decoding=\"async\" class=\"aligncenter wp-image-20668\" src=\"https:\/\/optimate1.com\/wp-content\/uploads\/2021\/01\/Vehicle-range-Solar-DUO-10W-01.png\" alt=\"The 12V solar battery charger is recommended for ATV, motorcycles, jet skis, cars and lawn mowers. \" width=\"428\" height=\"66\" \/><\/h6>\n<p>&nbsp;<\/p>\n<h6 style=\"text-align: center;\"><strong><span style=\"color: #10069f;\">Le contr\u00f4leur de charge intelligent ajuste automatiquement la charge en fonction du type et de l&#8217;\u00e9tat de la batterie &#8211; <\/span><\/strong><em><span style=\"color: #10069f;\">Le contr\u00f4le intelligent de l&#8217;OptiMate Solar DUO garantit une plus longue dur\u00e9e de vie de la batterie et plus de puissance!<\/span><\/em><\/h6>\n<h6 style=\"text-align: center;\"><img loading=\"lazy\" decoding=\"async\" class=\"aligncenter wp-image-20876\" src=\"https:\/\/optimate1.com\/wp-content\/uploads\/2021\/01\/Smart-control-scaled.jpg\" alt=\"The smart charge controller automatically adjusts charge according to battery type and condition. \" width=\"428\" height=\"70\" \/><\/h6>\n<p>&nbsp;<\/p>\n<h6 style=\"text-align: center;\"><strong><span style=\"color: #10069f;\">Le programme enti\u00e8rement automatique en plusieurs \u00e9tapes du contr\u00f4leur am\u00e8ne la batterie \u00e0 pleine charge en toute s\u00e9curit\u00e9 &#8211; <\/span><\/strong><span style=\"color: #10069f;\"><i style=\"caret-color: #10069f;\">Connectez \u00e0 la batterie et OptiMate Solar DUO 10W fait le reste, aucune supervision n&#8217;est n\u00e9cessaire!<\/i><\/span><\/h6>\n<h6 style=\"text-align: center;\"><img loading=\"lazy\" decoding=\"async\" class=\"aligncenter wp-image-20876\" src=\"https:\/\/optimate1.com\/wp-content\/uploads\/2021\/01\/SAVE-CHARGE-MAINTAIN-Solar-DUO-10W.png\" alt=\"The fully automatic multi-step program of the controller brings the battery to full charge. \" width=\"428\" height=\"70\" \/><\/h6>\n<p>&nbsp;<\/p>\n<p>&nbsp;<\/p>\n<h4 style=\"text-align: center;\"><strong><span style=\"text-decoration: underline;\">PLUS DE CARACT\u00c9RISTIQUES:<\/span><\/strong><\/h4>\n<p style=\"text-align: center;\">\n<table id=\"tablepress-590\" class=\"tablepress tablepress-id-590\">\n<tbody class=\"row-hover\">\n<tr class=\"row-1\">\n\t<td class=\"column-1\"><a href=\"\"><img loading=\"lazy\" decoding=\"async\" src=\"https:\/\/optimate1.com\/wp-content\/uploads\/2023\/09\/1DUO-batteries-copy-2.png\" alt=\"\" width=\"300\" height=\"50\" class=\"aligncenter size-medium wp-image-20927\" \/><\/a><body><h6><center>Pour tous les types de batteries de sport 12V, y compris les batteries plomb-acide (Pb) > STD (avec bouchons de remplissage), AGM &amp; GEL (VRLA scell\u00e9) et Li-Ion fabriqu\u00e9es avec la technologie LiFePO4 \/ LFP.<\/body><\/h6><\/center><br \/>\n<\/td>\n<\/tr>\n<tr class=\"row-2\">\n\t<td class=\"column-1\"><a href=\"\"><img loading=\"lazy\" decoding=\"async\" src=\"https:\/\/optimate1.com\/wp-content\/uploads\/2021\/01\/SMART-dual-conversion.png\" alt=\"\" width=\"300\" height=\"50\" class=\"aligncenter size-medium wp-image-20928\" \/><\/a><body><h6><center>Convertit l'\u00e9nergie solaire faible en une charge \u00e0 impulsion efficace. <\/body><\/h6><\/center><\/td>\n<\/tr>\n<tr class=\"row-3\">\n\t<td class=\"column-1\"><a href=\"\"><img loading=\"lazy\" decoding=\"async\" src=\"https:\/\/optimate1.com\/wp-content\/uploads\/2021\/01\/MONITOR-01-1.png\" alt=\"\" width=\"300\" height=\"50\" class=\"aligncenter size-medium wp-image-20995\" \/><\/a><body><h6><center>JOUR : Charge et entretien. NUIT : contr\u00f4le du niveau de charge.<\/body><\/h6><\/center><\/td>\n<\/tr>\n<tr class=\"row-4\">\n\t<td class=\"column-1\"><a href=\"\"><img loading=\"lazy\" decoding=\"async\" src=\"https:\/\/optimate1.com\/wp-content\/uploads\/2021\/01\/safe-solar-connection-01-scaled.jpg\" alt=\"\" width=\"300\" height=\"50\" class=\"aligncenter size-medium wp-image-20982\" \/><\/a><body><h6><center>Peut \u00eatre laiss\u00e9 branch\u00e9 en toute s\u00e9curit\u00e9. Protection \u00e9lectronique compl\u00e8te.<\/center><\/h6><\/body><\/td>\n<\/tr>\n<tr class=\"row-5\">\n\t<td class=\"column-1\"><a href=\"\"><img loading=\"lazy\" decoding=\"async\" src=\"https:\/\/optimate1.com\/wp-content\/uploads\/2021\/01\/Saves-from-as-low-as-4V-01.png\" alt=\"\" width=\"300\" height=\"50\" class=\"aligncenter size-medium wp-image-20993\" \/><\/a><body><h6><center>Sauve votre batterie \"morte\" \u00e0 partir de 4V.<\/body><\/h6><\/center><\/td>\n<\/tr>\n<tr class=\"row-6\">\n\t<td class=\"column-1\"><a href=\"\"><img loading=\"lazy\" decoding=\"async\" src=\"https:\/\/optimate1.com\/wp-content\/uploads\/2021\/01\/Monitors-battery-state-of-charge-01_with-LEDs-scaled.jpg\" alt=\"\" width=\"300\" height=\"50\" class=\"aligncenter size-medium wp-image-20985\" \/><\/a><body><h6><center>Affiche l'\u00e9tat de charge de la batterie.<\/body><\/h6><\/center><\/td>\n<\/tr>\n<tr class=\"row-7\">\n\t<td class=\"column-1\"><a href=\"\"><img loading=\"lazy\" decoding=\"async\" src=\"https:\/\/optimate1.com\/wp-content\/uploads\/2020\/12\/green-technology-hx2-1-300x49.png\" alt=\"\" width=\"300\" height=\"50\" class=\"aligncenter size-medium wp-image-20983\" \/><\/a><body><h6><center>Technologie d'\u00e9conomie d'\u00e9nergie.<br \/>\n<strong>\u221a<\/strong> Double conversion efficace.<br \/>\n<strong>\u221a<\/strong> Entretien complet 24 heures sur 24 et 7 jours sur 7.<\/body><\/h6><\/center><\/td>\n<\/tr>\n<tr class=\"row-8\">\n\t<td class=\"column-1\"><a href=\"\"><img loading=\"lazy\" decoding=\"async\" src=\"https:\/\/optimate1.com\/wp-content\/uploads\/2021\/01\/Weatherproof-Solar-01.png\" alt=\"\" width=\"300\" height=\"50\" class=\"aligncenter size-medium wp-image-21012\" \/><\/a><body><h6><center>Fonctionne par tous les temps !<\/body><\/h6><\/center><\/td>\n<\/tr>\n<\/tbody>\n<\/table>\n<!-- #tablepress-590 from cache --><\/p>\n<h4 style=\"text-align: center;\"><strong><span style=\"text-decoration: underline;\">EN SAVOIR PLUS SUR LE SOLAR:<\/span><\/strong><\/h4>\n<p style=\"text-align: center;\"><a href=\"https:\/\/optimate1.com\/solar\/\">https:\/\/optimate1.com\/solar\/<\/a><\/p>\n","protected":false},"excerpt":{"rendered":"<h3><span style=\"color: #cd202c;\">Chargeur-Mainteneur-R\u00e9cup\u00e9rateur de batterie solaire \u00e9tanche 12V \/ 12,8V 0.83A en 6 \u00e9tapes<\/span><\/h3>\n","protected":false},"featured_media":30064,"template":"","meta":[],"product_brand":[],"product_cat":[394],"product_tag":[],"class_list":{"0":"post-23403","1":"product","2":"type-product","3":"status-publish","4":"has-post-thumbnail","6":"product_cat-battery-chargers-fr","7":"pa_charge-battery-chemistry-pb-agm-gel-std-lead-acid-fr","8":"pa_charge-battery-chemistry-pb-li-both-above-fr","9":"pa_charge-battery-more-12v-fr","10":"pa_charge-battery-more-moto-vehicule-tout-terrain","11":"pa_charge-battery-more-utv-sxs-cruiser-fr","12":"pa_power-solar-fr","13":"pa_product-group-optimate-duo-fr","14":"pa_product-group-optimate-solar-fr","15":"pa_region-ca-fr","16":"pa_region-eu-fr-2","17":"pa_region-uk-fr-2","18":"pa_region-us-fr-2","19":"iside_voltage-12-fr","20":"iside_voltage-12-8-fr","21":"iside_ampere-0-83-fr","22":"iside_vehicle-moto-mecaniques-fr","23":"iside_charger_series-off-grid-eco-fr","24":"iside_charger_features-maintenance-de-batterie-securisee-24-7","25":"iside_charger_features-maintenance-duo-24h-7-pour-pb-et-lfp","26":"iside_charger_features-save-sulphated-pb-lead-acid-fr","27":"iside_charger_type-solar-fr","28":"iside_battery_voltage-12-8v-13-2v","29":"iside_battery_voltage-12v-fr","30":"iside_battery_chemistry-lfp-lifepo4-lithium-ion-fr","31":"iside_battery_chemistry-pb-lead-acid-fr","32":"battery_charger_current-0-6a-1-5a-fr","33":"thunk-woo-product-list","34":"opn-qv-enable","35":"big-store-woo-hover-","36":"open-single-product-tab-horizontal","37":"open-shadow-","38":"open-shadow-hover-","40":"first","41":"instock","42":"featured","43":"shipping-taxable","44":"purchasable","45":"product-type-simple"},"yoast_head":"<!-- This site is optimized with the Yoast SEO plugin v27.2 - https:\/\/yoast.com\/product\/yoast-seo-wordpress\/ -->\n<title>OptiMate Solar DUO 10W - OptiMate<\/title>\n<meta name=\"description\" content=\"L&#039;OptiMate Solar DUO 10W est le chargeur panneau solaire et syst\u00e8me de maintenance pour toutes les batteries de 12V. Lisez la suite!\" \/>\n<meta name=\"robots\" content=\"index, follow, max-snippet:-1, max-image-preview:large, max-video-preview:-1, noarchive\" \/>\n<link rel=\"canonical\" href=\"https:\/\/optimate1.com\/product\/tm522d1\/\" \/>\n<meta property=\"og:locale\" content=\"fr_FR\" \/>\n<meta property=\"og:type\" content=\"article\" \/>\n<meta property=\"og:title\" content=\"OptiMate Solar DUO 10W - OptiMate\" \/>\n<meta property=\"og:description\" content=\"L&#039;OptiMate Solar DUO 10W est le chargeur panneau solaire et syst\u00e8me de maintenance pour toutes les batteries de 12V. Lisez la suite!\" \/>\n<meta property=\"og:url\" content=\"https:\/\/optimate1.com\/product\/tm522d1\/\" \/>\n<meta property=\"og:site_name\" content=\"OptiMate\" \/>\n<meta property=\"article:publisher\" content=\"https:\/\/www.facebook.com\/OptiMatebatterysavingcharger\/\" \/>\n<meta property=\"article:modified_time\" content=\"2026-01-27T13:08:57+00:00\" \/>\n<meta property=\"og:image\" content=\"https:\/\/optimate1.com\/wp-content\/uploads\/2021\/01\/OptiMate-Solar-Panel-10W-Kit-TM522-D1-im-1-orange-corner-fr.png\" \/>\n\t<meta property=\"og:image:width\" content=\"900\" \/>\n\t<meta property=\"og:image:height\" content=\"900\" \/>\n\t<meta property=\"og:image:type\" content=\"image\/png\" \/>\n<meta name=\"twitter:card\" content=\"summary_large_image\" \/>\n<meta name=\"twitter:label1\" content=\"Dur\u00e9e de lecture estim\u00e9e\" \/>\n\t<meta name=\"twitter:data1\" content=\"2 minutes\" \/>\n<script type=\"application\/ld+json\" class=\"yoast-schema-graph\">{\"@context\":\"https:\/\/schema.org\",\"@graph\":[{\"@type\":\"WebPage\",\"@id\":\"https:\/\/optimate1.com\/product\/tm522d1\/\",\"url\":\"https:\/\/optimate1.com\/product\/tm522d1\/\",\"name\":\"OptiMate Solar DUO 10W - OptiMate\",\"isPartOf\":{\"@id\":\"https:\/\/optimate1.com\/#website\"},\"primaryImageOfPage\":{\"@id\":\"https:\/\/optimate1.com\/product\/tm522d1\/#primaryimage\"},\"image\":{\"@id\":\"https:\/\/optimate1.com\/product\/tm522d1\/#primaryimage\"},\"thumbnailUrl\":\"https:\/\/optimate1.com\/wp-content\/uploads\/2021\/01\/OptiMate-Solar-Panel-10W-Kit-TM522-D1-im-1-orange-corner-fr.png\",\"datePublished\":\"2021-01-14T08:59:04+00:00\",\"dateModified\":\"2026-01-27T13:08:57+00:00\",\"description\":\"L'OptiMate Solar DUO 10W est le chargeur panneau solaire et syst\u00e8me de maintenance pour toutes les batteries de 12V. Lisez la suite!\",\"breadcrumb\":{\"@id\":\"https:\/\/optimate1.com\/product\/tm522d1\/#breadcrumb\"},\"inLanguage\":\"fr-FR\",\"potentialAction\":[{\"@type\":\"ReadAction\",\"target\":[\"https:\/\/optimate1.com\/product\/tm522d1\/\"]}]},{\"@type\":\"ImageObject\",\"inLanguage\":\"fr-FR\",\"@id\":\"https:\/\/optimate1.com\/product\/tm522d1\/#primaryimage\",\"url\":\"https:\/\/optimate1.com\/wp-content\/uploads\/2021\/01\/OptiMate-Solar-Panel-10W-Kit-TM522-D1-im-1-orange-corner-fr.png\",\"contentUrl\":\"https:\/\/optimate1.com\/wp-content\/uploads\/2021\/01\/OptiMate-Solar-Panel-10W-Kit-TM522-D1-im-1-orange-corner-fr.png\",\"width\":900,\"height\":900,\"caption\":\"chargeur panneau solaire image du produit\"},{\"@type\":\"BreadcrumbList\",\"@id\":\"https:\/\/optimate1.com\/product\/tm522d1\/#breadcrumb\",\"itemListElement\":[{\"@type\":\"ListItem\",\"position\":1,\"name\":\"Home\",\"item\":\"https:\/\/optimate1.com\/\"},{\"@type\":\"ListItem\",\"position\":2,\"name\":\"Produits\",\"item\":\"https:\/\/optimate1.com\/shop\/\"},{\"@type\":\"ListItem\",\"position\":3,\"name\":\"OptiMate Solar DUO 10W\"}]},{\"@type\":\"WebSite\",\"@id\":\"https:\/\/optimate1.com\/#website\",\"url\":\"https:\/\/optimate1.com\/\",\"name\":\"OptiMate\",\"description\":\"Battery Chargers &amp; Accessories\",\"publisher\":{\"@id\":\"https:\/\/optimate1.com\/#organization\"},\"potentialAction\":[{\"@type\":\"SearchAction\",\"target\":{\"@type\":\"EntryPoint\",\"urlTemplate\":\"https:\/\/optimate1.com\/?s={search_term_string}\"},\"query-input\":{\"@type\":\"PropertyValueSpecification\",\"valueRequired\":true,\"valueName\":\"search_term_string\"}}],\"inLanguage\":\"fr-FR\"},{\"@type\":\"Organization\",\"@id\":\"https:\/\/optimate1.com\/#organization\",\"name\":\"OptiMate\",\"url\":\"https:\/\/optimate1.com\/\",\"logo\":{\"@type\":\"ImageObject\",\"inLanguage\":\"fr-FR\",\"@id\":\"https:\/\/optimate1.com\/#\/schema\/logo\/image\/\",\"url\":\"https:\/\/optimate1.com\/wp-content\/uploads\/2021\/06\/optimate-hpbc-stacklogo.jpg\",\"contentUrl\":\"https:\/\/optimate1.com\/wp-content\/uploads\/2021\/06\/optimate-hpbc-stacklogo.jpg\",\"width\":1025,\"height\":529,\"caption\":\"OptiMate\"},\"image\":{\"@id\":\"https:\/\/optimate1.com\/#\/schema\/logo\/image\/\"},\"sameAs\":[\"https:\/\/www.facebook.com\/OptiMatebatterysavingcharger\/\"]}]}<\/script>\n<!-- \/ Yoast SEO plugin. -->","yoast_head_json":{"title":"OptiMate Solar DUO 10W - OptiMate","description":"L'OptiMate Solar DUO 10W est le chargeur panneau solaire et syst\u00e8me de maintenance pour toutes les batteries de 12V. Lisez la suite!","robots":{"index":"index","follow":"follow","max-snippet":"max-snippet:-1","max-image-preview":"max-image-preview:large","max-video-preview":"max-video-preview:-1","archive":"noarchive"},"canonical":"https:\/\/optimate1.com\/product\/tm522d1\/","og_locale":"fr_FR","og_type":"article","og_title":"OptiMate Solar DUO 10W - OptiMate","og_description":"L'OptiMate Solar DUO 10W est le chargeur panneau solaire et syst\u00e8me de maintenance pour toutes les batteries de 12V. Lisez la suite!","og_url":"https:\/\/optimate1.com\/product\/tm522d1\/","og_site_name":"OptiMate","article_publisher":"https:\/\/www.facebook.com\/OptiMatebatterysavingcharger\/","article_modified_time":"2026-01-27T13:08:57+00:00","og_image":[{"width":900,"height":900,"url":"https:\/\/optimate1.com\/wp-content\/uploads\/2021\/01\/OptiMate-Solar-Panel-10W-Kit-TM522-D1-im-1-orange-corner-fr.png","type":"image\/png"}],"twitter_card":"summary_large_image","twitter_misc":{"Dur\u00e9e de lecture estim\u00e9e":"2 minutes"},"schema":{"@context":"https:\/\/schema.org","@graph":[{"@type":"WebPage","@id":"https:\/\/optimate1.com\/product\/tm522d1\/","url":"https:\/\/optimate1.com\/product\/tm522d1\/","name":"OptiMate Solar DUO 10W - OptiMate","isPartOf":{"@id":"https:\/\/optimate1.com\/#website"},"primaryImageOfPage":{"@id":"https:\/\/optimate1.com\/product\/tm522d1\/#primaryimage"},"image":{"@id":"https:\/\/optimate1.com\/product\/tm522d1\/#primaryimage"},"thumbnailUrl":"https:\/\/optimate1.com\/wp-content\/uploads\/2021\/01\/OptiMate-Solar-Panel-10W-Kit-TM522-D1-im-1-orange-corner-fr.png","datePublished":"2021-01-14T08:59:04+00:00","dateModified":"2026-01-27T13:08:57+00:00","description":"L'OptiMate Solar DUO 10W est le chargeur panneau solaire et syst\u00e8me de maintenance pour toutes les batteries de 12V. Lisez la suite!","breadcrumb":{"@id":"https:\/\/optimate1.com\/product\/tm522d1\/#breadcrumb"},"inLanguage":"fr-FR","potentialAction":[{"@type":"ReadAction","target":["https:\/\/optimate1.com\/product\/tm522d1\/"]}]},{"@type":"ImageObject","inLanguage":"fr-FR","@id":"https:\/\/optimate1.com\/product\/tm522d1\/#primaryimage","url":"https:\/\/optimate1.com\/wp-content\/uploads\/2021\/01\/OptiMate-Solar-Panel-10W-Kit-TM522-D1-im-1-orange-corner-fr.png","contentUrl":"https:\/\/optimate1.com\/wp-content\/uploads\/2021\/01\/OptiMate-Solar-Panel-10W-Kit-TM522-D1-im-1-orange-corner-fr.png","width":900,"height":900,"caption":"chargeur panneau solaire image du produit"},{"@type":"BreadcrumbList","@id":"https:\/\/optimate1.com\/product\/tm522d1\/#breadcrumb","itemListElement":[{"@type":"ListItem","position":1,"name":"Home","item":"https:\/\/optimate1.com\/"},{"@type":"ListItem","position":2,"name":"Produits","item":"https:\/\/optimate1.com\/shop\/"},{"@type":"ListItem","position":3,"name":"OptiMate Solar DUO 10W"}]},{"@type":"WebSite","@id":"https:\/\/optimate1.com\/#website","url":"https:\/\/optimate1.com\/","name":"OptiMate","description":"Battery Chargers &amp; Accessories","publisher":{"@id":"https:\/\/optimate1.com\/#organization"},"potentialAction":[{"@type":"SearchAction","target":{"@type":"EntryPoint","urlTemplate":"https:\/\/optimate1.com\/?s={search_term_string}"},"query-input":{"@type":"PropertyValueSpecification","valueRequired":true,"valueName":"search_term_string"}}],"inLanguage":"fr-FR"},{"@type":"Organization","@id":"https:\/\/optimate1.com\/#organization","name":"OptiMate","url":"https:\/\/optimate1.com\/","logo":{"@type":"ImageObject","inLanguage":"fr-FR","@id":"https:\/\/optimate1.com\/#\/schema\/logo\/image\/","url":"https:\/\/optimate1.com\/wp-content\/uploads\/2021\/06\/optimate-hpbc-stacklogo.jpg","contentUrl":"https:\/\/optimate1.com\/wp-content\/uploads\/2021\/06\/optimate-hpbc-stacklogo.jpg","width":1025,"height":529,"caption":"OptiMate"},"image":{"@id":"https:\/\/optimate1.com\/#\/schema\/logo\/image\/"},"sameAs":["https:\/\/www.facebook.com\/OptiMatebatterysavingcharger\/"]}]}},"_links":{"self":[{"href":"https:\/\/optimate1.com\/fr\/wp-json\/wp\/v2\/product\/23403","targetHints":{"allow":["GET"]}}],"collection":[{"href":"https:\/\/optimate1.com\/fr\/wp-json\/wp\/v2\/product"}],"about":[{"href":"https:\/\/optimate1.com\/fr\/wp-json\/wp\/v2\/types\/product"}],"wp:featuredmedia":[{"embeddable":true,"href":"https:\/\/optimate1.com\/fr\/wp-json\/wp\/v2\/media\/30064"}],"wp:attachment":[{"href":"https:\/\/optimate1.com\/fr\/wp-json\/wp\/v2\/media?parent=23403"}],"wp:term":[{"taxonomy":"product_brand","embeddable":true,"href":"https:\/\/optimate1.com\/fr\/wp-json\/wp\/v2\/product_brand?post=23403"},{"taxonomy":"product_cat","embeddable":true,"href":"https:\/\/optimate1.com\/fr\/wp-json\/wp\/v2\/product_cat?post=23403"},{"taxonomy":"product_tag","embeddable":true,"href":"https:\/\/optimate1.com\/fr\/wp-json\/wp\/v2\/product_tag?post=23403"}],"curies":[{"name":"wp","href":"https:\/\/api.w.org\/{rel}","templated":true}]}}