{"id":27524,"date":"2021-08-30T03:58:44","date_gmt":"2021-08-30T07:58:44","guid":{"rendered":"https:\/\/optimate1.com\/product\/optimate-1-duo-2-copy\/"},"modified":"2026-03-26T04:00:56","modified_gmt":"2026-03-26T08:00:56","slug":"optimate-1-voltmatic","status":"publish","type":"product","link":"https:\/\/optimate1.com\/fr\/produit\/optimate-1-voltmatic\/","title":{"rendered":"OptiMate 1 VoltMatic"},"content":{"rendered":"<h6 style=\"text-align: center;\"><strong><span style=\"color: #10069f;\">OptiMate 1 VoltMatic s&#8217;adapte automatiquement \u00e0 la tension de la batterie (6V ou 12V) &#8211; <\/span><\/strong><em><span style=\"color: #10069f;\">Connectez \u00e0 la batterie et l&#8217;OptiMate 1 VoltMatic fait le reste, aucune supervision n&#8217;est n\u00e9cessaire !<\/span><\/em><\/h6>\n<h6 style=\"text-align: center;\"><img loading=\"lazy\" decoding=\"async\" class=\"aligncenter wp-image-20660\" src=\"https:\/\/optimate1.com\/wp-content\/uploads\/2021\/11\/VoltMatic-copy-01.png\" alt=\"OptiMate 1 battery charger is ideal for 6V or 12V lead-acid batteries.\" width=\"428\" height=\"100\" \/><\/h6>\n<p>&nbsp;<\/p>\n<h6 style=\"text-align: center;\"><strong><span style=\"color: #10069f;\">Fournit un courant de charge de 0,6 amp\u00e8re, recommand\u00e9 pour l&#8217;entretien des petites batteries.<\/span><\/strong><\/h6>\n<h6 style=\"text-align: center;\"><img loading=\"lazy\" decoding=\"async\" class=\"aligncenter wp-image-20668\" src=\"https:\/\/optimate1.com\/wp-content\/uploads\/2021\/08\/Vehicle-range-OM1-VoltMatic-copy-3-01.jpg\" alt=\"The OptiMate 1 battery charger is recommended for oldtimers, motorcycles, ATVs, medical equipment, snowmobiles, security devices and jet skis.\" width=\"428\" height=\"66\" \/><\/h6>\n<p>&nbsp;<\/p>\n<h6 style=\"text-align: center;\"><strong><span style=\"color: #10069f;\">Charge et assure l&#8217;entretien \u00e0 long terme &#8211; <\/span><\/strong><em><span style=\"color: #10069f;\">Connectez \u00e0 la batterie et l&#8217;OptiMate 1 VoltMatic fait le reste, aucune supervision n&#8217;est n\u00e9cessaire !<\/span><\/em><\/h6>\n<h6 style=\"text-align: center;\"><img loading=\"lazy\" decoding=\"async\" class=\"aligncenter wp-image-20876\" src=\"https:\/\/optimate1.com\/wp-content\/uploads\/2021\/02\/CONNECT-CHARGE-MAINTAIN-01.png\" alt=\"The steps for long term maintenance: Connect, charge and maintain.\" width=\"428\" height=\"70\" \/><\/h6>\n<p>&nbsp;<\/p>\n<p>&nbsp;<\/p>\n<h4 style=\"text-align: center;\"><strong><span style=\"text-decoration: underline;\">PLUS DE CARACT\u00c9RISTIQUES :<\/span><\/strong><\/h4>\n<p style=\"text-align: center;\">\n<table id=\"tablepress-523\" class=\"tablepress tablepress-id-523\">\n<tbody class=\"row-hover\">\n<tr class=\"row-1\">\n\t<td class=\"column-1\"><a href=\"\"><img loading=\"lazy\" decoding=\"async\" src=\"https:\/\/optimate1.com\/wp-content\/uploads\/2023\/10\/OptiMate-1-VoltMatic.png\" alt=\"\" width=\"300\" height=\"50\" class=\"aligncenter size-medium wp-image-20927\" \/><\/a><body><h6><center>Pour les batteries plomb-acide (Pb) 6V et 12V, y compris STD (avec bouchons de remplissage), AGM et GEL (VRLA scell\u00e9).<\/body><\/h6><\/center><br \/>\n<\/td>\n<\/tr>\n<tr class=\"row-2\">\n\t<td class=\"column-1\"><a href=\"\"><img loading=\"lazy\" decoding=\"async\" src=\"https:\/\/optimate1.com\/wp-content\/uploads\/2021\/08\/incase-style-TM40x_2-01-scaled.jpg\" alt=\"\" width=\"300\" height=\"50\" class=\"aligncenter size-medium wp-image-20928\" \/><\/a><body><h6><center>Bo\u00eetier avec prise \u00e9tanche \u00e0 la poussi\u00e8re.<\/body><\/h6><\/center><\/td>\n<\/tr>\n<tr class=\"row-3\">\n\t<td class=\"column-1\"><a href=\"\"><img loading=\"lazy\" decoding=\"async\" src=\"https:\/\/optimate1.com\/wp-content\/uploads\/2021\/08\/SAFE-OM1-DUO-copy-01.png\" alt=\"\" width=\"300\" height=\"50\" class=\"aligncenter size-medium wp-image-20995\" \/><\/a><body><h6><center>Peut \u00eatre laiss\u00e9 branch\u00e9 en toute s\u00e9curit\u00e9. Protection \u00e9lectronique compl\u00e8te.<\/body><\/h6><\/center><\/td>\n<\/tr>\n<tr class=\"row-4\">\n\t<td class=\"column-1\"><a href=\"\"><img loading=\"lazy\" decoding=\"async\" src=\"https:\/\/optimate1.com\/wp-content\/uploads\/2020\/12\/24-7-x2-300x49.png\" alt=\"\" width=\"300\" height=\"50\" class=\"aligncenter size-medium wp-image-20982\" srcset=\"https:\/\/optimate1.com\/wp-content\/uploads\/2020\/12\/24-7-x2-300x49.png 300w, https:\/\/optimate1.com\/wp-content\/uploads\/2020\/12\/24-7-x2-600x98.png 600w, https:\/\/optimate1.com\/wp-content\/uploads\/2020\/12\/24-7-x2-64x10.png 64w, https:\/\/optimate1.com\/wp-content\/uploads\/2020\/12\/24-7-x2-768x126.png 768w, https:\/\/optimate1.com\/wp-content\/uploads\/2020\/12\/24-7-x2.png 856w\" sizes=\"auto, (max-width: 300px) 100vw, 300px\" \/><\/a><body><h6><center>Maintient la batterie en pleine charge et en bonne sant\u00e9.<\/center><\/h6><\/body><\/td>\n<\/tr>\n<tr class=\"row-5\">\n\t<td class=\"column-1\"><a href=\"\"><img loading=\"lazy\" decoding=\"async\" src=\"https:\/\/optimate1.com\/wp-content\/uploads\/2021\/02\/Low-Volt-Start-of-4V-01.png\" alt=\"\" width=\"300\" height=\"50\" class=\"aligncenter size-medium wp-image-20993\" \/><\/a><body><h6><center>D\u00e9marrage \u00e0 basse tension de 4V.<\/body><\/h6><\/center><\/td>\n<\/tr>\n<tr class=\"row-6\">\n\t<td class=\"column-1\"><a href=\"\"><img loading=\"lazy\" decoding=\"async\" src=\"https:\/\/optimate1.com\/wp-content\/uploads\/2020\/12\/green-technology-hx2-1-300x49.png\" alt=\"\" width=\"300\" height=\"50\" class=\"aligncenter size-medium wp-image-20985\" \/><\/a><body><h6><center>Technologie d'\u00e9conomie d'\u00e9nergie.<br \/>\n<strong>\u221a<\/strong> Puissance en veille inf\u00e9rieure \u00e0 0,5W.<br \/>\n<strong>\u221a<\/strong> Entretien efficace de la batterie 24 heures sur 24 et 7 jours sur 7.<\/body><\/h6><\/center><\/td>\n<\/tr>\n<tr class=\"row-7\">\n\t<td class=\"column-1\"><a href=\"\"><img loading=\"lazy\" decoding=\"async\" src=\"https:\/\/optimate1.com\/wp-content\/uploads\/2022\/03\/OM1-IP-T-rating-copy-01.png\" alt=\"\" width=\"300\" height=\"50\" class=\"aligncenter size-medium wp-image-20983\" \/><\/a><body><h6><center>R\u00e9sistant aux intemp\u00e9ries. Pr\u00e9vu pour une utilisation jusqu'\u00e0 -20\u00b0C \/ -4\u00b0F.<\/body><\/h6><\/center><\/td>\n<\/tr>\n<\/tbody>\n<\/table>\n<!-- #tablepress-523 from cache --><\/p>\n","protected":false},"excerpt":{"rendered":"<h3><span style=\"color: #6b4c59;\">S\u00e9ries BRONZE : chargeur et mainteneur de batterie 6V \/ 12V 0,6A en 4 \u00e9tapes<\/span><\/h3>\n","protected":false},"featured_media":41754,"template":"","meta":[],"product_brand":[],"product_cat":[394],"product_tag":[],"class_list":{"0":"post-27524","1":"product","2":"type-product","3":"status-publish","4":"has-post-thumbnail","6":"product_cat-battery-chargers-fr","7":"pa_charge-battery-chemistry-pb-agm-gel-std-lead-acid-fr","8":"pa_charge-battery-more-12v-fr","9":"pa_charge-battery-more-6v-fr","10":"pa_charge-battery-more-moto-vehicule-tout-terrain","11":"pa_charge-battery-more-oldtimer","12":"pa_charge-battery-more-utv-sxs-cruiser-fr","13":"pa_power-ac-100-240vac-fr","14":"pa_product-group-optimate-1-fr","15":"pa_region-ca-fr","16":"pa_region-eu-fr-2","17":"pa_region-us-fr-2","18":"iside_voltage-6-fr","19":"iside_ampere-0-6-fr","20":"iside_vehicle-moto-mecaniques-fr","21":"iside_vehicle-oldtimer-classic-car-fr","22":"iside_charger_series-bronze-easy-fr","23":"iside_charger_features-maintenance-de-batterie-securisee-24-7","24":"iside_charger_type-single-fr","25":"iside_battery_voltage-12v-fr","26":"iside_battery_voltage-6v-fr","27":"iside_battery_chemistry-pb-lead-acid-fr","28":"battery_charger_current-0-6a-1-5a-fr","29":"thunk-woo-product-list","30":"opn-qv-enable","31":"big-store-woo-hover-","32":"open-single-product-tab-horizontal","33":"open-shadow-","34":"open-shadow-hover-","36":"first","37":"instock","38":"featured","39":"shipping-taxable","40":"purchasable","41":"product-type-simple"},"yoast_head":"<!-- This site is optimized with the Yoast SEO plugin v27.2 - https:\/\/yoast.com\/product\/yoast-seo-wordpress\/ -->\n<title>OptiMate 1 VoltMatic - OptiMate<\/title>\n<meta name=\"description\" content=\"L&#039;OptiMate 1 VoltMatic est le mainteneur de batterie enti\u00e8rement automatique pour vos batterie au plomb-acide de 6V ou 12V. Lisez la suite!\" \/>\n<meta name=\"robots\" content=\"index, follow, max-snippet:-1, max-image-preview:large, max-video-preview:-1, noarchive\" \/>\n<link rel=\"canonical\" href=\"https:\/\/optimate1.com\/fr\/produit\/optimate-1-voltmatic\/\" \/>\n<meta property=\"og:locale\" content=\"fr_FR\" \/>\n<meta property=\"og:type\" content=\"article\" \/>\n<meta property=\"og:title\" content=\"OptiMate 1 VoltMatic - OptiMate\" \/>\n<meta property=\"og:description\" content=\"L&#039;OptiMate 1 VoltMatic est le mainteneur de batterie enti\u00e8rement automatique pour vos batterie au plomb-acide de 6V ou 12V. Lisez la suite!\" \/>\n<meta property=\"og:url\" content=\"https:\/\/optimate1.com\/fr\/produit\/optimate-1-voltmatic\/\" \/>\n<meta property=\"og:site_name\" content=\"OptiMate\" \/>\n<meta property=\"article:publisher\" content=\"https:\/\/www.facebook.com\/OptiMatebatterysavingcharger\/\" \/>\n<meta property=\"article:modified_time\" content=\"2026-03-26T08:00:56+00:00\" \/>\n<meta property=\"og:image\" content=\"https:\/\/optimate1.com\/wp-content\/uploads\/2026\/03\/OptiMate-1-VoltMatic-TM402xD-11-fr.png\" \/>\n\t<meta property=\"og:image:width\" content=\"1500\" \/>\n\t<meta property=\"og:image:height\" content=\"1500\" \/>\n\t<meta property=\"og:image:type\" content=\"image\/png\" \/>\n<meta name=\"twitter:card\" content=\"summary_large_image\" \/>\n<meta name=\"twitter:label1\" content=\"Dur\u00e9e de lecture estim\u00e9e\" \/>\n\t<meta name=\"twitter:data1\" content=\"2 minutes\" \/>\n<script type=\"application\/ld+json\" class=\"yoast-schema-graph\">{\"@context\":\"https:\/\/schema.org\",\"@graph\":[{\"@type\":\"WebPage\",\"@id\":\"https:\/\/optimate1.com\/fr\/produit\/optimate-1-voltmatic\/\",\"url\":\"https:\/\/optimate1.com\/fr\/produit\/optimate-1-voltmatic\/\",\"name\":\"OptiMate 1 VoltMatic - OptiMate\",\"isPartOf\":{\"@id\":\"https:\/\/optimate1.com\/#website\"},\"primaryImageOfPage\":{\"@id\":\"https:\/\/optimate1.com\/fr\/produit\/optimate-1-voltmatic\/#primaryimage\"},\"image\":{\"@id\":\"https:\/\/optimate1.com\/fr\/produit\/optimate-1-voltmatic\/#primaryimage\"},\"thumbnailUrl\":\"https:\/\/optimate1.com\/wp-content\/uploads\/2026\/03\/OptiMate-1-VoltMatic-TM402xD-11-fr.png\",\"datePublished\":\"2021-08-30T07:58:44+00:00\",\"dateModified\":\"2026-03-26T08:00:56+00:00\",\"description\":\"L'OptiMate 1 VoltMatic est le mainteneur de batterie enti\u00e8rement automatique pour vos batterie au plomb-acide de 6V ou 12V. Lisez la suite!\",\"breadcrumb\":{\"@id\":\"https:\/\/optimate1.com\/fr\/produit\/optimate-1-voltmatic\/#breadcrumb\"},\"inLanguage\":\"fr-FR\",\"potentialAction\":[{\"@type\":\"ReadAction\",\"target\":[\"https:\/\/optimate1.com\/fr\/produit\/optimate-1-voltmatic\/\"]}]},{\"@type\":\"ImageObject\",\"inLanguage\":\"fr-FR\",\"@id\":\"https:\/\/optimate1.com\/fr\/produit\/optimate-1-voltmatic\/#primaryimage\",\"url\":\"https:\/\/optimate1.com\/wp-content\/uploads\/2026\/03\/OptiMate-1-VoltMatic-TM402xD-11-fr.png\",\"contentUrl\":\"https:\/\/optimate1.com\/wp-content\/uploads\/2026\/03\/OptiMate-1-VoltMatic-TM402xD-11-fr.png\",\"width\":1500,\"height\":1500},{\"@type\":\"BreadcrumbList\",\"@id\":\"https:\/\/optimate1.com\/fr\/produit\/optimate-1-voltmatic\/#breadcrumb\",\"itemListElement\":[{\"@type\":\"ListItem\",\"position\":1,\"name\":\"Home\",\"item\":\"https:\/\/optimate1.com\/\"},{\"@type\":\"ListItem\",\"position\":2,\"name\":\"Produits\",\"item\":\"https:\/\/optimate1.com\/shop\/\"},{\"@type\":\"ListItem\",\"position\":3,\"name\":\"OptiMate 1 VoltMatic\"}]},{\"@type\":\"WebSite\",\"@id\":\"https:\/\/optimate1.com\/#website\",\"url\":\"https:\/\/optimate1.com\/\",\"name\":\"OptiMate\",\"description\":\"Battery Chargers &amp; Accessories\",\"publisher\":{\"@id\":\"https:\/\/optimate1.com\/#organization\"},\"potentialAction\":[{\"@type\":\"SearchAction\",\"target\":{\"@type\":\"EntryPoint\",\"urlTemplate\":\"https:\/\/optimate1.com\/?s={search_term_string}\"},\"query-input\":{\"@type\":\"PropertyValueSpecification\",\"valueRequired\":true,\"valueName\":\"search_term_string\"}}],\"inLanguage\":\"fr-FR\"},{\"@type\":\"Organization\",\"@id\":\"https:\/\/optimate1.com\/#organization\",\"name\":\"OptiMate\",\"url\":\"https:\/\/optimate1.com\/\",\"logo\":{\"@type\":\"ImageObject\",\"inLanguage\":\"fr-FR\",\"@id\":\"https:\/\/optimate1.com\/#\/schema\/logo\/image\/\",\"url\":\"https:\/\/optimate1.com\/wp-content\/uploads\/2021\/06\/optimate-hpbc-stacklogo.jpg\",\"contentUrl\":\"https:\/\/optimate1.com\/wp-content\/uploads\/2021\/06\/optimate-hpbc-stacklogo.jpg\",\"width\":1025,\"height\":529,\"caption\":\"OptiMate\"},\"image\":{\"@id\":\"https:\/\/optimate1.com\/#\/schema\/logo\/image\/\"},\"sameAs\":[\"https:\/\/www.facebook.com\/OptiMatebatterysavingcharger\/\"]}]}<\/script>\n<!-- \/ Yoast SEO plugin. -->","yoast_head_json":{"title":"OptiMate 1 VoltMatic - OptiMate","description":"L'OptiMate 1 VoltMatic est le mainteneur de batterie enti\u00e8rement automatique pour vos batterie au plomb-acide de 6V ou 12V. Lisez la suite!","robots":{"index":"index","follow":"follow","max-snippet":"max-snippet:-1","max-image-preview":"max-image-preview:large","max-video-preview":"max-video-preview:-1","archive":"noarchive"},"canonical":"https:\/\/optimate1.com\/fr\/produit\/optimate-1-voltmatic\/","og_locale":"fr_FR","og_type":"article","og_title":"OptiMate 1 VoltMatic - OptiMate","og_description":"L'OptiMate 1 VoltMatic est le mainteneur de batterie enti\u00e8rement automatique pour vos batterie au plomb-acide de 6V ou 12V. Lisez la suite!","og_url":"https:\/\/optimate1.com\/fr\/produit\/optimate-1-voltmatic\/","og_site_name":"OptiMate","article_publisher":"https:\/\/www.facebook.com\/OptiMatebatterysavingcharger\/","article_modified_time":"2026-03-26T08:00:56+00:00","og_image":[{"width":1500,"height":1500,"url":"https:\/\/optimate1.com\/wp-content\/uploads\/2026\/03\/OptiMate-1-VoltMatic-TM402xD-11-fr.png","type":"image\/png"}],"twitter_card":"summary_large_image","twitter_misc":{"Dur\u00e9e de lecture estim\u00e9e":"2 minutes"},"schema":{"@context":"https:\/\/schema.org","@graph":[{"@type":"WebPage","@id":"https:\/\/optimate1.com\/fr\/produit\/optimate-1-voltmatic\/","url":"https:\/\/optimate1.com\/fr\/produit\/optimate-1-voltmatic\/","name":"OptiMate 1 VoltMatic - OptiMate","isPartOf":{"@id":"https:\/\/optimate1.com\/#website"},"primaryImageOfPage":{"@id":"https:\/\/optimate1.com\/fr\/produit\/optimate-1-voltmatic\/#primaryimage"},"image":{"@id":"https:\/\/optimate1.com\/fr\/produit\/optimate-1-voltmatic\/#primaryimage"},"thumbnailUrl":"https:\/\/optimate1.com\/wp-content\/uploads\/2026\/03\/OptiMate-1-VoltMatic-TM402xD-11-fr.png","datePublished":"2021-08-30T07:58:44+00:00","dateModified":"2026-03-26T08:00:56+00:00","description":"L'OptiMate 1 VoltMatic est le mainteneur de batterie enti\u00e8rement automatique pour vos batterie au plomb-acide de 6V ou 12V. Lisez la suite!","breadcrumb":{"@id":"https:\/\/optimate1.com\/fr\/produit\/optimate-1-voltmatic\/#breadcrumb"},"inLanguage":"fr-FR","potentialAction":[{"@type":"ReadAction","target":["https:\/\/optimate1.com\/fr\/produit\/optimate-1-voltmatic\/"]}]},{"@type":"ImageObject","inLanguage":"fr-FR","@id":"https:\/\/optimate1.com\/fr\/produit\/optimate-1-voltmatic\/#primaryimage","url":"https:\/\/optimate1.com\/wp-content\/uploads\/2026\/03\/OptiMate-1-VoltMatic-TM402xD-11-fr.png","contentUrl":"https:\/\/optimate1.com\/wp-content\/uploads\/2026\/03\/OptiMate-1-VoltMatic-TM402xD-11-fr.png","width":1500,"height":1500},{"@type":"BreadcrumbList","@id":"https:\/\/optimate1.com\/fr\/produit\/optimate-1-voltmatic\/#breadcrumb","itemListElement":[{"@type":"ListItem","position":1,"name":"Home","item":"https:\/\/optimate1.com\/"},{"@type":"ListItem","position":2,"name":"Produits","item":"https:\/\/optimate1.com\/shop\/"},{"@type":"ListItem","position":3,"name":"OptiMate 1 VoltMatic"}]},{"@type":"WebSite","@id":"https:\/\/optimate1.com\/#website","url":"https:\/\/optimate1.com\/","name":"OptiMate","description":"Battery Chargers &amp; Accessories","publisher":{"@id":"https:\/\/optimate1.com\/#organization"},"potentialAction":[{"@type":"SearchAction","target":{"@type":"EntryPoint","urlTemplate":"https:\/\/optimate1.com\/?s={search_term_string}"},"query-input":{"@type":"PropertyValueSpecification","valueRequired":true,"valueName":"search_term_string"}}],"inLanguage":"fr-FR"},{"@type":"Organization","@id":"https:\/\/optimate1.com\/#organization","name":"OptiMate","url":"https:\/\/optimate1.com\/","logo":{"@type":"ImageObject","inLanguage":"fr-FR","@id":"https:\/\/optimate1.com\/#\/schema\/logo\/image\/","url":"https:\/\/optimate1.com\/wp-content\/uploads\/2021\/06\/optimate-hpbc-stacklogo.jpg","contentUrl":"https:\/\/optimate1.com\/wp-content\/uploads\/2021\/06\/optimate-hpbc-stacklogo.jpg","width":1025,"height":529,"caption":"OptiMate"},"image":{"@id":"https:\/\/optimate1.com\/#\/schema\/logo\/image\/"},"sameAs":["https:\/\/www.facebook.com\/OptiMatebatterysavingcharger\/"]}]}},"_links":{"self":[{"href":"https:\/\/optimate1.com\/fr\/wp-json\/wp\/v2\/product\/27524","targetHints":{"allow":["GET"]}}],"collection":[{"href":"https:\/\/optimate1.com\/fr\/wp-json\/wp\/v2\/product"}],"about":[{"href":"https:\/\/optimate1.com\/fr\/wp-json\/wp\/v2\/types\/product"}],"wp:featuredmedia":[{"embeddable":true,"href":"https:\/\/optimate1.com\/fr\/wp-json\/wp\/v2\/media\/41754"}],"wp:attachment":[{"href":"https:\/\/optimate1.com\/fr\/wp-json\/wp\/v2\/media?parent=27524"}],"wp:term":[{"taxonomy":"product_brand","embeddable":true,"href":"https:\/\/optimate1.com\/fr\/wp-json\/wp\/v2\/product_brand?post=27524"},{"taxonomy":"product_cat","embeddable":true,"href":"https:\/\/optimate1.com\/fr\/wp-json\/wp\/v2\/product_cat?post=27524"},{"taxonomy":"product_tag","embeddable":true,"href":"https:\/\/optimate1.com\/fr\/wp-json\/wp\/v2\/product_tag?post=27524"}],"curies":[{"name":"wp","href":"https:\/\/api.w.org\/{rel}","templated":true}]}}