{"id":27774,"date":"2021-03-22T08:12:24","date_gmt":"2021-03-22T12:12:24","guid":{"rendered":"https:\/\/optimate1.com\/product\/speed-t-fr\/"},"modified":"2022-07-13T06:23:00","modified_gmt":"2022-07-13T10:23:00","slug":"speed-t-fr","status":"publish","type":"product","link":"https:\/\/optimate1.com\/fr\/produit\/speed-t-fr\/","title":{"rendered":"OptiMate Speed Therapy T-shirt"},"content":{"rendered":"<h3 class=\"entry-summary hidden-phone\"><strong>Tee-shirt de moto graphique de la marque OptiMate.<\/strong><\/h3>\n\n<table id=\"tablepress-99\" class=\"tablepress tablepress-id-99\">\n<tbody class=\"row-hover\">\n<tr class=\"row-1\">\n\t<td class=\"column-1\"><a href=\"https:\/\/optimate1.com\/product\/optimate-speed-therapy-t-shirt\/#tab=product-custom-tab-3\"><img loading=\"lazy\" decoding=\"async\" src=\"https:\/\/optimate1.com\/wp-content\/uploads\/2021\/03\/Icon-tee-1-01-1.png\" alt=\"\" width=\"150\" height=\"125\" class=\"aligncenter size-medium wp-image-20927\" \/><\/a><body><h6><center>4\u00a0tailles disponibles. <\/body><\/h6><\/center><br \/>\n<\/td>\n<\/tr>\n<tr class=\"row-2\">\n\t<td class=\"column-1\"><a><img loading=\"lazy\" decoding=\"async\" src=\"https:\/\/optimate1.com\/wp-content\/uploads\/2021\/03\/Icon-tee-2-copy-01-1.png\" alt=\"\" width=\"320\" height=\"145\" class=\"aligncenter size-medium wp-image-20995\" \/><\/a><body><h6><center>Motif des deux c\u00f4t\u00e9s<\/body><\/h6><\/center><\/td>\n<\/tr>\n<tr class=\"row-3\">\n\t<td class=\"column-1\"><a><img loading=\"lazy\" decoding=\"async\" src=\"https:\/\/optimate1.com\/wp-content\/uploads\/2021\/03\/Icon-tee-3-01-1.png\" alt=\"\" width=\"150\" height=\"125\" class=\"aligncenter size-medium wp-image-20982\" \/><\/a><body><h6><center><strong>Tissu pr\u00e9-r\u00e9tr\u00e9ci<\/strong> - 100% coton fil\u00e9 \u00e0 l\u2019anneau.<\/center><\/h6><\/body><\/td>\n<\/tr>\n<tr class=\"row-4\">\n\t<td class=\"column-1\"><a><img loading=\"lazy\" decoding=\"async\" src=\"https:\/\/optimate1.com\/wp-content\/uploads\/2021\/03\/Icon-tee-4-01-1.png\" alt=\"\" width=\"150\" height=\"125\" class=\"aligncenter size-medium wp-image-20993\" \/><\/a><body><h6><center>Lavage en machine \u00e0 froid.<\/body><\/h6><\/center><\/td>\n<\/tr>\n<\/tbody>\n<\/table>\n<!-- #tablepress-99 from cache -->\n","protected":false},"excerpt":{"rendered":"<h3><span style=\"color: #000000;\">Tee-shirt Speed Therapy<\/span><\/h3>\n","protected":false},"featured_media":25030,"template":"","meta":[],"product_brand":[],"product_cat":[1267],"product_tag":[],"class_list":{"0":"post-27774","1":"product","2":"type-product","3":"status-publish","4":"has-post-thumbnail","6":"product_cat-ware-fr","7":"pa_region-ca-fr","8":"pa_region-eu-fr-2","9":"pa_region-uk-fr-2","10":"pa_region-us-fr-2","11":"thunk-woo-product-list","12":"opn-qv-enable","13":"big-store-woo-hover-","14":"open-single-product-tab-horizontal","15":"open-shadow-","16":"open-shadow-hover-","18":"first","19":"instock","20":"featured","21":"shipping-taxable","22":"purchasable","23":"product-type-simple"},"yoast_head":"<!-- This site is optimized with the Yoast SEO plugin v27.2 - https:\/\/yoast.com\/product\/yoast-seo-wordpress\/ -->\n<title>OptiMate Speed Therapy T-shirt - OptiMate<\/title>\n<meta name=\"robots\" content=\"index, follow, max-snippet:-1, max-image-preview:large, max-video-preview:-1\" \/>\n<link rel=\"canonical\" href=\"https:\/\/optimate1.com\/product\/optimate-hook-ts252-0-copy-copy\/\" \/>\n<meta property=\"og:locale\" content=\"fr_FR\" \/>\n<meta property=\"og:type\" content=\"article\" \/>\n<meta property=\"og:title\" content=\"OptiMate Speed Therapy T-shirt - OptiMate\" \/>\n<meta property=\"og:description\" content=\"Tee-shirt Speed Therapy\" \/>\n<meta property=\"og:url\" content=\"https:\/\/optimate1.com\/product\/optimate-hook-ts252-0-copy-copy\/\" \/>\n<meta property=\"og:site_name\" content=\"OptiMate\" \/>\n<meta property=\"article:publisher\" content=\"https:\/\/www.facebook.com\/OptiMatebatterysavingcharger\/\" \/>\n<meta property=\"article:modified_time\" content=\"2022-07-13T10:23:00+00:00\" \/>\n<meta property=\"og:image\" content=\"https:\/\/optimate1.com\/wp-content\/uploads\/2021\/03\/Speed-Therapy-1.jpg\" \/>\n\t<meta property=\"og:image:width\" content=\"900\" \/>\n\t<meta property=\"og:image:height\" content=\"900\" \/>\n\t<meta property=\"og:image:type\" content=\"image\/jpeg\" \/>\n<meta name=\"twitter:card\" content=\"summary_large_image\" \/>\n<script type=\"application\/ld+json\" class=\"yoast-schema-graph\">{\"@context\":\"https:\/\/schema.org\",\"@graph\":[{\"@type\":\"WebPage\",\"@id\":\"https:\/\/optimate1.com\/product\/optimate-hook-ts252-0-copy-copy\/\",\"url\":\"https:\/\/optimate1.com\/product\/optimate-hook-ts252-0-copy-copy\/\",\"name\":\"OptiMate Speed Therapy T-shirt - OptiMate\",\"isPartOf\":{\"@id\":\"https:\/\/optimate1.com\/#website\"},\"primaryImageOfPage\":{\"@id\":\"https:\/\/optimate1.com\/product\/optimate-hook-ts252-0-copy-copy\/#primaryimage\"},\"image\":{\"@id\":\"https:\/\/optimate1.com\/product\/optimate-hook-ts252-0-copy-copy\/#primaryimage\"},\"thumbnailUrl\":\"https:\/\/optimate1.com\/wp-content\/uploads\/2021\/03\/Speed-Therapy-1.jpg\",\"datePublished\":\"2021-03-22T12:12:24+00:00\",\"dateModified\":\"2022-07-13T10:23:00+00:00\",\"breadcrumb\":{\"@id\":\"https:\/\/optimate1.com\/product\/optimate-hook-ts252-0-copy-copy\/#breadcrumb\"},\"inLanguage\":\"fr-FR\",\"potentialAction\":[{\"@type\":\"ReadAction\",\"target\":[\"https:\/\/optimate1.com\/product\/optimate-hook-ts252-0-copy-copy\/\"]}]},{\"@type\":\"ImageObject\",\"inLanguage\":\"fr-FR\",\"@id\":\"https:\/\/optimate1.com\/product\/optimate-hook-ts252-0-copy-copy\/#primaryimage\",\"url\":\"https:\/\/optimate1.com\/wp-content\/uploads\/2021\/03\/Speed-Therapy-1.jpg\",\"contentUrl\":\"https:\/\/optimate1.com\/wp-content\/uploads\/2021\/03\/Speed-Therapy-1.jpg\",\"width\":900,\"height\":900},{\"@type\":\"BreadcrumbList\",\"@id\":\"https:\/\/optimate1.com\/product\/optimate-hook-ts252-0-copy-copy\/#breadcrumb\",\"itemListElement\":[{\"@type\":\"ListItem\",\"position\":1,\"name\":\"Home\",\"item\":\"https:\/\/optimate1.com\/\"},{\"@type\":\"ListItem\",\"position\":2,\"name\":\"Produits\",\"item\":\"https:\/\/optimate1.com\/shop\/\"},{\"@type\":\"ListItem\",\"position\":3,\"name\":\"OptiMate Speed Therapy T-shirt\"}]},{\"@type\":\"WebSite\",\"@id\":\"https:\/\/optimate1.com\/#website\",\"url\":\"https:\/\/optimate1.com\/\",\"name\":\"OptiMate\",\"description\":\"Battery Chargers &amp; Accessories\",\"publisher\":{\"@id\":\"https:\/\/optimate1.com\/#organization\"},\"potentialAction\":[{\"@type\":\"SearchAction\",\"target\":{\"@type\":\"EntryPoint\",\"urlTemplate\":\"https:\/\/optimate1.com\/?s={search_term_string}\"},\"query-input\":{\"@type\":\"PropertyValueSpecification\",\"valueRequired\":true,\"valueName\":\"search_term_string\"}}],\"inLanguage\":\"fr-FR\"},{\"@type\":\"Organization\",\"@id\":\"https:\/\/optimate1.com\/#organization\",\"name\":\"OptiMate\",\"url\":\"https:\/\/optimate1.com\/\",\"logo\":{\"@type\":\"ImageObject\",\"inLanguage\":\"fr-FR\",\"@id\":\"https:\/\/optimate1.com\/#\/schema\/logo\/image\/\",\"url\":\"https:\/\/optimate1.com\/wp-content\/uploads\/2021\/06\/optimate-hpbc-stacklogo.jpg\",\"contentUrl\":\"https:\/\/optimate1.com\/wp-content\/uploads\/2021\/06\/optimate-hpbc-stacklogo.jpg\",\"width\":1025,\"height\":529,\"caption\":\"OptiMate\"},\"image\":{\"@id\":\"https:\/\/optimate1.com\/#\/schema\/logo\/image\/\"},\"sameAs\":[\"https:\/\/www.facebook.com\/OptiMatebatterysavingcharger\/\"]}]}<\/script>\n<!-- \/ Yoast SEO plugin. -->","yoast_head_json":{"title":"OptiMate Speed Therapy T-shirt - OptiMate","robots":{"index":"index","follow":"follow","max-snippet":"max-snippet:-1","max-image-preview":"max-image-preview:large","max-video-preview":"max-video-preview:-1"},"canonical":"https:\/\/optimate1.com\/product\/optimate-hook-ts252-0-copy-copy\/","og_locale":"fr_FR","og_type":"article","og_title":"OptiMate Speed Therapy T-shirt - OptiMate","og_description":"Tee-shirt Speed Therapy","og_url":"https:\/\/optimate1.com\/product\/optimate-hook-ts252-0-copy-copy\/","og_site_name":"OptiMate","article_publisher":"https:\/\/www.facebook.com\/OptiMatebatterysavingcharger\/","article_modified_time":"2022-07-13T10:23:00+00:00","og_image":[{"width":900,"height":900,"url":"https:\/\/optimate1.com\/wp-content\/uploads\/2021\/03\/Speed-Therapy-1.jpg","type":"image\/jpeg"}],"twitter_card":"summary_large_image","schema":{"@context":"https:\/\/schema.org","@graph":[{"@type":"WebPage","@id":"https:\/\/optimate1.com\/product\/optimate-hook-ts252-0-copy-copy\/","url":"https:\/\/optimate1.com\/product\/optimate-hook-ts252-0-copy-copy\/","name":"OptiMate Speed Therapy T-shirt - OptiMate","isPartOf":{"@id":"https:\/\/optimate1.com\/#website"},"primaryImageOfPage":{"@id":"https:\/\/optimate1.com\/product\/optimate-hook-ts252-0-copy-copy\/#primaryimage"},"image":{"@id":"https:\/\/optimate1.com\/product\/optimate-hook-ts252-0-copy-copy\/#primaryimage"},"thumbnailUrl":"https:\/\/optimate1.com\/wp-content\/uploads\/2021\/03\/Speed-Therapy-1.jpg","datePublished":"2021-03-22T12:12:24+00:00","dateModified":"2022-07-13T10:23:00+00:00","breadcrumb":{"@id":"https:\/\/optimate1.com\/product\/optimate-hook-ts252-0-copy-copy\/#breadcrumb"},"inLanguage":"fr-FR","potentialAction":[{"@type":"ReadAction","target":["https:\/\/optimate1.com\/product\/optimate-hook-ts252-0-copy-copy\/"]}]},{"@type":"ImageObject","inLanguage":"fr-FR","@id":"https:\/\/optimate1.com\/product\/optimate-hook-ts252-0-copy-copy\/#primaryimage","url":"https:\/\/optimate1.com\/wp-content\/uploads\/2021\/03\/Speed-Therapy-1.jpg","contentUrl":"https:\/\/optimate1.com\/wp-content\/uploads\/2021\/03\/Speed-Therapy-1.jpg","width":900,"height":900},{"@type":"BreadcrumbList","@id":"https:\/\/optimate1.com\/product\/optimate-hook-ts252-0-copy-copy\/#breadcrumb","itemListElement":[{"@type":"ListItem","position":1,"name":"Home","item":"https:\/\/optimate1.com\/"},{"@type":"ListItem","position":2,"name":"Produits","item":"https:\/\/optimate1.com\/shop\/"},{"@type":"ListItem","position":3,"name":"OptiMate Speed Therapy T-shirt"}]},{"@type":"WebSite","@id":"https:\/\/optimate1.com\/#website","url":"https:\/\/optimate1.com\/","name":"OptiMate","description":"Battery Chargers &amp; Accessories","publisher":{"@id":"https:\/\/optimate1.com\/#organization"},"potentialAction":[{"@type":"SearchAction","target":{"@type":"EntryPoint","urlTemplate":"https:\/\/optimate1.com\/?s={search_term_string}"},"query-input":{"@type":"PropertyValueSpecification","valueRequired":true,"valueName":"search_term_string"}}],"inLanguage":"fr-FR"},{"@type":"Organization","@id":"https:\/\/optimate1.com\/#organization","name":"OptiMate","url":"https:\/\/optimate1.com\/","logo":{"@type":"ImageObject","inLanguage":"fr-FR","@id":"https:\/\/optimate1.com\/#\/schema\/logo\/image\/","url":"https:\/\/optimate1.com\/wp-content\/uploads\/2021\/06\/optimate-hpbc-stacklogo.jpg","contentUrl":"https:\/\/optimate1.com\/wp-content\/uploads\/2021\/06\/optimate-hpbc-stacklogo.jpg","width":1025,"height":529,"caption":"OptiMate"},"image":{"@id":"https:\/\/optimate1.com\/#\/schema\/logo\/image\/"},"sameAs":["https:\/\/www.facebook.com\/OptiMatebatterysavingcharger\/"]}]}},"_links":{"self":[{"href":"https:\/\/optimate1.com\/fr\/wp-json\/wp\/v2\/product\/27774","targetHints":{"allow":["GET"]}}],"collection":[{"href":"https:\/\/optimate1.com\/fr\/wp-json\/wp\/v2\/product"}],"about":[{"href":"https:\/\/optimate1.com\/fr\/wp-json\/wp\/v2\/types\/product"}],"wp:featuredmedia":[{"embeddable":true,"href":"https:\/\/optimate1.com\/fr\/wp-json\/wp\/v2\/media\/25030"}],"wp:attachment":[{"href":"https:\/\/optimate1.com\/fr\/wp-json\/wp\/v2\/media?parent=27774"}],"wp:term":[{"taxonomy":"product_brand","embeddable":true,"href":"https:\/\/optimate1.com\/fr\/wp-json\/wp\/v2\/product_brand?post=27774"},{"taxonomy":"product_cat","embeddable":true,"href":"https:\/\/optimate1.com\/fr\/wp-json\/wp\/v2\/product_cat?post=27774"},{"taxonomy":"product_tag","embeddable":true,"href":"https:\/\/optimate1.com\/fr\/wp-json\/wp\/v2\/product_tag?post=27774"}],"curies":[{"name":"wp","href":"https:\/\/api.w.org\/{rel}","templated":true}]}}