{"id":28742,"date":"2021-10-29T06:01:43","date_gmt":"2021-10-29T10:01:43","guid":{"rendered":"https:\/\/optimate1.com\/product\/optimate-7-select-c-fr\/"},"modified":"2026-03-31T05:49:49","modified_gmt":"2026-03-31T09:49:49","slug":"optimate-pro-1-duo","status":"publish","type":"product","link":"https:\/\/optimate1.com\/fr\/produit\/optimate-pro-1-duo\/","title":{"rendered":"OptiMate PRO-1 DUO"},"content":{"rendered":"<h6 style=\"text-align: center;\"><strong><span style=\"color: #10069f;\">OptiMate PRO-1 DUO est la combinaison professionnelle chargeur-test de batterie &amp; d&#8217;alimentation pour les professionnels des sports motoris\u00e9s &amp; les professionnels des petites embarcations et des machines, les ateliers de r\u00e9paration et les d\u00e9taillants de batteries.<\/span><\/strong><\/h6>\n<h6 style=\"text-align: center;\"><img loading=\"lazy\" decoding=\"async\" class=\"aligncenter wp-image-20910\" src=\"https:\/\/optimate1.com\/wp-content\/uploads\/2023\/11\/pro-series-image-copy-10.png\" alt=\"optimate pro 1 duo has 3 Selections: select a charge mode for 12V lead-acid OR 12.8V LiFePO4, or PowerSupply mode\" width=\"328\" height=\"70\" \/><\/h6>\n<p>&nbsp;<\/p>\n<h6 style=\"text-align: center;\"><strong><span style=\"color: #10069f;\">3 s\u00e9lections : S\u00e9lectionnez un mode de charge pour 12V plomb-acide OU 12.8V LiFePO4, ou s\u00e9lectionnez le mode PowerSupply pour le soutien de la batterie pendant le diagnostic du v\u00e9hicule, la mise au point ou le d\u00e9pannage.<\/span><\/strong><\/h6>\n<h6 style=\"text-align: center;\"><img loading=\"lazy\" decoding=\"async\" class=\"aligncenter wp-image-20910\" src=\"https:\/\/optimate1.com\/wp-content\/uploads\/2021\/11\/3-PRO-selections.png\" alt=\"optimate pro 1 duo has 3 Selections: select a charge mode for 12V lead-acid OR 12.8V LiFePO4, or PowerSupply mode\" width=\"428\" height=\"70\" \/><\/h6>\n<p>&nbsp;<\/p>\n<h6 style=\"text-align: center;\"><strong><span style=\"color: #10069f;\">Activation rapide et automatique de la batterie : le voyant de test vert clignotant indique que la batterie est saine et suffisamment charg\u00e9e.<\/span><\/strong><\/h6>\n<h6 style=\"text-align: center;\"><img loading=\"lazy\" decoding=\"async\" class=\"aligncenter wp-image-20977\" src=\"https:\/\/optimate1.com\/wp-content\/uploads\/2021\/11\/PRO-battery-activation-copy-1.png\" alt=\"optimate pro 1 duo has automatic fast battery activation\" width=\"428\" height=\"70\" \/><\/h6>\n<p>&nbsp;<\/p>\n<h6 style=\"text-align: center;\"><\/h6>\n<h6 style=\"text-align: center;\"><strong><span style=\"color: #10069f;\"><img loading=\"lazy\" decoding=\"async\" class=\"aligncenter wp-image-20876\" src=\"https:\/\/optimate1.com\/wp-content\/uploads\/2021\/11\/PRO-steps.png\" alt=\"optimate pro 1 duo has smart recovery mode for deep discharged batteries\" width=\"428\" height=\"70\" \/><\/span><\/strong><\/h6>\n<p>&nbsp;<\/p>\n<h6 style=\"text-align: center;\"><strong><span style=\"color: #10069f;\">Bouton poussoir activant la r\u00e9initialisation du BMS pour les batteries LiFePO4.<\/span><\/strong><\/h6>\n<h6 style=\"text-align: center;\"><strong><span style=\"color: #10069f;\"><img loading=\"lazy\" decoding=\"async\" class=\"aligncenter wp-image-20660\" src=\"https:\/\/optimate1.com\/wp-content\/uploads\/2021\/11\/BMS-reset-copy-01.png\" alt=\"optimate pro 1 duo has a pushbutton activated BMS reset for Lithium batteries\" width=\"428\" height=\"100\" \/><\/span><\/strong><\/h6>\n<p>&nbsp;<\/p>\n<h6 style=\"text-align: center;\"><strong><span style=\"color: #10069f;\">Indication de test pour les batteries BONNE (80 \u00e0 100 %), OK (60 \u00e0 80 %) et MAUVAISE (moins de 60 %).<\/span><\/strong><\/h6>\n<h6 style=\"text-align: center;\"><img loading=\"lazy\" decoding=\"async\" class=\"aligncenter wp-image-20910\" src=\"https:\/\/optimate1.com\/wp-content\/uploads\/2021\/11\/PRO-TEST-lights-copy-2.png\" alt=\"test light indication optimate pro 1 duo\" width=\"428\" height=\"70\" \/><\/h6>\n<p>&nbsp;<\/p>\n<h6 style=\"text-align: center;\"><strong><span style=\"color: #10069f;\">Le mode d&#8217;alimentation fournit une puissance constante pour la mise au point du v\u00e9hicule, le diagnostic et le d\u00e9pannage.<\/span><\/strong><\/h6>\n<h6 style=\"text-align: center;\"><img loading=\"lazy\" decoding=\"async\" class=\"aligncenter wp-image-20977\" src=\"https:\/\/optimate1.com\/wp-content\/uploads\/2020\/12\/TUNE-power-supplyx2-300x49.png\" alt=\"PowerSupply mode for vehicle tuning\" width=\"428\" height=\"70\" srcset=\"https:\/\/optimate1.com\/wp-content\/uploads\/2020\/12\/TUNE-power-supplyx2-300x49.png 300w, https:\/\/optimate1.com\/wp-content\/uploads\/2020\/12\/TUNE-power-supplyx2-600x98.png 600w, https:\/\/optimate1.com\/wp-content\/uploads\/2020\/12\/TUNE-power-supplyx2-64x10.png 64w, https:\/\/optimate1.com\/wp-content\/uploads\/2020\/12\/TUNE-power-supplyx2-768x126.png 768w, https:\/\/optimate1.com\/wp-content\/uploads\/2020\/12\/TUNE-power-supplyx2.png 856w\" sizes=\"auto, (max-width: 428px) 100vw, 428px\" \/><\/h6>\n<p>&nbsp;<\/p>\n<p>&nbsp;<\/p>\n<h4 style=\"text-align: center;\"><strong><span style=\"text-decoration: underline;\">PLUS DE CARACT\u00c9RISTIQUES:<\/span><\/strong><\/h4>\n<p style=\"text-align: center;\">\n<table id=\"tablepress-580\" class=\"tablepress tablepress-id-580\">\n<tbody class=\"row-hover\">\n<tr class=\"row-1\">\n\t<td class=\"column-1\"><a href=\"\"><img loading=\"lazy\" decoding=\"async\" src=\"https:\/\/optimate1.com\/wp-content\/uploads\/2023\/09\/1DUO-batteries-copy-2.png\" alt=\"\" width=\"300\" height=\"50\" class=\"aligncenter size-medium wp-image-20927\" \/><\/a><body><h6><center>Pour tous les types de batteries de sport 12V, y compris plomb-acide (Pb) > STD (avec bouchons de remplissage), AGM &amp; GEL (VRLA scell\u00e9) et Li-Ion fabriqu\u00e9 avec la technologie LiFePO4 \/ LFP.<\/body><\/h6><\/center><br \/>\n<\/td>\n<\/tr>\n<tr class=\"row-2\">\n\t<td class=\"column-1\"><a href=\"\"><img loading=\"lazy\" decoding=\"async\" src=\"https:\/\/optimate1.com\/wp-content\/uploads\/2023\/11\/50-60hz.png\" alt=\"\" width=\"300\" height=\"50\" class=\"aligncenter size-medium wp-image-20928\" \/><\/a><body><h6><center>Entr\u00e9e globale - 100 \u00e0 240V 50-60Hz.<\/body><\/h6><\/center><\/td>\n<\/tr>\n<tr class=\"row-3\">\n\t<td class=\"column-1\"><a href=\"\"><img loading=\"lazy\" decoding=\"async\" src=\"https:\/\/optimate1.com\/wp-content\/uploads\/2021\/11\/AC-power-socket-copy-01.png\" alt=\"\" width=\"300\" height=\"50\" class=\"aligncenter size-medium wp-image-20995\" \/><\/a><body><h6><center>Prise d'alimentation CA pour cordons d'alimentation de classe 2<\/body><\/h6><\/center><\/td>\n<\/tr>\n<tr class=\"row-4\">\n\t<td class=\"column-1\"><a href=\"\"><img loading=\"lazy\" decoding=\"async\" src=\"https:\/\/optimate1.com\/wp-content\/uploads\/2021\/11\/CE-certification-x-01-2.png\" alt=\"\" width=\"300\" height=\"50\" class=\"aligncenter size-medium wp-image-20982\" \/><\/a><body><h6><center>Certification - CE, UKCA, NRTL (UL &amp; CSA), PSE (Japan), SAA (Aus &amp; NZ).<\/center><\/h6><\/body><\/td>\n<\/tr>\n<tr class=\"row-5\">\n\t<td class=\"column-1\"><a href=\"\"><img loading=\"lazy\" decoding=\"async\" src=\"https:\/\/optimate1.com\/wp-content\/uploads\/2021\/11\/PRO-hooks-copy-2-x-01.png\" alt=\"\" width=\"300\" height=\"50\" class=\"aligncenter size-medium wp-image-20993\" \/><\/a><body><h6><center>Utilisation portable - Crochet de suspension pour v\u00e9hicule et r\u00e9cepteur mural inclus.<\/body><\/h6><\/center><\/td>\n<\/tr>\n<tr class=\"row-6\">\n\t<td class=\"column-1\"><a href=\"\"><img loading=\"lazy\" decoding=\"async\" src=\"https:\/\/optimate1.com\/wp-content\/uploads\/2020\/12\/green-technology-hx2-1-300x49.png\" alt=\"\" width=\"300\" height=\"50\" class=\"aligncenter size-medium wp-image-20985\" \/><\/a><body><h6><center>50 % d'\u00e9nergie en moins, 50 % de co\u00fbts en moins.<br \/>\n<strong>\u221a<\/strong> Correction du facteur de puissance<br \/>\n<strong>\u221a<\/strong> Rectification synchrone<\/body><\/h6><\/center><\/td>\n<\/tr>\n<\/tbody>\n<\/table>\n<!-- #tablepress-580 from cache --><\/p>\n","protected":false},"excerpt":{"rendered":"<h3><span style=\"color: #231f20;\">S\u00e9rie PRO\u00a0: chargeur-testeur de batterie de diagnostic 12\u00a0V 10\u00a0A et alimentation \u00e9lectrique<\/span><\/h3>\n","protected":false},"featured_media":41969,"template":"","meta":[],"product_brand":[],"product_cat":[394],"product_tag":[],"class_list":{"0":"post-28742","1":"product","2":"type-product","3":"status-publish","4":"has-post-thumbnail","6":"product_cat-battery-chargers-fr","7":"pa_charge-battery-chemistry-pb-agm-gel-std-lead-acid-fr","8":"pa_charge-battery-more-12v-fr","9":"pa_charge-battery-more-moto-vehicule-tout-terrain","10":"pa_charge-battery-more-utv-sxs-cruiser-fr","11":"pa_power-ac-100-240vac-fr","12":"pa_product-group-optimate-7-fr","13":"pa_region-ca-fr","14":"pa_region-eu-fr-2","15":"pa_region-uk-fr-2","16":"pa_region-us-fr-2","17":"iside_voltage-12-fr","18":"iside_voltage-12-8-fr","19":"iside_ampere-9-9-fr","20":"iside_vehicle-moto-mecaniques-fr","21":"iside_charger_series-pro-professional-fr","22":"iside_charger_features-ajuster-la-tension-a-la-temperature-pour-le-plomb","23":"iside_charger_features-ajuster-le-courant-a-la-temperature-pour-lfp","24":"iside_charger_features-power-supply-tune-mode-fr","25":"iside_charger_features-maintenance-de-batterie-securisee-24-7","26":"iside_charger_features-maintenance-duo-24h-7-pour-pb-et-lfp","27":"iside_charger_features-save-sulphated-pb-lead-acid-fr","28":"iside_charger_features-save-low-volt-reset-bms-lithium-lfp-fr","29":"iside_charger_features-reinitialisation-du-bms-pour-batterie-lfp","30":"iside_charger_type-single-fr","31":"iside_battery_voltage-12-8v-13-2v","32":"iside_battery_voltage-12v-fr","33":"iside_battery_chemistry-lfp-lifepo4-lithium-ion-fr","34":"iside_battery_chemistry-pb-lead-acid-fr","35":"battery_charger_current-7-10a-fr","36":"battery_charger_current-ampmatic-1-to-10a-fr","37":"thunk-woo-product-list","38":"opn-qv-enable","39":"big-store-woo-hover-","40":"open-single-product-tab-horizontal","41":"open-shadow-","42":"open-shadow-hover-","44":"first","45":"instock","46":"shipping-taxable","47":"purchasable","48":"product-type-simple"},"yoast_head":"<!-- This site is optimized with the Yoast SEO plugin v27.2 - https:\/\/yoast.com\/product\/yoast-seo-wordpress\/ -->\n<title>OptiMate PRO-1 DUO - OptiMate<\/title>\n<meta name=\"description\" content=\"OptiMate PRO-1 DUO est la combinaison professionnelle chargeur-testeur de batterie et alimentation pour les sports motoris\u00e9s. Lire la suite.\" \/>\n<meta name=\"robots\" content=\"index, follow, max-snippet:-1, max-image-preview:large, max-video-preview:-1, noarchive\" \/>\n<link rel=\"canonical\" href=\"https:\/\/optimate1.com\/fr\/produit\/optimate-pro-1-duo\/\" \/>\n<meta property=\"og:locale\" content=\"fr_FR\" \/>\n<meta property=\"og:type\" content=\"article\" \/>\n<meta property=\"og:title\" content=\"OptiMate PRO-1 DUO - OptiMate\" \/>\n<meta property=\"og:description\" content=\"OptiMate PRO-1 DUO est la combinaison professionnelle chargeur-testeur de batterie et alimentation pour les sports motoris\u00e9s. Lire la suite.\" \/>\n<meta property=\"og:url\" content=\"https:\/\/optimate1.com\/fr\/produit\/optimate-pro-1-duo\/\" \/>\n<meta property=\"og:site_name\" content=\"OptiMate\" \/>\n<meta property=\"article:publisher\" content=\"https:\/\/www.facebook.com\/OptiMatebatterysavingcharger\/\" \/>\n<meta property=\"article:modified_time\" content=\"2026-03-31T09:49:49+00:00\" \/>\n<meta property=\"og:image\" content=\"https:\/\/optimate1.com\/wp-content\/uploads\/2026\/03\/OptiMate-PRO-1-TM650-12-copy-fr-1.png\" \/>\n\t<meta property=\"og:image:width\" content=\"1500\" \/>\n\t<meta property=\"og:image:height\" content=\"1500\" \/>\n\t<meta property=\"og:image:type\" content=\"image\/png\" \/>\n<meta name=\"twitter:card\" content=\"summary_large_image\" \/>\n<meta name=\"twitter:label1\" content=\"Dur\u00e9e de lecture estim\u00e9e\" \/>\n\t<meta name=\"twitter:data1\" content=\"3 minutes\" \/>\n<script type=\"application\/ld+json\" class=\"yoast-schema-graph\">{\"@context\":\"https:\/\/schema.org\",\"@graph\":[{\"@type\":\"WebPage\",\"@id\":\"https:\/\/optimate1.com\/fr\/produit\/optimate-pro-1-duo\/\",\"url\":\"https:\/\/optimate1.com\/fr\/produit\/optimate-pro-1-duo\/\",\"name\":\"OptiMate PRO-1 DUO - OptiMate\",\"isPartOf\":{\"@id\":\"https:\/\/optimate1.com\/#website\"},\"primaryImageOfPage\":{\"@id\":\"https:\/\/optimate1.com\/fr\/produit\/optimate-pro-1-duo\/#primaryimage\"},\"image\":{\"@id\":\"https:\/\/optimate1.com\/fr\/produit\/optimate-pro-1-duo\/#primaryimage\"},\"thumbnailUrl\":\"https:\/\/optimate1.com\/wp-content\/uploads\/2026\/03\/OptiMate-PRO-1-TM650-12-copy-fr-1.png\",\"datePublished\":\"2021-10-29T10:01:43+00:00\",\"dateModified\":\"2026-03-31T09:49:49+00:00\",\"description\":\"OptiMate PRO-1 DUO est la combinaison professionnelle chargeur-testeur de batterie et alimentation pour les sports motoris\u00e9s. Lire la suite.\",\"breadcrumb\":{\"@id\":\"https:\/\/optimate1.com\/fr\/produit\/optimate-pro-1-duo\/#breadcrumb\"},\"inLanguage\":\"fr-FR\",\"potentialAction\":[{\"@type\":\"ReadAction\",\"target\":[\"https:\/\/optimate1.com\/fr\/produit\/optimate-pro-1-duo\/\"]}]},{\"@type\":\"ImageObject\",\"inLanguage\":\"fr-FR\",\"@id\":\"https:\/\/optimate1.com\/fr\/produit\/optimate-pro-1-duo\/#primaryimage\",\"url\":\"https:\/\/optimate1.com\/wp-content\/uploads\/2026\/03\/OptiMate-PRO-1-TM650-12-copy-fr-1.png\",\"contentUrl\":\"https:\/\/optimate1.com\/wp-content\/uploads\/2026\/03\/OptiMate-PRO-1-TM650-12-copy-fr-1.png\",\"width\":1500,\"height\":1500},{\"@type\":\"BreadcrumbList\",\"@id\":\"https:\/\/optimate1.com\/fr\/produit\/optimate-pro-1-duo\/#breadcrumb\",\"itemListElement\":[{\"@type\":\"ListItem\",\"position\":1,\"name\":\"Home\",\"item\":\"https:\/\/optimate1.com\/\"},{\"@type\":\"ListItem\",\"position\":2,\"name\":\"Produits\",\"item\":\"https:\/\/optimate1.com\/shop\/\"},{\"@type\":\"ListItem\",\"position\":3,\"name\":\"OptiMate PRO-1 DUO\"}]},{\"@type\":\"WebSite\",\"@id\":\"https:\/\/optimate1.com\/#website\",\"url\":\"https:\/\/optimate1.com\/\",\"name\":\"OptiMate\",\"description\":\"Battery Chargers &amp; Accessories\",\"publisher\":{\"@id\":\"https:\/\/optimate1.com\/#organization\"},\"potentialAction\":[{\"@type\":\"SearchAction\",\"target\":{\"@type\":\"EntryPoint\",\"urlTemplate\":\"https:\/\/optimate1.com\/?s={search_term_string}\"},\"query-input\":{\"@type\":\"PropertyValueSpecification\",\"valueRequired\":true,\"valueName\":\"search_term_string\"}}],\"inLanguage\":\"fr-FR\"},{\"@type\":\"Organization\",\"@id\":\"https:\/\/optimate1.com\/#organization\",\"name\":\"OptiMate\",\"url\":\"https:\/\/optimate1.com\/\",\"logo\":{\"@type\":\"ImageObject\",\"inLanguage\":\"fr-FR\",\"@id\":\"https:\/\/optimate1.com\/#\/schema\/logo\/image\/\",\"url\":\"https:\/\/optimate1.com\/wp-content\/uploads\/2021\/06\/optimate-hpbc-stacklogo.jpg\",\"contentUrl\":\"https:\/\/optimate1.com\/wp-content\/uploads\/2021\/06\/optimate-hpbc-stacklogo.jpg\",\"width\":1025,\"height\":529,\"caption\":\"OptiMate\"},\"image\":{\"@id\":\"https:\/\/optimate1.com\/#\/schema\/logo\/image\/\"},\"sameAs\":[\"https:\/\/www.facebook.com\/OptiMatebatterysavingcharger\/\"]}]}<\/script>\n<!-- \/ Yoast SEO plugin. -->","yoast_head_json":{"title":"OptiMate PRO-1 DUO - OptiMate","description":"OptiMate PRO-1 DUO est la combinaison professionnelle chargeur-testeur de batterie et alimentation pour les sports motoris\u00e9s. Lire la suite.","robots":{"index":"index","follow":"follow","max-snippet":"max-snippet:-1","max-image-preview":"max-image-preview:large","max-video-preview":"max-video-preview:-1","archive":"noarchive"},"canonical":"https:\/\/optimate1.com\/fr\/produit\/optimate-pro-1-duo\/","og_locale":"fr_FR","og_type":"article","og_title":"OptiMate PRO-1 DUO - OptiMate","og_description":"OptiMate PRO-1 DUO est la combinaison professionnelle chargeur-testeur de batterie et alimentation pour les sports motoris\u00e9s. Lire la suite.","og_url":"https:\/\/optimate1.com\/fr\/produit\/optimate-pro-1-duo\/","og_site_name":"OptiMate","article_publisher":"https:\/\/www.facebook.com\/OptiMatebatterysavingcharger\/","article_modified_time":"2026-03-31T09:49:49+00:00","og_image":[{"width":1500,"height":1500,"url":"https:\/\/optimate1.com\/wp-content\/uploads\/2026\/03\/OptiMate-PRO-1-TM650-12-copy-fr-1.png","type":"image\/png"}],"twitter_card":"summary_large_image","twitter_misc":{"Dur\u00e9e de lecture estim\u00e9e":"3 minutes"},"schema":{"@context":"https:\/\/schema.org","@graph":[{"@type":"WebPage","@id":"https:\/\/optimate1.com\/fr\/produit\/optimate-pro-1-duo\/","url":"https:\/\/optimate1.com\/fr\/produit\/optimate-pro-1-duo\/","name":"OptiMate PRO-1 DUO - OptiMate","isPartOf":{"@id":"https:\/\/optimate1.com\/#website"},"primaryImageOfPage":{"@id":"https:\/\/optimate1.com\/fr\/produit\/optimate-pro-1-duo\/#primaryimage"},"image":{"@id":"https:\/\/optimate1.com\/fr\/produit\/optimate-pro-1-duo\/#primaryimage"},"thumbnailUrl":"https:\/\/optimate1.com\/wp-content\/uploads\/2026\/03\/OptiMate-PRO-1-TM650-12-copy-fr-1.png","datePublished":"2021-10-29T10:01:43+00:00","dateModified":"2026-03-31T09:49:49+00:00","description":"OptiMate PRO-1 DUO est la combinaison professionnelle chargeur-testeur de batterie et alimentation pour les sports motoris\u00e9s. Lire la suite.","breadcrumb":{"@id":"https:\/\/optimate1.com\/fr\/produit\/optimate-pro-1-duo\/#breadcrumb"},"inLanguage":"fr-FR","potentialAction":[{"@type":"ReadAction","target":["https:\/\/optimate1.com\/fr\/produit\/optimate-pro-1-duo\/"]}]},{"@type":"ImageObject","inLanguage":"fr-FR","@id":"https:\/\/optimate1.com\/fr\/produit\/optimate-pro-1-duo\/#primaryimage","url":"https:\/\/optimate1.com\/wp-content\/uploads\/2026\/03\/OptiMate-PRO-1-TM650-12-copy-fr-1.png","contentUrl":"https:\/\/optimate1.com\/wp-content\/uploads\/2026\/03\/OptiMate-PRO-1-TM650-12-copy-fr-1.png","width":1500,"height":1500},{"@type":"BreadcrumbList","@id":"https:\/\/optimate1.com\/fr\/produit\/optimate-pro-1-duo\/#breadcrumb","itemListElement":[{"@type":"ListItem","position":1,"name":"Home","item":"https:\/\/optimate1.com\/"},{"@type":"ListItem","position":2,"name":"Produits","item":"https:\/\/optimate1.com\/shop\/"},{"@type":"ListItem","position":3,"name":"OptiMate PRO-1 DUO"}]},{"@type":"WebSite","@id":"https:\/\/optimate1.com\/#website","url":"https:\/\/optimate1.com\/","name":"OptiMate","description":"Battery Chargers &amp; Accessories","publisher":{"@id":"https:\/\/optimate1.com\/#organization"},"potentialAction":[{"@type":"SearchAction","target":{"@type":"EntryPoint","urlTemplate":"https:\/\/optimate1.com\/?s={search_term_string}"},"query-input":{"@type":"PropertyValueSpecification","valueRequired":true,"valueName":"search_term_string"}}],"inLanguage":"fr-FR"},{"@type":"Organization","@id":"https:\/\/optimate1.com\/#organization","name":"OptiMate","url":"https:\/\/optimate1.com\/","logo":{"@type":"ImageObject","inLanguage":"fr-FR","@id":"https:\/\/optimate1.com\/#\/schema\/logo\/image\/","url":"https:\/\/optimate1.com\/wp-content\/uploads\/2021\/06\/optimate-hpbc-stacklogo.jpg","contentUrl":"https:\/\/optimate1.com\/wp-content\/uploads\/2021\/06\/optimate-hpbc-stacklogo.jpg","width":1025,"height":529,"caption":"OptiMate"},"image":{"@id":"https:\/\/optimate1.com\/#\/schema\/logo\/image\/"},"sameAs":["https:\/\/www.facebook.com\/OptiMatebatterysavingcharger\/"]}]}},"_links":{"self":[{"href":"https:\/\/optimate1.com\/fr\/wp-json\/wp\/v2\/product\/28742","targetHints":{"allow":["GET"]}}],"collection":[{"href":"https:\/\/optimate1.com\/fr\/wp-json\/wp\/v2\/product"}],"about":[{"href":"https:\/\/optimate1.com\/fr\/wp-json\/wp\/v2\/types\/product"}],"wp:featuredmedia":[{"embeddable":true,"href":"https:\/\/optimate1.com\/fr\/wp-json\/wp\/v2\/media\/41969"}],"wp:attachment":[{"href":"https:\/\/optimate1.com\/fr\/wp-json\/wp\/v2\/media?parent=28742"}],"wp:term":[{"taxonomy":"product_brand","embeddable":true,"href":"https:\/\/optimate1.com\/fr\/wp-json\/wp\/v2\/product_brand?post=28742"},{"taxonomy":"product_cat","embeddable":true,"href":"https:\/\/optimate1.com\/fr\/wp-json\/wp\/v2\/product_cat?post=28742"},{"taxonomy":"product_tag","embeddable":true,"href":"https:\/\/optimate1.com\/fr\/wp-json\/wp\/v2\/product_tag?post=28742"}],"curies":[{"name":"wp","href":"https:\/\/api.w.org\/{rel}","templated":true}]}}