{"id":29428,"date":"2022-04-08T07:03:15","date_gmt":"2022-04-08T11:03:15","guid":{"rendered":"https:\/\/optimate1.com\/product\/optimate-led-o-125v2-fr\/"},"modified":"2023-10-09T05:20:27","modified_gmt":"2023-10-09T09:20:27","slug":"optimate-led-o-125v2-fr","status":"publish","type":"product","link":"https:\/\/optimate1.com\/fr\/produit\/optimate-led-o-125v2-fr\/","title":{"rendered":"OptiMate MONITOR O-125"},"content":{"rendered":"<h6 style=\"text-align: center;\"><strong><span style=\"color: #10069f;\">Adaptateur SAE vers SAE avec moniteur d\u2019\u00e9tat de charge qui se connecte directement au c\u00e2ble de la batterie SAE mont\u00e9 sur la batterie 12V de votre v\u00e9hicule de sport motoris\u00e9 stationn\u00e9.<\/span><\/strong><\/h6>\n<h6 style=\"text-align: center;\"><img loading=\"lazy\" decoding=\"async\" class=\"aligncenter wp-image-20668\" src=\"https:\/\/optimate1.com\/wp-content\/uploads\/2022\/04\/O-125v2-vehicle-range-copy-01.png\" alt=\"The SAE to SAE adapter is recommended for motorcycles, side by side UTV and ATV.\" width=\"455\" height=\"80\" \/><\/h6>\n<p>&nbsp;<\/p>\n<h6 style=\"text-align: center;\"><strong><span style=\"color: #10069f;\">Parfait pour les batteries de 12V au plomb-acide &amp; 12.8V lithium-ion LFP LiFePO4.<\/span><\/strong><\/h6>\n<h6 style=\"text-align: center;\"><img loading=\"lazy\" decoding=\"async\" class=\"aligncenter wp-image-20660\" src=\"https:\/\/optimate1.com\/wp-content\/uploads\/2022\/04\/O-125v2-battery-range-copy-01.png\" alt=\"The SAE to SAE adapter is ideal for 12V lead-acid &amp; 12.8V lithium LFP batteries.\" width=\"321\" height=\"75\" \/><\/h6>\n<p>&nbsp;<\/p>\n<h6 style=\"text-align: center;\"><strong><span style=\"color: #10069f;\"><b>Port de charge SAE \u00e0 connexion rapide pour charger la batterie en cas de besoin!<\/b><\/span><\/strong><\/h6>\n<h6 style=\"text-align: center;\"><img loading=\"lazy\" decoding=\"async\" class=\"aligncenter wp-image-20876\" src=\"https:\/\/optimate1.com\/wp-content\/uploads\/2022\/04\/SAE-SAE-01.png\" alt=\"This cable is SAE to SAE.\" width=\"228\" height=\"70\" \/><\/h6>\n<p>&nbsp;<\/p>\n<h6 style=\"text-align: center;\"><strong><span style=\"color: #10069f;\"><b>Le syst\u00e8me de connexion SAE s\u2019adapte \u00e0 n\u2019importe quel connecteur SAE standard \u00e0 2 broches, comprend un joint en ligne adapt\u00e9 \u00e0 l\u2019OptiMate SAE <\/b><\/span><\/strong><span style=\"color: #10069f;\">&#8211; <\/span><i><span style=\"color: #10069f;\">Qualit\u00e9 Premium!<\/span><\/i><\/h6>\n<h6 style=\"text-align: center;\"><img loading=\"lazy\" decoding=\"async\" class=\"aligncenter wp-image-20876\" src=\"https:\/\/optimate1.com\/wp-content\/uploads\/2022\/09\/O125v2-length_x-final.png\" alt=\"The SAE to SAE adapter connection system fits any SAE standard 2-pin connector.\" width=\"428\" height=\"70\" \/><\/h6>\n<p>&nbsp;<\/p>\n<p>&nbsp;<\/p>\n<h4 style=\"text-align: center;\"><strong><span style=\"text-decoration: underline;\">MONITEUR D\u2019\u00c9TAT DE CHARGE DE LA BATTERIE:<\/span><\/strong><\/h4>\n<p style=\"text-align: center;\">\n<table id=\"tablepress-465\" class=\"tablepress tablepress-id-465\">\n<tbody class=\"row-hover\">\n<tr class=\"row-1\">\n\t<td class=\"column-1\"><a href=\"\"><img loading=\"lazy\" decoding=\"async\" src=\"https:\/\/optimate1.com\/wp-content\/uploads\/2023\/09\/with-sealed-cap_2-copy-01.png\" alt=\"\" width=\"250\" height=\"50\" class=\"aligncenter size-medium wp-image-20927\" \/><\/a><body><h6><center>Avec bouchon \u00e9tanche r\u00e9sistant. Le capuchon r\u00e9sistant aux intemp\u00e9ries prot\u00e8ge le connecteur SAE de la salet\u00e9 et de l'eau.<\/body><\/h6><\/center><br \/>\n<\/td>\n<\/tr>\n<tr class=\"row-2\">\n\t<td class=\"column-1\"><a href=\"\"><img loading=\"lazy\" decoding=\"async\" src=\"https:\/\/optimate1.com\/wp-content\/uploads\/2022\/04\/LEDs-2-lfp-blinks-01.png\" alt=\"\" width=\"300\" height=\"50\" class=\"aligncenter size-medium wp-image-20928\" \/><\/a><body><h6><center>\u00c9tat de la batterie indiqu\u00e9 toutes les 3 secondes (LED clignote).<\/body><\/h6><\/center><\/td>\n<\/tr>\n<tr class=\"row-3\">\n\t<td class=\"column-1\"><a href=\"\"><img loading=\"lazy\" decoding=\"async\" src=\"https:\/\/optimate1.com\/wp-content\/uploads\/2022\/04\/LEDs-2-agm-01.png\" alt=\"\" width=\"300\" height=\"50\" class=\"aligncenter size-medium wp-image-20995\" \/><\/a><body><h6><center>Indication d'\u00e9tat pour une batterie AGM haute performance.<\/body><\/h6><\/center><\/td>\n<\/tr>\n<tr class=\"row-4\">\n\t<td class=\"column-1\"><a href=\"\"><img loading=\"lazy\" decoding=\"async\" src=\"https:\/\/optimate1.com\/wp-content\/uploads\/2022\/04\/LEDs-2-lfp-01.png\" alt=\"\" width=\"300\" height=\"50\" class=\"aligncenter size-medium wp-image-20982\" \/><\/a><body><h6><center>Indication d'\u00e9tat pour une batterie lithium-ion LFP.<\/center><\/h6><\/body><\/td>\n<\/tr>\n<\/tbody>\n<\/table>\n<!-- #tablepress-465 from cache --><\/p>\n","protected":false},"excerpt":{"rendered":"<h3><span style=\"color: #cd202c;\">C\u00e2ble de batterie permanent avec contr\u00f4le du syst\u00e8me de charge\/de l\u2019\u00e9tat de la batterie int\u00e9gr\u00e9 pour batterie plomb-acide 12V &amp; lithium-ion 12.8V.<\/span><\/h3>\n","protected":false},"featured_media":31654,"template":"","meta":[],"product_brand":[],"product_cat":[2246,1058,2245,395],"product_tag":[],"class_list":{"0":"post-29428","1":"product","2":"type-product","3":"status-publish","4":"has-post-thumbnail","6":"product_cat-accessories-fr","7":"product_cat-cablesconnectors-fr","8":"product_cat-marine-fr","9":"product_cat-battery-testers-fr","10":"pa_cable-type-smart-led-monitor-fr","11":"pa_connector-type-sae-fr","12":"pa_region-ca-fr","13":"pa_region-eu-fr-2","14":"pa_region-uk-fr-2","15":"pa_region-us-fr-2","16":"iside_cable_type-cable-de-batterie-avec-moniteur","17":"thunk-woo-product-list","18":"opn-qv-enable","19":"big-store-woo-hover-","20":"open-single-product-tab-horizontal","21":"open-shadow-","22":"open-shadow-hover-","24":"first","25":"instock","26":"featured","27":"shipping-taxable","28":"purchasable","29":"product-type-simple"},"yoast_head":"<!-- This site is optimized with the Yoast SEO plugin v27.2 - https:\/\/yoast.com\/product\/yoast-seo-wordpress\/ -->\n<title>OptiMate MONITOR O-125 - OptiMate<\/title>\n<meta name=\"robots\" content=\"index, follow, max-snippet:-1, max-image-preview:large, max-video-preview:-1, noarchive\" \/>\n<link rel=\"canonical\" href=\"https:\/\/optimate1.com\/product\/o-125\/\" \/>\n<meta property=\"og:locale\" content=\"fr_FR\" \/>\n<meta property=\"og:type\" content=\"article\" \/>\n<meta property=\"og:title\" content=\"OptiMate MONITOR O-125 - OptiMate\" \/>\n<meta property=\"og:description\" content=\"C\u00e2ble de batterie permanent avec contr\u00f4le du syst\u00e8me de charge\/de l\u2019\u00e9tat de la batterie int\u00e9gr\u00e9 pour batterie plomb-acide 12V &amp; lithium-ion 12.8V.\" \/>\n<meta property=\"og:url\" content=\"https:\/\/optimate1.com\/product\/o-125\/\" \/>\n<meta property=\"og:site_name\" content=\"OptiMate\" \/>\n<meta property=\"article:publisher\" content=\"https:\/\/www.facebook.com\/OptiMatebatterysavingcharger\/\" \/>\n<meta property=\"article:modified_time\" content=\"2023-10-09T09:20:27+00:00\" \/>\n<meta property=\"og:image\" content=\"https:\/\/optimate1.com\/wp-content\/uploads\/2023\/01\/O125v2-1-fr.png\" \/>\n\t<meta property=\"og:image:width\" content=\"1500\" \/>\n\t<meta property=\"og:image:height\" content=\"1500\" \/>\n\t<meta property=\"og:image:type\" content=\"image\/png\" \/>\n<meta name=\"twitter:card\" content=\"summary_large_image\" \/>\n<meta name=\"twitter:label1\" content=\"Dur\u00e9e de lecture estim\u00e9e\" \/>\n\t<meta name=\"twitter:data1\" content=\"2 minutes\" \/>\n<script type=\"application\/ld+json\" class=\"yoast-schema-graph\">{\"@context\":\"https:\/\/schema.org\",\"@graph\":[{\"@type\":\"WebPage\",\"@id\":\"https:\/\/optimate1.com\/product\/o-125\/\",\"url\":\"https:\/\/optimate1.com\/product\/o-125\/\",\"name\":\"OptiMate MONITOR O-125 - OptiMate\",\"isPartOf\":{\"@id\":\"https:\/\/optimate1.com\/#website\"},\"primaryImageOfPage\":{\"@id\":\"https:\/\/optimate1.com\/product\/o-125\/#primaryimage\"},\"image\":{\"@id\":\"https:\/\/optimate1.com\/product\/o-125\/#primaryimage\"},\"thumbnailUrl\":\"https:\/\/optimate1.com\/wp-content\/uploads\/2023\/01\/O125v2-1-fr.png\",\"datePublished\":\"2022-04-08T11:03:15+00:00\",\"dateModified\":\"2023-10-09T09:20:27+00:00\",\"breadcrumb\":{\"@id\":\"https:\/\/optimate1.com\/product\/o-125\/#breadcrumb\"},\"inLanguage\":\"fr-FR\",\"potentialAction\":[{\"@type\":\"ReadAction\",\"target\":[\"https:\/\/optimate1.com\/product\/o-125\/\"]}]},{\"@type\":\"ImageObject\",\"inLanguage\":\"fr-FR\",\"@id\":\"https:\/\/optimate1.com\/product\/o-125\/#primaryimage\",\"url\":\"https:\/\/optimate1.com\/wp-content\/uploads\/2023\/01\/O125v2-1-fr.png\",\"contentUrl\":\"https:\/\/optimate1.com\/wp-content\/uploads\/2023\/01\/O125v2-1-fr.png\",\"width\":1500,\"height\":1500},{\"@type\":\"BreadcrumbList\",\"@id\":\"https:\/\/optimate1.com\/product\/o-125\/#breadcrumb\",\"itemListElement\":[{\"@type\":\"ListItem\",\"position\":1,\"name\":\"Home\",\"item\":\"https:\/\/optimate1.com\/\"},{\"@type\":\"ListItem\",\"position\":2,\"name\":\"Produits\",\"item\":\"https:\/\/optimate1.com\/shop\/\"},{\"@type\":\"ListItem\",\"position\":3,\"name\":\"OptiMate MONITOR O-125\"}]},{\"@type\":\"WebSite\",\"@id\":\"https:\/\/optimate1.com\/#website\",\"url\":\"https:\/\/optimate1.com\/\",\"name\":\"OptiMate\",\"description\":\"Battery Chargers &amp; Accessories\",\"publisher\":{\"@id\":\"https:\/\/optimate1.com\/#organization\"},\"potentialAction\":[{\"@type\":\"SearchAction\",\"target\":{\"@type\":\"EntryPoint\",\"urlTemplate\":\"https:\/\/optimate1.com\/?s={search_term_string}\"},\"query-input\":{\"@type\":\"PropertyValueSpecification\",\"valueRequired\":true,\"valueName\":\"search_term_string\"}}],\"inLanguage\":\"fr-FR\"},{\"@type\":\"Organization\",\"@id\":\"https:\/\/optimate1.com\/#organization\",\"name\":\"OptiMate\",\"url\":\"https:\/\/optimate1.com\/\",\"logo\":{\"@type\":\"ImageObject\",\"inLanguage\":\"fr-FR\",\"@id\":\"https:\/\/optimate1.com\/#\/schema\/logo\/image\/\",\"url\":\"https:\/\/optimate1.com\/wp-content\/uploads\/2021\/06\/optimate-hpbc-stacklogo.jpg\",\"contentUrl\":\"https:\/\/optimate1.com\/wp-content\/uploads\/2021\/06\/optimate-hpbc-stacklogo.jpg\",\"width\":1025,\"height\":529,\"caption\":\"OptiMate\"},\"image\":{\"@id\":\"https:\/\/optimate1.com\/#\/schema\/logo\/image\/\"},\"sameAs\":[\"https:\/\/www.facebook.com\/OptiMatebatterysavingcharger\/\"]}]}<\/script>\n<!-- \/ Yoast SEO plugin. -->","yoast_head_json":{"title":"OptiMate MONITOR O-125 - OptiMate","robots":{"index":"index","follow":"follow","max-snippet":"max-snippet:-1","max-image-preview":"max-image-preview:large","max-video-preview":"max-video-preview:-1","archive":"noarchive"},"canonical":"https:\/\/optimate1.com\/product\/o-125\/","og_locale":"fr_FR","og_type":"article","og_title":"OptiMate MONITOR O-125 - OptiMate","og_description":"C\u00e2ble de batterie permanent avec contr\u00f4le du syst\u00e8me de charge\/de l\u2019\u00e9tat de la batterie int\u00e9gr\u00e9 pour batterie plomb-acide 12V &amp; lithium-ion 12.8V.","og_url":"https:\/\/optimate1.com\/product\/o-125\/","og_site_name":"OptiMate","article_publisher":"https:\/\/www.facebook.com\/OptiMatebatterysavingcharger\/","article_modified_time":"2023-10-09T09:20:27+00:00","og_image":[{"width":1500,"height":1500,"url":"https:\/\/optimate1.com\/wp-content\/uploads\/2023\/01\/O125v2-1-fr.png","type":"image\/png"}],"twitter_card":"summary_large_image","twitter_misc":{"Dur\u00e9e de lecture estim\u00e9e":"2 minutes"},"schema":{"@context":"https:\/\/schema.org","@graph":[{"@type":"WebPage","@id":"https:\/\/optimate1.com\/product\/o-125\/","url":"https:\/\/optimate1.com\/product\/o-125\/","name":"OptiMate MONITOR O-125 - OptiMate","isPartOf":{"@id":"https:\/\/optimate1.com\/#website"},"primaryImageOfPage":{"@id":"https:\/\/optimate1.com\/product\/o-125\/#primaryimage"},"image":{"@id":"https:\/\/optimate1.com\/product\/o-125\/#primaryimage"},"thumbnailUrl":"https:\/\/optimate1.com\/wp-content\/uploads\/2023\/01\/O125v2-1-fr.png","datePublished":"2022-04-08T11:03:15+00:00","dateModified":"2023-10-09T09:20:27+00:00","breadcrumb":{"@id":"https:\/\/optimate1.com\/product\/o-125\/#breadcrumb"},"inLanguage":"fr-FR","potentialAction":[{"@type":"ReadAction","target":["https:\/\/optimate1.com\/product\/o-125\/"]}]},{"@type":"ImageObject","inLanguage":"fr-FR","@id":"https:\/\/optimate1.com\/product\/o-125\/#primaryimage","url":"https:\/\/optimate1.com\/wp-content\/uploads\/2023\/01\/O125v2-1-fr.png","contentUrl":"https:\/\/optimate1.com\/wp-content\/uploads\/2023\/01\/O125v2-1-fr.png","width":1500,"height":1500},{"@type":"BreadcrumbList","@id":"https:\/\/optimate1.com\/product\/o-125\/#breadcrumb","itemListElement":[{"@type":"ListItem","position":1,"name":"Home","item":"https:\/\/optimate1.com\/"},{"@type":"ListItem","position":2,"name":"Produits","item":"https:\/\/optimate1.com\/shop\/"},{"@type":"ListItem","position":3,"name":"OptiMate MONITOR O-125"}]},{"@type":"WebSite","@id":"https:\/\/optimate1.com\/#website","url":"https:\/\/optimate1.com\/","name":"OptiMate","description":"Battery Chargers &amp; Accessories","publisher":{"@id":"https:\/\/optimate1.com\/#organization"},"potentialAction":[{"@type":"SearchAction","target":{"@type":"EntryPoint","urlTemplate":"https:\/\/optimate1.com\/?s={search_term_string}"},"query-input":{"@type":"PropertyValueSpecification","valueRequired":true,"valueName":"search_term_string"}}],"inLanguage":"fr-FR"},{"@type":"Organization","@id":"https:\/\/optimate1.com\/#organization","name":"OptiMate","url":"https:\/\/optimate1.com\/","logo":{"@type":"ImageObject","inLanguage":"fr-FR","@id":"https:\/\/optimate1.com\/#\/schema\/logo\/image\/","url":"https:\/\/optimate1.com\/wp-content\/uploads\/2021\/06\/optimate-hpbc-stacklogo.jpg","contentUrl":"https:\/\/optimate1.com\/wp-content\/uploads\/2021\/06\/optimate-hpbc-stacklogo.jpg","width":1025,"height":529,"caption":"OptiMate"},"image":{"@id":"https:\/\/optimate1.com\/#\/schema\/logo\/image\/"},"sameAs":["https:\/\/www.facebook.com\/OptiMatebatterysavingcharger\/"]}]}},"_links":{"self":[{"href":"https:\/\/optimate1.com\/fr\/wp-json\/wp\/v2\/product\/29428","targetHints":{"allow":["GET"]}}],"collection":[{"href":"https:\/\/optimate1.com\/fr\/wp-json\/wp\/v2\/product"}],"about":[{"href":"https:\/\/optimate1.com\/fr\/wp-json\/wp\/v2\/types\/product"}],"wp:featuredmedia":[{"embeddable":true,"href":"https:\/\/optimate1.com\/fr\/wp-json\/wp\/v2\/media\/31654"}],"wp:attachment":[{"href":"https:\/\/optimate1.com\/fr\/wp-json\/wp\/v2\/media?parent=29428"}],"wp:term":[{"taxonomy":"product_brand","embeddable":true,"href":"https:\/\/optimate1.com\/fr\/wp-json\/wp\/v2\/product_brand?post=29428"},{"taxonomy":"product_cat","embeddable":true,"href":"https:\/\/optimate1.com\/fr\/wp-json\/wp\/v2\/product_cat?post=29428"},{"taxonomy":"product_tag","embeddable":true,"href":"https:\/\/optimate1.com\/fr\/wp-json\/wp\/v2\/product_tag?post=29428"}],"curies":[{"name":"wp","href":"https:\/\/api.w.org\/{rel}","templated":true}]}}