{"id":29444,"date":"2022-04-25T07:15:02","date_gmt":"2022-04-25T11:15:02","guid":{"rendered":"https:\/\/optimate1.com\/product\/optimate-cable-o-31-fr\/"},"modified":"2023-04-11T07:42:37","modified_gmt":"2023-04-11T11:42:37","slug":"optimate-cable-o-31-fr","status":"publish","type":"product","link":"https:\/\/optimate1.com\/fr\/produit\/optimate-cable-o-31-fr\/","title":{"rendered":"OptiMate CABLE O-31 x20"},"content":{"rendered":"<h3 class=\"entry-summary hidden-phone\"><strong>Connexion permanente facile et r\u00e9sistante aux intemp\u00e9ries \u00e0 la batterie au lithium 12,8V\/13,2V LiFePO4\/LFP de votre v\u00e9hicule de sport motoris\u00e9.<\/strong><\/h3>\n<h6 style=\"text-align: center;\"><img loading=\"lazy\" decoding=\"async\" class=\"aligncenter wp-image-20668\" src=\"https:\/\/optimate1.com\/wp-content\/uploads\/2023\/03\/Vehicle-range-OML-O-31.png\" alt=\"Le connecteur de batterie au lithium est recommand\u00e9 pour les VTT, les motos, les motos et les motos tout-terrain.\" width=\"528\" height=\"132\" \/><\/h6>\n<h6 style=\"text-align: center;\"><strong><span style=\"color: #10069f;\">Dimensionn\u00e9 pour les batteries de sports motoris\u00e9s <\/span><\/strong><span style=\"color: #10069f;\">&#8211; <\/span><span style=\"color: #10069f;\"><i>Les bornes \u00e0 anneau s&#8217;adaptent aux boulons standard M6 (1\/4&#8243;) sur la moto &amp; ATV 12.8V\/13.2V LiFePO4 \/ LFP lithium batteries.<\/i><\/span><\/h6>\n<h6 style=\"text-align: center;\"><img loading=\"lazy\" decoding=\"async\" class=\"aligncenter wp-image-20876\" src=\"https:\/\/optimate1.com\/wp-content\/uploads\/2023\/03\/ziptie-slits.png\" alt=\"fentes pour velcro \/ sangle de c\u00e2ble\" width=\"528\" height=\"70\" \/><\/h6>\n<h6 style=\"text-align: center;\"><strong><span style=\"color: #10069f;\">Connecteur SAE prot\u00e9g\u00e9 <\/span><\/strong><span style=\"color: #10069f;\">&#8211; <\/span><span style=\"color: #10069f;\"><i>&#8220;le capuchon et la gaine en caoutchouc emp\u00eachent l&#8217;eau \/ la salet\u00e9 de p\u00e9n\u00e9trer &amp; fentes zipp\u00e9es pour une s\u00e9curit\u00e9 &#8220;hors de danger&#8221;.<\/i><\/span><\/h6>\n<p>&nbsp;<\/p>\n<h6 style=\"text-align: center;\"><img loading=\"lazy\" decoding=\"async\" class=\"aligncenter wp-image-20876\" src=\"https:\/\/optimate1.com\/wp-content\/uploads\/2023\/03\/with-sealed-green-cap-O-31.png\" alt=\"Anneaux qui s'adaptent parfaitement aux bornes de la batterie au lithium Power Sport avec un fusible de 7,5 A qui prot\u00e8ge le c\u00e2ble et l'\u00e9lectronique \u00e0 -40\u00b0.\" width=\"428\" height=\"70\" \/><\/h6>\n<h6 style=\"text-align: center;\"><strong><span style=\"color: #10069f;\"><b>Caract\u00e9ristiques Premium <\/b><\/span><\/strong><span style=\"color: #10069f;\">\u2013 <\/span><span style=\"color: #10069f;\"><i>Longueur 50 cm (20&#8243;), fusible 7,5A, c\u00e2ble nominal -40\u00b0, courant nominal 5A (7A max), connecteur de charge SAE standard.<\/i><\/span><\/h6>\n<p>&nbsp;<\/p>\n<h4 style=\"text-align: center;\"><span style=\"text-decoration: underline;\"><strong>PLUS DE CARACT\u00c9RISTIQUES:<\/strong><\/span><\/h4>\n<p style=\"text-align: center;\">\n<table id=\"tablepress-300\" class=\"tablepress tablepress-id-300\">\n<tbody class=\"row-hover\">\n<tr class=\"row-1\">\n\t<td class=\"column-1\"><a href=\"\"><img loading=\"lazy\" decoding=\"async\" src=\"https:\/\/optimate1.com\/wp-content\/uploads\/2022\/04\/Inline-protection-against-dust-rain-01_600px-copy-2.png\" alt=\"\" width=\"600\" height=\"50\" class=\"aligncenter size-medium wp-image-20982\" \/><\/a><body><h6><center>La joint en caoutchouc prot\u00e8ge la connexion SAE.<\/center><\/h6><\/body><\/td>\n<\/tr>\n<tr class=\"row-2\">\n\t<td class=\"column-1\"><a href=\"\"><img loading=\"lazy\" decoding=\"async\" src=\"https:\/\/optimate1.com\/wp-content\/uploads\/2023\/03\/SPT-2.png\" alt=\"\" width=\"300\" height=\"40\" class=\"aligncenter size-medium wp-image-20993\" \/><\/a><body><h6><center>Isolation plus \u00e9paisse pour une meilleure protection.<\/body><\/h6><\/center><\/td>\n<\/tr>\n<tr class=\"row-3\">\n\t<td class=\"column-1\"><a href=\"\"><img loading=\"lazy\" decoding=\"async\" src=\"https:\/\/optimate1.com\/wp-content\/uploads\/2023\/03\/18AWG.png\" alt=\"\" width=\"300\" height=\"40\" class=\"aligncenter size-medium wp-image-21012\" \/><\/a><body><h6><center>Courant nominal: 5A en moyenne. \/ 7A max.<\/body><\/h6><\/center><\/td>\n<\/tr>\n<tr class=\"row-4\">\n\t<td class=\"column-1\"><a href=\"\"><img loading=\"lazy\" decoding=\"async\" src=\"https:\/\/optimate1.com\/wp-content\/uploads\/2021\/11\/weather-icon-copy_600px-01.png\" alt=\"\" width=\"600\" height=\"40\" class=\"aligncenter size-medium wp-image-21012\" \/><\/a><body><h6><center>Con\u00e7us pour une temp\u00e9rature normale et une utilisation en ext\u00e9rieur.<\/body><\/h6><\/center><\/td>\n<\/tr>\n<\/tbody>\n<\/table>\n<!-- #tablepress-300 from cache --><\/p>\n","protected":false},"excerpt":{"rendered":"<h3><span style=\"color: #006400;\">Weatherproof battery lead, Lithium (casquette verte)<\/span><\/h3>\n","protected":false},"featured_media":29397,"template":"","meta":[],"product_brand":[],"product_cat":[1058],"product_tag":[],"class_list":{"0":"post-29444","1":"product","2":"type-product","3":"status-publish","4":"has-post-thumbnail","6":"product_cat-cablesconnectors-fr","7":"pa_cable-type-battery-lead-fr","8":"pa_connector-type-ring-m6-1-4-fr","9":"pa_region-ca-fr","10":"pa_region-eu-fr-2","11":"pa_region-uk-fr-2","12":"pa_region-us-fr-2","13":"iside_cable_type-battery-lead-fr","14":"recommended_for-optimate-1-1-duo-fr","15":"recommended_for-optimate-2-2-duo-fr","16":"recommended_for-optimate-3-fr","17":"recommended_for-optimate-4-fr","18":"recommended_for-optimate-dc-dc-fr","19":"recommended_for-optimate-solar-duo-fr","20":"thunk-woo-product-list","21":"opn-qv-enable","22":"big-store-woo-hover-","23":"open-single-product-tab-horizontal","24":"open-shadow-","25":"open-shadow-hover-","27":"first","28":"instock","29":"featured","30":"shipping-taxable","31":"purchasable","32":"product-type-simple"},"yoast_head":"<!-- This site is optimized with the Yoast SEO plugin v27.2 - https:\/\/yoast.com\/product\/yoast-seo-wordpress\/ -->\n<title>OptiMate CABLE O-31 x20 - OptiMate<\/title>\n<meta name=\"description\" content=\"L&#039;OptiMate CABLE O-31 x20 est une connexion de batterie au lithium LFP 12V permanente et r\u00e9sistante aux intemp\u00e9ries. En savoir plus!\" \/>\n<meta name=\"robots\" content=\"index, follow, max-snippet:-1, max-image-preview:large, max-video-preview:-1, noarchive\" \/>\n<link rel=\"canonical\" href=\"https:\/\/optimate1.com\/product\/optimate-cable-o-31-jar\/\" \/>\n<meta property=\"og:locale\" content=\"fr_FR\" \/>\n<meta property=\"og:type\" content=\"article\" \/>\n<meta property=\"og:title\" content=\"OptiMate CABLE O-31 x20 - OptiMate\" \/>\n<meta property=\"og:description\" content=\"L&#039;OptiMate CABLE O-31 x20 est une connexion de batterie au lithium LFP 12V permanente et r\u00e9sistante aux intemp\u00e9ries. En savoir plus!\" \/>\n<meta property=\"og:url\" content=\"https:\/\/optimate1.com\/product\/optimate-cable-o-31-jar\/\" \/>\n<meta property=\"og:site_name\" content=\"OptiMate\" \/>\n<meta property=\"article:publisher\" content=\"https:\/\/www.facebook.com\/OptiMatebatterysavingcharger\/\" \/>\n<meta property=\"article:modified_time\" content=\"2023-04-11T11:42:37+00:00\" \/>\n<meta property=\"og:image\" content=\"https:\/\/optimate1.com\/wp-content\/uploads\/2022\/04\/O31x20-1.png\" \/>\n\t<meta property=\"og:image:width\" content=\"1500\" \/>\n\t<meta property=\"og:image:height\" content=\"1500\" \/>\n\t<meta property=\"og:image:type\" content=\"image\/png\" \/>\n<meta name=\"twitter:card\" content=\"summary_large_image\" \/>\n<meta name=\"twitter:label1\" content=\"Dur\u00e9e de lecture estim\u00e9e\" \/>\n\t<meta name=\"twitter:data1\" content=\"2 minutes\" \/>\n<script type=\"application\/ld+json\" class=\"yoast-schema-graph\">{\"@context\":\"https:\/\/schema.org\",\"@graph\":[{\"@type\":\"WebPage\",\"@id\":\"https:\/\/optimate1.com\/product\/optimate-cable-o-31-jar\/\",\"url\":\"https:\/\/optimate1.com\/product\/optimate-cable-o-31-jar\/\",\"name\":\"OptiMate CABLE O-31 x20 - OptiMate\",\"isPartOf\":{\"@id\":\"https:\/\/optimate1.com\/#website\"},\"primaryImageOfPage\":{\"@id\":\"https:\/\/optimate1.com\/product\/optimate-cable-o-31-jar\/#primaryimage\"},\"image\":{\"@id\":\"https:\/\/optimate1.com\/product\/optimate-cable-o-31-jar\/#primaryimage\"},\"thumbnailUrl\":\"https:\/\/optimate1.com\/wp-content\/uploads\/2022\/04\/O31x20-1.png\",\"datePublished\":\"2022-04-25T11:15:02+00:00\",\"dateModified\":\"2023-04-11T11:42:37+00:00\",\"description\":\"L'OptiMate CABLE O-31 x20 est une connexion de batterie au lithium LFP 12V permanente et r\u00e9sistante aux intemp\u00e9ries. En savoir plus!\",\"breadcrumb\":{\"@id\":\"https:\/\/optimate1.com\/product\/optimate-cable-o-31-jar\/#breadcrumb\"},\"inLanguage\":\"fr-FR\",\"potentialAction\":[{\"@type\":\"ReadAction\",\"target\":[\"https:\/\/optimate1.com\/product\/optimate-cable-o-31-jar\/\"]}]},{\"@type\":\"ImageObject\",\"inLanguage\":\"fr-FR\",\"@id\":\"https:\/\/optimate1.com\/product\/optimate-cable-o-31-jar\/#primaryimage\",\"url\":\"https:\/\/optimate1.com\/wp-content\/uploads\/2022\/04\/O31x20-1.png\",\"contentUrl\":\"https:\/\/optimate1.com\/wp-content\/uploads\/2022\/04\/O31x20-1.png\",\"width\":1500,\"height\":1500,\"caption\":\"lithium battery connection product image\"},{\"@type\":\"BreadcrumbList\",\"@id\":\"https:\/\/optimate1.com\/product\/optimate-cable-o-31-jar\/#breadcrumb\",\"itemListElement\":[{\"@type\":\"ListItem\",\"position\":1,\"name\":\"Home\",\"item\":\"https:\/\/optimate1.com\/\"},{\"@type\":\"ListItem\",\"position\":2,\"name\":\"Produits\",\"item\":\"https:\/\/optimate1.com\/shop\/\"},{\"@type\":\"ListItem\",\"position\":3,\"name\":\"OptiMate CABLE O-31 x20\"}]},{\"@type\":\"WebSite\",\"@id\":\"https:\/\/optimate1.com\/#website\",\"url\":\"https:\/\/optimate1.com\/\",\"name\":\"OptiMate\",\"description\":\"Battery Chargers &amp; Accessories\",\"publisher\":{\"@id\":\"https:\/\/optimate1.com\/#organization\"},\"potentialAction\":[{\"@type\":\"SearchAction\",\"target\":{\"@type\":\"EntryPoint\",\"urlTemplate\":\"https:\/\/optimate1.com\/?s={search_term_string}\"},\"query-input\":{\"@type\":\"PropertyValueSpecification\",\"valueRequired\":true,\"valueName\":\"search_term_string\"}}],\"inLanguage\":\"fr-FR\"},{\"@type\":\"Organization\",\"@id\":\"https:\/\/optimate1.com\/#organization\",\"name\":\"OptiMate\",\"url\":\"https:\/\/optimate1.com\/\",\"logo\":{\"@type\":\"ImageObject\",\"inLanguage\":\"fr-FR\",\"@id\":\"https:\/\/optimate1.com\/#\/schema\/logo\/image\/\",\"url\":\"https:\/\/optimate1.com\/wp-content\/uploads\/2021\/06\/optimate-hpbc-stacklogo.jpg\",\"contentUrl\":\"https:\/\/optimate1.com\/wp-content\/uploads\/2021\/06\/optimate-hpbc-stacklogo.jpg\",\"width\":1025,\"height\":529,\"caption\":\"OptiMate\"},\"image\":{\"@id\":\"https:\/\/optimate1.com\/#\/schema\/logo\/image\/\"},\"sameAs\":[\"https:\/\/www.facebook.com\/OptiMatebatterysavingcharger\/\"]}]}<\/script>\n<!-- \/ Yoast SEO plugin. -->","yoast_head_json":{"title":"OptiMate CABLE O-31 x20 - OptiMate","description":"L'OptiMate CABLE O-31 x20 est une connexion de batterie au lithium LFP 12V permanente et r\u00e9sistante aux intemp\u00e9ries. En savoir plus!","robots":{"index":"index","follow":"follow","max-snippet":"max-snippet:-1","max-image-preview":"max-image-preview:large","max-video-preview":"max-video-preview:-1","archive":"noarchive"},"canonical":"https:\/\/optimate1.com\/product\/optimate-cable-o-31-jar\/","og_locale":"fr_FR","og_type":"article","og_title":"OptiMate CABLE O-31 x20 - OptiMate","og_description":"L'OptiMate CABLE O-31 x20 est une connexion de batterie au lithium LFP 12V permanente et r\u00e9sistante aux intemp\u00e9ries. En savoir plus!","og_url":"https:\/\/optimate1.com\/product\/optimate-cable-o-31-jar\/","og_site_name":"OptiMate","article_publisher":"https:\/\/www.facebook.com\/OptiMatebatterysavingcharger\/","article_modified_time":"2023-04-11T11:42:37+00:00","og_image":[{"width":1500,"height":1500,"url":"https:\/\/optimate1.com\/wp-content\/uploads\/2022\/04\/O31x20-1.png","type":"image\/png"}],"twitter_card":"summary_large_image","twitter_misc":{"Dur\u00e9e de lecture estim\u00e9e":"2 minutes"},"schema":{"@context":"https:\/\/schema.org","@graph":[{"@type":"WebPage","@id":"https:\/\/optimate1.com\/product\/optimate-cable-o-31-jar\/","url":"https:\/\/optimate1.com\/product\/optimate-cable-o-31-jar\/","name":"OptiMate CABLE O-31 x20 - OptiMate","isPartOf":{"@id":"https:\/\/optimate1.com\/#website"},"primaryImageOfPage":{"@id":"https:\/\/optimate1.com\/product\/optimate-cable-o-31-jar\/#primaryimage"},"image":{"@id":"https:\/\/optimate1.com\/product\/optimate-cable-o-31-jar\/#primaryimage"},"thumbnailUrl":"https:\/\/optimate1.com\/wp-content\/uploads\/2022\/04\/O31x20-1.png","datePublished":"2022-04-25T11:15:02+00:00","dateModified":"2023-04-11T11:42:37+00:00","description":"L'OptiMate CABLE O-31 x20 est une connexion de batterie au lithium LFP 12V permanente et r\u00e9sistante aux intemp\u00e9ries. En savoir plus!","breadcrumb":{"@id":"https:\/\/optimate1.com\/product\/optimate-cable-o-31-jar\/#breadcrumb"},"inLanguage":"fr-FR","potentialAction":[{"@type":"ReadAction","target":["https:\/\/optimate1.com\/product\/optimate-cable-o-31-jar\/"]}]},{"@type":"ImageObject","inLanguage":"fr-FR","@id":"https:\/\/optimate1.com\/product\/optimate-cable-o-31-jar\/#primaryimage","url":"https:\/\/optimate1.com\/wp-content\/uploads\/2022\/04\/O31x20-1.png","contentUrl":"https:\/\/optimate1.com\/wp-content\/uploads\/2022\/04\/O31x20-1.png","width":1500,"height":1500,"caption":"lithium battery connection product image"},{"@type":"BreadcrumbList","@id":"https:\/\/optimate1.com\/product\/optimate-cable-o-31-jar\/#breadcrumb","itemListElement":[{"@type":"ListItem","position":1,"name":"Home","item":"https:\/\/optimate1.com\/"},{"@type":"ListItem","position":2,"name":"Produits","item":"https:\/\/optimate1.com\/shop\/"},{"@type":"ListItem","position":3,"name":"OptiMate CABLE O-31 x20"}]},{"@type":"WebSite","@id":"https:\/\/optimate1.com\/#website","url":"https:\/\/optimate1.com\/","name":"OptiMate","description":"Battery Chargers &amp; Accessories","publisher":{"@id":"https:\/\/optimate1.com\/#organization"},"potentialAction":[{"@type":"SearchAction","target":{"@type":"EntryPoint","urlTemplate":"https:\/\/optimate1.com\/?s={search_term_string}"},"query-input":{"@type":"PropertyValueSpecification","valueRequired":true,"valueName":"search_term_string"}}],"inLanguage":"fr-FR"},{"@type":"Organization","@id":"https:\/\/optimate1.com\/#organization","name":"OptiMate","url":"https:\/\/optimate1.com\/","logo":{"@type":"ImageObject","inLanguage":"fr-FR","@id":"https:\/\/optimate1.com\/#\/schema\/logo\/image\/","url":"https:\/\/optimate1.com\/wp-content\/uploads\/2021\/06\/optimate-hpbc-stacklogo.jpg","contentUrl":"https:\/\/optimate1.com\/wp-content\/uploads\/2021\/06\/optimate-hpbc-stacklogo.jpg","width":1025,"height":529,"caption":"OptiMate"},"image":{"@id":"https:\/\/optimate1.com\/#\/schema\/logo\/image\/"},"sameAs":["https:\/\/www.facebook.com\/OptiMatebatterysavingcharger\/"]}]}},"_links":{"self":[{"href":"https:\/\/optimate1.com\/fr\/wp-json\/wp\/v2\/product\/29444","targetHints":{"allow":["GET"]}}],"collection":[{"href":"https:\/\/optimate1.com\/fr\/wp-json\/wp\/v2\/product"}],"about":[{"href":"https:\/\/optimate1.com\/fr\/wp-json\/wp\/v2\/types\/product"}],"wp:featuredmedia":[{"embeddable":true,"href":"https:\/\/optimate1.com\/fr\/wp-json\/wp\/v2\/media\/29397"}],"wp:attachment":[{"href":"https:\/\/optimate1.com\/fr\/wp-json\/wp\/v2\/media?parent=29444"}],"wp:term":[{"taxonomy":"product_brand","embeddable":true,"href":"https:\/\/optimate1.com\/fr\/wp-json\/wp\/v2\/product_brand?post=29444"},{"taxonomy":"product_cat","embeddable":true,"href":"https:\/\/optimate1.com\/fr\/wp-json\/wp\/v2\/product_cat?post=29444"},{"taxonomy":"product_tag","embeddable":true,"href":"https:\/\/optimate1.com\/fr\/wp-json\/wp\/v2\/product_tag?post=29444"}],"curies":[{"name":"wp","href":"https:\/\/api.w.org\/{rel}","templated":true}]}}