{"id":30246,"date":"2022-01-12T07:47:33","date_gmt":"2022-01-12T12:47:33","guid":{"rendered":"https:\/\/optimate1.com\/product\/cbleo-77\/"},"modified":"2026-02-26T08:25:44","modified_gmt":"2026-02-26T13:25:44","slug":"o-77-cable-euro-5","status":"publish","type":"product","link":"https:\/\/optimate1.com\/fr\/produit\/o-77-cable-euro-5\/","title":{"rendered":"O-77 adaptateur Moto Euro5 | 6-pin Euro5 > SAE | 5A max"},"content":{"rendered":"<h6 style=\"text-align: center;\"><strong><span style=\"color: #10069f;\">Convient au connecteur de diagnostic \u00e0 6 broches Ducati 2021+ et \u00e0 d\u2019autres motos europ\u00e9ennes.<\/span><\/strong><\/h6>\n<h6 style=\"text-align: center;\"><img loading=\"lazy\" decoding=\"async\" class=\"aligncenter wp-image-20910\" src=\"https:\/\/optimate1.com\/wp-content\/uploads\/2023\/04\/O77-feature-cable-length-1-copy-6.png\" alt=\"The Euro 5 cable fits Ducati models from 2021+ and European motorcycles 6 pin euro 5 diagnostic connectors\" width=\"428\" height=\"70\" \/><\/h6>\n<p>&nbsp;<\/p>\n<h6 style=\"text-align: center;\"><strong><span style=\"color: #10069f;\">Le connecteur robuste SAE d\u2019OptiMate fonctionne avec tous les connecteurs de chargeur de batterie SAE standard \u00e0 2 broches.<\/span><\/strong><\/h6>\n<h6 style=\"text-align: center;\"><img loading=\"lazy\" decoding=\"async\" class=\"aligncenter wp-image-20977\" src=\"https:\/\/optimate1.com\/wp-content\/uploads\/2023\/04\/O-77-connection-to-charger.png\" alt=\"The Euro 5 cable has a protected 7.5A ATO fuse.\" width=\"428\" height=\"70\" \/><\/h6>\n<p>&nbsp;<\/p>\n<h6 style=\"text-align: center;\"><strong><span style=\"color: #10069f;\">Sp\u00e9cifications haut de gamme <\/span><\/strong><span style=\"color: #10069f;\">\u2013 <\/span><span style=\"color: #10069f;\"><i>longueur de 40 cm (16\u2033), fusible de 7.5A, courant nominal de 3A (5A max), fentes de fixation par collier de serrage sur le connecteur SAE.<\/i><\/span><\/h6>\n<h6 style=\"text-align: center;\"><strong><span style=\"color: #10069f;\"><img loading=\"lazy\" decoding=\"async\" class=\"aligncenter wp-image-20660\" src=\"https:\/\/optimate1.com\/wp-content\/uploads\/2023\/04\/cable-length-feature-copy-3.png\" alt=\"The euro 5 cable has a length of 40cm or 1.33ft\" width=\"428\" height=\"100\" \/><\/span><\/strong><\/h6>\n<p>&nbsp;<\/p>\n<p>&nbsp;<\/p>\n<h4 style=\"text-align: center;\"><span style=\"text-decoration: underline;\"><strong>PLUS DE CARACT\u00c9RISTIQUES:<\/strong><\/span><\/h4>\n<p style=\"text-align: center;\">\n<table id=\"tablepress-501\" class=\"tablepress tablepress-id-501\">\n<tbody class=\"row-hover\">\n<tr class=\"row-1\">\n\t<td class=\"column-1\"><a href=\"\"><img loading=\"lazy\" decoding=\"async\" src=\"https:\/\/optimate1.com\/wp-content\/uploads\/2023\/03\/Inline-protection-against-dust-rain-copy-4-1.png\" alt=\"\" width=\"300\" height=\"50\" class=\"aligncenter size-medium wp-image-20927\" \/><\/a><body><h6><center>Le joint en caoutchouc prot\u00e8ge la connexion SAE contre la salet\u00e9 et l'eau, gardant la connexion SAE propre.<\/body><\/h6><\/center><br \/>\n<\/td>\n<\/tr>\n<tr class=\"row-2\">\n\t<td class=\"column-1\"><a href=\"\"><img loading=\"lazy\" decoding=\"async\" src=\"https:\/\/optimate1.com\/wp-content\/uploads\/2023\/03\/SPT-1-copy.png\" alt=\"\" width=\"300\" height=\"50\" class=\"aligncenter size-medium wp-image-20928\" \/><\/a><body><h6><center>Isolation plus paise pour une meilleure protection.<\/body><\/h6><\/center><\/td>\n<\/tr>\n<tr class=\"row-3\">\n\t<td class=\"column-1\"><a href=\"\"><img loading=\"lazy\" decoding=\"async\" src=\"https:\/\/optimate1.com\/wp-content\/uploads\/2023\/03\/20AWG.png\" alt=\"\" width=\"300\" height=\"50\" class=\"aligncenter size-medium wp-image-20995\" \/><\/a><body><h6><center>Courant nominal: 3A ave. \/ 5A max.<\/body><\/h6><\/center><\/td>\n<\/tr>\n<tr class=\"row-4\">\n\t<td class=\"column-1\"><a href=\"\"><img loading=\"lazy\" decoding=\"async\" src=\"https:\/\/optimate1.com\/wp-content\/uploads\/2022\/01\/weather-icon-2-01.png\" alt=\"\" width=\"300\" height=\"50\" class=\"aligncenter size-medium wp-image-20982\" \/><\/a><body><h6><center>Con\u00e7us pour une temp\u00e9rature normale et une utilisation en ext\u00e9rieur.<\/center><\/h6><\/body><\/td>\n<\/tr>\n<\/tbody>\n<\/table>\n<!-- #tablepress-501 from cache --><\/p>\n","protected":false},"excerpt":{"rendered":"<h3><span style=\"color: #cd202c;\">Adaptateur, EURO5 \u00e0 SAE<\/span><\/h3>\n","protected":false},"featured_media":30254,"template":"","meta":[],"product_brand":[],"product_cat":[2246,1058,2245],"product_tag":[],"class_list":{"0":"post-30246","1":"product","2":"type-product","3":"status-publish","4":"has-post-thumbnail","6":"product_cat-accessories-fr","7":"product_cat-cablesconnectors-fr","8":"product_cat-marine-fr","9":"pa_cable-type-ducati-adapter-fr","10":"pa_connector-type-motorcycle-fr","11":"pa_region-ca-fr","12":"pa_region-eu-fr-2","13":"pa_region-uk-fr-2","14":"pa_region-us-fr-2","15":"iside_cable_type-adaptateur-sae-vers-autre","16":"iside_connector_type-euro-5-moto","17":"compatible_with-moto-ducati","18":"compatible_with-moto-prise-euro-5","19":"thunk-woo-product-list","20":"opn-qv-enable","21":"big-store-woo-hover-","22":"open-single-product-tab-horizontal","23":"open-shadow-","24":"open-shadow-hover-","26":"first","27":"instock","28":"featured","29":"shipping-taxable","30":"purchasable","31":"product-type-simple"},"yoast_head":"<!-- This site is optimized with the Yoast SEO plugin v27.2 - https:\/\/yoast.com\/product\/yoast-seo-wordpress\/ -->\n<title>O-77 adaptateur Moto Euro5 | 6-pin Euro5 &gt; SAE | 5A max - OptiMate<\/title>\n<meta name=\"description\" content=\"L&#039;OptiMate CABLE O-77 est un connecteur de c\u00e2ble EURO 5 au connecteur de chargeur SAE pour motos. Visitez notre site Web pour en savoir plus!\" \/>\n<meta name=\"robots\" content=\"index, follow, max-snippet:-1, max-image-preview:large, max-video-preview:-1, noarchive\" \/>\n<link rel=\"canonical\" href=\"https:\/\/optimate1.com\/product\/cbleo-77\/\" \/>\n<meta property=\"og:locale\" content=\"fr_FR\" \/>\n<meta property=\"og:type\" content=\"article\" \/>\n<meta property=\"og:title\" content=\"O-77 adaptateur Moto Euro5 | 6-pin Euro5 &gt; SAE | 5A max - OptiMate\" \/>\n<meta property=\"og:description\" content=\"L&#039;OptiMate CABLE O-77 est un connecteur de c\u00e2ble EURO 5 au connecteur de chargeur SAE pour motos. Visitez notre site Web pour en savoir plus!\" \/>\n<meta property=\"og:url\" content=\"https:\/\/optimate1.com\/product\/cbleo-77\/\" \/>\n<meta property=\"og:site_name\" content=\"OptiMate\" \/>\n<meta property=\"article:publisher\" content=\"https:\/\/www.facebook.com\/OptiMatebatterysavingcharger\/\" \/>\n<meta property=\"article:modified_time\" content=\"2026-02-26T13:25:44+00:00\" \/>\n<meta property=\"og:image\" content=\"https:\/\/optimate1.com\/wp-content\/uploads\/2022\/07\/O77-4-fr.png\" \/>\n\t<meta property=\"og:image:width\" content=\"1500\" \/>\n\t<meta property=\"og:image:height\" content=\"1500\" \/>\n\t<meta property=\"og:image:type\" content=\"image\/png\" \/>\n<meta name=\"twitter:card\" content=\"summary_large_image\" \/>\n<meta name=\"twitter:label1\" content=\"Dur\u00e9e de lecture estim\u00e9e\" \/>\n\t<meta name=\"twitter:data1\" content=\"2 minutes\" \/>\n<script type=\"application\/ld+json\" class=\"yoast-schema-graph\">{\"@context\":\"https:\/\/schema.org\",\"@graph\":[{\"@type\":\"WebPage\",\"@id\":\"https:\/\/optimate1.com\/product\/cbleo-77\/\",\"url\":\"https:\/\/optimate1.com\/product\/cbleo-77\/\",\"name\":\"O-77 adaptateur Moto Euro5 | 6-pin Euro5 > SAE | 5A max - OptiMate\",\"isPartOf\":{\"@id\":\"https:\/\/optimate1.com\/#website\"},\"primaryImageOfPage\":{\"@id\":\"https:\/\/optimate1.com\/product\/cbleo-77\/#primaryimage\"},\"image\":{\"@id\":\"https:\/\/optimate1.com\/product\/cbleo-77\/#primaryimage\"},\"thumbnailUrl\":\"https:\/\/optimate1.com\/wp-content\/uploads\/2022\/07\/O77-4-fr.png\",\"datePublished\":\"2022-01-12T12:47:33+00:00\",\"dateModified\":\"2026-02-26T13:25:44+00:00\",\"description\":\"L'OptiMate CABLE O-77 est un connecteur de c\u00e2ble EURO 5 au connecteur de chargeur SAE pour motos. Visitez notre site Web pour en savoir plus!\",\"breadcrumb\":{\"@id\":\"https:\/\/optimate1.com\/product\/cbleo-77\/#breadcrumb\"},\"inLanguage\":\"fr-FR\",\"potentialAction\":[{\"@type\":\"ReadAction\",\"target\":[\"https:\/\/optimate1.com\/product\/cbleo-77\/\"]}]},{\"@type\":\"ImageObject\",\"inLanguage\":\"fr-FR\",\"@id\":\"https:\/\/optimate1.com\/product\/cbleo-77\/#primaryimage\",\"url\":\"https:\/\/optimate1.com\/wp-content\/uploads\/2022\/07\/O77-4-fr.png\",\"contentUrl\":\"https:\/\/optimate1.com\/wp-content\/uploads\/2022\/07\/O77-4-fr.png\",\"width\":1500,\"height\":1500,\"caption\":\"O-77 cable euro 5 image du produit\"},{\"@type\":\"BreadcrumbList\",\"@id\":\"https:\/\/optimate1.com\/product\/cbleo-77\/#breadcrumb\",\"itemListElement\":[{\"@type\":\"ListItem\",\"position\":1,\"name\":\"Home\",\"item\":\"https:\/\/optimate1.com\/\"},{\"@type\":\"ListItem\",\"position\":2,\"name\":\"Produits\",\"item\":\"https:\/\/optimate1.com\/shop\/\"},{\"@type\":\"ListItem\",\"position\":3,\"name\":\"OptiMate CABLE O-77\"}]},{\"@type\":\"WebSite\",\"@id\":\"https:\/\/optimate1.com\/#website\",\"url\":\"https:\/\/optimate1.com\/\",\"name\":\"OptiMate\",\"description\":\"Battery Chargers &amp; Accessories\",\"publisher\":{\"@id\":\"https:\/\/optimate1.com\/#organization\"},\"potentialAction\":[{\"@type\":\"SearchAction\",\"target\":{\"@type\":\"EntryPoint\",\"urlTemplate\":\"https:\/\/optimate1.com\/?s={search_term_string}\"},\"query-input\":{\"@type\":\"PropertyValueSpecification\",\"valueRequired\":true,\"valueName\":\"search_term_string\"}}],\"inLanguage\":\"fr-FR\"},{\"@type\":\"Organization\",\"@id\":\"https:\/\/optimate1.com\/#organization\",\"name\":\"OptiMate\",\"url\":\"https:\/\/optimate1.com\/\",\"logo\":{\"@type\":\"ImageObject\",\"inLanguage\":\"fr-FR\",\"@id\":\"https:\/\/optimate1.com\/#\/schema\/logo\/image\/\",\"url\":\"https:\/\/optimate1.com\/wp-content\/uploads\/2021\/06\/optimate-hpbc-stacklogo.jpg\",\"contentUrl\":\"https:\/\/optimate1.com\/wp-content\/uploads\/2021\/06\/optimate-hpbc-stacklogo.jpg\",\"width\":1025,\"height\":529,\"caption\":\"OptiMate\"},\"image\":{\"@id\":\"https:\/\/optimate1.com\/#\/schema\/logo\/image\/\"},\"sameAs\":[\"https:\/\/www.facebook.com\/OptiMatebatterysavingcharger\/\"]}]}<\/script>\n<!-- \/ Yoast SEO plugin. -->","yoast_head_json":{"title":"O-77 adaptateur Moto Euro5 | 6-pin Euro5 > SAE | 5A max - OptiMate","description":"L'OptiMate CABLE O-77 est un connecteur de c\u00e2ble EURO 5 au connecteur de chargeur SAE pour motos. Visitez notre site Web pour en savoir plus!","robots":{"index":"index","follow":"follow","max-snippet":"max-snippet:-1","max-image-preview":"max-image-preview:large","max-video-preview":"max-video-preview:-1","archive":"noarchive"},"canonical":"https:\/\/optimate1.com\/product\/cbleo-77\/","og_locale":"fr_FR","og_type":"article","og_title":"O-77 adaptateur Moto Euro5 | 6-pin Euro5 > SAE | 5A max - OptiMate","og_description":"L'OptiMate CABLE O-77 est un connecteur de c\u00e2ble EURO 5 au connecteur de chargeur SAE pour motos. Visitez notre site Web pour en savoir plus!","og_url":"https:\/\/optimate1.com\/product\/cbleo-77\/","og_site_name":"OptiMate","article_publisher":"https:\/\/www.facebook.com\/OptiMatebatterysavingcharger\/","article_modified_time":"2026-02-26T13:25:44+00:00","og_image":[{"width":1500,"height":1500,"url":"https:\/\/optimate1.com\/wp-content\/uploads\/2022\/07\/O77-4-fr.png","type":"image\/png"}],"twitter_card":"summary_large_image","twitter_misc":{"Dur\u00e9e de lecture estim\u00e9e":"2 minutes"},"schema":{"@context":"https:\/\/schema.org","@graph":[{"@type":"WebPage","@id":"https:\/\/optimate1.com\/product\/cbleo-77\/","url":"https:\/\/optimate1.com\/product\/cbleo-77\/","name":"O-77 adaptateur Moto Euro5 | 6-pin Euro5 > SAE | 5A max - OptiMate","isPartOf":{"@id":"https:\/\/optimate1.com\/#website"},"primaryImageOfPage":{"@id":"https:\/\/optimate1.com\/product\/cbleo-77\/#primaryimage"},"image":{"@id":"https:\/\/optimate1.com\/product\/cbleo-77\/#primaryimage"},"thumbnailUrl":"https:\/\/optimate1.com\/wp-content\/uploads\/2022\/07\/O77-4-fr.png","datePublished":"2022-01-12T12:47:33+00:00","dateModified":"2026-02-26T13:25:44+00:00","description":"L'OptiMate CABLE O-77 est un connecteur de c\u00e2ble EURO 5 au connecteur de chargeur SAE pour motos. Visitez notre site Web pour en savoir plus!","breadcrumb":{"@id":"https:\/\/optimate1.com\/product\/cbleo-77\/#breadcrumb"},"inLanguage":"fr-FR","potentialAction":[{"@type":"ReadAction","target":["https:\/\/optimate1.com\/product\/cbleo-77\/"]}]},{"@type":"ImageObject","inLanguage":"fr-FR","@id":"https:\/\/optimate1.com\/product\/cbleo-77\/#primaryimage","url":"https:\/\/optimate1.com\/wp-content\/uploads\/2022\/07\/O77-4-fr.png","contentUrl":"https:\/\/optimate1.com\/wp-content\/uploads\/2022\/07\/O77-4-fr.png","width":1500,"height":1500,"caption":"O-77 cable euro 5 image du produit"},{"@type":"BreadcrumbList","@id":"https:\/\/optimate1.com\/product\/cbleo-77\/#breadcrumb","itemListElement":[{"@type":"ListItem","position":1,"name":"Home","item":"https:\/\/optimate1.com\/"},{"@type":"ListItem","position":2,"name":"Produits","item":"https:\/\/optimate1.com\/shop\/"},{"@type":"ListItem","position":3,"name":"OptiMate CABLE O-77"}]},{"@type":"WebSite","@id":"https:\/\/optimate1.com\/#website","url":"https:\/\/optimate1.com\/","name":"OptiMate","description":"Battery Chargers &amp; Accessories","publisher":{"@id":"https:\/\/optimate1.com\/#organization"},"potentialAction":[{"@type":"SearchAction","target":{"@type":"EntryPoint","urlTemplate":"https:\/\/optimate1.com\/?s={search_term_string}"},"query-input":{"@type":"PropertyValueSpecification","valueRequired":true,"valueName":"search_term_string"}}],"inLanguage":"fr-FR"},{"@type":"Organization","@id":"https:\/\/optimate1.com\/#organization","name":"OptiMate","url":"https:\/\/optimate1.com\/","logo":{"@type":"ImageObject","inLanguage":"fr-FR","@id":"https:\/\/optimate1.com\/#\/schema\/logo\/image\/","url":"https:\/\/optimate1.com\/wp-content\/uploads\/2021\/06\/optimate-hpbc-stacklogo.jpg","contentUrl":"https:\/\/optimate1.com\/wp-content\/uploads\/2021\/06\/optimate-hpbc-stacklogo.jpg","width":1025,"height":529,"caption":"OptiMate"},"image":{"@id":"https:\/\/optimate1.com\/#\/schema\/logo\/image\/"},"sameAs":["https:\/\/www.facebook.com\/OptiMatebatterysavingcharger\/"]}]}},"_links":{"self":[{"href":"https:\/\/optimate1.com\/fr\/wp-json\/wp\/v2\/product\/30246","targetHints":{"allow":["GET"]}}],"collection":[{"href":"https:\/\/optimate1.com\/fr\/wp-json\/wp\/v2\/product"}],"about":[{"href":"https:\/\/optimate1.com\/fr\/wp-json\/wp\/v2\/types\/product"}],"wp:featuredmedia":[{"embeddable":true,"href":"https:\/\/optimate1.com\/fr\/wp-json\/wp\/v2\/media\/30254"}],"wp:attachment":[{"href":"https:\/\/optimate1.com\/fr\/wp-json\/wp\/v2\/media?parent=30246"}],"wp:term":[{"taxonomy":"product_brand","embeddable":true,"href":"https:\/\/optimate1.com\/fr\/wp-json\/wp\/v2\/product_brand?post=30246"},{"taxonomy":"product_cat","embeddable":true,"href":"https:\/\/optimate1.com\/fr\/wp-json\/wp\/v2\/product_cat?post=30246"},{"taxonomy":"product_tag","embeddable":true,"href":"https:\/\/optimate1.com\/fr\/wp-json\/wp\/v2\/product_tag?post=30246"}],"curies":[{"name":"wp","href":"https:\/\/api.w.org\/{rel}","templated":true}]}}