{"id":30800,"date":"2022-09-12T09:39:29","date_gmt":"2022-09-12T13:39:29","guid":{"rendered":"https:\/\/optimate1.com\/product\/om7-612v\/"},"modified":"2026-03-30T07:20:44","modified_gmt":"2026-03-30T11:20:44","slug":"om7-612v","status":"publish","type":"product","link":"https:\/\/optimate1.com\/fr\/produit\/om7-612v\/","title":{"rendered":"OptiMate 7 6V\/12V"},"content":{"rendered":"<h3><strong>OptiMate 7 6V\/12V &#8216;s\u00e9rie GOLD&#8217;, le chargeur de batterie avanc\u00e9 pour batteries 6V ou 12V plomb-acide \u00e0 cycle profond et batteries marines<\/strong> &#8211;\u00a0<i>Parfait pour les batteries \u00e0 d\u00e9charge profonde!<\/i><\/h3>\n<h6 style=\"text-align: center;\"><img loading=\"lazy\" decoding=\"async\" class=\"aligncenter wp-image-20660\" src=\"https:\/\/optimate1.com\/wp-content\/uploads\/2022\/09\/TM263-batteries.png\" alt=\"The OptiMate 7 6V 12V battery charger is ideal for 6V and 12V deep cycle and marine batteries.\" width=\"428\" height=\"100\" \/><img loading=\"lazy\" decoding=\"async\" class=\"aligncenter wp-image-20668\" src=\"https:\/\/optimate1.com\/wp-content\/uploads\/2022\/09\/Vehicle-range-TM263.png\" alt=\"The OptiMate 7 6V 12V battery charger is recommended for maritime, industrial equipment, RV, cars and medical some equipment.\" width=\"428\" height=\"66\" \/><strong><span style=\"color: #10069f;\"><br \/>\nId\u00e9al pour les batteries au plomb 6V et 12V (STD, AGM-MF, GEL, Ca-Ca) trouv\u00e9es dans les v\u00e9hicules\/navires et \u00e9quipements ci-dessus.<\/span><\/strong><\/h6>\n<p>&nbsp;<\/p>\n<h6 style=\"text-align: center;\"><strong><img loading=\"lazy\" decoding=\"async\" class=\"aligncenter wp-image-20961\" src=\"https:\/\/optimate1.com\/wp-content\/uploads\/2022\/09\/voltage-programs.png\" alt=\"Select the right charge program when using the OptiMate 7 6V 12V battery charger: 3 charge modes for 6V and 3 charge modes for 12V.\" width=\"428\" height=\"70\" \/><\/strong><\/h6>\n<h6 style=\"text-align: center;\"><strong><span style=\"color: #10069f;\">S\u00e9lectionnez la tension de charge correcte pour votre batterie plomb-acide 6V ou 12V, y compris STD inond\u00e9e, AGM, GEL et Ca-Ca (plomb-calcium).<\/span><\/strong>\u00a0&#8211; <em><span style=\"color: #10069f;\">Cette s\u00e9lection reste en m\u00e9moire m\u00eame en cas d\u2019interruption de l\u2019alimentation secteur.<\/span><\/em><\/h6>\n<p>&nbsp;<\/p>\n<h6 style=\"text-align: center;\"><img loading=\"lazy\" decoding=\"async\" class=\"aligncenter wp-image-20876\" src=\"https:\/\/optimate1.com\/wp-content\/uploads\/2020\/12\/connect-save-charge-optimize-maintain-200.png\" alt=\"The fully automatic multi-step program to charge the battery safely. \" width=\"428\" height=\"70\" \/><\/h6>\n<h6 style=\"text-align: center;\"><strong><span style=\"color: #10069f;\">Le programme enti\u00e8rement automatique en plusieurs \u00e9tapes recharge enti\u00e8rement la batterie en toute s\u00e9curit\u00e9 &#8211; <\/span><\/strong><em><span style=\"color: #10069f;\">Branchez la batterie et OptiMate 7 6V\/12V s\u2019occupe du reste, aucune surveillance n\u2019est n\u00e9cessaire!<\/span><\/em><\/h6>\n<p>&nbsp;<\/p>\n<h4 style=\"text-align: center;\"><strong>PLUS DE CARACT\u00c9RISTIQUES:<\/strong><\/h4>\n<p style=\"text-align: center;\">\n<table id=\"tablepress-33\" class=\"tablepress tablepress-id-33\">\n<tbody class=\"row-hover\">\n<tr class=\"row-1\">\n\t<td class=\"column-1\"><a href=\"https:\/\/optimate1.com\/wp-content\/uploads\/2020\/12\/Green-arrow-ampmatic-logo2-.png\"><img loading=\"lazy\" decoding=\"async\" src=\"https:\/\/optimate1.com\/wp-content\/uploads\/2020\/12\/Ampmatic-SFL200.png\" alt=\"\" width=\"300\" height=\"50\" class=\"aligncenter size-medium wp-image-20927\" \/><\/a><body><h6><center>Ajuste automatiquement le courant en fonction de la taille et de l'\u00e9tat de la batterie. <\/body><\/h6><\/center><br \/>\n<\/td>\n<\/tr>\n<tr class=\"row-2\">\n\t<td class=\"column-1\"><a href=\"https:\/\/optimate1.com\/wp-content\/uploads\/2020\/12\/Ambient-SFL200-1.png\"><img loading=\"lazy\" decoding=\"async\" src=\"https:\/\/optimate1.com\/wp-content\/uploads\/2020\/12\/Ambient-SFL200-1.png\" alt=\"\" width=\"300\" height=\"50\" class=\"aligncenter size-medium wp-image-20928\" \/><\/a><body><h6><center>Compensation thermique: la tension est r\u00e9gl\u00e9e plus haut lors de temp\u00e9ratures basses et plus basse lors de temp\u00e9ratures \u00e9lev\u00e9es. <\/body><\/h6><\/center><\/td>\n<\/tr>\n<tr class=\"row-3\">\n\t<td class=\"column-1\"><a href=\"https:\/\/optimate1.com\/wp-content\/uploads\/2020\/12\/SAFE-connected-x2.jpg\"><img loading=\"lazy\" decoding=\"async\" src=\"https:\/\/optimate1.com\/wp-content\/uploads\/2020\/12\/SAFE-connected-x2-300x49.jpg\" alt=\"\" width=\"300\" height=\"50\" class=\"aligncenter size-medium wp-image-20995\" srcset=\"https:\/\/optimate1.com\/wp-content\/uploads\/2020\/12\/SAFE-connected-x2-300x49.jpg 300w, https:\/\/optimate1.com\/wp-content\/uploads\/2020\/12\/SAFE-connected-x2-600x98.jpg 600w, https:\/\/optimate1.com\/wp-content\/uploads\/2020\/12\/SAFE-connected-x2-64x10.jpg 64w, https:\/\/optimate1.com\/wp-content\/uploads\/2020\/12\/SAFE-connected-x2-768x126.jpg 768w, https:\/\/optimate1.com\/wp-content\/uploads\/2020\/12\/SAFE-connected-x2.jpg 856w\" sizes=\"auto, (max-width: 300px) 100vw, 300px\" \/><\/a><body><h6><center>Peut rester raccord\u00e9 en toute s\u00e9curit\u00e9. Totalement prot\u00e9g\u00e9 \u00e9lectroniquement.<\/body><\/h6><\/center><\/td>\n<\/tr>\n<tr class=\"row-4\">\n\t<td class=\"column-1\"><a href=\"https:\/\/optimate1.com\/wp-content\/uploads\/2020\/12\/24-7-x2.png\"><img loading=\"lazy\" decoding=\"async\" src=\"https:\/\/optimate1.com\/wp-content\/uploads\/2020\/12\/24-7-x2-300x49.png\" alt=\"\" width=\"300\" height=\"50\" class=\"aligncenter size-medium wp-image-20982\" srcset=\"https:\/\/optimate1.com\/wp-content\/uploads\/2020\/12\/24-7-x2-300x49.png 300w, https:\/\/optimate1.com\/wp-content\/uploads\/2020\/12\/24-7-x2-600x98.png 600w, https:\/\/optimate1.com\/wp-content\/uploads\/2020\/12\/24-7-x2-64x10.png 64w, https:\/\/optimate1.com\/wp-content\/uploads\/2020\/12\/24-7-x2-768x126.png 768w, https:\/\/optimate1.com\/wp-content\/uploads\/2020\/12\/24-7-x2.png 856w\" sizes=\"auto, (max-width: 300px) 100vw, 300px\" \/><\/a><body><h6><center>Maintient la batterie \u00e0 une charge compl\u00e8te et en bonne sant\u00e9.<\/center><\/h6><\/body><\/td>\n<\/tr>\n<tr class=\"row-5\">\n\t<td class=\"column-1\"><a href=\"https:\/\/optimate1.com\/wp-content\/uploads\/2020\/12\/SAVE-dead-battery-x2.png\"><img loading=\"lazy\" decoding=\"async\" src=\"https:\/\/optimate1.com\/wp-content\/uploads\/2020\/12\/SAVE-dead-battery-x2-300x49.png\" alt=\"\" width=\"300\" height=\"50\" class=\"aligncenter size-medium wp-image-20993\" srcset=\"https:\/\/optimate1.com\/wp-content\/uploads\/2020\/12\/SAVE-dead-battery-x2-300x49.png 300w, https:\/\/optimate1.com\/wp-content\/uploads\/2020\/12\/SAVE-dead-battery-x2-64x10.png 64w, https:\/\/optimate1.com\/wp-content\/uploads\/2020\/12\/SAVE-dead-battery-x2.png 428w\" sizes=\"auto, (max-width: 300px) 100vw, 300px\" \/><\/a><body><h6><center>Sauve votre batterie compl\u00e8tement \u00e0 plat en partant d\u2019une tension de seulement 0,5V.<\/body><\/h6><\/center><\/td>\n<\/tr>\n<tr class=\"row-6\">\n\t<td class=\"column-1\"><a href=\"https:\/\/optimate1.com\/wp-content\/uploads\/2020\/12\/state-of-health-test-3-LEDx2.png\"><img loading=\"lazy\" decoding=\"async\" src=\"https:\/\/optimate1.com\/wp-content\/uploads\/2020\/12\/state-of-health-test-3-LEDx2-300x49.png\" alt=\"\" width=\"300\" height=\"50\" class=\"aligncenter size-medium wp-image-20985\" srcset=\"https:\/\/optimate1.com\/wp-content\/uploads\/2020\/12\/state-of-health-test-3-LEDx2-300x49.png 300w, https:\/\/optimate1.com\/wp-content\/uploads\/2020\/12\/state-of-health-test-3-LEDx2-600x98.png 600w, https:\/\/optimate1.com\/wp-content\/uploads\/2020\/12\/state-of-health-test-3-LEDx2-64x10.png 64w, https:\/\/optimate1.com\/wp-content\/uploads\/2020\/12\/state-of-health-test-3-LEDx2-768x126.png 768w, https:\/\/optimate1.com\/wp-content\/uploads\/2020\/12\/state-of-health-test-3-LEDx2.png 856w\" sizes=\"auto, (max-width: 300px) 100vw, 300px\" \/><\/a><body><h6><center>Teste l'\u00e9tat de fonctionnement de la batterie.<\/body><\/h6><\/center><\/td>\n<\/tr>\n<tr class=\"row-7\">\n\t<td class=\"column-1\"><a href=\"https:\/\/optimate1.com\/wp-content\/uploads\/2020\/12\/will-not-charge-low-volt-battery.png\"><img loading=\"lazy\" decoding=\"async\" src=\"https:\/\/optimate1.com\/wp-content\/uploads\/2020\/12\/will-not-charge-low-volt-battery-300x49.png\" alt=\"\" width=\"300\" height=\"50\" class=\"aligncenter size-medium wp-image-21088\" srcset=\"https:\/\/optimate1.com\/wp-content\/uploads\/2020\/12\/will-not-charge-low-volt-battery-300x49.png 300w, https:\/\/optimate1.com\/wp-content\/uploads\/2020\/12\/will-not-charge-low-volt-battery-600x98.png 600w, https:\/\/optimate1.com\/wp-content\/uploads\/2020\/12\/will-not-charge-low-volt-battery-64x10.png 64w, https:\/\/optimate1.com\/wp-content\/uploads\/2020\/12\/will-not-charge-low-volt-battery-768x126.png 768w, https:\/\/optimate1.com\/wp-content\/uploads\/2020\/12\/will-not-charge-low-volt-battery.png 856w\" sizes=\"auto, (max-width: 300px) 100vw, 300px\" \/><\/a><body><h6><center>Contr\u00f4le de s\u00e9curit\u00e9 de la tension: ne se charge pas si la tension de la batterie ne correspond pas \u00e0 la s\u00e9lection. N\u00e9cessite la confirmation de l\u2019utilisateur.<\/body><\/h6><\/center><\/td>\n<\/tr>\n<tr class=\"row-8\">\n\t<td class=\"column-1\"><a href=\"https:\/\/optimate1.com\/wp-content\/uploads\/2020\/12\/green-technology-hx2-1.png\"><img loading=\"lazy\" decoding=\"async\" src=\"https:\/\/optimate1.com\/wp-content\/uploads\/2020\/12\/green-technology-hx2-1-300x49.png\" alt=\"\" width=\"300\" height=\"50\" class=\"aligncenter size-medium wp-image-20983\" \/><\/a><body><h6><center>50% d\u2019\u00e9nergie consomm\u00e9e en moins, 50% de frais en moins.<br \/>\n<strong>\u221a<\/strong> Correction du facteur de puissance<br \/>\n<strong>\u221a<\/strong> Rectification synchrone<\/body><\/h6><\/center><\/td>\n<\/tr>\n<tr class=\"row-9\">\n\t<td class=\"column-1\"><a href=\"https:\/\/optimate1.com\/wp-content\/uploads\/2020\/12\/weatherproof-x2.png\"><img loading=\"lazy\" decoding=\"async\" src=\"https:\/\/optimate1.com\/wp-content\/uploads\/2020\/12\/weatherproof-x2-300x49.png\" alt=\"\" width=\"300\" height=\"50\" class=\"aligncenter size-medium wp-image-21012\" srcset=\"https:\/\/optimate1.com\/wp-content\/uploads\/2020\/12\/weatherproof-x2-300x49.png 300w, https:\/\/optimate1.com\/wp-content\/uploads\/2020\/12\/weatherproof-x2-600x98.png 600w, https:\/\/optimate1.com\/wp-content\/uploads\/2020\/12\/weatherproof-x2-64x10.png 64w, https:\/\/optimate1.com\/wp-content\/uploads\/2020\/12\/weatherproof-x2-768x126.png 768w, https:\/\/optimate1.com\/wp-content\/uploads\/2020\/12\/weatherproof-x2.png 856w\" sizes=\"auto, (max-width: 300px) 100vw, 300px\" \/><\/a><body><h6><center>R\u00e9siste aux intemp\u00e9ries. Con\u00e7u pour une utilisation jusqu\u2019\u00e0 -40\u00b0C \/ -40\u00b0F.<\/body><\/h6><\/center><\/td>\n<\/tr>\n<\/tbody>\n<\/table>\n<!-- #tablepress-33 from cache --><\/p>\n","protected":false},"excerpt":{"rendered":"<h3><span style=\"color: #947c4e;\">s\u00e9rie GOLD: syst\u00e8me permettant de sauver, de charger et d\u2019assurer la maintenance d\u2019une batterie scell\u00e9e de 6V \/ 12V 10A en 8 \u00e9tapes<\/span><\/h3>\n","protected":false},"featured_media":41884,"template":"","meta":[],"product_brand":[],"product_cat":[394],"product_tag":[],"class_list":{"0":"post-30800","1":"product","2":"type-product","3":"status-publish","4":"has-post-thumbnail","6":"product_cat-battery-chargers-fr","7":"pa_charge-battery-chemistry-pb-agm-gel-std-lead-acid-fr","8":"pa_charge-battery-more-12v-fr","9":"pa_charge-battery-more-6v-fr","10":"pa_charge-battery-more-bateau-motomarine","11":"pa_charge-battery-more-deep-prolonge-industriel","12":"pa_charge-battery-more-optima-odyssey-fr-2","13":"pa_charge-battery-more-tracteur-construction","14":"pa_power-ac-100-240vac-fr","15":"pa_product-group-optimate-7-fr","16":"pa_region-ca-fr","17":"pa_region-eu-fr-2","18":"pa_region-uk-fr-2","19":"pa_region-us-fr-2","20":"iside_voltage-6-fr","21":"iside_ampere-9-9-fr","22":"iside_vehicle-oldtimer-classic-car-fr","23":"iside_vehicle-voiture-haute-performance-voiture-de-course-fr","24":"iside_charger_series-gold-advanced-fr-2","25":"iside_charger_features-maintenance-de-batterie-securisee-24-7","26":"iside_charger_features-save-sulphated-pb-lead-acid-fr","27":"iside_charger_type-single-fr","28":"iside_battery_voltage-12v-fr","29":"iside_battery_voltage-6v-fr","30":"iside_battery_chemistry-pb-lead-acid-fr","31":"battery_charger_current-7-10a-fr","32":"battery_charger_current-ampmatic-1-to-10a-fr","33":"thunk-woo-product-list","34":"opn-qv-enable","35":"big-store-woo-hover-","36":"open-single-product-tab-horizontal","37":"open-shadow-","38":"open-shadow-hover-","40":"first","41":"instock","42":"shipping-taxable","43":"purchasable","44":"product-type-simple"},"yoast_head":"<!-- This site is optimized with the Yoast SEO plugin v27.2 - https:\/\/yoast.com\/product\/yoast-seo-wordpress\/ -->\n<title>OptiMate 7 6V\/12V - OptiMate<\/title>\n<meta name=\"description\" content=\"Le chargeur OptiMate 7 6V\/12V est un chargeur de batterie avanc\u00e9 pour les batteries plomb-acide 6V et 12V (STD, AGM-MF, GEL, Ca-Ca).\" \/>\n<meta name=\"robots\" content=\"index, follow, max-snippet:-1, max-image-preview:large, max-video-preview:-1, noarchive\" \/>\n<link rel=\"canonical\" href=\"https:\/\/optimate1.com\/fr\/produit\/om7-612v\/\" \/>\n<meta property=\"og:locale\" content=\"fr_FR\" \/>\n<meta property=\"og:type\" content=\"article\" \/>\n<meta property=\"og:title\" content=\"OptiMate 7 6V\/12V - OptiMate\" \/>\n<meta property=\"og:description\" content=\"Le chargeur OptiMate 7 6V\/12V est un chargeur de batterie avanc\u00e9 pour les batteries plomb-acide 6V et 12V (STD, AGM-MF, GEL, Ca-Ca).\" \/>\n<meta property=\"og:url\" content=\"https:\/\/optimate1.com\/fr\/produit\/om7-612v\/\" \/>\n<meta property=\"og:site_name\" content=\"OptiMate\" \/>\n<meta property=\"article:publisher\" content=\"https:\/\/www.facebook.com\/OptiMatebatterysavingcharger\/\" \/>\n<meta property=\"article:modified_time\" content=\"2026-03-30T11:20:44+00:00\" \/>\n<meta property=\"og:image\" content=\"https:\/\/optimate1.com\/wp-content\/uploads\/2026\/03\/OptiMate-7-6-12V-TM263-11-fr-1024x1024.png\" \/>\n\t<meta property=\"og:image:width\" content=\"1024\" \/>\n\t<meta property=\"og:image:height\" content=\"1024\" \/>\n\t<meta property=\"og:image:type\" content=\"image\/png\" \/>\n<meta name=\"twitter:card\" content=\"summary_large_image\" \/>\n<meta name=\"twitter:label1\" content=\"Dur\u00e9e de lecture estim\u00e9e\" \/>\n\t<meta name=\"twitter:data1\" content=\"2 minutes\" \/>\n<script type=\"application\/ld+json\" class=\"yoast-schema-graph\">{\"@context\":\"https:\/\/schema.org\",\"@graph\":[{\"@type\":\"WebPage\",\"@id\":\"https:\/\/optimate1.com\/fr\/produit\/om7-612v\/\",\"url\":\"https:\/\/optimate1.com\/fr\/produit\/om7-612v\/\",\"name\":\"OptiMate 7 6V\/12V - OptiMate\",\"isPartOf\":{\"@id\":\"https:\/\/optimate1.com\/#website\"},\"primaryImageOfPage\":{\"@id\":\"https:\/\/optimate1.com\/fr\/produit\/om7-612v\/#primaryimage\"},\"image\":{\"@id\":\"https:\/\/optimate1.com\/fr\/produit\/om7-612v\/#primaryimage\"},\"thumbnailUrl\":\"https:\/\/optimate1.com\/wp-content\/uploads\/2026\/03\/OptiMate-7-6-12V-TM263-11-fr.png\",\"datePublished\":\"2022-09-12T13:39:29+00:00\",\"dateModified\":\"2026-03-30T11:20:44+00:00\",\"description\":\"Le chargeur OptiMate 7 6V\/12V est un chargeur de batterie avanc\u00e9 pour les batteries plomb-acide 6V et 12V (STD, AGM-MF, GEL, Ca-Ca).\",\"breadcrumb\":{\"@id\":\"https:\/\/optimate1.com\/fr\/produit\/om7-612v\/#breadcrumb\"},\"inLanguage\":\"fr-FR\",\"potentialAction\":[{\"@type\":\"ReadAction\",\"target\":[\"https:\/\/optimate1.com\/fr\/produit\/om7-612v\/\"]}]},{\"@type\":\"ImageObject\",\"inLanguage\":\"fr-FR\",\"@id\":\"https:\/\/optimate1.com\/fr\/produit\/om7-612v\/#primaryimage\",\"url\":\"https:\/\/optimate1.com\/wp-content\/uploads\/2026\/03\/OptiMate-7-6-12V-TM263-11-fr.png\",\"contentUrl\":\"https:\/\/optimate1.com\/wp-content\/uploads\/2026\/03\/OptiMate-7-6-12V-TM263-11-fr.png\",\"width\":1500,\"height\":1500},{\"@type\":\"BreadcrumbList\",\"@id\":\"https:\/\/optimate1.com\/fr\/produit\/om7-612v\/#breadcrumb\",\"itemListElement\":[{\"@type\":\"ListItem\",\"position\":1,\"name\":\"Home\",\"item\":\"https:\/\/optimate1.com\/\"},{\"@type\":\"ListItem\",\"position\":2,\"name\":\"Produits\",\"item\":\"https:\/\/optimate1.com\/shop\/\"},{\"@type\":\"ListItem\",\"position\":3,\"name\":\"OptiMate 7 6V\/12V\"}]},{\"@type\":\"WebSite\",\"@id\":\"https:\/\/optimate1.com\/#website\",\"url\":\"https:\/\/optimate1.com\/\",\"name\":\"OptiMate\",\"description\":\"Battery Chargers &amp; Accessories\",\"publisher\":{\"@id\":\"https:\/\/optimate1.com\/#organization\"},\"potentialAction\":[{\"@type\":\"SearchAction\",\"target\":{\"@type\":\"EntryPoint\",\"urlTemplate\":\"https:\/\/optimate1.com\/?s={search_term_string}\"},\"query-input\":{\"@type\":\"PropertyValueSpecification\",\"valueRequired\":true,\"valueName\":\"search_term_string\"}}],\"inLanguage\":\"fr-FR\"},{\"@type\":\"Organization\",\"@id\":\"https:\/\/optimate1.com\/#organization\",\"name\":\"OptiMate\",\"url\":\"https:\/\/optimate1.com\/\",\"logo\":{\"@type\":\"ImageObject\",\"inLanguage\":\"fr-FR\",\"@id\":\"https:\/\/optimate1.com\/#\/schema\/logo\/image\/\",\"url\":\"https:\/\/optimate1.com\/wp-content\/uploads\/2021\/06\/optimate-hpbc-stacklogo.jpg\",\"contentUrl\":\"https:\/\/optimate1.com\/wp-content\/uploads\/2021\/06\/optimate-hpbc-stacklogo.jpg\",\"width\":1025,\"height\":529,\"caption\":\"OptiMate\"},\"image\":{\"@id\":\"https:\/\/optimate1.com\/#\/schema\/logo\/image\/\"},\"sameAs\":[\"https:\/\/www.facebook.com\/OptiMatebatterysavingcharger\/\"]}]}<\/script>\n<!-- \/ Yoast SEO plugin. -->","yoast_head_json":{"title":"OptiMate 7 6V\/12V - OptiMate","description":"Le chargeur OptiMate 7 6V\/12V est un chargeur de batterie avanc\u00e9 pour les batteries plomb-acide 6V et 12V (STD, AGM-MF, GEL, Ca-Ca).","robots":{"index":"index","follow":"follow","max-snippet":"max-snippet:-1","max-image-preview":"max-image-preview:large","max-video-preview":"max-video-preview:-1","archive":"noarchive"},"canonical":"https:\/\/optimate1.com\/fr\/produit\/om7-612v\/","og_locale":"fr_FR","og_type":"article","og_title":"OptiMate 7 6V\/12V - OptiMate","og_description":"Le chargeur OptiMate 7 6V\/12V est un chargeur de batterie avanc\u00e9 pour les batteries plomb-acide 6V et 12V (STD, AGM-MF, GEL, Ca-Ca).","og_url":"https:\/\/optimate1.com\/fr\/produit\/om7-612v\/","og_site_name":"OptiMate","article_publisher":"https:\/\/www.facebook.com\/OptiMatebatterysavingcharger\/","article_modified_time":"2026-03-30T11:20:44+00:00","og_image":[{"width":1024,"height":1024,"url":"https:\/\/optimate1.com\/wp-content\/uploads\/2026\/03\/OptiMate-7-6-12V-TM263-11-fr-1024x1024.png","type":"image\/png"}],"twitter_card":"summary_large_image","twitter_misc":{"Dur\u00e9e de lecture estim\u00e9e":"2 minutes"},"schema":{"@context":"https:\/\/schema.org","@graph":[{"@type":"WebPage","@id":"https:\/\/optimate1.com\/fr\/produit\/om7-612v\/","url":"https:\/\/optimate1.com\/fr\/produit\/om7-612v\/","name":"OptiMate 7 6V\/12V - OptiMate","isPartOf":{"@id":"https:\/\/optimate1.com\/#website"},"primaryImageOfPage":{"@id":"https:\/\/optimate1.com\/fr\/produit\/om7-612v\/#primaryimage"},"image":{"@id":"https:\/\/optimate1.com\/fr\/produit\/om7-612v\/#primaryimage"},"thumbnailUrl":"https:\/\/optimate1.com\/wp-content\/uploads\/2026\/03\/OptiMate-7-6-12V-TM263-11-fr.png","datePublished":"2022-09-12T13:39:29+00:00","dateModified":"2026-03-30T11:20:44+00:00","description":"Le chargeur OptiMate 7 6V\/12V est un chargeur de batterie avanc\u00e9 pour les batteries plomb-acide 6V et 12V (STD, AGM-MF, GEL, Ca-Ca).","breadcrumb":{"@id":"https:\/\/optimate1.com\/fr\/produit\/om7-612v\/#breadcrumb"},"inLanguage":"fr-FR","potentialAction":[{"@type":"ReadAction","target":["https:\/\/optimate1.com\/fr\/produit\/om7-612v\/"]}]},{"@type":"ImageObject","inLanguage":"fr-FR","@id":"https:\/\/optimate1.com\/fr\/produit\/om7-612v\/#primaryimage","url":"https:\/\/optimate1.com\/wp-content\/uploads\/2026\/03\/OptiMate-7-6-12V-TM263-11-fr.png","contentUrl":"https:\/\/optimate1.com\/wp-content\/uploads\/2026\/03\/OptiMate-7-6-12V-TM263-11-fr.png","width":1500,"height":1500},{"@type":"BreadcrumbList","@id":"https:\/\/optimate1.com\/fr\/produit\/om7-612v\/#breadcrumb","itemListElement":[{"@type":"ListItem","position":1,"name":"Home","item":"https:\/\/optimate1.com\/"},{"@type":"ListItem","position":2,"name":"Produits","item":"https:\/\/optimate1.com\/shop\/"},{"@type":"ListItem","position":3,"name":"OptiMate 7 6V\/12V"}]},{"@type":"WebSite","@id":"https:\/\/optimate1.com\/#website","url":"https:\/\/optimate1.com\/","name":"OptiMate","description":"Battery Chargers &amp; Accessories","publisher":{"@id":"https:\/\/optimate1.com\/#organization"},"potentialAction":[{"@type":"SearchAction","target":{"@type":"EntryPoint","urlTemplate":"https:\/\/optimate1.com\/?s={search_term_string}"},"query-input":{"@type":"PropertyValueSpecification","valueRequired":true,"valueName":"search_term_string"}}],"inLanguage":"fr-FR"},{"@type":"Organization","@id":"https:\/\/optimate1.com\/#organization","name":"OptiMate","url":"https:\/\/optimate1.com\/","logo":{"@type":"ImageObject","inLanguage":"fr-FR","@id":"https:\/\/optimate1.com\/#\/schema\/logo\/image\/","url":"https:\/\/optimate1.com\/wp-content\/uploads\/2021\/06\/optimate-hpbc-stacklogo.jpg","contentUrl":"https:\/\/optimate1.com\/wp-content\/uploads\/2021\/06\/optimate-hpbc-stacklogo.jpg","width":1025,"height":529,"caption":"OptiMate"},"image":{"@id":"https:\/\/optimate1.com\/#\/schema\/logo\/image\/"},"sameAs":["https:\/\/www.facebook.com\/OptiMatebatterysavingcharger\/"]}]}},"_links":{"self":[{"href":"https:\/\/optimate1.com\/fr\/wp-json\/wp\/v2\/product\/30800","targetHints":{"allow":["GET"]}}],"collection":[{"href":"https:\/\/optimate1.com\/fr\/wp-json\/wp\/v2\/product"}],"about":[{"href":"https:\/\/optimate1.com\/fr\/wp-json\/wp\/v2\/types\/product"}],"wp:featuredmedia":[{"embeddable":true,"href":"https:\/\/optimate1.com\/fr\/wp-json\/wp\/v2\/media\/41884"}],"wp:attachment":[{"href":"https:\/\/optimate1.com\/fr\/wp-json\/wp\/v2\/media?parent=30800"}],"wp:term":[{"taxonomy":"product_brand","embeddable":true,"href":"https:\/\/optimate1.com\/fr\/wp-json\/wp\/v2\/product_brand?post=30800"},{"taxonomy":"product_cat","embeddable":true,"href":"https:\/\/optimate1.com\/fr\/wp-json\/wp\/v2\/product_cat?post=30800"},{"taxonomy":"product_tag","embeddable":true,"href":"https:\/\/optimate1.com\/fr\/wp-json\/wp\/v2\/product_tag?post=30800"}],"curies":[{"name":"wp","href":"https:\/\/api.w.org\/{rel}","templated":true}]}}