{"id":30829,"date":"2022-09-19T03:28:20","date_gmt":"2022-09-19T07:28:20","guid":{"rendered":"https:\/\/optimate1.com\/product\/om3x2\/"},"modified":"2026-03-26T06:11:41","modified_gmt":"2026-03-26T10:11:41","slug":"om3x2","status":"publish","type":"product","link":"https:\/\/optimate1.com\/fr\/produit\/om3x2\/","title":{"rendered":"OptiMate 3 x 2 BANK"},"content":{"rendered":"<h6 style=\"text-align: center;\"><strong><span style=\"color: #10069f;\">OptiMate 3 Dual bank est le chargeur d&#8217;\u00e9conomie de batterie \u00e0 2 r\u00e9servoirs enti\u00e8rement scell\u00e9s &amp; pour les batteries 12V AGM, GEL ou STD.<\/span><\/strong><img loading=\"lazy\" decoding=\"async\" class=\"aligncenter wp-image-20668\" src=\"https:\/\/optimate1.com\/wp-content\/uploads\/2021\/11\/Vehicle-range-OM3-01.png\" alt=\"The OptiMate 3 battery charger is recommended for batteries found in: motorcycles, scooters, ATV, jet skis, snowmobiles, lawn mowers.\" width=\"428\" height=\"66\" \/><\/h6>\n<p>&nbsp;<\/p>\n<h6 style=\"text-align: center;\"><strong><span style=\"color: #10069f;\">Les bancs de charge sont isol\u00e9s \u00e9lectriquement les uns des autres et <\/span><\/strong><strong><span style=\"color: #10069f;\">fonctionnent ind\u00e9pendamment &#8211;\u00a0<\/span><\/strong><i><span style=\"color: #10069f;\">Chargez les batteries s\u00e9par\u00e9ment ou chargez les batteries connect\u00e9es en s\u00e9rie !<\/span><\/i><\/h6>\n<p><a href=\"https:\/\/optimate1.com\/wp-content\/uploads\/2019\/01\/multibank-x2.png\"><img loading=\"lazy\" decoding=\"async\" class=\"aligncenter wp-image-28078 size-full\" src=\"https:\/\/optimate1.com\/wp-content\/uploads\/2019\/01\/multibank-x2.png\" alt=\"The OptiMate 3 x 2 Bank can charge batteries separately or charge batteries connected in series.\" width=\"852\" height=\"140\" srcset=\"https:\/\/optimate1.com\/wp-content\/uploads\/2019\/01\/multibank-x2.png 852w, https:\/\/optimate1.com\/wp-content\/uploads\/2019\/01\/multibank-x2-300x49.png 300w, https:\/\/optimate1.com\/wp-content\/uploads\/2019\/01\/multibank-x2-768x126.png 768w, https:\/\/optimate1.com\/wp-content\/uploads\/2019\/01\/multibank-x2-600x99.png 600w, https:\/\/optimate1.com\/wp-content\/uploads\/2019\/01\/multibank-x2-64x11.png 64w\" sizes=\"auto, (max-width: 852px) 100vw, 852px\" \/><\/a><\/p>\n<p>&nbsp;<\/p>\n<h6 style=\"text-align: center;\"><strong><span style=\"color: #10069f;\">Un programme enti\u00e8rement automatique en plusieurs \u00e9tapes am\u00e8ne la batterie \u00e0 pleine charge en toute s\u00e9curit\u00e9. &#8211; <\/span><\/strong><em><span style=\"color: #10069f;\">Connectez la batterie et l&#8217;OptiMate 3 fait le reste, aucune supervision n&#8217;est n\u00e9cessaire !<\/span><\/em><\/h6>\n<h6 style=\"text-align: center;\"><img loading=\"lazy\" decoding=\"async\" class=\"aligncenter wp-image-20876\" src=\"https:\/\/optimate1.com\/wp-content\/uploads\/2020\/12\/connect_save_charge-maintain-01.png\" alt=\"The fully automatic multi-step program to full charge the battery safely.\" width=\"428\" height=\"70\" \/><\/h6>\n<p>&nbsp;<\/p>\n<p>&nbsp;<\/p>\n<h4 style=\"text-align: center;\"><strong><span style=\"text-decoration: underline;\">PLUS DE CARACT\u00c9RISTIQUES:<\/span><\/strong><\/h4>\n<p style=\"text-align: center;\">\n<table id=\"tablepress-508\" class=\"tablepress tablepress-id-508\">\n<tbody class=\"row-hover\">\n<tr class=\"row-1\">\n\t<td class=\"column-1\"><a href=\"\"><img loading=\"lazy\" decoding=\"async\" src=\"https:\/\/optimate1.com\/wp-content\/uploads\/2023\/10\/OptiMate-3-batteries.png\" alt=\"\" width=\"300\" height=\"50\" class=\"aligncenter size-medium wp-image-20927\" \/><\/a><body><h6><center>Pour les types de batteries de sport motoris\u00e9 au plomb-acide (Pb) 12V, y compris STD (avec bouchons de remplissage), AGM, GEL (VRLA scell\u00e9), \u00e0 cycle profond et EFB.<\/body><\/h6><\/center><br \/>\n<\/td>\n<\/tr>\n<tr class=\"row-2\">\n\t<td class=\"column-1\"><a href=\"\"><img loading=\"lazy\" decoding=\"async\" src=\"https:\/\/optimate1.com\/wp-content\/uploads\/2023\/10\/analysis-desulphate-x-01.png\" alt=\"\" width=\"300\" height=\"50\" class=\"aligncenter size-medium wp-image-20928\" \/><\/a><body><h6><center>Diagnostique l'\u00e9tat sulfat\u00e9 de la batterie.<\/body><\/h6><\/center><\/td>\n<\/tr>\n<tr class=\"row-3\">\n\t<td class=\"column-1\"><a href=\"\"><img loading=\"lazy\" decoding=\"async\" src=\"https:\/\/optimate1.com\/wp-content\/uploads\/2021\/11\/SAVE-dead-battery-x2x.png\" alt=\"\" width=\"300\" height=\"50\" class=\"aligncenter size-medium wp-image-20995\" \/><\/a><body><h6><center>Sauvegarde votre batterie \"d\u00e9charg\u00e9e\" \u00e0 partir d'une tension aussi basse que 2V.<\/body><\/h6><\/center><\/td>\n<\/tr>\n<tr class=\"row-4\">\n\t<td class=\"column-1\"><a href=\"\"><img loading=\"lazy\" decoding=\"async\" src=\"https:\/\/optimate1.com\/wp-content\/uploads\/2020\/12\/state-of-health-test-2-LED-200.png\" alt=\"\" width=\"300\" height=\"50\" class=\"aligncenter size-medium wp-image-20982\" \/><\/a><body><h6><center>Tests de l'\u00e9tat de sant\u00e9 de la batterie.<\/center><\/h6><\/body><\/td>\n<\/tr>\n<tr class=\"row-5\">\n\t<td class=\"column-1\"><a href=\"\"><img loading=\"lazy\" decoding=\"async\" src=\"https:\/\/optimate1.com\/wp-content\/uploads\/2021\/11\/SAFE-OM1-DUO-01-1.png\" alt=\"\" width=\"300\" height=\"50\" class=\"aligncenter size-medium wp-image-20993\" \/><\/a><body><h6><center>Peut \u00eatre laiss\u00e9 branch\u00e9 en toute s\u00e9curit\u00e9. Protection \u00e9lectronique compl\u00e8te.<\/body><\/h6><\/center><\/td>\n<\/tr>\n<tr class=\"row-6\">\n\t<td class=\"column-1\"><a href=\"\"><img loading=\"lazy\" decoding=\"async\" src=\"https:\/\/optimate1.com\/wp-content\/uploads\/2020\/12\/24-7-x2-300x49.png\" alt=\"\" width=\"300\" height=\"50\" class=\"aligncenter size-medium wp-image-20985\" \/><\/a><body><h6><center>Maintient la batterie en pleine charge et en bonne sant\u00e9.<\/body><\/h6><\/center><\/td>\n<\/tr>\n<tr class=\"row-7\">\n\t<td class=\"column-1\"><a href=\"\"><img loading=\"lazy\" decoding=\"async\" src=\"https:\/\/optimate1.com\/wp-content\/uploads\/2020\/12\/green-technology-hx2-1-300x49.png\" alt=\"\" width=\"300\" height=\"50\" class=\"aligncenter size-medium wp-image-20983\" \/><\/a><body><h6><center>Technologie d'\u00e9conomie d'\u00e9nergie.<br \/>\n<strong>\u221a<\/strong> Puissance en veille inf\u00e9rieure \u00e0 0,5W.<br \/>\n<strong>\u221a<\/strong> Entretien efficace de la batterie 24 heures sur 24 et 7 jours sur 7.<\/body><\/h6><\/center><\/td>\n<\/tr>\n<tr class=\"row-8\">\n\t<td class=\"column-1\"><a href=\"\"><img loading=\"lazy\" decoding=\"async\" src=\"https:\/\/optimate1.com\/wp-content\/uploads\/2020\/12\/weatherproof-x2-300x49.png\" alt=\"\" width=\"300\" height=\"50\" class=\"aligncenter size-medium wp-image-21012\" srcset=\"https:\/\/optimate1.com\/wp-content\/uploads\/2020\/12\/weatherproof-x2-300x49.png 300w, https:\/\/optimate1.com\/wp-content\/uploads\/2020\/12\/weatherproof-x2-600x98.png 600w, https:\/\/optimate1.com\/wp-content\/uploads\/2020\/12\/weatherproof-x2-64x10.png 64w, https:\/\/optimate1.com\/wp-content\/uploads\/2020\/12\/weatherproof-x2-768x126.png 768w, https:\/\/optimate1.com\/wp-content\/uploads\/2020\/12\/weatherproof-x2.png 856w\" sizes=\"auto, (max-width: 300px) 100vw, 300px\" \/><\/a><body><h6><center>R\u00e9sistant aux intemp\u00e9ries. Con\u00e7u pour une utilisation jusqu'\u00e0 -40\u00b0C \/ -40\u00b0F.<\/body><\/h6><\/center><\/td>\n<\/tr>\n<\/tbody>\n<\/table>\n<!-- #tablepress-508 from cache --><\/p>\n","protected":false},"excerpt":{"rendered":"<h3><span style=\"color: #959b9d;\">S\u00e9rie SILVER: syst\u00e8me permettant de sauver, de charger et d\u2019assurer la maintenance d\u2019une batterie scell\u00e9e de 12V 0.8A en 7 \u00e9tapes <\/span><strong>x2<\/strong><\/h3>\n","protected":false},"featured_media":41793,"template":"","meta":[],"product_brand":[],"product_cat":[394],"product_tag":[],"class_list":{"0":"post-30829","1":"product","2":"type-product","3":"status-publish","4":"has-post-thumbnail","6":"product_cat-battery-chargers-fr","7":"pa_charge-battery-chemistry-pb-agm-gel-std-lead-acid-fr","8":"pa_charge-battery-more-12v-fr","9":"pa_power-ac-100-240vac-fr","10":"pa_product-group-optimate-3-fr","11":"pa_region-ca-fr","12":"pa_region-eu-fr-2","13":"pa_region-uk-fr-2","14":"pa_region-us-fr-2","15":"iside_voltage-12-fr","16":"iside_ampere-0-8-fr","17":"iside_vehicle-moto-mecaniques-fr","18":"iside_charger_series-silver-smarter-fr","19":"iside_charger_features-maintenance-de-batterie-securisee-24-7","20":"iside_charger_features-save-sulphated-pb-lead-acid-fr","21":"iside_charger_type-multibank-fr","22":"iside_battery_voltage-12v-fr","23":"iside_battery_chemistry-pb-lead-acid-fr","24":"battery_charger_current-0-6a-1-5a-fr","25":"thunk-woo-product-list","26":"opn-qv-enable","27":"big-store-woo-hover-","28":"open-single-product-tab-horizontal","29":"open-shadow-","30":"open-shadow-hover-","32":"first","33":"instock","34":"featured","35":"shipping-taxable","36":"purchasable","37":"product-type-simple"},"yoast_head":"<!-- This site is optimized with the Yoast SEO plugin v27.2 - https:\/\/yoast.com\/product\/yoast-seo-wordpress\/ -->\n<title>OptiMate 3 x 2 BANK - OptiMate<\/title>\n<meta name=\"description\" content=\"L&#039;OptiMate 3 x 2 Bank est le chargeur d&#039;\u00e9conomie de batterie \u00e0 2 banques enti\u00e8rement scell\u00e9 pour les batteries 12V AGM, GEL et STD.\" \/>\n<meta name=\"robots\" content=\"index, follow, max-snippet:-1, max-image-preview:large, max-video-preview:-1, noarchive\" \/>\n<link rel=\"canonical\" href=\"https:\/\/optimate1.com\/fr\/produit\/om3x2\/\" \/>\n<meta property=\"og:locale\" content=\"fr_FR\" \/>\n<meta property=\"og:type\" content=\"article\" \/>\n<meta property=\"og:title\" content=\"OptiMate 3 x 2 BANK - OptiMate\" \/>\n<meta property=\"og:description\" content=\"L&#039;OptiMate 3 x 2 Bank est le chargeur d&#039;\u00e9conomie de batterie \u00e0 2 banques enti\u00e8rement scell\u00e9 pour les batteries 12V AGM, GEL et STD.\" \/>\n<meta property=\"og:url\" content=\"https:\/\/optimate1.com\/fr\/produit\/om3x2\/\" \/>\n<meta property=\"og:site_name\" content=\"OptiMate\" \/>\n<meta property=\"article:publisher\" content=\"https:\/\/www.facebook.com\/OptiMatebatterysavingcharger\/\" \/>\n<meta property=\"article:modified_time\" content=\"2026-03-26T10:11:41+00:00\" \/>\n<meta property=\"og:image\" content=\"https:\/\/optimate1.com\/wp-content\/uploads\/2026\/03\/OptiMate-3-TM450-x2-fr-1024x1024.png\" \/>\n\t<meta property=\"og:image:width\" content=\"1024\" \/>\n\t<meta property=\"og:image:height\" content=\"1024\" \/>\n\t<meta property=\"og:image:type\" content=\"image\/png\" \/>\n<meta name=\"twitter:card\" content=\"summary_large_image\" \/>\n<meta name=\"twitter:label1\" content=\"Dur\u00e9e de lecture estim\u00e9e\" \/>\n\t<meta name=\"twitter:data1\" content=\"2 minutes\" \/>\n<script type=\"application\/ld+json\" class=\"yoast-schema-graph\">{\"@context\":\"https:\/\/schema.org\",\"@graph\":[{\"@type\":\"WebPage\",\"@id\":\"https:\/\/optimate1.com\/fr\/produit\/om3x2\/\",\"url\":\"https:\/\/optimate1.com\/fr\/produit\/om3x2\/\",\"name\":\"OptiMate 3 x 2 BANK - OptiMate\",\"isPartOf\":{\"@id\":\"https:\/\/optimate1.com\/#website\"},\"primaryImageOfPage\":{\"@id\":\"https:\/\/optimate1.com\/fr\/produit\/om3x2\/#primaryimage\"},\"image\":{\"@id\":\"https:\/\/optimate1.com\/fr\/produit\/om3x2\/#primaryimage\"},\"thumbnailUrl\":\"https:\/\/optimate1.com\/wp-content\/uploads\/2026\/03\/OptiMate-3-TM450-x2-fr.png\",\"datePublished\":\"2022-09-19T07:28:20+00:00\",\"dateModified\":\"2026-03-26T10:11:41+00:00\",\"description\":\"L'OptiMate 3 x 2 Bank est le chargeur d'\u00e9conomie de batterie \u00e0 2 banques enti\u00e8rement scell\u00e9 pour les batteries 12V AGM, GEL et STD.\",\"breadcrumb\":{\"@id\":\"https:\/\/optimate1.com\/fr\/produit\/om3x2\/#breadcrumb\"},\"inLanguage\":\"fr-FR\",\"potentialAction\":[{\"@type\":\"ReadAction\",\"target\":[\"https:\/\/optimate1.com\/fr\/produit\/om3x2\/\"]}]},{\"@type\":\"ImageObject\",\"inLanguage\":\"fr-FR\",\"@id\":\"https:\/\/optimate1.com\/fr\/produit\/om3x2\/#primaryimage\",\"url\":\"https:\/\/optimate1.com\/wp-content\/uploads\/2026\/03\/OptiMate-3-TM450-x2-fr.png\",\"contentUrl\":\"https:\/\/optimate1.com\/wp-content\/uploads\/2026\/03\/OptiMate-3-TM450-x2-fr.png\",\"width\":1500,\"height\":1500},{\"@type\":\"BreadcrumbList\",\"@id\":\"https:\/\/optimate1.com\/fr\/produit\/om3x2\/#breadcrumb\",\"itemListElement\":[{\"@type\":\"ListItem\",\"position\":1,\"name\":\"Home\",\"item\":\"https:\/\/optimate1.com\/\"},{\"@type\":\"ListItem\",\"position\":2,\"name\":\"Produits\",\"item\":\"https:\/\/optimate1.com\/shop\/\"},{\"@type\":\"ListItem\",\"position\":3,\"name\":\"OptiMate 3 x 2 BANK\"}]},{\"@type\":\"WebSite\",\"@id\":\"https:\/\/optimate1.com\/#website\",\"url\":\"https:\/\/optimate1.com\/\",\"name\":\"OptiMate\",\"description\":\"Battery Chargers &amp; Accessories\",\"publisher\":{\"@id\":\"https:\/\/optimate1.com\/#organization\"},\"potentialAction\":[{\"@type\":\"SearchAction\",\"target\":{\"@type\":\"EntryPoint\",\"urlTemplate\":\"https:\/\/optimate1.com\/?s={search_term_string}\"},\"query-input\":{\"@type\":\"PropertyValueSpecification\",\"valueRequired\":true,\"valueName\":\"search_term_string\"}}],\"inLanguage\":\"fr-FR\"},{\"@type\":\"Organization\",\"@id\":\"https:\/\/optimate1.com\/#organization\",\"name\":\"OptiMate\",\"url\":\"https:\/\/optimate1.com\/\",\"logo\":{\"@type\":\"ImageObject\",\"inLanguage\":\"fr-FR\",\"@id\":\"https:\/\/optimate1.com\/#\/schema\/logo\/image\/\",\"url\":\"https:\/\/optimate1.com\/wp-content\/uploads\/2021\/06\/optimate-hpbc-stacklogo.jpg\",\"contentUrl\":\"https:\/\/optimate1.com\/wp-content\/uploads\/2021\/06\/optimate-hpbc-stacklogo.jpg\",\"width\":1025,\"height\":529,\"caption\":\"OptiMate\"},\"image\":{\"@id\":\"https:\/\/optimate1.com\/#\/schema\/logo\/image\/\"},\"sameAs\":[\"https:\/\/www.facebook.com\/OptiMatebatterysavingcharger\/\"]}]}<\/script>\n<!-- \/ Yoast SEO plugin. -->","yoast_head_json":{"title":"OptiMate 3 x 2 BANK - OptiMate","description":"L'OptiMate 3 x 2 Bank est le chargeur d'\u00e9conomie de batterie \u00e0 2 banques enti\u00e8rement scell\u00e9 pour les batteries 12V AGM, GEL et STD.","robots":{"index":"index","follow":"follow","max-snippet":"max-snippet:-1","max-image-preview":"max-image-preview:large","max-video-preview":"max-video-preview:-1","archive":"noarchive"},"canonical":"https:\/\/optimate1.com\/fr\/produit\/om3x2\/","og_locale":"fr_FR","og_type":"article","og_title":"OptiMate 3 x 2 BANK - OptiMate","og_description":"L'OptiMate 3 x 2 Bank est le chargeur d'\u00e9conomie de batterie \u00e0 2 banques enti\u00e8rement scell\u00e9 pour les batteries 12V AGM, GEL et STD.","og_url":"https:\/\/optimate1.com\/fr\/produit\/om3x2\/","og_site_name":"OptiMate","article_publisher":"https:\/\/www.facebook.com\/OptiMatebatterysavingcharger\/","article_modified_time":"2026-03-26T10:11:41+00:00","og_image":[{"width":1024,"height":1024,"url":"https:\/\/optimate1.com\/wp-content\/uploads\/2026\/03\/OptiMate-3-TM450-x2-fr-1024x1024.png","type":"image\/png"}],"twitter_card":"summary_large_image","twitter_misc":{"Dur\u00e9e de lecture estim\u00e9e":"2 minutes"},"schema":{"@context":"https:\/\/schema.org","@graph":[{"@type":"WebPage","@id":"https:\/\/optimate1.com\/fr\/produit\/om3x2\/","url":"https:\/\/optimate1.com\/fr\/produit\/om3x2\/","name":"OptiMate 3 x 2 BANK - OptiMate","isPartOf":{"@id":"https:\/\/optimate1.com\/#website"},"primaryImageOfPage":{"@id":"https:\/\/optimate1.com\/fr\/produit\/om3x2\/#primaryimage"},"image":{"@id":"https:\/\/optimate1.com\/fr\/produit\/om3x2\/#primaryimage"},"thumbnailUrl":"https:\/\/optimate1.com\/wp-content\/uploads\/2026\/03\/OptiMate-3-TM450-x2-fr.png","datePublished":"2022-09-19T07:28:20+00:00","dateModified":"2026-03-26T10:11:41+00:00","description":"L'OptiMate 3 x 2 Bank est le chargeur d'\u00e9conomie de batterie \u00e0 2 banques enti\u00e8rement scell\u00e9 pour les batteries 12V AGM, GEL et STD.","breadcrumb":{"@id":"https:\/\/optimate1.com\/fr\/produit\/om3x2\/#breadcrumb"},"inLanguage":"fr-FR","potentialAction":[{"@type":"ReadAction","target":["https:\/\/optimate1.com\/fr\/produit\/om3x2\/"]}]},{"@type":"ImageObject","inLanguage":"fr-FR","@id":"https:\/\/optimate1.com\/fr\/produit\/om3x2\/#primaryimage","url":"https:\/\/optimate1.com\/wp-content\/uploads\/2026\/03\/OptiMate-3-TM450-x2-fr.png","contentUrl":"https:\/\/optimate1.com\/wp-content\/uploads\/2026\/03\/OptiMate-3-TM450-x2-fr.png","width":1500,"height":1500},{"@type":"BreadcrumbList","@id":"https:\/\/optimate1.com\/fr\/produit\/om3x2\/#breadcrumb","itemListElement":[{"@type":"ListItem","position":1,"name":"Home","item":"https:\/\/optimate1.com\/"},{"@type":"ListItem","position":2,"name":"Produits","item":"https:\/\/optimate1.com\/shop\/"},{"@type":"ListItem","position":3,"name":"OptiMate 3 x 2 BANK"}]},{"@type":"WebSite","@id":"https:\/\/optimate1.com\/#website","url":"https:\/\/optimate1.com\/","name":"OptiMate","description":"Battery Chargers &amp; Accessories","publisher":{"@id":"https:\/\/optimate1.com\/#organization"},"potentialAction":[{"@type":"SearchAction","target":{"@type":"EntryPoint","urlTemplate":"https:\/\/optimate1.com\/?s={search_term_string}"},"query-input":{"@type":"PropertyValueSpecification","valueRequired":true,"valueName":"search_term_string"}}],"inLanguage":"fr-FR"},{"@type":"Organization","@id":"https:\/\/optimate1.com\/#organization","name":"OptiMate","url":"https:\/\/optimate1.com\/","logo":{"@type":"ImageObject","inLanguage":"fr-FR","@id":"https:\/\/optimate1.com\/#\/schema\/logo\/image\/","url":"https:\/\/optimate1.com\/wp-content\/uploads\/2021\/06\/optimate-hpbc-stacklogo.jpg","contentUrl":"https:\/\/optimate1.com\/wp-content\/uploads\/2021\/06\/optimate-hpbc-stacklogo.jpg","width":1025,"height":529,"caption":"OptiMate"},"image":{"@id":"https:\/\/optimate1.com\/#\/schema\/logo\/image\/"},"sameAs":["https:\/\/www.facebook.com\/OptiMatebatterysavingcharger\/"]}]}},"_links":{"self":[{"href":"https:\/\/optimate1.com\/fr\/wp-json\/wp\/v2\/product\/30829","targetHints":{"allow":["GET"]}}],"collection":[{"href":"https:\/\/optimate1.com\/fr\/wp-json\/wp\/v2\/product"}],"about":[{"href":"https:\/\/optimate1.com\/fr\/wp-json\/wp\/v2\/types\/product"}],"wp:featuredmedia":[{"embeddable":true,"href":"https:\/\/optimate1.com\/fr\/wp-json\/wp\/v2\/media\/41793"}],"wp:attachment":[{"href":"https:\/\/optimate1.com\/fr\/wp-json\/wp\/v2\/media?parent=30829"}],"wp:term":[{"taxonomy":"product_brand","embeddable":true,"href":"https:\/\/optimate1.com\/fr\/wp-json\/wp\/v2\/product_brand?post=30829"},{"taxonomy":"product_cat","embeddable":true,"href":"https:\/\/optimate1.com\/fr\/wp-json\/wp\/v2\/product_cat?post=30829"},{"taxonomy":"product_tag","embeddable":true,"href":"https:\/\/optimate1.com\/fr\/wp-json\/wp\/v2\/product_tag?post=30829"}],"curies":[{"name":"wp","href":"https:\/\/api.w.org\/{rel}","templated":true}]}}