{"id":31434,"date":"2021-01-21T05:17:50","date_gmt":"2021-01-21T10:17:50","guid":{"rendered":"https:\/\/optimate1.com\/product\/solarduo\/"},"modified":"2026-01-28T03:53:49","modified_gmt":"2026-01-28T08:53:49","slug":"solarduo","status":"publish","type":"product","link":"https:\/\/optimate1.com\/fr\/produit\/solarduo\/","title":{"rendered":"Contr\u00f4leur OptiMate Solar DUO 5A"},"content":{"rendered":"<h3>OptiMate Solar DUO, le contr\u00f4leur solaire 5\u00a0Amp intelligent qui charge en toute s\u00e9curit\u00e9 tous types de batteries 12V &#8211; <i>une technologie enti\u00e8rement automatique &#8220;connect &amp; forget&#8221;!<\/i><\/h3>\n<h6 style=\"text-align: center;\"><img loading=\"lazy\" decoding=\"async\" class=\"wp-image-20668 aligncenter\" src=\"https:\/\/optimate1.com\/wp-content\/uploads\/2021\/01\/thumbnail_Solar-family-2020-DUO.jpg\" alt=\"\" width=\"428\" height=\"66\" \/><strong><span style=\"color: #10069f;\">Fonctionne avec des panneaux solaires polycristallins ou monocristallins de 12V, avec une puissance nominale de 10W \u00e0 60W.\u00a0\u00a0<\/span><\/strong><\/h6>\n<h6 style=\"text-align: center;\"><strong><span style=\"color: #10069f;\"><a href=\"https:\/\/optimate1.com\/wp-content\/uploads\/2021\/02\/OptiMate-Solar-Duo-5A-controller-Link1.pdf\" target=\"_blank\" rel=\"noopener\"><span style=\"text-decoration: underline;\">Sp\u00e9cifications du panneau solaire<\/span><\/a> \u00a0<\/span><\/strong><\/h6>\n<h6 style=\"text-align: center;\"><img loading=\"lazy\" decoding=\"async\" class=\"wp-image-20660 aligncenter\" src=\"https:\/\/optimate1.com\/wp-content\/uploads\/2021\/01\/DUO-battery-range-01-1.png\" alt=\"\" width=\"428\" height=\"100\" \/><strong><span style=\"color: #10069f;\">Charge des batteries au plomb-acide de 12V + batteries au lithium de 12.8V\/13.2V<\/span><\/strong><\/h6>\n<h6 style=\"text-align: center;\"><img loading=\"lazy\" decoding=\"async\" class=\"wp-image-20876 aligncenter\" src=\"https:\/\/optimate1.com\/wp-content\/uploads\/2021\/01\/Smart-control-scaled.jpg\" alt=\"\" width=\"428\" height=\"70\" \/><strong><span style=\"color: #10069f;\">Le contr\u00f4leur de charge intelligent ajuste automatiquement la charge en fonction du type et de l&#8217;\u00e9tat de la batterie &#8211;\u00a0<\/span><\/strong><i><span style=\"color: #10069f;\">Connectez-le \u00e0 la batterie et le contr\u00f4leur OptiMate Solar DUO fait le reste, aucune surveillance n\u2019est n\u00e9cessaire!<\/span><\/i><\/h6>\n<h6 style=\"text-align: center;\"><img loading=\"lazy\" decoding=\"async\" class=\"wp-image-20876 aligncenter\" src=\"https:\/\/optimate1.com\/wp-content\/uploads\/2021\/01\/SAVE-CHARGE-MAINTAIN-Solar-DUO-10W.png\" alt=\"\" width=\"428\" height=\"70\" \/><strong><span style=\"color: #10069f;\">Le programme automatique \u00e0 plusieurs \u00e9tapes permet d\u2019amener en toute s\u00e9curit\u00e9 la batterie \u00e0 pleine charge et entretient la batterie tous les jours &#8211; <\/span><\/strong><i><span style=\"color: #10069f;\">Chargeur de jour!<\/span><\/i><\/h6>\n<h6 style=\"text-align: center;\"><a href=\"https:\/\/optimate1.com\/wp-content\/uploads\/2021\/01\/Solar-DUO-monitor-1.png\"><img loading=\"lazy\" decoding=\"async\" class=\"aligncenter wp-image-22328\" src=\"https:\/\/optimate1.com\/wp-content\/uploads\/2021\/01\/Solar-DUO-monitor-1-300x41.png\" alt=\"\" width=\"428\" height=\"59\" srcset=\"https:\/\/optimate1.com\/wp-content\/uploads\/2021\/01\/Solar-DUO-monitor-1-300x41.png 300w, https:\/\/optimate1.com\/wp-content\/uploads\/2021\/01\/Solar-DUO-monitor-1-600x82.png 600w, https:\/\/optimate1.com\/wp-content\/uploads\/2021\/01\/Solar-DUO-monitor-1-64x9.png 64w, https:\/\/optimate1.com\/wp-content\/uploads\/2021\/01\/Solar-DUO-monitor-1-768x105.png 768w, https:\/\/optimate1.com\/wp-content\/uploads\/2021\/01\/Solar-DUO-monitor-1.png 1023w\" sizes=\"auto, (max-width: 428px) 100vw, 428px\" \/><\/a><strong><span style=\"color: #10069f;\"><span style=\"caret-color: #10069f;\">L\u2019\u00e9tat de la batterie s\u2019affiche sur le panneau LED 24h\/24 et 7j\/7\u00a0<\/span>&#8211; <\/span><\/strong><i><span style=\"color: #10069f;\">Surveillance de nuit!<\/span><\/i><\/h6>\n<h6 style=\"text-align: center;\"><img loading=\"lazy\" decoding=\"async\" class=\"wp-image-20876 aligncenter\" src=\"https:\/\/optimate1.com\/wp-content\/uploads\/2021\/01\/controller-included-20W-copy-2-01-scaled.jpg\" alt=\"\" width=\"428\" height=\"70\" \/><\/h6>\n<h6 style=\"text-align: center;\"><strong><span style=\"color: #10069f;\">Ce kit de contr\u00f4leur comprend des composants haut de gamme 1) contr\u00f4leur OptiMate Solar DUO 2) convertisseur de polarit\u00e9 O-27 SAE 3) fil de batterie O-01 4) pinces de batterie O-04 &#8211; <\/span><\/strong><i><span style=\"color: #10069f;\">pour une exp\u00e9rience de chargement solaire int\u00e9grale!<\/span><\/i><\/h6>\n<h6 style=\"text-align: center;\"><a href=\"https:\/\/optimate1.com\/wp-content\/uploads\/2021\/02\/OptiMate-Solar-Duo-5A-controller-Link2.pdf\" target=\"_blank\" rel=\"noopener\"><span style=\"text-decoration: underline;\"><strong><span style=\"color: #10069f; text-decoration: underline;\">Comment connecter le contr\u00f4leur \u00e0 votre panneau solaire et \u00e0 la batterie\u00a0?<\/span><\/strong><\/span><\/a><\/h6>\n<h4><\/h4>\n<p>&nbsp;<\/p>\n<h4 style=\"text-align: center;\"><strong>Plus de caract\u00e9ristiques:<\/strong><\/h4>\n<p style=\"text-align: center;\">\n<table id=\"tablepress-233\" class=\"tablepress tablepress-id-233\">\n<tbody class=\"row-hover\">\n<tr class=\"row-1\">\n\t<td class=\"column-1\"><a><img loading=\"lazy\" decoding=\"async\" src=\"https:\/\/optimate1.com\/wp-content\/uploads\/2021\/01\/SMART-dual-conversion.png\" alt=\"\" width=\"300\" height=\"50\" class=\"aligncenter size-medium wp-image-20927\" \/><\/a><body><h6><center>Convertit l\u2019\u00e9nergie solaire faible en une charge \u00e0 impulsions efficaces. <\/body><\/h6><\/center><br \/>\n<\/td>\n<\/tr>\n<tr class=\"row-2\">\n\t<td class=\"column-1\"><a><img loading=\"lazy\" decoding=\"async\" src=\"https:\/\/optimate1.com\/wp-content\/uploads\/2021\/01\/MONITOR-01-1.png\" alt=\"\" width=\"300\" height=\"50\" class=\"aligncenter size-medium wp-image-20927\" \/><\/a><body><h6><center>JOUR: charge et r\u00e9alise la maintenance. NUIT: contr\u00f4le le niveau de charge. <\/body><\/h6><\/center><br \/>\n<\/td>\n<\/tr>\n<tr class=\"row-3\">\n\t<td class=\"column-1\"><a><img loading=\"lazy\" decoding=\"async\" src=\"https:\/\/optimate1.com\/wp-content\/uploads\/2021\/12\/safe-solar-connection-copy-01-scaled.jpg\" alt=\"\" width=\"600\" height=\"50\" class=\"aligncenter size-medium wp-image-20982\" \/><\/a><body><h6><center>Peut rester raccord\u00e9 en toute s\u00e9curit\u00e9. Totalement prot\u00e9g\u00e9 \u00e9lectroniquement.<\/center><\/h6><\/body><\/td>\n<\/tr>\n<tr class=\"row-4\">\n\t<td class=\"column-1\"><a><img loading=\"lazy\" decoding=\"async\" src=\"https:\/\/optimate1.com\/wp-content\/uploads\/2021\/01\/Saves-from-as-low-as-4V-01.png\" alt=\"\" width=\"300\" height=\"50\" class=\"aligncenter size-medium wp-image-20993\" \/><\/a><body><h6><center>Sauve votre batterie compl\u00e8tement \u00e0 plat en partant d\u2019une tension de seulement 4V.<\/body><\/h6><\/center><\/td>\n<\/tr>\n<tr class=\"row-5\">\n\t<td class=\"column-1\"><a><img loading=\"lazy\" decoding=\"async\" src=\"https:\/\/optimate1.com\/wp-content\/uploads\/2020\/12\/green-technology-hx2-1-300x49.png\" alt=\"\" width=\"300\" height=\"50\" class=\"aligncenter size-medium wp-image-20983\" \/><\/a><body><h6><center><strong>\u221a<\/strong> Double conversion double efficace.<br \/>\n<strong>\u221a<\/strong> Faible consommation d\u2019\u00e9nergie.<\/body><\/h6><\/center><\/td>\n<\/tr>\n<tr class=\"row-6\">\n\t<td class=\"column-1\"><a><img loading=\"lazy\" decoding=\"async\" src=\"https:\/\/optimate1.com\/wp-content\/uploads\/2021\/01\/Weatherproof-Solar-20\u00b0-01.png\" alt=\"\" width=\"300\" height=\"50\" class=\"aligncenter size-medium wp-image-21012\" \/><\/a><body><h6><center>R\u00e9siste aux intemp\u00e9ries! Con\u00e7u pour une utilisation jusqu\u2019\u00e0-20\u00b0C\/-4\u00b0F.<\/body><\/h6><\/center><\/td>\n<\/tr>\n<\/tbody>\n<\/table>\n<!-- #tablepress-233 from cache --><\/p>\n<h4 style=\"text-align: center;\"><strong>Plus de Solar:<\/strong><\/h4>\n<p style=\"text-align: center;\"><a href=\"https:\/\/optimate1.com\/fr\/solar\/\" target=\"_blank\" rel=\"noopener\">https:\/\/optimate1.com\/fr\/solar\/<\/a><\/p>\n","protected":false},"excerpt":{"rendered":"<h3><span style=\"color: #cd202c;\">Contr\u00f4leur de charge et moniteur de batterie solaire int\u00e9gr\u00e9 12V\/12.8V \u00e0 6\u00a0\u00e9tapes<\/span><\/h3>\n","protected":false},"featured_media":31441,"template":"","meta":[],"product_brand":[],"product_cat":[394],"product_tag":[],"class_list":{"0":"post-31434","1":"product","2":"type-product","3":"status-publish","4":"has-post-thumbnail","6":"product_cat-battery-chargers-fr","7":"pa_charge-battery-chemistry-pb-agm-gel-std-lead-acid-fr","8":"pa_charge-battery-chemistry-pb-li-both-above-fr","9":"pa_charge-battery-more-12v-fr","10":"pa_charge-battery-more-moto-vehicule-tout-terrain","11":"pa_charge-battery-more-utv-sxs-cruiser-fr","12":"pa_power-solar-fr","13":"pa_product-group-optimate-solar-fr","14":"pa_region-ca-fr","15":"pa_region-eu-fr-2","16":"pa_region-uk-fr-2","17":"pa_region-us-fr-2","18":"iside_voltage-12-fr","19":"iside_voltage-12-8-fr","20":"iside_ampere-5-fr","21":"iside_charger_series-off-grid-eco-fr","22":"iside_charger_features-maintenance-de-batterie-securisee-24-7","23":"iside_charger_features-maintenance-duo-24h-7-pour-pb-et-lfp","24":"iside_charger_features-save-sulphated-pb-lead-acid-fr","25":"iside_charger_type-solar-fr","26":"iside_battery_voltage-12-8v-13-2v","27":"iside_battery_voltage-12v-fr","28":"iside_battery_chemistry-lfp-lifepo4-lithium-ion-fr","29":"iside_battery_chemistry-pb-lead-acid-fr","30":"battery_charger_current-5a-6a-fr","31":"thunk-woo-product-list","32":"opn-qv-enable","33":"big-store-woo-hover-","34":"open-single-product-tab-horizontal","35":"open-shadow-","36":"open-shadow-hover-","38":"first","39":"instock","40":"featured","41":"shipping-taxable","42":"purchasable","43":"product-type-simple"},"yoast_head":"<!-- This site is optimized with the Yoast SEO plugin v27.2 - https:\/\/yoast.com\/product\/yoast-seo-wordpress\/ -->\n<title>Contr\u00f4leur OptiMate Solar DUO 5A - OptiMate<\/title>\n<meta name=\"description\" content=\"OptiMate Solar DUO, le contr\u00f4leur solaire intelligent de 5 amp\u00e8res qui charge en toute s\u00e9curit\u00e9 tous les types de batteries 12V.\" \/>\n<meta name=\"robots\" content=\"index, follow, max-snippet:-1, max-image-preview:large, max-video-preview:-1\" \/>\n<link rel=\"canonical\" href=\"https:\/\/optimate1.com\/product\/solarduo\/\" \/>\n<meta property=\"og:locale\" content=\"fr_FR\" \/>\n<meta property=\"og:type\" content=\"article\" \/>\n<meta property=\"og:title\" content=\"Contr\u00f4leur OptiMate Solar DUO 5A - OptiMate\" \/>\n<meta property=\"og:description\" content=\"OptiMate Solar DUO, le contr\u00f4leur solaire intelligent de 5 amp\u00e8res qui charge en toute s\u00e9curit\u00e9 tous les types de batteries 12V.\" \/>\n<meta property=\"og:url\" content=\"https:\/\/optimate1.com\/product\/solarduo\/\" \/>\n<meta property=\"og:site_name\" content=\"OptiMate\" \/>\n<meta property=\"article:publisher\" content=\"https:\/\/www.facebook.com\/OptiMatebatterysavingcharger\/\" \/>\n<meta property=\"article:modified_time\" content=\"2026-01-28T08:53:49+00:00\" \/>\n<meta property=\"og:image\" content=\"https:\/\/optimate1.com\/wp-content\/uploads\/2022\/11\/OptiMate-Solar-Controller-fr.png\" \/>\n\t<meta property=\"og:image:width\" content=\"900\" \/>\n\t<meta property=\"og:image:height\" content=\"900\" \/>\n\t<meta property=\"og:image:type\" content=\"image\/png\" \/>\n<meta name=\"twitter:card\" content=\"summary_large_image\" \/>\n<meta name=\"twitter:label1\" content=\"Dur\u00e9e de lecture estim\u00e9e\" \/>\n\t<meta name=\"twitter:data1\" content=\"3 minutes\" \/>\n<script type=\"application\/ld+json\" class=\"yoast-schema-graph\">{\"@context\":\"https:\/\/schema.org\",\"@graph\":[{\"@type\":\"WebPage\",\"@id\":\"https:\/\/optimate1.com\/product\/solarduo\/\",\"url\":\"https:\/\/optimate1.com\/product\/solarduo\/\",\"name\":\"Contr\u00f4leur OptiMate Solar DUO 5A - OptiMate\",\"isPartOf\":{\"@id\":\"https:\/\/optimate1.com\/#website\"},\"primaryImageOfPage\":{\"@id\":\"https:\/\/optimate1.com\/product\/solarduo\/#primaryimage\"},\"image\":{\"@id\":\"https:\/\/optimate1.com\/product\/solarduo\/#primaryimage\"},\"thumbnailUrl\":\"https:\/\/optimate1.com\/wp-content\/uploads\/2022\/11\/OptiMate-Solar-Controller-fr.png\",\"datePublished\":\"2021-01-21T10:17:50+00:00\",\"dateModified\":\"2026-01-28T08:53:49+00:00\",\"description\":\"OptiMate Solar DUO, le contr\u00f4leur solaire intelligent de 5 amp\u00e8res qui charge en toute s\u00e9curit\u00e9 tous les types de batteries 12V.\",\"breadcrumb\":{\"@id\":\"https:\/\/optimate1.com\/product\/solarduo\/#breadcrumb\"},\"inLanguage\":\"fr-FR\",\"potentialAction\":[{\"@type\":\"ReadAction\",\"target\":[\"https:\/\/optimate1.com\/product\/solarduo\/\"]}]},{\"@type\":\"ImageObject\",\"inLanguage\":\"fr-FR\",\"@id\":\"https:\/\/optimate1.com\/product\/solarduo\/#primaryimage\",\"url\":\"https:\/\/optimate1.com\/wp-content\/uploads\/2022\/11\/OptiMate-Solar-Controller-fr.png\",\"contentUrl\":\"https:\/\/optimate1.com\/wp-content\/uploads\/2022\/11\/OptiMate-Solar-Controller-fr.png\",\"width\":900,\"height\":900},{\"@type\":\"BreadcrumbList\",\"@id\":\"https:\/\/optimate1.com\/product\/solarduo\/#breadcrumb\",\"itemListElement\":[{\"@type\":\"ListItem\",\"position\":1,\"name\":\"Home\",\"item\":\"https:\/\/optimate1.com\/\"},{\"@type\":\"ListItem\",\"position\":2,\"name\":\"Produits\",\"item\":\"https:\/\/optimate1.com\/shop\/\"},{\"@type\":\"ListItem\",\"position\":3,\"name\":\"Contr\u00f4leur OptiMate Solar DUO 5A\"}]},{\"@type\":\"WebSite\",\"@id\":\"https:\/\/optimate1.com\/#website\",\"url\":\"https:\/\/optimate1.com\/\",\"name\":\"OptiMate\",\"description\":\"Battery Chargers &amp; Accessories\",\"publisher\":{\"@id\":\"https:\/\/optimate1.com\/#organization\"},\"potentialAction\":[{\"@type\":\"SearchAction\",\"target\":{\"@type\":\"EntryPoint\",\"urlTemplate\":\"https:\/\/optimate1.com\/?s={search_term_string}\"},\"query-input\":{\"@type\":\"PropertyValueSpecification\",\"valueRequired\":true,\"valueName\":\"search_term_string\"}}],\"inLanguage\":\"fr-FR\"},{\"@type\":\"Organization\",\"@id\":\"https:\/\/optimate1.com\/#organization\",\"name\":\"OptiMate\",\"url\":\"https:\/\/optimate1.com\/\",\"logo\":{\"@type\":\"ImageObject\",\"inLanguage\":\"fr-FR\",\"@id\":\"https:\/\/optimate1.com\/#\/schema\/logo\/image\/\",\"url\":\"https:\/\/optimate1.com\/wp-content\/uploads\/2021\/06\/optimate-hpbc-stacklogo.jpg\",\"contentUrl\":\"https:\/\/optimate1.com\/wp-content\/uploads\/2021\/06\/optimate-hpbc-stacklogo.jpg\",\"width\":1025,\"height\":529,\"caption\":\"OptiMate\"},\"image\":{\"@id\":\"https:\/\/optimate1.com\/#\/schema\/logo\/image\/\"},\"sameAs\":[\"https:\/\/www.facebook.com\/OptiMatebatterysavingcharger\/\"]}]}<\/script>\n<!-- \/ Yoast SEO plugin. -->","yoast_head_json":{"title":"Contr\u00f4leur OptiMate Solar DUO 5A - OptiMate","description":"OptiMate Solar DUO, le contr\u00f4leur solaire intelligent de 5 amp\u00e8res qui charge en toute s\u00e9curit\u00e9 tous les types de batteries 12V.","robots":{"index":"index","follow":"follow","max-snippet":"max-snippet:-1","max-image-preview":"max-image-preview:large","max-video-preview":"max-video-preview:-1"},"canonical":"https:\/\/optimate1.com\/product\/solarduo\/","og_locale":"fr_FR","og_type":"article","og_title":"Contr\u00f4leur OptiMate Solar DUO 5A - OptiMate","og_description":"OptiMate Solar DUO, le contr\u00f4leur solaire intelligent de 5 amp\u00e8res qui charge en toute s\u00e9curit\u00e9 tous les types de batteries 12V.","og_url":"https:\/\/optimate1.com\/product\/solarduo\/","og_site_name":"OptiMate","article_publisher":"https:\/\/www.facebook.com\/OptiMatebatterysavingcharger\/","article_modified_time":"2026-01-28T08:53:49+00:00","og_image":[{"width":900,"height":900,"url":"https:\/\/optimate1.com\/wp-content\/uploads\/2022\/11\/OptiMate-Solar-Controller-fr.png","type":"image\/png"}],"twitter_card":"summary_large_image","twitter_misc":{"Dur\u00e9e de lecture estim\u00e9e":"3 minutes"},"schema":{"@context":"https:\/\/schema.org","@graph":[{"@type":"WebPage","@id":"https:\/\/optimate1.com\/product\/solarduo\/","url":"https:\/\/optimate1.com\/product\/solarduo\/","name":"Contr\u00f4leur OptiMate Solar DUO 5A - OptiMate","isPartOf":{"@id":"https:\/\/optimate1.com\/#website"},"primaryImageOfPage":{"@id":"https:\/\/optimate1.com\/product\/solarduo\/#primaryimage"},"image":{"@id":"https:\/\/optimate1.com\/product\/solarduo\/#primaryimage"},"thumbnailUrl":"https:\/\/optimate1.com\/wp-content\/uploads\/2022\/11\/OptiMate-Solar-Controller-fr.png","datePublished":"2021-01-21T10:17:50+00:00","dateModified":"2026-01-28T08:53:49+00:00","description":"OptiMate Solar DUO, le contr\u00f4leur solaire intelligent de 5 amp\u00e8res qui charge en toute s\u00e9curit\u00e9 tous les types de batteries 12V.","breadcrumb":{"@id":"https:\/\/optimate1.com\/product\/solarduo\/#breadcrumb"},"inLanguage":"fr-FR","potentialAction":[{"@type":"ReadAction","target":["https:\/\/optimate1.com\/product\/solarduo\/"]}]},{"@type":"ImageObject","inLanguage":"fr-FR","@id":"https:\/\/optimate1.com\/product\/solarduo\/#primaryimage","url":"https:\/\/optimate1.com\/wp-content\/uploads\/2022\/11\/OptiMate-Solar-Controller-fr.png","contentUrl":"https:\/\/optimate1.com\/wp-content\/uploads\/2022\/11\/OptiMate-Solar-Controller-fr.png","width":900,"height":900},{"@type":"BreadcrumbList","@id":"https:\/\/optimate1.com\/product\/solarduo\/#breadcrumb","itemListElement":[{"@type":"ListItem","position":1,"name":"Home","item":"https:\/\/optimate1.com\/"},{"@type":"ListItem","position":2,"name":"Produits","item":"https:\/\/optimate1.com\/shop\/"},{"@type":"ListItem","position":3,"name":"Contr\u00f4leur OptiMate Solar DUO 5A"}]},{"@type":"WebSite","@id":"https:\/\/optimate1.com\/#website","url":"https:\/\/optimate1.com\/","name":"OptiMate","description":"Battery Chargers &amp; Accessories","publisher":{"@id":"https:\/\/optimate1.com\/#organization"},"potentialAction":[{"@type":"SearchAction","target":{"@type":"EntryPoint","urlTemplate":"https:\/\/optimate1.com\/?s={search_term_string}"},"query-input":{"@type":"PropertyValueSpecification","valueRequired":true,"valueName":"search_term_string"}}],"inLanguage":"fr-FR"},{"@type":"Organization","@id":"https:\/\/optimate1.com\/#organization","name":"OptiMate","url":"https:\/\/optimate1.com\/","logo":{"@type":"ImageObject","inLanguage":"fr-FR","@id":"https:\/\/optimate1.com\/#\/schema\/logo\/image\/","url":"https:\/\/optimate1.com\/wp-content\/uploads\/2021\/06\/optimate-hpbc-stacklogo.jpg","contentUrl":"https:\/\/optimate1.com\/wp-content\/uploads\/2021\/06\/optimate-hpbc-stacklogo.jpg","width":1025,"height":529,"caption":"OptiMate"},"image":{"@id":"https:\/\/optimate1.com\/#\/schema\/logo\/image\/"},"sameAs":["https:\/\/www.facebook.com\/OptiMatebatterysavingcharger\/"]}]}},"_links":{"self":[{"href":"https:\/\/optimate1.com\/fr\/wp-json\/wp\/v2\/product\/31434","targetHints":{"allow":["GET"]}}],"collection":[{"href":"https:\/\/optimate1.com\/fr\/wp-json\/wp\/v2\/product"}],"about":[{"href":"https:\/\/optimate1.com\/fr\/wp-json\/wp\/v2\/types\/product"}],"wp:featuredmedia":[{"embeddable":true,"href":"https:\/\/optimate1.com\/fr\/wp-json\/wp\/v2\/media\/31441"}],"wp:attachment":[{"href":"https:\/\/optimate1.com\/fr\/wp-json\/wp\/v2\/media?parent=31434"}],"wp:term":[{"taxonomy":"product_brand","embeddable":true,"href":"https:\/\/optimate1.com\/fr\/wp-json\/wp\/v2\/product_brand?post=31434"},{"taxonomy":"product_cat","embeddable":true,"href":"https:\/\/optimate1.com\/fr\/wp-json\/wp\/v2\/product_cat?post=31434"},{"taxonomy":"product_tag","embeddable":true,"href":"https:\/\/optimate1.com\/fr\/wp-json\/wp\/v2\/product_tag?post=31434"}],"curies":[{"name":"wp","href":"https:\/\/api.w.org\/{rel}","templated":true}]}}