{"id":31521,"date":"2022-11-23T07:12:46","date_gmt":"2022-11-23T12:12:46","guid":{"rendered":"https:\/\/optimate1.com\/product\/tm670\/"},"modified":"2026-03-31T06:10:20","modified_gmt":"2026-03-31T10:10:20","slug":"tm670","status":"publish","type":"product","link":"https:\/\/optimate1.com\/fr\/produit\/tm670\/","title":{"rendered":"OptiMate PRO-4 DUO"},"content":{"rendered":"<h6 style=\"text-align: center;\"><strong><span style=\"color: #10069f;\">OptiMate PRO-4 DUO est le chargeur de diagnostic automatique pour 4 batteries au plomb-acide 12V Pb (STD, AGM, GEL) et\/ou 12.8V LFP lithium (LiFePO4 \/ Lithium Ferrous Phosphate).<\/span><\/strong><\/h6>\n<h6 style=\"text-align: center;\"><img loading=\"lazy\" decoding=\"async\" class=\"aligncenter wp-image-20660\" src=\"https:\/\/optimate1.com\/wp-content\/uploads\/2021\/03\/2DUO-banks-4x-only-4-01.png\" alt=\"The 4 bank battery charger can independently charge, test and maintain 4 x 12V lead-acid and 12.8V \/ 13.2V lithium LFP batteries.\" width=\"428\" height=\"100\" \/><\/h6>\n<p>&nbsp;<\/p>\n<h6 style=\"text-align: center;\"><strong><span style=\"color: #10069f;\">Quatre stations\/banques de charge de 5A enti\u00e8rement ind\u00e9pendantes, chacune avec 3 modes s\u00e9lectionnables pour entretenir les batteries de sports motoris\u00e9s NEUVES et USAG\u00c9ES, y compris 12V Pb (plomb-acide, AGM, GEL) et 12.8V lithium (LiFePO4\/LFP) <\/span><\/strong><span style=\"color: #10069f;\">\u2013 <\/span><span style=\"color: #10069f;\"><i>activez 4x NEUVES, ou enregistrez et\/ou chargez et testez 4x piles UTILIS\u00c9ES!<\/i><\/span><\/h6>\n<h6 style=\"text-align: center;\"><img loading=\"lazy\" decoding=\"async\" class=\"aligncenter wp-image-20910\" src=\"https:\/\/optimate1.com\/wp-content\/uploads\/2022\/11\/3-PRO-selections-pro-4-copy.png\" alt=\"optimate pro 4 duo has 3 Selections: select a charge mode for 12V lead-acid OR 12.8V LiFePO4, or 60' mode for new pb or lfp batteries without bms\" width=\"428\" height=\"70\" \/><\/h6>\n<p>&nbsp;<\/p>\n<h6 style=\"text-align: center;\"><strong><span style=\"color: #10069f;\">Activez ou pr\u00e9parez de nouvelles batteries en une heure (60&#8242;), y compris le Pb (plomb-acide, AGM charg\u00e9 \u00e0 sec) avec un pack d&#8217;acide s\u00e9par\u00e9, le Pb activ\u00e9 en usine (AGM &amp; GEL) et le lithium LFP livr\u00e9s en mode veille et\/ou n\u00e9cessitant un frais de recharge <\/span><\/strong><span style=\"color: #10069f;\">\u2013 <\/span><span style=\"color: #10069f;\"><i>pr\u00e9pare correctement les nouvelles batteries pour de meilleures performances et pour \u00e9viter une panne pr\u00e9coce.<\/i><\/span><\/h6>\n<h6 style=\"text-align: center;\"><img loading=\"lazy\" decoding=\"async\" class=\"aligncenter wp-image-20910\" src=\"https:\/\/optimate1.com\/wp-content\/uploads\/2023\/12\/60-timer-happy-batteries-copy.png\" alt=\"test light indication on optimate pro 4 duo\" width=\"428\" height=\"70\" \/><\/h6>\n<p>&nbsp;<\/p>\n<h6 style=\"text-align: center;\"><strong><span style=\"color: #10069f;\">Enregistrez automatiquement tout type de batterie profond\u00e9ment d\u00e9charg\u00e9e \u00e0 partir d&#8217;une tension aussi basse que 0,5 Volt, en plus pour le lithium LFP, r\u00e9initialisez manuellement le BMS de protection et enregistrez \u00e0 partir de z\u00e9ro volt. <\/span><\/strong><span style=\"color: #10069f;\">\u2013 <\/span><span style=\"color: #10069f;\"><i>Les batteries \u00e0 plat et n\u00e9glig\u00e9es peuvent \u00eatre r\u00e9cup\u00e9r\u00e9es!<\/i><\/span><\/h6>\n<h6 style=\"text-align: center;\"><img loading=\"lazy\" decoding=\"async\" class=\"aligncenter wp-image-20910\" src=\"https:\/\/optimate1.com\/wp-content\/uploads\/2023\/12\/battery-progress-copy-2.png\" alt=\"test light indication on optimate pro 4 duo\" width=\"428\" height=\"70\" \/><\/h6>\n<p>&nbsp;<\/p>\n<h6 style=\"text-align: center;\"><strong><span style=\"color: #10069f;\">Test d&#8217;\u00e9tat de sant\u00e9 des batteries BON (80 \u00e0 100%), OK (60 \u2013 80%) ou MAUVAIS (en dessous de 60%) <\/span><\/strong><span style=\"color: #10069f;\">\u2013 <\/span><span style=\"color: #10069f;\"><i>confirme si la batterie est r\u00e9parable ou doit \u00eatre remplac\u00e9e.<\/i><\/span><\/h6>\n<h6 style=\"text-align: center;\"><img loading=\"lazy\" decoding=\"async\" class=\"aligncenter wp-image-20910\" src=\"https:\/\/optimate1.com\/wp-content\/uploads\/2021\/11\/PRO-TEST-lights-copy-2.png\" alt=\"test light indication on optimate pro 4 duo\" width=\"428\" height=\"70\" \/><\/h6>\n<p>&nbsp;<\/p>\n<h6 style=\"text-align: center;\"><strong><span style=\"color: #10069f;\">Con\u00e7u pour les professionnels du monde entier, y compris le service de batterie, les nouveaux v\u00e9hicules de sport motoris\u00e9 et\/ou la vente de batteries neuves. <\/span><\/strong><span style=\"color: #10069f;\">\u2013 <\/span><i><span style=\"color: #10069f;\">produit orient\u00e9 service con\u00e7u pour une utilisation continue.<\/span><\/i><\/h6>\n<h6 style=\"text-align: center;\"><img loading=\"lazy\" decoding=\"async\" class=\"aligncenter wp-image-20910\" src=\"https:\/\/optimate1.com\/wp-content\/uploads\/2023\/12\/Flags-copy-2.png\" alt=\"test light indication on optimate pro 4 duo\" width=\"428\" height=\"70\" \/><\/h6>\n<p>&nbsp;<\/p>\n<h6 style=\"text-align: center;\"><strong><span style=\"color: #10069f;\">Chaque banque est livr\u00e9e avec un cordon de sortie rempla\u00e7able et un jeu de clips de batterie \u00e0 fusible, le cordon d&#8217;alimentation CA est rempla\u00e7able\/\u00e9changeable. <\/span><\/strong><span style=\"color: #10069f;\">\u2013 <\/span><i><span style=\"color: #10069f;\">c\u00e2bles haut de gamme, disponibles \u00e0 l&#8217;international.<\/span><\/i><\/h6>\n<h6 style=\"text-align: center;\"><img loading=\"lazy\" decoding=\"async\" class=\"aligncenter wp-image-20910\" src=\"https:\/\/optimate1.com\/wp-content\/uploads\/2023\/12\/line-cables-copy.png\" alt=\"test light indication on optimate pro 4 duo\" width=\"428\" height=\"70\" \/><\/h6>\n<p>&nbsp;<\/p>\n<p>&nbsp;<\/p>\n<h4 style=\"text-align: center;\"><strong><span style=\"text-decoration: underline;\">PLUS DE CARACT\u00c9RISTIQUES:<\/span><\/strong><\/h4>\n<p style=\"text-align: center;\">\n<table id=\"tablepress-585\" class=\"tablepress tablepress-id-585\">\n<tbody class=\"row-hover\">\n<tr class=\"row-1\">\n\t<td class=\"column-1\"><a href=\"\"><img loading=\"lazy\" decoding=\"async\" src=\"https:\/\/optimate1.com\/wp-content\/uploads\/2023\/09\/1DUO-batteries-copy-2.png\" alt=\"\" width=\"300\" height=\"50\" class=\"aligncenter size-medium wp-image-20927\" \/><\/a><body><h6><center>Pour tous les types de batteries de sport 12V, y compris plomb-acide (Pb) > STD (avec bouchons de remplissage), AGM &amp; GEL (VRLA scell\u00e9) et Li-Ion fabriqu\u00e9 avec la technologie LiFePO4 \/ LFP.<\/body><\/h6><\/center><br \/>\n<\/td>\n<\/tr>\n<tr class=\"row-2\">\n\t<td class=\"column-1\"><a href=\"\"><img loading=\"lazy\" decoding=\"async\" src=\"https:\/\/optimate1.com\/wp-content\/uploads\/2023\/11\/50-60hz.png\" alt=\"\" width=\"300\" height=\"50\" class=\"aligncenter size-medium wp-image-20928\" \/><\/a><body><h6><center>Entr\u00e9e globale - 100 \u00e0 240V 50-60Hz.<\/body><\/h6><\/center><\/td>\n<\/tr>\n<tr class=\"row-3\">\n\t<td class=\"column-1\"><a href=\"\"><img loading=\"lazy\" decoding=\"async\" src=\"https:\/\/optimate1.com\/wp-content\/uploads\/2021\/11\/AC-power-socket-copy-01.png\" alt=\"\" width=\"300\" height=\"50\" class=\"aligncenter size-medium wp-image-20995\" \/><\/a><body><h6><center>Prise d'alimentation CA pour cordons d'alimentation de classe 2<\/body><\/h6><\/center><\/td>\n<\/tr>\n<tr class=\"row-4\">\n\t<td class=\"column-1\"><a href=\"\"><img loading=\"lazy\" decoding=\"async\" src=\"https:\/\/optimate1.com\/wp-content\/uploads\/2021\/11\/CE-certification-x-01-2.png\" alt=\"\" width=\"300\" height=\"50\" class=\"aligncenter size-medium wp-image-20982\" \/><\/a><body><h6><center>Certification - CE, UKCA, NRTL (UL &amp; CSA), PSE (Japon), SAA (Aus &amp; NZ).<\/center><\/h6><\/body><\/td>\n<\/tr>\n<tr class=\"row-5\">\n\t<td class=\"column-1\"><a href=\"\"><img loading=\"lazy\" decoding=\"async\" src=\"https:\/\/optimate1.com\/wp-content\/uploads\/2020\/12\/green-technology-hx2-1-300x49.png\" alt=\"\" width=\"300\" height=\"50\" class=\"aligncenter size-medium wp-image-20993\" \/><\/a><body><h6><center>50 % d'\u00e9nergie en moins, 50 % de co\u00fbts en moins.<br \/>\n<strong>\u221a<\/strong> Correction du facteur de puissance<br \/>\n<strong>\u221a<\/strong> Rectification synchrone<\/body><\/h6><\/center><\/td>\n<\/tr>\n<\/tbody>\n<\/table>\n<\/p>\n","protected":false},"excerpt":{"rendered":"<h3><span style=\"color: #231f20;\">S\u00e9ries PRO: Chargeur de batterie \u00e0 diagnostic automatique 12V 5A <\/span><strong>x4<\/strong><\/h3>\n","protected":false},"featured_media":41975,"template":"","meta":[],"product_brand":[],"product_cat":[394],"product_tag":[],"class_list":{"0":"post-31521","1":"product","2":"type-product","3":"status-publish","4":"has-post-thumbnail","6":"product_cat-battery-chargers-fr","7":"pa_charge-battery-chemistry-pb-agm-gel-std-lead-acid-fr","8":"pa_charge-battery-more-12v-fr","9":"pa_charge-battery-more-avion-petit","10":"pa_charge-battery-more-bateau-motomarine","11":"pa_charge-battery-more-motorhome-caravane","12":"pa_charge-battery-more-oldtimer","13":"pa_charge-battery-more-tracteur-construction","14":"pa_charge-battery-more-voiture-pick-up","15":"pa_power-ac-100-240vac-fr","16":"pa_product-group-optimate-7-fr","17":"pa_region-ca-fr","18":"pa_region-eu-fr-2","19":"pa_region-uk-fr-2","20":"pa_region-us-fr-2","21":"iside_voltage-12-fr","22":"iside_voltage-12-8-fr","23":"iside_ampere-5-fr","24":"iside_vehicle-moto-mecaniques-fr","25":"iside_charger_series-pro-professional-fr","26":"iside_charger_features-activer-preparer-les-nouvelles-batteries","27":"iside_charger_features-ajuster-la-tension-a-la-temperature-pour-le-plomb","28":"iside_charger_features-ajuster-le-courant-a-la-temperature-pour-lfp","29":"iside_charger_features-maintenance-de-batterie-securisee-24-7","30":"iside_charger_features-maintenance-duo-24h-7-pour-pb-et-lfp","31":"iside_charger_features-save-sulphated-pb-lead-acid-fr","32":"iside_charger_features-save-low-volt-reset-bms-lithium-lfp-fr","33":"iside_charger_features-reinitialisation-du-bms-pour-batterie-lfp","34":"iside_charger_type-multibank-fr","35":"iside_battery_voltage-12-8v-13-2v","36":"iside_battery_voltage-12v-fr","37":"iside_battery_chemistry-lfp-lifepo4-lithium-ion-fr","38":"iside_battery_chemistry-pb-lead-acid-fr","39":"battery_charger_current-5a-6a-fr","40":"thunk-woo-product-list","41":"opn-qv-enable","42":"big-store-woo-hover-","43":"open-single-product-tab-horizontal","44":"open-shadow-","45":"open-shadow-hover-","47":"first","48":"instock","49":"shipping-taxable","50":"purchasable","51":"product-type-simple"},"yoast_head":"<!-- This site is optimized with the Yoast SEO plugin v27.2 - https:\/\/yoast.com\/product\/yoast-seo-wordpress\/ -->\n<title>OptiMate PRO-4 DUO - OptiMate<\/title>\n<meta name=\"description\" content=\"OptiMate PRO-4 DUO est le chargeur de batterie de diagnostic automatique d&#039;OptiMate pour 4 batteries plomb-acide 12V et\/ou 12.8V LiFePO4. Lire la suite.\" \/>\n<meta name=\"robots\" content=\"index, follow, max-snippet:-1, max-image-preview:large, max-video-preview:-1, noarchive\" \/>\n<link rel=\"canonical\" href=\"https:\/\/optimate1.com\/fr\/produit\/tm670\/\" \/>\n<meta property=\"og:locale\" content=\"fr_FR\" \/>\n<meta property=\"og:type\" content=\"article\" \/>\n<meta property=\"og:title\" content=\"OptiMate PRO-4 DUO - OptiMate\" \/>\n<meta property=\"og:description\" content=\"OptiMate PRO-4 DUO est le chargeur de batterie de diagnostic automatique d&#039;OptiMate pour 4 batteries plomb-acide 12V et\/ou 12.8V LiFePO4. Lire la suite.\" \/>\n<meta property=\"og:url\" content=\"https:\/\/optimate1.com\/fr\/produit\/tm670\/\" \/>\n<meta property=\"og:site_name\" content=\"OptiMate\" \/>\n<meta property=\"article:publisher\" content=\"https:\/\/www.facebook.com\/OptiMatebatterysavingcharger\/\" \/>\n<meta property=\"article:modified_time\" content=\"2026-03-31T10:10:20+00:00\" \/>\n<meta property=\"og:image\" content=\"https:\/\/optimate1.com\/wp-content\/uploads\/2026\/03\/OptiMate-PRO-4-DUO-TM670-11-copy-fr-1024x1024.png\" \/>\n\t<meta property=\"og:image:width\" content=\"1024\" \/>\n\t<meta property=\"og:image:height\" content=\"1024\" \/>\n\t<meta property=\"og:image:type\" content=\"image\/png\" \/>\n<meta name=\"twitter:card\" content=\"summary_large_image\" \/>\n<meta name=\"twitter:label1\" content=\"Dur\u00e9e de lecture estim\u00e9e\" \/>\n\t<meta name=\"twitter:data1\" content=\"3 minutes\" \/>\n<script type=\"application\/ld+json\" class=\"yoast-schema-graph\">{\"@context\":\"https:\/\/schema.org\",\"@graph\":[{\"@type\":\"WebPage\",\"@id\":\"https:\/\/optimate1.com\/fr\/produit\/tm670\/\",\"url\":\"https:\/\/optimate1.com\/fr\/produit\/tm670\/\",\"name\":\"OptiMate PRO-4 DUO - OptiMate\",\"isPartOf\":{\"@id\":\"https:\/\/optimate1.com\/#website\"},\"primaryImageOfPage\":{\"@id\":\"https:\/\/optimate1.com\/fr\/produit\/tm670\/#primaryimage\"},\"image\":{\"@id\":\"https:\/\/optimate1.com\/fr\/produit\/tm670\/#primaryimage\"},\"thumbnailUrl\":\"https:\/\/optimate1.com\/wp-content\/uploads\/2026\/03\/OptiMate-PRO-4-DUO-TM670-11-copy-fr.png\",\"datePublished\":\"2022-11-23T12:12:46+00:00\",\"dateModified\":\"2026-03-31T10:10:20+00:00\",\"description\":\"OptiMate PRO-4 DUO est le chargeur de batterie de diagnostic automatique d'OptiMate pour 4 batteries plomb-acide 12V et\/ou 12.8V LiFePO4. Lire la suite.\",\"breadcrumb\":{\"@id\":\"https:\/\/optimate1.com\/fr\/produit\/tm670\/#breadcrumb\"},\"inLanguage\":\"fr-FR\",\"potentialAction\":[{\"@type\":\"ReadAction\",\"target\":[\"https:\/\/optimate1.com\/fr\/produit\/tm670\/\"]}]},{\"@type\":\"ImageObject\",\"inLanguage\":\"fr-FR\",\"@id\":\"https:\/\/optimate1.com\/fr\/produit\/tm670\/#primaryimage\",\"url\":\"https:\/\/optimate1.com\/wp-content\/uploads\/2026\/03\/OptiMate-PRO-4-DUO-TM670-11-copy-fr.png\",\"contentUrl\":\"https:\/\/optimate1.com\/wp-content\/uploads\/2026\/03\/OptiMate-PRO-4-DUO-TM670-11-copy-fr.png\",\"width\":1500,\"height\":1500},{\"@type\":\"BreadcrumbList\",\"@id\":\"https:\/\/optimate1.com\/fr\/produit\/tm670\/#breadcrumb\",\"itemListElement\":[{\"@type\":\"ListItem\",\"position\":1,\"name\":\"Home\",\"item\":\"https:\/\/optimate1.com\/\"},{\"@type\":\"ListItem\",\"position\":2,\"name\":\"Produits\",\"item\":\"https:\/\/optimate1.com\/shop\/\"},{\"@type\":\"ListItem\",\"position\":3,\"name\":\"OptiMate PRO-4 DUO\"}]},{\"@type\":\"WebSite\",\"@id\":\"https:\/\/optimate1.com\/#website\",\"url\":\"https:\/\/optimate1.com\/\",\"name\":\"OptiMate\",\"description\":\"Battery Chargers &amp; Accessories\",\"publisher\":{\"@id\":\"https:\/\/optimate1.com\/#organization\"},\"potentialAction\":[{\"@type\":\"SearchAction\",\"target\":{\"@type\":\"EntryPoint\",\"urlTemplate\":\"https:\/\/optimate1.com\/?s={search_term_string}\"},\"query-input\":{\"@type\":\"PropertyValueSpecification\",\"valueRequired\":true,\"valueName\":\"search_term_string\"}}],\"inLanguage\":\"fr-FR\"},{\"@type\":\"Organization\",\"@id\":\"https:\/\/optimate1.com\/#organization\",\"name\":\"OptiMate\",\"url\":\"https:\/\/optimate1.com\/\",\"logo\":{\"@type\":\"ImageObject\",\"inLanguage\":\"fr-FR\",\"@id\":\"https:\/\/optimate1.com\/#\/schema\/logo\/image\/\",\"url\":\"https:\/\/optimate1.com\/wp-content\/uploads\/2021\/06\/optimate-hpbc-stacklogo.jpg\",\"contentUrl\":\"https:\/\/optimate1.com\/wp-content\/uploads\/2021\/06\/optimate-hpbc-stacklogo.jpg\",\"width\":1025,\"height\":529,\"caption\":\"OptiMate\"},\"image\":{\"@id\":\"https:\/\/optimate1.com\/#\/schema\/logo\/image\/\"},\"sameAs\":[\"https:\/\/www.facebook.com\/OptiMatebatterysavingcharger\/\"]}]}<\/script>\n<!-- \/ Yoast SEO plugin. -->","yoast_head_json":{"title":"OptiMate PRO-4 DUO - OptiMate","description":"OptiMate PRO-4 DUO est le chargeur de batterie de diagnostic automatique d'OptiMate pour 4 batteries plomb-acide 12V et\/ou 12.8V LiFePO4. Lire la suite.","robots":{"index":"index","follow":"follow","max-snippet":"max-snippet:-1","max-image-preview":"max-image-preview:large","max-video-preview":"max-video-preview:-1","archive":"noarchive"},"canonical":"https:\/\/optimate1.com\/fr\/produit\/tm670\/","og_locale":"fr_FR","og_type":"article","og_title":"OptiMate PRO-4 DUO - OptiMate","og_description":"OptiMate PRO-4 DUO est le chargeur de batterie de diagnostic automatique d'OptiMate pour 4 batteries plomb-acide 12V et\/ou 12.8V LiFePO4. Lire la suite.","og_url":"https:\/\/optimate1.com\/fr\/produit\/tm670\/","og_site_name":"OptiMate","article_publisher":"https:\/\/www.facebook.com\/OptiMatebatterysavingcharger\/","article_modified_time":"2026-03-31T10:10:20+00:00","og_image":[{"width":1024,"height":1024,"url":"https:\/\/optimate1.com\/wp-content\/uploads\/2026\/03\/OptiMate-PRO-4-DUO-TM670-11-copy-fr-1024x1024.png","type":"image\/png"}],"twitter_card":"summary_large_image","twitter_misc":{"Dur\u00e9e de lecture estim\u00e9e":"3 minutes"},"schema":{"@context":"https:\/\/schema.org","@graph":[{"@type":"WebPage","@id":"https:\/\/optimate1.com\/fr\/produit\/tm670\/","url":"https:\/\/optimate1.com\/fr\/produit\/tm670\/","name":"OptiMate PRO-4 DUO - OptiMate","isPartOf":{"@id":"https:\/\/optimate1.com\/#website"},"primaryImageOfPage":{"@id":"https:\/\/optimate1.com\/fr\/produit\/tm670\/#primaryimage"},"image":{"@id":"https:\/\/optimate1.com\/fr\/produit\/tm670\/#primaryimage"},"thumbnailUrl":"https:\/\/optimate1.com\/wp-content\/uploads\/2026\/03\/OptiMate-PRO-4-DUO-TM670-11-copy-fr.png","datePublished":"2022-11-23T12:12:46+00:00","dateModified":"2026-03-31T10:10:20+00:00","description":"OptiMate PRO-4 DUO est le chargeur de batterie de diagnostic automatique d'OptiMate pour 4 batteries plomb-acide 12V et\/ou 12.8V LiFePO4. Lire la suite.","breadcrumb":{"@id":"https:\/\/optimate1.com\/fr\/produit\/tm670\/#breadcrumb"},"inLanguage":"fr-FR","potentialAction":[{"@type":"ReadAction","target":["https:\/\/optimate1.com\/fr\/produit\/tm670\/"]}]},{"@type":"ImageObject","inLanguage":"fr-FR","@id":"https:\/\/optimate1.com\/fr\/produit\/tm670\/#primaryimage","url":"https:\/\/optimate1.com\/wp-content\/uploads\/2026\/03\/OptiMate-PRO-4-DUO-TM670-11-copy-fr.png","contentUrl":"https:\/\/optimate1.com\/wp-content\/uploads\/2026\/03\/OptiMate-PRO-4-DUO-TM670-11-copy-fr.png","width":1500,"height":1500},{"@type":"BreadcrumbList","@id":"https:\/\/optimate1.com\/fr\/produit\/tm670\/#breadcrumb","itemListElement":[{"@type":"ListItem","position":1,"name":"Home","item":"https:\/\/optimate1.com\/"},{"@type":"ListItem","position":2,"name":"Produits","item":"https:\/\/optimate1.com\/shop\/"},{"@type":"ListItem","position":3,"name":"OptiMate PRO-4 DUO"}]},{"@type":"WebSite","@id":"https:\/\/optimate1.com\/#website","url":"https:\/\/optimate1.com\/","name":"OptiMate","description":"Battery Chargers &amp; Accessories","publisher":{"@id":"https:\/\/optimate1.com\/#organization"},"potentialAction":[{"@type":"SearchAction","target":{"@type":"EntryPoint","urlTemplate":"https:\/\/optimate1.com\/?s={search_term_string}"},"query-input":{"@type":"PropertyValueSpecification","valueRequired":true,"valueName":"search_term_string"}}],"inLanguage":"fr-FR"},{"@type":"Organization","@id":"https:\/\/optimate1.com\/#organization","name":"OptiMate","url":"https:\/\/optimate1.com\/","logo":{"@type":"ImageObject","inLanguage":"fr-FR","@id":"https:\/\/optimate1.com\/#\/schema\/logo\/image\/","url":"https:\/\/optimate1.com\/wp-content\/uploads\/2021\/06\/optimate-hpbc-stacklogo.jpg","contentUrl":"https:\/\/optimate1.com\/wp-content\/uploads\/2021\/06\/optimate-hpbc-stacklogo.jpg","width":1025,"height":529,"caption":"OptiMate"},"image":{"@id":"https:\/\/optimate1.com\/#\/schema\/logo\/image\/"},"sameAs":["https:\/\/www.facebook.com\/OptiMatebatterysavingcharger\/"]}]}},"_links":{"self":[{"href":"https:\/\/optimate1.com\/fr\/wp-json\/wp\/v2\/product\/31521","targetHints":{"allow":["GET"]}}],"collection":[{"href":"https:\/\/optimate1.com\/fr\/wp-json\/wp\/v2\/product"}],"about":[{"href":"https:\/\/optimate1.com\/fr\/wp-json\/wp\/v2\/types\/product"}],"wp:featuredmedia":[{"embeddable":true,"href":"https:\/\/optimate1.com\/fr\/wp-json\/wp\/v2\/media\/41975"}],"wp:attachment":[{"href":"https:\/\/optimate1.com\/fr\/wp-json\/wp\/v2\/media?parent=31521"}],"wp:term":[{"taxonomy":"product_brand","embeddable":true,"href":"https:\/\/optimate1.com\/fr\/wp-json\/wp\/v2\/product_brand?post=31521"},{"taxonomy":"product_cat","embeddable":true,"href":"https:\/\/optimate1.com\/fr\/wp-json\/wp\/v2\/product_cat?post=31521"},{"taxonomy":"product_tag","embeddable":true,"href":"https:\/\/optimate1.com\/fr\/wp-json\/wp\/v2\/product_tag?post=31521"}],"curies":[{"name":"wp","href":"https:\/\/api.w.org\/{rel}","templated":true}]}}