{"id":31722,"date":"2023-02-02T04:03:28","date_gmt":"2023-02-02T09:03:28","guid":{"rendered":"https:\/\/optimate1.com\/product\/optimate-4-quad-program-premium\/"},"modified":"2026-03-26T09:53:23","modified_gmt":"2026-03-26T13:53:23","slug":"optimate-4-quad-program-premium","status":"publish","type":"product","link":"https:\/\/optimate1.com\/fr\/produit\/optimate-4-quad-program-premium\/","title":{"rendered":"OptiMate 4 Quad Program | \u00c9dition PREMIUM"},"content":{"rendered":"<h6 style=\"text-align: center;\"><strong><span style=\"color: #10069f;\">OptiMate 4 Quad Program Premium Edition est le chargeur de batterie ultime pour votre moto d&#8217;aventure, de tourisme, de croisi\u00e8re ou de performance BMW ou Triumph, pr\u00eat \u00e0 charger via la prise DIN 12V, ou \u00e0 charger la batterie directement sur tous les autres v\u00e9hicules de sport motoris\u00e9 <\/span><\/strong><span style=\"color: #10069f;\"><i>&#8211; le chargeur de batterie pour sports motoris\u00e9s le plus avanc\u00e9 au monde!<\/i><\/span><\/h6>\n<h6 style=\"text-align: center;\"><img loading=\"lazy\" decoding=\"async\" class=\"aligncenter wp-image-20668\" src=\"https:\/\/optimate1.com\/wp-content\/uploads\/2023\/09\/Vehicle-range-OM4-copy.png\" alt=\"Optimate 1 DUO is ideal for motorcycles, ATVs, scooters and jet skis\" width=\"428\" height=\"66\" \/><\/h6>\n<p>&nbsp;<\/p>\n<h6 style=\"text-align: center;\"><strong><span style=\"color: #10069f;\">Programme Quad \u2013<\/span><\/strong> <span style=\"color: #10069f;\"><i>s\u00e9lectionnez le programme 2 ou 4 pour charger via la prise 12V contr\u00f4l\u00e9e par le bus CAN BMW, ou le programme 1 ou 3 pour charger via la prise 12V sous tension Triumph, ou pour charger la batterie directement.<\/i><\/span><\/h6>\n<h6 style=\"text-align: center;\"><img loading=\"lazy\" decoding=\"async\" class=\"aligncenter wp-image-20910\" src=\"https:\/\/optimate1.com\/wp-content\/uploads\/2022\/10\/voltage-programs-copy-2-01.png\" alt=\"OptiMate 4 quad program\" width=\"428\" height=\"70\" \/><\/h6>\n<p>&nbsp;<\/p>\n<h6 style=\"text-align: center;\"><strong><span style=\"color: #10069f;\">INCLUT l\u2019accessoire de c\u00e2ble\u00a0<a href=\"https:\/\/optimate1.com\/fr\/produit\/optimate-cable-o-19\/\" target=\"_blank\" rel=\"noopener\">O-19<\/a>\u00a0\u2013<\/span><\/strong> <span style=\"color: #10069f;\"><i>\u00e0 recharger via la prise DIN 12V des motos BMW &amp; Triumph.<\/i><\/span><\/h6>\n<h6 style=\"text-align: center;\"><img loading=\"lazy\" decoding=\"async\" class=\"aligncenter wp-image-20977\" src=\"https:\/\/optimate1.com\/wp-content\/uploads\/2023\/02\/premium-edition-includes.png\" alt=\"OptiMate 4 Lithium optional cable accessories &amp; premium edition\" width=\"428\" height=\"70\" \/><\/h6>\n<p>&nbsp;<\/p>\n<h6 style=\"text-align: center;\"><strong><span style=\"color: #10069f;\">Le programme enti\u00e8rement automatique \u00e0 plusieurs \u00e9tapes permet \u00e0 la batterie d\u2019atteindre une charge compl\u00e8te en toute s\u00e9curit\u00e9 <\/span><\/strong><i><span style=\"color: #10069f;\">&#8211; <\/span><span style=\"color: #10069f;\">S\u00e9lectionner le type de batterie et les besoins en charge et le programme OptiMate 4 Quad s\u2019occuper du reste, sans aucune supervision!<\/span><\/i><\/h6>\n<h6 style=\"text-align: center;\"><img loading=\"lazy\" decoding=\"async\" class=\"aligncenter wp-image-20876\" src=\"https:\/\/optimate1.com\/wp-content\/uploads\/2022\/10\/connect-save-charge-optimize-maintain-200_x-01.png\" alt=\"The steps for long term maintenance: Connect, charge and maintain.\" width=\"428\" height=\"70\" \/><\/h6>\n<p>&nbsp;<\/p>\n<p>&nbsp;<\/p>\n<h4 style=\"text-align: center;\"><strong><span style=\"text-decoration: underline;\">PLUS DE CARACT\u00c9RISTIQUES:<\/span><\/strong><\/h4>\n<p style=\"text-align: center;\">\n<table id=\"tablepress-440\" class=\"tablepress tablepress-id-440\">\n<tbody class=\"row-hover\">\n<tr class=\"row-1\">\n\t<td class=\"column-1\"><a href=\"\"><img loading=\"lazy\" decoding=\"async\" src=\"https:\/\/optimate1.com\/wp-content\/uploads\/2023\/09\/1DUO-batteries-copy-2.png\" alt=\"\" width=\"300\" height=\"50\" class=\"aligncenter size-medium wp-image-20927\" \/><\/a><body><h6><center>Pour tous les types de batteries de sports motoris\u00e9s 12V, y compris plomb-acide (Pb) > STD (avec bouchons de remplissage), AGM et GEL (VRLA scell\u00e9) et Li-Ion fabriqu\u00e9es avec la technologie LiFePO4\/LFP.<\/body><\/h6><\/center><br \/>\n<\/td>\n<\/tr>\n<tr class=\"row-2\">\n\t<td class=\"column-1\"><a href=\"\"><img loading=\"lazy\" decoding=\"async\" src=\"https:\/\/optimate1.com\/wp-content\/uploads\/2022\/10\/bmw-compatible_2-01.png\" alt=\"\" width=\"300\" height=\"50\" class=\"aligncenter size-medium wp-image-20928\" \/><\/a><body><h6><center>Compatible avec le bus CAN des motos BMW, activation automatique.<\/body><\/h6><\/center><\/td>\n<\/tr>\n<tr class=\"row-3\">\n\t<td class=\"column-1\"><a href=\"\"><img loading=\"lazy\" decoding=\"async\" src=\"https:\/\/optimate1.com\/wp-content\/uploads\/2023\/09\/analysis-desulphate-x-copy-3-01-copy.png\" alt=\"\" width=\"300\" height=\"50\" class=\"aligncenter size-medium wp-image-20995\" \/><\/a><body><h6><center>D\u00e9sulfatation intelligente \u00e0 partir de 0.5V pour les batteries au plomb.<\/body><\/h6><\/center><\/td>\n<\/tr>\n<tr class=\"row-4\">\n\t<td class=\"column-1\"><a href=\"\"><img loading=\"lazy\" decoding=\"async\" src=\"https:\/\/optimate1.com\/wp-content\/uploads\/2021\/11\/SAFE-OM1-DUO-01-1.png\" alt=\"\" width=\"300\" height=\"50\" class=\"aligncenter size-medium wp-image-20982\" \/><\/a><body><h6><center>Peut rester connect\u00e9 en toute s\u00e9curit\u00e9. Protection \u00e9lectronique int\u00e9grale.<\/center><\/h6><\/body><\/td>\n<\/tr>\n<tr class=\"row-5\">\n\t<td class=\"column-1\"><a href=\"\"><img loading=\"lazy\" decoding=\"async\" src=\"https:\/\/optimate1.com\/wp-content\/uploads\/2020\/12\/24-7-x2-300x49.png\" alt=\"\" width=\"300\" height=\"50\" class=\"aligncenter size-medium wp-image-20993\" \/><\/a><body><h6><center>Maintient la batterie \u00e0 pleine charge et en bonne sant\u00e9.<\/body><\/h6><\/center><\/td>\n<\/tr>\n<tr class=\"row-6\">\n\t<td class=\"column-1\"><a href=\"\"><img loading=\"lazy\" decoding=\"async\" src=\"https:\/\/optimate1.com\/wp-content\/uploads\/2022\/10\/analysis-desulphate-x-copy-5-01.png\" alt=\"\" width=\"300\" height=\"50\" class=\"aligncenter size-medium wp-image-20985\" \/><\/a><body><h6><center>R\u00e9cup\u00e9ration de la faible tension &amp; r\u00e9initialisation du BMS, pour la batterie LFP.<\/body><\/h6><\/center><\/td>\n<\/tr>\n<tr class=\"row-7\">\n\t<td class=\"column-1\"><a href=\"\"><img loading=\"lazy\" decoding=\"async\" src=\"https:\/\/optimate1.com\/wp-content\/uploads\/2020\/12\/state-of-health-test-3-LEDx2-300x49.png\" alt=\"\" width=\"300\" height=\"50\" class=\"aligncenter size-medium wp-image-20983\" \/><\/a><body><h6><center>Teste l'\u00e9tat de fonctionnement de la batterie.<\/body><\/h6><\/center><\/td>\n<\/tr>\n<tr class=\"row-8\">\n\t<td class=\"column-1\"><a href=\"\"><img loading=\"lazy\" decoding=\"async\" src=\"https:\/\/optimate1.com\/wp-content\/uploads\/2020\/12\/green-technology-hx2-1-300x49.png\" alt=\"\" width=\"300\" height=\"50\" class=\"aligncenter size-medium wp-image-20983\" \/><\/a><body><h6><center>Technologie d'\u00e9conomie d'\u00e9nergie<br \/>\n\u221a Puissance en veille inf\u00e9rieure \u00e0 0.5W<br \/>\n\u221a Entretien efficace de la batterie 24-7.<\/body><\/h6><\/center><\/td>\n<\/tr>\n<tr class=\"row-9\">\n\t<td class=\"column-1\"><a href=\"\"><img loading=\"lazy\" decoding=\"async\" src=\"https:\/\/optimate1.com\/wp-content\/uploads\/2020\/12\/weatherproof-x2-300x49.png\" alt=\"\" width=\"300\" height=\"50\" class=\"aligncenter size-medium wp-image-20983\" \/><\/a><body><h6><center>R\u00e9siste aux intemp\u00e9ries. Con\u00e7u pour une utilisation jusqu\u2019\u00e0 -40\u00b0C \/ -40\u00b0F.<\/body><\/h6><\/center><\/td>\n<\/tr>\n<\/tbody>\n<\/table>\n<!-- #tablepress-440 from cache --><\/p>\n","protected":false},"excerpt":{"rendered":"<h3><span style=\"color: #947c4e;\">S\u00e9ries GOLD: Chargeur et syst\u00e8me permettant d\u2019assurer la maintenance d&#8217;une batterie scell\u00e9e de 12V \/ 12.8V 1.25A\u00a0en 9\u00a0\u00e9tapes<\/span><\/h3>\n","protected":false},"featured_media":41814,"template":"","meta":[],"product_brand":[],"product_cat":[394],"product_tag":[],"class_list":{"0":"post-31722","1":"product","2":"type-product","3":"status-publish","4":"has-post-thumbnail","6":"product_cat-battery-chargers-fr","7":"pa_charge-battery-chemistry-li-lifepo4-lfp-lithium-fr","8":"pa_charge-battery-chemistry-pb-agm-gel-std-lead-acid-fr","9":"pa_charge-battery-more-12v-fr","10":"pa_charge-battery-more-4x4-aventure","11":"pa_charge-battery-more-bateau-motomarine","12":"pa_charge-battery-more-bmw-moto","13":"pa_charge-battery-more-moto-vehicule-tout-terrain","14":"pa_charge-battery-more-utv-sxs-cruiser-fr","15":"pa_power-ac-100-240vac-fr","16":"pa_product-group-optimate-4-fr","17":"pa_region-ca-fr","18":"pa_region-eu-fr-2","19":"pa_region-uk-fr-2","20":"pa_region-us-fr-2","21":"iside_voltage-12-fr","22":"iside_voltage-12-8-fr","23":"iside_ampere-1-25-fr","24":"iside_vehicle-moto-mecaniques-fr","25":"iside_charger_series-gold-advanced-fr-2","26":"iside_charger_features-can-bus-bmw-motorrad","27":"iside_charger_features-maintenance-de-batterie-securisee-24-7","28":"iside_charger_features-maintenance-duo-24h-7-pour-pb-et-lfp","29":"iside_charger_features-save-sulphated-pb-lead-acid-fr","30":"iside_charger_features-save-low-volt-reset-bms-lithium-lfp-fr","31":"iside_charger_features-reinitialisation-du-bms-pour-batterie-lfp","32":"iside_charger_type-single-fr","33":"iside_battery_voltage-12-8v-13-2v","34":"iside_battery_voltage-12v-fr","35":"iside_battery_chemistry-lfp-lifepo4-lithium-ion-fr","36":"iside_battery_chemistry-pb-lead-acid-fr","37":"battery_charger_current-0-6a-1-5a-fr","38":"thunk-woo-product-list","39":"opn-qv-enable","40":"big-store-woo-hover-","41":"open-single-product-tab-horizontal","42":"open-shadow-","43":"open-shadow-hover-","45":"first","46":"instock","47":"featured","48":"shipping-taxable","49":"purchasable","50":"product-type-simple"},"yoast_head":"<!-- This site is optimized with the Yoast SEO plugin v27.2 - https:\/\/yoast.com\/product\/yoast-seo-wordpress\/ -->\n<title>OptiMate 4 Quad Program | \u00c9dition PREMIUM - OptiMate<\/title>\n<meta name=\"description\" content=\"Le programme OptiMate 4 Quad est le chargeur 1.25A le plus \u00e9conome en \u00e9nergie pour les batteries 12V et 12.8V! Allez sur notre site Web pour en savoir plus!\" \/>\n<meta name=\"robots\" content=\"index, follow, max-snippet:-1, max-image-preview:large, max-video-preview:-1, noarchive\" \/>\n<link rel=\"canonical\" href=\"https:\/\/optimate1.com\/fr\/produit\/optimate-4-quad-program-premium\/\" \/>\n<meta property=\"og:locale\" content=\"fr_FR\" \/>\n<meta property=\"og:type\" content=\"article\" \/>\n<meta property=\"og:title\" content=\"OptiMate 4 Quad Program | \u00c9dition PREMIUM - OptiMate\" \/>\n<meta property=\"og:description\" content=\"Le programme OptiMate 4 Quad est le chargeur 1.25A le plus \u00e9conome en \u00e9nergie pour les batteries 12V et 12.8V! Allez sur notre site Web pour en savoir plus!\" \/>\n<meta property=\"og:url\" content=\"https:\/\/optimate1.com\/fr\/produit\/optimate-4-quad-program-premium\/\" \/>\n<meta property=\"og:site_name\" content=\"OptiMate\" \/>\n<meta property=\"article:publisher\" content=\"https:\/\/www.facebook.com\/OptiMatebatterysavingcharger\/\" \/>\n<meta property=\"article:modified_time\" content=\"2026-03-26T13:53:23+00:00\" \/>\n<meta property=\"og:image\" content=\"https:\/\/optimate1.com\/wp-content\/uploads\/2026\/03\/OptiMate-4-Quad-PR-TM63x-11-copy-2-fr-1024x1024.png\" \/>\n\t<meta property=\"og:image:width\" content=\"1024\" \/>\n\t<meta property=\"og:image:height\" content=\"1024\" \/>\n\t<meta property=\"og:image:type\" content=\"image\/png\" \/>\n<meta name=\"twitter:card\" content=\"summary_large_image\" \/>\n<meta name=\"twitter:label1\" content=\"Dur\u00e9e de lecture estim\u00e9e\" \/>\n\t<meta name=\"twitter:data1\" content=\"2 minutes\" \/>\n<script type=\"application\/ld+json\" class=\"yoast-schema-graph\">{\"@context\":\"https:\/\/schema.org\",\"@graph\":[{\"@type\":\"WebPage\",\"@id\":\"https:\/\/optimate1.com\/fr\/produit\/optimate-4-quad-program-premium\/\",\"url\":\"https:\/\/optimate1.com\/fr\/produit\/optimate-4-quad-program-premium\/\",\"name\":\"OptiMate 4 Quad Program | \u00c9dition PREMIUM - OptiMate\",\"isPartOf\":{\"@id\":\"https:\/\/optimate1.com\/#website\"},\"primaryImageOfPage\":{\"@id\":\"https:\/\/optimate1.com\/fr\/produit\/optimate-4-quad-program-premium\/#primaryimage\"},\"image\":{\"@id\":\"https:\/\/optimate1.com\/fr\/produit\/optimate-4-quad-program-premium\/#primaryimage\"},\"thumbnailUrl\":\"https:\/\/optimate1.com\/wp-content\/uploads\/2026\/03\/OptiMate-4-Quad-PR-TM63x-11-copy-2-fr.png\",\"datePublished\":\"2023-02-02T09:03:28+00:00\",\"dateModified\":\"2026-03-26T13:53:23+00:00\",\"description\":\"Le programme OptiMate 4 Quad est le chargeur 1.25A le plus \u00e9conome en \u00e9nergie pour les batteries 12V et 12.8V! Allez sur notre site Web pour en savoir plus!\",\"breadcrumb\":{\"@id\":\"https:\/\/optimate1.com\/fr\/produit\/optimate-4-quad-program-premium\/#breadcrumb\"},\"inLanguage\":\"fr-FR\",\"potentialAction\":[{\"@type\":\"ReadAction\",\"target\":[\"https:\/\/optimate1.com\/fr\/produit\/optimate-4-quad-program-premium\/\"]}]},{\"@type\":\"ImageObject\",\"inLanguage\":\"fr-FR\",\"@id\":\"https:\/\/optimate1.com\/fr\/produit\/optimate-4-quad-program-premium\/#primaryimage\",\"url\":\"https:\/\/optimate1.com\/wp-content\/uploads\/2026\/03\/OptiMate-4-Quad-PR-TM63x-11-copy-2-fr.png\",\"contentUrl\":\"https:\/\/optimate1.com\/wp-content\/uploads\/2026\/03\/OptiMate-4-Quad-PR-TM63x-11-copy-2-fr.png\",\"width\":1500,\"height\":1500},{\"@type\":\"BreadcrumbList\",\"@id\":\"https:\/\/optimate1.com\/fr\/produit\/optimate-4-quad-program-premium\/#breadcrumb\",\"itemListElement\":[{\"@type\":\"ListItem\",\"position\":1,\"name\":\"Home\",\"item\":\"https:\/\/optimate1.com\/\"},{\"@type\":\"ListItem\",\"position\":2,\"name\":\"Produits\",\"item\":\"https:\/\/optimate1.com\/shop\/\"},{\"@type\":\"ListItem\",\"position\":3,\"name\":\"OptiMate 4 Quad Program | \u00c9dition PREMIUM\"}]},{\"@type\":\"WebSite\",\"@id\":\"https:\/\/optimate1.com\/#website\",\"url\":\"https:\/\/optimate1.com\/\",\"name\":\"OptiMate\",\"description\":\"Battery Chargers &amp; Accessories\",\"publisher\":{\"@id\":\"https:\/\/optimate1.com\/#organization\"},\"potentialAction\":[{\"@type\":\"SearchAction\",\"target\":{\"@type\":\"EntryPoint\",\"urlTemplate\":\"https:\/\/optimate1.com\/?s={search_term_string}\"},\"query-input\":{\"@type\":\"PropertyValueSpecification\",\"valueRequired\":true,\"valueName\":\"search_term_string\"}}],\"inLanguage\":\"fr-FR\"},{\"@type\":\"Organization\",\"@id\":\"https:\/\/optimate1.com\/#organization\",\"name\":\"OptiMate\",\"url\":\"https:\/\/optimate1.com\/\",\"logo\":{\"@type\":\"ImageObject\",\"inLanguage\":\"fr-FR\",\"@id\":\"https:\/\/optimate1.com\/#\/schema\/logo\/image\/\",\"url\":\"https:\/\/optimate1.com\/wp-content\/uploads\/2021\/06\/optimate-hpbc-stacklogo.jpg\",\"contentUrl\":\"https:\/\/optimate1.com\/wp-content\/uploads\/2021\/06\/optimate-hpbc-stacklogo.jpg\",\"width\":1025,\"height\":529,\"caption\":\"OptiMate\"},\"image\":{\"@id\":\"https:\/\/optimate1.com\/#\/schema\/logo\/image\/\"},\"sameAs\":[\"https:\/\/www.facebook.com\/OptiMatebatterysavingcharger\/\"]}]}<\/script>\n<!-- \/ Yoast SEO plugin. -->","yoast_head_json":{"title":"OptiMate 4 Quad Program | \u00c9dition PREMIUM - OptiMate","description":"Le programme OptiMate 4 Quad est le chargeur 1.25A le plus \u00e9conome en \u00e9nergie pour les batteries 12V et 12.8V! Allez sur notre site Web pour en savoir plus!","robots":{"index":"index","follow":"follow","max-snippet":"max-snippet:-1","max-image-preview":"max-image-preview:large","max-video-preview":"max-video-preview:-1","archive":"noarchive"},"canonical":"https:\/\/optimate1.com\/fr\/produit\/optimate-4-quad-program-premium\/","og_locale":"fr_FR","og_type":"article","og_title":"OptiMate 4 Quad Program | \u00c9dition PREMIUM - OptiMate","og_description":"Le programme OptiMate 4 Quad est le chargeur 1.25A le plus \u00e9conome en \u00e9nergie pour les batteries 12V et 12.8V! Allez sur notre site Web pour en savoir plus!","og_url":"https:\/\/optimate1.com\/fr\/produit\/optimate-4-quad-program-premium\/","og_site_name":"OptiMate","article_publisher":"https:\/\/www.facebook.com\/OptiMatebatterysavingcharger\/","article_modified_time":"2026-03-26T13:53:23+00:00","og_image":[{"width":1024,"height":1024,"url":"https:\/\/optimate1.com\/wp-content\/uploads\/2026\/03\/OptiMate-4-Quad-PR-TM63x-11-copy-2-fr-1024x1024.png","type":"image\/png"}],"twitter_card":"summary_large_image","twitter_misc":{"Dur\u00e9e de lecture estim\u00e9e":"2 minutes"},"schema":{"@context":"https:\/\/schema.org","@graph":[{"@type":"WebPage","@id":"https:\/\/optimate1.com\/fr\/produit\/optimate-4-quad-program-premium\/","url":"https:\/\/optimate1.com\/fr\/produit\/optimate-4-quad-program-premium\/","name":"OptiMate 4 Quad Program | \u00c9dition PREMIUM - OptiMate","isPartOf":{"@id":"https:\/\/optimate1.com\/#website"},"primaryImageOfPage":{"@id":"https:\/\/optimate1.com\/fr\/produit\/optimate-4-quad-program-premium\/#primaryimage"},"image":{"@id":"https:\/\/optimate1.com\/fr\/produit\/optimate-4-quad-program-premium\/#primaryimage"},"thumbnailUrl":"https:\/\/optimate1.com\/wp-content\/uploads\/2026\/03\/OptiMate-4-Quad-PR-TM63x-11-copy-2-fr.png","datePublished":"2023-02-02T09:03:28+00:00","dateModified":"2026-03-26T13:53:23+00:00","description":"Le programme OptiMate 4 Quad est le chargeur 1.25A le plus \u00e9conome en \u00e9nergie pour les batteries 12V et 12.8V! Allez sur notre site Web pour en savoir plus!","breadcrumb":{"@id":"https:\/\/optimate1.com\/fr\/produit\/optimate-4-quad-program-premium\/#breadcrumb"},"inLanguage":"fr-FR","potentialAction":[{"@type":"ReadAction","target":["https:\/\/optimate1.com\/fr\/produit\/optimate-4-quad-program-premium\/"]}]},{"@type":"ImageObject","inLanguage":"fr-FR","@id":"https:\/\/optimate1.com\/fr\/produit\/optimate-4-quad-program-premium\/#primaryimage","url":"https:\/\/optimate1.com\/wp-content\/uploads\/2026\/03\/OptiMate-4-Quad-PR-TM63x-11-copy-2-fr.png","contentUrl":"https:\/\/optimate1.com\/wp-content\/uploads\/2026\/03\/OptiMate-4-Quad-PR-TM63x-11-copy-2-fr.png","width":1500,"height":1500},{"@type":"BreadcrumbList","@id":"https:\/\/optimate1.com\/fr\/produit\/optimate-4-quad-program-premium\/#breadcrumb","itemListElement":[{"@type":"ListItem","position":1,"name":"Home","item":"https:\/\/optimate1.com\/"},{"@type":"ListItem","position":2,"name":"Produits","item":"https:\/\/optimate1.com\/shop\/"},{"@type":"ListItem","position":3,"name":"OptiMate 4 Quad Program | \u00c9dition PREMIUM"}]},{"@type":"WebSite","@id":"https:\/\/optimate1.com\/#website","url":"https:\/\/optimate1.com\/","name":"OptiMate","description":"Battery Chargers &amp; Accessories","publisher":{"@id":"https:\/\/optimate1.com\/#organization"},"potentialAction":[{"@type":"SearchAction","target":{"@type":"EntryPoint","urlTemplate":"https:\/\/optimate1.com\/?s={search_term_string}"},"query-input":{"@type":"PropertyValueSpecification","valueRequired":true,"valueName":"search_term_string"}}],"inLanguage":"fr-FR"},{"@type":"Organization","@id":"https:\/\/optimate1.com\/#organization","name":"OptiMate","url":"https:\/\/optimate1.com\/","logo":{"@type":"ImageObject","inLanguage":"fr-FR","@id":"https:\/\/optimate1.com\/#\/schema\/logo\/image\/","url":"https:\/\/optimate1.com\/wp-content\/uploads\/2021\/06\/optimate-hpbc-stacklogo.jpg","contentUrl":"https:\/\/optimate1.com\/wp-content\/uploads\/2021\/06\/optimate-hpbc-stacklogo.jpg","width":1025,"height":529,"caption":"OptiMate"},"image":{"@id":"https:\/\/optimate1.com\/#\/schema\/logo\/image\/"},"sameAs":["https:\/\/www.facebook.com\/OptiMatebatterysavingcharger\/"]}]}},"_links":{"self":[{"href":"https:\/\/optimate1.com\/fr\/wp-json\/wp\/v2\/product\/31722","targetHints":{"allow":["GET"]}}],"collection":[{"href":"https:\/\/optimate1.com\/fr\/wp-json\/wp\/v2\/product"}],"about":[{"href":"https:\/\/optimate1.com\/fr\/wp-json\/wp\/v2\/types\/product"}],"wp:featuredmedia":[{"embeddable":true,"href":"https:\/\/optimate1.com\/fr\/wp-json\/wp\/v2\/media\/41814"}],"wp:attachment":[{"href":"https:\/\/optimate1.com\/fr\/wp-json\/wp\/v2\/media?parent=31722"}],"wp:term":[{"taxonomy":"product_brand","embeddable":true,"href":"https:\/\/optimate1.com\/fr\/wp-json\/wp\/v2\/product_brand?post=31722"},{"taxonomy":"product_cat","embeddable":true,"href":"https:\/\/optimate1.com\/fr\/wp-json\/wp\/v2\/product_cat?post=31722"},{"taxonomy":"product_tag","embeddable":true,"href":"https:\/\/optimate1.com\/fr\/wp-json\/wp\/v2\/product_tag?post=31722"}],"curies":[{"name":"wp","href":"https:\/\/api.w.org\/{rel}","templated":true}]}}