{"id":31792,"date":"2023-02-06T08:15:49","date_gmt":"2023-02-06T13:15:49","guid":{"rendered":"https:\/\/optimate1.com\/product\/cbleo-49\/"},"modified":"2023-02-16T08:56:29","modified_gmt":"2023-02-16T13:56:29","slug":"cbleo-49","status":"publish","type":"product","link":"https:\/\/optimate1.com\/fr\/produit\/cbleo-49\/","title":{"rendered":"OptiMate CABLE O-49"},"content":{"rendered":"<h3 class=\"entry-summary hidden-phone\" style=\"text-align: center;\"><strong>Adaptez votre chargeur de batterie OptiMate 24V pour optimiser les performances de la batterie 24V de votre \u00e9quipement m\u00e9dical!<\/strong><\/h3>\n<h6 style=\"text-align: center;\"><img loading=\"lazy\" decoding=\"async\" class=\"aligncenter wp-image-20910\" src=\"https:\/\/optimate1.com\/wp-content\/uploads\/2023\/02\/O-49-xlr-3-pin.png\" alt=\"La prise XLR s'adapte \u00e0 la prise de votre fauteuil roulant \u00e9lectrique 24 V, scooter ou autre \u00e9quipement m\u00e9dical\" width=\"428\" height=\"70\" \/><strong><span style=\"color: #10069f;\">La prise XLR \u00e0 3 broches s&#8217;adapte \u00e0 la prise de votre fauteuil roulant \u00e9lectrique 24V, scooter ou autre \u00e9quipement m\u00e9dical.<\/span><\/strong><\/h6>\n<h6 style=\"text-align: center;\"><img loading=\"lazy\" decoding=\"async\" class=\"aligncenter wp-image-20977\" src=\"https:\/\/optimate1.com\/wp-content\/uploads\/2023\/02\/prepare-24V-battery-charger-copy-2.png\" alt=\"Pr\u00e9parez votre chargeur de batterie OptiMate 24V pour vous connecter \u00e0 votre \u00e9quipement m\u00e9dical avec notre prise O-49 xlr\" width=\"428\" height=\"70\" \/><strong><span style=\"color: #10069f;\">Pr\u00e9parez votre chargeur de batterie OptiMate 24V pour le connecter \u00e0 votre \u00e9quipement m\u00e9dical.<\/span><\/strong><\/h6>\n<h6 style=\"text-align: center;\"><a href=\"https:\/\/optimate1.com\/prod\/chargers\/?filters=charge-battery-more%5B24v%5D\" target=\"_blank\" rel=\"noopener\"><img loading=\"lazy\" decoding=\"async\" class=\"aligncenter wp-image-20977\" src=\"https:\/\/optimate1.com\/wp-content\/uploads\/2023\/02\/24v-battery-chargers.png\" alt=\"Chargeurs de batterie OptiMate 24V\" width=\"428\" height=\"70\" \/><\/a><strong><span style=\"color: #10069f;\">Fonctionne avec ces <a href=\"https:\/\/optimate1.com\/prod\/chargers\/?filters=charge-battery-more%5B24v%5D\" target=\"_blank\" rel=\"noopener\">chargeurs de batterie OptiMate 24V<\/a>. <\/span><\/strong><\/h6>\n<h6 style=\"text-align: center;\"><strong><span style=\"color: #10069f;\"><img loading=\"lazy\" decoding=\"async\" class=\"wp-image-20660 aligncenter\" src=\"https:\/\/optimate1.com\/wp-content\/uploads\/2023\/02\/O49-feature-cable-length.png\" alt=\"longueur du c\u00e2ble de la prise o-49 xlr\" width=\"428\" height=\"100\" \/>Longueur = 30cm \/ 12&#8221;<\/span><\/strong><\/h6>\n<p>&nbsp;<\/p>\n<h4 style=\"text-align: center;\"><span style=\"text-decoration: underline;\"><strong>PLUS DE FONCTIONNALIT\u00c9S:<\/strong><\/span><\/h4>\n<p style=\"text-align: center;\">\n<table id=\"tablepress-146\" class=\"tablepress tablepress-id-146\">\n<tbody class=\"row-hover\">\n<tr class=\"row-1\">\n\t<td class=\"column-1\"><a href=\"\"><img loading=\"lazy\" decoding=\"async\" src=\"https:\/\/optimate1.com\/wp-content\/uploads\/2021\/11\/Inline-protection-against-dust-rain-01_X-copy.png\" alt=\"\" width=\"300\" height=\"50\" class=\"aligncenter size-medium wp-image-20982\" \/><\/a><body><h6><center>Un joint en caoutchouc prot\u00e8ge la connexion SAE.<\/center><\/h6><\/body><\/td>\n<\/tr>\n<tr class=\"row-2\">\n\t<td class=\"column-1\"><a href=\"\"><img loading=\"lazy\" decoding=\"async\" src=\"https:\/\/optimate1.com\/wp-content\/uploads\/2021\/11\/cross-section-cable_600px.png\" alt=\"\" width=\"600\" height=\"40\" class=\"aligncenter size-medium wp-image-20993\" \/><\/a><body><h6><center>Isolation plus \u00e9paisse pour une meilleure protection.<\/body><\/h6><\/center><\/td>\n<\/tr>\n<tr class=\"row-3\">\n\t<td class=\"column-1\"><a href=\"\"><img loading=\"lazy\" decoding=\"async\" src=\"https:\/\/optimate1.com\/wp-content\/uploads\/2021\/11\/weather-icon-copy_600px-01.png\" alt=\"\" width=\"600\" height=\"40\" class=\"aligncenter size-medium wp-image-21012\" \/><\/a><body><h6><center>Pr\u00e9vue pour les basses T\u00b0 et l\u2019utilisation en ext\u00e9rieur.<\/body><\/h6><\/center><\/td>\n<\/tr>\n<\/tbody>\n<\/table>\n<!-- #tablepress-146 from cache --><\/p>\n","protected":false},"excerpt":{"rendered":"<h3><span style=\"color: #cd202c;\">Adaptateur, prise SAE vers XLR \u00e0 3 broches pour le chargement de la batterie 24V<\/span><\/h3>\n","protected":false},"featured_media":31798,"template":"","meta":[],"product_brand":[],"product_cat":[2246,1058,2245],"product_tag":[],"class_list":{"0":"post-31792","1":"product","2":"type-product","3":"status-publish","4":"has-post-thumbnail","6":"product_cat-accessories-fr","7":"product_cat-cablesconnectors-fr","8":"product_cat-marine-fr","9":"pa_connector-type-sae-fr","10":"pa_region-ca-fr","11":"pa_region-eu-fr-2","12":"pa_region-uk-fr-2","13":"pa_region-us-fr-2","14":"iside_cable_type-adaptateur-sae-vers-autre","15":"iside_connector_type-sae-fr","16":"thunk-woo-product-list","17":"opn-qv-enable","18":"big-store-woo-hover-","19":"open-single-product-tab-horizontal","20":"open-shadow-","21":"open-shadow-hover-","23":"first","24":"instock","25":"featured","26":"shipping-taxable","27":"purchasable","28":"product-type-simple"},"yoast_head":"<!-- This site is optimized with the Yoast SEO plugin v27.2 - https:\/\/yoast.com\/product\/yoast-seo-wordpress\/ -->\n<title>OptiMate CABLE O-49 - OptiMate<\/title>\n<meta name=\"description\" content=\"Adaptez votre chargeur de batterie OptiMate 24V pour optimiser les performances de la batterie 24V de votre \u00e9quipement m\u00e9dical! En savoir plus!\" \/>\n<meta name=\"robots\" content=\"index, follow, max-snippet:-1, max-image-preview:large, max-video-preview:-1, noarchive\" \/>\n<link rel=\"canonical\" href=\"https:\/\/optimate1.com\/product\/cbleo-49\/\" \/>\n<meta property=\"og:locale\" content=\"fr_FR\" \/>\n<meta property=\"og:type\" content=\"article\" \/>\n<meta property=\"og:title\" content=\"OptiMate CABLE O-49 - OptiMate\" \/>\n<meta property=\"og:description\" content=\"Adaptez votre chargeur de batterie OptiMate 24V pour optimiser les performances de la batterie 24V de votre \u00e9quipement m\u00e9dical! En savoir plus!\" \/>\n<meta property=\"og:url\" content=\"https:\/\/optimate1.com\/product\/cbleo-49\/\" \/>\n<meta property=\"og:site_name\" content=\"OptiMate\" \/>\n<meta property=\"article:publisher\" content=\"https:\/\/www.facebook.com\/OptiMatebatterysavingcharger\/\" \/>\n<meta property=\"article:modified_time\" content=\"2023-02-16T13:56:29+00:00\" \/>\n<meta property=\"og:image\" content=\"https:\/\/optimate1.com\/wp-content\/uploads\/2023\/02\/O49-1-fr.png\" \/>\n\t<meta property=\"og:image:width\" content=\"1500\" \/>\n\t<meta property=\"og:image:height\" content=\"1500\" \/>\n\t<meta property=\"og:image:type\" content=\"image\/png\" \/>\n<meta name=\"twitter:card\" content=\"summary_large_image\" \/>\n<meta name=\"twitter:label1\" content=\"Dur\u00e9e de lecture estim\u00e9e\" \/>\n\t<meta name=\"twitter:data1\" content=\"2 minutes\" \/>\n<script type=\"application\/ld+json\" class=\"yoast-schema-graph\">{\"@context\":\"https:\/\/schema.org\",\"@graph\":[{\"@type\":\"WebPage\",\"@id\":\"https:\/\/optimate1.com\/product\/cbleo-49\/\",\"url\":\"https:\/\/optimate1.com\/product\/cbleo-49\/\",\"name\":\"OptiMate CABLE O-49 - OptiMate\",\"isPartOf\":{\"@id\":\"https:\/\/optimate1.com\/#website\"},\"primaryImageOfPage\":{\"@id\":\"https:\/\/optimate1.com\/product\/cbleo-49\/#primaryimage\"},\"image\":{\"@id\":\"https:\/\/optimate1.com\/product\/cbleo-49\/#primaryimage\"},\"thumbnailUrl\":\"https:\/\/optimate1.com\/wp-content\/uploads\/2023\/02\/O49-1-fr.png\",\"datePublished\":\"2023-02-06T13:15:49+00:00\",\"dateModified\":\"2023-02-16T13:56:29+00:00\",\"description\":\"Adaptez votre chargeur de batterie OptiMate 24V pour optimiser les performances de la batterie 24V de votre \u00e9quipement m\u00e9dical! En savoir plus!\",\"breadcrumb\":{\"@id\":\"https:\/\/optimate1.com\/product\/cbleo-49\/#breadcrumb\"},\"inLanguage\":\"fr-FR\",\"potentialAction\":[{\"@type\":\"ReadAction\",\"target\":[\"https:\/\/optimate1.com\/product\/cbleo-49\/\"]}]},{\"@type\":\"ImageObject\",\"inLanguage\":\"fr-FR\",\"@id\":\"https:\/\/optimate1.com\/product\/cbleo-49\/#primaryimage\",\"url\":\"https:\/\/optimate1.com\/wp-content\/uploads\/2023\/02\/O49-1-fr.png\",\"contentUrl\":\"https:\/\/optimate1.com\/wp-content\/uploads\/2023\/02\/O49-1-fr.png\",\"width\":1500,\"height\":1500,\"caption\":\"Adaptateur O-49, prise SAE vers XLR \u00e0 3 broches pour le chargement de la batterie 24V\"},{\"@type\":\"BreadcrumbList\",\"@id\":\"https:\/\/optimate1.com\/product\/cbleo-49\/#breadcrumb\",\"itemListElement\":[{\"@type\":\"ListItem\",\"position\":1,\"name\":\"Home\",\"item\":\"https:\/\/optimate1.com\/\"},{\"@type\":\"ListItem\",\"position\":2,\"name\":\"Produits\",\"item\":\"https:\/\/optimate1.com\/shop\/\"},{\"@type\":\"ListItem\",\"position\":3,\"name\":\"OptiMate CABLE O-49\"}]},{\"@type\":\"WebSite\",\"@id\":\"https:\/\/optimate1.com\/#website\",\"url\":\"https:\/\/optimate1.com\/\",\"name\":\"OptiMate\",\"description\":\"Battery Chargers &amp; Accessories\",\"publisher\":{\"@id\":\"https:\/\/optimate1.com\/#organization\"},\"potentialAction\":[{\"@type\":\"SearchAction\",\"target\":{\"@type\":\"EntryPoint\",\"urlTemplate\":\"https:\/\/optimate1.com\/?s={search_term_string}\"},\"query-input\":{\"@type\":\"PropertyValueSpecification\",\"valueRequired\":true,\"valueName\":\"search_term_string\"}}],\"inLanguage\":\"fr-FR\"},{\"@type\":\"Organization\",\"@id\":\"https:\/\/optimate1.com\/#organization\",\"name\":\"OptiMate\",\"url\":\"https:\/\/optimate1.com\/\",\"logo\":{\"@type\":\"ImageObject\",\"inLanguage\":\"fr-FR\",\"@id\":\"https:\/\/optimate1.com\/#\/schema\/logo\/image\/\",\"url\":\"https:\/\/optimate1.com\/wp-content\/uploads\/2021\/06\/optimate-hpbc-stacklogo.jpg\",\"contentUrl\":\"https:\/\/optimate1.com\/wp-content\/uploads\/2021\/06\/optimate-hpbc-stacklogo.jpg\",\"width\":1025,\"height\":529,\"caption\":\"OptiMate\"},\"image\":{\"@id\":\"https:\/\/optimate1.com\/#\/schema\/logo\/image\/\"},\"sameAs\":[\"https:\/\/www.facebook.com\/OptiMatebatterysavingcharger\/\"]}]}<\/script>\n<!-- \/ Yoast SEO plugin. -->","yoast_head_json":{"title":"OptiMate CABLE O-49 - OptiMate","description":"Adaptez votre chargeur de batterie OptiMate 24V pour optimiser les performances de la batterie 24V de votre \u00e9quipement m\u00e9dical! En savoir plus!","robots":{"index":"index","follow":"follow","max-snippet":"max-snippet:-1","max-image-preview":"max-image-preview:large","max-video-preview":"max-video-preview:-1","archive":"noarchive"},"canonical":"https:\/\/optimate1.com\/product\/cbleo-49\/","og_locale":"fr_FR","og_type":"article","og_title":"OptiMate CABLE O-49 - OptiMate","og_description":"Adaptez votre chargeur de batterie OptiMate 24V pour optimiser les performances de la batterie 24V de votre \u00e9quipement m\u00e9dical! En savoir plus!","og_url":"https:\/\/optimate1.com\/product\/cbleo-49\/","og_site_name":"OptiMate","article_publisher":"https:\/\/www.facebook.com\/OptiMatebatterysavingcharger\/","article_modified_time":"2023-02-16T13:56:29+00:00","og_image":[{"width":1500,"height":1500,"url":"https:\/\/optimate1.com\/wp-content\/uploads\/2023\/02\/O49-1-fr.png","type":"image\/png"}],"twitter_card":"summary_large_image","twitter_misc":{"Dur\u00e9e de lecture estim\u00e9e":"2 minutes"},"schema":{"@context":"https:\/\/schema.org","@graph":[{"@type":"WebPage","@id":"https:\/\/optimate1.com\/product\/cbleo-49\/","url":"https:\/\/optimate1.com\/product\/cbleo-49\/","name":"OptiMate CABLE O-49 - OptiMate","isPartOf":{"@id":"https:\/\/optimate1.com\/#website"},"primaryImageOfPage":{"@id":"https:\/\/optimate1.com\/product\/cbleo-49\/#primaryimage"},"image":{"@id":"https:\/\/optimate1.com\/product\/cbleo-49\/#primaryimage"},"thumbnailUrl":"https:\/\/optimate1.com\/wp-content\/uploads\/2023\/02\/O49-1-fr.png","datePublished":"2023-02-06T13:15:49+00:00","dateModified":"2023-02-16T13:56:29+00:00","description":"Adaptez votre chargeur de batterie OptiMate 24V pour optimiser les performances de la batterie 24V de votre \u00e9quipement m\u00e9dical! En savoir plus!","breadcrumb":{"@id":"https:\/\/optimate1.com\/product\/cbleo-49\/#breadcrumb"},"inLanguage":"fr-FR","potentialAction":[{"@type":"ReadAction","target":["https:\/\/optimate1.com\/product\/cbleo-49\/"]}]},{"@type":"ImageObject","inLanguage":"fr-FR","@id":"https:\/\/optimate1.com\/product\/cbleo-49\/#primaryimage","url":"https:\/\/optimate1.com\/wp-content\/uploads\/2023\/02\/O49-1-fr.png","contentUrl":"https:\/\/optimate1.com\/wp-content\/uploads\/2023\/02\/O49-1-fr.png","width":1500,"height":1500,"caption":"Adaptateur O-49, prise SAE vers XLR \u00e0 3 broches pour le chargement de la batterie 24V"},{"@type":"BreadcrumbList","@id":"https:\/\/optimate1.com\/product\/cbleo-49\/#breadcrumb","itemListElement":[{"@type":"ListItem","position":1,"name":"Home","item":"https:\/\/optimate1.com\/"},{"@type":"ListItem","position":2,"name":"Produits","item":"https:\/\/optimate1.com\/shop\/"},{"@type":"ListItem","position":3,"name":"OptiMate CABLE O-49"}]},{"@type":"WebSite","@id":"https:\/\/optimate1.com\/#website","url":"https:\/\/optimate1.com\/","name":"OptiMate","description":"Battery Chargers &amp; Accessories","publisher":{"@id":"https:\/\/optimate1.com\/#organization"},"potentialAction":[{"@type":"SearchAction","target":{"@type":"EntryPoint","urlTemplate":"https:\/\/optimate1.com\/?s={search_term_string}"},"query-input":{"@type":"PropertyValueSpecification","valueRequired":true,"valueName":"search_term_string"}}],"inLanguage":"fr-FR"},{"@type":"Organization","@id":"https:\/\/optimate1.com\/#organization","name":"OptiMate","url":"https:\/\/optimate1.com\/","logo":{"@type":"ImageObject","inLanguage":"fr-FR","@id":"https:\/\/optimate1.com\/#\/schema\/logo\/image\/","url":"https:\/\/optimate1.com\/wp-content\/uploads\/2021\/06\/optimate-hpbc-stacklogo.jpg","contentUrl":"https:\/\/optimate1.com\/wp-content\/uploads\/2021\/06\/optimate-hpbc-stacklogo.jpg","width":1025,"height":529,"caption":"OptiMate"},"image":{"@id":"https:\/\/optimate1.com\/#\/schema\/logo\/image\/"},"sameAs":["https:\/\/www.facebook.com\/OptiMatebatterysavingcharger\/"]}]}},"_links":{"self":[{"href":"https:\/\/optimate1.com\/fr\/wp-json\/wp\/v2\/product\/31792","targetHints":{"allow":["GET"]}}],"collection":[{"href":"https:\/\/optimate1.com\/fr\/wp-json\/wp\/v2\/product"}],"about":[{"href":"https:\/\/optimate1.com\/fr\/wp-json\/wp\/v2\/types\/product"}],"wp:featuredmedia":[{"embeddable":true,"href":"https:\/\/optimate1.com\/fr\/wp-json\/wp\/v2\/media\/31798"}],"wp:attachment":[{"href":"https:\/\/optimate1.com\/fr\/wp-json\/wp\/v2\/media?parent=31792"}],"wp:term":[{"taxonomy":"product_brand","embeddable":true,"href":"https:\/\/optimate1.com\/fr\/wp-json\/wp\/v2\/product_brand?post=31792"},{"taxonomy":"product_cat","embeddable":true,"href":"https:\/\/optimate1.com\/fr\/wp-json\/wp\/v2\/product_cat?post=31792"},{"taxonomy":"product_tag","embeddable":true,"href":"https:\/\/optimate1.com\/fr\/wp-json\/wp\/v2\/product_tag?post=31792"}],"curies":[{"name":"wp","href":"https:\/\/api.w.org\/{rel}","templated":true}]}}