{"id":32871,"date":"2023-05-15T05:42:08","date_gmt":"2023-05-15T09:42:08","guid":{"rendered":"https:\/\/optimate1.com\/product\/usbo-114\/"},"modified":"2026-04-15T06:18:13","modified_gmt":"2026-04-15T10:18:13","slug":"usbo-114","status":"publish","type":"product","link":"https:\/\/optimate1.com\/fr\/produit\/usbo-114\/","title":{"rendered":"OptiMate USB O-114"},"content":{"rendered":"<h3 class=\"entry-summary hidden-phone\"><strong>Le chargeur portable 3300mA Dual USB avec port USB-A et USB-C, avec connecteur BIKE coud\u00e9 \u00e0 90\u00b0 qui s&#8217;adapte \u00e0 votre moto BMW et Triumph<\/strong> &#8211; <i>rechargez votre t\u00e9l\u00e9phone, GPS, appareil photo ou tablette!<\/i><\/h3>\n<h6 style=\"text-align: center;\"><img loading=\"lazy\" decoding=\"async\" class=\"aligncenter wp-image-20876\" src=\"https:\/\/optimate1.com\/wp-content\/uploads\/2023\/05\/O-114-length-copy-5.png\" alt=\"O-118 motorcycle USB c charger cable length + O-31 battery cable extension.\" width=\"400\" height=\"50\" \/><\/h6>\n<h6 style=\"text-align: center;\"><strong><span style=\"color: #10069f;\"><b>1x port USB-A et 1x port USB-C<\/b> &#8211; <\/span><\/strong><i><span style=\"color: #10069f;\">Fiche DIN coud\u00e9e \u00e0 90\u00b0!<\/span><\/i><\/h6>\n<p>&nbsp;<\/p>\n<h6 style=\"text-align: center;\"><img loading=\"lazy\" decoding=\"async\" class=\"aligncenter wp-image-20876\" src=\"https:\/\/optimate1.com\/wp-content\/uploads\/2023\/06\/USB-C-USB-A-copy.png\" alt=\"3300mA motorcycle usb c charger at 5V.\" width=\"328\" height=\"70\" \/><\/h6>\n<h6 style=\"text-align: center;\"><strong><span style=\"color: #10069f;\"><b>Courant de charge puissant de 3300mA fourni par le port USB-C ou le courant est partag\u00e9 si le port USB-A est \u00e9galement utilis\u00e9 <\/b><\/span><\/strong><strong><span style=\"color: #10069f;\">&#8211; <\/span><\/strong><span style=\"color: #10069f;\"><i>Recharge rapide et s\u00fbre pour tous les appareils USB-C et USB-A!<\/i><\/span><\/h6>\n<p>&nbsp;<\/p>\n<h6 style=\"text-align: center;\"><img loading=\"lazy\" decoding=\"async\" class=\"aligncenter wp-image-20660\" src=\"https:\/\/optimate1.com\/wp-content\/uploads\/2023\/05\/battery-range-copy-3.png\" alt=\"The O-118 motorcycle usb c charger is ideal for connection to 12V AGM &amp; 12.8V LiFeP04 \/ LFP lithium batteries, found in your motorcycle.\" width=\"370\" height=\"50\" \/><img loading=\"lazy\" decoding=\"async\" class=\"aligncenter wp-image-20668\" src=\"https:\/\/optimate1.com\/wp-content\/uploads\/2023\/05\/devices-2-copy-2.png\" alt=\"The O-118 motorcycle usb c charger charges your phone, GPS, camera or tablet.\" width=\"400\" height=\"100\" \/><strong><span style=\"color: #10069f;\"><br \/>\nFonctionne sur votre BMW ou Triumph \u00e9quip\u00e9e d&#8217;une batterie 12V moderne, plomb-acide (Pb\/AGM) ou lithium-Ion (LiFePO4\/LFP) &#8211; <\/span><\/strong><span style=\"color: #10069f;\"><i>ne d\u00e9charge pas la batterie lorsque le v\u00e9hicule est gar\u00e9!<\/i><\/span><\/h6>\n<p>&nbsp;<\/p>\n<h4 style=\"text-align: center;\"><span style=\"text-decoration: underline;\"><strong>PLUS DE CARACT\u00c9RISTIQUES:<\/strong><\/span><\/h4>\n<p style=\"text-align: center;\">\n<table id=\"tablepress-249\" class=\"tablepress tablepress-id-249\">\n<tbody class=\"row-hover\">\n<tr class=\"row-1\">\n\t<td class=\"column-1\"><a href=\"\"><img loading=\"lazy\" decoding=\"async\" src=\"https:\/\/optimate1.com\/wp-content\/uploads\/2022\/09\/o-118-table-1.png\" alt=\"\" width=\"300\" height=\"50\" class=\"aligncenter size-medium wp-image-20982\" \/><\/a><body><h6><center>Volts de la batterie du v\u00e9hicule \u2265 13.3V: USB en service.<\/center><\/h6><\/body><\/td>\n<\/tr>\n<tr class=\"row-2\">\n\t<td class=\"column-1\"><a href=\"\"><img loading=\"lazy\" decoding=\"async\" src=\"https:\/\/optimate1.com\/wp-content\/uploads\/2022\/09\/o-118-table-1-copy.png\" alt=\"\" width=\"300\" height=\"50\" class=\"aligncenter size-medium wp-image-20993\" \/><\/a><body><h6><center>La protection int\u00e9gr\u00e9e d\u00e9sactive la charge USB apr\u00e8s 1 heure pour \u00e9viter que la batterie de votre v\u00e9hicule stationn\u00e9 ne se d\u00e9charge.<\/body><\/h6><\/center><\/td>\n<\/tr>\n<tr class=\"row-3\">\n\t<td class=\"column-1\"><a href=\"\"><img loading=\"lazy\" decoding=\"async\" src=\"https:\/\/optimate1.com\/wp-content\/uploads\/2022\/01\/weather-icon-2-01.png\" alt=\"\" width=\"300\" height=\"40\" class=\"aligncenter size-medium wp-image-21012\" \/><\/a><body><h6><center>Con\u00e7u pour une temp\u00e9rature normale et une utilisation en ext\u00e9rieur.<\/body><\/h6><\/center><\/td>\n<\/tr>\n<\/tbody>\n<\/table>\n<!-- #tablepress-249 from cache --><\/p>\n","protected":false},"excerpt":{"rendered":"<h3><span style=\"color: #cd202c;\">Chargeur USB intelligent 3300mA \u00e0 double sortie, avec prise BIKE.<\/span><\/h3>\n","protected":false},"featured_media":33018,"template":"","meta":[],"product_brand":[],"product_cat":[1317],"product_tag":[],"class_list":{"0":"post-32871","1":"product","2":"type-product","3":"status-publish","4":"has-post-thumbnail","6":"product_cat-usb-fr","7":"pa_region-ca-fr","8":"pa_region-eu-fr-2","9":"pa_region-uk-fr-2","10":"pa_region-us-fr-2","11":"pa_special-use-2-x-usb-ports-fr","12":"pa_special-use-auto-on-off-fr","13":"pa_special-use-bmw-motorad-triumph-fr","14":"pa_usb-product-usb-charger-fr","15":"pa_vehicle-connection-socket-din-hella-fr","16":"iside_usb_product-usb-charger-fr","17":"iside_vehicle_connection-socket-din-hella-fr","18":"iside_special_use-2-x-usb-ports-fr","19":"iside_special_use-auto-on-off-fr","20":"iside_special_use-bmw-motorad-triumph-fr","21":"thunk-woo-product-list","22":"opn-qv-enable","23":"big-store-woo-hover-","24":"open-single-product-tab-horizontal","25":"open-shadow-","26":"open-shadow-hover-","28":"first","29":"instock","30":"featured","31":"shipping-taxable","32":"purchasable","33":"product-type-simple"},"yoast_head":"<!-- This site is optimized with the Yoast SEO plugin v27.2 - https:\/\/yoast.com\/product\/yoast-seo-wordpress\/ -->\n<title>OptiMate USB O-114 - OptiMate<\/title>\n<meta name=\"description\" content=\"L&#039;OptiMate USB O-114 est un chargeur USB \u00e0 double port avec un connecteur de prise de v\u00e9lo qui s&#039;adapte \u00e0 votre moto BMW et Triumph. En savoir plus!\" \/>\n<meta name=\"robots\" content=\"index, follow, max-snippet:-1, max-image-preview:large, max-video-preview:-1, noarchive\" \/>\n<link rel=\"canonical\" href=\"https:\/\/optimate1.com\/fr\/produit\/usbo-114\/\" \/>\n<meta property=\"og:locale\" content=\"fr_FR\" \/>\n<meta property=\"og:type\" content=\"article\" \/>\n<meta property=\"og:title\" content=\"OptiMate USB O-114 - OptiMate\" \/>\n<meta property=\"og:description\" content=\"L&#039;OptiMate USB O-114 est un chargeur USB \u00e0 double port avec un connecteur de prise de v\u00e9lo qui s&#039;adapte \u00e0 votre moto BMW et Triumph. En savoir plus!\" \/>\n<meta property=\"og:url\" content=\"https:\/\/optimate1.com\/fr\/produit\/usbo-114\/\" \/>\n<meta property=\"og:site_name\" content=\"OptiMate\" \/>\n<meta property=\"article:publisher\" content=\"https:\/\/www.facebook.com\/OptiMatebatterysavingcharger\/\" \/>\n<meta property=\"article:modified_time\" content=\"2026-04-15T10:18:13+00:00\" \/>\n<meta property=\"og:image\" content=\"https:\/\/optimate1.com\/wp-content\/uploads\/2023\/06\/O114-FR-1024x1024.png\" \/>\n\t<meta property=\"og:image:width\" content=\"1024\" \/>\n\t<meta property=\"og:image:height\" content=\"1024\" \/>\n\t<meta property=\"og:image:type\" content=\"image\/png\" \/>\n<meta name=\"twitter:card\" content=\"summary_large_image\" \/>\n<meta name=\"twitter:label1\" content=\"Dur\u00e9e de lecture estim\u00e9e\" \/>\n\t<meta name=\"twitter:data1\" content=\"2 minutes\" \/>\n<script type=\"application\/ld+json\" class=\"yoast-schema-graph\">{\"@context\":\"https:\/\/schema.org\",\"@graph\":[{\"@type\":\"WebPage\",\"@id\":\"https:\/\/optimate1.com\/fr\/produit\/usbo-114\/\",\"url\":\"https:\/\/optimate1.com\/fr\/produit\/usbo-114\/\",\"name\":\"OptiMate USB O-114 - OptiMate\",\"isPartOf\":{\"@id\":\"https:\/\/optimate1.com\/#website\"},\"primaryImageOfPage\":{\"@id\":\"https:\/\/optimate1.com\/fr\/produit\/usbo-114\/#primaryimage\"},\"image\":{\"@id\":\"https:\/\/optimate1.com\/fr\/produit\/usbo-114\/#primaryimage\"},\"thumbnailUrl\":\"https:\/\/optimate1.com\/wp-content\/uploads\/2023\/06\/O114-FR.png\",\"datePublished\":\"2023-05-15T09:42:08+00:00\",\"dateModified\":\"2026-04-15T10:18:13+00:00\",\"description\":\"L'OptiMate USB O-114 est un chargeur USB \u00e0 double port avec un connecteur de prise de v\u00e9lo qui s'adapte \u00e0 votre moto BMW et Triumph. En savoir plus!\",\"breadcrumb\":{\"@id\":\"https:\/\/optimate1.com\/fr\/produit\/usbo-114\/#breadcrumb\"},\"inLanguage\":\"fr-FR\",\"potentialAction\":[{\"@type\":\"ReadAction\",\"target\":[\"https:\/\/optimate1.com\/fr\/produit\/usbo-114\/\"]}]},{\"@type\":\"ImageObject\",\"inLanguage\":\"fr-FR\",\"@id\":\"https:\/\/optimate1.com\/fr\/produit\/usbo-114\/#primaryimage\",\"url\":\"https:\/\/optimate1.com\/wp-content\/uploads\/2023\/06\/O114-FR.png\",\"contentUrl\":\"https:\/\/optimate1.com\/wp-content\/uploads\/2023\/06\/O114-FR.png\",\"width\":1500,\"height\":1500},{\"@type\":\"BreadcrumbList\",\"@id\":\"https:\/\/optimate1.com\/fr\/produit\/usbo-114\/#breadcrumb\",\"itemListElement\":[{\"@type\":\"ListItem\",\"position\":1,\"name\":\"Home\",\"item\":\"https:\/\/optimate1.com\/\"},{\"@type\":\"ListItem\",\"position\":2,\"name\":\"Produits\",\"item\":\"https:\/\/optimate1.com\/shop\/\"},{\"@type\":\"ListItem\",\"position\":3,\"name\":\"OptiMate USB O-114\"}]},{\"@type\":\"WebSite\",\"@id\":\"https:\/\/optimate1.com\/#website\",\"url\":\"https:\/\/optimate1.com\/\",\"name\":\"OptiMate\",\"description\":\"Battery Chargers &amp; Accessories\",\"publisher\":{\"@id\":\"https:\/\/optimate1.com\/#organization\"},\"potentialAction\":[{\"@type\":\"SearchAction\",\"target\":{\"@type\":\"EntryPoint\",\"urlTemplate\":\"https:\/\/optimate1.com\/?s={search_term_string}\"},\"query-input\":{\"@type\":\"PropertyValueSpecification\",\"valueRequired\":true,\"valueName\":\"search_term_string\"}}],\"inLanguage\":\"fr-FR\"},{\"@type\":\"Organization\",\"@id\":\"https:\/\/optimate1.com\/#organization\",\"name\":\"OptiMate\",\"url\":\"https:\/\/optimate1.com\/\",\"logo\":{\"@type\":\"ImageObject\",\"inLanguage\":\"fr-FR\",\"@id\":\"https:\/\/optimate1.com\/#\/schema\/logo\/image\/\",\"url\":\"https:\/\/optimate1.com\/wp-content\/uploads\/2021\/06\/optimate-hpbc-stacklogo.jpg\",\"contentUrl\":\"https:\/\/optimate1.com\/wp-content\/uploads\/2021\/06\/optimate-hpbc-stacklogo.jpg\",\"width\":1025,\"height\":529,\"caption\":\"OptiMate\"},\"image\":{\"@id\":\"https:\/\/optimate1.com\/#\/schema\/logo\/image\/\"},\"sameAs\":[\"https:\/\/www.facebook.com\/OptiMatebatterysavingcharger\/\"]}]}<\/script>\n<!-- \/ Yoast SEO plugin. -->","yoast_head_json":{"title":"OptiMate USB O-114 - OptiMate","description":"L'OptiMate USB O-114 est un chargeur USB \u00e0 double port avec un connecteur de prise de v\u00e9lo qui s'adapte \u00e0 votre moto BMW et Triumph. En savoir plus!","robots":{"index":"index","follow":"follow","max-snippet":"max-snippet:-1","max-image-preview":"max-image-preview:large","max-video-preview":"max-video-preview:-1","archive":"noarchive"},"canonical":"https:\/\/optimate1.com\/fr\/produit\/usbo-114\/","og_locale":"fr_FR","og_type":"article","og_title":"OptiMate USB O-114 - OptiMate","og_description":"L'OptiMate USB O-114 est un chargeur USB \u00e0 double port avec un connecteur de prise de v\u00e9lo qui s'adapte \u00e0 votre moto BMW et Triumph. En savoir plus!","og_url":"https:\/\/optimate1.com\/fr\/produit\/usbo-114\/","og_site_name":"OptiMate","article_publisher":"https:\/\/www.facebook.com\/OptiMatebatterysavingcharger\/","article_modified_time":"2026-04-15T10:18:13+00:00","og_image":[{"width":1024,"height":1024,"url":"https:\/\/optimate1.com\/wp-content\/uploads\/2023\/06\/O114-FR-1024x1024.png","type":"image\/png"}],"twitter_card":"summary_large_image","twitter_misc":{"Dur\u00e9e de lecture estim\u00e9e":"2 minutes"},"schema":{"@context":"https:\/\/schema.org","@graph":[{"@type":"WebPage","@id":"https:\/\/optimate1.com\/fr\/produit\/usbo-114\/","url":"https:\/\/optimate1.com\/fr\/produit\/usbo-114\/","name":"OptiMate USB O-114 - OptiMate","isPartOf":{"@id":"https:\/\/optimate1.com\/#website"},"primaryImageOfPage":{"@id":"https:\/\/optimate1.com\/fr\/produit\/usbo-114\/#primaryimage"},"image":{"@id":"https:\/\/optimate1.com\/fr\/produit\/usbo-114\/#primaryimage"},"thumbnailUrl":"https:\/\/optimate1.com\/wp-content\/uploads\/2023\/06\/O114-FR.png","datePublished":"2023-05-15T09:42:08+00:00","dateModified":"2026-04-15T10:18:13+00:00","description":"L'OptiMate USB O-114 est un chargeur USB \u00e0 double port avec un connecteur de prise de v\u00e9lo qui s'adapte \u00e0 votre moto BMW et Triumph. En savoir plus!","breadcrumb":{"@id":"https:\/\/optimate1.com\/fr\/produit\/usbo-114\/#breadcrumb"},"inLanguage":"fr-FR","potentialAction":[{"@type":"ReadAction","target":["https:\/\/optimate1.com\/fr\/produit\/usbo-114\/"]}]},{"@type":"ImageObject","inLanguage":"fr-FR","@id":"https:\/\/optimate1.com\/fr\/produit\/usbo-114\/#primaryimage","url":"https:\/\/optimate1.com\/wp-content\/uploads\/2023\/06\/O114-FR.png","contentUrl":"https:\/\/optimate1.com\/wp-content\/uploads\/2023\/06\/O114-FR.png","width":1500,"height":1500},{"@type":"BreadcrumbList","@id":"https:\/\/optimate1.com\/fr\/produit\/usbo-114\/#breadcrumb","itemListElement":[{"@type":"ListItem","position":1,"name":"Home","item":"https:\/\/optimate1.com\/"},{"@type":"ListItem","position":2,"name":"Produits","item":"https:\/\/optimate1.com\/shop\/"},{"@type":"ListItem","position":3,"name":"OptiMate USB O-114"}]},{"@type":"WebSite","@id":"https:\/\/optimate1.com\/#website","url":"https:\/\/optimate1.com\/","name":"OptiMate","description":"Battery Chargers &amp; Accessories","publisher":{"@id":"https:\/\/optimate1.com\/#organization"},"potentialAction":[{"@type":"SearchAction","target":{"@type":"EntryPoint","urlTemplate":"https:\/\/optimate1.com\/?s={search_term_string}"},"query-input":{"@type":"PropertyValueSpecification","valueRequired":true,"valueName":"search_term_string"}}],"inLanguage":"fr-FR"},{"@type":"Organization","@id":"https:\/\/optimate1.com\/#organization","name":"OptiMate","url":"https:\/\/optimate1.com\/","logo":{"@type":"ImageObject","inLanguage":"fr-FR","@id":"https:\/\/optimate1.com\/#\/schema\/logo\/image\/","url":"https:\/\/optimate1.com\/wp-content\/uploads\/2021\/06\/optimate-hpbc-stacklogo.jpg","contentUrl":"https:\/\/optimate1.com\/wp-content\/uploads\/2021\/06\/optimate-hpbc-stacklogo.jpg","width":1025,"height":529,"caption":"OptiMate"},"image":{"@id":"https:\/\/optimate1.com\/#\/schema\/logo\/image\/"},"sameAs":["https:\/\/www.facebook.com\/OptiMatebatterysavingcharger\/"]}]}},"_links":{"self":[{"href":"https:\/\/optimate1.com\/fr\/wp-json\/wp\/v2\/product\/32871","targetHints":{"allow":["GET"]}}],"collection":[{"href":"https:\/\/optimate1.com\/fr\/wp-json\/wp\/v2\/product"}],"about":[{"href":"https:\/\/optimate1.com\/fr\/wp-json\/wp\/v2\/types\/product"}],"wp:featuredmedia":[{"embeddable":true,"href":"https:\/\/optimate1.com\/fr\/wp-json\/wp\/v2\/media\/33018"}],"wp:attachment":[{"href":"https:\/\/optimate1.com\/fr\/wp-json\/wp\/v2\/media?parent=32871"}],"wp:term":[{"taxonomy":"product_brand","embeddable":true,"href":"https:\/\/optimate1.com\/fr\/wp-json\/wp\/v2\/product_brand?post=32871"},{"taxonomy":"product_cat","embeddable":true,"href":"https:\/\/optimate1.com\/fr\/wp-json\/wp\/v2\/product_cat?post=32871"},{"taxonomy":"product_tag","embeddable":true,"href":"https:\/\/optimate1.com\/fr\/wp-json\/wp\/v2\/product_tag?post=32871"}],"curies":[{"name":"wp","href":"https:\/\/api.w.org\/{rel}","templated":true}]}}