{"id":32878,"date":"2023-05-15T09:07:06","date_gmt":"2023-05-15T13:07:06","guid":{"rendered":"https:\/\/optimate1.com\/product\/usbo-119\/"},"modified":"2024-04-30T03:11:35","modified_gmt":"2024-04-30T07:11:35","slug":"usbo-119","status":"publish","type":"product","link":"https:\/\/optimate1.com\/fr\/produit\/usbo-119\/","title":{"rendered":"OptiMate USB O-119"},"content":{"rendered":"<h3 class=\"entry-summary hidden-phone\">Le double chargeur USB portable 3300mA avec port USB-A et USB-C, avec prise BIKE en ligne \u00e0 180\u00b0 pour votre moto Triumph, Ducati Multistrada ou BMW &#8211;<i>\u00a0Le meilleur choix pour Triumph 800 et la derni\u00e8re Ducati MultiStrada.<\/i><\/h3>\n<h6 style=\"text-align: center;\"><img loading=\"lazy\" decoding=\"async\" class=\"aligncenter wp-image-20876\" src=\"https:\/\/optimate1.com\/wp-content\/uploads\/2023\/05\/O-119-length-copy-6.png\" alt=\"O-118 motorcycle USB c charger cable length + O-31 battery cable extension.\" width=\"400\" height=\"50\" \/><\/h6>\n<h6 style=\"text-align: center;\"><strong><span style=\"color: #10069f;\"><b>1 port USB-A et 1 port USB-C<\/b> &#8211; <\/span><\/strong><i><span style=\"color: #10069f;\">prise DIN 180\u00b0 en ligne!<\/span><\/i><\/h6>\n<p>&nbsp;<\/p>\n<h6 style=\"text-align: center;\"><img loading=\"lazy\" decoding=\"async\" class=\"aligncenter wp-image-20876\" src=\"https:\/\/optimate1.com\/wp-content\/uploads\/2023\/06\/USB-C-USB-A-copy.png\" alt=\"3300mA motorcycle usb c charger at 5V.\" width=\"328\" height=\"70\" \/><\/h6>\n<h6 style=\"text-align: center;\"><strong><span style=\"color: #10069f;\"><b>Courant de charge puissant de 3300mA fourni par le port USB-C ou le courant est partag\u00e9 si le port USB-A est \u00e9galement utilis\u00e9 <\/b><\/span><\/strong><strong><span style=\"color: #10069f;\">&#8211; <\/span><\/strong><span style=\"color: #10069f;\"><i>Recharge rapide et s\u00fbre pour tous les appareils USB-C et USB-A!<\/i><\/span><\/h6>\n<p>&nbsp;<\/p>\n<h6 style=\"text-align: center;\"><img loading=\"lazy\" decoding=\"async\" class=\"aligncenter wp-image-20660\" src=\"https:\/\/optimate1.com\/wp-content\/uploads\/2023\/05\/battery-range-copy-5.png\" alt=\"The O-118 motorcycle usb c charger is ideal for connection to 12V AGM &amp; 12.8V LiFeP04 \/ LFP lithium batteries, found in your motorcycle.\" width=\"370\" height=\"50\" \/><img loading=\"lazy\" decoding=\"async\" class=\"aligncenter wp-image-20668\" src=\"https:\/\/optimate1.com\/wp-content\/uploads\/2023\/05\/devices-2-copy-2.png\" alt=\"The O-118 motorcycle usb c charger charges your phone, GPS, camera or tablet.\" width=\"400\" height=\"100\" \/><strong><span style=\"color: #10069f;\">Fonctionne sur votre Ducati M\/S, BMW ou Triumph \u00e9quip\u00e9 d&#8217;une batterie 12V moderne, plomb-acide (Pb \/ AGM) ou lithium-Ion (LiFeP04 \/ LFP) &#8211; <\/span><\/strong><span style=\"color: #10069f;\"><i>ne d\u00e9charge pas la batterie lorsque le v\u00e9hicule est gar\u00e9!<\/i><\/span><\/h6>\n<p>&nbsp;<\/p>\n<h4 style=\"text-align: center;\"><span style=\"text-decoration: underline;\"><strong>PLUS DE CARACT\u00c9RISTIQUES:<\/strong><\/span><\/h4>\n<p style=\"text-align: center;\">\n<table id=\"tablepress-249\" class=\"tablepress tablepress-id-249\">\n<tbody class=\"row-hover\">\n<tr class=\"row-1\">\n\t<td class=\"column-1\"><a href=\"\"><img loading=\"lazy\" decoding=\"async\" src=\"https:\/\/optimate1.com\/wp-content\/uploads\/2022\/09\/o-118-table-1.png\" alt=\"\" width=\"300\" height=\"50\" class=\"aligncenter size-medium wp-image-20982\" \/><\/a><body><h6><center>Volts de la batterie du v\u00e9hicule \u2265 13.3V: USB en service.<\/center><\/h6><\/body><\/td>\n<\/tr>\n<tr class=\"row-2\">\n\t<td class=\"column-1\"><a href=\"\"><img loading=\"lazy\" decoding=\"async\" src=\"https:\/\/optimate1.com\/wp-content\/uploads\/2022\/09\/o-118-table-1-copy.png\" alt=\"\" width=\"300\" height=\"50\" class=\"aligncenter size-medium wp-image-20993\" \/><\/a><body><h6><center>La protection int\u00e9gr\u00e9e d\u00e9sactive la charge USB apr\u00e8s 1 heure pour \u00e9viter que la batterie de votre v\u00e9hicule stationn\u00e9 ne se d\u00e9charge.<\/body><\/h6><\/center><\/td>\n<\/tr>\n<tr class=\"row-3\">\n\t<td class=\"column-1\"><a href=\"\"><img loading=\"lazy\" decoding=\"async\" src=\"https:\/\/optimate1.com\/wp-content\/uploads\/2022\/01\/weather-icon-2-01.png\" alt=\"\" width=\"300\" height=\"40\" class=\"aligncenter size-medium wp-image-21012\" \/><\/a><body><h6><center>Con\u00e7u pour une temp\u00e9rature normale et une utilisation en ext\u00e9rieur.<\/body><\/h6><\/center><\/td>\n<\/tr>\n<\/tbody>\n<\/table>\n<!-- #tablepress-249 from cache --><\/p>\n","protected":false},"excerpt":{"rendered":"<h3><span style=\"color: #cd202c;\">Chargeur USB 3300mA double sortie r\u00e9sistant aux intemp\u00e9ries, avec prise BIKE (pour BMW, Triumph, Ducati Multistrada)<\/span><\/h3>\n","protected":false},"featured_media":33016,"template":"","meta":[],"product_brand":[],"product_cat":[2246,1317,2245],"product_tag":[],"class_list":{"0":"post-32878","1":"product","2":"type-product","3":"status-publish","4":"has-post-thumbnail","6":"product_cat-accessories-fr","7":"product_cat-usb-fr","8":"product_cat-marine-fr","9":"pa_region-ca-fr","10":"pa_region-eu-fr-2","11":"pa_region-uk-fr-2","12":"pa_region-us-fr-2","13":"pa_special-use-2-x-usb-ports-fr","14":"pa_special-use-auto-on-off-fr","15":"pa_special-use-bmw-motorad-triumph-fr","16":"pa_special-use-ducati-multistrada-fr","17":"pa_special-use-triumph-tiger-800-fr","18":"pa_usb-product-usb-charger-fr","19":"pa_vehicle-connection-socket-din-hella-fr","20":"iside_usb_product-usb-charger-fr","21":"iside_vehicle_connection-socket-din-hella-fr","22":"iside_special_use-2-x-usb-ports-fr","23":"iside_special_use-auto-on-off-fr","24":"iside_special_use-bmw-motorad-triumph-fr","25":"iside_special_use-ducati-multistrada-fr","26":"iside_special_use-triumph-tiger-800-fr","27":"thunk-woo-product-list","28":"opn-qv-enable","29":"big-store-woo-hover-","30":"open-single-product-tab-horizontal","31":"open-shadow-","32":"open-shadow-hover-","34":"first","35":"instock","36":"featured","37":"shipping-taxable","38":"purchasable","39":"product-type-simple"},"yoast_head":"<!-- This site is optimized with the Yoast SEO plugin v27.2 - https:\/\/yoast.com\/product\/yoast-seo-wordpress\/ -->\n<title>OptiMate USB O-119 - OptiMate<\/title>\n<meta name=\"description\" content=\"OptiMate USB O-119 est un chargeur USB double. Il s&#039;agit d&#039;une prise BIKE de chargeur 3300mA pour votre moto Triumph, Ducati MultiStrada ou BMW. Plus!\" \/>\n<meta name=\"robots\" content=\"index, follow, max-snippet:-1, max-image-preview:large, max-video-preview:-1, noarchive\" \/>\n<link rel=\"canonical\" href=\"https:\/\/optimate1.com\/product\/usbo-119\/\" \/>\n<meta property=\"og:locale\" content=\"fr_FR\" \/>\n<meta property=\"og:type\" content=\"article\" \/>\n<meta property=\"og:title\" content=\"OptiMate USB O-119 - OptiMate\" \/>\n<meta property=\"og:description\" content=\"OptiMate USB O-119 est un chargeur USB double. Il s&#039;agit d&#039;une prise BIKE de chargeur 3300mA pour votre moto Triumph, Ducati MultiStrada ou BMW. Plus!\" \/>\n<meta property=\"og:url\" content=\"https:\/\/optimate1.com\/product\/usbo-119\/\" \/>\n<meta property=\"og:site_name\" content=\"OptiMate\" \/>\n<meta property=\"article:publisher\" content=\"https:\/\/www.facebook.com\/OptiMatebatterysavingcharger\/\" \/>\n<meta property=\"article:modified_time\" content=\"2024-04-30T07:11:35+00:00\" \/>\n<meta property=\"og:image\" content=\"https:\/\/optimate1.com\/wp-content\/uploads\/2023\/06\/O119-FR.png\" \/>\n\t<meta property=\"og:image:width\" content=\"1500\" \/>\n\t<meta property=\"og:image:height\" content=\"1500\" \/>\n\t<meta property=\"og:image:type\" content=\"image\/png\" \/>\n<meta name=\"twitter:card\" content=\"summary_large_image\" \/>\n<meta name=\"twitter:label1\" content=\"Dur\u00e9e de lecture estim\u00e9e\" \/>\n\t<meta name=\"twitter:data1\" content=\"2 minutes\" \/>\n<script type=\"application\/ld+json\" class=\"yoast-schema-graph\">{\"@context\":\"https:\/\/schema.org\",\"@graph\":[{\"@type\":\"WebPage\",\"@id\":\"https:\/\/optimate1.com\/product\/usbo-119\/\",\"url\":\"https:\/\/optimate1.com\/product\/usbo-119\/\",\"name\":\"OptiMate USB O-119 - OptiMate\",\"isPartOf\":{\"@id\":\"https:\/\/optimate1.com\/#website\"},\"primaryImageOfPage\":{\"@id\":\"https:\/\/optimate1.com\/product\/usbo-119\/#primaryimage\"},\"image\":{\"@id\":\"https:\/\/optimate1.com\/product\/usbo-119\/#primaryimage\"},\"thumbnailUrl\":\"https:\/\/optimate1.com\/wp-content\/uploads\/2023\/06\/O119-FR.png\",\"datePublished\":\"2023-05-15T13:07:06+00:00\",\"dateModified\":\"2024-04-30T07:11:35+00:00\",\"description\":\"OptiMate USB O-119 est un chargeur USB double. Il s'agit d'une prise BIKE de chargeur 3300mA pour votre moto Triumph, Ducati MultiStrada ou BMW. Plus!\",\"breadcrumb\":{\"@id\":\"https:\/\/optimate1.com\/product\/usbo-119\/#breadcrumb\"},\"inLanguage\":\"fr-FR\",\"potentialAction\":[{\"@type\":\"ReadAction\",\"target\":[\"https:\/\/optimate1.com\/product\/usbo-119\/\"]}]},{\"@type\":\"ImageObject\",\"inLanguage\":\"fr-FR\",\"@id\":\"https:\/\/optimate1.com\/product\/usbo-119\/#primaryimage\",\"url\":\"https:\/\/optimate1.com\/wp-content\/uploads\/2023\/06\/O119-FR.png\",\"contentUrl\":\"https:\/\/optimate1.com\/wp-content\/uploads\/2023\/06\/O119-FR.png\",\"width\":1500,\"height\":1500},{\"@type\":\"BreadcrumbList\",\"@id\":\"https:\/\/optimate1.com\/product\/usbo-119\/#breadcrumb\",\"itemListElement\":[{\"@type\":\"ListItem\",\"position\":1,\"name\":\"Home\",\"item\":\"https:\/\/optimate1.com\/\"},{\"@type\":\"ListItem\",\"position\":2,\"name\":\"Produits\",\"item\":\"https:\/\/optimate1.com\/shop\/\"},{\"@type\":\"ListItem\",\"position\":3,\"name\":\"OptiMate USB O-115\"}]},{\"@type\":\"WebSite\",\"@id\":\"https:\/\/optimate1.com\/#website\",\"url\":\"https:\/\/optimate1.com\/\",\"name\":\"OptiMate\",\"description\":\"Battery Chargers &amp; Accessories\",\"publisher\":{\"@id\":\"https:\/\/optimate1.com\/#organization\"},\"potentialAction\":[{\"@type\":\"SearchAction\",\"target\":{\"@type\":\"EntryPoint\",\"urlTemplate\":\"https:\/\/optimate1.com\/?s={search_term_string}\"},\"query-input\":{\"@type\":\"PropertyValueSpecification\",\"valueRequired\":true,\"valueName\":\"search_term_string\"}}],\"inLanguage\":\"fr-FR\"},{\"@type\":\"Organization\",\"@id\":\"https:\/\/optimate1.com\/#organization\",\"name\":\"OptiMate\",\"url\":\"https:\/\/optimate1.com\/\",\"logo\":{\"@type\":\"ImageObject\",\"inLanguage\":\"fr-FR\",\"@id\":\"https:\/\/optimate1.com\/#\/schema\/logo\/image\/\",\"url\":\"https:\/\/optimate1.com\/wp-content\/uploads\/2021\/06\/optimate-hpbc-stacklogo.jpg\",\"contentUrl\":\"https:\/\/optimate1.com\/wp-content\/uploads\/2021\/06\/optimate-hpbc-stacklogo.jpg\",\"width\":1025,\"height\":529,\"caption\":\"OptiMate\"},\"image\":{\"@id\":\"https:\/\/optimate1.com\/#\/schema\/logo\/image\/\"},\"sameAs\":[\"https:\/\/www.facebook.com\/OptiMatebatterysavingcharger\/\"]}]}<\/script>\n<!-- \/ Yoast SEO plugin. -->","yoast_head_json":{"title":"OptiMate USB O-119 - OptiMate","description":"OptiMate USB O-119 est un chargeur USB double. Il s'agit d'une prise BIKE de chargeur 3300mA pour votre moto Triumph, Ducati MultiStrada ou BMW. Plus!","robots":{"index":"index","follow":"follow","max-snippet":"max-snippet:-1","max-image-preview":"max-image-preview:large","max-video-preview":"max-video-preview:-1","archive":"noarchive"},"canonical":"https:\/\/optimate1.com\/product\/usbo-119\/","og_locale":"fr_FR","og_type":"article","og_title":"OptiMate USB O-119 - OptiMate","og_description":"OptiMate USB O-119 est un chargeur USB double. Il s'agit d'une prise BIKE de chargeur 3300mA pour votre moto Triumph, Ducati MultiStrada ou BMW. Plus!","og_url":"https:\/\/optimate1.com\/product\/usbo-119\/","og_site_name":"OptiMate","article_publisher":"https:\/\/www.facebook.com\/OptiMatebatterysavingcharger\/","article_modified_time":"2024-04-30T07:11:35+00:00","og_image":[{"width":1500,"height":1500,"url":"https:\/\/optimate1.com\/wp-content\/uploads\/2023\/06\/O119-FR.png","type":"image\/png"}],"twitter_card":"summary_large_image","twitter_misc":{"Dur\u00e9e de lecture estim\u00e9e":"2 minutes"},"schema":{"@context":"https:\/\/schema.org","@graph":[{"@type":"WebPage","@id":"https:\/\/optimate1.com\/product\/usbo-119\/","url":"https:\/\/optimate1.com\/product\/usbo-119\/","name":"OptiMate USB O-119 - OptiMate","isPartOf":{"@id":"https:\/\/optimate1.com\/#website"},"primaryImageOfPage":{"@id":"https:\/\/optimate1.com\/product\/usbo-119\/#primaryimage"},"image":{"@id":"https:\/\/optimate1.com\/product\/usbo-119\/#primaryimage"},"thumbnailUrl":"https:\/\/optimate1.com\/wp-content\/uploads\/2023\/06\/O119-FR.png","datePublished":"2023-05-15T13:07:06+00:00","dateModified":"2024-04-30T07:11:35+00:00","description":"OptiMate USB O-119 est un chargeur USB double. Il s'agit d'une prise BIKE de chargeur 3300mA pour votre moto Triumph, Ducati MultiStrada ou BMW. Plus!","breadcrumb":{"@id":"https:\/\/optimate1.com\/product\/usbo-119\/#breadcrumb"},"inLanguage":"fr-FR","potentialAction":[{"@type":"ReadAction","target":["https:\/\/optimate1.com\/product\/usbo-119\/"]}]},{"@type":"ImageObject","inLanguage":"fr-FR","@id":"https:\/\/optimate1.com\/product\/usbo-119\/#primaryimage","url":"https:\/\/optimate1.com\/wp-content\/uploads\/2023\/06\/O119-FR.png","contentUrl":"https:\/\/optimate1.com\/wp-content\/uploads\/2023\/06\/O119-FR.png","width":1500,"height":1500},{"@type":"BreadcrumbList","@id":"https:\/\/optimate1.com\/product\/usbo-119\/#breadcrumb","itemListElement":[{"@type":"ListItem","position":1,"name":"Home","item":"https:\/\/optimate1.com\/"},{"@type":"ListItem","position":2,"name":"Produits","item":"https:\/\/optimate1.com\/shop\/"},{"@type":"ListItem","position":3,"name":"OptiMate USB O-115"}]},{"@type":"WebSite","@id":"https:\/\/optimate1.com\/#website","url":"https:\/\/optimate1.com\/","name":"OptiMate","description":"Battery Chargers &amp; Accessories","publisher":{"@id":"https:\/\/optimate1.com\/#organization"},"potentialAction":[{"@type":"SearchAction","target":{"@type":"EntryPoint","urlTemplate":"https:\/\/optimate1.com\/?s={search_term_string}"},"query-input":{"@type":"PropertyValueSpecification","valueRequired":true,"valueName":"search_term_string"}}],"inLanguage":"fr-FR"},{"@type":"Organization","@id":"https:\/\/optimate1.com\/#organization","name":"OptiMate","url":"https:\/\/optimate1.com\/","logo":{"@type":"ImageObject","inLanguage":"fr-FR","@id":"https:\/\/optimate1.com\/#\/schema\/logo\/image\/","url":"https:\/\/optimate1.com\/wp-content\/uploads\/2021\/06\/optimate-hpbc-stacklogo.jpg","contentUrl":"https:\/\/optimate1.com\/wp-content\/uploads\/2021\/06\/optimate-hpbc-stacklogo.jpg","width":1025,"height":529,"caption":"OptiMate"},"image":{"@id":"https:\/\/optimate1.com\/#\/schema\/logo\/image\/"},"sameAs":["https:\/\/www.facebook.com\/OptiMatebatterysavingcharger\/"]}]}},"_links":{"self":[{"href":"https:\/\/optimate1.com\/fr\/wp-json\/wp\/v2\/product\/32878","targetHints":{"allow":["GET"]}}],"collection":[{"href":"https:\/\/optimate1.com\/fr\/wp-json\/wp\/v2\/product"}],"about":[{"href":"https:\/\/optimate1.com\/fr\/wp-json\/wp\/v2\/types\/product"}],"wp:featuredmedia":[{"embeddable":true,"href":"https:\/\/optimate1.com\/fr\/wp-json\/wp\/v2\/media\/33016"}],"wp:attachment":[{"href":"https:\/\/optimate1.com\/fr\/wp-json\/wp\/v2\/media?parent=32878"}],"wp:term":[{"taxonomy":"product_brand","embeddable":true,"href":"https:\/\/optimate1.com\/fr\/wp-json\/wp\/v2\/product_brand?post=32878"},{"taxonomy":"product_cat","embeddable":true,"href":"https:\/\/optimate1.com\/fr\/wp-json\/wp\/v2\/product_cat?post=32878"},{"taxonomy":"product_tag","embeddable":true,"href":"https:\/\/optimate1.com\/fr\/wp-json\/wp\/v2\/product_tag?post=32878"}],"curies":[{"name":"wp","href":"https:\/\/api.w.org\/{rel}","templated":true}]}}