{"id":33369,"date":"2023-08-09T04:56:14","date_gmt":"2023-08-09T08:56:14","guid":{"rendered":"https:\/\/optimate1.com\/product\/optimate-cable-o-31s-jar\/"},"modified":"2026-02-25T04:51:55","modified_gmt":"2026-02-25T09:51:55","slug":"optimate-cable-o-31s-jar","status":"publish","type":"product","link":"https:\/\/optimate1.com\/fr\/produit\/optimate-cable-o-31s-jar\/","title":{"rendered":"O-31s C\u00e2ble batterie x20 |Cosse \u00e0 \u0153illet M6 > SAE slim | 7A max"},"content":{"rendered":"<h3 class=\"entry-summary hidden-phone\"><strong>Connexion permanente facile et r\u00e9sistante aux intemp\u00e9ries, avec connecteur SAE fin, \u00e0 la batterie au plomb 12V et 12.8V\/13.2V LiFePO4\/LFP de votre v\u00e9hicule de sport motoris\u00e9.<\/strong><\/h3>\n<h6 style=\"text-align: center;\"><img loading=\"lazy\" decoding=\"async\" class=\"aligncenter wp-image-20668\" src=\"https:\/\/optimate1.com\/wp-content\/uploads\/2023\/03\/Vehicle-range-OML-O-31.png\" alt=\"The lithium battery connector is recommend for ATV, motorcycles, motorbike and dirtbike.\" width=\"528\" height=\"132\" \/><\/h6>\n<h6 style=\"text-align: center;\"><strong><span style=\"color: #10069f;\">Dimensionn\u00e9 pour les batteries de sports motoris\u00e9s <\/span><\/strong><span style=\"color: #10069f;\">&#8211; <\/span><span style=\"color: #10069f;\"><i>Les bornes \u00e0 anneau s\u2019adaptent aux boulons standard M6 (1\/4\u2033) sur la moto &amp; ATV 12.8V\/13.2V LiFePO4 \/ LFP lithium batteries.<\/i><\/span><\/h6>\n<p>&nbsp;<\/p>\n<h6 style=\"text-align: center;\"><img loading=\"lazy\" decoding=\"async\" class=\"aligncenter wp-image-20876\" src=\"https:\/\/optimate1.com\/wp-content\/uploads\/2023\/08\/ziptie-slits-copy.png\" alt=\"slots for velcro \/ cable strap\" width=\"428\" height=\"70\" \/><\/h6>\n<h6 style=\"text-align: center;\"><strong><span style=\"color: #10069f;\">Avec connecteur SAE fin <\/span><\/strong><span style=\"color: #10069f;\">&#8211; <\/span><span style=\"color: #10069f;\"><i>16mm 21\/32&#8243; x 8mm 11\/32&#8243;.<\/i><\/span><\/h6>\n<p>&nbsp;<\/p>\n<h6 style=\"text-align: center;\"><img loading=\"lazy\" decoding=\"async\" class=\"aligncenter wp-image-20876\" src=\"https:\/\/optimate1.com\/wp-content\/uploads\/2023\/08\/O-31s-premium-specifications.png\" alt=\"ringlets that perfectly fit to lithium power sport battery terminals with 7.5A fuse that protects the -40\u00b0 rated cable and electronics\" width=\"428\" height=\"70\" \/><\/h6>\n<h6 style=\"text-align: center;\"><strong><span style=\"color: #10069f;\"><b>Caract\u00e9ristiques Premium <\/b><\/span><\/strong><span style=\"color: #10069f;\">\u2013 <\/span><span style=\"color: #10069f;\"><i>Longueur 50 cm (20&#8243;), fusible 7.5A, c\u00e2ble nominal -40\u00b0, courant nominal 5A (7A max), connecteur de charge SAE fin.<\/i><\/span><\/h6>\n<p>&nbsp;<\/p>\n<h4 style=\"text-align: center;\"><span style=\"text-decoration: underline;\"><strong>PLUS DE CARACT\u00c9RISTIQUES:<\/strong><\/span><\/h4>\n<p style=\"text-align: center;\">\n<table id=\"tablepress-360\" class=\"tablepress tablepress-id-360\">\n<tbody class=\"row-hover\">\n<tr class=\"row-1\">\n\t<td class=\"column-1\"><a href=\"\"><img loading=\"lazy\" decoding=\"async\" src=\"https:\/\/optimate1.com\/wp-content\/uploads\/2023\/08\/includes-black-and-green-sealing-cap-copy-4.png\" alt=\"\" width=\"600\" height=\"50\" class=\"aligncenter size-medium wp-image-20982\" \/><\/a><body><h6><center>incl. capuchon noir et vert (Li).<\/center><\/h6><\/body><\/td>\n<\/tr>\n<tr class=\"row-2\">\n\t<td class=\"column-1\"><a href=\"\"><img loading=\"lazy\" decoding=\"async\" src=\"https:\/\/optimate1.com\/wp-content\/uploads\/2023\/03\/SPT-2.png\" alt=\"\" width=\"300\" height=\"40\" class=\"aligncenter size-medium wp-image-20993\" \/><\/a><body><h6><center>Isolation plus \u00e9paisse pour une meilleure protection.<\/body><\/h6><\/center><\/td>\n<\/tr>\n<tr class=\"row-3\">\n\t<td class=\"column-1\"><a href=\"\"><img loading=\"lazy\" decoding=\"async\" src=\"https:\/\/optimate1.com\/wp-content\/uploads\/2023\/03\/18AWG.png\" alt=\"\" width=\"300\" height=\"40\" class=\"aligncenter size-medium wp-image-21012\" \/><\/a><body><h6><center>Courant nominal: 5A ave. \/ 7A max.<\/body><\/h6><\/center><\/td>\n<\/tr>\n<tr class=\"row-4\">\n\t<td class=\"column-1\"><a href=\"\"><img loading=\"lazy\" decoding=\"async\" src=\"https:\/\/optimate1.com\/wp-content\/uploads\/2021\/11\/weather-icon-copy_600px-01.png\" alt=\"\" width=\"600\" height=\"40\" class=\"aligncenter size-medium wp-image-21012\" \/><\/a><body><h6><center>Convient pour une utilisation \u00e0 basse T\u00b0 et en ext\u00e9rieur.<\/body><\/h6><\/center><\/td>\n<\/tr>\n<\/tbody>\n<\/table>\n<!-- #tablepress-360 from cache --><\/p>\n","protected":false},"excerpt":{"rendered":"<h3>C\u00e2ble de batterie r\u00e9sistant aux intemp\u00e9ries, avec capuchon noir et vert (lithium)<\/h3>\n","protected":false},"featured_media":33352,"template":"","meta":[],"product_brand":[],"product_cat":[1058],"product_tag":[],"class_list":{"0":"post-33369","1":"product","2":"type-product","3":"status-publish","4":"has-post-thumbnail","6":"product_cat-cablesconnectors-fr","7":"pa_cable-type-battery-lead-fr","8":"pa_connector-type-ring-m6-1-4-fr","9":"pa_region-ca-fr","10":"pa_region-eu-fr-2","11":"pa_region-uk-fr-2","12":"pa_region-us-fr-2","13":"iside_cable_type-battery-lead-fr","14":"recommended_for-optimate-1-1-duo-fr","15":"recommended_for-optimate-2-2-duo-fr","16":"recommended_for-optimate-3-fr","17":"recommended_for-optimate-4-fr","18":"recommended_for-optimate-dc-dc-fr","19":"recommended_for-optimate-solar-duo-fr","20":"compatible_with-batterie-moto-pwc","21":"thunk-woo-product-list","22":"opn-qv-enable","23":"big-store-woo-hover-","24":"open-single-product-tab-horizontal","25":"open-shadow-","26":"open-shadow-hover-","28":"first","29":"instock","30":"featured","31":"shipping-taxable","32":"purchasable","33":"product-type-simple"},"yoast_head":"<!-- This site is optimized with the Yoast SEO plugin v27.2 - https:\/\/yoast.com\/product\/yoast-seo-wordpress\/ -->\n<title>O-31s C\u00e2ble batterie x20 |Cosse \u00e0 \u0153illet M6 &gt; SAE slim | 7A max - OptiMate<\/title>\n<meta name=\"description\" content=\"L&#039;OptiMate CABLE O-31s x20 est id\u00e9al pour une connexion de batterie de d\u00e9marrage et dispose d&#039;un connecteur SAE fin. Lisez-en plus \u00e0 propos de ce produit!\" \/>\n<meta name=\"robots\" content=\"index, follow, max-snippet:-1, max-image-preview:large, max-video-preview:-1, noarchive\" \/>\n<link rel=\"canonical\" href=\"https:\/\/optimate1.com\/product\/optimate-cable-o-31s-jar\/\" \/>\n<meta property=\"og:locale\" content=\"fr_FR\" \/>\n<meta property=\"og:type\" content=\"article\" \/>\n<meta property=\"og:title\" content=\"O-31s C\u00e2ble batterie x20 |Cosse \u00e0 \u0153illet M6 &gt; SAE slim | 7A max - OptiMate\" \/>\n<meta property=\"og:description\" content=\"L&#039;OptiMate CABLE O-31s x20 est id\u00e9al pour une connexion de batterie de d\u00e9marrage et dispose d&#039;un connecteur SAE fin. Lisez-en plus \u00e0 propos de ce produit!\" \/>\n<meta property=\"og:url\" content=\"https:\/\/optimate1.com\/product\/optimate-cable-o-31s-jar\/\" \/>\n<meta property=\"og:site_name\" content=\"OptiMate\" \/>\n<meta property=\"article:publisher\" content=\"https:\/\/www.facebook.com\/OptiMatebatterysavingcharger\/\" \/>\n<meta property=\"article:modified_time\" content=\"2026-02-25T09:51:55+00:00\" \/>\n<meta property=\"og:image\" content=\"https:\/\/optimate1.com\/wp-content\/uploads\/2023\/08\/O31s-JAR-05.png\" \/>\n\t<meta property=\"og:image:width\" content=\"1500\" \/>\n\t<meta property=\"og:image:height\" content=\"1500\" \/>\n\t<meta property=\"og:image:type\" content=\"image\/png\" \/>\n<meta name=\"twitter:card\" content=\"summary_large_image\" \/>\n<meta name=\"twitter:label1\" content=\"Dur\u00e9e de lecture estim\u00e9e\" \/>\n\t<meta name=\"twitter:data1\" content=\"1 minute\" \/>\n<script type=\"application\/ld+json\" class=\"yoast-schema-graph\">{\"@context\":\"https:\/\/schema.org\",\"@graph\":[{\"@type\":\"WebPage\",\"@id\":\"https:\/\/optimate1.com\/product\/optimate-cable-o-31s-jar\/\",\"url\":\"https:\/\/optimate1.com\/product\/optimate-cable-o-31s-jar\/\",\"name\":\"O-31s C\u00e2ble batterie x20 |Cosse \u00e0 \u0153illet M6 > SAE slim | 7A max - OptiMate\",\"isPartOf\":{\"@id\":\"https:\/\/optimate1.com\/#website\"},\"primaryImageOfPage\":{\"@id\":\"https:\/\/optimate1.com\/product\/optimate-cable-o-31s-jar\/#primaryimage\"},\"image\":{\"@id\":\"https:\/\/optimate1.com\/product\/optimate-cable-o-31s-jar\/#primaryimage\"},\"thumbnailUrl\":\"https:\/\/optimate1.com\/wp-content\/uploads\/2023\/08\/O31s-JAR-05.png\",\"datePublished\":\"2023-08-09T08:56:14+00:00\",\"dateModified\":\"2026-02-25T09:51:55+00:00\",\"description\":\"L'OptiMate CABLE O-31s x20 est id\u00e9al pour une connexion de batterie de d\u00e9marrage et dispose d'un connecteur SAE fin. Lisez-en plus \u00e0 propos de ce produit!\",\"breadcrumb\":{\"@id\":\"https:\/\/optimate1.com\/product\/optimate-cable-o-31s-jar\/#breadcrumb\"},\"inLanguage\":\"fr-FR\",\"potentialAction\":[{\"@type\":\"ReadAction\",\"target\":[\"https:\/\/optimate1.com\/product\/optimate-cable-o-31s-jar\/\"]}]},{\"@type\":\"ImageObject\",\"inLanguage\":\"fr-FR\",\"@id\":\"https:\/\/optimate1.com\/product\/optimate-cable-o-31s-jar\/#primaryimage\",\"url\":\"https:\/\/optimate1.com\/wp-content\/uploads\/2023\/08\/O31s-JAR-05.png\",\"contentUrl\":\"https:\/\/optimate1.com\/wp-content\/uploads\/2023\/08\/O31s-JAR-05.png\",\"width\":1500,\"height\":1500},{\"@type\":\"BreadcrumbList\",\"@id\":\"https:\/\/optimate1.com\/product\/optimate-cable-o-31s-jar\/#breadcrumb\",\"itemListElement\":[{\"@type\":\"ListItem\",\"position\":1,\"name\":\"Home\",\"item\":\"https:\/\/optimate1.com\/\"},{\"@type\":\"ListItem\",\"position\":2,\"name\":\"Produits\",\"item\":\"https:\/\/optimate1.com\/shop\/\"},{\"@type\":\"ListItem\",\"position\":3,\"name\":\"OptiMate CABLE O-31s x20\"}]},{\"@type\":\"WebSite\",\"@id\":\"https:\/\/optimate1.com\/#website\",\"url\":\"https:\/\/optimate1.com\/\",\"name\":\"OptiMate\",\"description\":\"Battery Chargers &amp; Accessories\",\"publisher\":{\"@id\":\"https:\/\/optimate1.com\/#organization\"},\"potentialAction\":[{\"@type\":\"SearchAction\",\"target\":{\"@type\":\"EntryPoint\",\"urlTemplate\":\"https:\/\/optimate1.com\/?s={search_term_string}\"},\"query-input\":{\"@type\":\"PropertyValueSpecification\",\"valueRequired\":true,\"valueName\":\"search_term_string\"}}],\"inLanguage\":\"fr-FR\"},{\"@type\":\"Organization\",\"@id\":\"https:\/\/optimate1.com\/#organization\",\"name\":\"OptiMate\",\"url\":\"https:\/\/optimate1.com\/\",\"logo\":{\"@type\":\"ImageObject\",\"inLanguage\":\"fr-FR\",\"@id\":\"https:\/\/optimate1.com\/#\/schema\/logo\/image\/\",\"url\":\"https:\/\/optimate1.com\/wp-content\/uploads\/2021\/06\/optimate-hpbc-stacklogo.jpg\",\"contentUrl\":\"https:\/\/optimate1.com\/wp-content\/uploads\/2021\/06\/optimate-hpbc-stacklogo.jpg\",\"width\":1025,\"height\":529,\"caption\":\"OptiMate\"},\"image\":{\"@id\":\"https:\/\/optimate1.com\/#\/schema\/logo\/image\/\"},\"sameAs\":[\"https:\/\/www.facebook.com\/OptiMatebatterysavingcharger\/\"]}]}<\/script>\n<!-- \/ Yoast SEO plugin. -->","yoast_head_json":{"title":"O-31s C\u00e2ble batterie x20 |Cosse \u00e0 \u0153illet M6 > SAE slim | 7A max - OptiMate","description":"L'OptiMate CABLE O-31s x20 est id\u00e9al pour une connexion de batterie de d\u00e9marrage et dispose d'un connecteur SAE fin. Lisez-en plus \u00e0 propos de ce produit!","robots":{"index":"index","follow":"follow","max-snippet":"max-snippet:-1","max-image-preview":"max-image-preview:large","max-video-preview":"max-video-preview:-1","archive":"noarchive"},"canonical":"https:\/\/optimate1.com\/product\/optimate-cable-o-31s-jar\/","og_locale":"fr_FR","og_type":"article","og_title":"O-31s C\u00e2ble batterie x20 |Cosse \u00e0 \u0153illet M6 > SAE slim | 7A max - OptiMate","og_description":"L'OptiMate CABLE O-31s x20 est id\u00e9al pour une connexion de batterie de d\u00e9marrage et dispose d'un connecteur SAE fin. Lisez-en plus \u00e0 propos de ce produit!","og_url":"https:\/\/optimate1.com\/product\/optimate-cable-o-31s-jar\/","og_site_name":"OptiMate","article_publisher":"https:\/\/www.facebook.com\/OptiMatebatterysavingcharger\/","article_modified_time":"2026-02-25T09:51:55+00:00","og_image":[{"width":1500,"height":1500,"url":"https:\/\/optimate1.com\/wp-content\/uploads\/2023\/08\/O31s-JAR-05.png","type":"image\/png"}],"twitter_card":"summary_large_image","twitter_misc":{"Dur\u00e9e de lecture estim\u00e9e":"1 minute"},"schema":{"@context":"https:\/\/schema.org","@graph":[{"@type":"WebPage","@id":"https:\/\/optimate1.com\/product\/optimate-cable-o-31s-jar\/","url":"https:\/\/optimate1.com\/product\/optimate-cable-o-31s-jar\/","name":"O-31s C\u00e2ble batterie x20 |Cosse \u00e0 \u0153illet M6 > SAE slim | 7A max - OptiMate","isPartOf":{"@id":"https:\/\/optimate1.com\/#website"},"primaryImageOfPage":{"@id":"https:\/\/optimate1.com\/product\/optimate-cable-o-31s-jar\/#primaryimage"},"image":{"@id":"https:\/\/optimate1.com\/product\/optimate-cable-o-31s-jar\/#primaryimage"},"thumbnailUrl":"https:\/\/optimate1.com\/wp-content\/uploads\/2023\/08\/O31s-JAR-05.png","datePublished":"2023-08-09T08:56:14+00:00","dateModified":"2026-02-25T09:51:55+00:00","description":"L'OptiMate CABLE O-31s x20 est id\u00e9al pour une connexion de batterie de d\u00e9marrage et dispose d'un connecteur SAE fin. Lisez-en plus \u00e0 propos de ce produit!","breadcrumb":{"@id":"https:\/\/optimate1.com\/product\/optimate-cable-o-31s-jar\/#breadcrumb"},"inLanguage":"fr-FR","potentialAction":[{"@type":"ReadAction","target":["https:\/\/optimate1.com\/product\/optimate-cable-o-31s-jar\/"]}]},{"@type":"ImageObject","inLanguage":"fr-FR","@id":"https:\/\/optimate1.com\/product\/optimate-cable-o-31s-jar\/#primaryimage","url":"https:\/\/optimate1.com\/wp-content\/uploads\/2023\/08\/O31s-JAR-05.png","contentUrl":"https:\/\/optimate1.com\/wp-content\/uploads\/2023\/08\/O31s-JAR-05.png","width":1500,"height":1500},{"@type":"BreadcrumbList","@id":"https:\/\/optimate1.com\/product\/optimate-cable-o-31s-jar\/#breadcrumb","itemListElement":[{"@type":"ListItem","position":1,"name":"Home","item":"https:\/\/optimate1.com\/"},{"@type":"ListItem","position":2,"name":"Produits","item":"https:\/\/optimate1.com\/shop\/"},{"@type":"ListItem","position":3,"name":"OptiMate CABLE O-31s x20"}]},{"@type":"WebSite","@id":"https:\/\/optimate1.com\/#website","url":"https:\/\/optimate1.com\/","name":"OptiMate","description":"Battery Chargers &amp; Accessories","publisher":{"@id":"https:\/\/optimate1.com\/#organization"},"potentialAction":[{"@type":"SearchAction","target":{"@type":"EntryPoint","urlTemplate":"https:\/\/optimate1.com\/?s={search_term_string}"},"query-input":{"@type":"PropertyValueSpecification","valueRequired":true,"valueName":"search_term_string"}}],"inLanguage":"fr-FR"},{"@type":"Organization","@id":"https:\/\/optimate1.com\/#organization","name":"OptiMate","url":"https:\/\/optimate1.com\/","logo":{"@type":"ImageObject","inLanguage":"fr-FR","@id":"https:\/\/optimate1.com\/#\/schema\/logo\/image\/","url":"https:\/\/optimate1.com\/wp-content\/uploads\/2021\/06\/optimate-hpbc-stacklogo.jpg","contentUrl":"https:\/\/optimate1.com\/wp-content\/uploads\/2021\/06\/optimate-hpbc-stacklogo.jpg","width":1025,"height":529,"caption":"OptiMate"},"image":{"@id":"https:\/\/optimate1.com\/#\/schema\/logo\/image\/"},"sameAs":["https:\/\/www.facebook.com\/OptiMatebatterysavingcharger\/"]}]}},"_links":{"self":[{"href":"https:\/\/optimate1.com\/fr\/wp-json\/wp\/v2\/product\/33369","targetHints":{"allow":["GET"]}}],"collection":[{"href":"https:\/\/optimate1.com\/fr\/wp-json\/wp\/v2\/product"}],"about":[{"href":"https:\/\/optimate1.com\/fr\/wp-json\/wp\/v2\/types\/product"}],"wp:featuredmedia":[{"embeddable":true,"href":"https:\/\/optimate1.com\/fr\/wp-json\/wp\/v2\/media\/33352"}],"wp:attachment":[{"href":"https:\/\/optimate1.com\/fr\/wp-json\/wp\/v2\/media?parent=33369"}],"wp:term":[{"taxonomy":"product_brand","embeddable":true,"href":"https:\/\/optimate1.com\/fr\/wp-json\/wp\/v2\/product_brand?post=33369"},{"taxonomy":"product_cat","embeddable":true,"href":"https:\/\/optimate1.com\/fr\/wp-json\/wp\/v2\/product_cat?post=33369"},{"taxonomy":"product_tag","embeddable":true,"href":"https:\/\/optimate1.com\/fr\/wp-json\/wp\/v2\/product_tag?post=33369"}],"curies":[{"name":"wp","href":"https:\/\/api.w.org\/{rel}","templated":true}]}}