{"id":36990,"date":"2024-06-24T02:57:22","date_gmt":"2024-06-24T06:57:22","guid":{"rendered":"https:\/\/optimate1.com\/product\/vacuummate-allweather\/"},"modified":"2024-12-04T05:55:34","modified_gmt":"2024-12-04T10:55:34","slug":"vacuummate-allweather","status":"publish","type":"product","link":"https:\/\/optimate1.com\/fr\/produit\/vacuummate-allweather\/","title":{"rendered":"VacuumMate Allweather"},"content":{"rendered":"<h3 class=\"entry-summary hidden-phone\"><strong>VacuumMate Allweather est la norme industrielle pour la synchronisation rapide et pr\u00e9cise de jusqu&#8217;\u00e0 4 papillons de carburateur\/injection de carburant sur les moteurs 2 et 4 temps.<\/strong><\/h3>\n<ul>\n<li><strong><span style=\"color: #10069f;\">VacuumMate affiche la pression du collecteur individuel de 4 carburateurs s\u00e9par\u00e9s (ou corps de papillon d&#8217;injection de carburant) sur quatre barres de LED lumineuses dispos\u00e9es verticalement (40 LED par barre) visibles \u00e0 la lumi\u00e8re du soleil. <\/span><\/strong><span style=\"color: #10069f;\">&#8211; <\/span><span style=\"color: #10069f;\"><i>ce qui le rend id\u00e9al m\u00eame pour une utilisation marine et externe \u00e0 bord.<\/i><\/span><\/li>\n<li><strong><span style=\"color: #10069f;\">Pr\u00e9cision de r\u00e9solution fixe de 0,5 cmHg <\/span><\/strong><span style=\"color: #10069f;\">&#8211; <\/span><span style=\"color: #10069f;\"><i>Comme recommand\u00e9 par les \u00e9quipementiers de motos et de bateaux hors-bord.<\/i><\/span><\/li>\n<li><strong><span style=\"color: #10069f;\">Un tachym\u00e8tre int\u00e9gr\u00e9 affiche le r\u00e9gime moteur en tr\/min <\/span><\/strong><span style=\"color: #10069f;\">&#8211; <\/span><span style=\"color: #10069f;\"><i>\u00e0 partir des impulsions de pression, aucun capteur suppl\u00e9mentaire n&#8217;est n\u00e9cessaire!<\/i><\/span><\/li>\n<li><strong><span style=\"color: #10069f;\">Mode DYNamique pour d\u00e9panner une mauvaise synchronisation du moteur <\/span><\/strong><span style=\"color: #10069f;\"><i>&#8211; affiche les diff\u00e9rences d\u2019\u00e9tanch\u00e9it\u00e9 des vannes.<\/i><\/span><\/li>\n<li><strong><span style=\"color: #10069f;\">4 x transducteurs de pression MOTOROLA de qualit\u00e9 industrielle\/m\u00e9dicale.<\/span><\/strong><\/li>\n<li><strong><span style=\"color: #10069f;\">Approuv\u00e9 comme outil recommand\u00e9 par Mercury, Honda, Yamaha.<br \/>\n<\/span><\/strong><\/li>\n<\/ul>\n","protected":false},"excerpt":{"rendered":"<h3><span style=\"color: #cd202c;\">Carburateur \/ papillon des gaz d&#8217;injection de carburant Synchroniseur, diagnostic de r\u00e9gime et de soupape, aliment\u00e9 par batterie<\/span><\/h3>\n","protected":false},"featured_media":36958,"template":"","meta":[],"product_brand":[],"product_cat":[394],"product_tag":[],"class_list":{"0":"post-36990","1":"product","2":"type-product","3":"status-publish","4":"has-post-thumbnail","6":"product_cat-battery-chargers-fr","7":"pa_power-ac-100-240vac-fr","8":"pa_region-ca-fr","9":"pa_region-eu-fr-2","10":"pa_region-uk-fr-2","11":"pa_region-us-fr-2","12":"thunk-woo-product-list","13":"opn-qv-enable","14":"big-store-woo-hover-","15":"open-single-product-tab-horizontal","16":"open-shadow-","17":"open-shadow-hover-","19":"first","20":"outofstock","21":"shipping-taxable","22":"product-type-simple"},"yoast_head":"<!-- This site is optimized with the Yoast SEO plugin v27.2 - https:\/\/yoast.com\/product\/yoast-seo-wordpress\/ -->\n<title>VacuumMate Allweather - OptiMate<\/title>\n<meta name=\"description\" content=\"VacuumMate est la norme industrielle pour la synchronisation pr\u00e9cise de jusqu&#039;\u00e0 4 papillons de carburateur de carburant sur les moteurs 2 et 4 temps.\" \/>\n<meta name=\"robots\" content=\"index, follow, max-snippet:-1, max-image-preview:large, max-video-preview:-1\" \/>\n<link rel=\"canonical\" href=\"https:\/\/optimate1.com\/product\/vacuummate\/\" \/>\n<meta property=\"og:locale\" content=\"fr_FR\" \/>\n<meta property=\"og:type\" content=\"article\" \/>\n<meta property=\"og:title\" content=\"VacuumMate Allweather - OptiMate\" \/>\n<meta property=\"og:description\" content=\"VacuumMate est la norme industrielle pour la synchronisation pr\u00e9cise de jusqu&#039;\u00e0 4 papillons de carburateur de carburant sur les moteurs 2 et 4 temps.\" \/>\n<meta property=\"og:url\" content=\"https:\/\/optimate1.com\/product\/vacuummate\/\" \/>\n<meta property=\"og:site_name\" content=\"OptiMate\" \/>\n<meta property=\"article:publisher\" content=\"https:\/\/www.facebook.com\/OptiMatebatterysavingcharger\/\" \/>\n<meta property=\"article:modified_time\" content=\"2024-12-04T10:55:34+00:00\" \/>\n<meta property=\"og:image\" content=\"https:\/\/optimate1.com\/wp-content\/uploads\/2024\/06\/TS71-VacuumMate-AW-3.png\" \/>\n\t<meta property=\"og:image:width\" content=\"1500\" \/>\n\t<meta property=\"og:image:height\" content=\"1500\" \/>\n\t<meta property=\"og:image:type\" content=\"image\/png\" \/>\n<meta name=\"twitter:card\" content=\"summary_large_image\" \/>\n<meta name=\"twitter:label1\" content=\"Dur\u00e9e de lecture estim\u00e9e\" \/>\n\t<meta name=\"twitter:data1\" content=\"1 minute\" \/>\n<script type=\"application\/ld+json\" class=\"yoast-schema-graph\">{\"@context\":\"https:\/\/schema.org\",\"@graph\":[{\"@type\":\"WebPage\",\"@id\":\"https:\/\/optimate1.com\/product\/vacuummate\/\",\"url\":\"https:\/\/optimate1.com\/product\/vacuummate\/\",\"name\":\"VacuumMate Allweather - OptiMate\",\"isPartOf\":{\"@id\":\"https:\/\/optimate1.com\/#website\"},\"primaryImageOfPage\":{\"@id\":\"https:\/\/optimate1.com\/product\/vacuummate\/#primaryimage\"},\"image\":{\"@id\":\"https:\/\/optimate1.com\/product\/vacuummate\/#primaryimage\"},\"thumbnailUrl\":\"https:\/\/optimate1.com\/wp-content\/uploads\/2024\/06\/TS71-VacuumMate-AW-3.png\",\"datePublished\":\"2024-06-24T06:57:22+00:00\",\"dateModified\":\"2024-12-04T10:55:34+00:00\",\"description\":\"VacuumMate est la norme industrielle pour la synchronisation pr\u00e9cise de jusqu'\u00e0 4 papillons de carburateur de carburant sur les moteurs 2 et 4 temps.\",\"breadcrumb\":{\"@id\":\"https:\/\/optimate1.com\/product\/vacuummate\/#breadcrumb\"},\"inLanguage\":\"fr-FR\",\"potentialAction\":[{\"@type\":\"ReadAction\",\"target\":[\"https:\/\/optimate1.com\/product\/vacuummate\/\"]}]},{\"@type\":\"ImageObject\",\"inLanguage\":\"fr-FR\",\"@id\":\"https:\/\/optimate1.com\/product\/vacuummate\/#primaryimage\",\"url\":\"https:\/\/optimate1.com\/wp-content\/uploads\/2024\/06\/TS71-VacuumMate-AW-3.png\",\"contentUrl\":\"https:\/\/optimate1.com\/wp-content\/uploads\/2024\/06\/TS71-VacuumMate-AW-3.png\",\"width\":1500,\"height\":1500},{\"@type\":\"BreadcrumbList\",\"@id\":\"https:\/\/optimate1.com\/product\/vacuummate\/#breadcrumb\",\"itemListElement\":[{\"@type\":\"ListItem\",\"position\":1,\"name\":\"Home\",\"item\":\"https:\/\/optimate1.com\/\"},{\"@type\":\"ListItem\",\"position\":2,\"name\":\"Produits\",\"item\":\"https:\/\/optimate1.com\/shop\/\"},{\"@type\":\"ListItem\",\"position\":3,\"name\":\"VacuumMate Allweather\"}]},{\"@type\":\"WebSite\",\"@id\":\"https:\/\/optimate1.com\/#website\",\"url\":\"https:\/\/optimate1.com\/\",\"name\":\"OptiMate\",\"description\":\"Battery Chargers &amp; Accessories\",\"publisher\":{\"@id\":\"https:\/\/optimate1.com\/#organization\"},\"potentialAction\":[{\"@type\":\"SearchAction\",\"target\":{\"@type\":\"EntryPoint\",\"urlTemplate\":\"https:\/\/optimate1.com\/?s={search_term_string}\"},\"query-input\":{\"@type\":\"PropertyValueSpecification\",\"valueRequired\":true,\"valueName\":\"search_term_string\"}}],\"inLanguage\":\"fr-FR\"},{\"@type\":\"Organization\",\"@id\":\"https:\/\/optimate1.com\/#organization\",\"name\":\"OptiMate\",\"url\":\"https:\/\/optimate1.com\/\",\"logo\":{\"@type\":\"ImageObject\",\"inLanguage\":\"fr-FR\",\"@id\":\"https:\/\/optimate1.com\/#\/schema\/logo\/image\/\",\"url\":\"https:\/\/optimate1.com\/wp-content\/uploads\/2021\/06\/optimate-hpbc-stacklogo.jpg\",\"contentUrl\":\"https:\/\/optimate1.com\/wp-content\/uploads\/2021\/06\/optimate-hpbc-stacklogo.jpg\",\"width\":1025,\"height\":529,\"caption\":\"OptiMate\"},\"image\":{\"@id\":\"https:\/\/optimate1.com\/#\/schema\/logo\/image\/\"},\"sameAs\":[\"https:\/\/www.facebook.com\/OptiMatebatterysavingcharger\/\"]}]}<\/script>\n<!-- \/ Yoast SEO plugin. -->","yoast_head_json":{"title":"VacuumMate Allweather - OptiMate","description":"VacuumMate est la norme industrielle pour la synchronisation pr\u00e9cise de jusqu'\u00e0 4 papillons de carburateur de carburant sur les moteurs 2 et 4 temps.","robots":{"index":"index","follow":"follow","max-snippet":"max-snippet:-1","max-image-preview":"max-image-preview:large","max-video-preview":"max-video-preview:-1"},"canonical":"https:\/\/optimate1.com\/product\/vacuummate\/","og_locale":"fr_FR","og_type":"article","og_title":"VacuumMate Allweather - OptiMate","og_description":"VacuumMate est la norme industrielle pour la synchronisation pr\u00e9cise de jusqu'\u00e0 4 papillons de carburateur de carburant sur les moteurs 2 et 4 temps.","og_url":"https:\/\/optimate1.com\/product\/vacuummate\/","og_site_name":"OptiMate","article_publisher":"https:\/\/www.facebook.com\/OptiMatebatterysavingcharger\/","article_modified_time":"2024-12-04T10:55:34+00:00","og_image":[{"width":1500,"height":1500,"url":"https:\/\/optimate1.com\/wp-content\/uploads\/2024\/06\/TS71-VacuumMate-AW-3.png","type":"image\/png"}],"twitter_card":"summary_large_image","twitter_misc":{"Dur\u00e9e de lecture estim\u00e9e":"1 minute"},"schema":{"@context":"https:\/\/schema.org","@graph":[{"@type":"WebPage","@id":"https:\/\/optimate1.com\/product\/vacuummate\/","url":"https:\/\/optimate1.com\/product\/vacuummate\/","name":"VacuumMate Allweather - OptiMate","isPartOf":{"@id":"https:\/\/optimate1.com\/#website"},"primaryImageOfPage":{"@id":"https:\/\/optimate1.com\/product\/vacuummate\/#primaryimage"},"image":{"@id":"https:\/\/optimate1.com\/product\/vacuummate\/#primaryimage"},"thumbnailUrl":"https:\/\/optimate1.com\/wp-content\/uploads\/2024\/06\/TS71-VacuumMate-AW-3.png","datePublished":"2024-06-24T06:57:22+00:00","dateModified":"2024-12-04T10:55:34+00:00","description":"VacuumMate est la norme industrielle pour la synchronisation pr\u00e9cise de jusqu'\u00e0 4 papillons de carburateur de carburant sur les moteurs 2 et 4 temps.","breadcrumb":{"@id":"https:\/\/optimate1.com\/product\/vacuummate\/#breadcrumb"},"inLanguage":"fr-FR","potentialAction":[{"@type":"ReadAction","target":["https:\/\/optimate1.com\/product\/vacuummate\/"]}]},{"@type":"ImageObject","inLanguage":"fr-FR","@id":"https:\/\/optimate1.com\/product\/vacuummate\/#primaryimage","url":"https:\/\/optimate1.com\/wp-content\/uploads\/2024\/06\/TS71-VacuumMate-AW-3.png","contentUrl":"https:\/\/optimate1.com\/wp-content\/uploads\/2024\/06\/TS71-VacuumMate-AW-3.png","width":1500,"height":1500},{"@type":"BreadcrumbList","@id":"https:\/\/optimate1.com\/product\/vacuummate\/#breadcrumb","itemListElement":[{"@type":"ListItem","position":1,"name":"Home","item":"https:\/\/optimate1.com\/"},{"@type":"ListItem","position":2,"name":"Produits","item":"https:\/\/optimate1.com\/shop\/"},{"@type":"ListItem","position":3,"name":"VacuumMate Allweather"}]},{"@type":"WebSite","@id":"https:\/\/optimate1.com\/#website","url":"https:\/\/optimate1.com\/","name":"OptiMate","description":"Battery Chargers &amp; Accessories","publisher":{"@id":"https:\/\/optimate1.com\/#organization"},"potentialAction":[{"@type":"SearchAction","target":{"@type":"EntryPoint","urlTemplate":"https:\/\/optimate1.com\/?s={search_term_string}"},"query-input":{"@type":"PropertyValueSpecification","valueRequired":true,"valueName":"search_term_string"}}],"inLanguage":"fr-FR"},{"@type":"Organization","@id":"https:\/\/optimate1.com\/#organization","name":"OptiMate","url":"https:\/\/optimate1.com\/","logo":{"@type":"ImageObject","inLanguage":"fr-FR","@id":"https:\/\/optimate1.com\/#\/schema\/logo\/image\/","url":"https:\/\/optimate1.com\/wp-content\/uploads\/2021\/06\/optimate-hpbc-stacklogo.jpg","contentUrl":"https:\/\/optimate1.com\/wp-content\/uploads\/2021\/06\/optimate-hpbc-stacklogo.jpg","width":1025,"height":529,"caption":"OptiMate"},"image":{"@id":"https:\/\/optimate1.com\/#\/schema\/logo\/image\/"},"sameAs":["https:\/\/www.facebook.com\/OptiMatebatterysavingcharger\/"]}]}},"_links":{"self":[{"href":"https:\/\/optimate1.com\/fr\/wp-json\/wp\/v2\/product\/36990","targetHints":{"allow":["GET"]}}],"collection":[{"href":"https:\/\/optimate1.com\/fr\/wp-json\/wp\/v2\/product"}],"about":[{"href":"https:\/\/optimate1.com\/fr\/wp-json\/wp\/v2\/types\/product"}],"wp:featuredmedia":[{"embeddable":true,"href":"https:\/\/optimate1.com\/fr\/wp-json\/wp\/v2\/media\/36958"}],"wp:attachment":[{"href":"https:\/\/optimate1.com\/fr\/wp-json\/wp\/v2\/media?parent=36990"}],"wp:term":[{"taxonomy":"product_brand","embeddable":true,"href":"https:\/\/optimate1.com\/fr\/wp-json\/wp\/v2\/product_brand?post=36990"},{"taxonomy":"product_cat","embeddable":true,"href":"https:\/\/optimate1.com\/fr\/wp-json\/wp\/v2\/product_cat?post=36990"},{"taxonomy":"product_tag","embeddable":true,"href":"https:\/\/optimate1.com\/fr\/wp-json\/wp\/v2\/product_tag?post=36990"}],"curies":[{"name":"wp","href":"https:\/\/api.w.org\/{rel}","templated":true}]}}