{"id":38272,"date":"2025-01-06T02:55:20","date_gmt":"2025-01-06T07:55:20","guid":{"rendered":"https:\/\/optimate1.com\/?post_type=product&#038;p=38272"},"modified":"2026-04-17T07:18:21","modified_gmt":"2026-04-17T11:18:21","slug":"tm522d1ck","status":"publish","type":"product","link":"https:\/\/optimate1.com\/fr\/produit\/tm522d1ck\/","title":{"rendered":"OptiMate Solar DUO kit voiture avec panneau 10W"},"content":{"rendered":"<h3 class=\"entry-summary hidden-phone\" style=\"text-align: center;\"><strong>Le chargeur et mainteneur de batterie automatique \u00e0 \u00e9nergie solaire qui fonctionne dans l\u2019habitacle de votre voiture ou camionnette. <\/strong>&#8211; <i>parfait pour le stockage \u00e0 long terme du v\u00e9hicule, \u201cplus de probl\u00e8mes de batterie\u201d garanti!<\/i><\/h3>\n<p>&nbsp;<\/p>\n<h6 style=\"text-align: center;\"><strong><span style=\"color: #10069f;\">Id\u00e9al pour les batteries trouv\u00e9es dans ces v\u00e9hicules.<\/span><\/strong><\/h6>\n<h6 style=\"text-align: center;\"><img loading=\"lazy\" decoding=\"async\" class=\"aligncenter wp-image-20668\" src=\"https:\/\/optimate1.com\/wp-content\/uploads\/2025\/09\/Vehicles-car-kit_10W-copy.png\" alt=\"The portable solar charger for car is recommended for ATV, motorcycles, jet skis, cars and lawn mowers. \" width=\"328\" height=\"66\" \/><\/h6>\n<p>&nbsp;<\/p>\n<h6 style=\"text-align: center;\"><strong><span style=\"color: #10069f;\">Connectez-vous au port de diagnostic OBDII du v\u00e9hicule situ\u00e9 sous ou \u00e0 proximit\u00e9 du volant avec l&#8217;adaptateur de charge OBDII \u00e0 fusible O-37.<\/span><\/strong><\/h6>\n<h6 style=\"text-align: center;\"><img loading=\"lazy\" decoding=\"async\" class=\"aligncenter wp-image-20876\" src=\"https:\/\/optimate1.com\/wp-content\/uploads\/2024\/06\/OptiMate-Solar-Panel-20W-Kit-TM522-D2TK-im16-1.png\" alt=\"The portable solar charger for car includes premium quality components: polycristalline solar panel, suction mounts, OptiMate Solar Duo controller, O-04 battery clips and O-01 battery lead. \" width=\"228\" height=\"70\" \/><\/h6>\n<p>&nbsp;<\/p>\n<h6 style=\"text-align: center;\"><strong><span style=\"color: #10069f;\">Placez le panneau solaire contre l&#8217;int\u00e9rieur du pare-brise avec les ventouses fournies, ou utilisez les ventouses comme pieds souples pour positionner le panneau solaire directement sur le tableau de bord ou sur le coffre \/ cache-bagages du SUV.<\/span><\/strong><\/h6>\n<h6 style=\"text-align: center;\"><img loading=\"lazy\" decoding=\"async\" class=\"aligncenter wp-image-20876\" src=\"https:\/\/optimate1.com\/wp-content\/uploads\/2024\/06\/OptiMate-Solar-Panel-20W-Kit-TM522-D2TK-im17-2-copy.png\" alt=\"The portable solar charger for car includes premium quality components: polycristalline solar panel, suction mounts, OptiMate Solar Duo controller, O-04 battery clips and O-01 battery lead. \" width=\"428\" height=\"70\" \/><\/h6>\n<p>&nbsp;<\/p>\n<h6 style=\"text-align: center;\"><strong><span style=\"color: #10069f;\">Le contr\u00f4leur de charge intelligent OptiMate Solar convertit l\u2019\u00e9nergie du panneau solaire et fournit une charge et une maintenance s\u00fbres et pr\u00e9cises via le port OBDII <\/span><\/strong><span style=\"color: #10069f;\">&#8211; <\/span><i><span style=\"color: #10069f;\">facile et 100% s\u00fbr pour le syst\u00e8me de votre v\u00e9hicule!<\/span><\/i><\/h6>\n<h6 style=\"text-align: center;\"><img loading=\"lazy\" decoding=\"async\" class=\"aligncenter wp-image-20876\" src=\"https:\/\/optimate1.com\/wp-content\/uploads\/2021\/01\/Smart-control-scaled.jpg\" alt=\"The smart charge controller automatically adjusts charge according to battery type and condition. \" width=\"428\" height=\"70\" \/><\/h6>\n<p>&nbsp;<\/p>\n<h6 style=\"text-align: center;\"><strong><span style=\"color: #10069f;\">Le contr\u00f4leur de charge intelligent convertit la faible \u00e9nergie solaire du soleil partiel\/du soleil \u00e0 travers les nuages \u200b\u200ben impulsions de charge efficaces <\/span><\/strong><span style=\"color: #10069f;\">&#8211; <\/span><span style=\"color: #10069f;\"><i>votre batterie sera entretenue quelle que soit la m\u00e9t\u00e9o.<\/i><\/span><\/h6>\n<h6 style=\"text-align: center;\"><img loading=\"lazy\" decoding=\"async\" class=\"aligncenter wp-image-20876\" src=\"https:\/\/optimate1.com\/wp-content\/uploads\/2021\/01\/SAVE-CHARGE-MAINTAIN-Solar-DUO-10W.png\" alt=\"The fully automatic multi-step program of the controller brings the battery to full charge. \" width=\"428\" height=\"70\" \/><\/h6>\n<p>&nbsp;<\/p>\n<h6 style=\"text-align: center;\"><strong><span style=\"color: #10069f;\">Le kit voiture \u201cCK\u201d comprend des composants de qualit\u00e9 sup\u00e9rieure 1) un sac de rangement 2) un panneau solaire polycristallin de 10W 3) des supports \u00e0 ventouse r\u00e9versibles, pour monter le panneau sur une fen\u00eatre ou les utiliser comme pieds souples pour prot\u00e9ger la surface sur laquelle le panneau est plac\u00e9 4) OptiMate Solar DUO smart contr\u00f4leur 5) Adaptateur \u00e0 fusible O-37 pour la connexion au port OBDII de l\u2019habitacle du v\u00e9hicule 6) Clips de batterie O-04 pour une charge directe sur la batterie.<\/span><\/strong><\/h6>\n<h6 style=\"text-align: center;\"><img loading=\"lazy\" decoding=\"async\" class=\"aligncenter wp-image-20876\" src=\"https:\/\/optimate1.com\/wp-content\/uploads\/2025\/01\/Solar-Car-Kit-included-10W-copy.png\" alt=\"The portable solar charger for car includes premium quality components: polycristalline solar panel, suction mounts, OptiMate Solar Duo controller, O-04 battery clips and O-01 battery lead. \" width=\"628\" height=\"70\" \/><\/h6>\n<p>&nbsp;<\/p>\n<p>&nbsp;<\/p>\n<h4 style=\"text-align: center;\"><strong><span style=\"text-decoration: underline;\">PLUS DE CARACT\u00c9RISTIQUES:<\/span><\/strong><\/h4>\n<p style=\"text-align: center;\">\n<table id=\"tablepress-642\" class=\"tablepress tablepress-id-642\">\n<tbody class=\"row-hover\">\n<tr class=\"row-1\">\n\t<td class=\"column-1\"><a href=\"\"><img loading=\"lazy\" decoding=\"async\" src=\"https:\/\/optimate1.com\/wp-content\/uploads\/2023\/09\/1DUO-batteries-copy-2.png\" alt=\"\" width=\"300\" height=\"50\" class=\"aligncenter size-medium wp-image-20927\" \/><\/a><body><h6><center>Pour tous les types de batteries 12V, y compris plomb-acide (Pb) > STD (avec bouchons de remplissage), AGM &amp; GEL (VRLA scell\u00e9) et Li-Ion fabriqu\u00e9es avec la technologie LiFePO4\/LFP.<\/body><\/h6><\/center><br \/>\n<\/td>\n<\/tr>\n<tr class=\"row-2\">\n\t<td class=\"column-1\"><a href=\"\"><img loading=\"lazy\" decoding=\"async\" src=\"https:\/\/optimate1.com\/wp-content\/uploads\/2021\/01\/safe-solar-connection-01-scaled.jpg\" alt=\"\" width=\"300\" height=\"50\" class=\"aligncenter size-medium wp-image-20982\" \/><\/a><body><h6><center>S\u00e9curis\u00e9 pour rester connect\u00e9. Protection \u00e9lectronique compl\u00e8te.<\/td>\n<\/tr>\n<tr class=\"row-3\">\n\t<td class=\"column-1\"><a href=\"\"><img loading=\"lazy\" decoding=\"async\" src=\"https:\/\/optimate1.com\/wp-content\/uploads\/2021\/01\/MONITOR-01-1.png\" alt=\"\" width=\"300\" height=\"50\" class=\"aligncenter size-medium wp-image-20995\" \/><\/a><body><h6><center>Affiche l'\u00e9tat de charge de la batterie 24h\/24 et 7j\/7 - JOUR: charge et entretien. NUIT: v\u00e9rifier le niveau de charge.<\/body><\/h6><\/center><\/td>\n<\/tr>\n<tr class=\"row-4\">\n\t<td class=\"column-1\"><a href=\"\"><img loading=\"lazy\" decoding=\"async\" src=\"https:\/\/optimate1.com\/wp-content\/uploads\/2021\/01\/Saves-from-as-low-as-4V-01.png\" alt=\"\" width=\"300\" height=\"50\" class=\"aligncenter size-medium wp-image-20993\" \/><\/a><body><h6><center>Sauve votre batterie \"morte\" \u00e0 partir de seulement 4V.<\/body><\/h6><\/center><\/td>\n<\/tr>\n<tr class=\"row-5\">\n\t<td class=\"column-1\"><a href=\"\"><img loading=\"lazy\" decoding=\"async\" src=\"https:\/\/optimate1.com\/wp-content\/uploads\/2020\/12\/green-technology-hx2-1-300x49.png\" alt=\"\" width=\"300\" height=\"50\" class=\"aligncenter size-medium wp-image-20983\" \/><\/a><body><h6><center>Technologie d'\u00e9conomie d'\u00e9nergie.<br \/>\n<strong>\u221a<\/strong> Double conversion efficace.<br \/>\n<strong>\u221a<\/strong> Maintenance compl\u00e8te 24h\/24 et 7j\/7.<\/body><\/h6><\/center><\/td>\n<\/tr>\n<tr class=\"row-6\">\n\t<td class=\"column-1\"><a href=\"\"><img loading=\"lazy\" decoding=\"async\" src=\"https:\/\/optimate1.com\/wp-content\/uploads\/2021\/01\/Weatherproof-Solar-01.png\" alt=\"\" width=\"300\" height=\"50\" class=\"aligncenter size-medium wp-image-21012\" \/><\/a><body><h6><center>IP54 fonctionne dans toutes les conditions m\u00e9t\u00e9orologiques!<\/body><\/h6><\/center><\/td>\n<\/tr>\n<\/tbody>\n<\/table>\n<!-- #tablepress-642 from cache --><\/p>\n<h4 style=\"text-align: center;\"><strong><span style=\"text-decoration: underline;\">EN SAVOIR PLUS SUR SOLAR:<\/span><\/strong><\/h4>\n<p style=\"text-align: center;\"><a href=\"https:\/\/optimate1.com\/solar\/\">https:\/\/optimate1.com\/fr\/solar\/<\/a><\/p>\n","protected":false},"excerpt":{"rendered":"<h3><span style=\"color: #cd202c;\">Chargeur-Mainteneur de batterie solaire \u00e9tanche 12V \/ 12.8V 0.83A en 6 \u00e9tapes<\/span><\/h3>\n","protected":false},"featured_media":38765,"template":"","meta":[],"product_brand":[],"product_cat":[394],"product_tag":[],"class_list":{"0":"post-38272","1":"product","2":"type-product","3":"status-publish","4":"has-post-thumbnail","6":"product_cat-battery-chargers-fr","7":"pa_charge-battery-chemistry-pb-agm-gel-std-lead-acid-fr","8":"pa_charge-battery-chemistry-pb-li-both-above-fr","9":"pa_charge-battery-more-12v-fr","10":"pa_charge-battery-more-avion-petit","11":"pa_charge-battery-more-bateau-motomarine","12":"pa_charge-battery-more-moto-vehicule-tout-terrain","13":"pa_charge-battery-more-oldtimer","14":"pa_charge-battery-more-utv-sxs-cruiser-fr","15":"pa_charge-battery-more-voiture-pick-up","16":"pa_power-solar-fr","17":"pa_product-group-optimate-duo-fr","18":"pa_product-group-optimate-solar-fr","19":"pa_region-ca-fr","20":"pa_region-eu-fr-2","21":"pa_region-uk-fr-2","22":"pa_region-us-fr-2","23":"iside_voltage-12-fr","24":"iside_voltage-12-8-fr","25":"iside_ampere-0-83-fr","26":"iside_vehicle-aviation-fr","27":"iside_vehicle-marine-fr","28":"iside_vehicle-moto-mecaniques-fr","29":"iside_vehicle-oldtimer-classic-car-fr","30":"iside_vehicle-rv-caravan-fr","31":"iside_charger_series-off-grid-eco-fr","32":"iside_charger_features-maintenance-de-batterie-securisee-24-7","33":"iside_charger_features-maintenance-duo-24h-7-pour-pb-et-lfp","34":"iside_charger_features-save-sulphated-pb-lead-acid-fr","35":"iside_charger_type-solar-fr","36":"iside_battery_voltage-12-8v-13-2v","37":"iside_battery_voltage-12v-fr","38":"iside_battery_chemistry-lfp-lifepo4-lithium-ion-fr","39":"iside_battery_chemistry-pb-lead-acid-fr","40":"battery_charger_current-0-6a-1-5a-fr","41":"thunk-woo-product-list","42":"opn-qv-enable","43":"big-store-woo-hover-","44":"open-single-product-tab-horizontal","45":"open-shadow-","46":"open-shadow-hover-","48":"first","49":"instock","50":"featured","51":"shipping-taxable","52":"purchasable","53":"product-type-simple"},"yoast_head":"<!-- This site is optimized with the Yoast SEO plugin v27.2 - https:\/\/yoast.com\/product\/yoast-seo-wordpress\/ -->\n<title>OptiMate Solar DUO kit voiture avec panneau 10W - OptiMate<\/title>\n<meta name=\"description\" content=\"Le kit voiture OptiMate Solar DUO 10W est un chargeur solaire pour batterie de voiture. C&#039;est un chargeur intelligent aliment\u00e9 par le soleil.\" \/>\n<meta name=\"robots\" content=\"index, follow, max-snippet:-1, max-image-preview:large, max-video-preview:-1, noarchive\" \/>\n<link rel=\"canonical\" href=\"https:\/\/optimate1.com\/fr\/produit\/tm522d1ck\/\" \/>\n<meta property=\"og:locale\" content=\"fr_FR\" \/>\n<meta property=\"og:type\" content=\"article\" \/>\n<meta property=\"og:title\" content=\"OptiMate Solar DUO kit voiture avec panneau 10W - OptiMate\" \/>\n<meta property=\"og:description\" content=\"Le kit voiture OptiMate Solar DUO 10W est un chargeur solaire pour batterie de voiture. C&#039;est un chargeur intelligent aliment\u00e9 par le soleil.\" \/>\n<meta property=\"og:url\" content=\"https:\/\/optimate1.com\/fr\/produit\/tm522d1ck\/\" \/>\n<meta property=\"og:site_name\" content=\"OptiMate\" \/>\n<meta property=\"article:publisher\" content=\"https:\/\/www.facebook.com\/OptiMatebatterysavingcharger\/\" \/>\n<meta property=\"article:modified_time\" content=\"2026-04-17T11:18:21+00:00\" \/>\n<meta property=\"og:image\" content=\"https:\/\/optimate1.com\/wp-content\/uploads\/2020\/12\/TM_260-01.jpg\" \/>\n\t<meta property=\"og:image:width\" content=\"1757\" \/>\n\t<meta property=\"og:image:height\" content=\"269\" \/>\n\t<meta property=\"og:image:type\" content=\"image\/jpeg\" \/>\n<meta name=\"twitter:card\" content=\"summary_large_image\" \/>\n<meta name=\"twitter:label1\" content=\"Dur\u00e9e de lecture estim\u00e9e\" \/>\n\t<meta name=\"twitter:data1\" content=\"3 minutes\" \/>\n<script type=\"application\/ld+json\" class=\"yoast-schema-graph\">{\"@context\":\"https:\/\/schema.org\",\"@graph\":[{\"@type\":\"WebPage\",\"@id\":\"https:\/\/optimate1.com\/fr\/produit\/tm522d1ck\/\",\"url\":\"https:\/\/optimate1.com\/fr\/produit\/tm522d1ck\/\",\"name\":\"OptiMate Solar DUO kit voiture avec panneau 10W - OptiMate\",\"isPartOf\":{\"@id\":\"https:\/\/optimate1.com\/#website\"},\"primaryImageOfPage\":{\"@id\":\"https:\/\/optimate1.com\/fr\/produit\/tm522d1ck\/#primaryimage\"},\"image\":{\"@id\":\"https:\/\/optimate1.com\/fr\/produit\/tm522d1ck\/#primaryimage\"},\"thumbnailUrl\":\"https:\/\/optimate1.com\/wp-content\/uploads\/2025\/03\/OptiMate-Solar-Panel-10W-Kit-522-D1TK.png\",\"datePublished\":\"2025-01-06T07:55:20+00:00\",\"dateModified\":\"2026-04-17T11:18:21+00:00\",\"description\":\"Le kit voiture OptiMate Solar DUO 10W est un chargeur solaire pour batterie de voiture. C'est un chargeur intelligent aliment\u00e9 par le soleil.\",\"breadcrumb\":{\"@id\":\"https:\/\/optimate1.com\/fr\/produit\/tm522d1ck\/#breadcrumb\"},\"inLanguage\":\"fr-FR\",\"potentialAction\":[{\"@type\":\"ReadAction\",\"target\":[\"https:\/\/optimate1.com\/fr\/produit\/tm522d1ck\/\"]}]},{\"@type\":\"ImageObject\",\"inLanguage\":\"fr-FR\",\"@id\":\"https:\/\/optimate1.com\/fr\/produit\/tm522d1ck\/#primaryimage\",\"url\":\"https:\/\/optimate1.com\/wp-content\/uploads\/2025\/03\/OptiMate-Solar-Panel-10W-Kit-522-D1TK.png\",\"contentUrl\":\"https:\/\/optimate1.com\/wp-content\/uploads\/2025\/03\/OptiMate-Solar-Panel-10W-Kit-522-D1TK.png\",\"width\":1500,\"height\":1500},{\"@type\":\"BreadcrumbList\",\"@id\":\"https:\/\/optimate1.com\/fr\/produit\/tm522d1ck\/#breadcrumb\",\"itemListElement\":[{\"@type\":\"ListItem\",\"position\":1,\"name\":\"Home\",\"item\":\"https:\/\/optimate1.com\/\"},{\"@type\":\"ListItem\",\"position\":2,\"name\":\"Produits\",\"item\":\"https:\/\/optimate1.com\/shop\/\"},{\"@type\":\"ListItem\",\"position\":3,\"name\":\"OptiMate Solar DUO avec panneau 10W et kit voiture\"}]},{\"@type\":\"WebSite\",\"@id\":\"https:\/\/optimate1.com\/#website\",\"url\":\"https:\/\/optimate1.com\/\",\"name\":\"OptiMate\",\"description\":\"Battery Chargers &amp; Accessories\",\"publisher\":{\"@id\":\"https:\/\/optimate1.com\/#organization\"},\"potentialAction\":[{\"@type\":\"SearchAction\",\"target\":{\"@type\":\"EntryPoint\",\"urlTemplate\":\"https:\/\/optimate1.com\/?s={search_term_string}\"},\"query-input\":{\"@type\":\"PropertyValueSpecification\",\"valueRequired\":true,\"valueName\":\"search_term_string\"}}],\"inLanguage\":\"fr-FR\"},{\"@type\":\"Organization\",\"@id\":\"https:\/\/optimate1.com\/#organization\",\"name\":\"OptiMate\",\"url\":\"https:\/\/optimate1.com\/\",\"logo\":{\"@type\":\"ImageObject\",\"inLanguage\":\"fr-FR\",\"@id\":\"https:\/\/optimate1.com\/#\/schema\/logo\/image\/\",\"url\":\"https:\/\/optimate1.com\/wp-content\/uploads\/2021\/06\/optimate-hpbc-stacklogo.jpg\",\"contentUrl\":\"https:\/\/optimate1.com\/wp-content\/uploads\/2021\/06\/optimate-hpbc-stacklogo.jpg\",\"width\":1025,\"height\":529,\"caption\":\"OptiMate\"},\"image\":{\"@id\":\"https:\/\/optimate1.com\/#\/schema\/logo\/image\/\"},\"sameAs\":[\"https:\/\/www.facebook.com\/OptiMatebatterysavingcharger\/\"]}]}<\/script>\n<!-- \/ Yoast SEO plugin. -->","yoast_head_json":{"title":"OptiMate Solar DUO kit voiture avec panneau 10W - OptiMate","description":"Le kit voiture OptiMate Solar DUO 10W est un chargeur solaire pour batterie de voiture. C'est un chargeur intelligent aliment\u00e9 par le soleil.","robots":{"index":"index","follow":"follow","max-snippet":"max-snippet:-1","max-image-preview":"max-image-preview:large","max-video-preview":"max-video-preview:-1","archive":"noarchive"},"canonical":"https:\/\/optimate1.com\/fr\/produit\/tm522d1ck\/","og_locale":"fr_FR","og_type":"article","og_title":"OptiMate Solar DUO kit voiture avec panneau 10W - OptiMate","og_description":"Le kit voiture OptiMate Solar DUO 10W est un chargeur solaire pour batterie de voiture. C'est un chargeur intelligent aliment\u00e9 par le soleil.","og_url":"https:\/\/optimate1.com\/fr\/produit\/tm522d1ck\/","og_site_name":"OptiMate","article_publisher":"https:\/\/www.facebook.com\/OptiMatebatterysavingcharger\/","article_modified_time":"2026-04-17T11:18:21+00:00","og_image":[{"width":1757,"height":269,"url":"https:\/\/optimate1.com\/wp-content\/uploads\/2020\/12\/TM_260-01.jpg","type":"image\/jpeg"}],"twitter_card":"summary_large_image","twitter_misc":{"Dur\u00e9e de lecture estim\u00e9e":"3 minutes"},"schema":{"@context":"https:\/\/schema.org","@graph":[{"@type":"WebPage","@id":"https:\/\/optimate1.com\/fr\/produit\/tm522d1ck\/","url":"https:\/\/optimate1.com\/fr\/produit\/tm522d1ck\/","name":"OptiMate Solar DUO kit voiture avec panneau 10W - OptiMate","isPartOf":{"@id":"https:\/\/optimate1.com\/#website"},"primaryImageOfPage":{"@id":"https:\/\/optimate1.com\/fr\/produit\/tm522d1ck\/#primaryimage"},"image":{"@id":"https:\/\/optimate1.com\/fr\/produit\/tm522d1ck\/#primaryimage"},"thumbnailUrl":"https:\/\/optimate1.com\/wp-content\/uploads\/2025\/03\/OptiMate-Solar-Panel-10W-Kit-522-D1TK.png","datePublished":"2025-01-06T07:55:20+00:00","dateModified":"2026-04-17T11:18:21+00:00","description":"Le kit voiture OptiMate Solar DUO 10W est un chargeur solaire pour batterie de voiture. C'est un chargeur intelligent aliment\u00e9 par le soleil.","breadcrumb":{"@id":"https:\/\/optimate1.com\/fr\/produit\/tm522d1ck\/#breadcrumb"},"inLanguage":"fr-FR","potentialAction":[{"@type":"ReadAction","target":["https:\/\/optimate1.com\/fr\/produit\/tm522d1ck\/"]}]},{"@type":"ImageObject","inLanguage":"fr-FR","@id":"https:\/\/optimate1.com\/fr\/produit\/tm522d1ck\/#primaryimage","url":"https:\/\/optimate1.com\/wp-content\/uploads\/2025\/03\/OptiMate-Solar-Panel-10W-Kit-522-D1TK.png","contentUrl":"https:\/\/optimate1.com\/wp-content\/uploads\/2025\/03\/OptiMate-Solar-Panel-10W-Kit-522-D1TK.png","width":1500,"height":1500},{"@type":"BreadcrumbList","@id":"https:\/\/optimate1.com\/fr\/produit\/tm522d1ck\/#breadcrumb","itemListElement":[{"@type":"ListItem","position":1,"name":"Home","item":"https:\/\/optimate1.com\/"},{"@type":"ListItem","position":2,"name":"Produits","item":"https:\/\/optimate1.com\/shop\/"},{"@type":"ListItem","position":3,"name":"OptiMate Solar DUO avec panneau 10W et kit voiture"}]},{"@type":"WebSite","@id":"https:\/\/optimate1.com\/#website","url":"https:\/\/optimate1.com\/","name":"OptiMate","description":"Battery Chargers &amp; Accessories","publisher":{"@id":"https:\/\/optimate1.com\/#organization"},"potentialAction":[{"@type":"SearchAction","target":{"@type":"EntryPoint","urlTemplate":"https:\/\/optimate1.com\/?s={search_term_string}"},"query-input":{"@type":"PropertyValueSpecification","valueRequired":true,"valueName":"search_term_string"}}],"inLanguage":"fr-FR"},{"@type":"Organization","@id":"https:\/\/optimate1.com\/#organization","name":"OptiMate","url":"https:\/\/optimate1.com\/","logo":{"@type":"ImageObject","inLanguage":"fr-FR","@id":"https:\/\/optimate1.com\/#\/schema\/logo\/image\/","url":"https:\/\/optimate1.com\/wp-content\/uploads\/2021\/06\/optimate-hpbc-stacklogo.jpg","contentUrl":"https:\/\/optimate1.com\/wp-content\/uploads\/2021\/06\/optimate-hpbc-stacklogo.jpg","width":1025,"height":529,"caption":"OptiMate"},"image":{"@id":"https:\/\/optimate1.com\/#\/schema\/logo\/image\/"},"sameAs":["https:\/\/www.facebook.com\/OptiMatebatterysavingcharger\/"]}]}},"_links":{"self":[{"href":"https:\/\/optimate1.com\/fr\/wp-json\/wp\/v2\/product\/38272","targetHints":{"allow":["GET"]}}],"collection":[{"href":"https:\/\/optimate1.com\/fr\/wp-json\/wp\/v2\/product"}],"about":[{"href":"https:\/\/optimate1.com\/fr\/wp-json\/wp\/v2\/types\/product"}],"wp:featuredmedia":[{"embeddable":true,"href":"https:\/\/optimate1.com\/fr\/wp-json\/wp\/v2\/media\/38765"}],"wp:attachment":[{"href":"https:\/\/optimate1.com\/fr\/wp-json\/wp\/v2\/media?parent=38272"}],"wp:term":[{"taxonomy":"product_brand","embeddable":true,"href":"https:\/\/optimate1.com\/fr\/wp-json\/wp\/v2\/product_brand?post=38272"},{"taxonomy":"product_cat","embeddable":true,"href":"https:\/\/optimate1.com\/fr\/wp-json\/wp\/v2\/product_cat?post=38272"},{"taxonomy":"product_tag","embeddable":true,"href":"https:\/\/optimate1.com\/fr\/wp-json\/wp\/v2\/product_tag?post=38272"}],"curies":[{"name":"wp","href":"https:\/\/api.w.org\/{rel}","templated":true}]}}