{"id":40684,"date":"2025-11-04T08:06:42","date_gmt":"2025-11-04T13:06:42","guid":{"rendered":"https:\/\/optimate1.com\/product\/optimate-g10-12v-16v\/"},"modified":"2025-12-09T04:16:21","modified_gmt":"2025-12-09T09:16:21","slug":"optimate-g10-12v-16v","status":"publish","type":"product","link":"https:\/\/optimate1.com\/fr\/produit\/optimate-g10-12v-16v\/","title":{"rendered":"OptiMate G10 12V\/16V"},"content":{"rendered":"<h6 style=\"text-align: center;\"><strong><span style=\"color: #10069f;\">OptiMate G10 12V\/16V, le chargeur de batterie \u2018racing\u2019 le plus avanc\u00e9 pour batteries AGM 12V &amp; 16V au plomb et batteries Lithium-ion LFP 12.8V\/13.2V &amp; 16V.<\/span><\/strong><\/h6>\n<h6 style=\"text-align: center;\"><img loading=\"lazy\" decoding=\"async\" class=\"aligncenter wp-image-20910\" src=\"https:\/\/optimate1.com\/wp-content\/uploads\/2025\/11\/G10-PRO-Battery-Charger-ICON1-V2.png\" alt=\"optimate pro 1 duo has 3 Selections: select a charge mode for 12V lead-acid OR 12.8V LiFePO4, or PowerSupply mode\" width=\"328\" height=\"70\" \/><\/h6>\n<p>&nbsp;<\/p>\n<h6 style=\"text-align: center;\"><strong><span style=\"color: #10069f;\">4 modes de s\u00e9lection : 12V AGM, 16V AGM, 12.8V\/13.2V (4s) LFP &amp; 16V (5s) LFP.<\/span><\/strong><\/h6>\n<h6 style=\"text-align: center;\"><img loading=\"lazy\" decoding=\"async\" class=\"aligncenter wp-image-20910\" src=\"https:\/\/optimate1.com\/wp-content\/uploads\/2025\/11\/G10-PRO-Battery-Charger-ICON2-V3.png\" alt=\"optimate pro 1 duo has 3 Selections: select a charge mode for 12V lead-acid OR 12.8V LiFePO4, or PowerSupply mode\" width=\"428\" height=\"70\" \/><\/h6>\n<p>&nbsp;<\/p>\n<h6 style=\"text-align: center;\"><strong><span style=\"color: #10069f;\">Le programme FASTcharge recharge automatiquement une batterie partiellement d\u00e9charg\u00e9e avant la course, avec puissance maximale, pour une mise en service rapide. Un t\u00e9moin vert clignotant confirme que la batterie est charg\u00e9e \u00e0 plus de 90% et pr\u00eate \u00e0 l\u2019emploi.<\/span><\/strong><\/h6>\n<h6 style=\"text-align: center;\"><img loading=\"lazy\" decoding=\"async\" class=\"aligncenter wp-image-20977\" src=\"https:\/\/optimate1.com\/wp-content\/uploads\/2021\/11\/PRO-battery-activation-copy-1.png\" alt=\"optimate pro 1 duo has automatic fast battery activation\" width=\"428\" height=\"70\" \/><\/h6>\n<p>&nbsp;<\/p>\n<h6 style=\"text-align: center;\"><strong><span style=\"color: #10069f;\">Le programme FASTcharge assure \u00e9galement le support de la batterie lorsque le moteur tourne.<\/span><\/strong><\/h6>\n<h6 style=\"text-align: center;\"><strong><span style=\"color: #10069f;\"><img loading=\"lazy\" decoding=\"async\" class=\"aligncenter wp-image-20876\" src=\"https:\/\/optimate1.com\/wp-content\/uploads\/2025\/11\/G10-PRO-Battery-Charger-ICON4-V3-copy.png\" alt=\"optimate pro 1 duo has smart recovery mode for deep discharged batteries\" width=\"428\" height=\"70\" \/><\/span><\/strong><\/h6>\n<p>&nbsp;<\/p>\n<h6 style=\"text-align: center;\"><strong><span style=\"color: #10069f;\">Programme DIAGNOSTIC capable de r\u00e9cup\u00e9rer une batterie totalement d\u00e9charg\u00e9e \u00e0 partir de seulement 0,5V, activable manuellement si la batterie est trop faible pour accepter FASTcharge.<\/span><\/strong><\/h6>\n<h6 style=\"text-align: center;\"><strong><span style=\"color: #10069f;\"><img loading=\"lazy\" decoding=\"async\" class=\"aligncenter wp-image-20660\" src=\"https:\/\/optimate1.com\/wp-content\/uploads\/2025\/11\/G10-PRO-Battery-Charger-ICON5-V2.png\" alt=\"optimate pro 1 duo has a pushbutton activated BMS reset for Lithium batteries\" width=\"428\" height=\"100\" \/><\/span><\/strong><\/h6>\n<p>&nbsp;<\/p>\n<h6 style=\"text-align: center;\"><strong><span style=\"color: #10069f;\">Programme DIAGNOSTIC pr\u00e9-s\u00e9lectionnable pour une charge Ampmatic contr\u00f4l\u00e9e des batteries plus petites (moins de 25Ah pour AGM et 9Ah pour LFP) \u2013 le courant de charge est automatiquement ajust\u00e9 selon la capacit\u00e9.<\/span><\/strong><\/h6>\n<h6 style=\"text-align: center;\"><img loading=\"lazy\" decoding=\"async\" class=\"aligncenter wp-image-20910\" src=\"https:\/\/optimate1.com\/wp-content\/uploads\/2025\/11\/G10-PRO-Battery-Charger-ICON6-V2.png\" alt=\"test light indication optimate pro 1 duo\" width=\"428\" height=\"70\" \/><\/h6>\n<p>&nbsp;<\/p>\n<h6 style=\"text-align: center;\"><strong><span style=\"color: #10069f;\">R\u00e9initialisation BMS par bouton-poussoir pour batteries LiFePO4 12.8V \/ 13.2V \/ 16V avec protection basse tension \/ d\u00e9charge profonde r\u00e9armable.<\/span><\/strong><\/h6>\n<h6 style=\"text-align: center;\"><img loading=\"lazy\" decoding=\"async\" class=\"aligncenter wp-image-20977\" src=\"https:\/\/optimate1.com\/wp-content\/uploads\/2021\/11\/BMS-reset-copy-01.png\" alt=\"PowerSupply mode for vehicle tuning\" width=\"428\" height=\"70\" \/><\/h6>\n<p>&nbsp;<\/p>\n<h6 style=\"text-align: center;\"><strong><span style=\"color: #10069f;\">La tension de charge AGM (Pb) est d\u00e9finie pour les batteries AGM haut de gamme n\u00e9cessitant 2,45V par cellule ; 14,7V pour 12V AGM et 19,6V pour une batterie 16V AGM.<\/span><\/strong><\/h6>\n<h6 style=\"text-align: center;\"><img loading=\"lazy\" decoding=\"async\" class=\"aligncenter wp-image-20977\" src=\"https:\/\/optimate1.com\/wp-content\/uploads\/2025\/11\/G10-PRO-Battery-Charger-ICON8-V2-copy.png\" alt=\"PowerSupply mode for vehicle tuning\" width=\"428\" height=\"70\" \/><\/h6>\n<p>&nbsp;<\/p>\n<h6 style=\"text-align: center;\"><strong><span style=\"color: #10069f;\">La tension de charge LFP est d\u00e9finie pour les batteries LiFePO4 n\u00e9cessitant 3,6V par cellule ; 14,4V pour 12.8V\/13.2V (4s) et 18V pour 16V (5s).<\/span><\/strong><\/h6>\n<h6 style=\"text-align: center;\"><img loading=\"lazy\" decoding=\"async\" class=\"aligncenter wp-image-20977\" src=\"https:\/\/optimate1.com\/wp-content\/uploads\/2025\/11\/G10-PRO-Battery-Charger-ICON9-V3.png\" alt=\"PowerSupply mode for vehicle tuning\" width=\"428\" height=\"70\" \/><\/h6>\n<p>&nbsp;<\/p>\n<h6 style=\"text-align: center;\"><strong><span style=\"color: #10069f;\">Connexion \u00e0 la batterie via adaptateur SB-50 (gris &amp; rouge) ou pinces de batterie, chacune prot\u00e9g\u00e9e par un fusible de 25A.<\/span><\/strong><\/h6>\n<h6 style=\"text-align: center;\"><img loading=\"lazy\" decoding=\"async\" class=\"aligncenter wp-image-20977\" src=\"https:\/\/optimate1.com\/wp-content\/uploads\/2025\/11\/G10-PRO-Battery-Charger-ICON10-V2.png\" alt=\"PowerSupply mode for vehicle tuning\" width=\"428\" height=\"70\" \/><\/h6>\n<p>&nbsp;<\/p>\n<h4 style=\"text-align: center;\"><strong><span style=\"text-decoration: underline;\">PLUS DE FONCTIONNALIT\u00c9S :<\/span><\/strong><\/h4>\n<p style=\"text-align: center;\">\n<table id=\"tablepress-695\" class=\"tablepress tablepress-id-695\">\n<tbody class=\"row-hover\">\n<tr class=\"row-1\">\n\t<td class=\"column-1\"><a href=\"\"><img loading=\"lazy\" decoding=\"async\" src=\"https:\/\/optimate1.com\/wp-content\/uploads\/2023\/11\/50-60hz.png\" alt=\"\" width=\"300\" height=\"50\" class=\"aligncenter size-medium wp-image-20928\" \/><\/a><body><h6><center>Entr\u00e9e globale \u2013 100 \u00e0 240V, 50-60Hz.<\/center><\/h6><\/body><\/td>\n<\/tr>\n<tr class=\"row-2\">\n\t<td class=\"column-1\"><a href=\"\"><img loading=\"lazy\" decoding=\"async\" src=\"https:\/\/optimate1.com\/wp-content\/uploads\/2021\/11\/AC-power-socket-copy-01.png\" alt=\"\" width=\"300\" height=\"50\" class=\"aligncenter size-medium wp-image-20995\" \/><\/a><body><h6><center>Prise d\u2019alimentation AC pour c\u00e2bles d\u2019alimentation Classe 2.<\/center><\/h6><\/body><\/td>\n<\/tr>\n<tr class=\"row-3\">\n\t<td class=\"column-1\"><a href=\"\"><img loading=\"lazy\" decoding=\"async\" src=\"https:\/\/optimate1.com\/wp-content\/uploads\/2021\/11\/CE-certification-x-01-2.png\" alt=\"\" width=\"300\" height=\"50\" class=\"aligncenter size-medium wp-image-20982\" \/><\/a><body><h6><center>Certifications \u2013 CE, UKCA, NRTL (UL &amp; CSA), PSE (Japon), SAA (Australie &amp; Nouvelle-Z\u00e9lande), garantissant s\u00e9curit\u00e9, performance et fiabilit\u00e9 du produit \u00e0 l\u2019\u00e9chelle mondiale.<\/center><\/h6><\/body><\/td>\n<\/tr>\n<tr class=\"row-4\">\n\t<td class=\"column-1\"><a href=\"\"><img loading=\"lazy\" decoding=\"async\" src=\"https:\/\/optimate1.com\/wp-content\/uploads\/2021\/11\/PRO-hooks-copy-2-x-01.png\" alt=\"\" width=\"300\" height=\"50\" class=\"aligncenter size-medium wp-image-20993\" \/><\/a><body><h6><center>Utilisation portable \u2013 crochet de suspension pour v\u00e9hicule et support mural inclus.<\/center><\/h6><\/body><\/td>\n<\/tr>\n<\/tbody>\n<\/table>\n<!-- #tablepress-695 from cache --><\/p>\n","protected":false},"excerpt":{"rendered":"<h3><span style=\"color: #231f20;\">S\u00e9rie PRO : chargeur de batterie 12V 10A \/ 16V 8A pour batteries AGM haute performance \/ racing et batteries Lithium LFP<\/span><\/h3>\n","protected":false},"featured_media":40733,"template":"","meta":[],"product_brand":[],"product_cat":[394],"product_tag":[],"class_list":{"0":"post-40684","1":"product","2":"type-product","3":"status-publish","4":"has-post-thumbnail","6":"product_cat-battery-chargers-fr","7":"pa_charge-battery-chemistry-pb-agm-gel-std-lead-acid-fr","8":"pa_charge-battery-more-12v-fr","9":"pa_charge-battery-more-moto-vehicule-tout-terrain","10":"pa_charge-battery-more-utv-sxs-cruiser-fr","11":"pa_power-ac-100-240vac-fr","12":"pa_product-group-optimate-7-fr","13":"pa_region-ca-fr","14":"pa_region-eu-fr-2","15":"pa_region-uk-fr-2","16":"pa_region-us-fr-2","17":"iside_voltage-12-fr","18":"iside_voltage-16-fr","19":"iside_ampere-9-9-fr","20":"iside_vehicle-voiture-haute-performance-voiture-de-course-fr","21":"iside_charger_series-pro-professional-fr","22":"iside_charger_features-ajuster-la-tension-a-la-temperature-pour-le-plomb","23":"iside_charger_features-ajuster-le-courant-a-la-temperature-pour-lfp","24":"iside_charger_features-chargez-les-batteries-de-course-agm-lfp","25":"iside_charger_features-maintenance-de-batterie-securisee-24-7","26":"iside_charger_features-maintenance-duo-24h-7-pour-pb-et-lfp","27":"iside_charger_features-save-sulphated-pb-lead-acid-fr","28":"iside_charger_features-save-low-volt-reset-bms-lithium-lfp-fr","29":"iside_charger_features-reinitialisation-du-bms-pour-batterie-lfp","30":"iside_charger_type-single-fr","31":"iside_battery_voltage-12-8v-13-2v","32":"iside_battery_voltage-12v-fr","33":"iside_battery_voltage-16v-fr","34":"iside_battery_chemistry-lfp-lifepo4-lithium-ion-fr","35":"iside_battery_chemistry-pb-lead-acid-fr","36":"battery_charger_current-7-10a-fr","37":"battery_charger_current-ampmatic-1-to-10a-fr","38":"thunk-woo-product-list","39":"opn-qv-enable","40":"big-store-woo-hover-","41":"open-single-product-tab-horizontal","42":"open-shadow-","43":"open-shadow-hover-","45":"first","46":"instock","47":"shipping-taxable","48":"purchasable","49":"product-type-simple"},"yoast_head":"<!-- This site is optimized with the Yoast SEO plugin v27.2 - https:\/\/yoast.com\/product\/yoast-seo-wordpress\/ -->\n<title>OptiMate G10 12V\/16V - OptiMate<\/title>\n<meta name=\"description\" content=\"OptiMate G10 12V\/16V est le chargeur de batterie \u2018racing\u2019 le plus avanc\u00e9 pour batteries AGM 12V &amp; 16V au plomb et batteries Lithium-ion LFP 12.8V\/13.2V &amp; 16V. En savoir plus.\" \/>\n<meta name=\"robots\" content=\"index, follow, max-snippet:-1, max-image-preview:large, max-video-preview:-1, noarchive\" \/>\n<link rel=\"canonical\" href=\"https:\/\/optimate1.com\/product\/tm651\/\" \/>\n<meta property=\"og:locale\" content=\"fr_FR\" \/>\n<meta property=\"og:type\" content=\"article\" \/>\n<meta property=\"og:title\" content=\"OptiMate G10 12V\/16V - OptiMate\" \/>\n<meta property=\"og:description\" content=\"OptiMate G10 12V\/16V est le chargeur de batterie \u2018racing\u2019 le plus avanc\u00e9 pour batteries AGM 12V &amp; 16V au plomb et batteries Lithium-ion LFP 12.8V\/13.2V &amp; 16V. En savoir plus.\" \/>\n<meta property=\"og:url\" content=\"https:\/\/optimate1.com\/product\/tm651\/\" \/>\n<meta property=\"og:site_name\" content=\"OptiMate\" \/>\n<meta property=\"article:publisher\" content=\"https:\/\/www.facebook.com\/OptiMatebatterysavingcharger\/\" \/>\n<meta property=\"article:modified_time\" content=\"2025-12-09T09:16:21+00:00\" \/>\n<meta property=\"og:image\" content=\"https:\/\/optimate1.com\/wp-content\/uploads\/2025\/12\/OptiMate-PRO-1-TM651-12-copy-1024x1024.png\" \/>\n\t<meta property=\"og:image:width\" content=\"1024\" \/>\n\t<meta property=\"og:image:height\" content=\"1024\" \/>\n\t<meta property=\"og:image:type\" content=\"image\/png\" \/>\n<meta name=\"twitter:card\" content=\"summary_large_image\" \/>\n<meta name=\"twitter:label1\" content=\"Dur\u00e9e de lecture estim\u00e9e\" \/>\n\t<meta name=\"twitter:data1\" content=\"4 minutes\" \/>\n<script type=\"application\/ld+json\" class=\"yoast-schema-graph\">{\"@context\":\"https:\/\/schema.org\",\"@graph\":[{\"@type\":\"WebPage\",\"@id\":\"https:\/\/optimate1.com\/product\/tm651\/\",\"url\":\"https:\/\/optimate1.com\/product\/tm651\/\",\"name\":\"OptiMate G10 12V\/16V - OptiMate\",\"isPartOf\":{\"@id\":\"https:\/\/optimate1.com\/#website\"},\"primaryImageOfPage\":{\"@id\":\"https:\/\/optimate1.com\/product\/tm651\/#primaryimage\"},\"image\":{\"@id\":\"https:\/\/optimate1.com\/product\/tm651\/#primaryimage\"},\"thumbnailUrl\":\"https:\/\/optimate1.com\/wp-content\/uploads\/2025\/12\/OptiMate-PRO-1-TM651-12-copy.png\",\"datePublished\":\"2025-11-04T13:06:42+00:00\",\"dateModified\":\"2025-12-09T09:16:21+00:00\",\"description\":\"OptiMate G10 12V\/16V est le chargeur de batterie \u2018racing\u2019 le plus avanc\u00e9 pour batteries AGM 12V & 16V au plomb et batteries Lithium-ion LFP 12.8V\/13.2V & 16V. En savoir plus.\",\"breadcrumb\":{\"@id\":\"https:\/\/optimate1.com\/product\/tm651\/#breadcrumb\"},\"inLanguage\":\"fr-FR\",\"potentialAction\":[{\"@type\":\"ReadAction\",\"target\":[\"https:\/\/optimate1.com\/product\/tm651\/\"]}]},{\"@type\":\"ImageObject\",\"inLanguage\":\"fr-FR\",\"@id\":\"https:\/\/optimate1.com\/product\/tm651\/#primaryimage\",\"url\":\"https:\/\/optimate1.com\/wp-content\/uploads\/2025\/12\/OptiMate-PRO-1-TM651-12-copy.png\",\"contentUrl\":\"https:\/\/optimate1.com\/wp-content\/uploads\/2025\/12\/OptiMate-PRO-1-TM651-12-copy.png\",\"width\":1500,\"height\":1500},{\"@type\":\"BreadcrumbList\",\"@id\":\"https:\/\/optimate1.com\/product\/tm651\/#breadcrumb\",\"itemListElement\":[{\"@type\":\"ListItem\",\"position\":1,\"name\":\"Home\",\"item\":\"https:\/\/optimate1.com\/\"},{\"@type\":\"ListItem\",\"position\":2,\"name\":\"Produits\",\"item\":\"https:\/\/optimate1.com\/shop\/\"},{\"@type\":\"ListItem\",\"position\":3,\"name\":\"OptiMate G10 12V\/16V\"}]},{\"@type\":\"WebSite\",\"@id\":\"https:\/\/optimate1.com\/#website\",\"url\":\"https:\/\/optimate1.com\/\",\"name\":\"OptiMate\",\"description\":\"Battery Chargers &amp; Accessories\",\"publisher\":{\"@id\":\"https:\/\/optimate1.com\/#organization\"},\"potentialAction\":[{\"@type\":\"SearchAction\",\"target\":{\"@type\":\"EntryPoint\",\"urlTemplate\":\"https:\/\/optimate1.com\/?s={search_term_string}\"},\"query-input\":{\"@type\":\"PropertyValueSpecification\",\"valueRequired\":true,\"valueName\":\"search_term_string\"}}],\"inLanguage\":\"fr-FR\"},{\"@type\":\"Organization\",\"@id\":\"https:\/\/optimate1.com\/#organization\",\"name\":\"OptiMate\",\"url\":\"https:\/\/optimate1.com\/\",\"logo\":{\"@type\":\"ImageObject\",\"inLanguage\":\"fr-FR\",\"@id\":\"https:\/\/optimate1.com\/#\/schema\/logo\/image\/\",\"url\":\"https:\/\/optimate1.com\/wp-content\/uploads\/2021\/06\/optimate-hpbc-stacklogo.jpg\",\"contentUrl\":\"https:\/\/optimate1.com\/wp-content\/uploads\/2021\/06\/optimate-hpbc-stacklogo.jpg\",\"width\":1025,\"height\":529,\"caption\":\"OptiMate\"},\"image\":{\"@id\":\"https:\/\/optimate1.com\/#\/schema\/logo\/image\/\"},\"sameAs\":[\"https:\/\/www.facebook.com\/OptiMatebatterysavingcharger\/\"]}]}<\/script>\n<!-- \/ Yoast SEO plugin. -->","yoast_head_json":{"title":"OptiMate G10 12V\/16V - OptiMate","description":"OptiMate G10 12V\/16V est le chargeur de batterie \u2018racing\u2019 le plus avanc\u00e9 pour batteries AGM 12V & 16V au plomb et batteries Lithium-ion LFP 12.8V\/13.2V & 16V. En savoir plus.","robots":{"index":"index","follow":"follow","max-snippet":"max-snippet:-1","max-image-preview":"max-image-preview:large","max-video-preview":"max-video-preview:-1","archive":"noarchive"},"canonical":"https:\/\/optimate1.com\/product\/tm651\/","og_locale":"fr_FR","og_type":"article","og_title":"OptiMate G10 12V\/16V - OptiMate","og_description":"OptiMate G10 12V\/16V est le chargeur de batterie \u2018racing\u2019 le plus avanc\u00e9 pour batteries AGM 12V & 16V au plomb et batteries Lithium-ion LFP 12.8V\/13.2V & 16V. En savoir plus.","og_url":"https:\/\/optimate1.com\/product\/tm651\/","og_site_name":"OptiMate","article_publisher":"https:\/\/www.facebook.com\/OptiMatebatterysavingcharger\/","article_modified_time":"2025-12-09T09:16:21+00:00","og_image":[{"width":1024,"height":1024,"url":"https:\/\/optimate1.com\/wp-content\/uploads\/2025\/12\/OptiMate-PRO-1-TM651-12-copy-1024x1024.png","type":"image\/png"}],"twitter_card":"summary_large_image","twitter_misc":{"Dur\u00e9e de lecture estim\u00e9e":"4 minutes"},"schema":{"@context":"https:\/\/schema.org","@graph":[{"@type":"WebPage","@id":"https:\/\/optimate1.com\/product\/tm651\/","url":"https:\/\/optimate1.com\/product\/tm651\/","name":"OptiMate G10 12V\/16V - OptiMate","isPartOf":{"@id":"https:\/\/optimate1.com\/#website"},"primaryImageOfPage":{"@id":"https:\/\/optimate1.com\/product\/tm651\/#primaryimage"},"image":{"@id":"https:\/\/optimate1.com\/product\/tm651\/#primaryimage"},"thumbnailUrl":"https:\/\/optimate1.com\/wp-content\/uploads\/2025\/12\/OptiMate-PRO-1-TM651-12-copy.png","datePublished":"2025-11-04T13:06:42+00:00","dateModified":"2025-12-09T09:16:21+00:00","description":"OptiMate G10 12V\/16V est le chargeur de batterie \u2018racing\u2019 le plus avanc\u00e9 pour batteries AGM 12V & 16V au plomb et batteries Lithium-ion LFP 12.8V\/13.2V & 16V. En savoir plus.","breadcrumb":{"@id":"https:\/\/optimate1.com\/product\/tm651\/#breadcrumb"},"inLanguage":"fr-FR","potentialAction":[{"@type":"ReadAction","target":["https:\/\/optimate1.com\/product\/tm651\/"]}]},{"@type":"ImageObject","inLanguage":"fr-FR","@id":"https:\/\/optimate1.com\/product\/tm651\/#primaryimage","url":"https:\/\/optimate1.com\/wp-content\/uploads\/2025\/12\/OptiMate-PRO-1-TM651-12-copy.png","contentUrl":"https:\/\/optimate1.com\/wp-content\/uploads\/2025\/12\/OptiMate-PRO-1-TM651-12-copy.png","width":1500,"height":1500},{"@type":"BreadcrumbList","@id":"https:\/\/optimate1.com\/product\/tm651\/#breadcrumb","itemListElement":[{"@type":"ListItem","position":1,"name":"Home","item":"https:\/\/optimate1.com\/"},{"@type":"ListItem","position":2,"name":"Produits","item":"https:\/\/optimate1.com\/shop\/"},{"@type":"ListItem","position":3,"name":"OptiMate G10 12V\/16V"}]},{"@type":"WebSite","@id":"https:\/\/optimate1.com\/#website","url":"https:\/\/optimate1.com\/","name":"OptiMate","description":"Battery Chargers &amp; Accessories","publisher":{"@id":"https:\/\/optimate1.com\/#organization"},"potentialAction":[{"@type":"SearchAction","target":{"@type":"EntryPoint","urlTemplate":"https:\/\/optimate1.com\/?s={search_term_string}"},"query-input":{"@type":"PropertyValueSpecification","valueRequired":true,"valueName":"search_term_string"}}],"inLanguage":"fr-FR"},{"@type":"Organization","@id":"https:\/\/optimate1.com\/#organization","name":"OptiMate","url":"https:\/\/optimate1.com\/","logo":{"@type":"ImageObject","inLanguage":"fr-FR","@id":"https:\/\/optimate1.com\/#\/schema\/logo\/image\/","url":"https:\/\/optimate1.com\/wp-content\/uploads\/2021\/06\/optimate-hpbc-stacklogo.jpg","contentUrl":"https:\/\/optimate1.com\/wp-content\/uploads\/2021\/06\/optimate-hpbc-stacklogo.jpg","width":1025,"height":529,"caption":"OptiMate"},"image":{"@id":"https:\/\/optimate1.com\/#\/schema\/logo\/image\/"},"sameAs":["https:\/\/www.facebook.com\/OptiMatebatterysavingcharger\/"]}]}},"_links":{"self":[{"href":"https:\/\/optimate1.com\/fr\/wp-json\/wp\/v2\/product\/40684","targetHints":{"allow":["GET"]}}],"collection":[{"href":"https:\/\/optimate1.com\/fr\/wp-json\/wp\/v2\/product"}],"about":[{"href":"https:\/\/optimate1.com\/fr\/wp-json\/wp\/v2\/types\/product"}],"wp:featuredmedia":[{"embeddable":true,"href":"https:\/\/optimate1.com\/fr\/wp-json\/wp\/v2\/media\/40733"}],"wp:attachment":[{"href":"https:\/\/optimate1.com\/fr\/wp-json\/wp\/v2\/media?parent=40684"}],"wp:term":[{"taxonomy":"product_brand","embeddable":true,"href":"https:\/\/optimate1.com\/fr\/wp-json\/wp\/v2\/product_brand?post=40684"},{"taxonomy":"product_cat","embeddable":true,"href":"https:\/\/optimate1.com\/fr\/wp-json\/wp\/v2\/product_cat?post=40684"},{"taxonomy":"product_tag","embeddable":true,"href":"https:\/\/optimate1.com\/fr\/wp-json\/wp\/v2\/product_tag?post=40684"}],"curies":[{"name":"wp","href":"https:\/\/api.w.org\/{rel}","templated":true}]}}