{"id":40924,"date":"2025-11-25T04:26:17","date_gmt":"2025-11-25T09:26:17","guid":{"rendered":"https:\/\/optimate1.com\/product\/optimate-6-select-v2\/"},"modified":"2025-12-23T03:50:17","modified_gmt":"2025-12-23T08:50:17","slug":"optimate-6-select-v2","status":"publish","type":"product","link":"https:\/\/optimate1.com\/fr\/produit\/optimate-6-select-v2\/","title":{"rendered":"OptiMate 6 Select (v2)"},"content":{"rendered":"<h6 style=\"text-align: center;\"><strong><span style=\"color: #10069f;\">OptiMate 6 Select (version 2) est le chargeur de batterie 12V ultime, capable de r\u00e9cup\u00e9rer, charger, tester et maintenir tout type de batterie 12V <\/span><\/strong><strong>\u2013 <\/strong><span style=\"color: #10069f;\"><i>Pb (plomb-acide), AGM et lithium LFP.<\/i><\/span><\/h6>\n<h6 style=\"text-align: center;\"><strong><span style=\"color: #10069f;\"><img loading=\"lazy\" decoding=\"async\" class=\"aligncenter wp-image-20665\" src=\"https:\/\/optimate1.com\/wp-content\/uploads\/2020\/12\/vehicles_TM250-01.png\" alt=\"Le chargeur de batterie OptiMate 6 est recommand\u00e9 pour les batteries de voitures de sport, v\u00e9hicules 4x4, tracteurs, camping-cars, applications maritimes et motos.\" width=\"428\" height=\"70\" \/><\/span><\/strong><\/h6>\n<p>&nbsp;<\/p>\n<h6 style=\"text-align: center;\"><strong><span style=\"color: #10069f;\">Trois modes de batterie garantissent que toute batterie de d\u00e9marrage ou auxiliaire de v\u00e9hicule re\u00e7oit la tension et la m\u00e9thode de charge correctes :<\/span><\/strong><\/h6>\n<h6 style=\"text-align: center;\"><strong><span style=\"color: #10069f;\">Pb : 14.4V pour batteries plomb-acide STD (liquide \/ EFB \/ GEL),<br \/>\nAGM : 14.7V pour batteries AGM premium<br \/>\nLFP : 14.3V pour batteries lithium \u00e0 base de LiFePO4<\/span><\/strong><\/h6>\n<h6 style=\"text-align: center;\"><span style=\"color: #10069f;\"><i>La s\u00e9lection du mode reste en m\u00e9moire m\u00eame en cas de coupure de l\u2019alimentation secteur.<\/i><\/span><\/h6>\n<h6 style=\"text-align: center;\"><img loading=\"lazy\" decoding=\"async\" class=\"aligncenter wp-image-20910\" src=\"https:\/\/optimate1.com\/wp-content\/uploads\/2025\/11\/TM370-v2-selections-copy.png\" alt=\"Avec le chargeur de batterie OptiMate 6, vous pouvez s\u00e9lectionner une tension de charge de 14.4V pour la plupart des batteries ou de 14.7V pour les batteries AGM premium, ou s\u00e9lectionner le mode d\u2019alimentation Power Supply.\" width=\"428\" height=\"70\" \/><\/h6>\n<p>&nbsp;<\/p>\n<h6 style=\"text-align: center;\"><strong><span style=\"color: #10069f;\">Le mode service fournit un support batterie constant, id\u00e9al pour le r\u00e9glage du v\u00e9hicule, le diagnostic et le d\u00e9pannage, ou pour une utilisation en showroom.<\/span><\/strong><\/h6>\n<h6 style=\"text-align: center;\"><img loading=\"lazy\" decoding=\"async\" class=\"aligncenter wp-image-20977\" src=\"https:\/\/optimate1.com\/wp-content\/uploads\/2020\/12\/TUNE-power-supplyx2-300x49.png\" alt=\"Le mode alimentation de l\u2019OptiMate 6 Select fournit une puissance constante pour le r\u00e9glage du v\u00e9hicule, le diagnostic et le d\u00e9pannage.\" width=\"428\" height=\"70\" srcset=\"https:\/\/optimate1.com\/wp-content\/uploads\/2020\/12\/TUNE-power-supplyx2-300x49.png 300w, https:\/\/optimate1.com\/wp-content\/uploads\/2020\/12\/TUNE-power-supplyx2-600x98.png 600w, https:\/\/optimate1.com\/wp-content\/uploads\/2020\/12\/TUNE-power-supplyx2-64x10.png 64w, https:\/\/optimate1.com\/wp-content\/uploads\/2020\/12\/TUNE-power-supplyx2-768x126.png 768w, https:\/\/optimate1.com\/wp-content\/uploads\/2020\/12\/TUNE-power-supplyx2.png 856w\" sizes=\"auto, (max-width: 428px) 100vw, 428px\" \/><\/h6>\n<p>&nbsp;<\/p>\n<h6 style=\"text-align: center;\"><strong><span style=\"color: #10069f;\">Une fois connect\u00e9, le programme automatique \u00e0 plusieurs \u00e9tapes am\u00e8ne la batterie en toute s\u00e9curit\u00e9 \u00e0 une charge compl\u00e8te. <\/span><\/strong><i><span style=\"color: #10069f;\">Connectez la batterie et OptiMate 6 Select s\u2019occupe du reste, sans aucune surveillance requise.<\/span><\/i><\/h6>\n<h6 style=\"text-align: center;\"><img loading=\"lazy\" decoding=\"async\" class=\"aligncenter wp-image-20876\" src=\"https:\/\/optimate1.com\/wp-content\/uploads\/2020\/12\/connect-save-charge-optimize-maintain-200.png\" alt=\"Le programme automatique \u00e0 plusieurs \u00e9tapes pour charger la batterie en toute s\u00e9curit\u00e9.\" width=\"428\" height=\"70\" \/><\/h6>\n<p>&nbsp;<\/p>\n<h6 style=\"text-align: center;\"><strong><span style=\"color: #10069f;\">Le mode OptiMate SAVE, sp\u00e9cifique au mode et au type de batterie, r\u00e9cup\u00e8re automatiquement et en toute s\u00e9curit\u00e9* une batterie compl\u00e8tement d\u00e9charg\u00e9e \u00e0 partir de tensions aussi basses que 0.5 volt.<\/span><\/strong><\/h6>\n<h6 style=\"text-align: center;\"><i><span style=\"color: #10069f;\">*Pb &amp; AGM : applique un mode de r\u00e9cup\u00e9ration s\u00fbr pour le v\u00e9hicule si la batterie est d\u00e9tect\u00e9e dans le v\u00e9hicule.<br \/>\n*LFP : teste la batterie pour s\u2019assurer que les cellules r\u00e9cup\u00e8rent normalement. Dans le cas contraire, la charge est interrompue afin d\u2019\u00e9viter la surchauffe d\u2019une batterie endommag\u00e9e.<\/span><\/i><\/h6>\n<h6 style=\"text-align: center;\"><img loading=\"lazy\" decoding=\"async\" class=\"aligncenter wp-image-20977\" src=\"https:\/\/optimate1.com\/wp-content\/uploads\/2025\/11\/Safely-save-pb-and-lfp-copy-1.png\" alt=\"Le mode alimentation de l\u2019OptiMate 6 Select fournit une puissance constante pour le r\u00e9glage du v\u00e9hicule, le diagnostic et le d\u00e9pannage.\" width=\"528\" height=\"70\" \/><\/h6>\n<p>&nbsp;<\/p>\n<h6 style=\"text-align: center;\"><strong><span style=\"color: #10069f;\">Les batteries lithium \u00e9quip\u00e9es d\u2019une protection intelligente contre la d\u00e9charge, qui coupe la batterie lorsque la tension est trop basse, peuvent \u00eatre r\u00e9initialis\u00e9es manuellement. <\/span><\/strong><i><span style=\"color: #10069f;\">Avec LFP s\u00e9lectionn\u00e9, maintenez le bouton-poussoir enfonc\u00e9 pendant 3 secondes pour activer le mode de r\u00e9initialisation BMS.<\/span><\/i><\/h6>\n<h6 style=\"text-align: center;\"><img loading=\"lazy\" decoding=\"async\" class=\"aligncenter wp-image-20910\" src=\"https:\/\/optimate1.com\/wp-content\/uploads\/2021\/11\/BMS-reset-01.png\" alt=\"syst\u00e8me de gestion de batterie bms du chargeur de batterie lithium optimate\" width=\"428\" height=\"70\" \/><\/h6>\n<p>&nbsp;<\/p>\n<h6 style=\"text-align: center;\"><strong><span style=\"color: #10069f;\">Le test de batterie pendant la charge d\u00e9tecte une batterie endommag\u00e9e et indique, apr\u00e8s la charge, la capacit\u00e9 de la batterie \u00e0 conserver sa charge.<\/span><\/strong><\/h6>\n<h6 style=\"text-align: center;\"><img loading=\"lazy\" decoding=\"async\" class=\"aligncenter wp-image-20977\" src=\"https:\/\/optimate1.com\/wp-content\/uploads\/2025\/11\/TEST-lights-TM370-v2-copy.png\" alt=\"Le mode alimentation de l\u2019OptiMate 6 Select fournit une puissance constante pour le r\u00e9glage du v\u00e9hicule, le diagnostic et le d\u00e9pannage.\" width=\"528\" height=\"70\" \/><\/h6>\n<p>&nbsp;<\/p>\n<p>&nbsp;<\/p>\n<h4 style=\"text-align: center;\"><strong><span style=\"text-decoration: underline;\">AUTRES FONCTIONS :<\/span><\/strong><\/h4>\n<p style=\"text-align: center;\">\n<table id=\"tablepress-703\" class=\"tablepress tablepress-id-703\">\n<tbody class=\"row-hover\">\n<tr class=\"row-1\">\n\t<td class=\"column-1\"><a href=\"\"><img loading=\"lazy\" decoding=\"async\" src=\"https:\/\/optimate1.com\/wp-content\/uploads\/2023\/09\/2DUO-batteries-copy-3.png\" alt=\"\" width=\"300\" height=\"50\" class=\"aligncenter size-medium wp-image-20927\" \/><\/a><body><h6><center>Pour batteries de d\u00e9marrage automobiles 12V au plomb (Pb) (SLI), y compris STD (avec bouchons de remplissage), AGM, GEL (VRLA \u00e9tanche) &amp; EFB, ainsi que batteries lithium LFP (LiFePO4) 12.8V\/13.2V \u00e0 4 cellules.<\/body><\/h6><\/center><br \/>\n<\/td>\n<\/tr>\n<tr class=\"row-2\">\n\t<td class=\"column-1\"><a href=\"\"><img loading=\"lazy\" decoding=\"async\" src=\"https:\/\/optimate1.com\/wp-content\/uploads\/2020\/12\/Ampmatic-SFL200.png\" alt=\"\" width=\"300\" height=\"50\" class=\"aligncenter size-medium wp-image-20927\" \/><\/a><body><h6><center>Ajuste automatiquement le courant en fonction de la capacit\u00e9 et de l\u2019\u00e9tat de la batterie.<\/body><\/h6><\/center><br \/>\n<\/td>\n<\/tr>\n<tr class=\"row-3\">\n\t<td class=\"column-1\"><a href=\"\"><img loading=\"lazy\" decoding=\"async\" src=\"https:\/\/optimate1.com\/wp-content\/uploads\/2020\/12\/Ambient-SFL200-1.png\" alt=\"\" width=\"300\" height=\"50\" class=\"aligncenter size-medium wp-image-20928\" \/><\/a><body><h6><center>Compensation de temp\u00e9rature : la tension est augment\u00e9e \u00e0 basse temp\u00e9rature et r\u00e9duite \u00e0 haute temp\u00e9rature. LFP : le courant est r\u00e9duit si la temp\u00e9rature est en dehors de la plage de charge s\u00fbre.<\/body><\/h6><\/center><br \/>\n<\/td>\n<\/tr>\n<tr class=\"row-4\">\n\t<td class=\"column-1\"><a href=\"\"><img loading=\"lazy\" decoding=\"async\" src=\"https:\/\/optimate1.com\/wp-content\/uploads\/2025\/11\/SAFE-connect.png\" alt=\"\" width=\"300\" height=\"50\" class=\"aligncenter size-medium wp-image-20995\" \/><\/a><body><h6><center>Peut rester connect\u00e9 en toute s\u00e9curit\u00e9. Protection \u00e9lectronique compl\u00e8te.<\/body><\/h6><\/center><br \/>\n<\/td>\n<\/tr>\n<tr class=\"row-5\">\n\t<td class=\"column-1\"><a href=\"\"><img loading=\"lazy\" decoding=\"async\" src=\"https:\/\/optimate1.com\/wp-content\/uploads\/2020\/12\/24-7-x2-300x49.png\" alt=\"\" width=\"300\" height=\"50\" class=\"aligncenter size-medium wp-image-20982\" srcset=\"https:\/\/optimate1.com\/wp-content\/uploads\/2020\/12\/24-7-x2-300x49.png 300w, https:\/\/optimate1.com\/wp-content\/uploads\/2020\/12\/24-7-x2-600x98.png 600w, https:\/\/optimate1.com\/wp-content\/uploads\/2020\/12\/24-7-x2-64x10.png 64w, https:\/\/optimate1.com\/wp-content\/uploads\/2020\/12\/24-7-x2-768x126.png 768w, https:\/\/optimate1.com\/wp-content\/uploads\/2020\/12\/24-7-x2.png 856w\" sizes=\"auto, (max-width: 300px) 100vw, 300px\" \/><\/a><body><h6><center>Connecter et oublier, aucune surveillance requise ! Maintient la batterie au niveau de charge correct et en bonne sant\u00e9.<\/center><\/h6><\/body><br \/>\n<\/td>\n<\/tr>\n<tr class=\"row-6\">\n\t<td class=\"column-1\"><a href=\"\"><img loading=\"lazy\" decoding=\"async\" src=\"https:\/\/optimate1.com\/wp-content\/uploads\/2020\/12\/SAVE-dead-battery-x2-300x49.png\" alt=\"\" width=\"300\" height=\"50\" class=\"aligncenter size-medium wp-image-20993\" srcset=\"https:\/\/optimate1.com\/wp-content\/uploads\/2020\/12\/SAVE-dead-battery-x2-300x49.png 300w, https:\/\/optimate1.com\/wp-content\/uploads\/2020\/12\/SAVE-dead-battery-x2-64x10.png 64w, https:\/\/optimate1.com\/wp-content\/uploads\/2020\/12\/SAVE-dead-battery-x2.png 428w\" sizes=\"auto, (max-width: 300px) 100vw, 300px\" \/><\/a><body><h6><center>Sauve votre batterie \u00ab morte \u00bb \u00e0 partir de tensions aussi basses que 0.5V.<\/body><\/h6><\/center><br \/>\n<\/td>\n<\/tr>\n<tr class=\"row-7\">\n\t<td class=\"column-1\"><a href=\"\"><img loading=\"lazy\" decoding=\"async\" src=\"https:\/\/optimate1.com\/wp-content\/uploads\/2020\/12\/state-of-health-test-3-LEDx2-300x49.png\" alt=\"\" width=\"300\" height=\"50\" class=\"aligncenter size-medium wp-image-20985\" srcset=\"https:\/\/optimate1.com\/wp-content\/uploads\/2020\/12\/state-of-health-test-3-LEDx2-300x49.png 300w, https:\/\/optimate1.com\/wp-content\/uploads\/2020\/12\/state-of-health-test-3-LEDx2-600x98.png 600w, https:\/\/optimate1.com\/wp-content\/uploads\/2020\/12\/state-of-health-test-3-LEDx2-64x10.png 64w, https:\/\/optimate1.com\/wp-content\/uploads\/2020\/12\/state-of-health-test-3-LEDx2-768x126.png 768w, https:\/\/optimate1.com\/wp-content\/uploads\/2020\/12\/state-of-health-test-3-LEDx2.png 856w\" sizes=\"auto, (max-width: 300px) 100vw, 300px\" \/><\/a><body><h6><center>Teste l\u2019\u00e9tat de sant\u00e9 de la batterie.<\/body><\/h6><\/center><br \/>\n<\/td>\n<\/tr>\n<tr class=\"row-8\">\n\t<td class=\"column-1\"><a href=\"\"><img loading=\"lazy\" decoding=\"async\" src=\"https:\/\/optimate1.com\/wp-content\/uploads\/2020\/12\/green-technology-hx2-1-300x49.png\" alt=\"\" width=\"300\" height=\"50\" class=\"aligncenter size-medium wp-image-20983\" \/><\/a><body><h6><center>50 % moins d\u2019\u00e9nergie, 50 % de co\u00fbts en moins.<br \/>\n<strong>\u221a<\/strong> Power Factor Correction<br \/>\n<strong>\u221a<\/strong> Redressement synchrone<\/body><\/h6><\/center><br \/>\n<\/td>\n<\/tr>\n<tr class=\"row-9\">\n\t<td class=\"column-1\"><a href=\"\"><img loading=\"lazy\" decoding=\"async\" src=\"https:\/\/optimate1.com\/wp-content\/uploads\/2020\/12\/weatherproof-x2-300x49.png\" alt=\"\" width=\"300\" height=\"50\" class=\"aligncenter size-medium wp-image-21012\" srcset=\"https:\/\/optimate1.com\/wp-content\/uploads\/2020\/12\/weatherproof-x2-300x49.png 300w, https:\/\/optimate1.com\/wp-content\/uploads\/2020\/12\/weatherproof-x2-600x98.png 600w, https:\/\/optimate1.com\/wp-content\/uploads\/2020\/12\/weatherproof-x2-64x10.png 64w, https:\/\/optimate1.com\/wp-content\/uploads\/2020\/12\/weatherproof-x2-768x126.png 768w, https:\/\/optimate1.com\/wp-content\/uploads\/2020\/12\/weatherproof-x2.png 856w\" sizes=\"auto, (max-width: 300px) 100vw, 300px\" \/><\/a><body><h6><center>R\u00e9sistant aux intemp\u00e9ries. Con\u00e7u pour une utilisation jusqu\u2019\u00e0 -40\u00b0C \/ -40\u00b0F.<\/body><\/h6><\/center><br \/>\n<\/td>\n<\/tr>\n<\/tbody>\n<\/table>\n<!-- #tablepress-703 from cache --><\/p>\n","protected":false},"excerpt":{"rendered":"<h3><span style=\"color: #947c4e;\">S\u00e9rie GOLD : chargeur et mainteneur de batterie \u00e9tanche 12V 6A \u00e0 9 \u00e9tapes avec fonction de r\u00e9cup\u00e9ration<\/span><\/h3>\n","protected":false},"featured_media":40746,"template":"","meta":[],"product_brand":[],"product_cat":[394],"product_tag":[],"class_list":{"0":"post-40924","1":"product","2":"type-product","3":"status-publish","4":"has-post-thumbnail","6":"product_cat-battery-chargers-fr","7":"pa_charge-battery-chemistry-li-lifepo4-lfp-lithium-fr","8":"pa_charge-battery-chemistry-pb-agm-gel-std-lead-acid-fr","9":"pa_charge-battery-more-12v-fr","10":"pa_charge-battery-more-4x4-aventure","11":"pa_charge-battery-more-avion-petit","12":"pa_charge-battery-more-bateau-motomarine","13":"pa_charge-battery-more-motorhome-caravane","14":"pa_charge-battery-more-optima-odyssey-fr-2","15":"pa_charge-battery-more-oldtimer","16":"pa_charge-battery-more-tracteur-construction","17":"pa_charge-battery-more-voiture-pick-up","18":"pa_power-ac-100-240vac-fr","19":"pa_product-group-optimate-6-fr","20":"pa_region-ca-fr","21":"pa_region-eu-fr-2","22":"pa_region-uk-fr-2","23":"pa_region-us-fr-2","24":"iside_voltage-12-fr","25":"iside_voltage-12-8-fr","26":"iside_ampere-6-fr","27":"iside_vehicle-aviation-fr","28":"iside_vehicle-marine-fr","29":"iside_vehicle-oldtimer-classic-car-fr","30":"iside_charger_series-gold-advanced-fr-2","31":"iside_charger_features-ajuster-la-tension-a-la-temperature-pour-le-plomb","32":"iside_charger_features-ajuster-le-courant-a-la-temperature-pour-lfp","33":"iside_charger_features-power-supply-tune-mode-fr","34":"iside_charger_features-maintenance-de-batterie-securisee-24-7","35":"iside_charger_features-maintenance-duo-24h-7-pour-pb-et-lfp","36":"iside_charger_features-save-sulphated-pb-lead-acid-fr","37":"iside_charger_features-save-low-volt-reset-bms-lithium-lfp-fr","38":"iside_charger_features-reinitialisation-du-bms-pour-batterie-lfp","39":"iside_charger_type-single-fr","40":"iside_battery_voltage-12-8v-13-2v","41":"iside_battery_voltage-12v-fr","42":"iside_battery_chemistry-lfp-lifepo4-lithium-ion-fr","43":"iside_battery_chemistry-pb-lead-acid-fr","44":"iside_battery_chemistry-premium-spiral-agm","45":"battery_charger_current-5a-6a-fr","46":"battery_charger_current-ampmatic-1-to-6a-fr","47":"thunk-woo-product-list","48":"opn-qv-enable","49":"big-store-woo-hover-","50":"open-single-product-tab-horizontal","51":"open-shadow-","52":"open-shadow-hover-","54":"first","55":"instock","56":"featured","57":"shipping-taxable","58":"purchasable","59":"product-type-simple"},"yoast_head":"<!-- This site is optimized with the Yoast SEO plugin v27.2 - https:\/\/yoast.com\/product\/yoast-seo-wordpress\/ -->\n<title>OptiMate 6 Select (v2) - OptiMate<\/title>\n<meta name=\"description\" content=\"OptiMate 6 Select est un chargeur \u00ab Pro choice \u00bb qui permet d\u2019exploiter tout le potentiel de la batterie, y compris le support pour le r\u00e9glage. En savoir plus !\" \/>\n<meta name=\"robots\" content=\"index, follow, max-snippet:-1, max-image-preview:large, max-video-preview:-1, noarchive\" \/>\n<link rel=\"canonical\" href=\"https:\/\/optimate1.com\/product\/om6selectv2\/\" \/>\n<meta property=\"og:locale\" content=\"fr_FR\" \/>\n<meta property=\"og:type\" content=\"article\" \/>\n<meta property=\"og:title\" content=\"OptiMate 6 Select (v2) - OptiMate\" \/>\n<meta property=\"og:description\" content=\"OptiMate 6 Select est un chargeur \u00ab Pro choice \u00bb qui permet d\u2019exploiter tout le potentiel de la batterie, y compris le support pour le r\u00e9glage. En savoir plus !\" \/>\n<meta property=\"og:url\" content=\"https:\/\/optimate1.com\/product\/om6selectv2\/\" \/>\n<meta property=\"og:site_name\" content=\"OptiMate\" \/>\n<meta property=\"article:publisher\" content=\"https:\/\/www.facebook.com\/OptiMatebatterysavingcharger\/\" \/>\n<meta property=\"article:modified_time\" content=\"2025-12-23T08:50:17+00:00\" \/>\n<meta property=\"og:image\" content=\"https:\/\/optimate1.com\/wp-content\/uploads\/2025\/12\/OptiMate-6-SELECT_v2-TM37x-12-copy-1024x1024.png\" \/>\n\t<meta property=\"og:image:width\" content=\"1024\" \/>\n\t<meta property=\"og:image:height\" content=\"1024\" \/>\n\t<meta property=\"og:image:type\" content=\"image\/png\" \/>\n<meta name=\"twitter:card\" content=\"summary_large_image\" \/>\n<meta name=\"twitter:label1\" content=\"Dur\u00e9e de lecture estim\u00e9e\" \/>\n\t<meta name=\"twitter:data1\" content=\"3 minutes\" \/>\n<script type=\"application\/ld+json\" class=\"yoast-schema-graph\">{\"@context\":\"https:\/\/schema.org\",\"@graph\":[{\"@type\":\"WebPage\",\"@id\":\"https:\/\/optimate1.com\/product\/om6selectv2\/\",\"url\":\"https:\/\/optimate1.com\/product\/om6selectv2\/\",\"name\":\"OptiMate 6 Select (v2) - OptiMate\",\"isPartOf\":{\"@id\":\"https:\/\/optimate1.com\/#website\"},\"primaryImageOfPage\":{\"@id\":\"https:\/\/optimate1.com\/product\/om6selectv2\/#primaryimage\"},\"image\":{\"@id\":\"https:\/\/optimate1.com\/product\/om6selectv2\/#primaryimage\"},\"thumbnailUrl\":\"https:\/\/optimate1.com\/wp-content\/uploads\/2025\/12\/OptiMate-6-SELECT_v2-TM37x-12-copy.png\",\"datePublished\":\"2025-11-25T09:26:17+00:00\",\"dateModified\":\"2025-12-23T08:50:17+00:00\",\"description\":\"OptiMate 6 Select est un chargeur \u00ab Pro choice \u00bb qui permet d\u2019exploiter tout le potentiel de la batterie, y compris le support pour le r\u00e9glage. En savoir plus !\",\"breadcrumb\":{\"@id\":\"https:\/\/optimate1.com\/product\/om6selectv2\/#breadcrumb\"},\"inLanguage\":\"fr-FR\",\"potentialAction\":[{\"@type\":\"ReadAction\",\"target\":[\"https:\/\/optimate1.com\/product\/om6selectv2\/\"]}]},{\"@type\":\"ImageObject\",\"inLanguage\":\"fr-FR\",\"@id\":\"https:\/\/optimate1.com\/product\/om6selectv2\/#primaryimage\",\"url\":\"https:\/\/optimate1.com\/wp-content\/uploads\/2025\/12\/OptiMate-6-SELECT_v2-TM37x-12-copy.png\",\"contentUrl\":\"https:\/\/optimate1.com\/wp-content\/uploads\/2025\/12\/OptiMate-6-SELECT_v2-TM37x-12-copy.png\",\"width\":1500,\"height\":1500},{\"@type\":\"BreadcrumbList\",\"@id\":\"https:\/\/optimate1.com\/product\/om6selectv2\/#breadcrumb\",\"itemListElement\":[{\"@type\":\"ListItem\",\"position\":1,\"name\":\"Home\",\"item\":\"https:\/\/optimate1.com\/\"},{\"@type\":\"ListItem\",\"position\":2,\"name\":\"Produits\",\"item\":\"https:\/\/optimate1.com\/shop\/\"},{\"@type\":\"ListItem\",\"position\":3,\"name\":\"OptiMate 6 Select\"}]},{\"@type\":\"WebSite\",\"@id\":\"https:\/\/optimate1.com\/#website\",\"url\":\"https:\/\/optimate1.com\/\",\"name\":\"OptiMate\",\"description\":\"Battery Chargers &amp; Accessories\",\"publisher\":{\"@id\":\"https:\/\/optimate1.com\/#organization\"},\"potentialAction\":[{\"@type\":\"SearchAction\",\"target\":{\"@type\":\"EntryPoint\",\"urlTemplate\":\"https:\/\/optimate1.com\/?s={search_term_string}\"},\"query-input\":{\"@type\":\"PropertyValueSpecification\",\"valueRequired\":true,\"valueName\":\"search_term_string\"}}],\"inLanguage\":\"fr-FR\"},{\"@type\":\"Organization\",\"@id\":\"https:\/\/optimate1.com\/#organization\",\"name\":\"OptiMate\",\"url\":\"https:\/\/optimate1.com\/\",\"logo\":{\"@type\":\"ImageObject\",\"inLanguage\":\"fr-FR\",\"@id\":\"https:\/\/optimate1.com\/#\/schema\/logo\/image\/\",\"url\":\"https:\/\/optimate1.com\/wp-content\/uploads\/2021\/06\/optimate-hpbc-stacklogo.jpg\",\"contentUrl\":\"https:\/\/optimate1.com\/wp-content\/uploads\/2021\/06\/optimate-hpbc-stacklogo.jpg\",\"width\":1025,\"height\":529,\"caption\":\"OptiMate\"},\"image\":{\"@id\":\"https:\/\/optimate1.com\/#\/schema\/logo\/image\/\"},\"sameAs\":[\"https:\/\/www.facebook.com\/OptiMatebatterysavingcharger\/\"]}]}<\/script>\n<!-- \/ Yoast SEO plugin. -->","yoast_head_json":{"title":"OptiMate 6 Select (v2) - OptiMate","description":"OptiMate 6 Select est un chargeur \u00ab Pro choice \u00bb qui permet d\u2019exploiter tout le potentiel de la batterie, y compris le support pour le r\u00e9glage. En savoir plus !","robots":{"index":"index","follow":"follow","max-snippet":"max-snippet:-1","max-image-preview":"max-image-preview:large","max-video-preview":"max-video-preview:-1","archive":"noarchive"},"canonical":"https:\/\/optimate1.com\/product\/om6selectv2\/","og_locale":"fr_FR","og_type":"article","og_title":"OptiMate 6 Select (v2) - OptiMate","og_description":"OptiMate 6 Select est un chargeur \u00ab Pro choice \u00bb qui permet d\u2019exploiter tout le potentiel de la batterie, y compris le support pour le r\u00e9glage. En savoir plus !","og_url":"https:\/\/optimate1.com\/product\/om6selectv2\/","og_site_name":"OptiMate","article_publisher":"https:\/\/www.facebook.com\/OptiMatebatterysavingcharger\/","article_modified_time":"2025-12-23T08:50:17+00:00","og_image":[{"width":1024,"height":1024,"url":"https:\/\/optimate1.com\/wp-content\/uploads\/2025\/12\/OptiMate-6-SELECT_v2-TM37x-12-copy-1024x1024.png","type":"image\/png"}],"twitter_card":"summary_large_image","twitter_misc":{"Dur\u00e9e de lecture estim\u00e9e":"3 minutes"},"schema":{"@context":"https:\/\/schema.org","@graph":[{"@type":"WebPage","@id":"https:\/\/optimate1.com\/product\/om6selectv2\/","url":"https:\/\/optimate1.com\/product\/om6selectv2\/","name":"OptiMate 6 Select (v2) - OptiMate","isPartOf":{"@id":"https:\/\/optimate1.com\/#website"},"primaryImageOfPage":{"@id":"https:\/\/optimate1.com\/product\/om6selectv2\/#primaryimage"},"image":{"@id":"https:\/\/optimate1.com\/product\/om6selectv2\/#primaryimage"},"thumbnailUrl":"https:\/\/optimate1.com\/wp-content\/uploads\/2025\/12\/OptiMate-6-SELECT_v2-TM37x-12-copy.png","datePublished":"2025-11-25T09:26:17+00:00","dateModified":"2025-12-23T08:50:17+00:00","description":"OptiMate 6 Select est un chargeur \u00ab Pro choice \u00bb qui permet d\u2019exploiter tout le potentiel de la batterie, y compris le support pour le r\u00e9glage. En savoir plus !","breadcrumb":{"@id":"https:\/\/optimate1.com\/product\/om6selectv2\/#breadcrumb"},"inLanguage":"fr-FR","potentialAction":[{"@type":"ReadAction","target":["https:\/\/optimate1.com\/product\/om6selectv2\/"]}]},{"@type":"ImageObject","inLanguage":"fr-FR","@id":"https:\/\/optimate1.com\/product\/om6selectv2\/#primaryimage","url":"https:\/\/optimate1.com\/wp-content\/uploads\/2025\/12\/OptiMate-6-SELECT_v2-TM37x-12-copy.png","contentUrl":"https:\/\/optimate1.com\/wp-content\/uploads\/2025\/12\/OptiMate-6-SELECT_v2-TM37x-12-copy.png","width":1500,"height":1500},{"@type":"BreadcrumbList","@id":"https:\/\/optimate1.com\/product\/om6selectv2\/#breadcrumb","itemListElement":[{"@type":"ListItem","position":1,"name":"Home","item":"https:\/\/optimate1.com\/"},{"@type":"ListItem","position":2,"name":"Produits","item":"https:\/\/optimate1.com\/shop\/"},{"@type":"ListItem","position":3,"name":"OptiMate 6 Select"}]},{"@type":"WebSite","@id":"https:\/\/optimate1.com\/#website","url":"https:\/\/optimate1.com\/","name":"OptiMate","description":"Battery Chargers &amp; Accessories","publisher":{"@id":"https:\/\/optimate1.com\/#organization"},"potentialAction":[{"@type":"SearchAction","target":{"@type":"EntryPoint","urlTemplate":"https:\/\/optimate1.com\/?s={search_term_string}"},"query-input":{"@type":"PropertyValueSpecification","valueRequired":true,"valueName":"search_term_string"}}],"inLanguage":"fr-FR"},{"@type":"Organization","@id":"https:\/\/optimate1.com\/#organization","name":"OptiMate","url":"https:\/\/optimate1.com\/","logo":{"@type":"ImageObject","inLanguage":"fr-FR","@id":"https:\/\/optimate1.com\/#\/schema\/logo\/image\/","url":"https:\/\/optimate1.com\/wp-content\/uploads\/2021\/06\/optimate-hpbc-stacklogo.jpg","contentUrl":"https:\/\/optimate1.com\/wp-content\/uploads\/2021\/06\/optimate-hpbc-stacklogo.jpg","width":1025,"height":529,"caption":"OptiMate"},"image":{"@id":"https:\/\/optimate1.com\/#\/schema\/logo\/image\/"},"sameAs":["https:\/\/www.facebook.com\/OptiMatebatterysavingcharger\/"]}]}},"_links":{"self":[{"href":"https:\/\/optimate1.com\/fr\/wp-json\/wp\/v2\/product\/40924","targetHints":{"allow":["GET"]}}],"collection":[{"href":"https:\/\/optimate1.com\/fr\/wp-json\/wp\/v2\/product"}],"about":[{"href":"https:\/\/optimate1.com\/fr\/wp-json\/wp\/v2\/types\/product"}],"wp:featuredmedia":[{"embeddable":true,"href":"https:\/\/optimate1.com\/fr\/wp-json\/wp\/v2\/media\/40746"}],"wp:attachment":[{"href":"https:\/\/optimate1.com\/fr\/wp-json\/wp\/v2\/media?parent=40924"}],"wp:term":[{"taxonomy":"product_brand","embeddable":true,"href":"https:\/\/optimate1.com\/fr\/wp-json\/wp\/v2\/product_brand?post=40924"},{"taxonomy":"product_cat","embeddable":true,"href":"https:\/\/optimate1.com\/fr\/wp-json\/wp\/v2\/product_cat?post=40924"},{"taxonomy":"product_tag","embeddable":true,"href":"https:\/\/optimate1.com\/fr\/wp-json\/wp\/v2\/product_tag?post=40924"}],"curies":[{"name":"wp","href":"https:\/\/api.w.org\/{rel}","templated":true}]}}