{"id":7237,"date":"2019-06-05T18:42:53","date_gmt":"2019-06-05T22:42:53","guid":{"rendered":"https:\/\/optimate1.com\/product\/optimate-1-duo-2\/"},"modified":"2026-04-17T04:41:51","modified_gmt":"2026-04-17T08:41:51","slug":"optimate-1-duo-lithium-chargeur-de-batterie","status":"publish","type":"product","link":"https:\/\/optimate1.com\/fr\/produit\/optimate-1-duo-lithium-chargeur-de-batterie\/","title":{"rendered":"OptiMate 1 DUO"},"content":{"rendered":"<h6 style=\"text-align: center;\"><strong><span style=\"color: #10069f;\">OptiMate 1 DUO s&#8217;adapte automatiquement au type de batterie connect\u00e9e <\/span><\/strong><strong><span style=\"color: #10069f;\">&#8211;\u00a0<\/span><\/strong><i><span style=\"color: #10069f;\">Garantit des batteries au lithium ou au plomb saines!<\/span><\/i><\/h6>\n<h6 style=\"text-align: center;\"><a href=\"https:\/\/optimate1.com\/wp-content\/uploads\/2021\/02\/DUO-concept.png\"><img loading=\"lazy\" decoding=\"async\" class=\"aligncenter wp-image-23033 size-full\" src=\"https:\/\/optimate1.com\/wp-content\/uploads\/2021\/02\/DUO-concept.png\" alt=\"The optimate 1 duo adapts automatically to the connected battery type: Lithium or standard.\" width=\"428\" height=\"98\" srcset=\"https:\/\/optimate1.com\/wp-content\/uploads\/2021\/02\/DUO-concept.png 428w, https:\/\/optimate1.com\/wp-content\/uploads\/2021\/02\/DUO-concept-64x15.png 64w, https:\/\/optimate1.com\/wp-content\/uploads\/2021\/02\/DUO-concept-300x69.png 300w\" sizes=\"auto, (max-width: 428px) 100vw, 428px\" \/><\/a><\/h6>\n<p>&nbsp;<\/p>\n<h6 style=\"text-align: center;\"><strong><span style=\"color: #10069f;\">Id\u00e9al pour les batteries trouv\u00e9es dans ces v\u00e9hicules.<\/span><\/strong><\/h6>\n<h6 style=\"text-align: center;\"><img loading=\"lazy\" decoding=\"async\" class=\"aligncenter wp-image-20668\" src=\"https:\/\/optimate1.com\/wp-content\/uploads\/2023\/09\/Vehicle-range-OM1-DUO-2.png\" alt=\"Optimate 1 DUO is ideal for motorcycles, ATVs, scooters and jet skis\" width=\"522\" height=\"81\" \/><\/h6>\n<p>&nbsp;<\/p>\n<h6 style=\"text-align: center;\"><strong><span style=\"color: #10069f;\">Charge et assure automatiquement la maintenance \u00e0 long terme &#8211; <\/span><\/strong><span style=\"color: #10069f;\"><i style=\"caret-color: #10069f;\">OptiMate 1 DUO rend votre batterie plus forte et dure plus longtemps, aucune surveillance requise!<\/i><\/span><\/h6>\n<h6 style=\"text-align: center;\"><img loading=\"lazy\" decoding=\"async\" class=\"aligncenter wp-image-20876\" src=\"https:\/\/optimate1.com\/wp-content\/uploads\/2021\/02\/CONNECT-CHARGE-MAINTAIN-01.png\" alt=\"The steps for long term maintenance: Connect, charge and maintain.\" width=\"500\" height=\"102\" \/><\/h6>\n<p>&nbsp;<\/p>\n<p>&nbsp;<\/p>\n<h4 style=\"text-align: center;\"><strong><span style=\"text-decoration: underline;\">PLUS DE CARACT\u00c9RISTIQUES:<\/span><\/strong><\/h4>\n<p style=\"text-align: center;\">\n<table id=\"tablepress-430\" class=\"tablepress tablepress-id-430\">\n<tbody class=\"row-hover\">\n<tr class=\"row-1\">\n\t<td class=\"column-1\"><a href=\"\"><img loading=\"lazy\" decoding=\"async\" src=\"https:\/\/optimate1.com\/wp-content\/uploads\/2023\/09\/1DUO-batteries-copy-2.png\" alt=\"\" width=\"300\" height=\"50\" class=\"aligncenter size-medium wp-image-20927\" \/><\/a><body><h6><center>Pour tous les types de batteries de sports motoris\u00e9s 12V, y compris plomb-acide (Pb) > STD (avec bouchons de remplissage), AGM et GEL (VRLA scell\u00e9) et Li-Ion fabriqu\u00e9es avec la technologie LiFePO4\/LFP.<\/body><\/h6><\/center><br \/>\n<\/td>\n<\/tr>\n<tr class=\"row-2\">\n\t<td class=\"column-1\"><a href=\"\"><img loading=\"lazy\" decoding=\"async\" src=\"https:\/\/optimate1.com\/wp-content\/uploads\/2021\/05\/SAFE-OM1-DUO-01-scaled.jpg\" alt=\"\" width=\"300\" height=\"50\" class=\"aligncenter size-medium wp-image-20928\" \/><\/a><body><h6><center>Peut rester connect\u00e9 en toute s\u00e9curit\u00e9. Protection \u00e9lectronique int\u00e9grale.<\/body><\/h6><\/center><\/td>\n<\/tr>\n<tr class=\"row-3\">\n\t<td class=\"column-1\"><a href=\"\"><img loading=\"lazy\" decoding=\"async\" src=\"https:\/\/optimate1.com\/wp-content\/uploads\/2020\/12\/24-7-x2-300x49.png\" alt=\"\" width=\"300\" height=\"50\" class=\"aligncenter size-medium wp-image-20995\" \/><\/a><body><h6><center>Maintient la batterie \u00e0 pleine charge et en bonne sant\u00e9.<\/body><\/h6><\/center><\/td>\n<\/tr>\n<tr class=\"row-4\">\n\t<td class=\"column-1\"><a href=\"\"><img loading=\"lazy\" decoding=\"async\" src=\"https:\/\/optimate1.com\/wp-content\/uploads\/2021\/02\/Low-Volt-Start-of-4V-01.png\" alt=\"\" width=\"300\" height=\"50\" class=\"aligncenter size-medium wp-image-20982\" \/><\/a><body><h6><center>D\u00e9marrage \u00e0 basse tension de 4V.<\/center><\/h6><\/body><\/td>\n<\/tr>\n<tr class=\"row-5\">\n\t<td class=\"column-1\"><a href=\"\"><img loading=\"lazy\" decoding=\"async\" src=\"https:\/\/optimate1.com\/wp-content\/uploads\/2020\/12\/green-technology-hx2-1-300x49.png\" alt=\"\" width=\"300\" height=\"50\" class=\"aligncenter size-medium wp-image-20993\" \/><\/a><body><h6><center>Technologie d'\u00e9conomie d'\u00e9nergie<br \/>\n\u221a Puissance en veille inf\u00e9rieure \u00e0 0.5W<br \/>\n\u221a Entretien efficace de la batterie 24-7.<\/body><\/h6><\/center><\/td>\n<\/tr>\n<tr class=\"row-6\">\n\t<td class=\"column-1\"><a href=\"\"><img loading=\"lazy\" decoding=\"async\" src=\"https:\/\/optimate1.com\/wp-content\/uploads\/2022\/03\/OM1-IP-T-rating-copy-01.png\" alt=\"\" width=\"300\" height=\"50\" class=\"aligncenter size-medium wp-image-20985\" \/><\/a><body><h6><center>\u00c9tanche \u00e0 la poussi\u00e8re. Con\u00e7u pour une utilisation jusqu\u2019\u00e0 -20\u00b0C \/ -4\u00b0F.<\/body><\/h6><\/center><\/td>\n<\/tr>\n<tr class=\"row-7\">\n\t<td class=\"column-1\"><a href=\"\"><img loading=\"lazy\" decoding=\"async\" src=\"https:\/\/optimate1.com\/wp-content\/uploads\/2021\/09\/OM1-accessories-2.png\" alt=\"\" width=\"300\" height=\"50\" class=\"aligncenter size-medium wp-image-20983\" \/><\/a><body><h6><center>Comprend 2 accessoires de connexion de batterie interchangeables.<\/body><\/h6><\/center><\/td>\n<\/tr>\n<\/tbody>\n<\/table>\n<!-- #tablepress-430 from cache --><\/p>\n","protected":false},"excerpt":{"rendered":"<h3><span style=\"color: #6b4c59;\">S\u00e9ries BRONZE: Chargeur-Mainteneur de batterie 12V \/ 12,8V 0,6A en 4 \u00e9tapes<\/span><\/h3>\n","protected":false},"featured_media":41758,"template":"","meta":[],"product_brand":[],"product_cat":[394],"product_tag":[],"class_list":{"0":"post-7237","1":"product","2":"type-product","3":"status-publish","4":"has-post-thumbnail","6":"product_cat-battery-chargers-fr","7":"pa_charge-battery-chemistry-li-lifepo4-lfp-lithium-fr","8":"pa_charge-battery-chemistry-pb-agm-gel-std-lead-acid-fr","9":"pa_charge-battery-chemistry-pb-li-both-above-fr","10":"pa_charge-battery-more-12v-fr","11":"pa_charge-battery-more-moto-vehicule-tout-terrain","12":"pa_charge-battery-more-utv-sxs-cruiser-fr","13":"pa_power-ac-100-240vac-fr","14":"pa_product-group-optimate-1-fr","15":"pa_product-group-optimate-duo-fr","16":"pa_region-ca-fr","17":"pa_region-eu-fr-2","18":"pa_region-uk-fr-2","19":"pa_region-us-fr-2","20":"iside_voltage-12-fr","21":"iside_voltage-12-8-fr","22":"iside_ampere-0-6-fr","23":"iside_vehicle-moto-mecaniques-fr","24":"iside_charger_series-bronze-easy-fr","25":"iside_charger_features-maintenance-de-batterie-securisee-24-7","26":"iside_charger_features-maintenance-duo-24h-7-pour-pb-et-lfp","27":"iside_charger_type-single-fr","28":"iside_battery_voltage-12-8v-13-2v","29":"iside_battery_voltage-12v-fr","30":"iside_battery_chemistry-lfp-lifepo4-lithium-ion-fr","31":"iside_battery_chemistry-pb-lead-acid-fr","32":"battery_charger_current-0-6a-1-5a-fr","33":"thunk-woo-product-list","34":"opn-qv-enable","35":"big-store-woo-hover-","36":"open-single-product-tab-horizontal","37":"open-shadow-","38":"open-shadow-hover-","40":"first","41":"instock","42":"featured","43":"shipping-taxable","44":"purchasable","45":"product-type-simple"},"yoast_head":"<!-- This site is optimized with the Yoast SEO plugin v27.2 - https:\/\/yoast.com\/product\/yoast-seo-wordpress\/ -->\n<title>OptiMate 1 DUO - OptiMate<\/title>\n<meta name=\"description\" content=\"L&#039;OptiMate 1 DUO est un chargeur &amp; mainteneur de batterie lithium de haut technologie de votre v\u00e9hicule de sport performant. Lisez la suite!\" \/>\n<meta name=\"robots\" content=\"index, follow, max-snippet:-1, max-image-preview:large, max-video-preview:-1, noarchive\" \/>\n<link rel=\"canonical\" href=\"https:\/\/optimate1.com\/fr\/produit\/optimate-1-duo-lithium-chargeur-de-batterie\/\" \/>\n<meta property=\"og:locale\" content=\"fr_FR\" \/>\n<meta property=\"og:type\" content=\"article\" \/>\n<meta property=\"og:title\" content=\"OptiMate 1 DUO - OptiMate\" \/>\n<meta property=\"og:description\" content=\"L&#039;OptiMate 1 DUO est un chargeur &amp; mainteneur de batterie lithium de haut technologie de votre v\u00e9hicule de sport performant. Lisez la suite!\" \/>\n<meta property=\"og:url\" content=\"https:\/\/optimate1.com\/fr\/produit\/optimate-1-duo-lithium-chargeur-de-batterie\/\" \/>\n<meta property=\"og:site_name\" content=\"OptiMate\" \/>\n<meta property=\"article:publisher\" content=\"https:\/\/www.facebook.com\/OptiMatebatterysavingcharger\/\" \/>\n<meta property=\"article:modified_time\" content=\"2026-04-17T08:41:51+00:00\" \/>\n<meta property=\"og:image\" content=\"https:\/\/optimate1.com\/wp-content\/uploads\/2026\/03\/OptiMate-1-DUO-TM402xD-11-fr.png\" \/>\n\t<meta property=\"og:image:width\" content=\"1500\" \/>\n\t<meta property=\"og:image:height\" content=\"1500\" \/>\n\t<meta property=\"og:image:type\" content=\"image\/png\" \/>\n<meta name=\"twitter:card\" content=\"summary_large_image\" \/>\n<meta name=\"twitter:label1\" content=\"Dur\u00e9e de lecture estim\u00e9e\" \/>\n\t<meta name=\"twitter:data1\" content=\"2 minutes\" \/>\n<script type=\"application\/ld+json\" class=\"yoast-schema-graph\">{\"@context\":\"https:\/\/schema.org\",\"@graph\":[{\"@type\":\"WebPage\",\"@id\":\"https:\/\/optimate1.com\/fr\/produit\/optimate-1-duo-lithium-chargeur-de-batterie\/\",\"url\":\"https:\/\/optimate1.com\/fr\/produit\/optimate-1-duo-lithium-chargeur-de-batterie\/\",\"name\":\"OptiMate 1 DUO - OptiMate\",\"isPartOf\":{\"@id\":\"https:\/\/optimate1.com\/#website\"},\"primaryImageOfPage\":{\"@id\":\"https:\/\/optimate1.com\/fr\/produit\/optimate-1-duo-lithium-chargeur-de-batterie\/#primaryimage\"},\"image\":{\"@id\":\"https:\/\/optimate1.com\/fr\/produit\/optimate-1-duo-lithium-chargeur-de-batterie\/#primaryimage\"},\"thumbnailUrl\":\"https:\/\/optimate1.com\/wp-content\/uploads\/2026\/03\/OptiMate-1-DUO-TM402xD-11-fr.png\",\"datePublished\":\"2019-06-05T22:42:53+00:00\",\"dateModified\":\"2026-04-17T08:41:51+00:00\",\"description\":\"L'OptiMate 1 DUO est un chargeur & mainteneur de batterie lithium de haut technologie de votre v\u00e9hicule de sport performant. Lisez la suite!\",\"breadcrumb\":{\"@id\":\"https:\/\/optimate1.com\/fr\/produit\/optimate-1-duo-lithium-chargeur-de-batterie\/#breadcrumb\"},\"inLanguage\":\"fr-FR\",\"potentialAction\":[{\"@type\":\"ReadAction\",\"target\":[\"https:\/\/optimate1.com\/fr\/produit\/optimate-1-duo-lithium-chargeur-de-batterie\/\"]}]},{\"@type\":\"ImageObject\",\"inLanguage\":\"fr-FR\",\"@id\":\"https:\/\/optimate1.com\/fr\/produit\/optimate-1-duo-lithium-chargeur-de-batterie\/#primaryimage\",\"url\":\"https:\/\/optimate1.com\/wp-content\/uploads\/2026\/03\/OptiMate-1-DUO-TM402xD-11-fr.png\",\"contentUrl\":\"https:\/\/optimate1.com\/wp-content\/uploads\/2026\/03\/OptiMate-1-DUO-TM402xD-11-fr.png\",\"width\":1500,\"height\":1500},{\"@type\":\"BreadcrumbList\",\"@id\":\"https:\/\/optimate1.com\/fr\/produit\/optimate-1-duo-lithium-chargeur-de-batterie\/#breadcrumb\",\"itemListElement\":[{\"@type\":\"ListItem\",\"position\":1,\"name\":\"Home\",\"item\":\"https:\/\/optimate1.com\/\"},{\"@type\":\"ListItem\",\"position\":2,\"name\":\"Produits\",\"item\":\"https:\/\/optimate1.com\/shop\/\"},{\"@type\":\"ListItem\",\"position\":3,\"name\":\"OptiMate 1 DUO\"}]},{\"@type\":\"WebSite\",\"@id\":\"https:\/\/optimate1.com\/#website\",\"url\":\"https:\/\/optimate1.com\/\",\"name\":\"OptiMate\",\"description\":\"Battery Chargers &amp; Accessories\",\"publisher\":{\"@id\":\"https:\/\/optimate1.com\/#organization\"},\"potentialAction\":[{\"@type\":\"SearchAction\",\"target\":{\"@type\":\"EntryPoint\",\"urlTemplate\":\"https:\/\/optimate1.com\/?s={search_term_string}\"},\"query-input\":{\"@type\":\"PropertyValueSpecification\",\"valueRequired\":true,\"valueName\":\"search_term_string\"}}],\"inLanguage\":\"fr-FR\"},{\"@type\":\"Organization\",\"@id\":\"https:\/\/optimate1.com\/#organization\",\"name\":\"OptiMate\",\"url\":\"https:\/\/optimate1.com\/\",\"logo\":{\"@type\":\"ImageObject\",\"inLanguage\":\"fr-FR\",\"@id\":\"https:\/\/optimate1.com\/#\/schema\/logo\/image\/\",\"url\":\"https:\/\/optimate1.com\/wp-content\/uploads\/2021\/06\/optimate-hpbc-stacklogo.jpg\",\"contentUrl\":\"https:\/\/optimate1.com\/wp-content\/uploads\/2021\/06\/optimate-hpbc-stacklogo.jpg\",\"width\":1025,\"height\":529,\"caption\":\"OptiMate\"},\"image\":{\"@id\":\"https:\/\/optimate1.com\/#\/schema\/logo\/image\/\"},\"sameAs\":[\"https:\/\/www.facebook.com\/OptiMatebatterysavingcharger\/\"]}]}<\/script>\n<!-- \/ Yoast SEO plugin. -->","yoast_head_json":{"title":"OptiMate 1 DUO - OptiMate","description":"L'OptiMate 1 DUO est un chargeur & mainteneur de batterie lithium de haut technologie de votre v\u00e9hicule de sport performant. Lisez la suite!","robots":{"index":"index","follow":"follow","max-snippet":"max-snippet:-1","max-image-preview":"max-image-preview:large","max-video-preview":"max-video-preview:-1","archive":"noarchive"},"canonical":"https:\/\/optimate1.com\/fr\/produit\/optimate-1-duo-lithium-chargeur-de-batterie\/","og_locale":"fr_FR","og_type":"article","og_title":"OptiMate 1 DUO - OptiMate","og_description":"L'OptiMate 1 DUO est un chargeur & mainteneur de batterie lithium de haut technologie de votre v\u00e9hicule de sport performant. Lisez la suite!","og_url":"https:\/\/optimate1.com\/fr\/produit\/optimate-1-duo-lithium-chargeur-de-batterie\/","og_site_name":"OptiMate","article_publisher":"https:\/\/www.facebook.com\/OptiMatebatterysavingcharger\/","article_modified_time":"2026-04-17T08:41:51+00:00","og_image":[{"width":1500,"height":1500,"url":"https:\/\/optimate1.com\/wp-content\/uploads\/2026\/03\/OptiMate-1-DUO-TM402xD-11-fr.png","type":"image\/png"}],"twitter_card":"summary_large_image","twitter_misc":{"Dur\u00e9e de lecture estim\u00e9e":"2 minutes"},"schema":{"@context":"https:\/\/schema.org","@graph":[{"@type":"WebPage","@id":"https:\/\/optimate1.com\/fr\/produit\/optimate-1-duo-lithium-chargeur-de-batterie\/","url":"https:\/\/optimate1.com\/fr\/produit\/optimate-1-duo-lithium-chargeur-de-batterie\/","name":"OptiMate 1 DUO - OptiMate","isPartOf":{"@id":"https:\/\/optimate1.com\/#website"},"primaryImageOfPage":{"@id":"https:\/\/optimate1.com\/fr\/produit\/optimate-1-duo-lithium-chargeur-de-batterie\/#primaryimage"},"image":{"@id":"https:\/\/optimate1.com\/fr\/produit\/optimate-1-duo-lithium-chargeur-de-batterie\/#primaryimage"},"thumbnailUrl":"https:\/\/optimate1.com\/wp-content\/uploads\/2026\/03\/OptiMate-1-DUO-TM402xD-11-fr.png","datePublished":"2019-06-05T22:42:53+00:00","dateModified":"2026-04-17T08:41:51+00:00","description":"L'OptiMate 1 DUO est un chargeur & mainteneur de batterie lithium de haut technologie de votre v\u00e9hicule de sport performant. Lisez la suite!","breadcrumb":{"@id":"https:\/\/optimate1.com\/fr\/produit\/optimate-1-duo-lithium-chargeur-de-batterie\/#breadcrumb"},"inLanguage":"fr-FR","potentialAction":[{"@type":"ReadAction","target":["https:\/\/optimate1.com\/fr\/produit\/optimate-1-duo-lithium-chargeur-de-batterie\/"]}]},{"@type":"ImageObject","inLanguage":"fr-FR","@id":"https:\/\/optimate1.com\/fr\/produit\/optimate-1-duo-lithium-chargeur-de-batterie\/#primaryimage","url":"https:\/\/optimate1.com\/wp-content\/uploads\/2026\/03\/OptiMate-1-DUO-TM402xD-11-fr.png","contentUrl":"https:\/\/optimate1.com\/wp-content\/uploads\/2026\/03\/OptiMate-1-DUO-TM402xD-11-fr.png","width":1500,"height":1500},{"@type":"BreadcrumbList","@id":"https:\/\/optimate1.com\/fr\/produit\/optimate-1-duo-lithium-chargeur-de-batterie\/#breadcrumb","itemListElement":[{"@type":"ListItem","position":1,"name":"Home","item":"https:\/\/optimate1.com\/"},{"@type":"ListItem","position":2,"name":"Produits","item":"https:\/\/optimate1.com\/shop\/"},{"@type":"ListItem","position":3,"name":"OptiMate 1 DUO"}]},{"@type":"WebSite","@id":"https:\/\/optimate1.com\/#website","url":"https:\/\/optimate1.com\/","name":"OptiMate","description":"Battery Chargers &amp; Accessories","publisher":{"@id":"https:\/\/optimate1.com\/#organization"},"potentialAction":[{"@type":"SearchAction","target":{"@type":"EntryPoint","urlTemplate":"https:\/\/optimate1.com\/?s={search_term_string}"},"query-input":{"@type":"PropertyValueSpecification","valueRequired":true,"valueName":"search_term_string"}}],"inLanguage":"fr-FR"},{"@type":"Organization","@id":"https:\/\/optimate1.com\/#organization","name":"OptiMate","url":"https:\/\/optimate1.com\/","logo":{"@type":"ImageObject","inLanguage":"fr-FR","@id":"https:\/\/optimate1.com\/#\/schema\/logo\/image\/","url":"https:\/\/optimate1.com\/wp-content\/uploads\/2021\/06\/optimate-hpbc-stacklogo.jpg","contentUrl":"https:\/\/optimate1.com\/wp-content\/uploads\/2021\/06\/optimate-hpbc-stacklogo.jpg","width":1025,"height":529,"caption":"OptiMate"},"image":{"@id":"https:\/\/optimate1.com\/#\/schema\/logo\/image\/"},"sameAs":["https:\/\/www.facebook.com\/OptiMatebatterysavingcharger\/"]}]}},"_links":{"self":[{"href":"https:\/\/optimate1.com\/fr\/wp-json\/wp\/v2\/product\/7237","targetHints":{"allow":["GET"]}}],"collection":[{"href":"https:\/\/optimate1.com\/fr\/wp-json\/wp\/v2\/product"}],"about":[{"href":"https:\/\/optimate1.com\/fr\/wp-json\/wp\/v2\/types\/product"}],"wp:featuredmedia":[{"embeddable":true,"href":"https:\/\/optimate1.com\/fr\/wp-json\/wp\/v2\/media\/41758"}],"wp:attachment":[{"href":"https:\/\/optimate1.com\/fr\/wp-json\/wp\/v2\/media?parent=7237"}],"wp:term":[{"taxonomy":"product_brand","embeddable":true,"href":"https:\/\/optimate1.com\/fr\/wp-json\/wp\/v2\/product_brand?post=7237"},{"taxonomy":"product_cat","embeddable":true,"href":"https:\/\/optimate1.com\/fr\/wp-json\/wp\/v2\/product_cat?post=7237"},{"taxonomy":"product_tag","embeddable":true,"href":"https:\/\/optimate1.com\/fr\/wp-json\/wp\/v2\/product_tag?post=7237"}],"curies":[{"name":"wp","href":"https:\/\/api.w.org\/{rel}","templated":true}]}}