{"id":9111,"date":"2019-06-05T20:07:44","date_gmt":"2019-06-06T00:07:44","guid":{"rendered":"https:\/\/optimate1.com\/product\/optimate-2\/"},"modified":"2021-10-07T07:31:52","modified_gmt":"2021-10-07T11:31:52","slug":"optimate-2","status":"publish","type":"product","link":"https:\/\/optimate1.com\/fr\/produit\/optimate-2\/","title":{"rendered":"OptiMate 2"},"content":{"rendered":"<h3 class=\"entry-summary hidden-phone\">OptiMate 2, le mainteneur de batterie automatique enti\u00e8rement scell\u00e9 et polyvalent pour votre voiture ou pick-up classique ou moderne ou la batterie 12 V de votre camping-car \/ caravane &#8211; <em>Maintenance ultime pour batteries de d\u00e9marrage ou \u00e0 d\u00e9charge profonde !<\/em><\/h3>\n<ul>\n<li><strong><span style=\"color: #10069f;\">Charge et assure la maintenance \u00e0 long terme et sans surveillance de votre batterie de d\u00e9marrage ou \u00e0 d\u00e9charge profonde au plomb-acide 12 V (STD, AGM, GEL).\u00a0<\/span><\/strong><\/li>\n<li><strong><span style=\"color: #10069f;\">Le programme de charge interactive est id\u00e9al pour une batterie qui d\u00e9livre de l&#8217;\u00e9nergie de fa\u00e7on intermittente. &#8211;\u00a0<em>Id\u00e9al pour une utilisation de batterie en ligne !\u00a0<\/em><\/span><\/strong><\/li>\n<li><strong><span style=\"color: #10069f;\">Id\u00e9al pour les voitures respectueuses de l&#8217;environnement avec technologie start-stop <em>&#8211; 100 % s\u00fbr pour l&#8217;\u00e9lectronique sensible.\u00a0<\/em><\/span><\/strong><\/li>\n<li><strong><span style=\"color: #10069f;\">La maintenance interactive intelligente 24-7 d&#8217;OptiMate emp\u00eache la d\u00e9charge des circuits connect\u00e9s et garantit plus de puissance de batterie, une plus longue dur\u00e9e de vie de la batterie !<em><br \/>\n<\/em><\/span><\/strong><\/li>\n<\/ul>\n<p>Mod\u00e8les disponibles : Tous les chargeurs de batterie OptiMate repris dans la liste ci-dessous supportent une alimentation mondiale de 100-240 volts a.c. 50-60Hz, <a href=\"https:\/\/optimate1.com\/fr\/power-plugs-fr\/\">seul le TYPE de prise de courant diff\u00e8re<\/a>, en accord avec les lois nationales\/r\u00e9gionales en mati\u00e8re de s\u00e9curit\u00e9 \u00e9lectrique.<\/p>\n<div class=\"woocommerce columns-3 \"><\/div>\n","protected":false},"excerpt":{"rendered":"<h3 class=\"entry-summary hidden-phone\"><span style=\"color: #cd202c;\">Chargeur-Mainteneur de batterie \u00e9tanche 12 V 0.8 A en 4 \u00e9tapes<\/span><\/h3>\n","protected":false},"featured_media":2757,"template":"","meta":[],"product_brand":[],"product_cat":[2257],"product_tag":[],"class_list":{"0":"post-9111","1":"product","2":"type-product","3":"status-publish","4":"has-post-thumbnail","6":"product_cat-marine-chargers-fr","7":"pa_charge-battery-chemistry-pb-agm-gel-std-lead-acid-fr","8":"pa_charge-battery-more-12v-fr","9":"pa_charge-battery-more-4x4-aventure","10":"pa_charge-battery-more-avion-petit","11":"pa_charge-battery-more-bateau-motomarine","12":"pa_charge-battery-more-deep-prolonge-industriel","13":"pa_charge-battery-more-motorhome-caravane","14":"pa_charge-battery-more-oldtimer","15":"pa_charge-battery-more-voiture-pick-up","16":"pa_power-ac-100-240vac-fr","17":"pa_product-group-optimate-2-fr","18":"pa_region-ca-fr","19":"pa_region-eu-fr-2","20":"pa_region-uk-fr-2","21":"pa_region-us-fr-2","22":"iside_vehicle-aviation-fr","23":"iside_vehicle-marine-fr","24":"iside_vehicle-voiture-haute-performance-voiture-de-course-fr","25":"iside_vehicle-rv-caravan-fr","26":"thunk-woo-product-list","27":"opn-qv-enable","28":"big-store-woo-hover-","29":"open-single-product-tab-horizontal","30":"open-shadow-","31":"open-shadow-hover-","33":"first","34":"instock","35":"featured","36":"shipping-taxable","37":"purchasable","38":"product-type-variable"},"yoast_head":"<!-- This site is optimized with the Yoast SEO plugin v27.2 - https:\/\/yoast.com\/product\/yoast-seo-wordpress\/ -->\n<title>OptiMate 2 - OptiMate<\/title>\n<meta name=\"robots\" content=\"index, follow, max-snippet:-1, max-image-preview:large, max-video-preview:-1\" \/>\n<link rel=\"canonical\" href=\"https:\/\/optimate1.com\/product\/optimate-2\/\" \/>\n<meta property=\"og:locale\" content=\"fr_FR\" \/>\n<meta property=\"og:type\" content=\"article\" \/>\n<meta property=\"og:title\" content=\"OptiMate 2 - OptiMate\" \/>\n<meta property=\"og:description\" content=\"Chargeur-Mainteneur de batterie \u00e9tanche 12 V 0.8 A en 4 \u00e9tapes\" \/>\n<meta property=\"og:url\" content=\"https:\/\/optimate1.com\/product\/optimate-2\/\" \/>\n<meta property=\"og:site_name\" content=\"OptiMate\" \/>\n<meta property=\"article:publisher\" content=\"https:\/\/www.facebook.com\/OptiMatebatterysavingcharger\/\" \/>\n<meta property=\"article:modified_time\" content=\"2021-10-07T11:31:52+00:00\" \/>\n<meta property=\"og:image\" content=\"https:\/\/optimate1.com\/wp-content\/uploads\/2019\/06\/OptiMate-2-TM42x-5.png\" \/>\n\t<meta property=\"og:image:width\" content=\"900\" \/>\n\t<meta property=\"og:image:height\" content=\"900\" \/>\n\t<meta property=\"og:image:type\" content=\"image\/png\" \/>\n<meta name=\"twitter:card\" content=\"summary_large_image\" \/>\n<meta name=\"twitter:label1\" content=\"Dur\u00e9e de lecture estim\u00e9e\" \/>\n\t<meta name=\"twitter:data1\" content=\"1 minute\" \/>\n<script type=\"application\/ld+json\" class=\"yoast-schema-graph\">{\"@context\":\"https:\/\/schema.org\",\"@graph\":[{\"@type\":\"WebPage\",\"@id\":\"https:\/\/optimate1.com\/product\/optimate-2\/\",\"url\":\"https:\/\/optimate1.com\/product\/optimate-2\/\",\"name\":\"OptiMate 2 - OptiMate\",\"isPartOf\":{\"@id\":\"https:\/\/optimate1.com\/#website\"},\"primaryImageOfPage\":{\"@id\":\"https:\/\/optimate1.com\/product\/optimate-2\/#primaryimage\"},\"image\":{\"@id\":\"https:\/\/optimate1.com\/product\/optimate-2\/#primaryimage\"},\"thumbnailUrl\":\"https:\/\/optimate1.com\/wp-content\/uploads\/2019\/06\/OptiMate-2-TM42x-5.png\",\"datePublished\":\"2019-06-06T00:07:44+00:00\",\"dateModified\":\"2021-10-07T11:31:52+00:00\",\"breadcrumb\":{\"@id\":\"https:\/\/optimate1.com\/product\/optimate-2\/#breadcrumb\"},\"inLanguage\":\"fr-FR\",\"potentialAction\":[{\"@type\":\"ReadAction\",\"target\":[\"https:\/\/optimate1.com\/product\/optimate-2\/\"]}]},{\"@type\":\"ImageObject\",\"inLanguage\":\"fr-FR\",\"@id\":\"https:\/\/optimate1.com\/product\/optimate-2\/#primaryimage\",\"url\":\"https:\/\/optimate1.com\/wp-content\/uploads\/2019\/06\/OptiMate-2-TM42x-5.png\",\"contentUrl\":\"https:\/\/optimate1.com\/wp-content\/uploads\/2019\/06\/OptiMate-2-TM42x-5.png\",\"width\":900,\"height\":900},{\"@type\":\"BreadcrumbList\",\"@id\":\"https:\/\/optimate1.com\/product\/optimate-2\/#breadcrumb\",\"itemListElement\":[{\"@type\":\"ListItem\",\"position\":1,\"name\":\"Home\",\"item\":\"https:\/\/optimate1.com\/\"},{\"@type\":\"ListItem\",\"position\":2,\"name\":\"Produits\",\"item\":\"https:\/\/optimate1.com\/shop\/\"},{\"@type\":\"ListItem\",\"position\":3,\"name\":\"OptiMate 2\"}]},{\"@type\":\"WebSite\",\"@id\":\"https:\/\/optimate1.com\/#website\",\"url\":\"https:\/\/optimate1.com\/\",\"name\":\"OptiMate\",\"description\":\"Battery Chargers &amp; Accessories\",\"publisher\":{\"@id\":\"https:\/\/optimate1.com\/#organization\"},\"potentialAction\":[{\"@type\":\"SearchAction\",\"target\":{\"@type\":\"EntryPoint\",\"urlTemplate\":\"https:\/\/optimate1.com\/?s={search_term_string}\"},\"query-input\":{\"@type\":\"PropertyValueSpecification\",\"valueRequired\":true,\"valueName\":\"search_term_string\"}}],\"inLanguage\":\"fr-FR\"},{\"@type\":\"Organization\",\"@id\":\"https:\/\/optimate1.com\/#organization\",\"name\":\"OptiMate\",\"url\":\"https:\/\/optimate1.com\/\",\"logo\":{\"@type\":\"ImageObject\",\"inLanguage\":\"fr-FR\",\"@id\":\"https:\/\/optimate1.com\/#\/schema\/logo\/image\/\",\"url\":\"https:\/\/optimate1.com\/wp-content\/uploads\/2021\/06\/optimate-hpbc-stacklogo.jpg\",\"contentUrl\":\"https:\/\/optimate1.com\/wp-content\/uploads\/2021\/06\/optimate-hpbc-stacklogo.jpg\",\"width\":1025,\"height\":529,\"caption\":\"OptiMate\"},\"image\":{\"@id\":\"https:\/\/optimate1.com\/#\/schema\/logo\/image\/\"},\"sameAs\":[\"https:\/\/www.facebook.com\/OptiMatebatterysavingcharger\/\"]}]}<\/script>\n<!-- \/ Yoast SEO plugin. -->","yoast_head_json":{"title":"OptiMate 2 - OptiMate","robots":{"index":"index","follow":"follow","max-snippet":"max-snippet:-1","max-image-preview":"max-image-preview:large","max-video-preview":"max-video-preview:-1"},"canonical":"https:\/\/optimate1.com\/product\/optimate-2\/","og_locale":"fr_FR","og_type":"article","og_title":"OptiMate 2 - OptiMate","og_description":"Chargeur-Mainteneur de batterie \u00e9tanche 12 V 0.8 A en 4 \u00e9tapes","og_url":"https:\/\/optimate1.com\/product\/optimate-2\/","og_site_name":"OptiMate","article_publisher":"https:\/\/www.facebook.com\/OptiMatebatterysavingcharger\/","article_modified_time":"2021-10-07T11:31:52+00:00","og_image":[{"width":900,"height":900,"url":"https:\/\/optimate1.com\/wp-content\/uploads\/2019\/06\/OptiMate-2-TM42x-5.png","type":"image\/png"}],"twitter_card":"summary_large_image","twitter_misc":{"Dur\u00e9e de lecture estim\u00e9e":"1 minute"},"schema":{"@context":"https:\/\/schema.org","@graph":[{"@type":"WebPage","@id":"https:\/\/optimate1.com\/product\/optimate-2\/","url":"https:\/\/optimate1.com\/product\/optimate-2\/","name":"OptiMate 2 - OptiMate","isPartOf":{"@id":"https:\/\/optimate1.com\/#website"},"primaryImageOfPage":{"@id":"https:\/\/optimate1.com\/product\/optimate-2\/#primaryimage"},"image":{"@id":"https:\/\/optimate1.com\/product\/optimate-2\/#primaryimage"},"thumbnailUrl":"https:\/\/optimate1.com\/wp-content\/uploads\/2019\/06\/OptiMate-2-TM42x-5.png","datePublished":"2019-06-06T00:07:44+00:00","dateModified":"2021-10-07T11:31:52+00:00","breadcrumb":{"@id":"https:\/\/optimate1.com\/product\/optimate-2\/#breadcrumb"},"inLanguage":"fr-FR","potentialAction":[{"@type":"ReadAction","target":["https:\/\/optimate1.com\/product\/optimate-2\/"]}]},{"@type":"ImageObject","inLanguage":"fr-FR","@id":"https:\/\/optimate1.com\/product\/optimate-2\/#primaryimage","url":"https:\/\/optimate1.com\/wp-content\/uploads\/2019\/06\/OptiMate-2-TM42x-5.png","contentUrl":"https:\/\/optimate1.com\/wp-content\/uploads\/2019\/06\/OptiMate-2-TM42x-5.png","width":900,"height":900},{"@type":"BreadcrumbList","@id":"https:\/\/optimate1.com\/product\/optimate-2\/#breadcrumb","itemListElement":[{"@type":"ListItem","position":1,"name":"Home","item":"https:\/\/optimate1.com\/"},{"@type":"ListItem","position":2,"name":"Produits","item":"https:\/\/optimate1.com\/shop\/"},{"@type":"ListItem","position":3,"name":"OptiMate 2"}]},{"@type":"WebSite","@id":"https:\/\/optimate1.com\/#website","url":"https:\/\/optimate1.com\/","name":"OptiMate","description":"Battery Chargers &amp; Accessories","publisher":{"@id":"https:\/\/optimate1.com\/#organization"},"potentialAction":[{"@type":"SearchAction","target":{"@type":"EntryPoint","urlTemplate":"https:\/\/optimate1.com\/?s={search_term_string}"},"query-input":{"@type":"PropertyValueSpecification","valueRequired":true,"valueName":"search_term_string"}}],"inLanguage":"fr-FR"},{"@type":"Organization","@id":"https:\/\/optimate1.com\/#organization","name":"OptiMate","url":"https:\/\/optimate1.com\/","logo":{"@type":"ImageObject","inLanguage":"fr-FR","@id":"https:\/\/optimate1.com\/#\/schema\/logo\/image\/","url":"https:\/\/optimate1.com\/wp-content\/uploads\/2021\/06\/optimate-hpbc-stacklogo.jpg","contentUrl":"https:\/\/optimate1.com\/wp-content\/uploads\/2021\/06\/optimate-hpbc-stacklogo.jpg","width":1025,"height":529,"caption":"OptiMate"},"image":{"@id":"https:\/\/optimate1.com\/#\/schema\/logo\/image\/"},"sameAs":["https:\/\/www.facebook.com\/OptiMatebatterysavingcharger\/"]}]}},"_links":{"self":[{"href":"https:\/\/optimate1.com\/fr\/wp-json\/wp\/v2\/product\/9111","targetHints":{"allow":["GET"]}}],"collection":[{"href":"https:\/\/optimate1.com\/fr\/wp-json\/wp\/v2\/product"}],"about":[{"href":"https:\/\/optimate1.com\/fr\/wp-json\/wp\/v2\/types\/product"}],"wp:featuredmedia":[{"embeddable":true,"href":"https:\/\/optimate1.com\/fr\/wp-json\/wp\/v2\/media\/2757"}],"wp:attachment":[{"href":"https:\/\/optimate1.com\/fr\/wp-json\/wp\/v2\/media?parent=9111"}],"wp:term":[{"taxonomy":"product_brand","embeddable":true,"href":"https:\/\/optimate1.com\/fr\/wp-json\/wp\/v2\/product_brand?post=9111"},{"taxonomy":"product_cat","embeddable":true,"href":"https:\/\/optimate1.com\/fr\/wp-json\/wp\/v2\/product_cat?post=9111"},{"taxonomy":"product_tag","embeddable":true,"href":"https:\/\/optimate1.com\/fr\/wp-json\/wp\/v2\/product_tag?post=9111"}],"curies":[{"name":"wp","href":"https:\/\/api.w.org\/{rel}","templated":true}]}}