{"id":9171,"date":"2019-06-06T11:50:52","date_gmt":"2019-06-06T15:50:52","guid":{"rendered":"https:\/\/optimate1.com\/product\/optimate-3-x-4-bank\/"},"modified":"2022-07-11T08:53:58","modified_gmt":"2022-07-11T12:53:58","slug":"optimate-3-x-4-bank-chargeur-batterie-quad","status":"publish","type":"product","link":"https:\/\/optimate1.com\/fr\/produit\/optimate-3-x-4-bank-chargeur-batterie-quad\/","title":{"rendered":"OptiMate 3 x 4 BANK"},"content":{"rendered":"<h3>Optimate 3 Quad bank, le chargeur et mainteneur \u00e0 4 batteries herm\u00e9tiquement scell\u00e9 pour batteries 12 V AGM, GEL ou STD &#8211; <em>Le choix id\u00e9al pour les ateliers de revendeurs fort occup\u00e9s !<\/em><\/h3>\n<ul>\n<li><strong><span style=\"color: #10069f;\">Les chargeurs OptiMate 3 b\u00e9n\u00e9ficient de la confiance des \u00e9quipementiers motocyclistes du monde entier<em>, notamment Honda, Triumph, Suzuki, Yamaha, Kawasaki et plus.\u00a0<\/em><\/span><\/strong><\/li>\n<li><strong><span style=\"color: #10069f;\">Chargez, testez et entretenez ind\u00e9pendamment 4 batteries 12 V plomb-acide (STD, AGM, GEL)<em> &#8211; toujours fra\u00eeches, toujours pr\u00eates!<\/em><br \/>\n<\/span><\/strong><\/li>\n<li><strong><span style=\"color: #10069f;\">Sauve les batterie sulfat\u00e9es &#8221; mortes &#8221; dont la tension est aussi basse que 2 V.\u00a0<\/span><\/strong><\/li>\n<li><strong><span style=\"color: #10069f;\">Teste automatiquement &#8211; indique s&#8217;il y a un probl\u00e8me de batterie<\/span><\/strong><\/li>\n<li><strong><span style=\"color: #10069f;\">La maintenance intelligente d&#8217;OptiMate 24-7 garantit plus de puissance de batterie, une plus longue dur\u00e9e de vie de la batterie !<\/span><\/strong><\/li>\n<\/ul>\n<p>Mod\u00e8les disponibles : Tous les chargeurs de batterie OptiMate repris dans la liste ci-dessous supportent une alimentation mondiale de 100-240 volts a.c. 50-60Hz, <a href=\"https:\/\/optimate1.com\/fr\/power-plugs-fr\/\">seul le TYPE de prise de courant diff\u00e8re<\/a>, en accord avec les lois nationales\/r\u00e9gionales en mati\u00e8re de s\u00e9curit\u00e9 \u00e9lectrique.<\/p>\n<div class=\"woocommerce columns-3 \"><\/div>\n","protected":false},"excerpt":{"rendered":"<h3><span style=\"color: #ff0000;\">Chargeur-Mainteneur-R\u00e9cup\u00e9rateur de batterie \u00e9tanche 4 x 12 V 0.8 A en 7 \u00e9tapes<\/span><\/h3>\n","protected":false},"featured_media":29971,"template":"","meta":[],"product_brand":[],"product_cat":[2257,2245],"product_tag":[],"class_list":{"0":"post-9171","1":"product","2":"type-product","3":"status-publish","4":"has-post-thumbnail","6":"product_cat-marine-chargers-fr","7":"product_cat-marine-fr","8":"pa_charge-battery-chemistry-pb-agm-gel-std-lead-acid-fr","9":"pa_charge-battery-more-12v-fr","10":"pa_charge-battery-more-moto-vehicule-tout-terrain","11":"pa_charge-battery-more-utv-sxs-cruiser-fr","12":"pa_power-ac-100-240vac-fr","13":"pa_product-group-optimate-3-fr","14":"pa_region-ca-fr","15":"pa_region-eu-fr-2","16":"pa_region-uk-fr-2","17":"pa_region-us-fr-2","18":"iside_vehicle-moto-mecaniques-fr","19":"iside_charger_series-silver-smarter-fr","20":"thunk-woo-product-list","21":"opn-qv-enable","22":"big-store-woo-hover-","23":"open-single-product-tab-horizontal","24":"open-shadow-","25":"open-shadow-hover-","27":"first","28":"instock","29":"featured","30":"shipping-taxable","31":"purchasable","32":"product-type-simple"},"yoast_head":"<!-- This site is optimized with the Yoast SEO plugin v27.2 - https:\/\/yoast.com\/product\/yoast-seo-wordpress\/ -->\n<title>OptiMate 3 x 4 BANK - OptiMate<\/title>\n<meta name=\"description\" content=\"L&#039;OptiMate 3 x 4 BANK est un chargeur batterie quad est pour des batteries 12V AGM, GEL ou STD. D\u00e9couvrez nos offres sur notre site.\" \/>\n<meta name=\"robots\" content=\"index, follow, max-snippet:-1, max-image-preview:large, max-video-preview:-1, noarchive\" \/>\n<link rel=\"canonical\" href=\"https:\/\/optimate1.com\/product\/om3x4-2020\/\" \/>\n<meta property=\"og:locale\" content=\"fr_FR\" \/>\n<meta property=\"og:type\" content=\"article\" \/>\n<meta property=\"og:title\" content=\"OptiMate 3 x 4 BANK - OptiMate\" \/>\n<meta property=\"og:description\" content=\"L&#039;OptiMate 3 x 4 BANK est un chargeur batterie quad est pour des batteries 12V AGM, GEL ou STD. D\u00e9couvrez nos offres sur notre site.\" \/>\n<meta property=\"og:url\" content=\"https:\/\/optimate1.com\/product\/om3x4-2020\/\" \/>\n<meta property=\"og:site_name\" content=\"OptiMate\" \/>\n<meta property=\"article:publisher\" content=\"https:\/\/www.facebook.com\/OptiMatebatterysavingcharger\/\" \/>\n<meta property=\"article:modified_time\" content=\"2022-07-11T12:53:58+00:00\" \/>\n<meta property=\"og:image\" content=\"https:\/\/optimate1.com\/wp-content\/uploads\/2022\/07\/OptiMate-3-4-bank-TM45x-silver-corner-fr.png\" \/>\n\t<meta property=\"og:image:width\" content=\"900\" \/>\n\t<meta property=\"og:image:height\" content=\"900\" \/>\n\t<meta property=\"og:image:type\" content=\"image\/png\" \/>\n<meta name=\"twitter:card\" content=\"summary_large_image\" \/>\n<meta name=\"twitter:label1\" content=\"Dur\u00e9e de lecture estim\u00e9e\" \/>\n\t<meta name=\"twitter:data1\" content=\"1 minute\" \/>\n<script type=\"application\/ld+json\" class=\"yoast-schema-graph\">{\"@context\":\"https:\/\/schema.org\",\"@graph\":[{\"@type\":\"WebPage\",\"@id\":\"https:\/\/optimate1.com\/product\/om3x4-2020\/\",\"url\":\"https:\/\/optimate1.com\/product\/om3x4-2020\/\",\"name\":\"OptiMate 3 x 4 BANK - OptiMate\",\"isPartOf\":{\"@id\":\"https:\/\/optimate1.com\/#website\"},\"primaryImageOfPage\":{\"@id\":\"https:\/\/optimate1.com\/product\/om3x4-2020\/#primaryimage\"},\"image\":{\"@id\":\"https:\/\/optimate1.com\/product\/om3x4-2020\/#primaryimage\"},\"thumbnailUrl\":\"https:\/\/optimate1.com\/wp-content\/uploads\/2022\/07\/OptiMate-3-4-bank-TM45x-silver-corner-fr.png\",\"datePublished\":\"2019-06-06T15:50:52+00:00\",\"dateModified\":\"2022-07-11T12:53:58+00:00\",\"description\":\"L'OptiMate 3 x 4 BANK est un chargeur batterie quad est pour des batteries 12V AGM, GEL ou STD. D\u00e9couvrez nos offres sur notre site.\",\"breadcrumb\":{\"@id\":\"https:\/\/optimate1.com\/product\/om3x4-2020\/#breadcrumb\"},\"inLanguage\":\"fr-FR\",\"potentialAction\":[{\"@type\":\"ReadAction\",\"target\":[\"https:\/\/optimate1.com\/product\/om3x4-2020\/\"]}]},{\"@type\":\"ImageObject\",\"inLanguage\":\"fr-FR\",\"@id\":\"https:\/\/optimate1.com\/product\/om3x4-2020\/#primaryimage\",\"url\":\"https:\/\/optimate1.com\/wp-content\/uploads\/2022\/07\/OptiMate-3-4-bank-TM45x-silver-corner-fr.png\",\"contentUrl\":\"https:\/\/optimate1.com\/wp-content\/uploads\/2022\/07\/OptiMate-3-4-bank-TM45x-silver-corner-fr.png\",\"width\":900,\"height\":900,\"caption\":\"chargeur batterie quad image du produit\"},{\"@type\":\"BreadcrumbList\",\"@id\":\"https:\/\/optimate1.com\/product\/om3x4-2020\/#breadcrumb\",\"itemListElement\":[{\"@type\":\"ListItem\",\"position\":1,\"name\":\"Home\",\"item\":\"https:\/\/optimate1.com\/\"},{\"@type\":\"ListItem\",\"position\":2,\"name\":\"Produits\",\"item\":\"https:\/\/optimate1.com\/shop\/\"},{\"@type\":\"ListItem\",\"position\":3,\"name\":\"OptiMate 3 x 4 BANK\"}]},{\"@type\":\"WebSite\",\"@id\":\"https:\/\/optimate1.com\/#website\",\"url\":\"https:\/\/optimate1.com\/\",\"name\":\"OptiMate\",\"description\":\"Battery Chargers &amp; Accessories\",\"publisher\":{\"@id\":\"https:\/\/optimate1.com\/#organization\"},\"potentialAction\":[{\"@type\":\"SearchAction\",\"target\":{\"@type\":\"EntryPoint\",\"urlTemplate\":\"https:\/\/optimate1.com\/?s={search_term_string}\"},\"query-input\":{\"@type\":\"PropertyValueSpecification\",\"valueRequired\":true,\"valueName\":\"search_term_string\"}}],\"inLanguage\":\"fr-FR\"},{\"@type\":\"Organization\",\"@id\":\"https:\/\/optimate1.com\/#organization\",\"name\":\"OptiMate\",\"url\":\"https:\/\/optimate1.com\/\",\"logo\":{\"@type\":\"ImageObject\",\"inLanguage\":\"fr-FR\",\"@id\":\"https:\/\/optimate1.com\/#\/schema\/logo\/image\/\",\"url\":\"https:\/\/optimate1.com\/wp-content\/uploads\/2021\/06\/optimate-hpbc-stacklogo.jpg\",\"contentUrl\":\"https:\/\/optimate1.com\/wp-content\/uploads\/2021\/06\/optimate-hpbc-stacklogo.jpg\",\"width\":1025,\"height\":529,\"caption\":\"OptiMate\"},\"image\":{\"@id\":\"https:\/\/optimate1.com\/#\/schema\/logo\/image\/\"},\"sameAs\":[\"https:\/\/www.facebook.com\/OptiMatebatterysavingcharger\/\"]}]}<\/script>\n<!-- \/ Yoast SEO plugin. -->","yoast_head_json":{"title":"OptiMate 3 x 4 BANK - OptiMate","description":"L'OptiMate 3 x 4 BANK est un chargeur batterie quad est pour des batteries 12V AGM, GEL ou STD. D\u00e9couvrez nos offres sur notre site.","robots":{"index":"index","follow":"follow","max-snippet":"max-snippet:-1","max-image-preview":"max-image-preview:large","max-video-preview":"max-video-preview:-1","archive":"noarchive"},"canonical":"https:\/\/optimate1.com\/product\/om3x4-2020\/","og_locale":"fr_FR","og_type":"article","og_title":"OptiMate 3 x 4 BANK - OptiMate","og_description":"L'OptiMate 3 x 4 BANK est un chargeur batterie quad est pour des batteries 12V AGM, GEL ou STD. D\u00e9couvrez nos offres sur notre site.","og_url":"https:\/\/optimate1.com\/product\/om3x4-2020\/","og_site_name":"OptiMate","article_publisher":"https:\/\/www.facebook.com\/OptiMatebatterysavingcharger\/","article_modified_time":"2022-07-11T12:53:58+00:00","og_image":[{"width":900,"height":900,"url":"https:\/\/optimate1.com\/wp-content\/uploads\/2022\/07\/OptiMate-3-4-bank-TM45x-silver-corner-fr.png","type":"image\/png"}],"twitter_card":"summary_large_image","twitter_misc":{"Dur\u00e9e de lecture estim\u00e9e":"1 minute"},"schema":{"@context":"https:\/\/schema.org","@graph":[{"@type":"WebPage","@id":"https:\/\/optimate1.com\/product\/om3x4-2020\/","url":"https:\/\/optimate1.com\/product\/om3x4-2020\/","name":"OptiMate 3 x 4 BANK - OptiMate","isPartOf":{"@id":"https:\/\/optimate1.com\/#website"},"primaryImageOfPage":{"@id":"https:\/\/optimate1.com\/product\/om3x4-2020\/#primaryimage"},"image":{"@id":"https:\/\/optimate1.com\/product\/om3x4-2020\/#primaryimage"},"thumbnailUrl":"https:\/\/optimate1.com\/wp-content\/uploads\/2022\/07\/OptiMate-3-4-bank-TM45x-silver-corner-fr.png","datePublished":"2019-06-06T15:50:52+00:00","dateModified":"2022-07-11T12:53:58+00:00","description":"L'OptiMate 3 x 4 BANK est un chargeur batterie quad est pour des batteries 12V AGM, GEL ou STD. D\u00e9couvrez nos offres sur notre site.","breadcrumb":{"@id":"https:\/\/optimate1.com\/product\/om3x4-2020\/#breadcrumb"},"inLanguage":"fr-FR","potentialAction":[{"@type":"ReadAction","target":["https:\/\/optimate1.com\/product\/om3x4-2020\/"]}]},{"@type":"ImageObject","inLanguage":"fr-FR","@id":"https:\/\/optimate1.com\/product\/om3x4-2020\/#primaryimage","url":"https:\/\/optimate1.com\/wp-content\/uploads\/2022\/07\/OptiMate-3-4-bank-TM45x-silver-corner-fr.png","contentUrl":"https:\/\/optimate1.com\/wp-content\/uploads\/2022\/07\/OptiMate-3-4-bank-TM45x-silver-corner-fr.png","width":900,"height":900,"caption":"chargeur batterie quad image du produit"},{"@type":"BreadcrumbList","@id":"https:\/\/optimate1.com\/product\/om3x4-2020\/#breadcrumb","itemListElement":[{"@type":"ListItem","position":1,"name":"Home","item":"https:\/\/optimate1.com\/"},{"@type":"ListItem","position":2,"name":"Produits","item":"https:\/\/optimate1.com\/shop\/"},{"@type":"ListItem","position":3,"name":"OptiMate 3 x 4 BANK"}]},{"@type":"WebSite","@id":"https:\/\/optimate1.com\/#website","url":"https:\/\/optimate1.com\/","name":"OptiMate","description":"Battery Chargers &amp; Accessories","publisher":{"@id":"https:\/\/optimate1.com\/#organization"},"potentialAction":[{"@type":"SearchAction","target":{"@type":"EntryPoint","urlTemplate":"https:\/\/optimate1.com\/?s={search_term_string}"},"query-input":{"@type":"PropertyValueSpecification","valueRequired":true,"valueName":"search_term_string"}}],"inLanguage":"fr-FR"},{"@type":"Organization","@id":"https:\/\/optimate1.com\/#organization","name":"OptiMate","url":"https:\/\/optimate1.com\/","logo":{"@type":"ImageObject","inLanguage":"fr-FR","@id":"https:\/\/optimate1.com\/#\/schema\/logo\/image\/","url":"https:\/\/optimate1.com\/wp-content\/uploads\/2021\/06\/optimate-hpbc-stacklogo.jpg","contentUrl":"https:\/\/optimate1.com\/wp-content\/uploads\/2021\/06\/optimate-hpbc-stacklogo.jpg","width":1025,"height":529,"caption":"OptiMate"},"image":{"@id":"https:\/\/optimate1.com\/#\/schema\/logo\/image\/"},"sameAs":["https:\/\/www.facebook.com\/OptiMatebatterysavingcharger\/"]}]}},"_links":{"self":[{"href":"https:\/\/optimate1.com\/fr\/wp-json\/wp\/v2\/product\/9171","targetHints":{"allow":["GET"]}}],"collection":[{"href":"https:\/\/optimate1.com\/fr\/wp-json\/wp\/v2\/product"}],"about":[{"href":"https:\/\/optimate1.com\/fr\/wp-json\/wp\/v2\/types\/product"}],"wp:featuredmedia":[{"embeddable":true,"href":"https:\/\/optimate1.com\/fr\/wp-json\/wp\/v2\/media\/29971"}],"wp:attachment":[{"href":"https:\/\/optimate1.com\/fr\/wp-json\/wp\/v2\/media?parent=9171"}],"wp:term":[{"taxonomy":"product_brand","embeddable":true,"href":"https:\/\/optimate1.com\/fr\/wp-json\/wp\/v2\/product_brand?post=9171"},{"taxonomy":"product_cat","embeddable":true,"href":"https:\/\/optimate1.com\/fr\/wp-json\/wp\/v2\/product_cat?post=9171"},{"taxonomy":"product_tag","embeddable":true,"href":"https:\/\/optimate1.com\/fr\/wp-json\/wp\/v2\/product_tag?post=9171"}],"curies":[{"name":"wp","href":"https:\/\/api.w.org\/{rel}","templated":true}]}}