{"id":9191,"date":"2019-03-30T20:31:48","date_gmt":"2019-03-31T00:31:48","guid":{"rendered":"https:\/\/optimate1.com\/product\/optimate-4-dual-program\/"},"modified":"2022-07-11T09:00:59","modified_gmt":"2022-07-11T13:00:59","slug":"optimate-4-dual-program","status":"publish","type":"product","link":"https:\/\/optimate1.com\/fr\/produit\/optimate-4-dual-program\/","title":{"rendered":"OptiMate 4 Dual Program"},"content":{"rendered":"<h3 class=\"entry-summary hidden-phone\">OptiMate 4 Dual Program, le chargeur de batterie 12 V le plus avanc\u00e9 et le plus fiable pour votre moto de haute performance ou de tourisme, quad, c\u00f4te \u00e0 c\u00f4te ou scooter des mers &#8211; <em>Le chargeur &#8216;1 Amp&#8217; le plus \u00e9co-\u00e9nerg\u00e9tique au monde !<\/em><\/h3>\n<ul>\n<li><strong><span style=\"color: #10069f;\">Dual Charge Program en qui les motocyclistes du monde entier ont confiance &#8211;<em> Chargez directement vers la batterie ou via une prise 12 V sur les motos BMW avec bus CAN.<\/em><\/span><\/strong><\/li>\n<li><strong><span style=\"color: #10069f;\">Chargez, testez et entretenez votre batterie de d\u00e9marrage au plomb-acide (STD, AGM, GEL) de 12 V ou votre batterie \u00e0 d\u00e9charge profonde.<em> &#8211; Performance de la batterie garantie ! <\/em><br \/>\n<\/span><\/strong><\/li>\n<li><strong><span style=\"color: #10069f;\">Permet de sauver les batteries sulfat\u00e9es &#8221; mortes &#8221; \u00e0 partir d&#8217;aussi peu que 0,5 V<em> &#8211; Le programme de r\u00e9cup\u00e9ration le plus avanc\u00e9 !\u00a0<\/em><\/span><\/strong><\/li>\n<li><strong><span style=\"color: #10069f;\">Tests avanc\u00e9s et pr\u00e9cis avant et apr\u00e8s la charge.\u00a0<\/span><\/strong><\/li>\n<li><strong><span style=\"color: #10069f;\">La maintenance intelligente d&#8217;OptiMate 24-7 garantit plus de puissance de batterie, une plus longue dur\u00e9e de vie de la batterie !<br \/>\n<\/span><\/strong><\/li>\n<\/ul>\n<p>Mod\u00e8les disponibles : Tous les chargeurs de batterie OptiMate repris dans la liste ci-dessous supportent une alimentation mondiale de 100-240 volts a.c. 50-60Hz, <a href=\"https:\/\/optimate1.com\/fr\/power-plugs-fr\/\">seul le TYPE de prise de courant diff\u00e8re<\/a>, en accord avec les lois nationales\/r\u00e9gionales en mati\u00e8re de s\u00e9curit\u00e9 \u00e9lectrique.<\/p>\n<div class=\"woocommerce columns-3 \"><ul class=\"products columns-3\">\n<li class=\"thunk-woo-product-list opn-qv-enable big-store-woo-hover- open-single-product-tab-horizontal open-shadow- open-shadow-hover- product type-product product_cat-battery-chargers-fr post-9192 status-publish first instock has-post-thumbnail shipping-taxable purchasable product-type-variation\">\n\t<div class=\"thunk-product-wrap\"><div class=\"thunk-product\"><a href=\"https:\/\/optimate1.com\/fr\/produit\/optimate-4-dual-program\/?attribute_pa_region=us-fr-2\" class=\"woocommerce-LoopProduct-link woocommerce-loop-product__link\"><div class=\"thunk-product-image\"><img loading=\"lazy\" decoding=\"async\" width=\"320\" height=\"320\" src=\"https:\/\/optimate1.com\/wp-content\/uploads\/2019\/03\/OptiMate-4-Dual-Program-TM341-3-1-320x320.png\" class=\"attachment-woocommerce_thumbnail size-woocommerce_thumbnail\" alt=\"OptiMate 4 Dual ProgramTYPE A\" srcset=\"https:\/\/optimate1.com\/wp-content\/uploads\/2019\/03\/OptiMate-4-Dual-Program-TM341-3-1-320x320.png 320w, https:\/\/optimate1.com\/wp-content\/uploads\/2019\/03\/OptiMate-4-Dual-Program-TM341-3-1-100x100.png 100w, https:\/\/optimate1.com\/wp-content\/uploads\/2019\/03\/OptiMate-4-Dual-Program-TM341-3-1-600x600.png 600w, https:\/\/optimate1.com\/wp-content\/uploads\/2019\/03\/OptiMate-4-Dual-Program-TM341-3-1-64x64.png 64w, https:\/\/optimate1.com\/wp-content\/uploads\/2019\/03\/OptiMate-4-Dual-Program-TM341-3-1-150x150.png 150w, https:\/\/optimate1.com\/wp-content\/uploads\/2019\/03\/OptiMate-4-Dual-Program-TM341-3-1-300x300.png 300w, https:\/\/optimate1.com\/wp-content\/uploads\/2019\/03\/OptiMate-4-Dual-Program-TM341-3-1-768x768.png 768w, https:\/\/optimate1.com\/wp-content\/uploads\/2019\/03\/OptiMate-4-Dual-Program-TM341-3-1.png 900w\" sizes=\"auto, (max-width: 320px) 100vw, 320px\" \/><\/div><div class=\"thunk-product-content\"><h2 class=\"woocommerce-loop-product__title\">OptiMate 4 Dual ProgramTYPE A<\/h2>\n\t<span class=\"price\"><span class=\"woocommerce-Price-amount amount\"><bdi><span class=\"woocommerce-Price-currencySymbol\">&#36;<\/span>84.95<\/bdi><\/span><\/span>\n<\/div><div class=\"thunk-product-hover\"><\/a>           <div class=\"os-product-excerpt\"><p>Region: US<\/p>\n<\/div>\n        <div class=\"thunk-quik\">\n\t\t\t             <div class=\"thunk-quickview\">\n                               <span class=\"quik-view\">\n                                   <a href=\"#\" class=\"opn-quick-view-text\"  data-product_id=\"9192\">\n                                      <span>Quick View<\/span>\n                                    \n                                   <\/a>\n                            <\/span>\n                          <\/div><\/div><\/div><\/div><\/div><\/li>\n<li class=\"thunk-woo-product-list opn-qv-enable big-store-woo-hover- open-single-product-tab-horizontal open-shadow- open-shadow-hover- product type-product product_cat-battery-chargers-fr post-9193 status-publish instock has-post-thumbnail shipping-taxable purchasable product-type-variation\">\n\t<div class=\"thunk-product-wrap\"><div class=\"thunk-product\"><a href=\"https:\/\/optimate1.com\/fr\/produit\/optimate-4-dual-program\/?attribute_pa_region=eu-fr-2\" class=\"woocommerce-LoopProduct-link woocommerce-loop-product__link\"><div class=\"thunk-product-image\"><img loading=\"lazy\" decoding=\"async\" width=\"320\" height=\"320\" src=\"https:\/\/optimate1.com\/wp-content\/uploads\/2019\/06\/OptiMate-4-Dual-Program-TM340-3-320x320.png\" class=\"attachment-woocommerce_thumbnail size-woocommerce_thumbnail\" alt=\"OptiMate 4 Dual Program 1ATYPE C\" srcset=\"https:\/\/optimate1.com\/wp-content\/uploads\/2019\/06\/OptiMate-4-Dual-Program-TM340-3-320x320.png 320w, https:\/\/optimate1.com\/wp-content\/uploads\/2019\/06\/OptiMate-4-Dual-Program-TM340-3-100x100.png 100w, https:\/\/optimate1.com\/wp-content\/uploads\/2019\/06\/OptiMate-4-Dual-Program-TM340-3-600x600.png 600w, https:\/\/optimate1.com\/wp-content\/uploads\/2019\/06\/OptiMate-4-Dual-Program-TM340-3-64x64.png 64w, https:\/\/optimate1.com\/wp-content\/uploads\/2019\/06\/OptiMate-4-Dual-Program-TM340-3-150x150.png 150w, https:\/\/optimate1.com\/wp-content\/uploads\/2019\/06\/OptiMate-4-Dual-Program-TM340-3-300x300.png 300w, https:\/\/optimate1.com\/wp-content\/uploads\/2019\/06\/OptiMate-4-Dual-Program-TM340-3-768x768.png 768w, https:\/\/optimate1.com\/wp-content\/uploads\/2019\/06\/OptiMate-4-Dual-Program-TM340-3.png 900w\" sizes=\"auto, (max-width: 320px) 100vw, 320px\" \/><\/div><div class=\"thunk-product-content\"><h2 class=\"woocommerce-loop-product__title\">OptiMate 4 Dual Program 1ATYPE C<\/h2>\n\t<span class=\"price\"><span class=\"woocommerce-Price-amount amount\"><bdi><span class=\"woocommerce-Price-currencySymbol\">&#36;<\/span>84.95<\/bdi><\/span><\/span>\n<\/div><div class=\"thunk-product-hover\"><\/a>           <div class=\"os-product-excerpt\"><p>Region: EU<\/p>\n<\/div>\n        <div class=\"thunk-quik\">\n\t\t\t             <div class=\"thunk-quickview\">\n                               <span class=\"quik-view\">\n                                   <a href=\"#\" class=\"opn-quick-view-text\"  data-product_id=\"9193\">\n                                      <span>Quick View<\/span>\n                                    \n                                   <\/a>\n                            <\/span>\n                          <\/div><\/div><\/div><\/div><\/div><\/li>\n<li class=\"thunk-woo-product-list opn-qv-enable big-store-woo-hover- open-single-product-tab-horizontal open-shadow- open-shadow-hover- product type-product product_cat-battery-chargers-fr post-9194 status-publish last instock has-post-thumbnail shipping-taxable purchasable product-type-variation\">\n\t<div class=\"thunk-product-wrap\"><div class=\"thunk-product\"><a href=\"https:\/\/optimate1.com\/fr\/produit\/optimate-4-dual-program\/?attribute_pa_region=uk-fr-2\" class=\"woocommerce-LoopProduct-link woocommerce-loop-product__link\"><div class=\"thunk-product-image\"><img loading=\"lazy\" decoding=\"async\" width=\"320\" height=\"320\" src=\"https:\/\/optimate1.com\/wp-content\/uploads\/2019\/06\/OptiMate-4-Dual-Program-TM342-3-320x320.jpg\" class=\"attachment-woocommerce_thumbnail size-woocommerce_thumbnail\" alt=\"OptiMate 4 Dual Program 1A BSTYPE G\" srcset=\"https:\/\/optimate1.com\/wp-content\/uploads\/2019\/06\/OptiMate-4-Dual-Program-TM342-3-320x320.jpg 320w, https:\/\/optimate1.com\/wp-content\/uploads\/2019\/06\/OptiMate-4-Dual-Program-TM342-3-100x100.jpg 100w, https:\/\/optimate1.com\/wp-content\/uploads\/2019\/06\/OptiMate-4-Dual-Program-TM342-3-600x600.jpg 600w, https:\/\/optimate1.com\/wp-content\/uploads\/2019\/06\/OptiMate-4-Dual-Program-TM342-3-64x64.jpg 64w, https:\/\/optimate1.com\/wp-content\/uploads\/2019\/06\/OptiMate-4-Dual-Program-TM342-3-150x150.jpg 150w, https:\/\/optimate1.com\/wp-content\/uploads\/2019\/06\/OptiMate-4-Dual-Program-TM342-3-300x300.jpg 300w, https:\/\/optimate1.com\/wp-content\/uploads\/2019\/06\/OptiMate-4-Dual-Program-TM342-3-768x768.jpg 768w, https:\/\/optimate1.com\/wp-content\/uploads\/2019\/06\/OptiMate-4-Dual-Program-TM342-3.jpg 900w\" sizes=\"auto, (max-width: 320px) 100vw, 320px\" \/><\/div><div class=\"thunk-product-content\"><h2 class=\"woocommerce-loop-product__title\">OptiMate 4 Dual Program 1A BSTYPE G<\/h2>\n\t<span class=\"price\"><span class=\"woocommerce-Price-amount amount\"><bdi><span class=\"woocommerce-Price-currencySymbol\">&#36;<\/span>84.95<\/bdi><\/span><\/span>\n<\/div><div class=\"thunk-product-hover\"><\/a>           <div class=\"os-product-excerpt\"><p>Region: UK<\/p>\n<\/div>\n        <div class=\"thunk-quik\">\n\t\t\t             <div class=\"thunk-quickview\">\n                               <span class=\"quik-view\">\n                                   <a href=\"#\" class=\"opn-quick-view-text\"  data-product_id=\"9194\">\n                                      <span>Quick View<\/span>\n                                    \n                                   <\/a>\n                            <\/span>\n                          <\/div><\/div><\/div><\/div><\/div><\/li>\n<\/ul>\n<\/div>\n<p>&nbsp;<\/p>\n","protected":false},"excerpt":{"rendered":"<h3><span style=\"color: #cd202c;\">Chargeur-Mainteneur-r\u00e9cup\u00e9rateur de batterie \u00e9tanche 12 V 1 A en 9 \u00e9tapes<\/span><\/h3>\n","protected":false},"featured_media":29976,"template":"","meta":[],"product_brand":[],"product_cat":[394],"product_tag":[],"class_list":{"0":"post-9191","1":"product","2":"type-product","3":"status-publish","4":"has-post-thumbnail","6":"product_cat-battery-chargers-fr","7":"pa_charge-battery-chemistry-pb-agm-gel-std-lead-acid-fr","8":"pa_charge-battery-more-12v-fr","9":"pa_charge-battery-more-moto-vehicule-tout-terrain","10":"pa_charge-battery-more-utv-sxs-cruiser-fr","11":"pa_power-ac-100-240vac-fr","12":"pa_product-group-optimate-4-fr","13":"pa_region-ca-fr","14":"pa_region-eu-fr-2","15":"pa_region-uk-fr-2","16":"pa_region-us-fr-2","17":"iside_voltage-12-fr","18":"iside_ampere-1-fr","19":"iside_vehicle-moto-mecaniques-fr","20":"iside_charger_series-gold-advanced-fr-2","21":"iside_battery_voltage-12v-fr","22":"thunk-woo-product-list","23":"opn-qv-enable","24":"big-store-woo-hover-","25":"open-single-product-tab-horizontal","26":"open-shadow-","27":"open-shadow-hover-","31":"first","32":"instock","33":"featured","34":"shipping-taxable","35":"purchasable","36":"product-type-variable"},"yoast_head":"<!-- This site is optimized with the Yoast SEO plugin v27.2 - https:\/\/yoast.com\/product\/yoast-seo-wordpress\/ -->\n<title>OptiMate 4 Dual Program - OptiMate<\/title>\n<meta name=\"description\" content=\"L&#039;OptiMate 4 Dual Program est le chargeur de batterie 12 V le plus avanc\u00e9 et le plus fiable pour votre moto de haute performance. Lisez plus!\" \/>\n<meta name=\"robots\" content=\"index, follow, max-snippet:-1, max-image-preview:large, max-video-preview:-1, noarchive\" \/>\n<link rel=\"canonical\" href=\"https:\/\/optimate1.com\/product\/om4\/\" \/>\n<meta property=\"og:locale\" content=\"fr_FR\" \/>\n<meta property=\"og:type\" content=\"article\" \/>\n<meta property=\"og:title\" content=\"OptiMate 4 Dual Program - OptiMate\" \/>\n<meta property=\"og:description\" content=\"L&#039;OptiMate 4 Dual Program est le chargeur de batterie 12 V le plus avanc\u00e9 et le plus fiable pour votre moto de haute performance. Lisez plus!\" \/>\n<meta property=\"og:url\" content=\"https:\/\/optimate1.com\/product\/om4\/\" \/>\n<meta property=\"og:site_name\" content=\"OptiMate\" \/>\n<meta property=\"article:publisher\" content=\"https:\/\/www.facebook.com\/OptiMatebatterysavingcharger\/\" \/>\n<meta property=\"article:modified_time\" content=\"2022-07-11T13:00:59+00:00\" \/>\n<meta property=\"og:image\" content=\"https:\/\/optimate1.com\/wp-content\/uploads\/2022\/07\/OptiMate-4-Dual-Program-TM34x-gold-fr.png\" \/>\n\t<meta property=\"og:image:width\" content=\"900\" \/>\n\t<meta property=\"og:image:height\" content=\"900\" \/>\n\t<meta property=\"og:image:type\" content=\"image\/png\" \/>\n<meta name=\"twitter:card\" content=\"summary_large_image\" \/>\n<meta name=\"twitter:label1\" content=\"Dur\u00e9e de lecture estim\u00e9e\" \/>\n\t<meta name=\"twitter:data1\" content=\"1 minute\" \/>\n<script type=\"application\/ld+json\" class=\"yoast-schema-graph\">{\"@context\":\"https:\/\/schema.org\",\"@graph\":[{\"@type\":\"WebPage\",\"@id\":\"https:\/\/optimate1.com\/product\/om4\/\",\"url\":\"https:\/\/optimate1.com\/product\/om4\/\",\"name\":\"OptiMate 4 Dual Program - OptiMate\",\"isPartOf\":{\"@id\":\"https:\/\/optimate1.com\/#website\"},\"primaryImageOfPage\":{\"@id\":\"https:\/\/optimate1.com\/product\/om4\/#primaryimage\"},\"image\":{\"@id\":\"https:\/\/optimate1.com\/product\/om4\/#primaryimage\"},\"thumbnailUrl\":\"https:\/\/optimate1.com\/wp-content\/uploads\/2022\/07\/OptiMate-4-Dual-Program-TM34x-gold-fr.png\",\"datePublished\":\"2019-03-31T00:31:48+00:00\",\"dateModified\":\"2022-07-11T13:00:59+00:00\",\"description\":\"L'OptiMate 4 Dual Program est le chargeur de batterie 12 V le plus avanc\u00e9 et le plus fiable pour votre moto de haute performance. Lisez plus!\",\"breadcrumb\":{\"@id\":\"https:\/\/optimate1.com\/product\/om4\/#breadcrumb\"},\"inLanguage\":\"fr-FR\",\"potentialAction\":[{\"@type\":\"ReadAction\",\"target\":[\"https:\/\/optimate1.com\/product\/om4\/\"]}]},{\"@type\":\"ImageObject\",\"inLanguage\":\"fr-FR\",\"@id\":\"https:\/\/optimate1.com\/product\/om4\/#primaryimage\",\"url\":\"https:\/\/optimate1.com\/wp-content\/uploads\/2022\/07\/OptiMate-4-Dual-Program-TM34x-gold-fr.png\",\"contentUrl\":\"https:\/\/optimate1.com\/wp-content\/uploads\/2022\/07\/OptiMate-4-Dual-Program-TM34x-gold-fr.png\",\"width\":900,\"height\":900,\"caption\":\"optimate 4 dual image du produit\"},{\"@type\":\"BreadcrumbList\",\"@id\":\"https:\/\/optimate1.com\/product\/om4\/#breadcrumb\",\"itemListElement\":[{\"@type\":\"ListItem\",\"position\":1,\"name\":\"Home\",\"item\":\"https:\/\/optimate1.com\/\"},{\"@type\":\"ListItem\",\"position\":2,\"name\":\"Produits\",\"item\":\"https:\/\/optimate1.com\/shop\/\"},{\"@type\":\"ListItem\",\"position\":3,\"name\":\"OptiMate 4 Dual Program\"}]},{\"@type\":\"WebSite\",\"@id\":\"https:\/\/optimate1.com\/#website\",\"url\":\"https:\/\/optimate1.com\/\",\"name\":\"OptiMate\",\"description\":\"Battery Chargers &amp; Accessories\",\"publisher\":{\"@id\":\"https:\/\/optimate1.com\/#organization\"},\"potentialAction\":[{\"@type\":\"SearchAction\",\"target\":{\"@type\":\"EntryPoint\",\"urlTemplate\":\"https:\/\/optimate1.com\/?s={search_term_string}\"},\"query-input\":{\"@type\":\"PropertyValueSpecification\",\"valueRequired\":true,\"valueName\":\"search_term_string\"}}],\"inLanguage\":\"fr-FR\"},{\"@type\":\"Organization\",\"@id\":\"https:\/\/optimate1.com\/#organization\",\"name\":\"OptiMate\",\"url\":\"https:\/\/optimate1.com\/\",\"logo\":{\"@type\":\"ImageObject\",\"inLanguage\":\"fr-FR\",\"@id\":\"https:\/\/optimate1.com\/#\/schema\/logo\/image\/\",\"url\":\"https:\/\/optimate1.com\/wp-content\/uploads\/2021\/06\/optimate-hpbc-stacklogo.jpg\",\"contentUrl\":\"https:\/\/optimate1.com\/wp-content\/uploads\/2021\/06\/optimate-hpbc-stacklogo.jpg\",\"width\":1025,\"height\":529,\"caption\":\"OptiMate\"},\"image\":{\"@id\":\"https:\/\/optimate1.com\/#\/schema\/logo\/image\/\"},\"sameAs\":[\"https:\/\/www.facebook.com\/OptiMatebatterysavingcharger\/\"]}]}<\/script>\n<!-- \/ Yoast SEO plugin. -->","yoast_head_json":{"title":"OptiMate 4 Dual Program - OptiMate","description":"L'OptiMate 4 Dual Program est le chargeur de batterie 12 V le plus avanc\u00e9 et le plus fiable pour votre moto de haute performance. Lisez plus!","robots":{"index":"index","follow":"follow","max-snippet":"max-snippet:-1","max-image-preview":"max-image-preview:large","max-video-preview":"max-video-preview:-1","archive":"noarchive"},"canonical":"https:\/\/optimate1.com\/product\/om4\/","og_locale":"fr_FR","og_type":"article","og_title":"OptiMate 4 Dual Program - OptiMate","og_description":"L'OptiMate 4 Dual Program est le chargeur de batterie 12 V le plus avanc\u00e9 et le plus fiable pour votre moto de haute performance. Lisez plus!","og_url":"https:\/\/optimate1.com\/product\/om4\/","og_site_name":"OptiMate","article_publisher":"https:\/\/www.facebook.com\/OptiMatebatterysavingcharger\/","article_modified_time":"2022-07-11T13:00:59+00:00","og_image":[{"width":900,"height":900,"url":"https:\/\/optimate1.com\/wp-content\/uploads\/2022\/07\/OptiMate-4-Dual-Program-TM34x-gold-fr.png","type":"image\/png"}],"twitter_card":"summary_large_image","twitter_misc":{"Dur\u00e9e de lecture estim\u00e9e":"1 minute"},"schema":{"@context":"https:\/\/schema.org","@graph":[{"@type":"WebPage","@id":"https:\/\/optimate1.com\/product\/om4\/","url":"https:\/\/optimate1.com\/product\/om4\/","name":"OptiMate 4 Dual Program - OptiMate","isPartOf":{"@id":"https:\/\/optimate1.com\/#website"},"primaryImageOfPage":{"@id":"https:\/\/optimate1.com\/product\/om4\/#primaryimage"},"image":{"@id":"https:\/\/optimate1.com\/product\/om4\/#primaryimage"},"thumbnailUrl":"https:\/\/optimate1.com\/wp-content\/uploads\/2022\/07\/OptiMate-4-Dual-Program-TM34x-gold-fr.png","datePublished":"2019-03-31T00:31:48+00:00","dateModified":"2022-07-11T13:00:59+00:00","description":"L'OptiMate 4 Dual Program est le chargeur de batterie 12 V le plus avanc\u00e9 et le plus fiable pour votre moto de haute performance. Lisez plus!","breadcrumb":{"@id":"https:\/\/optimate1.com\/product\/om4\/#breadcrumb"},"inLanguage":"fr-FR","potentialAction":[{"@type":"ReadAction","target":["https:\/\/optimate1.com\/product\/om4\/"]}]},{"@type":"ImageObject","inLanguage":"fr-FR","@id":"https:\/\/optimate1.com\/product\/om4\/#primaryimage","url":"https:\/\/optimate1.com\/wp-content\/uploads\/2022\/07\/OptiMate-4-Dual-Program-TM34x-gold-fr.png","contentUrl":"https:\/\/optimate1.com\/wp-content\/uploads\/2022\/07\/OptiMate-4-Dual-Program-TM34x-gold-fr.png","width":900,"height":900,"caption":"optimate 4 dual image du produit"},{"@type":"BreadcrumbList","@id":"https:\/\/optimate1.com\/product\/om4\/#breadcrumb","itemListElement":[{"@type":"ListItem","position":1,"name":"Home","item":"https:\/\/optimate1.com\/"},{"@type":"ListItem","position":2,"name":"Produits","item":"https:\/\/optimate1.com\/shop\/"},{"@type":"ListItem","position":3,"name":"OptiMate 4 Dual Program"}]},{"@type":"WebSite","@id":"https:\/\/optimate1.com\/#website","url":"https:\/\/optimate1.com\/","name":"OptiMate","description":"Battery Chargers &amp; Accessories","publisher":{"@id":"https:\/\/optimate1.com\/#organization"},"potentialAction":[{"@type":"SearchAction","target":{"@type":"EntryPoint","urlTemplate":"https:\/\/optimate1.com\/?s={search_term_string}"},"query-input":{"@type":"PropertyValueSpecification","valueRequired":true,"valueName":"search_term_string"}}],"inLanguage":"fr-FR"},{"@type":"Organization","@id":"https:\/\/optimate1.com\/#organization","name":"OptiMate","url":"https:\/\/optimate1.com\/","logo":{"@type":"ImageObject","inLanguage":"fr-FR","@id":"https:\/\/optimate1.com\/#\/schema\/logo\/image\/","url":"https:\/\/optimate1.com\/wp-content\/uploads\/2021\/06\/optimate-hpbc-stacklogo.jpg","contentUrl":"https:\/\/optimate1.com\/wp-content\/uploads\/2021\/06\/optimate-hpbc-stacklogo.jpg","width":1025,"height":529,"caption":"OptiMate"},"image":{"@id":"https:\/\/optimate1.com\/#\/schema\/logo\/image\/"},"sameAs":["https:\/\/www.facebook.com\/OptiMatebatterysavingcharger\/"]}]}},"_links":{"self":[{"href":"https:\/\/optimate1.com\/fr\/wp-json\/wp\/v2\/product\/9191","targetHints":{"allow":["GET"]}}],"collection":[{"href":"https:\/\/optimate1.com\/fr\/wp-json\/wp\/v2\/product"}],"about":[{"href":"https:\/\/optimate1.com\/fr\/wp-json\/wp\/v2\/types\/product"}],"wp:featuredmedia":[{"embeddable":true,"href":"https:\/\/optimate1.com\/fr\/wp-json\/wp\/v2\/media\/29976"}],"wp:attachment":[{"href":"https:\/\/optimate1.com\/fr\/wp-json\/wp\/v2\/media?parent=9191"}],"wp:term":[{"taxonomy":"product_brand","embeddable":true,"href":"https:\/\/optimate1.com\/fr\/wp-json\/wp\/v2\/product_brand?post=9191"},{"taxonomy":"product_cat","embeddable":true,"href":"https:\/\/optimate1.com\/fr\/wp-json\/wp\/v2\/product_cat?post=9191"},{"taxonomy":"product_tag","embeddable":true,"href":"https:\/\/optimate1.com\/fr\/wp-json\/wp\/v2\/product_tag?post=9191"}],"curies":[{"name":"wp","href":"https:\/\/api.w.org\/{rel}","templated":true}]}}