{"id":9226,"date":"2019-06-07T11:44:25","date_gmt":"2019-06-07T15:44:25","guid":{"rendered":"https:\/\/optimate1.com\/product\/optimate-5-start-stop\/"},"modified":"2021-10-07T07:43:19","modified_gmt":"2021-10-07T11:43:19","slug":"optimate-5-start-stop","status":"publish","type":"product","link":"https:\/\/optimate1.com\/fr\/produit\/optimate-5-start-stop\/","title":{"rendered":"OptiMate 5 Start-Stop"},"content":{"rendered":"<h3>OptiMate 5 Start\/Stop, le chargeur d&#8217;alimentation et d&#8217;entretien parfait pour votre voiture, pick-up et votre moto Vtwin ou 4 roues (quad\/ c\u00f4te \u00e0 c\u00f4te) &#8211; <em>un entretien 24-7 de batterie pour batteries 12 V moyennes \u00e0 grandes !\u00a0<\/em><\/h3>\n<ul>\n<li><span style=\"color: #10069f;\"><b>Chargez, testez et entretenez votre batterie 12 V AGM, GEL, EFB ou STD de d\u00e9marrage ou batterie \u00e0 d\u00e9charge profonde<em>. &#8211; Performance de la batterie garantie !\u00a0<\/em><\/b><\/span><\/li>\n<li><span style=\"color: #10069f;\"><b>La charge de puissance fournit un courant constant de 4 A <em>&#8211; Charge plus rapidement, obtenez plus t\u00f4t le v\u00e9hicule en ordre de marche !<\/em><\/b><\/span><\/li>\n<li><span style=\"color: #10069f;\"><b>Id\u00e9al pour les voitures respectueuses de l&#8217;environnement avec technologie start-stop <em>&#8211; 100 % s\u00fbr pour l&#8217;\u00e9lectronique sensible.\u00a0<\/em><\/b><\/span><\/li>\n<li><span style=\"color: #10069f;\"><b>La maintenance intelligente d&#8217;OptiMate 24-7 garantit plus de puissance de batterie, une plus longue dur\u00e9e de vie de la batterie !<br \/>\n<\/b><\/span><\/li>\n<\/ul>\n<p>Mod\u00e8les disponibles : Tous les chargeurs de batterie OptiMate repris dans la liste ci-dessous supportent une alimentation mondiale de 100-240 volts a.c. 50-60Hz, <a href=\"https:\/\/optimate1.com\/fr\/power-plugs-fr\/\">seul le TYPE de prise de courant diff\u00e8re<\/a>, en accord avec les lois nationales\/r\u00e9gionales en mati\u00e8re de s\u00e9curit\u00e9 \u00e9lectrique.<\/p>\n<div class=\"woocommerce columns-3 \"><ul class=\"products columns-3\">\n<li class=\"thunk-woo-product-list opn-qv-enable big-store-woo-hover- open-single-product-tab-horizontal open-shadow- open-shadow-hover- product type-product product_cat-marine-chargers-fr product_cat-marine-fr post-9227 status-publish first instock has-post-thumbnail shipping-taxable purchasable product-type-variation\">\n\t<div class=\"thunk-product-wrap\"><div class=\"thunk-product\"><a href=\"https:\/\/optimate1.com\/fr\/produit\/optimate-5-start-stop\/?attribute_pa_region=us-fr-2\" class=\"woocommerce-LoopProduct-link woocommerce-loop-product__link\"><div class=\"thunk-product-image\"><img loading=\"lazy\" decoding=\"async\" width=\"320\" height=\"320\" src=\"https:\/\/optimate1.com\/wp-content\/uploads\/2019\/06\/OptiMate-5-Start-Stop-TM220221-3-1-320x320.png\" class=\"attachment-woocommerce_thumbnail size-woocommerce_thumbnail\" alt=\"OptiMATE 5 Start\/Stop&lt;br \/&gt;TYPE A\" srcset=\"https:\/\/optimate1.com\/wp-content\/uploads\/2019\/06\/OptiMate-5-Start-Stop-TM220221-3-1-320x320.png 320w, https:\/\/optimate1.com\/wp-content\/uploads\/2019\/06\/OptiMate-5-Start-Stop-TM220221-3-1-100x100.png 100w, https:\/\/optimate1.com\/wp-content\/uploads\/2019\/06\/OptiMate-5-Start-Stop-TM220221-3-1-600x600.png 600w, https:\/\/optimate1.com\/wp-content\/uploads\/2019\/06\/OptiMate-5-Start-Stop-TM220221-3-1-64x64.png 64w, https:\/\/optimate1.com\/wp-content\/uploads\/2019\/06\/OptiMate-5-Start-Stop-TM220221-3-1-150x150.png 150w, https:\/\/optimate1.com\/wp-content\/uploads\/2019\/06\/OptiMate-5-Start-Stop-TM220221-3-1-300x300.png 300w, https:\/\/optimate1.com\/wp-content\/uploads\/2019\/06\/OptiMate-5-Start-Stop-TM220221-3-1-768x768.png 768w, https:\/\/optimate1.com\/wp-content\/uploads\/2019\/06\/OptiMate-5-Start-Stop-TM220221-3-1.png 900w\" sizes=\"auto, (max-width: 320px) 100vw, 320px\" \/><\/div><div class=\"thunk-product-content\"><h2 class=\"woocommerce-loop-product__title\">OptiMATE 5 Start\/Stop<br \/>TYPE A<\/h2>\n\t<span class=\"price\"><span class=\"woocommerce-Price-amount amount\"><bdi><span class=\"woocommerce-Price-currencySymbol\">&#36;<\/span>82.89<\/bdi><\/span><\/span>\n<\/div><div class=\"thunk-product-hover\"><\/a>           <div class=\"os-product-excerpt\"><p>Region: US<\/p>\n<\/div>\n        <div class=\"thunk-quik\">\n\t\t\t             <div class=\"thunk-quickview\">\n                               <span class=\"quik-view\">\n                                   <a href=\"#\" class=\"opn-quick-view-text\"  data-product_id=\"9227\">\n                                      <span>Quick View<\/span>\n                                    \n                                   <\/a>\n                            <\/span>\n                          <\/div><\/div><\/div><\/div><\/div><\/li>\n<li class=\"thunk-woo-product-list opn-qv-enable big-store-woo-hover- open-single-product-tab-horizontal open-shadow- open-shadow-hover- product type-product product_cat-marine-chargers-fr product_cat-marine-fr post-9228 status-publish instock has-post-thumbnail shipping-taxable purchasable product-type-variation\">\n\t<div class=\"thunk-product-wrap\"><div class=\"thunk-product\"><a href=\"https:\/\/optimate1.com\/fr\/produit\/optimate-5-start-stop\/?attribute_pa_region=eu-fr-2\" class=\"woocommerce-LoopProduct-link woocommerce-loop-product__link\"><div class=\"thunk-product-image\"><img loading=\"lazy\" decoding=\"async\" width=\"320\" height=\"320\" src=\"https:\/\/optimate1.com\/wp-content\/uploads\/2019\/06\/OptiMate-5-Start-Stop-TM220-3-320x320.png\" class=\"attachment-woocommerce_thumbnail size-woocommerce_thumbnail\" alt=\"OptiMATE 5 Start\/Stop&lt;br \/&gt;TYPE C\" srcset=\"https:\/\/optimate1.com\/wp-content\/uploads\/2019\/06\/OptiMate-5-Start-Stop-TM220-3-320x320.png 320w, https:\/\/optimate1.com\/wp-content\/uploads\/2019\/06\/OptiMate-5-Start-Stop-TM220-3-100x100.png 100w, https:\/\/optimate1.com\/wp-content\/uploads\/2019\/06\/OptiMate-5-Start-Stop-TM220-3-600x600.png 600w, https:\/\/optimate1.com\/wp-content\/uploads\/2019\/06\/OptiMate-5-Start-Stop-TM220-3-64x64.png 64w, https:\/\/optimate1.com\/wp-content\/uploads\/2019\/06\/OptiMate-5-Start-Stop-TM220-3-150x150.png 150w, https:\/\/optimate1.com\/wp-content\/uploads\/2019\/06\/OptiMate-5-Start-Stop-TM220-3-300x300.png 300w, https:\/\/optimate1.com\/wp-content\/uploads\/2019\/06\/OptiMate-5-Start-Stop-TM220-3-768x768.png 768w, https:\/\/optimate1.com\/wp-content\/uploads\/2019\/06\/OptiMate-5-Start-Stop-TM220-3.png 900w\" sizes=\"auto, (max-width: 320px) 100vw, 320px\" \/><\/div><div class=\"thunk-product-content\"><h2 class=\"woocommerce-loop-product__title\">OptiMATE 5 Start\/Stop<br \/>TYPE C<\/h2>\n\t<span class=\"price\"><span class=\"woocommerce-Price-amount amount\"><bdi><span class=\"woocommerce-Price-currencySymbol\">&#36;<\/span>82.89<\/bdi><\/span><\/span>\n<\/div><div class=\"thunk-product-hover\"><\/a>           <div class=\"os-product-excerpt\"><p>Region: EU<\/p>\n<\/div>\n        <div class=\"thunk-quik\">\n\t\t\t             <div class=\"thunk-quickview\">\n                               <span class=\"quik-view\">\n                                   <a href=\"#\" class=\"opn-quick-view-text\"  data-product_id=\"9228\">\n                                      <span>Quick View<\/span>\n                                    \n                                   <\/a>\n                            <\/span>\n                          <\/div><\/div><\/div><\/div><\/div><\/li>\n<li class=\"thunk-woo-product-list opn-qv-enable big-store-woo-hover- open-single-product-tab-horizontal open-shadow- open-shadow-hover- product type-product product_cat-marine-chargers-fr product_cat-marine-fr post-9229 status-publish last instock has-post-thumbnail shipping-taxable purchasable product-type-variation\">\n\t<div class=\"thunk-product-wrap\"><div class=\"thunk-product\"><a href=\"https:\/\/optimate1.com\/fr\/produit\/optimate-5-start-stop\/?attribute_pa_region=uk-fr-2\" class=\"woocommerce-LoopProduct-link woocommerce-loop-product__link\"><div class=\"thunk-product-image\"><img loading=\"lazy\" decoding=\"async\" width=\"320\" height=\"320\" src=\"https:\/\/optimate1.com\/wp-content\/uploads\/2019\/06\/OptiMate-5-Start-Stop-TM220BS-3-320x320.jpg\" class=\"attachment-woocommerce_thumbnail size-woocommerce_thumbnail\" alt=\"OptiMATE 5 Start\/Stop&lt;br \/&gt;TYPE G\" srcset=\"https:\/\/optimate1.com\/wp-content\/uploads\/2019\/06\/OptiMate-5-Start-Stop-TM220BS-3-320x320.jpg 320w, https:\/\/optimate1.com\/wp-content\/uploads\/2019\/06\/OptiMate-5-Start-Stop-TM220BS-3-100x100.jpg 100w, https:\/\/optimate1.com\/wp-content\/uploads\/2019\/06\/OptiMate-5-Start-Stop-TM220BS-3-600x600.jpg 600w, https:\/\/optimate1.com\/wp-content\/uploads\/2019\/06\/OptiMate-5-Start-Stop-TM220BS-3-64x64.jpg 64w, https:\/\/optimate1.com\/wp-content\/uploads\/2019\/06\/OptiMate-5-Start-Stop-TM220BS-3-300x300.jpg 300w, https:\/\/optimate1.com\/wp-content\/uploads\/2019\/06\/OptiMate-5-Start-Stop-TM220BS-3-150x150.jpg 150w, https:\/\/optimate1.com\/wp-content\/uploads\/2019\/06\/OptiMate-5-Start-Stop-TM220BS-3-768x768.jpg 768w, https:\/\/optimate1.com\/wp-content\/uploads\/2019\/06\/OptiMate-5-Start-Stop-TM220BS-3.jpg 900w\" sizes=\"auto, (max-width: 320px) 100vw, 320px\" \/><\/div><div class=\"thunk-product-content\"><h2 class=\"woocommerce-loop-product__title\">OptiMATE 5 Start\/Stop<br \/>TYPE G<\/h2>\n\t<span class=\"price\"><span class=\"woocommerce-Price-amount amount\"><bdi><span class=\"woocommerce-Price-currencySymbol\">&#36;<\/span>82.89<\/bdi><\/span><\/span>\n<\/div><div class=\"thunk-product-hover\"><\/a>           <div class=\"os-product-excerpt\"><p>Region: UK<\/p>\n<\/div>\n        <div class=\"thunk-quik\">\n\t\t\t             <div class=\"thunk-quickview\">\n                               <span class=\"quik-view\">\n                                   <a href=\"#\" class=\"opn-quick-view-text\"  data-product_id=\"9229\">\n                                      <span>Quick View<\/span>\n                                    \n                                   <\/a>\n                            <\/span>\n                          <\/div><\/div><\/div><\/div><\/div><\/li>\n<\/ul>\n<\/div>\n","protected":false},"excerpt":{"rendered":"<h3><span style=\"color: #cd202c;\">Chargeur-Mainteneur-R\u00e9cup\u00e9rateur de batterie \u00e9tanche 12 V 4 A en 6 \u00e9tapes<\/span><\/h3>\n","protected":false},"featured_media":26993,"template":"","meta":[],"product_brand":[],"product_cat":[2257,2245],"product_tag":[],"class_list":{"0":"post-9226","1":"product","2":"type-product","3":"status-publish","4":"has-post-thumbnail","6":"product_cat-marine-chargers-fr","7":"product_cat-marine-fr","8":"pa_charge-battery-chemistry-pb-agm-gel-std-lead-acid-fr","9":"pa_charge-battery-more-12v-fr","10":"pa_charge-battery-more-avion-petit","11":"pa_charge-battery-more-bateau-motomarine","12":"pa_charge-battery-more-deep-prolonge-industriel","13":"pa_charge-battery-more-motorhome-caravane","14":"pa_charge-battery-more-oldtimer","15":"pa_charge-battery-more-tracteur-construction","16":"pa_charge-battery-more-utv-sxs-cruiser-fr","17":"pa_charge-battery-more-voiture-pick-up","18":"pa_power-ac-100-240vac-fr","19":"pa_product-group-optimate-5-fr","20":"pa_region-ca-fr","21":"pa_region-eu-fr-2","22":"pa_region-uk-fr-2","23":"pa_region-us-fr-2","24":"iside_vehicle-aviation-fr","25":"iside_vehicle-marine-fr","26":"iside_vehicle-moto-mecaniques-fr","27":"iside_vehicle-voiture-haute-performance-voiture-de-course-fr","28":"iside_vehicle-rv-caravan-fr","29":"thunk-woo-product-list","30":"opn-qv-enable","31":"big-store-woo-hover-","32":"open-single-product-tab-horizontal","33":"open-shadow-","34":"open-shadow-hover-","38":"first","39":"instock","40":"featured","41":"shipping-taxable","42":"purchasable","43":"product-type-variable"},"yoast_head":"<!-- This site is optimized with the Yoast SEO plugin v27.2 - https:\/\/yoast.com\/product\/yoast-seo-wordpress\/ -->\n<title>OptiMate 5 Start-Stop - OptiMate<\/title>\n<meta name=\"robots\" content=\"index, follow, max-snippet:-1, max-image-preview:large, max-video-preview:-1\" \/>\n<link rel=\"canonical\" href=\"https:\/\/optimate1.com\/product\/optimate-5-start-stop\/\" \/>\n<meta property=\"og:locale\" content=\"fr_FR\" \/>\n<meta property=\"og:type\" content=\"article\" \/>\n<meta property=\"og:title\" content=\"OptiMate 5 Start-Stop - OptiMate\" \/>\n<meta property=\"og:description\" content=\"Chargeur-Mainteneur-R\u00e9cup\u00e9rateur de batterie \u00e9tanche 12 V 4 A en 6 \u00e9tapes\" \/>\n<meta property=\"og:url\" content=\"https:\/\/optimate1.com\/product\/optimate-5-start-stop\/\" \/>\n<meta property=\"og:site_name\" content=\"OptiMate\" \/>\n<meta property=\"article:publisher\" content=\"https:\/\/www.facebook.com\/OptiMatebatterysavingcharger\/\" \/>\n<meta property=\"article:modified_time\" content=\"2021-10-07T11:43:19+00:00\" \/>\n<meta property=\"og:image\" content=\"https:\/\/optimate1.com\/wp-content\/uploads\/2021\/07\/OptiMate-5-Start-Stop-TM22x-bronze-corner.jpg\" \/>\n\t<meta property=\"og:image:width\" content=\"900\" \/>\n\t<meta property=\"og:image:height\" content=\"900\" \/>\n\t<meta property=\"og:image:type\" content=\"image\/jpeg\" \/>\n<meta name=\"twitter:card\" content=\"summary_large_image\" \/>\n<meta name=\"twitter:label1\" content=\"Dur\u00e9e de lecture estim\u00e9e\" \/>\n\t<meta name=\"twitter:data1\" content=\"1 minute\" \/>\n<script type=\"application\/ld+json\" class=\"yoast-schema-graph\">{\"@context\":\"https:\/\/schema.org\",\"@graph\":[{\"@type\":\"WebPage\",\"@id\":\"https:\/\/optimate1.com\/product\/optimate-5-start-stop\/\",\"url\":\"https:\/\/optimate1.com\/product\/optimate-5-start-stop\/\",\"name\":\"OptiMate 5 Start-Stop - OptiMate\",\"isPartOf\":{\"@id\":\"https:\/\/optimate1.com\/#website\"},\"primaryImageOfPage\":{\"@id\":\"https:\/\/optimate1.com\/product\/optimate-5-start-stop\/#primaryimage\"},\"image\":{\"@id\":\"https:\/\/optimate1.com\/product\/optimate-5-start-stop\/#primaryimage\"},\"thumbnailUrl\":\"https:\/\/optimate1.com\/wp-content\/uploads\/2021\/07\/OptiMate-5-Start-Stop-TM22x-bronze-corner.jpg\",\"datePublished\":\"2019-06-07T15:44:25+00:00\",\"dateModified\":\"2021-10-07T11:43:19+00:00\",\"breadcrumb\":{\"@id\":\"https:\/\/optimate1.com\/product\/optimate-5-start-stop\/#breadcrumb\"},\"inLanguage\":\"fr-FR\",\"potentialAction\":[{\"@type\":\"ReadAction\",\"target\":[\"https:\/\/optimate1.com\/product\/optimate-5-start-stop\/\"]}]},{\"@type\":\"ImageObject\",\"inLanguage\":\"fr-FR\",\"@id\":\"https:\/\/optimate1.com\/product\/optimate-5-start-stop\/#primaryimage\",\"url\":\"https:\/\/optimate1.com\/wp-content\/uploads\/2021\/07\/OptiMate-5-Start-Stop-TM22x-bronze-corner.jpg\",\"contentUrl\":\"https:\/\/optimate1.com\/wp-content\/uploads\/2021\/07\/OptiMate-5-Start-Stop-TM22x-bronze-corner.jpg\",\"width\":900,\"height\":900},{\"@type\":\"BreadcrumbList\",\"@id\":\"https:\/\/optimate1.com\/product\/optimate-5-start-stop\/#breadcrumb\",\"itemListElement\":[{\"@type\":\"ListItem\",\"position\":1,\"name\":\"Home\",\"item\":\"https:\/\/optimate1.com\/\"},{\"@type\":\"ListItem\",\"position\":2,\"name\":\"Produits\",\"item\":\"https:\/\/optimate1.com\/shop\/\"},{\"@type\":\"ListItem\",\"position\":3,\"name\":\"OptiMate 5 Start-Stop\"}]},{\"@type\":\"WebSite\",\"@id\":\"https:\/\/optimate1.com\/#website\",\"url\":\"https:\/\/optimate1.com\/\",\"name\":\"OptiMate\",\"description\":\"Battery Chargers &amp; Accessories\",\"publisher\":{\"@id\":\"https:\/\/optimate1.com\/#organization\"},\"potentialAction\":[{\"@type\":\"SearchAction\",\"target\":{\"@type\":\"EntryPoint\",\"urlTemplate\":\"https:\/\/optimate1.com\/?s={search_term_string}\"},\"query-input\":{\"@type\":\"PropertyValueSpecification\",\"valueRequired\":true,\"valueName\":\"search_term_string\"}}],\"inLanguage\":\"fr-FR\"},{\"@type\":\"Organization\",\"@id\":\"https:\/\/optimate1.com\/#organization\",\"name\":\"OptiMate\",\"url\":\"https:\/\/optimate1.com\/\",\"logo\":{\"@type\":\"ImageObject\",\"inLanguage\":\"fr-FR\",\"@id\":\"https:\/\/optimate1.com\/#\/schema\/logo\/image\/\",\"url\":\"https:\/\/optimate1.com\/wp-content\/uploads\/2021\/06\/optimate-hpbc-stacklogo.jpg\",\"contentUrl\":\"https:\/\/optimate1.com\/wp-content\/uploads\/2021\/06\/optimate-hpbc-stacklogo.jpg\",\"width\":1025,\"height\":529,\"caption\":\"OptiMate\"},\"image\":{\"@id\":\"https:\/\/optimate1.com\/#\/schema\/logo\/image\/\"},\"sameAs\":[\"https:\/\/www.facebook.com\/OptiMatebatterysavingcharger\/\"]}]}<\/script>\n<!-- \/ Yoast SEO plugin. -->","yoast_head_json":{"title":"OptiMate 5 Start-Stop - OptiMate","robots":{"index":"index","follow":"follow","max-snippet":"max-snippet:-1","max-image-preview":"max-image-preview:large","max-video-preview":"max-video-preview:-1"},"canonical":"https:\/\/optimate1.com\/product\/optimate-5-start-stop\/","og_locale":"fr_FR","og_type":"article","og_title":"OptiMate 5 Start-Stop - OptiMate","og_description":"Chargeur-Mainteneur-R\u00e9cup\u00e9rateur de batterie \u00e9tanche 12 V 4 A en 6 \u00e9tapes","og_url":"https:\/\/optimate1.com\/product\/optimate-5-start-stop\/","og_site_name":"OptiMate","article_publisher":"https:\/\/www.facebook.com\/OptiMatebatterysavingcharger\/","article_modified_time":"2021-10-07T11:43:19+00:00","og_image":[{"width":900,"height":900,"url":"https:\/\/optimate1.com\/wp-content\/uploads\/2021\/07\/OptiMate-5-Start-Stop-TM22x-bronze-corner.jpg","type":"image\/jpeg"}],"twitter_card":"summary_large_image","twitter_misc":{"Dur\u00e9e de lecture estim\u00e9e":"1 minute"},"schema":{"@context":"https:\/\/schema.org","@graph":[{"@type":"WebPage","@id":"https:\/\/optimate1.com\/product\/optimate-5-start-stop\/","url":"https:\/\/optimate1.com\/product\/optimate-5-start-stop\/","name":"OptiMate 5 Start-Stop - OptiMate","isPartOf":{"@id":"https:\/\/optimate1.com\/#website"},"primaryImageOfPage":{"@id":"https:\/\/optimate1.com\/product\/optimate-5-start-stop\/#primaryimage"},"image":{"@id":"https:\/\/optimate1.com\/product\/optimate-5-start-stop\/#primaryimage"},"thumbnailUrl":"https:\/\/optimate1.com\/wp-content\/uploads\/2021\/07\/OptiMate-5-Start-Stop-TM22x-bronze-corner.jpg","datePublished":"2019-06-07T15:44:25+00:00","dateModified":"2021-10-07T11:43:19+00:00","breadcrumb":{"@id":"https:\/\/optimate1.com\/product\/optimate-5-start-stop\/#breadcrumb"},"inLanguage":"fr-FR","potentialAction":[{"@type":"ReadAction","target":["https:\/\/optimate1.com\/product\/optimate-5-start-stop\/"]}]},{"@type":"ImageObject","inLanguage":"fr-FR","@id":"https:\/\/optimate1.com\/product\/optimate-5-start-stop\/#primaryimage","url":"https:\/\/optimate1.com\/wp-content\/uploads\/2021\/07\/OptiMate-5-Start-Stop-TM22x-bronze-corner.jpg","contentUrl":"https:\/\/optimate1.com\/wp-content\/uploads\/2021\/07\/OptiMate-5-Start-Stop-TM22x-bronze-corner.jpg","width":900,"height":900},{"@type":"BreadcrumbList","@id":"https:\/\/optimate1.com\/product\/optimate-5-start-stop\/#breadcrumb","itemListElement":[{"@type":"ListItem","position":1,"name":"Home","item":"https:\/\/optimate1.com\/"},{"@type":"ListItem","position":2,"name":"Produits","item":"https:\/\/optimate1.com\/shop\/"},{"@type":"ListItem","position":3,"name":"OptiMate 5 Start-Stop"}]},{"@type":"WebSite","@id":"https:\/\/optimate1.com\/#website","url":"https:\/\/optimate1.com\/","name":"OptiMate","description":"Battery Chargers &amp; Accessories","publisher":{"@id":"https:\/\/optimate1.com\/#organization"},"potentialAction":[{"@type":"SearchAction","target":{"@type":"EntryPoint","urlTemplate":"https:\/\/optimate1.com\/?s={search_term_string}"},"query-input":{"@type":"PropertyValueSpecification","valueRequired":true,"valueName":"search_term_string"}}],"inLanguage":"fr-FR"},{"@type":"Organization","@id":"https:\/\/optimate1.com\/#organization","name":"OptiMate","url":"https:\/\/optimate1.com\/","logo":{"@type":"ImageObject","inLanguage":"fr-FR","@id":"https:\/\/optimate1.com\/#\/schema\/logo\/image\/","url":"https:\/\/optimate1.com\/wp-content\/uploads\/2021\/06\/optimate-hpbc-stacklogo.jpg","contentUrl":"https:\/\/optimate1.com\/wp-content\/uploads\/2021\/06\/optimate-hpbc-stacklogo.jpg","width":1025,"height":529,"caption":"OptiMate"},"image":{"@id":"https:\/\/optimate1.com\/#\/schema\/logo\/image\/"},"sameAs":["https:\/\/www.facebook.com\/OptiMatebatterysavingcharger\/"]}]}},"_links":{"self":[{"href":"https:\/\/optimate1.com\/fr\/wp-json\/wp\/v2\/product\/9226","targetHints":{"allow":["GET"]}}],"collection":[{"href":"https:\/\/optimate1.com\/fr\/wp-json\/wp\/v2\/product"}],"about":[{"href":"https:\/\/optimate1.com\/fr\/wp-json\/wp\/v2\/types\/product"}],"wp:featuredmedia":[{"embeddable":true,"href":"https:\/\/optimate1.com\/fr\/wp-json\/wp\/v2\/media\/26993"}],"wp:attachment":[{"href":"https:\/\/optimate1.com\/fr\/wp-json\/wp\/v2\/media?parent=9226"}],"wp:term":[{"taxonomy":"product_brand","embeddable":true,"href":"https:\/\/optimate1.com\/fr\/wp-json\/wp\/v2\/product_brand?post=9226"},{"taxonomy":"product_cat","embeddable":true,"href":"https:\/\/optimate1.com\/fr\/wp-json\/wp\/v2\/product_cat?post=9226"},{"taxonomy":"product_tag","embeddable":true,"href":"https:\/\/optimate1.com\/fr\/wp-json\/wp\/v2\/product_tag?post=9226"}],"curies":[{"name":"wp","href":"https:\/\/api.w.org\/{rel}","templated":true}]}}