{"id":9246,"date":"2019-01-09T21:22:05","date_gmt":"2019-01-10T02:22:05","guid":{"rendered":"https:\/\/optimate1.com\/product\/optimate-5-voltmatic\/"},"modified":"2021-10-08T03:34:42","modified_gmt":"2021-10-08T07:34:42","slug":"optimate-5-voltmatic","status":"publish","type":"product","link":"https:\/\/optimate1.com\/fr\/produit\/optimate-5-voltmatic\/","title":{"rendered":"OptiMate 5 VoltMatic"},"content":{"rendered":"<h3>L&#8217;OptiMate 5 Voltmatic offre une charge et une maintenance avanc\u00e9es et faciles de vos batteries 6V et 12V pour VR, d\u00e9marreurs marins ou de voiture et les batteries \u00e0 d\u00e9charge profonde &#8211;<em> Chargeur automatique 6V\/12V le plus populaire !\u00a0<\/em><\/h3>\n<ul>\n<li><strong><span style=\"color: #10069f;\">Chargez, testez et entretenez automatiquement les batteries AGM, GEL, EFB ou STD de 6V ou 12V &#8211; batteries de d\u00e9marrage ou \u00e0 d\u00e9charge profonde<em> &#8211; Connectez \u00e0 la batterie et le chargeur fait le reste.\u00a0<\/em><\/span><\/strong><\/li>\n<li><strong><span style=\"color: #10069f;\">Contr\u00f4le de tension intelligent Voltmatic <em>&#8211; Le programme de charge adapte automatiquement le niveau de tension pour correspondre \u00e0 votre batterie 6V ou 12V.\u00a0<\/em><\/span><\/strong><\/li>\n<li><strong><span style=\"color: #10069f;\">Sauve les batteries 6 V \u00e0 partir d&#8217;aussi peu que 1 Volt <em>&#8211; le seul chargeur capable de d\u00e9sulfater et de r\u00e9cup\u00e9rer les batteries 6 V !\u00a0<\/em><\/span><\/strong><\/li>\n<li><strong><span style=\"color: #10069f;\">Fonction d&#8217;annulation manuelle pour sauver votre batterie 12 V sulfat\u00e9e \u00e0 partir d&#8217;aussi peu que 2 Volts.\u00a0<\/span><\/strong><\/li>\n<li><strong><span style=\"color: #10069f;\">La maintenance intelligente d&#8217;OptiMate 24-7 garantit plus de puissance de batterie, une plus longue dur\u00e9e de vie de la batterie !<br \/>\n<\/span><\/strong><\/li>\n<\/ul>\n<p>Mod\u00e8les disponibles : Tous les chargeurs de batterie OptiMate repris dans la liste ci-dessous supportent une alimentation mondiale de 100-240 volts a.c. 50-60Hz, <a href=\"https:\/\/optimate1.com\/fr\/power-plugs-fr\/\">seul le TYPE de prise de courant diff\u00e8re<\/a>, en accord avec les lois nationales\/r\u00e9gionales en mati\u00e8re de s\u00e9curit\u00e9 \u00e9lectrique.<\/p>\n<div class=\"woocommerce columns-3 \"><ul class=\"products columns-3\">\n<li class=\"thunk-woo-product-list opn-qv-enable big-store-woo-hover- open-single-product-tab-horizontal open-shadow- open-shadow-hover- product type-product product_cat-marine-chargers-fr product_cat-marine-fr post-9247 status-publish first instock has-post-thumbnail shipping-taxable purchasable product-type-variation\">\n\t<div class=\"thunk-product-wrap\"><div class=\"thunk-product\"><a href=\"https:\/\/optimate1.com\/fr\/produit\/optimate-5-voltmatic\/?attribute_pa_region=us-fr-2\" class=\"woocommerce-LoopProduct-link woocommerce-loop-product__link\"><div class=\"thunk-product-image\"><img loading=\"lazy\" decoding=\"async\" width=\"320\" height=\"320\" src=\"https:\/\/optimate1.com\/wp-content\/uploads\/2019\/06\/OptiMate-5-VoltMatic-TM2223-3-320x320.png\" class=\"attachment-woocommerce_thumbnail size-woocommerce_thumbnail\" alt=\"OptiMATE 5 VoltMatic 6\/12V&lt;br \/&gt;TYPE A\" srcset=\"https:\/\/optimate1.com\/wp-content\/uploads\/2019\/06\/OptiMate-5-VoltMatic-TM2223-3-320x320.png 320w, https:\/\/optimate1.com\/wp-content\/uploads\/2019\/06\/OptiMate-5-VoltMatic-TM2223-3-100x100.png 100w, https:\/\/optimate1.com\/wp-content\/uploads\/2019\/06\/OptiMate-5-VoltMatic-TM2223-3-600x600.png 600w, https:\/\/optimate1.com\/wp-content\/uploads\/2019\/06\/OptiMate-5-VoltMatic-TM2223-3-64x64.png 64w, https:\/\/optimate1.com\/wp-content\/uploads\/2019\/06\/OptiMate-5-VoltMatic-TM2223-3-150x150.png 150w, https:\/\/optimate1.com\/wp-content\/uploads\/2019\/06\/OptiMate-5-VoltMatic-TM2223-3-300x300.png 300w, https:\/\/optimate1.com\/wp-content\/uploads\/2019\/06\/OptiMate-5-VoltMatic-TM2223-3-768x768.png 768w, https:\/\/optimate1.com\/wp-content\/uploads\/2019\/06\/OptiMate-5-VoltMatic-TM2223-3.png 900w\" sizes=\"auto, (max-width: 320px) 100vw, 320px\" \/><\/div><div class=\"thunk-product-content\"><h2 class=\"woocommerce-loop-product__title\">OptiMATE 5 VoltMatic 6\/12V<br \/>TYPE A<\/h2>\n\t<span class=\"price\"><span class=\"woocommerce-Price-amount amount\"><bdi><span class=\"woocommerce-Price-currencySymbol\">&#36;<\/span>94.89<\/bdi><\/span><\/span>\n<\/div><div class=\"thunk-product-hover\"><\/a>           <div class=\"os-product-excerpt\"><p>Region: US<\/p>\n<\/div>\n        <div class=\"thunk-quik\">\n\t\t\t             <div class=\"thunk-quickview\">\n                               <span class=\"quik-view\">\n                                   <a href=\"#\" class=\"opn-quick-view-text\"  data-product_id=\"9247\">\n                                      <span>Quick View<\/span>\n                                    \n                                   <\/a>\n                            <\/span>\n                          <\/div><\/div><\/div><\/div><\/div><\/li>\n<li class=\"thunk-woo-product-list opn-qv-enable big-store-woo-hover- open-single-product-tab-horizontal open-shadow- open-shadow-hover- product type-product product_cat-marine-chargers-fr product_cat-marine-fr post-9249 status-publish instock has-post-thumbnail shipping-taxable purchasable product-type-variation\">\n\t<div class=\"thunk-product-wrap\"><div class=\"thunk-product\"><a href=\"https:\/\/optimate1.com\/fr\/produit\/optimate-5-voltmatic\/?attribute_pa_region=eu-fr-2\" class=\"woocommerce-LoopProduct-link woocommerce-loop-product__link\"><div class=\"thunk-product-image\"><img loading=\"lazy\" decoding=\"async\" width=\"320\" height=\"320\" src=\"https:\/\/optimate1.com\/wp-content\/uploads\/2019\/06\/OptiMate-5-VoltMatic-TM222-3-320x320.png\" class=\"attachment-woocommerce_thumbnail size-woocommerce_thumbnail\" alt=\"OptiMATE 5 VoltMatic 6\/12V&lt;br \/&gt;TYPE C\" srcset=\"https:\/\/optimate1.com\/wp-content\/uploads\/2019\/06\/OptiMate-5-VoltMatic-TM222-3-320x320.png 320w, https:\/\/optimate1.com\/wp-content\/uploads\/2019\/06\/OptiMate-5-VoltMatic-TM222-3-100x100.png 100w, https:\/\/optimate1.com\/wp-content\/uploads\/2019\/06\/OptiMate-5-VoltMatic-TM222-3-600x600.png 600w, https:\/\/optimate1.com\/wp-content\/uploads\/2019\/06\/OptiMate-5-VoltMatic-TM222-3-64x64.png 64w, https:\/\/optimate1.com\/wp-content\/uploads\/2019\/06\/OptiMate-5-VoltMatic-TM222-3-150x150.png 150w, https:\/\/optimate1.com\/wp-content\/uploads\/2019\/06\/OptiMate-5-VoltMatic-TM222-3-300x300.png 300w, https:\/\/optimate1.com\/wp-content\/uploads\/2019\/06\/OptiMate-5-VoltMatic-TM222-3-768x768.png 768w, https:\/\/optimate1.com\/wp-content\/uploads\/2019\/06\/OptiMate-5-VoltMatic-TM222-3.png 900w\" sizes=\"auto, (max-width: 320px) 100vw, 320px\" \/><\/div><div class=\"thunk-product-content\"><h2 class=\"woocommerce-loop-product__title\">OptiMATE 5 VoltMatic 6\/12V<br \/>TYPE C<\/h2>\n\t<span class=\"price\"><span class=\"woocommerce-Price-amount amount\"><bdi><span class=\"woocommerce-Price-currencySymbol\">&#36;<\/span>94.89<\/bdi><\/span><\/span>\n<\/div><div class=\"thunk-product-hover\"><\/a>           <div class=\"os-product-excerpt\"><p>Region: EU<\/p>\n<\/div>\n        <div class=\"thunk-quik\">\n\t\t\t             <div class=\"thunk-quickview\">\n                               <span class=\"quik-view\">\n                                   <a href=\"#\" class=\"opn-quick-view-text\"  data-product_id=\"9249\">\n                                      <span>Quick View<\/span>\n                                    \n                                   <\/a>\n                            <\/span>\n                          <\/div><\/div><\/div><\/div><\/div><\/li>\n<li class=\"thunk-woo-product-list opn-qv-enable big-store-woo-hover- open-single-product-tab-horizontal open-shadow- open-shadow-hover- product type-product product_cat-marine-chargers-fr product_cat-marine-fr post-9248 status-publish last instock has-post-thumbnail shipping-taxable purchasable product-type-variation\">\n\t<div class=\"thunk-product-wrap\"><div class=\"thunk-product\"><a href=\"https:\/\/optimate1.com\/fr\/produit\/optimate-5-voltmatic\/?attribute_pa_region=uk-fr-2\" class=\"woocommerce-LoopProduct-link woocommerce-loop-product__link\"><div class=\"thunk-product-image\"><img loading=\"lazy\" decoding=\"async\" width=\"320\" height=\"320\" src=\"https:\/\/optimate1.com\/wp-content\/uploads\/2019\/06\/OptiMate-5-VoltMatic-TM222BS-3-320x320.jpg\" class=\"attachment-woocommerce_thumbnail size-woocommerce_thumbnail\" alt=\"OptiMATE 5 VoltMatic 6\/12V&lt;br \/&gt;TYPE G\" srcset=\"https:\/\/optimate1.com\/wp-content\/uploads\/2019\/06\/OptiMate-5-VoltMatic-TM222BS-3-320x320.jpg 320w, https:\/\/optimate1.com\/wp-content\/uploads\/2019\/06\/OptiMate-5-VoltMatic-TM222BS-3-100x100.jpg 100w, https:\/\/optimate1.com\/wp-content\/uploads\/2019\/06\/OptiMate-5-VoltMatic-TM222BS-3-600x600.jpg 600w, https:\/\/optimate1.com\/wp-content\/uploads\/2019\/06\/OptiMate-5-VoltMatic-TM222BS-3-64x64.jpg 64w, https:\/\/optimate1.com\/wp-content\/uploads\/2019\/06\/OptiMate-5-VoltMatic-TM222BS-3-300x300.jpg 300w, https:\/\/optimate1.com\/wp-content\/uploads\/2019\/06\/OptiMate-5-VoltMatic-TM222BS-3-1024x1024.jpg 1024w, https:\/\/optimate1.com\/wp-content\/uploads\/2019\/06\/OptiMate-5-VoltMatic-TM222BS-3-150x150.jpg 150w, https:\/\/optimate1.com\/wp-content\/uploads\/2019\/06\/OptiMate-5-VoltMatic-TM222BS-3-768x768.jpg 768w, https:\/\/optimate1.com\/wp-content\/uploads\/2019\/06\/OptiMate-5-VoltMatic-TM222BS-3.jpg 1500w\" sizes=\"auto, (max-width: 320px) 100vw, 320px\" \/><\/div><div class=\"thunk-product-content\"><h2 class=\"woocommerce-loop-product__title\">OptiMATE 5 VoltMatic 6\/12V<br \/>TYPE G<\/h2>\n\t<span class=\"price\"><span class=\"woocommerce-Price-amount amount\"><bdi><span class=\"woocommerce-Price-currencySymbol\">&#36;<\/span>94.89<\/bdi><\/span><\/span>\n<\/div><div class=\"thunk-product-hover\"><\/a>           <div class=\"os-product-excerpt\"><p>Region: UK<\/p>\n<\/div>\n        <div class=\"thunk-quik\">\n\t\t\t             <div class=\"thunk-quickview\">\n                               <span class=\"quik-view\">\n                                   <a href=\"#\" class=\"opn-quick-view-text\"  data-product_id=\"9248\">\n                                      <span>Quick View<\/span>\n                                    \n                                   <\/a>\n                            <\/span>\n                          <\/div><\/div><\/div><\/div><\/div><\/li>\n<\/ul>\n<\/div>\n<p>&nbsp;<\/p>\n","protected":false},"excerpt":{"rendered":"<h2><span style=\"color: #cd202c;\">Chargeur-Mainteneur-r\u00e9cup\u00e9rateur de batterie \u00e9tanche 6 V 4 A \/ 12 V 2.8 A en 8 \u00e9tapes<\/span><\/h2>\n","protected":false},"featured_media":3365,"template":"","meta":[],"product_brand":[],"product_cat":[2257,2245],"product_tag":[],"class_list":{"0":"post-9246","1":"product","2":"type-product","3":"status-publish","4":"has-post-thumbnail","6":"product_cat-marine-chargers-fr","7":"product_cat-marine-fr","8":"pa_charge-battery-chemistry-pb-agm-gel-std-lead-acid-fr","9":"pa_charge-battery-more-12v-fr","10":"pa_charge-battery-more-6v-fr","11":"pa_charge-battery-more-bateau-motomarine","12":"pa_charge-battery-more-motorhome-caravane","13":"pa_charge-battery-more-oldtimer","14":"pa_power-ac-100-240vac-fr","15":"pa_product-group-optimate-5-fr","16":"pa_region-ca-fr","17":"pa_region-eu-fr-2","18":"pa_region-uk-fr-2","19":"pa_region-us-fr-2","20":"iside_vehicle-marine-fr","21":"iside_vehicle-rv-caravan-fr","22":"thunk-woo-product-list","23":"opn-qv-enable","24":"big-store-woo-hover-","25":"open-single-product-tab-horizontal","26":"open-shadow-","27":"open-shadow-hover-","31":"first","32":"instock","33":"featured","34":"shipping-taxable","35":"purchasable","36":"product-type-variable"},"yoast_head":"<!-- This site is optimized with the Yoast SEO plugin v27.2 - https:\/\/yoast.com\/product\/yoast-seo-wordpress\/ -->\n<title>OptiMate 5 VoltMatic - OptiMate<\/title>\n<meta name=\"robots\" content=\"index, follow, max-snippet:-1, max-image-preview:large, max-video-preview:-1\" \/>\n<link rel=\"canonical\" href=\"https:\/\/optimate1.com\/product\/optimate-5-voltmatic\/\" \/>\n<meta property=\"og:locale\" content=\"fr_FR\" \/>\n<meta property=\"og:type\" content=\"article\" \/>\n<meta property=\"og:title\" content=\"OptiMate 5 VoltMatic - OptiMate\" \/>\n<meta property=\"og:description\" content=\"Chargeur-Mainteneur-r\u00e9cup\u00e9rateur de batterie \u00e9tanche 6 V 4 A \/ 12 V 2.8 A en 8 \u00e9tapes\" \/>\n<meta property=\"og:url\" content=\"https:\/\/optimate1.com\/product\/optimate-5-voltmatic\/\" \/>\n<meta property=\"og:site_name\" content=\"OptiMate\" \/>\n<meta property=\"article:publisher\" content=\"https:\/\/www.facebook.com\/OptiMatebatterysavingcharger\/\" \/>\n<meta property=\"article:modified_time\" content=\"2021-10-08T07:34:42+00:00\" \/>\n<meta property=\"og:image\" content=\"https:\/\/optimate1.com\/wp-content\/uploads\/2019\/01\/OptiMate-5-VoltMatic-TM2223-5.png\" \/>\n\t<meta property=\"og:image:width\" content=\"900\" \/>\n\t<meta property=\"og:image:height\" content=\"900\" \/>\n\t<meta property=\"og:image:type\" content=\"image\/png\" \/>\n<meta name=\"twitter:card\" content=\"summary_large_image\" \/>\n<meta name=\"twitter:label1\" content=\"Dur\u00e9e de lecture estim\u00e9e\" \/>\n\t<meta name=\"twitter:data1\" content=\"1 minute\" \/>\n<script type=\"application\/ld+json\" class=\"yoast-schema-graph\">{\"@context\":\"https:\/\/schema.org\",\"@graph\":[{\"@type\":\"WebPage\",\"@id\":\"https:\/\/optimate1.com\/product\/optimate-5-voltmatic\/\",\"url\":\"https:\/\/optimate1.com\/product\/optimate-5-voltmatic\/\",\"name\":\"OptiMate 5 VoltMatic - OptiMate\",\"isPartOf\":{\"@id\":\"https:\/\/optimate1.com\/#website\"},\"primaryImageOfPage\":{\"@id\":\"https:\/\/optimate1.com\/product\/optimate-5-voltmatic\/#primaryimage\"},\"image\":{\"@id\":\"https:\/\/optimate1.com\/product\/optimate-5-voltmatic\/#primaryimage\"},\"thumbnailUrl\":\"https:\/\/optimate1.com\/wp-content\/uploads\/2019\/01\/OptiMate-5-VoltMatic-TM2223-5.png\",\"datePublished\":\"2019-01-10T02:22:05+00:00\",\"dateModified\":\"2021-10-08T07:34:42+00:00\",\"breadcrumb\":{\"@id\":\"https:\/\/optimate1.com\/product\/optimate-5-voltmatic\/#breadcrumb\"},\"inLanguage\":\"fr-FR\",\"potentialAction\":[{\"@type\":\"ReadAction\",\"target\":[\"https:\/\/optimate1.com\/product\/optimate-5-voltmatic\/\"]}]},{\"@type\":\"ImageObject\",\"inLanguage\":\"fr-FR\",\"@id\":\"https:\/\/optimate1.com\/product\/optimate-5-voltmatic\/#primaryimage\",\"url\":\"https:\/\/optimate1.com\/wp-content\/uploads\/2019\/01\/OptiMate-5-VoltMatic-TM2223-5.png\",\"contentUrl\":\"https:\/\/optimate1.com\/wp-content\/uploads\/2019\/01\/OptiMate-5-VoltMatic-TM2223-5.png\",\"width\":900,\"height\":900},{\"@type\":\"BreadcrumbList\",\"@id\":\"https:\/\/optimate1.com\/product\/optimate-5-voltmatic\/#breadcrumb\",\"itemListElement\":[{\"@type\":\"ListItem\",\"position\":1,\"name\":\"Home\",\"item\":\"https:\/\/optimate1.com\/\"},{\"@type\":\"ListItem\",\"position\":2,\"name\":\"Produits\",\"item\":\"https:\/\/optimate1.com\/shop\/\"},{\"@type\":\"ListItem\",\"position\":3,\"name\":\"OptiMate 5 VoltMatic\"}]},{\"@type\":\"WebSite\",\"@id\":\"https:\/\/optimate1.com\/#website\",\"url\":\"https:\/\/optimate1.com\/\",\"name\":\"OptiMate\",\"description\":\"Battery Chargers &amp; Accessories\",\"publisher\":{\"@id\":\"https:\/\/optimate1.com\/#organization\"},\"potentialAction\":[{\"@type\":\"SearchAction\",\"target\":{\"@type\":\"EntryPoint\",\"urlTemplate\":\"https:\/\/optimate1.com\/?s={search_term_string}\"},\"query-input\":{\"@type\":\"PropertyValueSpecification\",\"valueRequired\":true,\"valueName\":\"search_term_string\"}}],\"inLanguage\":\"fr-FR\"},{\"@type\":\"Organization\",\"@id\":\"https:\/\/optimate1.com\/#organization\",\"name\":\"OptiMate\",\"url\":\"https:\/\/optimate1.com\/\",\"logo\":{\"@type\":\"ImageObject\",\"inLanguage\":\"fr-FR\",\"@id\":\"https:\/\/optimate1.com\/#\/schema\/logo\/image\/\",\"url\":\"https:\/\/optimate1.com\/wp-content\/uploads\/2021\/06\/optimate-hpbc-stacklogo.jpg\",\"contentUrl\":\"https:\/\/optimate1.com\/wp-content\/uploads\/2021\/06\/optimate-hpbc-stacklogo.jpg\",\"width\":1025,\"height\":529,\"caption\":\"OptiMate\"},\"image\":{\"@id\":\"https:\/\/optimate1.com\/#\/schema\/logo\/image\/\"},\"sameAs\":[\"https:\/\/www.facebook.com\/OptiMatebatterysavingcharger\/\"]}]}<\/script>\n<!-- \/ Yoast SEO plugin. -->","yoast_head_json":{"title":"OptiMate 5 VoltMatic - OptiMate","robots":{"index":"index","follow":"follow","max-snippet":"max-snippet:-1","max-image-preview":"max-image-preview:large","max-video-preview":"max-video-preview:-1"},"canonical":"https:\/\/optimate1.com\/product\/optimate-5-voltmatic\/","og_locale":"fr_FR","og_type":"article","og_title":"OptiMate 5 VoltMatic - OptiMate","og_description":"Chargeur-Mainteneur-r\u00e9cup\u00e9rateur de batterie \u00e9tanche 6 V 4 A \/ 12 V 2.8 A en 8 \u00e9tapes","og_url":"https:\/\/optimate1.com\/product\/optimate-5-voltmatic\/","og_site_name":"OptiMate","article_publisher":"https:\/\/www.facebook.com\/OptiMatebatterysavingcharger\/","article_modified_time":"2021-10-08T07:34:42+00:00","og_image":[{"width":900,"height":900,"url":"https:\/\/optimate1.com\/wp-content\/uploads\/2019\/01\/OptiMate-5-VoltMatic-TM2223-5.png","type":"image\/png"}],"twitter_card":"summary_large_image","twitter_misc":{"Dur\u00e9e de lecture estim\u00e9e":"1 minute"},"schema":{"@context":"https:\/\/schema.org","@graph":[{"@type":"WebPage","@id":"https:\/\/optimate1.com\/product\/optimate-5-voltmatic\/","url":"https:\/\/optimate1.com\/product\/optimate-5-voltmatic\/","name":"OptiMate 5 VoltMatic - OptiMate","isPartOf":{"@id":"https:\/\/optimate1.com\/#website"},"primaryImageOfPage":{"@id":"https:\/\/optimate1.com\/product\/optimate-5-voltmatic\/#primaryimage"},"image":{"@id":"https:\/\/optimate1.com\/product\/optimate-5-voltmatic\/#primaryimage"},"thumbnailUrl":"https:\/\/optimate1.com\/wp-content\/uploads\/2019\/01\/OptiMate-5-VoltMatic-TM2223-5.png","datePublished":"2019-01-10T02:22:05+00:00","dateModified":"2021-10-08T07:34:42+00:00","breadcrumb":{"@id":"https:\/\/optimate1.com\/product\/optimate-5-voltmatic\/#breadcrumb"},"inLanguage":"fr-FR","potentialAction":[{"@type":"ReadAction","target":["https:\/\/optimate1.com\/product\/optimate-5-voltmatic\/"]}]},{"@type":"ImageObject","inLanguage":"fr-FR","@id":"https:\/\/optimate1.com\/product\/optimate-5-voltmatic\/#primaryimage","url":"https:\/\/optimate1.com\/wp-content\/uploads\/2019\/01\/OptiMate-5-VoltMatic-TM2223-5.png","contentUrl":"https:\/\/optimate1.com\/wp-content\/uploads\/2019\/01\/OptiMate-5-VoltMatic-TM2223-5.png","width":900,"height":900},{"@type":"BreadcrumbList","@id":"https:\/\/optimate1.com\/product\/optimate-5-voltmatic\/#breadcrumb","itemListElement":[{"@type":"ListItem","position":1,"name":"Home","item":"https:\/\/optimate1.com\/"},{"@type":"ListItem","position":2,"name":"Produits","item":"https:\/\/optimate1.com\/shop\/"},{"@type":"ListItem","position":3,"name":"OptiMate 5 VoltMatic"}]},{"@type":"WebSite","@id":"https:\/\/optimate1.com\/#website","url":"https:\/\/optimate1.com\/","name":"OptiMate","description":"Battery Chargers &amp; Accessories","publisher":{"@id":"https:\/\/optimate1.com\/#organization"},"potentialAction":[{"@type":"SearchAction","target":{"@type":"EntryPoint","urlTemplate":"https:\/\/optimate1.com\/?s={search_term_string}"},"query-input":{"@type":"PropertyValueSpecification","valueRequired":true,"valueName":"search_term_string"}}],"inLanguage":"fr-FR"},{"@type":"Organization","@id":"https:\/\/optimate1.com\/#organization","name":"OptiMate","url":"https:\/\/optimate1.com\/","logo":{"@type":"ImageObject","inLanguage":"fr-FR","@id":"https:\/\/optimate1.com\/#\/schema\/logo\/image\/","url":"https:\/\/optimate1.com\/wp-content\/uploads\/2021\/06\/optimate-hpbc-stacklogo.jpg","contentUrl":"https:\/\/optimate1.com\/wp-content\/uploads\/2021\/06\/optimate-hpbc-stacklogo.jpg","width":1025,"height":529,"caption":"OptiMate"},"image":{"@id":"https:\/\/optimate1.com\/#\/schema\/logo\/image\/"},"sameAs":["https:\/\/www.facebook.com\/OptiMatebatterysavingcharger\/"]}]}},"_links":{"self":[{"href":"https:\/\/optimate1.com\/fr\/wp-json\/wp\/v2\/product\/9246","targetHints":{"allow":["GET"]}}],"collection":[{"href":"https:\/\/optimate1.com\/fr\/wp-json\/wp\/v2\/product"}],"about":[{"href":"https:\/\/optimate1.com\/fr\/wp-json\/wp\/v2\/types\/product"}],"wp:featuredmedia":[{"embeddable":true,"href":"https:\/\/optimate1.com\/fr\/wp-json\/wp\/v2\/media\/3365"}],"wp:attachment":[{"href":"https:\/\/optimate1.com\/fr\/wp-json\/wp\/v2\/media?parent=9246"}],"wp:term":[{"taxonomy":"product_brand","embeddable":true,"href":"https:\/\/optimate1.com\/fr\/wp-json\/wp\/v2\/product_brand?post=9246"},{"taxonomy":"product_cat","embeddable":true,"href":"https:\/\/optimate1.com\/fr\/wp-json\/wp\/v2\/product_cat?post=9246"},{"taxonomy":"product_tag","embeddable":true,"href":"https:\/\/optimate1.com\/fr\/wp-json\/wp\/v2\/product_tag?post=9246"}],"curies":[{"name":"wp","href":"https:\/\/api.w.org\/{rel}","templated":true}]}}