{"id":9306,"date":"2019-06-07T13:48:47","date_gmt":"2019-06-07T17:48:47","guid":{"rendered":"https:\/\/optimate1.com\/product\/optimate-6-12v-24v\/"},"modified":"2021-10-08T03:43:46","modified_gmt":"2021-10-08T07:43:46","slug":"optimate-6-12v-24v","status":"publish","type":"product","link":"https:\/\/optimate1.com\/fr\/produit\/optimate-6-12v-24v\/","title":{"rendered":"OptiMate 6 12V\/24V"},"content":{"rendered":"<h3 class=\"entry-summary hidden-phone\">OptiMate 6 12-24V, le chargeur-mainteneur de batterie intelligent pour la batterie 12V ou 24V de votre voiture, bateau, camping-car ou votre avion l\u00e9ger<em> &#8211; Le meilleur chargeur pour batteries de d\u00e9marrage et \u00e0 d\u00e9charge profonde !\u00a0<\/em><\/h3>\n<ul>\n<li><span style=\"color: #10069f;\"><b>S\u00e9lection s\u00fbre de la batterie 12V ou 24V &#8211;<em> Ne charge pas si la tension s\u00e9lectionn\u00e9e ne correspond pas \u00e0 la tension de la batterie !\u00a0<\/em><\/b><\/span><\/li>\n<li><span style=\"color: #10069f;\"><b>Chargez, testez et entretenez automatiquement les batteries 12V ou 24V AGM, GEL, EFB ou STD de d\u00e9marrage ou \u00e0 d\u00e9charge profonde de n&#8217;importe quelle taille \u00e0 n&#8217;importe quelle temp\u00e9rature<em> &#8211; Tension r\u00e9gl\u00e9e plus \u00e9lev\u00e9e quand il fait froid, plus basse quand il fait chaud !\u00a0<\/em><\/b><\/span><\/li>\n<li><span style=\"color: #10069f;\"><b>Le contr\u00f4le de charge Ampmatic ajuste le courant en fonction de la taille de la batterie <em>&#8211; Une petite batterie re\u00e7oit moins, une grande batterie re\u00e7oit plus !\u00a0<\/em><\/b><\/span><\/li>\n<li><span style=\"color: #10069f;\"><b>Permet de sauver les batteries &#8216;mortes&#8217; avec le mode de r\u00e9cup\u00e9ration &#8216;sans danger pour l&#8217;\u00e9lectronique&#8217; <em>&#8211; L&#8217;utilisateur peut neutraliser la protection de la tension pour une batterie 24V &#8221; morte &#8220;!<\/em><\/b><\/span><\/li>\n<li><span style=\"color: #10069f;\"><b>La maintenance interactive intelligente 24-7 d&#8217;OptiMate emp\u00eache la d\u00e9charge des circuits connect\u00e9s et garantit plus de puissance de batterie, une plus longue dur\u00e9e de vie de la batterie !<br \/>\n<\/b><\/span><\/li>\n<\/ul>\n<p>Mod\u00e8les disponibles : Tous les chargeurs de batterie OptiMate repris dans la liste ci-dessous supportent une alimentation mondiale de 100-240 volts a.c. 50-60Hz, <a href=\"https:\/\/optimate1.com\/fr\/power-plugs-fr\/\">seul le TYPE de prise<\/a> de courant diff\u00e8re, en accord avec les lois nationales\/r\u00e9gionales en mati\u00e8re de s\u00e9curit\u00e9 \u00e9lectrique..<\/p>\n<div class=\"woocommerce columns-3 \"><ul class=\"products columns-3\">\n<li class=\"thunk-woo-product-list opn-qv-enable big-store-woo-hover- open-single-product-tab-horizontal open-shadow- open-shadow-hover- product type-product product_cat-marine-chargers-fr product_cat-marine-fr post-9307 status-publish first instock has-post-thumbnail shipping-taxable purchasable product-type-variation\">\n\t<div class=\"thunk-product-wrap\"><div class=\"thunk-product\"><a href=\"https:\/\/optimate1.com\/fr\/produit\/optimate-6-12v-24v\/?attribute_pa_region=us-fr-2\" class=\"woocommerce-LoopProduct-link woocommerce-loop-product__link\"><div class=\"thunk-product-image\"><img loading=\"lazy\" decoding=\"async\" width=\"320\" height=\"320\" src=\"https:\/\/optimate1.com\/wp-content\/uploads\/2019\/06\/OptiMate-6-12-24V-TM19346-3-1-320x320.png\" class=\"attachment-woocommerce_thumbnail size-woocommerce_thumbnail\" alt=\"OptiMATE 6 12V\/24V&lt;br \/&gt;TYPE A\" srcset=\"https:\/\/optimate1.com\/wp-content\/uploads\/2019\/06\/OptiMate-6-12-24V-TM19346-3-1-320x320.png 320w, https:\/\/optimate1.com\/wp-content\/uploads\/2019\/06\/OptiMate-6-12-24V-TM19346-3-1-100x100.png 100w, https:\/\/optimate1.com\/wp-content\/uploads\/2019\/06\/OptiMate-6-12-24V-TM19346-3-1-600x600.png 600w, https:\/\/optimate1.com\/wp-content\/uploads\/2019\/06\/OptiMate-6-12-24V-TM19346-3-1-64x64.png 64w, https:\/\/optimate1.com\/wp-content\/uploads\/2019\/06\/OptiMate-6-12-24V-TM19346-3-1-150x150.png 150w, https:\/\/optimate1.com\/wp-content\/uploads\/2019\/06\/OptiMate-6-12-24V-TM19346-3-1-300x300.png 300w, https:\/\/optimate1.com\/wp-content\/uploads\/2019\/06\/OptiMate-6-12-24V-TM19346-3-1-768x768.png 768w, https:\/\/optimate1.com\/wp-content\/uploads\/2019\/06\/OptiMate-6-12-24V-TM19346-3-1.png 900w\" sizes=\"auto, (max-width: 320px) 100vw, 320px\" \/><\/div><div class=\"thunk-product-content\"><h2 class=\"woocommerce-loop-product__title\">OptiMATE 6 12V\/24V<br \/>TYPE A<\/h2>\n\t<span class=\"price\"><span class=\"woocommerce-Price-amount amount\"><bdi><span class=\"woocommerce-Price-currencySymbol\">&#36;<\/span>129.89<\/bdi><\/span><\/span>\n<\/div><div class=\"thunk-product-hover\"><\/a>           <div class=\"os-product-excerpt\"><p>Region: US<\/p>\n<\/div>\n        <div class=\"thunk-quik\">\n\t\t\t             <div class=\"thunk-quickview\">\n                               <span class=\"quik-view\">\n                                   <a href=\"#\" class=\"opn-quick-view-text\"  data-product_id=\"9307\">\n                                      <span>Quick View<\/span>\n                                    \n                                   <\/a>\n                            <\/span>\n                          <\/div><\/div><\/div><\/div><\/div><\/li>\n<li class=\"thunk-woo-product-list opn-qv-enable big-store-woo-hover- open-single-product-tab-horizontal open-shadow- open-shadow-hover- product type-product product_cat-marine-chargers-fr product_cat-marine-fr post-9309 status-publish instock has-post-thumbnail shipping-taxable purchasable product-type-variation\">\n\t<div class=\"thunk-product-wrap\"><div class=\"thunk-product\"><a href=\"https:\/\/optimate1.com\/fr\/produit\/optimate-6-12v-24v\/?attribute_pa_region=eu-fr-2\" class=\"woocommerce-LoopProduct-link woocommerce-loop-product__link\"><div class=\"thunk-product-image\"><img loading=\"lazy\" decoding=\"async\" width=\"320\" height=\"320\" src=\"https:\/\/optimate1.com\/wp-content\/uploads\/2019\/06\/OptiMate-6-12-24V-TM194-3-320x320.png\" class=\"attachment-woocommerce_thumbnail size-woocommerce_thumbnail\" alt=\"OptiMATE 6 12V\/24V&lt;br \/&gt;TYPE C\" srcset=\"https:\/\/optimate1.com\/wp-content\/uploads\/2019\/06\/OptiMate-6-12-24V-TM194-3-320x320.png 320w, https:\/\/optimate1.com\/wp-content\/uploads\/2019\/06\/OptiMate-6-12-24V-TM194-3-100x100.png 100w, https:\/\/optimate1.com\/wp-content\/uploads\/2019\/06\/OptiMate-6-12-24V-TM194-3-600x600.png 600w, https:\/\/optimate1.com\/wp-content\/uploads\/2019\/06\/OptiMate-6-12-24V-TM194-3-64x64.png 64w, https:\/\/optimate1.com\/wp-content\/uploads\/2019\/06\/OptiMate-6-12-24V-TM194-3-150x150.png 150w, https:\/\/optimate1.com\/wp-content\/uploads\/2019\/06\/OptiMate-6-12-24V-TM194-3-300x300.png 300w, https:\/\/optimate1.com\/wp-content\/uploads\/2019\/06\/OptiMate-6-12-24V-TM194-3-768x768.png 768w, https:\/\/optimate1.com\/wp-content\/uploads\/2019\/06\/OptiMate-6-12-24V-TM194-3.png 900w\" sizes=\"auto, (max-width: 320px) 100vw, 320px\" \/><\/div><div class=\"thunk-product-content\"><h2 class=\"woocommerce-loop-product__title\">OptiMATE 6 12V\/24V<br \/>TYPE C<\/h2>\n\t<span class=\"price\"><span class=\"woocommerce-Price-amount amount\"><bdi><span class=\"woocommerce-Price-currencySymbol\">&#36;<\/span>129.89<\/bdi><\/span><\/span>\n<\/div><div class=\"thunk-product-hover\"><\/a>           <div class=\"os-product-excerpt\"><p>Region: EU<\/p>\n<\/div>\n        <div class=\"thunk-quik\">\n\t\t\t             <div class=\"thunk-quickview\">\n                               <span class=\"quik-view\">\n                                   <a href=\"#\" class=\"opn-quick-view-text\"  data-product_id=\"9309\">\n                                      <span>Quick View<\/span>\n                                    \n                                   <\/a>\n                            <\/span>\n                          <\/div><\/div><\/div><\/div><\/div><\/li>\n<li class=\"thunk-woo-product-list opn-qv-enable big-store-woo-hover- open-single-product-tab-horizontal open-shadow- open-shadow-hover- product type-product product_cat-marine-chargers-fr product_cat-marine-fr post-9308 status-publish last instock has-post-thumbnail shipping-taxable purchasable product-type-variation\">\n\t<div class=\"thunk-product-wrap\"><div class=\"thunk-product\"><a href=\"https:\/\/optimate1.com\/fr\/produit\/optimate-6-12v-24v\/?attribute_pa_region=uk-fr-2\" class=\"woocommerce-LoopProduct-link woocommerce-loop-product__link\"><div class=\"thunk-product-image\"><img loading=\"lazy\" decoding=\"async\" width=\"320\" height=\"320\" src=\"https:\/\/optimate1.com\/wp-content\/uploads\/2019\/06\/OptiMate-6-12-24V-TM196-3-320x320.jpg\" class=\"attachment-woocommerce_thumbnail size-woocommerce_thumbnail\" alt=\"OptiMATE 6 12V\/24V&lt;br \/&gt;TYPE G\" srcset=\"https:\/\/optimate1.com\/wp-content\/uploads\/2019\/06\/OptiMate-6-12-24V-TM196-3-320x320.jpg 320w, https:\/\/optimate1.com\/wp-content\/uploads\/2019\/06\/OptiMate-6-12-24V-TM196-3-100x100.jpg 100w, https:\/\/optimate1.com\/wp-content\/uploads\/2019\/06\/OptiMate-6-12-24V-TM196-3-600x600.jpg 600w, https:\/\/optimate1.com\/wp-content\/uploads\/2019\/06\/OptiMate-6-12-24V-TM196-3-64x64.jpg 64w, https:\/\/optimate1.com\/wp-content\/uploads\/2019\/06\/OptiMate-6-12-24V-TM196-3-300x300.jpg 300w, https:\/\/optimate1.com\/wp-content\/uploads\/2019\/06\/OptiMate-6-12-24V-TM196-3-150x150.jpg 150w, https:\/\/optimate1.com\/wp-content\/uploads\/2019\/06\/OptiMate-6-12-24V-TM196-3-768x768.jpg 768w, https:\/\/optimate1.com\/wp-content\/uploads\/2019\/06\/OptiMate-6-12-24V-TM196-3.jpg 900w\" sizes=\"auto, (max-width: 320px) 100vw, 320px\" \/><\/div><div class=\"thunk-product-content\"><h2 class=\"woocommerce-loop-product__title\">OptiMATE 6 12V\/24V<br \/>TYPE G<\/h2>\n\t<span class=\"price\"><span class=\"woocommerce-Price-amount amount\"><bdi><span class=\"woocommerce-Price-currencySymbol\">&#36;<\/span>129.89<\/bdi><\/span><\/span>\n<\/div><div class=\"thunk-product-hover\"><\/a>           <div class=\"os-product-excerpt\"><p>Region: UK<\/p>\n<\/div>\n        <div class=\"thunk-quik\">\n\t\t\t             <div class=\"thunk-quickview\">\n                               <span class=\"quik-view\">\n                                   <a href=\"#\" class=\"opn-quick-view-text\"  data-product_id=\"9308\">\n                                      <span>Quick View<\/span>\n                                    \n                                   <\/a>\n                            <\/span>\n                          <\/div><\/div><\/div><\/div><\/div><\/li>\n<\/ul>\n<\/div>\n<p>&nbsp;<\/p>\n<p>&nbsp;<\/p>\n","protected":false},"excerpt":{"rendered":"<h3><span style=\"color: #cd202c;\">Chargeur-Mainteneur-r\u00e9cup\u00e9rateur de batterie \u00e9tanche 12 V 5A \/ 24 V 2.5 A en 8 \u00e9tapes<\/span><\/h3>\n","protected":false},"featured_media":3730,"template":"","meta":[],"product_brand":[],"product_cat":[2257,2245],"product_tag":[],"class_list":{"0":"post-9306","1":"product","2":"type-product","3":"status-publish","4":"has-post-thumbnail","6":"product_cat-marine-chargers-fr","7":"product_cat-marine-fr","8":"pa_charge-battery-chemistry-pb-agm-gel-std-lead-acid-fr","9":"pa_charge-battery-more-12v-fr","10":"pa_charge-battery-more-24v-fr","11":"pa_charge-battery-more-4x4-aventure","12":"pa_charge-battery-more-bateau-motomarine","13":"pa_charge-battery-more-deep-prolonge-industriel","14":"pa_charge-battery-more-tracteur-construction","15":"pa_power-ac-100-240vac-fr","16":"pa_product-group-optimate-6-fr","17":"pa_region-ca-fr","18":"pa_region-eu-fr-2","19":"pa_region-uk-fr-2","20":"pa_region-us-fr-2","21":"iside_vehicle-marine-fr","22":"thunk-woo-product-list","23":"opn-qv-enable","24":"big-store-woo-hover-","25":"open-single-product-tab-horizontal","26":"open-shadow-","27":"open-shadow-hover-","31":"first","32":"instock","33":"featured","34":"shipping-taxable","35":"purchasable","36":"product-type-variable"},"yoast_head":"<!-- This site is optimized with the Yoast SEO plugin v27.2 - https:\/\/yoast.com\/product\/yoast-seo-wordpress\/ -->\n<title>OptiMate 6 12V\/24V - OptiMate<\/title>\n<meta name=\"robots\" content=\"index, follow, max-snippet:-1, max-image-preview:large, max-video-preview:-1\" \/>\n<link rel=\"canonical\" href=\"https:\/\/optimate1.com\/product\/optimate-6-12v-24v\/\" \/>\n<meta property=\"og:locale\" content=\"fr_FR\" \/>\n<meta property=\"og:type\" content=\"article\" \/>\n<meta property=\"og:title\" content=\"OptiMate 6 12V\/24V - OptiMate\" \/>\n<meta property=\"og:description\" content=\"Chargeur-Mainteneur-r\u00e9cup\u00e9rateur de batterie \u00e9tanche 12 V 5A \/ 24 V 2.5 A en 8 \u00e9tapes\" \/>\n<meta property=\"og:url\" content=\"https:\/\/optimate1.com\/product\/optimate-6-12v-24v\/\" \/>\n<meta property=\"og:site_name\" content=\"OptiMate\" \/>\n<meta property=\"article:publisher\" content=\"https:\/\/www.facebook.com\/OptiMatebatterysavingcharger\/\" \/>\n<meta property=\"article:modified_time\" content=\"2021-10-08T07:43:46+00:00\" \/>\n<meta property=\"og:image\" content=\"https:\/\/optimate1.com\/wp-content\/uploads\/2019\/06\/OptiMate-6-12-24V-TM19346-5.png\" \/>\n\t<meta property=\"og:image:width\" content=\"900\" \/>\n\t<meta property=\"og:image:height\" content=\"900\" \/>\n\t<meta property=\"og:image:type\" content=\"image\/png\" \/>\n<meta name=\"twitter:card\" content=\"summary_large_image\" \/>\n<meta name=\"twitter:label1\" content=\"Dur\u00e9e de lecture estim\u00e9e\" \/>\n\t<meta name=\"twitter:data1\" content=\"1 minute\" \/>\n<script type=\"application\/ld+json\" class=\"yoast-schema-graph\">{\"@context\":\"https:\/\/schema.org\",\"@graph\":[{\"@type\":\"WebPage\",\"@id\":\"https:\/\/optimate1.com\/product\/optimate-6-12v-24v\/\",\"url\":\"https:\/\/optimate1.com\/product\/optimate-6-12v-24v\/\",\"name\":\"OptiMate 6 12V\/24V - OptiMate\",\"isPartOf\":{\"@id\":\"https:\/\/optimate1.com\/#website\"},\"primaryImageOfPage\":{\"@id\":\"https:\/\/optimate1.com\/product\/optimate-6-12v-24v\/#primaryimage\"},\"image\":{\"@id\":\"https:\/\/optimate1.com\/product\/optimate-6-12v-24v\/#primaryimage\"},\"thumbnailUrl\":\"https:\/\/optimate1.com\/wp-content\/uploads\/2019\/06\/OptiMate-6-12-24V-TM19346-5.png\",\"datePublished\":\"2019-06-07T17:48:47+00:00\",\"dateModified\":\"2021-10-08T07:43:46+00:00\",\"breadcrumb\":{\"@id\":\"https:\/\/optimate1.com\/product\/optimate-6-12v-24v\/#breadcrumb\"},\"inLanguage\":\"fr-FR\",\"potentialAction\":[{\"@type\":\"ReadAction\",\"target\":[\"https:\/\/optimate1.com\/product\/optimate-6-12v-24v\/\"]}]},{\"@type\":\"ImageObject\",\"inLanguage\":\"fr-FR\",\"@id\":\"https:\/\/optimate1.com\/product\/optimate-6-12v-24v\/#primaryimage\",\"url\":\"https:\/\/optimate1.com\/wp-content\/uploads\/2019\/06\/OptiMate-6-12-24V-TM19346-5.png\",\"contentUrl\":\"https:\/\/optimate1.com\/wp-content\/uploads\/2019\/06\/OptiMate-6-12-24V-TM19346-5.png\",\"width\":900,\"height\":900},{\"@type\":\"BreadcrumbList\",\"@id\":\"https:\/\/optimate1.com\/product\/optimate-6-12v-24v\/#breadcrumb\",\"itemListElement\":[{\"@type\":\"ListItem\",\"position\":1,\"name\":\"Home\",\"item\":\"https:\/\/optimate1.com\/\"},{\"@type\":\"ListItem\",\"position\":2,\"name\":\"Produits\",\"item\":\"https:\/\/optimate1.com\/shop\/\"},{\"@type\":\"ListItem\",\"position\":3,\"name\":\"OptiMate 6 12V\/24V\"}]},{\"@type\":\"WebSite\",\"@id\":\"https:\/\/optimate1.com\/#website\",\"url\":\"https:\/\/optimate1.com\/\",\"name\":\"OptiMate\",\"description\":\"Battery Chargers &amp; Accessories\",\"publisher\":{\"@id\":\"https:\/\/optimate1.com\/#organization\"},\"potentialAction\":[{\"@type\":\"SearchAction\",\"target\":{\"@type\":\"EntryPoint\",\"urlTemplate\":\"https:\/\/optimate1.com\/?s={search_term_string}\"},\"query-input\":{\"@type\":\"PropertyValueSpecification\",\"valueRequired\":true,\"valueName\":\"search_term_string\"}}],\"inLanguage\":\"fr-FR\"},{\"@type\":\"Organization\",\"@id\":\"https:\/\/optimate1.com\/#organization\",\"name\":\"OptiMate\",\"url\":\"https:\/\/optimate1.com\/\",\"logo\":{\"@type\":\"ImageObject\",\"inLanguage\":\"fr-FR\",\"@id\":\"https:\/\/optimate1.com\/#\/schema\/logo\/image\/\",\"url\":\"https:\/\/optimate1.com\/wp-content\/uploads\/2021\/06\/optimate-hpbc-stacklogo.jpg\",\"contentUrl\":\"https:\/\/optimate1.com\/wp-content\/uploads\/2021\/06\/optimate-hpbc-stacklogo.jpg\",\"width\":1025,\"height\":529,\"caption\":\"OptiMate\"},\"image\":{\"@id\":\"https:\/\/optimate1.com\/#\/schema\/logo\/image\/\"},\"sameAs\":[\"https:\/\/www.facebook.com\/OptiMatebatterysavingcharger\/\"]}]}<\/script>\n<!-- \/ Yoast SEO plugin. -->","yoast_head_json":{"title":"OptiMate 6 12V\/24V - OptiMate","robots":{"index":"index","follow":"follow","max-snippet":"max-snippet:-1","max-image-preview":"max-image-preview:large","max-video-preview":"max-video-preview:-1"},"canonical":"https:\/\/optimate1.com\/product\/optimate-6-12v-24v\/","og_locale":"fr_FR","og_type":"article","og_title":"OptiMate 6 12V\/24V - OptiMate","og_description":"Chargeur-Mainteneur-r\u00e9cup\u00e9rateur de batterie \u00e9tanche 12 V 5A \/ 24 V 2.5 A en 8 \u00e9tapes","og_url":"https:\/\/optimate1.com\/product\/optimate-6-12v-24v\/","og_site_name":"OptiMate","article_publisher":"https:\/\/www.facebook.com\/OptiMatebatterysavingcharger\/","article_modified_time":"2021-10-08T07:43:46+00:00","og_image":[{"width":900,"height":900,"url":"https:\/\/optimate1.com\/wp-content\/uploads\/2019\/06\/OptiMate-6-12-24V-TM19346-5.png","type":"image\/png"}],"twitter_card":"summary_large_image","twitter_misc":{"Dur\u00e9e de lecture estim\u00e9e":"1 minute"},"schema":{"@context":"https:\/\/schema.org","@graph":[{"@type":"WebPage","@id":"https:\/\/optimate1.com\/product\/optimate-6-12v-24v\/","url":"https:\/\/optimate1.com\/product\/optimate-6-12v-24v\/","name":"OptiMate 6 12V\/24V - OptiMate","isPartOf":{"@id":"https:\/\/optimate1.com\/#website"},"primaryImageOfPage":{"@id":"https:\/\/optimate1.com\/product\/optimate-6-12v-24v\/#primaryimage"},"image":{"@id":"https:\/\/optimate1.com\/product\/optimate-6-12v-24v\/#primaryimage"},"thumbnailUrl":"https:\/\/optimate1.com\/wp-content\/uploads\/2019\/06\/OptiMate-6-12-24V-TM19346-5.png","datePublished":"2019-06-07T17:48:47+00:00","dateModified":"2021-10-08T07:43:46+00:00","breadcrumb":{"@id":"https:\/\/optimate1.com\/product\/optimate-6-12v-24v\/#breadcrumb"},"inLanguage":"fr-FR","potentialAction":[{"@type":"ReadAction","target":["https:\/\/optimate1.com\/product\/optimate-6-12v-24v\/"]}]},{"@type":"ImageObject","inLanguage":"fr-FR","@id":"https:\/\/optimate1.com\/product\/optimate-6-12v-24v\/#primaryimage","url":"https:\/\/optimate1.com\/wp-content\/uploads\/2019\/06\/OptiMate-6-12-24V-TM19346-5.png","contentUrl":"https:\/\/optimate1.com\/wp-content\/uploads\/2019\/06\/OptiMate-6-12-24V-TM19346-5.png","width":900,"height":900},{"@type":"BreadcrumbList","@id":"https:\/\/optimate1.com\/product\/optimate-6-12v-24v\/#breadcrumb","itemListElement":[{"@type":"ListItem","position":1,"name":"Home","item":"https:\/\/optimate1.com\/"},{"@type":"ListItem","position":2,"name":"Produits","item":"https:\/\/optimate1.com\/shop\/"},{"@type":"ListItem","position":3,"name":"OptiMate 6 12V\/24V"}]},{"@type":"WebSite","@id":"https:\/\/optimate1.com\/#website","url":"https:\/\/optimate1.com\/","name":"OptiMate","description":"Battery Chargers &amp; Accessories","publisher":{"@id":"https:\/\/optimate1.com\/#organization"},"potentialAction":[{"@type":"SearchAction","target":{"@type":"EntryPoint","urlTemplate":"https:\/\/optimate1.com\/?s={search_term_string}"},"query-input":{"@type":"PropertyValueSpecification","valueRequired":true,"valueName":"search_term_string"}}],"inLanguage":"fr-FR"},{"@type":"Organization","@id":"https:\/\/optimate1.com\/#organization","name":"OptiMate","url":"https:\/\/optimate1.com\/","logo":{"@type":"ImageObject","inLanguage":"fr-FR","@id":"https:\/\/optimate1.com\/#\/schema\/logo\/image\/","url":"https:\/\/optimate1.com\/wp-content\/uploads\/2021\/06\/optimate-hpbc-stacklogo.jpg","contentUrl":"https:\/\/optimate1.com\/wp-content\/uploads\/2021\/06\/optimate-hpbc-stacklogo.jpg","width":1025,"height":529,"caption":"OptiMate"},"image":{"@id":"https:\/\/optimate1.com\/#\/schema\/logo\/image\/"},"sameAs":["https:\/\/www.facebook.com\/OptiMatebatterysavingcharger\/"]}]}},"_links":{"self":[{"href":"https:\/\/optimate1.com\/fr\/wp-json\/wp\/v2\/product\/9306","targetHints":{"allow":["GET"]}}],"collection":[{"href":"https:\/\/optimate1.com\/fr\/wp-json\/wp\/v2\/product"}],"about":[{"href":"https:\/\/optimate1.com\/fr\/wp-json\/wp\/v2\/types\/product"}],"wp:featuredmedia":[{"embeddable":true,"href":"https:\/\/optimate1.com\/fr\/wp-json\/wp\/v2\/media\/3730"}],"wp:attachment":[{"href":"https:\/\/optimate1.com\/fr\/wp-json\/wp\/v2\/media?parent=9306"}],"wp:term":[{"taxonomy":"product_brand","embeddable":true,"href":"https:\/\/optimate1.com\/fr\/wp-json\/wp\/v2\/product_brand?post=9306"},{"taxonomy":"product_cat","embeddable":true,"href":"https:\/\/optimate1.com\/fr\/wp-json\/wp\/v2\/product_cat?post=9306"},{"taxonomy":"product_tag","embeddable":true,"href":"https:\/\/optimate1.com\/fr\/wp-json\/wp\/v2\/product_tag?post=9306"}],"curies":[{"name":"wp","href":"https:\/\/api.w.org\/{rel}","templated":true}]}}