{"id":9408,"date":"2019-06-08T21:57:18","date_gmt":"2019-06-09T01:57:18","guid":{"rendered":"https:\/\/optimate1.com\/product\/optimate-lithium-4s-0-8a-quad-bank\/"},"modified":"2026-03-30T10:35:08","modified_gmt":"2026-03-30T14:35:08","slug":"optimate-lithium-4s-0-8a-quad-bank-chargeur-batterie","status":"publish","type":"product","link":"https:\/\/optimate1.com\/fr\/produit\/optimate-lithium-4s-0-8a-quad-bank-chargeur-batterie\/","title":{"rendered":"OptiMate Lithium 4s 0.8A Quad Bank"},"content":{"rendered":"<h6 style=\"text-align: center;\"><strong><span style=\"color: #10069f;\">Le banc OptiMate Lithium 4s 0,8A est le choix id\u00e9al pour 4 batteries LifePO4 \/ LFP Lithium de 12,8V\/13,2V. <\/span><\/strong><i><span style=\"color: #10069f;\"><strong>&#8211;<\/strong> Le choix des revendeurs de batteries!<\/span><\/i><\/h6>\n<h6 style=\"text-align: center;\"><img loading=\"lazy\" decoding=\"async\" class=\"aligncenter wp-image-20668\" src=\"https:\/\/optimate1.com\/wp-content\/uploads\/2021\/12\/Vehicle-range-OML-0.8-copy-01.png\" alt=\"The OptiMate Lithium 4s is recommended for race motorcycles, cross motorcycles, motor bikes, jet skis and ATV.\" width=\"428\" height=\"66\" \/><\/h6>\n<p>&nbsp;<\/p>\n<h6 style=\"text-align: center;\"><strong><span style=\"color: #10069f;\">Les bancs de charge sont isol\u00e9s \u00e9lectriquement les uns des autres et <\/span><\/strong><strong><span style=\"color: #10069f;\">fonctionnent ind\u00e9pendamment &#8211;\u00a0<\/span><\/strong><i><span style=\"color: #10069f;\">Chargez les batteries s\u00e9par\u00e9ment ou chargez les batteries connect\u00e9es en s\u00e9rie !<\/span><\/i><\/h6>\n<p><a href=\"https:\/\/optimate1.com\/wp-content\/uploads\/2019\/01\/multibank-x2.png\"><img loading=\"lazy\" decoding=\"async\" class=\"aligncenter wp-image-28078 size-full\" src=\"https:\/\/optimate1.com\/wp-content\/uploads\/2019\/01\/multibank-x2.png\" alt=\"The Lithium 4 Bank can charge batteries separately or charge batteries connected in series. \" width=\"852\" height=\"140\" srcset=\"https:\/\/optimate1.com\/wp-content\/uploads\/2019\/01\/multibank-x2.png 852w, https:\/\/optimate1.com\/wp-content\/uploads\/2019\/01\/multibank-x2-300x49.png 300w, https:\/\/optimate1.com\/wp-content\/uploads\/2019\/01\/multibank-x2-768x126.png 768w, https:\/\/optimate1.com\/wp-content\/uploads\/2019\/01\/multibank-x2-600x99.png 600w, https:\/\/optimate1.com\/wp-content\/uploads\/2019\/01\/multibank-x2-64x11.png 64w\" sizes=\"auto, (max-width: 852px) 100vw, 852px\" \/><\/a><\/p>\n<h6 style=\"text-align: center;\"><\/h6>\n<p>&nbsp;<\/p>\n<h6 style=\"text-align: center;\"><strong><span style=\"color: #10069f;\">Le BMS r\u00e9active la batterie \u00e0 partir du mode de protection contre la mise en veille ou la d\u00e9charge profonde. <\/span><\/strong><\/h6>\n<h6 style=\"text-align: center;\"><img loading=\"lazy\" decoding=\"async\" class=\"aligncenter wp-image-20910\" src=\"https:\/\/optimate1.com\/wp-content\/uploads\/2021\/12\/BMS-reset-copy-01.png\" alt=\"BMS ( Battery management system)\" width=\"428\" height=\"70\" \/><\/h6>\n<p>&nbsp;<\/p>\n<h6 style=\"text-align: center;\"><strong><span style=\"color: #10069f;\">Un programme enti\u00e8rement automatique en plusieurs \u00e9tapes am\u00e8ne la batterie \u00e0 pleine charge en toute s\u00e9curit\u00e9. &#8211; <\/span><\/strong><i><span style=\"color: #10069f;\">Connectez \u00e0 la batterie et le Quad Bank OptiMate Lithium 4s 0.8A fait le reste, aucune supervision n&#8217;est n\u00e9cessaire !<br \/>\n<\/span><\/i><\/h6>\n<h6 style=\"text-align: center;\"><img loading=\"lazy\" decoding=\"async\" class=\"aligncenter wp-image-20876\" src=\"https:\/\/optimate1.com\/wp-content\/uploads\/2020\/12\/connect_save_charge-maintain-01.png\" alt=\"The fully automatic multi-step program to full charge the battery safely. \" width=\"428\" height=\"70\" \/><\/h6>\n<p>&nbsp;<\/p>\n<p>&nbsp;<\/p>\n<h4 style=\"text-align: center;\"><strong><span style=\"text-decoration: underline;\">PLUS DE CARACTERISTIQUES :<\/span><\/strong><\/h4>\n<p style=\"text-align: center;\">\n<table id=\"tablepress-455\" class=\"tablepress tablepress-id-455\">\n<tbody class=\"row-hover\">\n<tr class=\"row-1\">\n\t<td class=\"column-1\"><a href=\"\"><img loading=\"lazy\" decoding=\"async\" src=\"https:\/\/optimate1.com\/wp-content\/uploads\/2023\/09\/optimate-lithium-6A.png\" alt=\"\" width=\"300\" height=\"50\" class=\"aligncenter size-medium wp-image-20927\" \/><\/a><body><h6><center>Pour les types de batteries de sports motoris\u00e9s Li-Ion 12.8V\/13.2V fabriqu\u00e9es avec la technologie LiFePO4\/LFP.<\/body><\/h6><\/center><br \/>\n<\/td>\n<\/tr>\n<tr class=\"row-2\">\n\t<td class=\"column-1\"><a href=\"\"><img loading=\"lazy\" decoding=\"async\" src=\"https:\/\/optimate1.com\/wp-content\/uploads\/2021\/12\/SAFE-Lithium-0.8A-copy-01.png\" alt=\"\" width=\"300\" height=\"50\" class=\"aligncenter size-medium wp-image-20927\" \/><\/a><body><h6><center>Peut rester raccord\u00e9 en toute s\u00e9curit\u00e9. Totalement prot\u00e9g\u00e9 \u00e9lectroniquement.<\/body><\/h6><\/center><br \/>\n<\/td>\n<\/tr>\n<tr class=\"row-3\">\n\t<td class=\"column-1\"><a href=\"\"><img loading=\"lazy\" decoding=\"async\" src=\"https:\/\/optimate1.com\/wp-content\/uploads\/2020\/12\/24-7-x2-300x49.png\" alt=\"\" width=\"300\" height=\"50\" class=\"aligncenter size-medium wp-image-20928\" \/><\/a><body><h6><center>Maintient la batterie \u00e0 une charge compl\u00e8te et en bonne sant\u00e9.<\/body><\/h6><\/center><\/td>\n<\/tr>\n<tr class=\"row-4\">\n\t<td class=\"column-1\"><a href=\"\"><img loading=\"lazy\" decoding=\"async\" src=\"https:\/\/optimate1.com\/wp-content\/uploads\/2021\/11\/LFP-save-0.5V.png\" alt=\"\" width=\"300\" height=\"50\" class=\"aligncenter size-medium wp-image-20995\" \/><\/a><body><h6><center>Sauve votre batterie compl\u00e8tement \u00e0 plat en partant d\u2019une tension de seulement 0.5V.<\/body><\/h6><\/center><\/td>\n<\/tr>\n<tr class=\"row-5\">\n\t<td class=\"column-1\"><a href=\"\"><img loading=\"lazy\" decoding=\"async\" src=\"https:\/\/optimate1.com\/wp-content\/uploads\/2020\/12\/state-of-health-test-2-LED-200.png\" alt=\"\" width=\"300\" height=\"50\" class=\"aligncenter size-medium wp-image-20982\" \/><\/a><body><h6><center>Teste l'\u00e9tat de fonctionnement de la batterie.<\/center><\/h6><\/body><\/td>\n<\/tr>\n<tr class=\"row-6\">\n\t<td class=\"column-1\"><a href=\"\"><img loading=\"lazy\" decoding=\"async\" src=\"https:\/\/optimate1.com\/wp-content\/uploads\/2023\/10\/Pb-LFP-OML-6A-copy.png\" alt=\"\" width=\"300\" height=\"50\" class=\"aligncenter size-medium wp-image-20993\" \/><\/a><body><h6><center>Avertit lorsqu'un dommage est d\u00e9tect\u00e9 sur la batterie.<\/body><\/h6><\/center><\/td>\n<\/tr>\n<tr class=\"row-7\">\n\t<td class=\"column-1\"><a href=\"\"><img loading=\"lazy\" decoding=\"async\" src=\"https:\/\/optimate1.com\/wp-content\/uploads\/2020\/12\/green-technology-hx2-1-300x49.png\" alt=\"\" width=\"300\" height=\"50\" class=\"aligncenter size-medium wp-image-20985\" \/><\/a><body><h6><center>Technologie \u00e9conome en \u00e9nergie.<br \/>\n\u221a Puissance en veille inf\u00e9rieure \u00e0 0.5W.<br \/>\n\u221a Maintenance efficace de la batterie 24H\/24 et 7J\/7.<\/body><\/h6><\/center><\/td>\n<\/tr>\n<tr class=\"row-8\">\n\t<td class=\"column-1\"><a href=\"\"><img loading=\"lazy\" decoding=\"async\" src=\"https:\/\/optimate1.com\/wp-content\/uploads\/2020\/12\/weatherproof-x2-300x49.png\" alt=\"\" width=\"300\" height=\"50\" class=\"aligncenter size-medium wp-image-20983\" \/><\/a><body><h6><center>R\u00e9siste aux intemp\u00e9ries. Con\u00e7u pour une utilisation jusqu\u2019\u00e0 -40\u00b0C \/ -40\u00b0F.<\/body><\/h6><\/center><\/td>\n<\/tr>\n<\/tbody>\n<\/table>\n<!-- #tablepress-455 from cache --><\/p>\n","protected":false},"excerpt":{"rendered":"<h3><span style=\"color: #006400;\">S\u00e9rie LITHIUM: Chargeur-Mainteneur-R\u00e9cup\u00e9rateur de batterie \u00e9tanche 12.8V 0.8A en 8 \u00e9tapes\u00a0<\/span><strong>x4<\/strong><\/h3>\n","protected":false},"featured_media":41922,"template":"","meta":[],"product_brand":[],"product_cat":[394],"product_tag":[],"class_list":{"0":"post-9408","1":"product","2":"type-product","3":"status-publish","4":"has-post-thumbnail","6":"product_cat-battery-chargers-fr","7":"pa_charge-battery-chemistry-li-lifepo4-lfp-lithium-fr","8":"pa_charge-battery-more-12v-fr","9":"pa_charge-battery-more-moto-vehicule-tout-terrain","10":"pa_charge-battery-more-utv-sxs-cruiser-fr","11":"pa_power-ac-100-240vac-fr","12":"pa_product-group-optimate-lithium-fr","13":"pa_region-ca-fr","14":"pa_region-eu-fr-2","15":"pa_region-uk-fr-2","16":"pa_region-us-fr-2","17":"iside_voltage-12-8-fr","18":"iside_ampere-0-8-fr","19":"iside_vehicle-moto-mecaniques-fr","20":"iside_charger_series-lithium-smarter-fr","21":"iside_charger_features-maintenance-de-batterie-securisee-24-7","22":"iside_charger_features-save-low-volt-reset-bms-lithium-lfp-fr","23":"iside_charger_features-reinitialisation-du-bms-pour-batterie-lfp","24":"iside_charger_type-multibank-fr","25":"iside_battery_voltage-12-8v-13-2v","26":"iside_battery_chemistry-lfp-lifepo4-lithium-ion-fr","27":"battery_charger_current-0-6a-1-5a-fr","28":"thunk-woo-product-list","29":"opn-qv-enable","30":"big-store-woo-hover-","31":"open-single-product-tab-horizontal","32":"open-shadow-","33":"open-shadow-hover-","35":"first","36":"instock","37":"featured","38":"shipping-taxable","39":"purchasable","40":"product-type-simple"},"yoast_head":"<!-- This site is optimized with the Yoast SEO plugin v27.2 - https:\/\/yoast.com\/product\/yoast-seo-wordpress\/ -->\n<title>OptiMate Lithium 4s 0.8A Quad Bank - OptiMate<\/title>\n<meta name=\"description\" content=\"L&#039;OptiMate Lithium 4s 0.8a Quad Bank est le chargeur batterie lithium id\u00e9al pour jusqu&#039;a 4 batteries 12.8V\/13.2V au Lithium LFP. Lisez plus!\" \/>\n<meta name=\"robots\" content=\"index, follow, max-snippet:-1, max-image-preview:large, max-video-preview:-1, noarchive\" \/>\n<link rel=\"canonical\" href=\"https:\/\/optimate1.com\/fr\/produit\/optimate-lithium-4s-0-8a-quad-bank-chargeur-batterie\/\" \/>\n<meta property=\"og:locale\" content=\"fr_FR\" \/>\n<meta property=\"og:type\" content=\"article\" \/>\n<meta property=\"og:title\" content=\"OptiMate Lithium 4s 0.8A Quad Bank - OptiMate\" \/>\n<meta property=\"og:description\" content=\"L&#039;OptiMate Lithium 4s 0.8a Quad Bank est le chargeur batterie lithium id\u00e9al pour jusqu&#039;a 4 batteries 12.8V\/13.2V au Lithium LFP. Lisez plus!\" \/>\n<meta property=\"og:url\" content=\"https:\/\/optimate1.com\/fr\/produit\/optimate-lithium-4s-0-8a-quad-bank-chargeur-batterie\/\" \/>\n<meta property=\"og:site_name\" content=\"OptiMate\" \/>\n<meta property=\"article:publisher\" content=\"https:\/\/www.facebook.com\/OptiMatebatterysavingcharger\/\" \/>\n<meta property=\"article:modified_time\" content=\"2026-03-30T14:35:08+00:00\" \/>\n<meta property=\"og:image\" content=\"https:\/\/optimate1.com\/wp-content\/uploads\/2026\/03\/OptiMate-Lithium-4s-0.8A-4-bank-TM48x-11_webshop-copy-fr.png\" \/>\n\t<meta property=\"og:image:width\" content=\"1500\" \/>\n\t<meta property=\"og:image:height\" content=\"1500\" \/>\n\t<meta property=\"og:image:type\" content=\"image\/png\" \/>\n<meta name=\"twitter:card\" content=\"summary_large_image\" \/>\n<meta name=\"twitter:label1\" content=\"Dur\u00e9e de lecture estim\u00e9e\" \/>\n\t<meta name=\"twitter:data1\" content=\"2 minutes\" \/>\n<script type=\"application\/ld+json\" class=\"yoast-schema-graph\">{\"@context\":\"https:\/\/schema.org\",\"@graph\":[{\"@type\":\"WebPage\",\"@id\":\"https:\/\/optimate1.com\/fr\/produit\/optimate-lithium-4s-0-8a-quad-bank-chargeur-batterie\/\",\"url\":\"https:\/\/optimate1.com\/fr\/produit\/optimate-lithium-4s-0-8a-quad-bank-chargeur-batterie\/\",\"name\":\"OptiMate Lithium 4s 0.8A Quad Bank - OptiMate\",\"isPartOf\":{\"@id\":\"https:\/\/optimate1.com\/#website\"},\"primaryImageOfPage\":{\"@id\":\"https:\/\/optimate1.com\/fr\/produit\/optimate-lithium-4s-0-8a-quad-bank-chargeur-batterie\/#primaryimage\"},\"image\":{\"@id\":\"https:\/\/optimate1.com\/fr\/produit\/optimate-lithium-4s-0-8a-quad-bank-chargeur-batterie\/#primaryimage\"},\"thumbnailUrl\":\"https:\/\/optimate1.com\/wp-content\/uploads\/2026\/03\/OptiMate-Lithium-4s-0.8A-4-bank-TM48x-11_webshop-copy-fr.png\",\"datePublished\":\"2019-06-09T01:57:18+00:00\",\"dateModified\":\"2026-03-30T14:35:08+00:00\",\"description\":\"L'OptiMate Lithium 4s 0.8a Quad Bank est le chargeur batterie lithium id\u00e9al pour jusqu'a 4 batteries 12.8V\/13.2V au Lithium LFP. Lisez plus!\",\"breadcrumb\":{\"@id\":\"https:\/\/optimate1.com\/fr\/produit\/optimate-lithium-4s-0-8a-quad-bank-chargeur-batterie\/#breadcrumb\"},\"inLanguage\":\"fr-FR\",\"potentialAction\":[{\"@type\":\"ReadAction\",\"target\":[\"https:\/\/optimate1.com\/fr\/produit\/optimate-lithium-4s-0-8a-quad-bank-chargeur-batterie\/\"]}]},{\"@type\":\"ImageObject\",\"inLanguage\":\"fr-FR\",\"@id\":\"https:\/\/optimate1.com\/fr\/produit\/optimate-lithium-4s-0-8a-quad-bank-chargeur-batterie\/#primaryimage\",\"url\":\"https:\/\/optimate1.com\/wp-content\/uploads\/2026\/03\/OptiMate-Lithium-4s-0.8A-4-bank-TM48x-11_webshop-copy-fr.png\",\"contentUrl\":\"https:\/\/optimate1.com\/wp-content\/uploads\/2026\/03\/OptiMate-Lithium-4s-0.8A-4-bank-TM48x-11_webshop-copy-fr.png\",\"width\":1500,\"height\":1500},{\"@type\":\"BreadcrumbList\",\"@id\":\"https:\/\/optimate1.com\/fr\/produit\/optimate-lithium-4s-0-8a-quad-bank-chargeur-batterie\/#breadcrumb\",\"itemListElement\":[{\"@type\":\"ListItem\",\"position\":1,\"name\":\"Home\",\"item\":\"https:\/\/optimate1.com\/\"},{\"@type\":\"ListItem\",\"position\":2,\"name\":\"Produits\",\"item\":\"https:\/\/optimate1.com\/shop\/\"},{\"@type\":\"ListItem\",\"position\":3,\"name\":\"OptiMate Lithium 4s 0.8A Quad Bank\"}]},{\"@type\":\"WebSite\",\"@id\":\"https:\/\/optimate1.com\/#website\",\"url\":\"https:\/\/optimate1.com\/\",\"name\":\"OptiMate\",\"description\":\"Battery Chargers &amp; Accessories\",\"publisher\":{\"@id\":\"https:\/\/optimate1.com\/#organization\"},\"potentialAction\":[{\"@type\":\"SearchAction\",\"target\":{\"@type\":\"EntryPoint\",\"urlTemplate\":\"https:\/\/optimate1.com\/?s={search_term_string}\"},\"query-input\":{\"@type\":\"PropertyValueSpecification\",\"valueRequired\":true,\"valueName\":\"search_term_string\"}}],\"inLanguage\":\"fr-FR\"},{\"@type\":\"Organization\",\"@id\":\"https:\/\/optimate1.com\/#organization\",\"name\":\"OptiMate\",\"url\":\"https:\/\/optimate1.com\/\",\"logo\":{\"@type\":\"ImageObject\",\"inLanguage\":\"fr-FR\",\"@id\":\"https:\/\/optimate1.com\/#\/schema\/logo\/image\/\",\"url\":\"https:\/\/optimate1.com\/wp-content\/uploads\/2021\/06\/optimate-hpbc-stacklogo.jpg\",\"contentUrl\":\"https:\/\/optimate1.com\/wp-content\/uploads\/2021\/06\/optimate-hpbc-stacklogo.jpg\",\"width\":1025,\"height\":529,\"caption\":\"OptiMate\"},\"image\":{\"@id\":\"https:\/\/optimate1.com\/#\/schema\/logo\/image\/\"},\"sameAs\":[\"https:\/\/www.facebook.com\/OptiMatebatterysavingcharger\/\"]}]}<\/script>\n<!-- \/ Yoast SEO plugin. -->","yoast_head_json":{"title":"OptiMate Lithium 4s 0.8A Quad Bank - OptiMate","description":"L'OptiMate Lithium 4s 0.8a Quad Bank est le chargeur batterie lithium id\u00e9al pour jusqu'a 4 batteries 12.8V\/13.2V au Lithium LFP. Lisez plus!","robots":{"index":"index","follow":"follow","max-snippet":"max-snippet:-1","max-image-preview":"max-image-preview:large","max-video-preview":"max-video-preview:-1","archive":"noarchive"},"canonical":"https:\/\/optimate1.com\/fr\/produit\/optimate-lithium-4s-0-8a-quad-bank-chargeur-batterie\/","og_locale":"fr_FR","og_type":"article","og_title":"OptiMate Lithium 4s 0.8A Quad Bank - OptiMate","og_description":"L'OptiMate Lithium 4s 0.8a Quad Bank est le chargeur batterie lithium id\u00e9al pour jusqu'a 4 batteries 12.8V\/13.2V au Lithium LFP. Lisez plus!","og_url":"https:\/\/optimate1.com\/fr\/produit\/optimate-lithium-4s-0-8a-quad-bank-chargeur-batterie\/","og_site_name":"OptiMate","article_publisher":"https:\/\/www.facebook.com\/OptiMatebatterysavingcharger\/","article_modified_time":"2026-03-30T14:35:08+00:00","og_image":[{"width":1500,"height":1500,"url":"https:\/\/optimate1.com\/wp-content\/uploads\/2026\/03\/OptiMate-Lithium-4s-0.8A-4-bank-TM48x-11_webshop-copy-fr.png","type":"image\/png"}],"twitter_card":"summary_large_image","twitter_misc":{"Dur\u00e9e de lecture estim\u00e9e":"2 minutes"},"schema":{"@context":"https:\/\/schema.org","@graph":[{"@type":"WebPage","@id":"https:\/\/optimate1.com\/fr\/produit\/optimate-lithium-4s-0-8a-quad-bank-chargeur-batterie\/","url":"https:\/\/optimate1.com\/fr\/produit\/optimate-lithium-4s-0-8a-quad-bank-chargeur-batterie\/","name":"OptiMate Lithium 4s 0.8A Quad Bank - OptiMate","isPartOf":{"@id":"https:\/\/optimate1.com\/#website"},"primaryImageOfPage":{"@id":"https:\/\/optimate1.com\/fr\/produit\/optimate-lithium-4s-0-8a-quad-bank-chargeur-batterie\/#primaryimage"},"image":{"@id":"https:\/\/optimate1.com\/fr\/produit\/optimate-lithium-4s-0-8a-quad-bank-chargeur-batterie\/#primaryimage"},"thumbnailUrl":"https:\/\/optimate1.com\/wp-content\/uploads\/2026\/03\/OptiMate-Lithium-4s-0.8A-4-bank-TM48x-11_webshop-copy-fr.png","datePublished":"2019-06-09T01:57:18+00:00","dateModified":"2026-03-30T14:35:08+00:00","description":"L'OptiMate Lithium 4s 0.8a Quad Bank est le chargeur batterie lithium id\u00e9al pour jusqu'a 4 batteries 12.8V\/13.2V au Lithium LFP. Lisez plus!","breadcrumb":{"@id":"https:\/\/optimate1.com\/fr\/produit\/optimate-lithium-4s-0-8a-quad-bank-chargeur-batterie\/#breadcrumb"},"inLanguage":"fr-FR","potentialAction":[{"@type":"ReadAction","target":["https:\/\/optimate1.com\/fr\/produit\/optimate-lithium-4s-0-8a-quad-bank-chargeur-batterie\/"]}]},{"@type":"ImageObject","inLanguage":"fr-FR","@id":"https:\/\/optimate1.com\/fr\/produit\/optimate-lithium-4s-0-8a-quad-bank-chargeur-batterie\/#primaryimage","url":"https:\/\/optimate1.com\/wp-content\/uploads\/2026\/03\/OptiMate-Lithium-4s-0.8A-4-bank-TM48x-11_webshop-copy-fr.png","contentUrl":"https:\/\/optimate1.com\/wp-content\/uploads\/2026\/03\/OptiMate-Lithium-4s-0.8A-4-bank-TM48x-11_webshop-copy-fr.png","width":1500,"height":1500},{"@type":"BreadcrumbList","@id":"https:\/\/optimate1.com\/fr\/produit\/optimate-lithium-4s-0-8a-quad-bank-chargeur-batterie\/#breadcrumb","itemListElement":[{"@type":"ListItem","position":1,"name":"Home","item":"https:\/\/optimate1.com\/"},{"@type":"ListItem","position":2,"name":"Produits","item":"https:\/\/optimate1.com\/shop\/"},{"@type":"ListItem","position":3,"name":"OptiMate Lithium 4s 0.8A Quad Bank"}]},{"@type":"WebSite","@id":"https:\/\/optimate1.com\/#website","url":"https:\/\/optimate1.com\/","name":"OptiMate","description":"Battery Chargers &amp; Accessories","publisher":{"@id":"https:\/\/optimate1.com\/#organization"},"potentialAction":[{"@type":"SearchAction","target":{"@type":"EntryPoint","urlTemplate":"https:\/\/optimate1.com\/?s={search_term_string}"},"query-input":{"@type":"PropertyValueSpecification","valueRequired":true,"valueName":"search_term_string"}}],"inLanguage":"fr-FR"},{"@type":"Organization","@id":"https:\/\/optimate1.com\/#organization","name":"OptiMate","url":"https:\/\/optimate1.com\/","logo":{"@type":"ImageObject","inLanguage":"fr-FR","@id":"https:\/\/optimate1.com\/#\/schema\/logo\/image\/","url":"https:\/\/optimate1.com\/wp-content\/uploads\/2021\/06\/optimate-hpbc-stacklogo.jpg","contentUrl":"https:\/\/optimate1.com\/wp-content\/uploads\/2021\/06\/optimate-hpbc-stacklogo.jpg","width":1025,"height":529,"caption":"OptiMate"},"image":{"@id":"https:\/\/optimate1.com\/#\/schema\/logo\/image\/"},"sameAs":["https:\/\/www.facebook.com\/OptiMatebatterysavingcharger\/"]}]}},"_links":{"self":[{"href":"https:\/\/optimate1.com\/fr\/wp-json\/wp\/v2\/product\/9408","targetHints":{"allow":["GET"]}}],"collection":[{"href":"https:\/\/optimate1.com\/fr\/wp-json\/wp\/v2\/product"}],"about":[{"href":"https:\/\/optimate1.com\/fr\/wp-json\/wp\/v2\/types\/product"}],"wp:featuredmedia":[{"embeddable":true,"href":"https:\/\/optimate1.com\/fr\/wp-json\/wp\/v2\/media\/41922"}],"wp:attachment":[{"href":"https:\/\/optimate1.com\/fr\/wp-json\/wp\/v2\/media?parent=9408"}],"wp:term":[{"taxonomy":"product_brand","embeddable":true,"href":"https:\/\/optimate1.com\/fr\/wp-json\/wp\/v2\/product_brand?post=9408"},{"taxonomy":"product_cat","embeddable":true,"href":"https:\/\/optimate1.com\/fr\/wp-json\/wp\/v2\/product_cat?post=9408"},{"taxonomy":"product_tag","embeddable":true,"href":"https:\/\/optimate1.com\/fr\/wp-json\/wp\/v2\/product_tag?post=9408"}],"curies":[{"name":"wp","href":"https:\/\/api.w.org\/{rel}","templated":true}]}}