{"id":9428,"date":"2019-06-09T12:50:11","date_gmt":"2019-06-09T16:50:11","guid":{"rendered":"https:\/\/optimate1.com\/product\/optimate-lithium-4s-5a\/"},"modified":"2021-11-29T07:47:22","modified_gmt":"2021-11-29T12:47:22","slug":"optimate-lithium-4s-5a","status":"publish","type":"product","link":"https:\/\/optimate1.com\/fr\/produit\/optimate-lithium-4s-5a\/","title":{"rendered":"OptiMate Lithium 4s 5A"},"content":{"rendered":"<h3>OptiMate Lithium 4s 5A, le chargeur de batterie &#8216;PRO&#8217; pour les batteries 12.8V\/13.2V LiFeP04 \/ LFP pour motos performance \/ de course, voitures ou bateaux <em>&#8211; Le choix du coureur \/ concessionnaire !\u00a0<\/em><\/h3>\n<ul>\n<li><span style=\"color: #10069f;\"><b>OptiMate Lithium est recommand\u00e9 par<em> Honda, Yamaha, Kawasaki, KTM et Husqvarna <\/em>et les fabricants mondiaux de batteries<em> au lithium Anti-gravity, Super-B et Earth-X.<\/em><\/b><\/span><\/li>\n<li><span style=\"color: #10069f;\"><b>Chargez, testez et entretenez automatiquement et en tout s\u00e9curit\u00e9 vos batteries de d\u00e9marrage ou \u00e0 d\u00e9charge profonde LiFePO4 \/ LFP 12.8V \/ 13.2V<em> &#8211; SafeT charge ajust\u00e9e en dessous du point de cong\u00e9lation.\u00a0<\/em><\/b><\/span><\/li>\n<li><span style=\"color: #10069f;\"><b>Le contr\u00f4le de charge Ampmatic pour lithium ajuste le courant en fonction de la taille et de l&#8217;\u00e9tat de la batterie<em> &#8211; Une petite batterie re\u00e7oit moins, une grande batterie re\u00e7oit plus !<\/em><\/b><\/span><\/li>\n<li><span style=\"color: #10069f;\"><b>Le mode le plus avanc\u00e9 de r\u00e9cup\u00e9ration lithium permet de sauver une batterie \u00e0 partir d&#8217;aussi peu que 0.5V &#8211; <em>Continue la charge si elle est saine, s&#8217;arr\u00eate et pr\u00e9vient en cas de d\u00e9faut !\u00a0<\/em><br \/>\n<\/b><\/span><\/li>\n<li><span style=\"color: #10069f;\"><b>Le mode r\u00e9veil BMS active la batterie en toute s\u00e9curit\u00e9 gr\u00e2ce \u00e0 une protection BMS int\u00e9gr\u00e9e pour la sortir du mode veille.\u00a0<\/b><\/span><\/li>\n<li><span style=\"color: #10069f;\"><b>La maintenance interactive intelligente 24-7 d&#8217;OptiMate Lithium emp\u00eache la d\u00e9charge des circuits connect\u00e9s et garantit plus de puissance de batterie, une plus longue dur\u00e9e de vie de la batterie !<\/b><\/span><\/li>\n<\/ul>\n<p>Mod\u00e8les disponibles : Tous les chargeurs de batterie OptiMate repris dans la liste ci-dessous supportent une alimentation mondiale de 100-240 volts a.c. 50-60Hz, <a href=\"https:\/\/optimate1.com\/fr\/power-plugs-fr\/\">seul le TYPE de prise de courant diff\u00e8re<\/a>, en accord avec les lois nationales\/r\u00e9gionales en mati\u00e8re de s\u00e9curit\u00e9 \u00e9lectrique.<\/p>\n<div class=\"woocommerce columns-3 \"><ul class=\"products columns-3\">\n<li class=\"thunk-woo-product-list opn-qv-enable big-store-woo-hover- open-single-product-tab-horizontal open-shadow- open-shadow-hover- product type-product product_cat-marine-chargers-fr product_cat-marine-fr post-9429 status-publish first instock has-post-thumbnail shipping-taxable purchasable product-type-variation\">\n\t<div class=\"thunk-product-wrap\"><div class=\"thunk-product\"><a href=\"https:\/\/optimate1.com\/fr\/produit\/optimate-lithium-4s-5a\/?attribute_pa_region=us-fr-2\" class=\"woocommerce-LoopProduct-link woocommerce-loop-product__link\"><div class=\"thunk-product-image\"><img loading=\"lazy\" decoding=\"async\" width=\"320\" height=\"320\" src=\"https:\/\/optimate1.com\/wp-content\/uploads\/2019\/06\/OptiMate-Lithium-4s-5A-TM291-3-1-320x320.png\" class=\"attachment-woocommerce_thumbnail size-woocommerce_thumbnail\" alt=\"OptiMATE Lithium 4s 5A&lt;br \/&gt;TYPE A\" srcset=\"https:\/\/optimate1.com\/wp-content\/uploads\/2019\/06\/OptiMate-Lithium-4s-5A-TM291-3-1-320x320.png 320w, https:\/\/optimate1.com\/wp-content\/uploads\/2019\/06\/OptiMate-Lithium-4s-5A-TM291-3-1-100x100.png 100w, https:\/\/optimate1.com\/wp-content\/uploads\/2019\/06\/OptiMate-Lithium-4s-5A-TM291-3-1-600x600.png 600w, https:\/\/optimate1.com\/wp-content\/uploads\/2019\/06\/OptiMate-Lithium-4s-5A-TM291-3-1-64x64.png 64w, https:\/\/optimate1.com\/wp-content\/uploads\/2019\/06\/OptiMate-Lithium-4s-5A-TM291-3-1-150x150.png 150w, https:\/\/optimate1.com\/wp-content\/uploads\/2019\/06\/OptiMate-Lithium-4s-5A-TM291-3-1-300x300.png 300w, https:\/\/optimate1.com\/wp-content\/uploads\/2019\/06\/OptiMate-Lithium-4s-5A-TM291-3-1-768x768.png 768w, https:\/\/optimate1.com\/wp-content\/uploads\/2019\/06\/OptiMate-Lithium-4s-5A-TM291-3-1.png 900w\" sizes=\"auto, (max-width: 320px) 100vw, 320px\" \/><\/div><div class=\"thunk-product-content\"><h2 class=\"woocommerce-loop-product__title\">OptiMATE Lithium 4s 5A<br \/>TYPE A<\/h2>\n\t<span class=\"price\"><span class=\"woocommerce-Price-amount amount\"><bdi><span class=\"woocommerce-Price-currencySymbol\">&#36;<\/span>132.95<\/bdi><\/span><\/span>\n<\/div><div class=\"thunk-product-hover\"><\/a>           <div class=\"os-product-excerpt\"><p>Region: US<\/p>\n<\/div>\n        <div class=\"thunk-quik\">\n\t\t\t             <div class=\"thunk-quickview\">\n                               <span class=\"quik-view\">\n                                   <a href=\"#\" class=\"opn-quick-view-text\"  data-product_id=\"9429\">\n                                      <span>Quick View<\/span>\n                                    \n                                   <\/a>\n                            <\/span>\n                          <\/div><\/div><\/div><\/div><\/div><\/li>\n<li class=\"thunk-woo-product-list opn-qv-enable big-store-woo-hover- open-single-product-tab-horizontal open-shadow- open-shadow-hover- product type-product product_cat-marine-chargers-fr product_cat-marine-fr post-9430 status-publish instock has-post-thumbnail shipping-taxable purchasable product-type-variation\">\n\t<div class=\"thunk-product-wrap\"><div class=\"thunk-product\"><a href=\"https:\/\/optimate1.com\/fr\/produit\/optimate-lithium-4s-5a\/?attribute_pa_region=eu-fr-2\" class=\"woocommerce-LoopProduct-link woocommerce-loop-product__link\"><div class=\"thunk-product-image\"><img loading=\"lazy\" decoding=\"async\" width=\"320\" height=\"320\" src=\"https:\/\/optimate1.com\/wp-content\/uploads\/2019\/06\/OptiMate-Lithium-4s-5A-TM290-3-320x320.png\" class=\"attachment-woocommerce_thumbnail size-woocommerce_thumbnail\" alt=\"OptiMATE Lithium 4s 5A&lt;br \/&gt;TYPE C\" srcset=\"https:\/\/optimate1.com\/wp-content\/uploads\/2019\/06\/OptiMate-Lithium-4s-5A-TM290-3-320x320.png 320w, https:\/\/optimate1.com\/wp-content\/uploads\/2019\/06\/OptiMate-Lithium-4s-5A-TM290-3-100x100.png 100w, https:\/\/optimate1.com\/wp-content\/uploads\/2019\/06\/OptiMate-Lithium-4s-5A-TM290-3-600x600.png 600w, https:\/\/optimate1.com\/wp-content\/uploads\/2019\/06\/OptiMate-Lithium-4s-5A-TM290-3-64x64.png 64w, https:\/\/optimate1.com\/wp-content\/uploads\/2019\/06\/OptiMate-Lithium-4s-5A-TM290-3-150x150.png 150w, https:\/\/optimate1.com\/wp-content\/uploads\/2019\/06\/OptiMate-Lithium-4s-5A-TM290-3-300x300.png 300w, https:\/\/optimate1.com\/wp-content\/uploads\/2019\/06\/OptiMate-Lithium-4s-5A-TM290-3-768x768.png 768w, https:\/\/optimate1.com\/wp-content\/uploads\/2019\/06\/OptiMate-Lithium-4s-5A-TM290-3.png 900w\" sizes=\"auto, (max-width: 320px) 100vw, 320px\" \/><\/div><div class=\"thunk-product-content\"><h2 class=\"woocommerce-loop-product__title\">OptiMATE Lithium 4s 5A<br \/>TYPE C<\/h2>\n\t<span class=\"price\"><span class=\"woocommerce-Price-amount amount\"><bdi><span class=\"woocommerce-Price-currencySymbol\">&#36;<\/span>132.95<\/bdi><\/span><\/span>\n<\/div><div class=\"thunk-product-hover\"><\/a>           <div class=\"os-product-excerpt\"><p>Region: EU<\/p>\n<\/div>\n        <div class=\"thunk-quik\">\n\t\t\t             <div class=\"thunk-quickview\">\n                               <span class=\"quik-view\">\n                                   <a href=\"#\" class=\"opn-quick-view-text\"  data-product_id=\"9430\">\n                                      <span>Quick View<\/span>\n                                    \n                                   <\/a>\n                            <\/span>\n                          <\/div><\/div><\/div><\/div><\/div><\/li>\n<li class=\"thunk-woo-product-list opn-qv-enable big-store-woo-hover- open-single-product-tab-horizontal open-shadow- open-shadow-hover- product type-product product_cat-marine-chargers-fr product_cat-marine-fr post-9431 status-publish last instock has-post-thumbnail shipping-taxable purchasable product-type-variation\">\n\t<div class=\"thunk-product-wrap\"><div class=\"thunk-product\"><a href=\"https:\/\/optimate1.com\/fr\/produit\/optimate-lithium-4s-5a\/?attribute_pa_region=uk-fr-2\" class=\"woocommerce-LoopProduct-link woocommerce-loop-product__link\"><div class=\"thunk-product-image\"><img loading=\"lazy\" decoding=\"async\" width=\"320\" height=\"320\" src=\"https:\/\/optimate1.com\/wp-content\/uploads\/2019\/06\/OptiMate-Lithium-4s-5A-TM294-3-320x320.jpg\" class=\"attachment-woocommerce_thumbnail size-woocommerce_thumbnail\" alt=\"OptiMATE Lithium 4s 5A&lt;br \/&gt;TYPE G\" srcset=\"https:\/\/optimate1.com\/wp-content\/uploads\/2019\/06\/OptiMate-Lithium-4s-5A-TM294-3-320x320.jpg 320w, https:\/\/optimate1.com\/wp-content\/uploads\/2019\/06\/OptiMate-Lithium-4s-5A-TM294-3-100x100.jpg 100w, https:\/\/optimate1.com\/wp-content\/uploads\/2019\/06\/OptiMate-Lithium-4s-5A-TM294-3-600x600.jpg 600w, https:\/\/optimate1.com\/wp-content\/uploads\/2019\/06\/OptiMate-Lithium-4s-5A-TM294-3-64x64.jpg 64w, https:\/\/optimate1.com\/wp-content\/uploads\/2019\/06\/OptiMate-Lithium-4s-5A-TM294-3-300x300.jpg 300w, https:\/\/optimate1.com\/wp-content\/uploads\/2019\/06\/OptiMate-Lithium-4s-5A-TM294-3-150x150.jpg 150w, https:\/\/optimate1.com\/wp-content\/uploads\/2019\/06\/OptiMate-Lithium-4s-5A-TM294-3-768x768.jpg 768w, https:\/\/optimate1.com\/wp-content\/uploads\/2019\/06\/OptiMate-Lithium-4s-5A-TM294-3.jpg 900w\" sizes=\"auto, (max-width: 320px) 100vw, 320px\" \/><\/div><div class=\"thunk-product-content\"><h2 class=\"woocommerce-loop-product__title\">OptiMATE Lithium 4s 5A<br \/>TYPE G<\/h2>\n\t<span class=\"price\"><span class=\"woocommerce-Price-amount amount\"><bdi><span class=\"woocommerce-Price-currencySymbol\">&#36;<\/span>132.95<\/bdi><\/span><\/span>\n<\/div><div class=\"thunk-product-hover\"><\/a>           <div class=\"os-product-excerpt\"><p>Region: UK<\/p>\n<\/div>\n        <div class=\"thunk-quik\">\n\t\t\t             <div class=\"thunk-quickview\">\n                               <span class=\"quik-view\">\n                                   <a href=\"#\" class=\"opn-quick-view-text\"  data-product_id=\"9431\">\n                                      <span>Quick View<\/span>\n                                    \n                                   <\/a>\n                            <\/span>\n                          <\/div><\/div><\/div><\/div><\/div><\/li>\n<\/ul>\n<\/div>\n","protected":false},"excerpt":{"rendered":"<h3><span style=\"color: #cd202c;\">Chargeur-Mainteneur-R\u00e9cup\u00e9rateur de batterie \u00e9tanche 12,8V 5A en 10 \u00e9tapes<\/span><\/h3>\n","protected":false},"featured_media":28915,"template":"","meta":[],"product_brand":[],"product_cat":[2257,2245],"product_tag":[],"class_list":{"0":"post-9428","1":"product","2":"type-product","3":"status-publish","4":"has-post-thumbnail","6":"product_cat-marine-chargers-fr","7":"product_cat-marine-fr","8":"pa_charge-battery-chemistry-li-lifepo4-lfp-lithium-fr","9":"pa_charge-battery-more-12v-fr","10":"pa_charge-battery-more-4x4-aventure","11":"pa_charge-battery-more-avion-petit","12":"pa_charge-battery-more-bateau-motomarine","13":"pa_charge-battery-more-deep-prolonge-industriel","14":"pa_charge-battery-more-moto-vehicule-tout-terrain","15":"pa_charge-battery-more-motorhome-caravane","16":"pa_charge-battery-more-utv-sxs-cruiser-fr","17":"pa_charge-battery-more-voiture-pick-up","18":"pa_power-ac-100-240vac-fr","19":"pa_product-group-optimate-lithium-fr","20":"pa_region-ca-fr","21":"pa_region-eu-fr-2","22":"pa_region-uk-fr-2","23":"pa_region-us-fr-2","24":"iside_vehicle-aviation-fr","25":"iside_vehicle-marine-fr","26":"iside_vehicle-moto-mecaniques-fr","27":"iside_vehicle-voiture-haute-performance-voiture-de-course-fr","28":"iside_vehicle-rv-caravan-fr","29":"iside_charger_series-lithium-smarter-fr","30":"thunk-woo-product-list","31":"opn-qv-enable","32":"big-store-woo-hover-","33":"open-single-product-tab-horizontal","34":"open-shadow-","35":"open-shadow-hover-","39":"first","40":"instock","41":"featured","42":"shipping-taxable","43":"purchasable","44":"product-type-variable"},"yoast_head":"<!-- This site is optimized with the Yoast SEO plugin v27.2 - https:\/\/yoast.com\/product\/yoast-seo-wordpress\/ -->\n<title>OptiMate Lithium 4s 5A - OptiMate<\/title>\n<meta name=\"robots\" content=\"index, follow, max-snippet:-1, max-image-preview:large, max-video-preview:-1\" \/>\n<link rel=\"canonical\" href=\"https:\/\/optimate1.com\/product\/optimate-lithium-4s-5a\/\" \/>\n<meta property=\"og:locale\" content=\"fr_FR\" \/>\n<meta property=\"og:type\" content=\"article\" \/>\n<meta property=\"og:title\" content=\"OptiMate Lithium 4s 5A - OptiMate\" \/>\n<meta property=\"og:description\" content=\"Chargeur-Mainteneur-R\u00e9cup\u00e9rateur de batterie \u00e9tanche 12,8V 5A en 10 \u00e9tapes\" \/>\n<meta property=\"og:url\" content=\"https:\/\/optimate1.com\/product\/optimate-lithium-4s-5a\/\" \/>\n<meta property=\"og:site_name\" content=\"OptiMate\" \/>\n<meta property=\"article:publisher\" content=\"https:\/\/www.facebook.com\/OptiMatebatterysavingcharger\/\" \/>\n<meta property=\"article:modified_time\" content=\"2021-11-29T12:47:22+00:00\" \/>\n<meta property=\"og:image\" content=\"https:\/\/optimate1.com\/wp-content\/uploads\/2021\/12\/OptiMate-Lithium-4s-5A-TM29x-1024x1024.png\" \/>\n\t<meta property=\"og:image:width\" content=\"1024\" \/>\n\t<meta property=\"og:image:height\" content=\"1024\" \/>\n\t<meta property=\"og:image:type\" content=\"image\/png\" \/>\n<meta name=\"twitter:card\" content=\"summary_large_image\" \/>\n<meta name=\"twitter:label1\" content=\"Dur\u00e9e de lecture estim\u00e9e\" \/>\n\t<meta name=\"twitter:data1\" content=\"1 minute\" \/>\n<script type=\"application\/ld+json\" class=\"yoast-schema-graph\">{\"@context\":\"https:\/\/schema.org\",\"@graph\":[{\"@type\":\"WebPage\",\"@id\":\"https:\/\/optimate1.com\/product\/optimate-lithium-4s-5a\/\",\"url\":\"https:\/\/optimate1.com\/product\/optimate-lithium-4s-5a\/\",\"name\":\"OptiMate Lithium 4s 5A - OptiMate\",\"isPartOf\":{\"@id\":\"https:\/\/optimate1.com\/#website\"},\"primaryImageOfPage\":{\"@id\":\"https:\/\/optimate1.com\/product\/optimate-lithium-4s-5a\/#primaryimage\"},\"image\":{\"@id\":\"https:\/\/optimate1.com\/product\/optimate-lithium-4s-5a\/#primaryimage\"},\"thumbnailUrl\":\"https:\/\/optimate1.com\/wp-content\/uploads\/2021\/12\/OptiMate-Lithium-4s-5A-TM29x.png\",\"datePublished\":\"2019-06-09T16:50:11+00:00\",\"dateModified\":\"2021-11-29T12:47:22+00:00\",\"breadcrumb\":{\"@id\":\"https:\/\/optimate1.com\/product\/optimate-lithium-4s-5a\/#breadcrumb\"},\"inLanguage\":\"fr-FR\",\"potentialAction\":[{\"@type\":\"ReadAction\",\"target\":[\"https:\/\/optimate1.com\/product\/optimate-lithium-4s-5a\/\"]}]},{\"@type\":\"ImageObject\",\"inLanguage\":\"fr-FR\",\"@id\":\"https:\/\/optimate1.com\/product\/optimate-lithium-4s-5a\/#primaryimage\",\"url\":\"https:\/\/optimate1.com\/wp-content\/uploads\/2021\/12\/OptiMate-Lithium-4s-5A-TM29x.png\",\"contentUrl\":\"https:\/\/optimate1.com\/wp-content\/uploads\/2021\/12\/OptiMate-Lithium-4s-5A-TM29x.png\",\"width\":1500,\"height\":1500},{\"@type\":\"BreadcrumbList\",\"@id\":\"https:\/\/optimate1.com\/product\/optimate-lithium-4s-5a\/#breadcrumb\",\"itemListElement\":[{\"@type\":\"ListItem\",\"position\":1,\"name\":\"Home\",\"item\":\"https:\/\/optimate1.com\/\"},{\"@type\":\"ListItem\",\"position\":2,\"name\":\"Produits\",\"item\":\"https:\/\/optimate1.com\/shop\/\"},{\"@type\":\"ListItem\",\"position\":3,\"name\":\"OptiMate Lithium 4s 5A\"}]},{\"@type\":\"WebSite\",\"@id\":\"https:\/\/optimate1.com\/#website\",\"url\":\"https:\/\/optimate1.com\/\",\"name\":\"OptiMate\",\"description\":\"Battery Chargers &amp; Accessories\",\"publisher\":{\"@id\":\"https:\/\/optimate1.com\/#organization\"},\"potentialAction\":[{\"@type\":\"SearchAction\",\"target\":{\"@type\":\"EntryPoint\",\"urlTemplate\":\"https:\/\/optimate1.com\/?s={search_term_string}\"},\"query-input\":{\"@type\":\"PropertyValueSpecification\",\"valueRequired\":true,\"valueName\":\"search_term_string\"}}],\"inLanguage\":\"fr-FR\"},{\"@type\":\"Organization\",\"@id\":\"https:\/\/optimate1.com\/#organization\",\"name\":\"OptiMate\",\"url\":\"https:\/\/optimate1.com\/\",\"logo\":{\"@type\":\"ImageObject\",\"inLanguage\":\"fr-FR\",\"@id\":\"https:\/\/optimate1.com\/#\/schema\/logo\/image\/\",\"url\":\"https:\/\/optimate1.com\/wp-content\/uploads\/2021\/06\/optimate-hpbc-stacklogo.jpg\",\"contentUrl\":\"https:\/\/optimate1.com\/wp-content\/uploads\/2021\/06\/optimate-hpbc-stacklogo.jpg\",\"width\":1025,\"height\":529,\"caption\":\"OptiMate\"},\"image\":{\"@id\":\"https:\/\/optimate1.com\/#\/schema\/logo\/image\/\"},\"sameAs\":[\"https:\/\/www.facebook.com\/OptiMatebatterysavingcharger\/\"]}]}<\/script>\n<!-- \/ Yoast SEO plugin. -->","yoast_head_json":{"title":"OptiMate Lithium 4s 5A - OptiMate","robots":{"index":"index","follow":"follow","max-snippet":"max-snippet:-1","max-image-preview":"max-image-preview:large","max-video-preview":"max-video-preview:-1"},"canonical":"https:\/\/optimate1.com\/product\/optimate-lithium-4s-5a\/","og_locale":"fr_FR","og_type":"article","og_title":"OptiMate Lithium 4s 5A - OptiMate","og_description":"Chargeur-Mainteneur-R\u00e9cup\u00e9rateur de batterie \u00e9tanche 12,8V 5A en 10 \u00e9tapes","og_url":"https:\/\/optimate1.com\/product\/optimate-lithium-4s-5a\/","og_site_name":"OptiMate","article_publisher":"https:\/\/www.facebook.com\/OptiMatebatterysavingcharger\/","article_modified_time":"2021-11-29T12:47:22+00:00","og_image":[{"width":1024,"height":1024,"url":"https:\/\/optimate1.com\/wp-content\/uploads\/2021\/12\/OptiMate-Lithium-4s-5A-TM29x-1024x1024.png","type":"image\/png"}],"twitter_card":"summary_large_image","twitter_misc":{"Dur\u00e9e de lecture estim\u00e9e":"1 minute"},"schema":{"@context":"https:\/\/schema.org","@graph":[{"@type":"WebPage","@id":"https:\/\/optimate1.com\/product\/optimate-lithium-4s-5a\/","url":"https:\/\/optimate1.com\/product\/optimate-lithium-4s-5a\/","name":"OptiMate Lithium 4s 5A - OptiMate","isPartOf":{"@id":"https:\/\/optimate1.com\/#website"},"primaryImageOfPage":{"@id":"https:\/\/optimate1.com\/product\/optimate-lithium-4s-5a\/#primaryimage"},"image":{"@id":"https:\/\/optimate1.com\/product\/optimate-lithium-4s-5a\/#primaryimage"},"thumbnailUrl":"https:\/\/optimate1.com\/wp-content\/uploads\/2021\/12\/OptiMate-Lithium-4s-5A-TM29x.png","datePublished":"2019-06-09T16:50:11+00:00","dateModified":"2021-11-29T12:47:22+00:00","breadcrumb":{"@id":"https:\/\/optimate1.com\/product\/optimate-lithium-4s-5a\/#breadcrumb"},"inLanguage":"fr-FR","potentialAction":[{"@type":"ReadAction","target":["https:\/\/optimate1.com\/product\/optimate-lithium-4s-5a\/"]}]},{"@type":"ImageObject","inLanguage":"fr-FR","@id":"https:\/\/optimate1.com\/product\/optimate-lithium-4s-5a\/#primaryimage","url":"https:\/\/optimate1.com\/wp-content\/uploads\/2021\/12\/OptiMate-Lithium-4s-5A-TM29x.png","contentUrl":"https:\/\/optimate1.com\/wp-content\/uploads\/2021\/12\/OptiMate-Lithium-4s-5A-TM29x.png","width":1500,"height":1500},{"@type":"BreadcrumbList","@id":"https:\/\/optimate1.com\/product\/optimate-lithium-4s-5a\/#breadcrumb","itemListElement":[{"@type":"ListItem","position":1,"name":"Home","item":"https:\/\/optimate1.com\/"},{"@type":"ListItem","position":2,"name":"Produits","item":"https:\/\/optimate1.com\/shop\/"},{"@type":"ListItem","position":3,"name":"OptiMate Lithium 4s 5A"}]},{"@type":"WebSite","@id":"https:\/\/optimate1.com\/#website","url":"https:\/\/optimate1.com\/","name":"OptiMate","description":"Battery Chargers &amp; Accessories","publisher":{"@id":"https:\/\/optimate1.com\/#organization"},"potentialAction":[{"@type":"SearchAction","target":{"@type":"EntryPoint","urlTemplate":"https:\/\/optimate1.com\/?s={search_term_string}"},"query-input":{"@type":"PropertyValueSpecification","valueRequired":true,"valueName":"search_term_string"}}],"inLanguage":"fr-FR"},{"@type":"Organization","@id":"https:\/\/optimate1.com\/#organization","name":"OptiMate","url":"https:\/\/optimate1.com\/","logo":{"@type":"ImageObject","inLanguage":"fr-FR","@id":"https:\/\/optimate1.com\/#\/schema\/logo\/image\/","url":"https:\/\/optimate1.com\/wp-content\/uploads\/2021\/06\/optimate-hpbc-stacklogo.jpg","contentUrl":"https:\/\/optimate1.com\/wp-content\/uploads\/2021\/06\/optimate-hpbc-stacklogo.jpg","width":1025,"height":529,"caption":"OptiMate"},"image":{"@id":"https:\/\/optimate1.com\/#\/schema\/logo\/image\/"},"sameAs":["https:\/\/www.facebook.com\/OptiMatebatterysavingcharger\/"]}]}},"_links":{"self":[{"href":"https:\/\/optimate1.com\/fr\/wp-json\/wp\/v2\/product\/9428","targetHints":{"allow":["GET"]}}],"collection":[{"href":"https:\/\/optimate1.com\/fr\/wp-json\/wp\/v2\/product"}],"about":[{"href":"https:\/\/optimate1.com\/fr\/wp-json\/wp\/v2\/types\/product"}],"wp:featuredmedia":[{"embeddable":true,"href":"https:\/\/optimate1.com\/fr\/wp-json\/wp\/v2\/media\/28915"}],"wp:attachment":[{"href":"https:\/\/optimate1.com\/fr\/wp-json\/wp\/v2\/media?parent=9428"}],"wp:term":[{"taxonomy":"product_brand","embeddable":true,"href":"https:\/\/optimate1.com\/fr\/wp-json\/wp\/v2\/product_brand?post=9428"},{"taxonomy":"product_cat","embeddable":true,"href":"https:\/\/optimate1.com\/fr\/wp-json\/wp\/v2\/product_cat?post=9428"},{"taxonomy":"product_tag","embeddable":true,"href":"https:\/\/optimate1.com\/fr\/wp-json\/wp\/v2\/product_tag?post=9428"}],"curies":[{"name":"wp","href":"https:\/\/api.w.org\/{rel}","templated":true}]}}