{"id":9465,"date":"2019-01-10T17:06:06","date_gmt":"2019-01-10T22:06:06","guid":{"rendered":"https:\/\/optimate1.com\/product\/optimate-solar-10w-solar-panel\/"},"modified":"2021-01-21T08:42:13","modified_gmt":"2021-01-21T13:42:13","slug":"optimate-solar-10w-solar-panel","status":"publish","type":"product","link":"https:\/\/optimate1.com\/fr\/produit\/optimate-solar-10w-solar-panel\/","title":{"rendered":"OptiMate Solar + 10W Solar Panel"},"content":{"rendered":"<h3>OptiMate Solar 10W, le mainteneur solaire 24-7 le plus intelligent pour la batterie 12V de votre moto, quad, c\u00f4te \u00e0 c\u00f4te ou de votre scooter des mers <em>&#8211; Chargeur le jour, moniteur la nuit !\u00a0<\/em><\/h3>\n<ul>\n<li><span style=\"color: #10069f;\"><b>Contr\u00f4leur de charge intelligent enti\u00e8rement herm\u00e9tique convertit l&#8217;\u00e9nergie solaire et d\u00e9livre au maximum. 0.83A en plein soleil OU des impulsions de puissance par temps nuageux, \u00e0 votre batterie de d\u00e9marrage plomb-acide (STD, AGM, GEL) de 12V ou \u00e0 d\u00e9charge profonde.\u00a0<\/b><\/span><\/li>\n<li><span style=\"color: #10069f;\"><b>Le mode &#8216;nuit&#8217; du contr\u00f4leur indique l&#8217;\u00e9tat de charge de la batterie sur un afficheur \u00e0 3 LED<em> &#8211; L&#8217;\u00e9tat de votre batterie est disponible nuit et jour !\u00a0<\/em><\/b><\/span><\/li>\n<li><span style=\"color: #10069f;\"><b>Panneau polycristallin \u00e0 large spectre r\u00e9sistant aux intemp\u00e9ries avec supports d&#8217;angle <em>&#8211; Fonctionne par tous les temps !\u00a0<\/em><\/b><\/span><\/li>\n<li><span style=\"color: #10069f;\"><b>Le mode unique de r\u00e9cup\u00e9ration par impulsions permet de sauver les batteries sulfat\u00e9es &#8221; mortes &#8221; \u00e0 partir d&#8217;aussi peu que 1V<em> &#8211; Le programme de r\u00e9cup\u00e9ration le plus avanc\u00e9 !\u00a0<\/em><\/b><\/span><\/li>\n<li><span style=\"color: #10069f;\"><b>La maintenance OptiMate Solar \u00e0 impulsions intelligentes garantit plus de puissance de batterie, une plus longue dur\u00e9e de vie de la batterie !<br \/>\n<\/b><\/span><\/li>\n<\/ul>\n<p>&nbsp;<\/p>\n<p>&nbsp;<\/p>\n","protected":false},"excerpt":{"rendered":"<h3><span style=\"color: #cd202c;\">Chargeur-Mainteneur-R\u00e9cup\u00e9rateur de batterie solaire \u00e9tanche 12V 0.83A en 6 \u00e9tapes<\/span><\/h3>\n","protected":false},"featured_media":4767,"template":"","meta":[],"product_brand":[],"product_cat":[394],"product_tag":[],"class_list":{"0":"post-9465","1":"product","2":"type-product","3":"status-publish","4":"has-post-thumbnail","6":"product_cat-battery-chargers-fr","7":"pa_charge-battery-chemistry-pb-agm-gel-std-lead-acid-fr","8":"pa_charge-battery-chemistry-pb-li-both-above-fr","9":"pa_charge-battery-more-12v-fr","10":"pa_charge-battery-more-moto-vehicule-tout-terrain","11":"pa_charge-battery-more-utv-sxs-cruiser-fr","12":"pa_power-solar-fr","13":"pa_product-group-optimate-solar-fr","14":"pa_region-ca-fr","15":"pa_region-eu-fr-2","16":"pa_region-uk-fr-2","17":"pa_region-us-fr-2","18":"iside_vehicle-moto-mecaniques-fr","19":"iside_charger_type-solar-fr","20":"thunk-woo-product-list","21":"opn-qv-enable","22":"big-store-woo-hover-","23":"open-single-product-tab-horizontal","24":"open-shadow-","25":"open-shadow-hover-","27":"first","28":"instock","29":"featured","30":"shipping-taxable","31":"purchasable","32":"product-type-simple"},"yoast_head":"<!-- This site is optimized with the Yoast SEO plugin v27.2 - https:\/\/yoast.com\/product\/yoast-seo-wordpress\/ -->\n<title>OptiMate Solar + 10W Solar Panel - OptiMate<\/title>\n<meta name=\"robots\" content=\"index, follow, max-snippet:-1, max-image-preview:large, max-video-preview:-1\" \/>\n<link rel=\"canonical\" href=\"https:\/\/optimate1.com\/product\/optimate-solar-10w-solar-panel\/\" \/>\n<meta property=\"og:locale\" content=\"fr_FR\" \/>\n<meta property=\"og:type\" content=\"article\" \/>\n<meta property=\"og:title\" content=\"OptiMate Solar + 10W Solar Panel - OptiMate\" \/>\n<meta property=\"og:description\" content=\"Chargeur-Mainteneur-R\u00e9cup\u00e9rateur de batterie solaire \u00e9tanche 12V 0.83A en 6 \u00e9tapes\" \/>\n<meta property=\"og:url\" content=\"https:\/\/optimate1.com\/product\/optimate-solar-10w-solar-panel\/\" \/>\n<meta property=\"og:site_name\" content=\"OptiMate\" \/>\n<meta property=\"article:publisher\" content=\"https:\/\/www.facebook.com\/OptiMatebatterysavingcharger\/\" \/>\n<meta property=\"article:modified_time\" content=\"2021-01-21T13:42:13+00:00\" \/>\n<meta property=\"og:image\" content=\"https:\/\/optimate1.com\/wp-content\/uploads\/2019\/01\/OptiMate-Solar-Panel-10W-Kit-TM522-1.png\" \/>\n\t<meta property=\"og:image:width\" content=\"900\" \/>\n\t<meta property=\"og:image:height\" content=\"900\" \/>\n\t<meta property=\"og:image:type\" content=\"image\/png\" \/>\n<meta name=\"twitter:card\" content=\"summary_large_image\" \/>\n<meta name=\"twitter:label1\" content=\"Dur\u00e9e de lecture estim\u00e9e\" \/>\n\t<meta name=\"twitter:data1\" content=\"1 minute\" \/>\n<script type=\"application\/ld+json\" class=\"yoast-schema-graph\">{\"@context\":\"https:\/\/schema.org\",\"@graph\":[{\"@type\":\"WebPage\",\"@id\":\"https:\/\/optimate1.com\/product\/optimate-solar-10w-solar-panel\/\",\"url\":\"https:\/\/optimate1.com\/product\/optimate-solar-10w-solar-panel\/\",\"name\":\"OptiMate Solar + 10W Solar Panel - OptiMate\",\"isPartOf\":{\"@id\":\"https:\/\/optimate1.com\/#website\"},\"primaryImageOfPage\":{\"@id\":\"https:\/\/optimate1.com\/product\/optimate-solar-10w-solar-panel\/#primaryimage\"},\"image\":{\"@id\":\"https:\/\/optimate1.com\/product\/optimate-solar-10w-solar-panel\/#primaryimage\"},\"thumbnailUrl\":\"https:\/\/optimate1.com\/wp-content\/uploads\/2019\/01\/OptiMate-Solar-Panel-10W-Kit-TM522-1.png\",\"datePublished\":\"2019-01-10T22:06:06+00:00\",\"dateModified\":\"2021-01-21T13:42:13+00:00\",\"breadcrumb\":{\"@id\":\"https:\/\/optimate1.com\/product\/optimate-solar-10w-solar-panel\/#breadcrumb\"},\"inLanguage\":\"fr-FR\",\"potentialAction\":[{\"@type\":\"ReadAction\",\"target\":[\"https:\/\/optimate1.com\/product\/optimate-solar-10w-solar-panel\/\"]}]},{\"@type\":\"ImageObject\",\"inLanguage\":\"fr-FR\",\"@id\":\"https:\/\/optimate1.com\/product\/optimate-solar-10w-solar-panel\/#primaryimage\",\"url\":\"https:\/\/optimate1.com\/wp-content\/uploads\/2019\/01\/OptiMate-Solar-Panel-10W-Kit-TM522-1.png\",\"contentUrl\":\"https:\/\/optimate1.com\/wp-content\/uploads\/2019\/01\/OptiMate-Solar-Panel-10W-Kit-TM522-1.png\",\"width\":900,\"height\":900},{\"@type\":\"BreadcrumbList\",\"@id\":\"https:\/\/optimate1.com\/product\/optimate-solar-10w-solar-panel\/#breadcrumb\",\"itemListElement\":[{\"@type\":\"ListItem\",\"position\":1,\"name\":\"Home\",\"item\":\"https:\/\/optimate1.com\/\"},{\"@type\":\"ListItem\",\"position\":2,\"name\":\"Produits\",\"item\":\"https:\/\/optimate1.com\/shop\/\"},{\"@type\":\"ListItem\",\"position\":3,\"name\":\"OptiMate Solar + 10W Solar Panel\"}]},{\"@type\":\"WebSite\",\"@id\":\"https:\/\/optimate1.com\/#website\",\"url\":\"https:\/\/optimate1.com\/\",\"name\":\"OptiMate\",\"description\":\"Battery Chargers &amp; Accessories\",\"publisher\":{\"@id\":\"https:\/\/optimate1.com\/#organization\"},\"potentialAction\":[{\"@type\":\"SearchAction\",\"target\":{\"@type\":\"EntryPoint\",\"urlTemplate\":\"https:\/\/optimate1.com\/?s={search_term_string}\"},\"query-input\":{\"@type\":\"PropertyValueSpecification\",\"valueRequired\":true,\"valueName\":\"search_term_string\"}}],\"inLanguage\":\"fr-FR\"},{\"@type\":\"Organization\",\"@id\":\"https:\/\/optimate1.com\/#organization\",\"name\":\"OptiMate\",\"url\":\"https:\/\/optimate1.com\/\",\"logo\":{\"@type\":\"ImageObject\",\"inLanguage\":\"fr-FR\",\"@id\":\"https:\/\/optimate1.com\/#\/schema\/logo\/image\/\",\"url\":\"https:\/\/optimate1.com\/wp-content\/uploads\/2021\/06\/optimate-hpbc-stacklogo.jpg\",\"contentUrl\":\"https:\/\/optimate1.com\/wp-content\/uploads\/2021\/06\/optimate-hpbc-stacklogo.jpg\",\"width\":1025,\"height\":529,\"caption\":\"OptiMate\"},\"image\":{\"@id\":\"https:\/\/optimate1.com\/#\/schema\/logo\/image\/\"},\"sameAs\":[\"https:\/\/www.facebook.com\/OptiMatebatterysavingcharger\/\"]}]}<\/script>\n<!-- \/ Yoast SEO plugin. -->","yoast_head_json":{"title":"OptiMate Solar + 10W Solar Panel - OptiMate","robots":{"index":"index","follow":"follow","max-snippet":"max-snippet:-1","max-image-preview":"max-image-preview:large","max-video-preview":"max-video-preview:-1"},"canonical":"https:\/\/optimate1.com\/product\/optimate-solar-10w-solar-panel\/","og_locale":"fr_FR","og_type":"article","og_title":"OptiMate Solar + 10W Solar Panel - OptiMate","og_description":"Chargeur-Mainteneur-R\u00e9cup\u00e9rateur de batterie solaire \u00e9tanche 12V 0.83A en 6 \u00e9tapes","og_url":"https:\/\/optimate1.com\/product\/optimate-solar-10w-solar-panel\/","og_site_name":"OptiMate","article_publisher":"https:\/\/www.facebook.com\/OptiMatebatterysavingcharger\/","article_modified_time":"2021-01-21T13:42:13+00:00","og_image":[{"width":900,"height":900,"url":"https:\/\/optimate1.com\/wp-content\/uploads\/2019\/01\/OptiMate-Solar-Panel-10W-Kit-TM522-1.png","type":"image\/png"}],"twitter_card":"summary_large_image","twitter_misc":{"Dur\u00e9e de lecture estim\u00e9e":"1 minute"},"schema":{"@context":"https:\/\/schema.org","@graph":[{"@type":"WebPage","@id":"https:\/\/optimate1.com\/product\/optimate-solar-10w-solar-panel\/","url":"https:\/\/optimate1.com\/product\/optimate-solar-10w-solar-panel\/","name":"OptiMate Solar + 10W Solar Panel - OptiMate","isPartOf":{"@id":"https:\/\/optimate1.com\/#website"},"primaryImageOfPage":{"@id":"https:\/\/optimate1.com\/product\/optimate-solar-10w-solar-panel\/#primaryimage"},"image":{"@id":"https:\/\/optimate1.com\/product\/optimate-solar-10w-solar-panel\/#primaryimage"},"thumbnailUrl":"https:\/\/optimate1.com\/wp-content\/uploads\/2019\/01\/OptiMate-Solar-Panel-10W-Kit-TM522-1.png","datePublished":"2019-01-10T22:06:06+00:00","dateModified":"2021-01-21T13:42:13+00:00","breadcrumb":{"@id":"https:\/\/optimate1.com\/product\/optimate-solar-10w-solar-panel\/#breadcrumb"},"inLanguage":"fr-FR","potentialAction":[{"@type":"ReadAction","target":["https:\/\/optimate1.com\/product\/optimate-solar-10w-solar-panel\/"]}]},{"@type":"ImageObject","inLanguage":"fr-FR","@id":"https:\/\/optimate1.com\/product\/optimate-solar-10w-solar-panel\/#primaryimage","url":"https:\/\/optimate1.com\/wp-content\/uploads\/2019\/01\/OptiMate-Solar-Panel-10W-Kit-TM522-1.png","contentUrl":"https:\/\/optimate1.com\/wp-content\/uploads\/2019\/01\/OptiMate-Solar-Panel-10W-Kit-TM522-1.png","width":900,"height":900},{"@type":"BreadcrumbList","@id":"https:\/\/optimate1.com\/product\/optimate-solar-10w-solar-panel\/#breadcrumb","itemListElement":[{"@type":"ListItem","position":1,"name":"Home","item":"https:\/\/optimate1.com\/"},{"@type":"ListItem","position":2,"name":"Produits","item":"https:\/\/optimate1.com\/shop\/"},{"@type":"ListItem","position":3,"name":"OptiMate Solar + 10W Solar Panel"}]},{"@type":"WebSite","@id":"https:\/\/optimate1.com\/#website","url":"https:\/\/optimate1.com\/","name":"OptiMate","description":"Battery Chargers &amp; Accessories","publisher":{"@id":"https:\/\/optimate1.com\/#organization"},"potentialAction":[{"@type":"SearchAction","target":{"@type":"EntryPoint","urlTemplate":"https:\/\/optimate1.com\/?s={search_term_string}"},"query-input":{"@type":"PropertyValueSpecification","valueRequired":true,"valueName":"search_term_string"}}],"inLanguage":"fr-FR"},{"@type":"Organization","@id":"https:\/\/optimate1.com\/#organization","name":"OptiMate","url":"https:\/\/optimate1.com\/","logo":{"@type":"ImageObject","inLanguage":"fr-FR","@id":"https:\/\/optimate1.com\/#\/schema\/logo\/image\/","url":"https:\/\/optimate1.com\/wp-content\/uploads\/2021\/06\/optimate-hpbc-stacklogo.jpg","contentUrl":"https:\/\/optimate1.com\/wp-content\/uploads\/2021\/06\/optimate-hpbc-stacklogo.jpg","width":1025,"height":529,"caption":"OptiMate"},"image":{"@id":"https:\/\/optimate1.com\/#\/schema\/logo\/image\/"},"sameAs":["https:\/\/www.facebook.com\/OptiMatebatterysavingcharger\/"]}]}},"_links":{"self":[{"href":"https:\/\/optimate1.com\/fr\/wp-json\/wp\/v2\/product\/9465","targetHints":{"allow":["GET"]}}],"collection":[{"href":"https:\/\/optimate1.com\/fr\/wp-json\/wp\/v2\/product"}],"about":[{"href":"https:\/\/optimate1.com\/fr\/wp-json\/wp\/v2\/types\/product"}],"wp:featuredmedia":[{"embeddable":true,"href":"https:\/\/optimate1.com\/fr\/wp-json\/wp\/v2\/media\/4767"}],"wp:attachment":[{"href":"https:\/\/optimate1.com\/fr\/wp-json\/wp\/v2\/media?parent=9465"}],"wp:term":[{"taxonomy":"product_brand","embeddable":true,"href":"https:\/\/optimate1.com\/fr\/wp-json\/wp\/v2\/product_brand?post=9465"},{"taxonomy":"product_cat","embeddable":true,"href":"https:\/\/optimate1.com\/fr\/wp-json\/wp\/v2\/product_cat?post=9465"},{"taxonomy":"product_tag","embeddable":true,"href":"https:\/\/optimate1.com\/fr\/wp-json\/wp\/v2\/product_tag?post=9465"}],"curies":[{"name":"wp","href":"https:\/\/api.w.org\/{rel}","templated":true}]}}