{"id":9483,"date":"2019-02-20T12:23:04","date_gmt":"2019-02-20T17:23:04","guid":{"rendered":"https:\/\/optimate1.com\/product\/optimate-cable-o-01\/"},"modified":"2026-02-25T04:07:33","modified_gmt":"2026-02-25T09:07:33","slug":"optimate-cable-o-01","status":"publish","type":"product","link":"https:\/\/optimate1.com\/fr\/produit\/optimate-cable-o-01\/","title":{"rendered":"O-01 C\u00e2ble batterie |Cosses \u00e0 \u0153illet M6-M8 > SAE | 7A max"},"content":{"rendered":"<h6 style=\"text-align: center;\"><strong><span style=\"color: #10069f;\">Adapt\u00e9 aux batteries de sports motoris\u00e9s <\/span><\/strong><span style=\"color: #10069f;\">&#8211; <\/span><span style=\"color: #10069f;\"><i>Les bornes annulaires s\u2019adaptent aux boulons standard M6 (1\/4\u2033) des batteries de motos, ATV, UTV et PWC.<\/i><\/span><\/h6>\n<h6 style=\"text-align: center;\"><img loading=\"lazy\" decoding=\"async\" class=\"aligncenter wp-image-20668\" src=\"https:\/\/optimate1.com\/wp-content\/uploads\/2023\/09\/O-01-vehicles-without-ring-on-battery-post.png\" alt=\"This SAE battery connector is ideal for powersport vehicles\" width=\"528\" height=\"132\" \/><\/h6>\n<p>&nbsp;<\/p>\n<h6 style=\"text-align: center;\"><strong><span style=\"color: #10069f;\">Con\u00e7u pour les espaces r\u00e9duits <\/span><\/strong><span style=\"color: #10069f;\">&#8211; <\/span><span style=\"color: #10069f;\"><i>La conception de la borne \u00e0 anneau permet un positionnement d\u00e9gag\u00e9.<\/i><\/span><\/h6>\n<h6 style=\"text-align: center;\"><img loading=\"lazy\" decoding=\"async\" class=\"aligncenter wp-image-20876\" src=\"https:\/\/optimate1.com\/wp-content\/uploads\/2023\/04\/Starter-battery-connection-230329_2.png\" alt=\"slots for velcro \/ cable strap\" width=\"428\" height=\"70\" \/><\/h6>\n<p>&nbsp;<\/p>\n<h6 style=\"text-align: center;\"><strong><span style=\"color: #10069f;\">Connecteur SAE prot\u00e9g\u00e9 <\/span><\/strong><span style=\"color: #10069f;\">&#8211; <\/span><span style=\"color: #10069f;\"><i>Le capuchon et la gaine en caoutchouc emp\u00eachent la p\u00e9n\u00e9tration de l\u2019eau et de la salet\u00e9, tandis que les encoches de la fermeture \u00e0 glissi\u00e8re permettent une installation.<\/i><\/span><\/h6>\n<h6 style=\"text-align: center;\"><img loading=\"lazy\" decoding=\"async\" class=\"aligncenter wp-image-20876\" src=\"https:\/\/optimate1.com\/wp-content\/uploads\/2023\/03\/ziptie-slits.png\" alt=\"slots for velcro \/ cable strap\" width=\"528\" height=\"70\" \/><\/h6>\n<p>&nbsp;<\/p>\n<h6 style=\"text-align: center;\"><strong><span style=\"color: #10069f;\">Technologie Dual Ring adaptable <\/span><\/strong><span style=\"color: #10069f;\">&#8211; <\/span><span style=\"color: #10069f;\"><i>La borne annulaire peut s\u2019adapter aux boulons M8 (5\/16\u2033) des bornes de batterie des grands UTV ou des petites voitures.<\/i><\/span><\/h6>\n<h6 style=\"text-align: center;\"><img loading=\"lazy\" decoding=\"async\" class=\"aligncenter wp-image-20668\" src=\"https:\/\/optimate1.com\/wp-content\/uploads\/2023\/03\/Vehicle-m8-rings.png\" alt=\"This SAE battery connector is ideal for powersport vehicles\" width=\"528\" height=\"132\" \/><\/h6>\n<p>&nbsp;<\/p>\n<h6 style=\"text-align: center;\"><strong><span style=\"color: #10069f;\"><b>Caract\u00e9ristiques Premium <\/b><\/span><\/strong><span style=\"color: #10069f;\">\u2013 <\/span><span style=\"color: #10069f;\"><i>Longueur de 50 cm (20\u2033), fusible de 15A, c\u00e2ble r\u00e9sistant \u00e0 une temp\u00e9rature de -40\u00b0C, courant nominal de 5A (7A max), connecteur de charge SAE standard.<\/i><\/span><\/h6>\n<h6 style=\"text-align: center;\"><img loading=\"lazy\" decoding=\"async\" class=\"aligncenter wp-image-20876\" src=\"https:\/\/optimate1.com\/wp-content\/uploads\/2023\/03\/cable-O-01V2.png\" alt=\"50cm \/ 20 cable length, with M6 (1\/4&quot;) \/ M8 (5\/16&quot;) adjustable ringlets\" width=\"528\" height=\"70\" \/><\/h6>\n<p>&nbsp;<\/p>\n<p>&nbsp;<\/p>\n<h4 style=\"text-align: center;\"><span style=\"text-decoration: underline;\"><strong>PLUS DE CARACT\u00c9RISTIQUES:<\/strong><\/span><\/h4>\n<p style=\"text-align: center;\">\n<table id=\"tablepress-470\" class=\"tablepress tablepress-id-470\">\n<tbody class=\"row-hover\">\n<tr class=\"row-1\">\n\t<td class=\"column-1\"><a href=\"\"><img loading=\"lazy\" decoding=\"async\" src=\"https:\/\/optimate1.com\/wp-content\/uploads\/2023\/03\/Connection-part-2-copy-3.png\" alt=\"\" width=\"300\" height=\"50\" class=\"aligncenter size-medium wp-image-20927\" \/><\/a><body><h6><center>Capuchon vert suppl\u00e9mentaire pour identifier la pile au lithium. Le capuchon r\u00e9sistant aux intemp\u00e9ries prot\u00e8ge le connecteur SAE de la salet\u00e9 et de l'eau.<\/body><\/h6><\/center><\/td>\n<\/tr>\n<tr class=\"row-2\">\n\t<td class=\"column-1\"><a href=\"\"><img loading=\"lazy\" decoding=\"async\" src=\"https:\/\/optimate1.com\/wp-content\/uploads\/2023\/03\/SPT-2.png\" alt=\"\" width=\"300\" height=\"50\" class=\"aligncenter size-medium wp-image-20928\" \/><\/a><body><h6><center>Isolation plus paise pour une meilleure protection.<\/body><\/h6><\/center><\/td>\n<\/tr>\n<tr class=\"row-3\">\n\t<td class=\"column-1\"><a href=\"\"><img loading=\"lazy\" decoding=\"async\" src=\"https:\/\/optimate1.com\/wp-content\/uploads\/2023\/03\/18AWG.png\" alt=\"\" width=\"300\" height=\"50\" class=\"aligncenter size-medium wp-image-20995\" \/><\/a><body><h6><center>Courant nominal: 5A ave. \/ 7A max.<\/body><\/h6><\/center><\/td>\n<\/tr>\n<tr class=\"row-4\">\n\t<td class=\"column-1\"><a href=\"\"><img loading=\"lazy\" decoding=\"async\" src=\"https:\/\/optimate1.com\/wp-content\/uploads\/2023\/09\/weather-icon-2-copy-01.png\" alt=\"\" width=\"300\" height=\"50\" class=\"aligncenter size-medium wp-image-20982\" \/><\/a><body><h6><center>Con\u00e7us pour une temp\u00e9rature normale et une utilisation en ext\u00e9rieur.<\/center><\/h6><\/body><\/td>\n<\/tr>\n<\/tbody>\n<\/table>\n<!-- #tablepress-470 from cache --><\/p>\n","protected":false},"excerpt":{"rendered":"<h3 class=\"entry-summary hidden-phone\"><span style=\"color: #cd202c;\">C\u00e2ble de batterie r\u00e9sistant aux intemp\u00e9ries, sports motoris\u00e9s<\/span><\/h3>\n","protected":false},"featured_media":16162,"template":"","meta":[],"product_brand":[],"product_cat":[2246,1058,2245],"product_tag":[],"class_list":{"0":"post-9483","1":"product","2":"type-product","3":"status-publish","4":"has-post-thumbnail","6":"product_cat-accessories-fr","7":"product_cat-cablesconnectors-fr","8":"product_cat-marine-fr","9":"pa_cable-type-battery-lead-fr","10":"pa_connector-type-ring-m6-1-4-fr","11":"pa_region-ca-fr","12":"pa_region-eu-fr-2","13":"pa_region-uk-fr-2","14":"pa_region-us-fr-2","15":"iside_cable_type-battery-lead-fr","16":"iside_connector_type-anneaux-m6-m8","17":"recommended_for-optimate-1-1-duo-fr","18":"recommended_for-optimate-2-2-duo-fr","19":"recommended_for-optimate-3-fr","20":"recommended_for-optimate-4-fr","21":"recommended_for-optimate-5-fr","22":"recommended_for-optimate-dc-dc-fr","23":"recommended_for-optimate-solar-duo-fr","24":"compatible_with-batterie-moto-li-lfp","25":"compatible_with-batterie-moto-pwc","26":"thunk-woo-product-list","27":"opn-qv-enable","28":"big-store-woo-hover-","29":"open-single-product-tab-horizontal","30":"open-shadow-","31":"open-shadow-hover-","33":"first","34":"instock","35":"featured","36":"shipping-taxable","37":"purchasable","38":"product-type-simple"},"yoast_head":"<!-- This site is optimized with the Yoast SEO plugin v27.2 - https:\/\/yoast.com\/product\/yoast-seo-wordpress\/ -->\n<title>O-01 C\u00e2ble batterie |Cosses \u00e0 \u0153illet M6-M8 &gt; SAE | 7A max - OptiMate<\/title>\n<meta name=\"description\" content=\"L&#039;OptiMate CABLE O-01 est un connecteur de batterie SAE pour cr\u00e9er une connexion permanent et accessible \u00e0 la batterie de votre v\u00e9hicule. En savoir plus!\" \/>\n<meta name=\"robots\" content=\"index, follow, max-snippet:-1, max-image-preview:large, max-video-preview:-1, noarchive\" \/>\n<link rel=\"canonical\" href=\"https:\/\/optimate1.com\/product\/cbleo-01\/\" \/>\n<meta property=\"og:locale\" content=\"fr_FR\" \/>\n<meta property=\"og:type\" content=\"article\" \/>\n<meta property=\"og:title\" content=\"O-01 C\u00e2ble batterie |Cosses \u00e0 \u0153illet M6-M8 &gt; SAE | 7A max - OptiMate\" \/>\n<meta property=\"og:description\" content=\"L&#039;OptiMate CABLE O-01 est un connecteur de batterie SAE pour cr\u00e9er une connexion permanent et accessible \u00e0 la batterie de votre v\u00e9hicule. En savoir plus!\" \/>\n<meta property=\"og:url\" content=\"https:\/\/optimate1.com\/product\/cbleo-01\/\" \/>\n<meta property=\"og:site_name\" content=\"OptiMate\" \/>\n<meta property=\"article:publisher\" content=\"https:\/\/www.facebook.com\/OptiMatebatterysavingcharger\/\" \/>\n<meta property=\"article:modified_time\" content=\"2026-02-25T09:07:33+00:00\" \/>\n<meta property=\"og:image\" content=\"https:\/\/optimate1.com\/wp-content\/uploads\/2019\/02\/O01-BLK-3.jpg\" \/>\n\t<meta property=\"og:image:width\" content=\"900\" \/>\n\t<meta property=\"og:image:height\" content=\"900\" \/>\n\t<meta property=\"og:image:type\" content=\"image\/jpeg\" \/>\n<meta name=\"twitter:card\" content=\"summary_large_image\" \/>\n<meta name=\"twitter:label1\" content=\"Dur\u00e9e de lecture estim\u00e9e\" \/>\n\t<meta name=\"twitter:data1\" content=\"2 minutes\" \/>\n<script type=\"application\/ld+json\" class=\"yoast-schema-graph\">{\"@context\":\"https:\/\/schema.org\",\"@graph\":[{\"@type\":\"WebPage\",\"@id\":\"https:\/\/optimate1.com\/product\/cbleo-01\/\",\"url\":\"https:\/\/optimate1.com\/product\/cbleo-01\/\",\"name\":\"O-01 C\u00e2ble batterie |Cosses \u00e0 \u0153illet M6-M8 > SAE | 7A max - OptiMate\",\"isPartOf\":{\"@id\":\"https:\/\/optimate1.com\/#website\"},\"primaryImageOfPage\":{\"@id\":\"https:\/\/optimate1.com\/product\/cbleo-01\/#primaryimage\"},\"image\":{\"@id\":\"https:\/\/optimate1.com\/product\/cbleo-01\/#primaryimage\"},\"thumbnailUrl\":\"https:\/\/optimate1.com\/wp-content\/uploads\/2019\/02\/O01-BLK-3.jpg\",\"datePublished\":\"2019-02-20T17:23:04+00:00\",\"dateModified\":\"2026-02-25T09:07:33+00:00\",\"description\":\"L'OptiMate CABLE O-01 est un connecteur de batterie SAE pour cr\u00e9er une connexion permanent et accessible \u00e0 la batterie de votre v\u00e9hicule. En savoir plus!\",\"breadcrumb\":{\"@id\":\"https:\/\/optimate1.com\/product\/cbleo-01\/#breadcrumb\"},\"inLanguage\":\"fr-FR\",\"potentialAction\":[{\"@type\":\"ReadAction\",\"target\":[\"https:\/\/optimate1.com\/product\/cbleo-01\/\"]}]},{\"@type\":\"ImageObject\",\"inLanguage\":\"fr-FR\",\"@id\":\"https:\/\/optimate1.com\/product\/cbleo-01\/#primaryimage\",\"url\":\"https:\/\/optimate1.com\/wp-content\/uploads\/2019\/02\/O01-BLK-3.jpg\",\"contentUrl\":\"https:\/\/optimate1.com\/wp-content\/uploads\/2019\/02\/O01-BLK-3.jpg\",\"width\":900,\"height\":900,\"caption\":\"sae battery connector product image\"},{\"@type\":\"BreadcrumbList\",\"@id\":\"https:\/\/optimate1.com\/product\/cbleo-01\/#breadcrumb\",\"itemListElement\":[{\"@type\":\"ListItem\",\"position\":1,\"name\":\"Home\",\"item\":\"https:\/\/optimate1.com\/\"},{\"@type\":\"ListItem\",\"position\":2,\"name\":\"Produits\",\"item\":\"https:\/\/optimate1.com\/shop\/\"},{\"@type\":\"ListItem\",\"position\":3,\"name\":\"OptiMate CABLE O-01\"}]},{\"@type\":\"WebSite\",\"@id\":\"https:\/\/optimate1.com\/#website\",\"url\":\"https:\/\/optimate1.com\/\",\"name\":\"OptiMate\",\"description\":\"Battery Chargers &amp; Accessories\",\"publisher\":{\"@id\":\"https:\/\/optimate1.com\/#organization\"},\"potentialAction\":[{\"@type\":\"SearchAction\",\"target\":{\"@type\":\"EntryPoint\",\"urlTemplate\":\"https:\/\/optimate1.com\/?s={search_term_string}\"},\"query-input\":{\"@type\":\"PropertyValueSpecification\",\"valueRequired\":true,\"valueName\":\"search_term_string\"}}],\"inLanguage\":\"fr-FR\"},{\"@type\":\"Organization\",\"@id\":\"https:\/\/optimate1.com\/#organization\",\"name\":\"OptiMate\",\"url\":\"https:\/\/optimate1.com\/\",\"logo\":{\"@type\":\"ImageObject\",\"inLanguage\":\"fr-FR\",\"@id\":\"https:\/\/optimate1.com\/#\/schema\/logo\/image\/\",\"url\":\"https:\/\/optimate1.com\/wp-content\/uploads\/2021\/06\/optimate-hpbc-stacklogo.jpg\",\"contentUrl\":\"https:\/\/optimate1.com\/wp-content\/uploads\/2021\/06\/optimate-hpbc-stacklogo.jpg\",\"width\":1025,\"height\":529,\"caption\":\"OptiMate\"},\"image\":{\"@id\":\"https:\/\/optimate1.com\/#\/schema\/logo\/image\/\"},\"sameAs\":[\"https:\/\/www.facebook.com\/OptiMatebatterysavingcharger\/\"]}]}<\/script>\n<!-- \/ Yoast SEO plugin. -->","yoast_head_json":{"title":"O-01 C\u00e2ble batterie |Cosses \u00e0 \u0153illet M6-M8 > SAE | 7A max - OptiMate","description":"L'OptiMate CABLE O-01 est un connecteur de batterie SAE pour cr\u00e9er une connexion permanent et accessible \u00e0 la batterie de votre v\u00e9hicule. En savoir plus!","robots":{"index":"index","follow":"follow","max-snippet":"max-snippet:-1","max-image-preview":"max-image-preview:large","max-video-preview":"max-video-preview:-1","archive":"noarchive"},"canonical":"https:\/\/optimate1.com\/product\/cbleo-01\/","og_locale":"fr_FR","og_type":"article","og_title":"O-01 C\u00e2ble batterie |Cosses \u00e0 \u0153illet M6-M8 > SAE | 7A max - OptiMate","og_description":"L'OptiMate CABLE O-01 est un connecteur de batterie SAE pour cr\u00e9er une connexion permanent et accessible \u00e0 la batterie de votre v\u00e9hicule. En savoir plus!","og_url":"https:\/\/optimate1.com\/product\/cbleo-01\/","og_site_name":"OptiMate","article_publisher":"https:\/\/www.facebook.com\/OptiMatebatterysavingcharger\/","article_modified_time":"2026-02-25T09:07:33+00:00","og_image":[{"width":900,"height":900,"url":"https:\/\/optimate1.com\/wp-content\/uploads\/2019\/02\/O01-BLK-3.jpg","type":"image\/jpeg"}],"twitter_card":"summary_large_image","twitter_misc":{"Dur\u00e9e de lecture estim\u00e9e":"2 minutes"},"schema":{"@context":"https:\/\/schema.org","@graph":[{"@type":"WebPage","@id":"https:\/\/optimate1.com\/product\/cbleo-01\/","url":"https:\/\/optimate1.com\/product\/cbleo-01\/","name":"O-01 C\u00e2ble batterie |Cosses \u00e0 \u0153illet M6-M8 > SAE | 7A max - OptiMate","isPartOf":{"@id":"https:\/\/optimate1.com\/#website"},"primaryImageOfPage":{"@id":"https:\/\/optimate1.com\/product\/cbleo-01\/#primaryimage"},"image":{"@id":"https:\/\/optimate1.com\/product\/cbleo-01\/#primaryimage"},"thumbnailUrl":"https:\/\/optimate1.com\/wp-content\/uploads\/2019\/02\/O01-BLK-3.jpg","datePublished":"2019-02-20T17:23:04+00:00","dateModified":"2026-02-25T09:07:33+00:00","description":"L'OptiMate CABLE O-01 est un connecteur de batterie SAE pour cr\u00e9er une connexion permanent et accessible \u00e0 la batterie de votre v\u00e9hicule. En savoir plus!","breadcrumb":{"@id":"https:\/\/optimate1.com\/product\/cbleo-01\/#breadcrumb"},"inLanguage":"fr-FR","potentialAction":[{"@type":"ReadAction","target":["https:\/\/optimate1.com\/product\/cbleo-01\/"]}]},{"@type":"ImageObject","inLanguage":"fr-FR","@id":"https:\/\/optimate1.com\/product\/cbleo-01\/#primaryimage","url":"https:\/\/optimate1.com\/wp-content\/uploads\/2019\/02\/O01-BLK-3.jpg","contentUrl":"https:\/\/optimate1.com\/wp-content\/uploads\/2019\/02\/O01-BLK-3.jpg","width":900,"height":900,"caption":"sae battery connector product image"},{"@type":"BreadcrumbList","@id":"https:\/\/optimate1.com\/product\/cbleo-01\/#breadcrumb","itemListElement":[{"@type":"ListItem","position":1,"name":"Home","item":"https:\/\/optimate1.com\/"},{"@type":"ListItem","position":2,"name":"Produits","item":"https:\/\/optimate1.com\/shop\/"},{"@type":"ListItem","position":3,"name":"OptiMate CABLE O-01"}]},{"@type":"WebSite","@id":"https:\/\/optimate1.com\/#website","url":"https:\/\/optimate1.com\/","name":"OptiMate","description":"Battery Chargers &amp; Accessories","publisher":{"@id":"https:\/\/optimate1.com\/#organization"},"potentialAction":[{"@type":"SearchAction","target":{"@type":"EntryPoint","urlTemplate":"https:\/\/optimate1.com\/?s={search_term_string}"},"query-input":{"@type":"PropertyValueSpecification","valueRequired":true,"valueName":"search_term_string"}}],"inLanguage":"fr-FR"},{"@type":"Organization","@id":"https:\/\/optimate1.com\/#organization","name":"OptiMate","url":"https:\/\/optimate1.com\/","logo":{"@type":"ImageObject","inLanguage":"fr-FR","@id":"https:\/\/optimate1.com\/#\/schema\/logo\/image\/","url":"https:\/\/optimate1.com\/wp-content\/uploads\/2021\/06\/optimate-hpbc-stacklogo.jpg","contentUrl":"https:\/\/optimate1.com\/wp-content\/uploads\/2021\/06\/optimate-hpbc-stacklogo.jpg","width":1025,"height":529,"caption":"OptiMate"},"image":{"@id":"https:\/\/optimate1.com\/#\/schema\/logo\/image\/"},"sameAs":["https:\/\/www.facebook.com\/OptiMatebatterysavingcharger\/"]}]}},"_links":{"self":[{"href":"https:\/\/optimate1.com\/fr\/wp-json\/wp\/v2\/product\/9483","targetHints":{"allow":["GET"]}}],"collection":[{"href":"https:\/\/optimate1.com\/fr\/wp-json\/wp\/v2\/product"}],"about":[{"href":"https:\/\/optimate1.com\/fr\/wp-json\/wp\/v2\/types\/product"}],"wp:featuredmedia":[{"embeddable":true,"href":"https:\/\/optimate1.com\/fr\/wp-json\/wp\/v2\/media\/16162"}],"wp:attachment":[{"href":"https:\/\/optimate1.com\/fr\/wp-json\/wp\/v2\/media?parent=9483"}],"wp:term":[{"taxonomy":"product_brand","embeddable":true,"href":"https:\/\/optimate1.com\/fr\/wp-json\/wp\/v2\/product_brand?post=9483"},{"taxonomy":"product_cat","embeddable":true,"href":"https:\/\/optimate1.com\/fr\/wp-json\/wp\/v2\/product_cat?post=9483"},{"taxonomy":"product_tag","embeddable":true,"href":"https:\/\/optimate1.com\/fr\/wp-json\/wp\/v2\/product_tag?post=9483"}],"curies":[{"name":"wp","href":"https:\/\/api.w.org\/{rel}","templated":true}]}}