{"id":9489,"date":"2019-06-17T09:24:42","date_gmt":"2019-06-17T13:24:42","guid":{"rendered":"https:\/\/optimate1.com\/product\/optimate-cable-o-11\/"},"modified":"2026-02-25T04:26:18","modified_gmt":"2026-02-25T09:26:18","slug":"optimate-cable-o-11","status":"publish","type":"product","link":"https:\/\/optimate1.com\/fr\/produit\/optimate-cable-o-11\/","title":{"rendered":"O-11 C\u00e2ble batterie |Cosses \u00e0 \u0153illet M8-M10 > SAE | 13A max"},"content":{"rendered":"<h3 class=\"entry-summary hidden-phone\"><strong>Cr\u00e9e un point de charge permanent ou un acc\u00e8s \u00e0 la batterie 12V de votre v\u00e9hicule, de votre bateau ou de votre \u00e9quipement.<\/strong><\/h3>\n<h6 style=\"text-align: center;\"><img loading=\"lazy\" decoding=\"async\" class=\"aligncenter wp-image-20876\" src=\"https:\/\/optimate1.com\/wp-content\/uploads\/2023\/04\/O-11-battery-connections-copy.png\" alt=\"50cm \/ 20\" width=\"528\" height=\"70\" \/><\/h6>\n<h6 style=\"text-align: center;\"><strong><span style=\"color: #10069f;\">Id\u00e9al pour les bornes de batterie qui se montent sur p\u00f4les ronds, ou les batteries avec des bornes \u00e0 boulon int\u00e9gr\u00e9es.<\/span><\/strong><\/h6>\n<h6 style=\"text-align: center;\"><img loading=\"lazy\" decoding=\"async\" class=\"aligncenter wp-image-20876\" src=\"https:\/\/optimate1.com\/wp-content\/uploads\/2023\/03\/O-11.png\" alt=\"Moul\u00e9 robuste r\u00e9glable M8 (5\/16\" width=\"428\" height=\"70\" \/><\/h6>\n<h6 style=\"text-align: center;\"><strong><span style=\"color: #10069f;\"><b>La technologie \u00e0 double anneau adaptable convient \u00e0 n&#8217;importe quelle borne de batterie <\/b><\/span><\/strong><i><span style=\"color: #10069f;\">&#8211; <\/span><\/i><strong><span style=\"color: #10069f;\"><b><i>Par d\u00e9faut, la borne est de taille M8\u00a0(5\/16\u2033), adaptable \u00e0 M10\u00a0(3\/8\u2033).<\/i><\/b><\/span><\/strong><\/h6>\n<h6 style=\"text-align: center;\"><img loading=\"lazy\" decoding=\"async\" class=\"aligncenter wp-image-20876\" src=\"https:\/\/optimate1.com\/wp-content\/uploads\/2023\/03\/ziptie-slits.png\" alt=\"fentes pour velcro \/ cable strap\" width=\"528\" height=\"70\" \/><\/h6>\n<h6 style=\"text-align: center;\"><strong><span style=\"color: #10069f;\"><b>Connecteur SAE prot\u00e9g\u00e9 <\/b><\/span><\/strong><span style=\"color: #10069f;\"><i>&#8211; <\/i><\/span><em><span style=\"color: #10069f;\">Le capuchon et la gaine en caoutchouc emp\u00eachent la p\u00e9n\u00e9tration de l&#8217;eau et de la salet\u00e9, tandis que les encoches de la fermeture \u00e0 glissi\u00e8re permettent une installation sans danger. <\/span><\/em><\/h6>\n<h6 style=\"text-align: center;\"><img loading=\"lazy\" decoding=\"async\" class=\"aligncenter wp-image-20876\" src=\"https:\/\/optimate1.com\/wp-content\/uploads\/2023\/03\/cable-length-O-11_V2.png\" alt=\"50cm \/ 20\" width=\"528\" height=\"70\" \/><\/h6>\n<h6 style=\"text-align: center;\"><strong><span style=\"color: #10069f;\"><b>Caract\u00e9ristiques Premium <\/b><\/span><\/strong><span style=\"color: #10069f;\"><i>\u2013\u00a0Longueur de 50\u00a0cm (20\u2033), fusible de 15A, c\u00e2ble r\u00e9sistant \u00e0 une temp\u00e9rature de -40\u00b0C, courant nominal de 10A (13A max), connecteur de charge SAE standard.<\/i><\/span><\/h6>\n<p>&nbsp;<\/p>\n<h4 style=\"text-align: center;\"><span style=\"text-decoration: underline;\"><strong>PLUS DE CARACT\u00c9RISTIQUES:<\/strong><\/span><\/h4>\n<p style=\"text-align: center;\">\n<table id=\"tablepress-284\" class=\"tablepress tablepress-id-284\">\n<tbody class=\"row-hover\">\n<tr class=\"row-1\">\n\t<td class=\"column-1\"><a href=\"\"><img loading=\"lazy\" decoding=\"async\" src=\"https:\/\/optimate1.com\/wp-content\/uploads\/2023\/03\/Connection-part-2-copy-5.png\" alt=\"\" width=\"300\" height=\"50\" class=\"aligncenter size-medium wp-image-20982\" \/><\/a><body><h6><center>Capuchon noir suppl\u00e9mentaire.<\/center><\/h6><\/body><\/td>\n<\/tr>\n<tr class=\"row-2\">\n\t<td class=\"column-1\"><a href=\"\"><img loading=\"lazy\" decoding=\"async\" src=\"https:\/\/optimate1.com\/wp-content\/uploads\/2023\/03\/SPT-2.png\" alt=\"\" width=\"300\" height=\"40\" class=\"aligncenter size-medium wp-image-20993\" \/><\/a><body><h6><center>Isolation plus \u00e9paisse pour une meuilleure protection.<\/body><\/h6><\/center><\/td>\n<\/tr>\n<tr class=\"row-3\">\n\t<td class=\"column-1\"><a href=\"\"><img loading=\"lazy\" decoding=\"async\" src=\"https:\/\/optimate1.com\/wp-content\/uploads\/2023\/03\/16AWG.png\" alt=\"\" width=\"300\" height=\"40\" class=\"aligncenter size-medium wp-image-20993\" \/><\/a><body><h6><center>Courant nominal: 10A en moyenne. \/ 13A max.<\/body><\/h6><\/center><\/td>\n<\/tr>\n<tr class=\"row-4\">\n\t<td class=\"column-1\"><a href=\"\"><img loading=\"lazy\" decoding=\"async\" src=\"https:\/\/optimate1.com\/wp-content\/uploads\/2021\/11\/weather-icon-copy_600px-01.png\" alt=\"\" width=\"600\" height=\"40\" class=\"aligncenter size-medium wp-image-21012\" \/><\/a><body><h6><center>Con\u00e7us pour une temp\u00e9rature normale et une utilisation en ext\u00e9rieur.<\/body><\/h6><\/center><\/td>\n<\/tr>\n<\/tbody>\n<\/table>\n<!-- #tablepress-284 from cache --><\/p>\n","protected":false},"excerpt":{"rendered":"<h3 class=\"entry-summary hidden-phone\"><span style=\"color: #cd202c;\">C\u00e2ble de batterie r\u00e9sistant aux intemp\u00e9ries, usage intensif\/automobile\/marine<\/span><\/h3>\n","protected":false},"featured_media":16184,"template":"","meta":[],"product_brand":[],"product_cat":[2246,1058,2245],"product_tag":[],"class_list":{"0":"post-9489","1":"product","2":"type-product","3":"status-publish","4":"has-post-thumbnail","6":"product_cat-accessories-fr","7":"product_cat-cablesconnectors-fr","8":"product_cat-marine-fr","9":"pa_cable-type-battery-lead-fr","10":"pa_connector-type-ring-m8-5-16-fr","11":"pa_region-ca-fr","12":"pa_region-eu-fr-2","13":"pa_region-uk-fr-2","14":"pa_region-us-fr-2","15":"iside_cable_type-battery-lead-fr","16":"iside_connector_type-anneaux-m8-m10","17":"recommended_for-optimate-6-7-fr","18":"recommended_for-optimate-g10-fr","19":"compatible_with-batterie-voiture-camion-bateau","20":"thunk-woo-product-list","21":"opn-qv-enable","22":"big-store-woo-hover-","23":"open-single-product-tab-horizontal","24":"open-shadow-","25":"open-shadow-hover-","27":"first","28":"instock","29":"featured","30":"shipping-taxable","31":"purchasable","32":"product-type-simple"},"yoast_head":"<!-- This site is optimized with the Yoast SEO plugin v27.2 - https:\/\/yoast.com\/product\/yoast-seo-wordpress\/ -->\n<title>O-11 C\u00e2ble batterie |Cosses \u00e0 \u0153illet M8-M10 &gt; SAE | 13A max - OptiMate<\/title>\n<meta name=\"description\" content=\"L&#039;OptiMate CABLE O-11 est un c\u00e2ble de c\u00e2blage de batterie marine id\u00e9al pour une connexion permanente \u00e0 usage intensif. En savoir plus!\" \/>\n<meta name=\"robots\" content=\"index, follow, max-snippet:-1, max-image-preview:large, max-video-preview:-1, noarchive\" \/>\n<link rel=\"canonical\" href=\"https:\/\/optimate1.com\/product\/cbleo-11\/\" \/>\n<meta property=\"og:locale\" content=\"fr_FR\" \/>\n<meta property=\"og:type\" content=\"article\" \/>\n<meta property=\"og:title\" content=\"O-11 C\u00e2ble batterie |Cosses \u00e0 \u0153illet M8-M10 &gt; SAE | 13A max - OptiMate\" \/>\n<meta property=\"og:description\" content=\"L&#039;OptiMate CABLE O-11 est un c\u00e2ble de c\u00e2blage de batterie marine id\u00e9al pour une connexion permanente \u00e0 usage intensif. En savoir plus!\" \/>\n<meta property=\"og:url\" content=\"https:\/\/optimate1.com\/product\/cbleo-11\/\" \/>\n<meta property=\"og:site_name\" content=\"OptiMate\" \/>\n<meta property=\"article:publisher\" content=\"https:\/\/www.facebook.com\/OptiMatebatterysavingcharger\/\" \/>\n<meta property=\"article:modified_time\" content=\"2026-02-25T09:26:18+00:00\" \/>\n<meta property=\"og:image\" content=\"https:\/\/optimate1.com\/wp-content\/uploads\/2019\/06\/O11-2-1.jpg\" \/>\n\t<meta property=\"og:image:width\" content=\"900\" \/>\n\t<meta property=\"og:image:height\" content=\"900\" \/>\n\t<meta property=\"og:image:type\" content=\"image\/jpeg\" \/>\n<meta name=\"twitter:card\" content=\"summary_large_image\" \/>\n<meta name=\"twitter:label1\" content=\"Dur\u00e9e de lecture estim\u00e9e\" \/>\n\t<meta name=\"twitter:data1\" content=\"2 minutes\" \/>\n<script type=\"application\/ld+json\" class=\"yoast-schema-graph\">{\"@context\":\"https:\/\/schema.org\",\"@graph\":[{\"@type\":\"WebPage\",\"@id\":\"https:\/\/optimate1.com\/product\/cbleo-11\/\",\"url\":\"https:\/\/optimate1.com\/product\/cbleo-11\/\",\"name\":\"O-11 C\u00e2ble batterie |Cosses \u00e0 \u0153illet M8-M10 > SAE | 13A max - OptiMate\",\"isPartOf\":{\"@id\":\"https:\/\/optimate1.com\/#website\"},\"primaryImageOfPage\":{\"@id\":\"https:\/\/optimate1.com\/product\/cbleo-11\/#primaryimage\"},\"image\":{\"@id\":\"https:\/\/optimate1.com\/product\/cbleo-11\/#primaryimage\"},\"thumbnailUrl\":\"https:\/\/optimate1.com\/wp-content\/uploads\/2019\/06\/O11-2-1.jpg\",\"datePublished\":\"2019-06-17T13:24:42+00:00\",\"dateModified\":\"2026-02-25T09:26:18+00:00\",\"description\":\"L'OptiMate CABLE O-11 est un c\u00e2ble de c\u00e2blage de batterie marine id\u00e9al pour une connexion permanente \u00e0 usage intensif. En savoir plus!\",\"breadcrumb\":{\"@id\":\"https:\/\/optimate1.com\/product\/cbleo-11\/#breadcrumb\"},\"inLanguage\":\"fr-FR\",\"potentialAction\":[{\"@type\":\"ReadAction\",\"target\":[\"https:\/\/optimate1.com\/product\/cbleo-11\/\"]}]},{\"@type\":\"ImageObject\",\"inLanguage\":\"fr-FR\",\"@id\":\"https:\/\/optimate1.com\/product\/cbleo-11\/#primaryimage\",\"url\":\"https:\/\/optimate1.com\/wp-content\/uploads\/2019\/06\/O11-2-1.jpg\",\"contentUrl\":\"https:\/\/optimate1.com\/wp-content\/uploads\/2019\/06\/O11-2-1.jpg\",\"width\":900,\"height\":900,\"caption\":\"marine battery wiring product image\"},{\"@type\":\"BreadcrumbList\",\"@id\":\"https:\/\/optimate1.com\/product\/cbleo-11\/#breadcrumb\",\"itemListElement\":[{\"@type\":\"ListItem\",\"position\":1,\"name\":\"Home\",\"item\":\"https:\/\/optimate1.com\/\"},{\"@type\":\"ListItem\",\"position\":2,\"name\":\"Produits\",\"item\":\"https:\/\/optimate1.com\/shop\/\"},{\"@type\":\"ListItem\",\"position\":3,\"name\":\"OptiMate CABLE O-11\"}]},{\"@type\":\"WebSite\",\"@id\":\"https:\/\/optimate1.com\/#website\",\"url\":\"https:\/\/optimate1.com\/\",\"name\":\"OptiMate\",\"description\":\"Battery Chargers &amp; Accessories\",\"publisher\":{\"@id\":\"https:\/\/optimate1.com\/#organization\"},\"potentialAction\":[{\"@type\":\"SearchAction\",\"target\":{\"@type\":\"EntryPoint\",\"urlTemplate\":\"https:\/\/optimate1.com\/?s={search_term_string}\"},\"query-input\":{\"@type\":\"PropertyValueSpecification\",\"valueRequired\":true,\"valueName\":\"search_term_string\"}}],\"inLanguage\":\"fr-FR\"},{\"@type\":\"Organization\",\"@id\":\"https:\/\/optimate1.com\/#organization\",\"name\":\"OptiMate\",\"url\":\"https:\/\/optimate1.com\/\",\"logo\":{\"@type\":\"ImageObject\",\"inLanguage\":\"fr-FR\",\"@id\":\"https:\/\/optimate1.com\/#\/schema\/logo\/image\/\",\"url\":\"https:\/\/optimate1.com\/wp-content\/uploads\/2021\/06\/optimate-hpbc-stacklogo.jpg\",\"contentUrl\":\"https:\/\/optimate1.com\/wp-content\/uploads\/2021\/06\/optimate-hpbc-stacklogo.jpg\",\"width\":1025,\"height\":529,\"caption\":\"OptiMate\"},\"image\":{\"@id\":\"https:\/\/optimate1.com\/#\/schema\/logo\/image\/\"},\"sameAs\":[\"https:\/\/www.facebook.com\/OptiMatebatterysavingcharger\/\"]}]}<\/script>\n<!-- \/ Yoast SEO plugin. -->","yoast_head_json":{"title":"O-11 C\u00e2ble batterie |Cosses \u00e0 \u0153illet M8-M10 > SAE | 13A max - OptiMate","description":"L'OptiMate CABLE O-11 est un c\u00e2ble de c\u00e2blage de batterie marine id\u00e9al pour une connexion permanente \u00e0 usage intensif. En savoir plus!","robots":{"index":"index","follow":"follow","max-snippet":"max-snippet:-1","max-image-preview":"max-image-preview:large","max-video-preview":"max-video-preview:-1","archive":"noarchive"},"canonical":"https:\/\/optimate1.com\/product\/cbleo-11\/","og_locale":"fr_FR","og_type":"article","og_title":"O-11 C\u00e2ble batterie |Cosses \u00e0 \u0153illet M8-M10 > SAE | 13A max - OptiMate","og_description":"L'OptiMate CABLE O-11 est un c\u00e2ble de c\u00e2blage de batterie marine id\u00e9al pour une connexion permanente \u00e0 usage intensif. En savoir plus!","og_url":"https:\/\/optimate1.com\/product\/cbleo-11\/","og_site_name":"OptiMate","article_publisher":"https:\/\/www.facebook.com\/OptiMatebatterysavingcharger\/","article_modified_time":"2026-02-25T09:26:18+00:00","og_image":[{"width":900,"height":900,"url":"https:\/\/optimate1.com\/wp-content\/uploads\/2019\/06\/O11-2-1.jpg","type":"image\/jpeg"}],"twitter_card":"summary_large_image","twitter_misc":{"Dur\u00e9e de lecture estim\u00e9e":"2 minutes"},"schema":{"@context":"https:\/\/schema.org","@graph":[{"@type":"WebPage","@id":"https:\/\/optimate1.com\/product\/cbleo-11\/","url":"https:\/\/optimate1.com\/product\/cbleo-11\/","name":"O-11 C\u00e2ble batterie |Cosses \u00e0 \u0153illet M8-M10 > SAE | 13A max - OptiMate","isPartOf":{"@id":"https:\/\/optimate1.com\/#website"},"primaryImageOfPage":{"@id":"https:\/\/optimate1.com\/product\/cbleo-11\/#primaryimage"},"image":{"@id":"https:\/\/optimate1.com\/product\/cbleo-11\/#primaryimage"},"thumbnailUrl":"https:\/\/optimate1.com\/wp-content\/uploads\/2019\/06\/O11-2-1.jpg","datePublished":"2019-06-17T13:24:42+00:00","dateModified":"2026-02-25T09:26:18+00:00","description":"L'OptiMate CABLE O-11 est un c\u00e2ble de c\u00e2blage de batterie marine id\u00e9al pour une connexion permanente \u00e0 usage intensif. En savoir plus!","breadcrumb":{"@id":"https:\/\/optimate1.com\/product\/cbleo-11\/#breadcrumb"},"inLanguage":"fr-FR","potentialAction":[{"@type":"ReadAction","target":["https:\/\/optimate1.com\/product\/cbleo-11\/"]}]},{"@type":"ImageObject","inLanguage":"fr-FR","@id":"https:\/\/optimate1.com\/product\/cbleo-11\/#primaryimage","url":"https:\/\/optimate1.com\/wp-content\/uploads\/2019\/06\/O11-2-1.jpg","contentUrl":"https:\/\/optimate1.com\/wp-content\/uploads\/2019\/06\/O11-2-1.jpg","width":900,"height":900,"caption":"marine battery wiring product image"},{"@type":"BreadcrumbList","@id":"https:\/\/optimate1.com\/product\/cbleo-11\/#breadcrumb","itemListElement":[{"@type":"ListItem","position":1,"name":"Home","item":"https:\/\/optimate1.com\/"},{"@type":"ListItem","position":2,"name":"Produits","item":"https:\/\/optimate1.com\/shop\/"},{"@type":"ListItem","position":3,"name":"OptiMate CABLE O-11"}]},{"@type":"WebSite","@id":"https:\/\/optimate1.com\/#website","url":"https:\/\/optimate1.com\/","name":"OptiMate","description":"Battery Chargers &amp; Accessories","publisher":{"@id":"https:\/\/optimate1.com\/#organization"},"potentialAction":[{"@type":"SearchAction","target":{"@type":"EntryPoint","urlTemplate":"https:\/\/optimate1.com\/?s={search_term_string}"},"query-input":{"@type":"PropertyValueSpecification","valueRequired":true,"valueName":"search_term_string"}}],"inLanguage":"fr-FR"},{"@type":"Organization","@id":"https:\/\/optimate1.com\/#organization","name":"OptiMate","url":"https:\/\/optimate1.com\/","logo":{"@type":"ImageObject","inLanguage":"fr-FR","@id":"https:\/\/optimate1.com\/#\/schema\/logo\/image\/","url":"https:\/\/optimate1.com\/wp-content\/uploads\/2021\/06\/optimate-hpbc-stacklogo.jpg","contentUrl":"https:\/\/optimate1.com\/wp-content\/uploads\/2021\/06\/optimate-hpbc-stacklogo.jpg","width":1025,"height":529,"caption":"OptiMate"},"image":{"@id":"https:\/\/optimate1.com\/#\/schema\/logo\/image\/"},"sameAs":["https:\/\/www.facebook.com\/OptiMatebatterysavingcharger\/"]}]}},"_links":{"self":[{"href":"https:\/\/optimate1.com\/fr\/wp-json\/wp\/v2\/product\/9489","targetHints":{"allow":["GET"]}}],"collection":[{"href":"https:\/\/optimate1.com\/fr\/wp-json\/wp\/v2\/product"}],"about":[{"href":"https:\/\/optimate1.com\/fr\/wp-json\/wp\/v2\/types\/product"}],"wp:featuredmedia":[{"embeddable":true,"href":"https:\/\/optimate1.com\/fr\/wp-json\/wp\/v2\/media\/16184"}],"wp:attachment":[{"href":"https:\/\/optimate1.com\/fr\/wp-json\/wp\/v2\/media?parent=9489"}],"wp:term":[{"taxonomy":"product_brand","embeddable":true,"href":"https:\/\/optimate1.com\/fr\/wp-json\/wp\/v2\/product_brand?post=9489"},{"taxonomy":"product_cat","embeddable":true,"href":"https:\/\/optimate1.com\/fr\/wp-json\/wp\/v2\/product_cat?post=9489"},{"taxonomy":"product_tag","embeddable":true,"href":"https:\/\/optimate1.com\/fr\/wp-json\/wp\/v2\/product_tag?post=9489"}],"curies":[{"name":"wp","href":"https:\/\/api.w.org\/{rel}","templated":true}]}}