{"id":9509,"date":"2019-06-17T10:46:00","date_gmt":"2019-06-17T14:46:00","guid":{"rendered":"https:\/\/optimate1.com\/product\/optimate-cable-o-02\/"},"modified":"2026-02-25T05:23:44","modified_gmt":"2026-02-25T10:23:44","slug":"optimate-cable-o-02","status":"publish","type":"product","link":"https:\/\/optimate1.com\/fr\/produit\/optimate-cable-o-02\/","title":{"rendered":"O-02 adaptateur de prise | AUTO (\u00d822) \/ DIN (\u00d812) > SAE | 7A max"},"content":{"rendered":"<h6 style=\"text-align: center;\"><strong><span style=\"color: #10069f;\"><b>L&#8217;O-02 s&#8217;adapte \u00e0 la prise standard (AUTO) trouv\u00e9e dans les motos japonaises et am\u00e9ricaines, les VTT, les UTV, les voitures, les camions et les embarcations marines ET \u00e0 la plus petite prise DIN (BIKE) trouv\u00e9e sur les motos BMW, Triumph et Ducati Multistrada.<\/b><\/span><\/strong><\/h6>\n<h6 style=\"text-align: center;\"><img loading=\"lazy\" decoding=\"async\" class=\"aligncenter wp-image-20876\" src=\"https:\/\/optimate1.com\/wp-content\/uploads\/2023\/09\/auto-din-plug-copy-2.png\" alt=\"This cable is SAE to SAE.\" width=\"280\" height=\"100\" \/><\/h6>\n<p>&nbsp;<\/p>\n<h6 style=\"text-align: center;\"><strong><span style=\"color: #10069f;\"><b>L\u2019embout rouge d\u00e9vissable permet d\u2019adapter la taille de la prise de la taille AUTO, standard, de \u00d821 mm \u00e0 une taille DIN\/BIKE plus petite, de \u00d812 mm.<\/b><\/span><\/strong><\/h6>\n<h6 style=\"text-align: center;\"><img loading=\"lazy\" decoding=\"async\" class=\"aligncenter wp-image-20876\" src=\"https:\/\/optimate1.com\/wp-content\/uploads\/2023\/09\/auto-din-plug-copy-3.png\" alt=\"This cable is SAE to SAE.\" width=\"280\" height=\"100\" \/><\/h6>\n<p>&nbsp;<\/p>\n<h6 style=\"text-align: center;\"><strong><span style=\"color: #10069f;\"><b>Connecteur OptiMate SAE tr\u00e8s r\u00e9sistant <\/b><\/span><\/strong><span style=\"color: #10069f;\">\u2013 <\/span><span style=\"color: #10069f;\"><i>S\u2019adapte \u00e0 tous les connecteurs SAE standards \u00e0 2 broches.<\/i><\/span><\/h6>\n<h6 style=\"text-align: center;\"><img loading=\"lazy\" decoding=\"async\" class=\"aligncenter wp-image-20876\" src=\"https:\/\/optimate1.com\/wp-content\/uploads\/2023\/03\/O-2-length-copy.png\" alt=\"This cable is SAE to SAE.\" width=\"280\" height=\"100\" \/><\/h6>\n<p>&nbsp;<\/p>\n<h6 style=\"text-align: center;\"><strong><span style=\"color: #10069f;\"><b>Fusible 8A rempla\u00e7able \u00e0 l\u2019int\u00e9rieur du connecteur.<\/b><\/span><\/strong><\/h6>\n<h6 style=\"text-align: center;\"><img loading=\"lazy\" decoding=\"async\" class=\"aligncenter wp-image-20876\" src=\"https:\/\/optimate1.com\/wp-content\/uploads\/2023\/03\/5A-max-8A-copy-2.png\" alt=\"This cable is SAE to SAE.\" width=\"280\" height=\"100\" \/><\/h6>\n<p>&nbsp;<\/p>\n<h6 style=\"text-align: center;\"><strong><span style=\"color: #10069f;\">Caract\u00e9ristiques Premium <\/span><\/strong><span style=\"color: #10069f;\">\u2013 <\/span><span style=\"color: #10069f;\"><i>Longueur de 50 cm (20\u2033), courant continu de 5A, c\u00e2ble r\u00e9sistant aux intemp\u00e9ries.<\/i><\/span><\/h6>\n<h6 style=\"text-align: center;\"><img loading=\"lazy\" decoding=\"async\" class=\"aligncenter wp-image-20660\" src=\"https:\/\/optimate1.com\/wp-content\/uploads\/2023\/03\/O-2-length-copy-2.png\" alt=\"The SAE to SAE adapter is ideal for 12V lead-acid &amp; 12.8V lithium LFP batteries.\" width=\"428\" height=\"70\" \/><\/h6>\n<p>&nbsp;<\/p>\n<p>&nbsp;<\/p>\n<h4 style=\"text-align: center;\"><strong><span style=\"text-decoration: underline;\">PLUS DE CARACT\u00c9RISTIQUES:<\/span><\/strong><\/h4>\n<p style=\"text-align: center;\">\n<table id=\"tablepress-476\" class=\"tablepress tablepress-id-476\">\n<tbody class=\"row-hover\">\n<tr class=\"row-1\">\n\t<td class=\"column-1\"><a href=\"\"><img loading=\"lazy\" decoding=\"async\" src=\"https:\/\/optimate1.com\/wp-content\/uploads\/2021\/11\/Inline-protection-against-dust-rain-01_X-copy.png\" alt=\"\" width=\"300\" height=\"50\" class=\"aligncenter size-medium wp-image-20927\" \/><\/a><body><h6><center>Le joint en caoutchouc prot\u00e8ge la connexion SAE contre la salet\u00e9 et l'eau, gardant la connexion SAE propre.<\/body><\/h6><\/center><br \/>\n<\/td>\n<\/tr>\n<tr class=\"row-2\">\n\t<td class=\"column-1\"><a href=\"\"><img loading=\"lazy\" decoding=\"async\" src=\"https:\/\/optimate1.com\/wp-content\/uploads\/2023\/09\/weather-icon-2-copy-01.png\" alt=\"\" width=\"300\" height=\"50\" class=\"aligncenter size-medium wp-image-20928\" \/><\/a><body><h6><center>Con\u00e7us pour un temp\u00e9rature normale et une utilisation en exterieur.<\/body><\/h6><\/center><\/td>\n<\/tr>\n<tr class=\"row-3\">\n\t<td class=\"column-1\"><a href=\"\"><img loading=\"lazy\" decoding=\"async\" src=\"https:\/\/optimate1.com\/wp-content\/uploads\/2023\/03\/SPT-2.png\" alt=\"\" width=\"300\" height=\"50\" class=\"aligncenter size-medium wp-image-20995\" \/><\/a><body><h6><center>Isolation plus \u00e9paisse pour une meilleur protection.<\/body><\/h6><\/center><\/td>\n<\/tr>\n<tr class=\"row-4\">\n\t<td class=\"column-1\"><a href=\"\"><img loading=\"lazy\" decoding=\"async\" src=\"https:\/\/optimate1.com\/wp-content\/uploads\/2023\/03\/18AWG.png\" alt=\"\" width=\"300\" height=\"50\" class=\"aligncenter size-medium wp-image-20982\" \/><\/a><body><h6><center>Courant nominal: 5A en moyenne. \/ 7A max.<\/center><\/h6><\/body><\/td>\n<\/tr>\n<\/tbody>\n<\/table>\n<!-- #tablepress-476 from cache --><\/p>\n","protected":false},"excerpt":{"rendered":"<h3 class=\"entry-summary hidden-phone\"><span style=\"color: #cd202c;\">Adaptateur, SAE vers fiche AUTO\/MOTO<\/span><\/h3>\n","protected":false},"featured_media":5245,"template":"","meta":[],"product_brand":[],"product_cat":[2246,1058,2245],"product_tag":[],"class_list":{"0":"post-9509","1":"product","2":"type-product","3":"status-publish","4":"has-post-thumbnail","6":"product_cat-accessories-fr","7":"product_cat-cablesconnectors-fr","8":"product_cat-marine-fr","9":"pa_cable-type-d21mm-plug-adapter-fr","10":"pa_cable-type-d12mm-bike-plug-adapter-fr","11":"pa_connector-type-auto-fr","12":"pa_connector-type-d12mm-bike-hella-fr","13":"pa_region-ca-fr","14":"pa_region-eu-fr-2","15":"pa_region-uk-fr-2","16":"pa_region-us-fr-2","17":"iside_connector_type-auto-std-22-mm-fr","18":"iside_connector_type-d12mm-bike-hella-fr","19":"compatible_with-prise-12v-pour-voiture","20":"compatible_with-prise-12v-standard-pour-moto","21":"compatible_with-prise-din-bmw-triumph","22":"thunk-woo-product-list","23":"opn-qv-enable","24":"big-store-woo-hover-","25":"open-single-product-tab-horizontal","26":"open-shadow-","27":"open-shadow-hover-","29":"first","30":"instock","31":"featured","32":"shipping-taxable","33":"purchasable","34":"product-type-simple"},"yoast_head":"<!-- This site is optimized with the Yoast SEO plugin v27.2 - https:\/\/yoast.com\/product\/yoast-seo-wordpress\/ -->\n<title>O-02 adaptateur de prise | AUTO (\u00d822) \/ DIN (\u00d812) &gt; SAE | 7A max - OptiMate<\/title>\n<meta name=\"description\" content=\"L&#039;OptiMate CABLE O-02 est un adaptateur SAE \u00e0 prise pour charger facilement et rapidement la batterie via une prise DIN ou automatique. En lire plus!\" \/>\n<meta name=\"robots\" content=\"index, follow, max-snippet:-1, max-image-preview:large, max-video-preview:-1, noarchive\" \/>\n<link rel=\"canonical\" href=\"https:\/\/optimate1.com\/product\/cbleo-02\/\" \/>\n<meta property=\"og:locale\" content=\"fr_FR\" \/>\n<meta property=\"og:type\" content=\"article\" \/>\n<meta property=\"og:title\" content=\"O-02 adaptateur de prise | AUTO (\u00d822) \/ DIN (\u00d812) &gt; SAE | 7A max - OptiMate\" \/>\n<meta property=\"og:description\" content=\"L&#039;OptiMate CABLE O-02 est un adaptateur SAE \u00e0 prise pour charger facilement et rapidement la batterie via une prise DIN ou automatique. En lire plus!\" \/>\n<meta property=\"og:url\" content=\"https:\/\/optimate1.com\/product\/cbleo-02\/\" \/>\n<meta property=\"og:site_name\" content=\"OptiMate\" \/>\n<meta property=\"article:publisher\" content=\"https:\/\/www.facebook.com\/OptiMatebatterysavingcharger\/\" \/>\n<meta property=\"article:modified_time\" content=\"2026-02-25T10:23:44+00:00\" \/>\n<meta property=\"og:image\" content=\"https:\/\/optimate1.com\/wp-content\/uploads\/2019\/06\/O02-0.png\" \/>\n\t<meta property=\"og:image:width\" content=\"900\" \/>\n\t<meta property=\"og:image:height\" content=\"900\" \/>\n\t<meta property=\"og:image:type\" content=\"image\/png\" \/>\n<meta name=\"twitter:card\" content=\"summary_large_image\" \/>\n<meta name=\"twitter:label1\" content=\"Dur\u00e9e de lecture estim\u00e9e\" \/>\n\t<meta name=\"twitter:data1\" content=\"2 minutes\" \/>\n<script type=\"application\/ld+json\" class=\"yoast-schema-graph\">{\"@context\":\"https:\/\/schema.org\",\"@graph\":[{\"@type\":\"WebPage\",\"@id\":\"https:\/\/optimate1.com\/product\/cbleo-02\/\",\"url\":\"https:\/\/optimate1.com\/product\/cbleo-02\/\",\"name\":\"O-02 adaptateur de prise | AUTO (\u00d822) \/ DIN (\u00d812) > SAE | 7A max - OptiMate\",\"isPartOf\":{\"@id\":\"https:\/\/optimate1.com\/#website\"},\"primaryImageOfPage\":{\"@id\":\"https:\/\/optimate1.com\/product\/cbleo-02\/#primaryimage\"},\"image\":{\"@id\":\"https:\/\/optimate1.com\/product\/cbleo-02\/#primaryimage\"},\"thumbnailUrl\":\"https:\/\/optimate1.com\/wp-content\/uploads\/2019\/06\/O02-0.png\",\"datePublished\":\"2019-06-17T14:46:00+00:00\",\"dateModified\":\"2026-02-25T10:23:44+00:00\",\"description\":\"L'OptiMate CABLE O-02 est un adaptateur SAE \u00e0 prise pour charger facilement et rapidement la batterie via une prise DIN ou automatique. En lire plus!\",\"breadcrumb\":{\"@id\":\"https:\/\/optimate1.com\/product\/cbleo-02\/#breadcrumb\"},\"inLanguage\":\"fr-FR\",\"potentialAction\":[{\"@type\":\"ReadAction\",\"target\":[\"https:\/\/optimate1.com\/product\/cbleo-02\/\"]}]},{\"@type\":\"ImageObject\",\"inLanguage\":\"fr-FR\",\"@id\":\"https:\/\/optimate1.com\/product\/cbleo-02\/#primaryimage\",\"url\":\"https:\/\/optimate1.com\/wp-content\/uploads\/2019\/06\/O02-0.png\",\"contentUrl\":\"https:\/\/optimate1.com\/wp-content\/uploads\/2019\/06\/O02-0.png\",\"width\":900,\"height\":900,\"caption\":\"sae to plug product image\"},{\"@type\":\"BreadcrumbList\",\"@id\":\"https:\/\/optimate1.com\/product\/cbleo-02\/#breadcrumb\",\"itemListElement\":[{\"@type\":\"ListItem\",\"position\":1,\"name\":\"Home\",\"item\":\"https:\/\/optimate1.com\/\"},{\"@type\":\"ListItem\",\"position\":2,\"name\":\"Produits\",\"item\":\"https:\/\/optimate1.com\/shop\/\"},{\"@type\":\"ListItem\",\"position\":3,\"name\":\"OptiMate CABLE O-02\"}]},{\"@type\":\"WebSite\",\"@id\":\"https:\/\/optimate1.com\/#website\",\"url\":\"https:\/\/optimate1.com\/\",\"name\":\"OptiMate\",\"description\":\"Battery Chargers &amp; Accessories\",\"publisher\":{\"@id\":\"https:\/\/optimate1.com\/#organization\"},\"potentialAction\":[{\"@type\":\"SearchAction\",\"target\":{\"@type\":\"EntryPoint\",\"urlTemplate\":\"https:\/\/optimate1.com\/?s={search_term_string}\"},\"query-input\":{\"@type\":\"PropertyValueSpecification\",\"valueRequired\":true,\"valueName\":\"search_term_string\"}}],\"inLanguage\":\"fr-FR\"},{\"@type\":\"Organization\",\"@id\":\"https:\/\/optimate1.com\/#organization\",\"name\":\"OptiMate\",\"url\":\"https:\/\/optimate1.com\/\",\"logo\":{\"@type\":\"ImageObject\",\"inLanguage\":\"fr-FR\",\"@id\":\"https:\/\/optimate1.com\/#\/schema\/logo\/image\/\",\"url\":\"https:\/\/optimate1.com\/wp-content\/uploads\/2021\/06\/optimate-hpbc-stacklogo.jpg\",\"contentUrl\":\"https:\/\/optimate1.com\/wp-content\/uploads\/2021\/06\/optimate-hpbc-stacklogo.jpg\",\"width\":1025,\"height\":529,\"caption\":\"OptiMate\"},\"image\":{\"@id\":\"https:\/\/optimate1.com\/#\/schema\/logo\/image\/\"},\"sameAs\":[\"https:\/\/www.facebook.com\/OptiMatebatterysavingcharger\/\"]}]}<\/script>\n<!-- \/ Yoast SEO plugin. -->","yoast_head_json":{"title":"O-02 adaptateur de prise | AUTO (\u00d822) \/ DIN (\u00d812) > SAE | 7A max - OptiMate","description":"L'OptiMate CABLE O-02 est un adaptateur SAE \u00e0 prise pour charger facilement et rapidement la batterie via une prise DIN ou automatique. En lire plus!","robots":{"index":"index","follow":"follow","max-snippet":"max-snippet:-1","max-image-preview":"max-image-preview:large","max-video-preview":"max-video-preview:-1","archive":"noarchive"},"canonical":"https:\/\/optimate1.com\/product\/cbleo-02\/","og_locale":"fr_FR","og_type":"article","og_title":"O-02 adaptateur de prise | AUTO (\u00d822) \/ DIN (\u00d812) > SAE | 7A max - OptiMate","og_description":"L'OptiMate CABLE O-02 est un adaptateur SAE \u00e0 prise pour charger facilement et rapidement la batterie via une prise DIN ou automatique. En lire plus!","og_url":"https:\/\/optimate1.com\/product\/cbleo-02\/","og_site_name":"OptiMate","article_publisher":"https:\/\/www.facebook.com\/OptiMatebatterysavingcharger\/","article_modified_time":"2026-02-25T10:23:44+00:00","og_image":[{"width":900,"height":900,"url":"https:\/\/optimate1.com\/wp-content\/uploads\/2019\/06\/O02-0.png","type":"image\/png"}],"twitter_card":"summary_large_image","twitter_misc":{"Dur\u00e9e de lecture estim\u00e9e":"2 minutes"},"schema":{"@context":"https:\/\/schema.org","@graph":[{"@type":"WebPage","@id":"https:\/\/optimate1.com\/product\/cbleo-02\/","url":"https:\/\/optimate1.com\/product\/cbleo-02\/","name":"O-02 adaptateur de prise | AUTO (\u00d822) \/ DIN (\u00d812) > SAE | 7A max - OptiMate","isPartOf":{"@id":"https:\/\/optimate1.com\/#website"},"primaryImageOfPage":{"@id":"https:\/\/optimate1.com\/product\/cbleo-02\/#primaryimage"},"image":{"@id":"https:\/\/optimate1.com\/product\/cbleo-02\/#primaryimage"},"thumbnailUrl":"https:\/\/optimate1.com\/wp-content\/uploads\/2019\/06\/O02-0.png","datePublished":"2019-06-17T14:46:00+00:00","dateModified":"2026-02-25T10:23:44+00:00","description":"L'OptiMate CABLE O-02 est un adaptateur SAE \u00e0 prise pour charger facilement et rapidement la batterie via une prise DIN ou automatique. En lire plus!","breadcrumb":{"@id":"https:\/\/optimate1.com\/product\/cbleo-02\/#breadcrumb"},"inLanguage":"fr-FR","potentialAction":[{"@type":"ReadAction","target":["https:\/\/optimate1.com\/product\/cbleo-02\/"]}]},{"@type":"ImageObject","inLanguage":"fr-FR","@id":"https:\/\/optimate1.com\/product\/cbleo-02\/#primaryimage","url":"https:\/\/optimate1.com\/wp-content\/uploads\/2019\/06\/O02-0.png","contentUrl":"https:\/\/optimate1.com\/wp-content\/uploads\/2019\/06\/O02-0.png","width":900,"height":900,"caption":"sae to plug product image"},{"@type":"BreadcrumbList","@id":"https:\/\/optimate1.com\/product\/cbleo-02\/#breadcrumb","itemListElement":[{"@type":"ListItem","position":1,"name":"Home","item":"https:\/\/optimate1.com\/"},{"@type":"ListItem","position":2,"name":"Produits","item":"https:\/\/optimate1.com\/shop\/"},{"@type":"ListItem","position":3,"name":"OptiMate CABLE O-02"}]},{"@type":"WebSite","@id":"https:\/\/optimate1.com\/#website","url":"https:\/\/optimate1.com\/","name":"OptiMate","description":"Battery Chargers &amp; Accessories","publisher":{"@id":"https:\/\/optimate1.com\/#organization"},"potentialAction":[{"@type":"SearchAction","target":{"@type":"EntryPoint","urlTemplate":"https:\/\/optimate1.com\/?s={search_term_string}"},"query-input":{"@type":"PropertyValueSpecification","valueRequired":true,"valueName":"search_term_string"}}],"inLanguage":"fr-FR"},{"@type":"Organization","@id":"https:\/\/optimate1.com\/#organization","name":"OptiMate","url":"https:\/\/optimate1.com\/","logo":{"@type":"ImageObject","inLanguage":"fr-FR","@id":"https:\/\/optimate1.com\/#\/schema\/logo\/image\/","url":"https:\/\/optimate1.com\/wp-content\/uploads\/2021\/06\/optimate-hpbc-stacklogo.jpg","contentUrl":"https:\/\/optimate1.com\/wp-content\/uploads\/2021\/06\/optimate-hpbc-stacklogo.jpg","width":1025,"height":529,"caption":"OptiMate"},"image":{"@id":"https:\/\/optimate1.com\/#\/schema\/logo\/image\/"},"sameAs":["https:\/\/www.facebook.com\/OptiMatebatterysavingcharger\/"]}]}},"_links":{"self":[{"href":"https:\/\/optimate1.com\/fr\/wp-json\/wp\/v2\/product\/9509","targetHints":{"allow":["GET"]}}],"collection":[{"href":"https:\/\/optimate1.com\/fr\/wp-json\/wp\/v2\/product"}],"about":[{"href":"https:\/\/optimate1.com\/fr\/wp-json\/wp\/v2\/types\/product"}],"wp:featuredmedia":[{"embeddable":true,"href":"https:\/\/optimate1.com\/fr\/wp-json\/wp\/v2\/media\/5245"}],"wp:attachment":[{"href":"https:\/\/optimate1.com\/fr\/wp-json\/wp\/v2\/media?parent=9509"}],"wp:term":[{"taxonomy":"product_brand","embeddable":true,"href":"https:\/\/optimate1.com\/fr\/wp-json\/wp\/v2\/product_brand?post=9509"},{"taxonomy":"product_cat","embeddable":true,"href":"https:\/\/optimate1.com\/fr\/wp-json\/wp\/v2\/product_cat?post=9509"},{"taxonomy":"product_tag","embeddable":true,"href":"https:\/\/optimate1.com\/fr\/wp-json\/wp\/v2\/product_tag?post=9509"}],"curies":[{"name":"wp","href":"https:\/\/api.w.org\/{rel}","templated":true}]}}