{"id":9519,"date":"2019-06-09T15:10:53","date_gmt":"2019-06-09T19:10:53","guid":{"rendered":"https:\/\/optimate1.com\/product\/optimate-dc-to-dc\/"},"modified":"2026-03-31T04:51:16","modified_gmt":"2026-03-31T08:51:16","slug":"optimate-dc-duo-chargeur","status":"publish","type":"product","link":"https:\/\/optimate1.com\/fr\/produit\/optimate-dc-duo-chargeur\/","title":{"rendered":"OptiMate DC-DUO"},"content":{"rendered":"<h6 style=\"text-align: center;\"><strong><span style=\"color: #10069f;\">OptiMate DC-DUO tire l&#8217;\u00e9nergie d&#8217;une batterie 12V pour en charger une autre\u00a0<\/span><\/strong><strong><span style=\"color: #10069f;\">&#8211;\u00a0<\/span><\/strong><i><span style=\"color: #10069f;\">Pas de courant alternatif n\u00e9cessaire!<\/span><\/i><\/h6>\n<h6 style=\"text-align: center;\"><a href=\"https:\/\/optimate1.com\/wp-content\/uploads\/2021\/02\/DUO-concept.png\"><img loading=\"lazy\" decoding=\"async\" class=\"aligncenter wp-image-23033 size-full\" src=\"https:\/\/optimate1.com\/wp-content\/uploads\/2022\/11\/DC_DUO_connection-from-battery-to-battery-copy.png\" alt=\"The optimate 1 duo adapts automatically to the connected battery type: Lithium or standard.\" width=\"228\" height=\"98\" \/><\/a><\/h6>\n<p>&nbsp;<\/p>\n<h6 style=\"text-align: center;\"><strong><span style=\"color: #10069f;\">L&#8217;OptiMate DC-DUO s&#8217;adapte automatiquement <span style=\"caret-color: #10069f;\">au type de batterie<\/span>\u00a0connect\u00e9e type\u00a0<\/span><\/strong><strong><span style=\"color: #10069f;\">&#8211;\u00a0<\/span><\/strong><i><span style=\"color: #10069f;\">Garantit des batteries lithium ou plomb-acide saines!<\/span><\/i><\/h6>\n<h6 style=\"text-align: center;\"><a href=\"https:\/\/optimate1.com\/wp-content\/uploads\/2021\/02\/DUO-concept.png\"><img loading=\"lazy\" decoding=\"async\" class=\"aligncenter wp-image-23033 size-full\" src=\"https:\/\/optimate1.com\/wp-content\/uploads\/2021\/02\/DUO-concept.png\" alt=\"The optimate 1 duo adapts automatically to the connected battery type: Lithium or standard.\" width=\"428\" height=\"98\" srcset=\"https:\/\/optimate1.com\/wp-content\/uploads\/2021\/02\/DUO-concept.png 428w, https:\/\/optimate1.com\/wp-content\/uploads\/2021\/02\/DUO-concept-64x15.png 64w, https:\/\/optimate1.com\/wp-content\/uploads\/2021\/02\/DUO-concept-300x69.png 300w\" sizes=\"auto, (max-width: 428px) 100vw, 428px\" \/><\/a><\/h6>\n<p>&nbsp;<\/p>\n<h6 style=\"text-align: center;\"><strong><span style=\"color: #10069f;\">Id\u00e9al pour les batteries de ces v\u00e9hicules.<\/span><\/strong><\/h6>\n<h6 style=\"text-align: center;\"><img loading=\"lazy\" decoding=\"async\" class=\"aligncenter wp-image-20668\" src=\"https:\/\/optimate1.com\/wp-content\/uploads\/2022\/03\/Vehicle-range-OM-dc-dc-01.png\" alt=\"The DC to DC battery charger is recommended for scooters, motorcycles, maritime, cars and lawn mowers\" width=\"428\" height=\"66\" \/><\/h6>\n<p>&nbsp;<\/p>\n<h6 style=\"text-align: center;\"><strong><span style=\"color: #10069f;\">Le BMS r\u00e9active la batterie \u00e0 partir du mode de veille ou de protection contre les d\u00e9charges profondes.<\/span><\/strong><\/h6>\n<h6 style=\"text-align: center;\"><img loading=\"lazy\" decoding=\"async\" class=\"aligncenter wp-image-20910\" src=\"https:\/\/optimate1.com\/wp-content\/uploads\/2021\/12\/BMS-reset-copy-01.png\" alt=\"BMS (Battery management system) \" width=\"428\" height=\"70\" \/><\/h6>\n<p>&nbsp;<\/p>\n<h6 style=\"text-align: center;\"><strong><span style=\"color: #10069f;\">Charge et assure la maintenance \u00e0 long terme automatiquement &#8211; <\/span><\/strong><span style=\"color: #10069f;\"><i style=\"caret-color: #10069f;\">Connectez la batterie et l&#8217;OptiMate DC-DUO fait le reste, aucune supervision n&#8217;est n\u00e9cessaire!<\/i><\/span><\/h6>\n<h6 style=\"text-align: center;\"><img loading=\"lazy\" decoding=\"async\" class=\"aligncenter wp-image-20876\" src=\"https:\/\/optimate1.com\/wp-content\/uploads\/2020\/12\/connect_save_charge-maintain-01.png\" alt=\"The fully automatic multi-step program to full charge the battery safely. \" width=\"428\" height=\"70\" \/><\/h6>\n<p>&nbsp;<\/p>\n<p>&nbsp;<\/p>\n<h4 style=\"text-align: center;\"><strong><span style=\"text-decoration: underline;\">PLUS DE CARACT\u00c9RISTIQUES :<\/span><\/strong><\/h4>\n<p style=\"text-align: center;\">\n<table id=\"tablepress-573\" class=\"tablepress tablepress-id-573\">\n<tbody class=\"row-hover\">\n<tr class=\"row-1\">\n\t<td class=\"column-1\"><a href=\"\"><img loading=\"lazy\" decoding=\"async\" src=\"https:\/\/optimate1.com\/wp-content\/uploads\/2023\/09\/1DUO-batteries-copy-2.png\" alt=\"\" width=\"300\" height=\"50\" class=\"aligncenter size-medium wp-image-20927\" \/><\/a><body><h6><center>Pour tous les types de batteries de d\u00e9marrage 12V, y compris plomb-acide (Pb) > STD (avec bouchons de remplissage), AGM &amp; GEL (VRLA scell\u00e9) et Li-Ion fabriqu\u00e9es avec la technologie LiFePO4 \/ LFP.<\/body><\/h6><\/center><br \/>\n<\/td>\n<\/tr>\n<tr class=\"row-2\">\n\t<td class=\"column-1\"><a href=\"\"><img loading=\"lazy\" decoding=\"async\" src=\"https:\/\/optimate1.com\/wp-content\/uploads\/2022\/03\/SAFE-DC-DC-charge-01.png\" alt=\"\" width=\"300\" height=\"50\" class=\"aligncenter size-medium wp-image-20928\" \/><\/a><body><h6><center>Peut \u00eatre laiss\u00e9 connect\u00e9 en toute s\u00e9curit\u00e9. Protection \u00e9lectronique compl\u00e8te.<\/body><\/h6><\/center><\/td>\n<\/tr>\n<tr class=\"row-3\">\n\t<td class=\"column-1\"><a href=\"\"><img loading=\"lazy\" decoding=\"async\" src=\"https:\/\/optimate1.com\/wp-content\/uploads\/2020\/12\/24-7-x2-300x49.png\" alt=\"\" width=\"300\" height=\"50\" class=\"aligncenter size-medium wp-image-20995\" \/><\/a><body><h6><center>Maintient la batterie en pleine charge et en bonne sant\u00e9.<\/body><\/h6><\/center><\/td>\n<\/tr>\n<tr class=\"row-4\">\n\t<td class=\"column-1\"><a href=\"\"><img loading=\"lazy\" decoding=\"async\" src=\"https:\/\/optimate1.com\/wp-content\/uploads\/2021\/11\/SAVE-dead-battery-x2x.png\" alt=\"\" width=\"300\" height=\"50\" class=\"aligncenter size-medium wp-image-20982\" \/><\/a><body><h6><center>Sauve votre batterie \"morte\" \u00e0 partir de 2V.<\/center><\/h6><\/body><\/td>\n<\/tr>\n<tr class=\"row-5\">\n\t<td class=\"column-1\"><a href=\"\"><img loading=\"lazy\" decoding=\"async\" src=\"https:\/\/optimate1.com\/wp-content\/uploads\/2020\/12\/state-of-health-test-2-LED-200.png\" alt=\"\" width=\"300\" height=\"50\" class=\"aligncenter size-medium wp-image-20993\" \/><\/a><body><h6><center>Teste l'\u00e9tat de sant\u00e9 de la batterie.<\/body><\/h6><\/center><\/td>\n<\/tr>\n<tr class=\"row-6\">\n\t<td class=\"column-1\"><a href=\"\"><img loading=\"lazy\" decoding=\"async\" src=\"https:\/\/optimate1.com\/wp-content\/uploads\/2023\/11\/LED-DC-IN_xx-01.png\" alt=\"\" width=\"300\" height=\"50\" class=\"aligncenter size-medium wp-image-20985\" \/><\/a><body><h6><center>Prot\u00e8ge la batterie source d'une d\u00e9charge totale.<\/body><\/h6><\/center><\/td>\n<\/tr>\n<tr class=\"row-7\">\n\t<td class=\"column-1\"><a href=\"\"><img loading=\"lazy\" decoding=\"async\" src=\"https:\/\/optimate1.com\/wp-content\/uploads\/2020\/12\/green-technology-hx2-1-300x49.png\" alt=\"\" width=\"300\" height=\"50\" class=\"aligncenter size-medium wp-image-20983\" \/><\/a><body><h6><center>Technologie d'\u00e9conomie d'\u00e9nergie.<br \/>\n<strong>\u221a<\/strong> Puissance en veille inf\u00e9rieure \u00e0 0.5W.<br \/>\n<strong>\u221a<\/strong> Entretien efficace de la batterie 24 heures sur 24 et 7 jours sur 7.<\/body><\/h6><\/center><\/td>\n<\/tr>\n<tr class=\"row-8\">\n\t<td class=\"column-1\"><a href=\"\"><img loading=\"lazy\" decoding=\"async\" src=\"https:\/\/optimate1.com\/wp-content\/uploads\/2020\/12\/weatherproof-x2-300x49.png\" alt=\"\" width=\"300\" height=\"50\" class=\"aligncenter size-medium wp-image-21012\" srcset=\"https:\/\/optimate1.com\/wp-content\/uploads\/2020\/12\/weatherproof-x2-300x49.png 300w, https:\/\/optimate1.com\/wp-content\/uploads\/2020\/12\/weatherproof-x2-600x98.png 600w, https:\/\/optimate1.com\/wp-content\/uploads\/2020\/12\/weatherproof-x2-64x10.png 64w, https:\/\/optimate1.com\/wp-content\/uploads\/2020\/12\/weatherproof-x2-768x126.png 768w, https:\/\/optimate1.com\/wp-content\/uploads\/2020\/12\/weatherproof-x2.png 856w\" sizes=\"auto, (max-width: 300px) 100vw, 300px\" \/><\/a><body><h6><center>R\u00e9sistant aux intemp\u00e9ries. Con\u00e7u pour une utilisation jusqu'\u00e0 -40\u00b0C \/ -40\u00b0F.<\/body><\/h6><\/center><\/td>\n<\/tr>\n<\/tbody>\n<\/table>\n<!-- #tablepress-573 from cache --><\/p>\n","protected":false},"excerpt":{"rendered":"<h3><span style=\"color: #eb5d23;\">S\u00e9ries OFF-GRID: Chargeur-Mainteneur-R\u00e9cup\u00e9rateur de batterie \u00e9tanche DC vers DC 12V \/12.8V 2A en 6 \u00e9tapes<\/span><\/h3>\n","protected":false},"featured_media":41957,"template":"","meta":[],"product_brand":[],"product_cat":[394],"product_tag":[],"class_list":{"0":"post-9519","1":"product","2":"type-product","3":"status-publish","4":"has-post-thumbnail","6":"product_cat-battery-chargers-fr","7":"pa_charge-battery-chemistry-li-lifepo4-lfp-lithium-fr","8":"pa_charge-battery-chemistry-pb-agm-gel-std-lead-acid-fr","9":"pa_charge-battery-chemistry-pb-li-both-above-fr","10":"pa_charge-battery-more-4x4-aventure","11":"pa_power-dc-12vdc-fr","12":"pa_product-group-optimate-dc-dc-fr","13":"pa_region-ca-fr","14":"pa_region-eu-fr-2","15":"pa_region-uk-fr-2","16":"pa_region-us-fr-2","17":"iside_voltage-12-fr","18":"iside_voltage-12-8-fr","19":"iside_ampere-2-fr","20":"iside_vehicle-moto-mecaniques-fr","21":"iside_vehicle-rv-caravan-fr","22":"iside_charger_series-off-grid-eco-fr","23":"iside_charger_features-maintenance-de-batterie-securisee-24-7","24":"iside_charger_features-maintenance-duo-24h-7-pour-pb-et-lfp","25":"iside_charger_features-save-sulphated-pb-lead-acid-fr","26":"iside_charger_features-save-low-volt-reset-bms-lithium-lfp-fr","27":"iside_charger_features-reinitialisation-du-bms-pour-batterie-lfp","28":"iside_charger_type-dc-dc-fr","29":"iside_battery_voltage-12-8v-13-2v","30":"iside_battery_voltage-12v-fr","31":"iside_battery_chemistry-lfp-lifepo4-lithium-ion-fr","32":"iside_battery_chemistry-pb-lead-acid-fr","33":"battery_charger_current-2a-4a-fr","34":"thunk-woo-product-list","35":"opn-qv-enable","36":"big-store-woo-hover-","37":"open-single-product-tab-horizontal","38":"open-shadow-","39":"open-shadow-hover-","41":"first","42":"instock","43":"featured","44":"shipping-taxable","45":"purchasable","46":"product-type-simple"},"yoast_head":"<!-- This site is optimized with the Yoast SEO plugin v27.2 - https:\/\/yoast.com\/product\/yoast-seo-wordpress\/ -->\n<title>OptiMate DC-DUO - OptiMate<\/title>\n<meta name=\"description\" content=\"L&#039;OptiMate DC-DUO 12V 2A, est un dc-dc chargeur et mainteneur id\u00e9al pour votre batterie 12V plomb-acide &amp; 12.8V LFP lithium. Lisez plus!\" \/>\n<meta name=\"robots\" content=\"index, follow, max-snippet:-1, max-image-preview:large, max-video-preview:-1, noarchive\" \/>\n<link rel=\"canonical\" href=\"https:\/\/optimate1.com\/fr\/produit\/optimate-dc-duo-chargeur\/\" \/>\n<meta property=\"og:locale\" content=\"fr_FR\" \/>\n<meta property=\"og:type\" content=\"article\" \/>\n<meta property=\"og:title\" content=\"OptiMate DC-DUO - OptiMate\" \/>\n<meta property=\"og:description\" content=\"L&#039;OptiMate DC-DUO 12V 2A, est un dc-dc chargeur et mainteneur id\u00e9al pour votre batterie 12V plomb-acide &amp; 12.8V LFP lithium. Lisez plus!\" \/>\n<meta property=\"og:url\" content=\"https:\/\/optimate1.com\/fr\/produit\/optimate-dc-duo-chargeur\/\" \/>\n<meta property=\"og:site_name\" content=\"OptiMate\" \/>\n<meta property=\"article:publisher\" content=\"https:\/\/www.facebook.com\/OptiMatebatterysavingcharger\/\" \/>\n<meta property=\"article:modified_time\" content=\"2026-03-31T08:51:16+00:00\" \/>\n<meta property=\"og:image\" content=\"https:\/\/optimate1.com\/wp-content\/uploads\/2026\/03\/OptiMate-DC-to-DC-TM500v3-11-copy-fr.png\" \/>\n\t<meta property=\"og:image:width\" content=\"1500\" \/>\n\t<meta property=\"og:image:height\" content=\"1500\" \/>\n\t<meta property=\"og:image:type\" content=\"image\/png\" \/>\n<meta name=\"twitter:card\" content=\"summary_large_image\" \/>\n<meta name=\"twitter:label1\" content=\"Dur\u00e9e de lecture estim\u00e9e\" \/>\n\t<meta name=\"twitter:data1\" content=\"2 minutes\" \/>\n<script type=\"application\/ld+json\" class=\"yoast-schema-graph\">{\"@context\":\"https:\/\/schema.org\",\"@graph\":[{\"@type\":\"WebPage\",\"@id\":\"https:\/\/optimate1.com\/fr\/produit\/optimate-dc-duo-chargeur\/\",\"url\":\"https:\/\/optimate1.com\/fr\/produit\/optimate-dc-duo-chargeur\/\",\"name\":\"OptiMate DC-DUO - OptiMate\",\"isPartOf\":{\"@id\":\"https:\/\/optimate1.com\/#website\"},\"primaryImageOfPage\":{\"@id\":\"https:\/\/optimate1.com\/fr\/produit\/optimate-dc-duo-chargeur\/#primaryimage\"},\"image\":{\"@id\":\"https:\/\/optimate1.com\/fr\/produit\/optimate-dc-duo-chargeur\/#primaryimage\"},\"thumbnailUrl\":\"https:\/\/optimate1.com\/wp-content\/uploads\/2026\/03\/OptiMate-DC-to-DC-TM500v3-11-copy-fr.png\",\"datePublished\":\"2019-06-09T19:10:53+00:00\",\"dateModified\":\"2026-03-31T08:51:16+00:00\",\"description\":\"L'OptiMate DC-DUO 12V 2A, est un dc-dc chargeur et mainteneur id\u00e9al pour votre batterie 12V plomb-acide & 12.8V LFP lithium. Lisez plus!\",\"breadcrumb\":{\"@id\":\"https:\/\/optimate1.com\/fr\/produit\/optimate-dc-duo-chargeur\/#breadcrumb\"},\"inLanguage\":\"fr-FR\",\"potentialAction\":[{\"@type\":\"ReadAction\",\"target\":[\"https:\/\/optimate1.com\/fr\/produit\/optimate-dc-duo-chargeur\/\"]}]},{\"@type\":\"ImageObject\",\"inLanguage\":\"fr-FR\",\"@id\":\"https:\/\/optimate1.com\/fr\/produit\/optimate-dc-duo-chargeur\/#primaryimage\",\"url\":\"https:\/\/optimate1.com\/wp-content\/uploads\/2026\/03\/OptiMate-DC-to-DC-TM500v3-11-copy-fr.png\",\"contentUrl\":\"https:\/\/optimate1.com\/wp-content\/uploads\/2026\/03\/OptiMate-DC-to-DC-TM500v3-11-copy-fr.png\",\"width\":1500,\"height\":1500},{\"@type\":\"BreadcrumbList\",\"@id\":\"https:\/\/optimate1.com\/fr\/produit\/optimate-dc-duo-chargeur\/#breadcrumb\",\"itemListElement\":[{\"@type\":\"ListItem\",\"position\":1,\"name\":\"Home\",\"item\":\"https:\/\/optimate1.com\/\"},{\"@type\":\"ListItem\",\"position\":2,\"name\":\"Produits\",\"item\":\"https:\/\/optimate1.com\/shop\/\"},{\"@type\":\"ListItem\",\"position\":3,\"name\":\"OptiMate DC-DUO\"}]},{\"@type\":\"WebSite\",\"@id\":\"https:\/\/optimate1.com\/#website\",\"url\":\"https:\/\/optimate1.com\/\",\"name\":\"OptiMate\",\"description\":\"Battery Chargers &amp; Accessories\",\"publisher\":{\"@id\":\"https:\/\/optimate1.com\/#organization\"},\"potentialAction\":[{\"@type\":\"SearchAction\",\"target\":{\"@type\":\"EntryPoint\",\"urlTemplate\":\"https:\/\/optimate1.com\/?s={search_term_string}\"},\"query-input\":{\"@type\":\"PropertyValueSpecification\",\"valueRequired\":true,\"valueName\":\"search_term_string\"}}],\"inLanguage\":\"fr-FR\"},{\"@type\":\"Organization\",\"@id\":\"https:\/\/optimate1.com\/#organization\",\"name\":\"OptiMate\",\"url\":\"https:\/\/optimate1.com\/\",\"logo\":{\"@type\":\"ImageObject\",\"inLanguage\":\"fr-FR\",\"@id\":\"https:\/\/optimate1.com\/#\/schema\/logo\/image\/\",\"url\":\"https:\/\/optimate1.com\/wp-content\/uploads\/2021\/06\/optimate-hpbc-stacklogo.jpg\",\"contentUrl\":\"https:\/\/optimate1.com\/wp-content\/uploads\/2021\/06\/optimate-hpbc-stacklogo.jpg\",\"width\":1025,\"height\":529,\"caption\":\"OptiMate\"},\"image\":{\"@id\":\"https:\/\/optimate1.com\/#\/schema\/logo\/image\/\"},\"sameAs\":[\"https:\/\/www.facebook.com\/OptiMatebatterysavingcharger\/\"]}]}<\/script>\n<!-- \/ Yoast SEO plugin. -->","yoast_head_json":{"title":"OptiMate DC-DUO - OptiMate","description":"L'OptiMate DC-DUO 12V 2A, est un dc-dc chargeur et mainteneur id\u00e9al pour votre batterie 12V plomb-acide & 12.8V LFP lithium. Lisez plus!","robots":{"index":"index","follow":"follow","max-snippet":"max-snippet:-1","max-image-preview":"max-image-preview:large","max-video-preview":"max-video-preview:-1","archive":"noarchive"},"canonical":"https:\/\/optimate1.com\/fr\/produit\/optimate-dc-duo-chargeur\/","og_locale":"fr_FR","og_type":"article","og_title":"OptiMate DC-DUO - OptiMate","og_description":"L'OptiMate DC-DUO 12V 2A, est un dc-dc chargeur et mainteneur id\u00e9al pour votre batterie 12V plomb-acide & 12.8V LFP lithium. Lisez plus!","og_url":"https:\/\/optimate1.com\/fr\/produit\/optimate-dc-duo-chargeur\/","og_site_name":"OptiMate","article_publisher":"https:\/\/www.facebook.com\/OptiMatebatterysavingcharger\/","article_modified_time":"2026-03-31T08:51:16+00:00","og_image":[{"width":1500,"height":1500,"url":"https:\/\/optimate1.com\/wp-content\/uploads\/2026\/03\/OptiMate-DC-to-DC-TM500v3-11-copy-fr.png","type":"image\/png"}],"twitter_card":"summary_large_image","twitter_misc":{"Dur\u00e9e de lecture estim\u00e9e":"2 minutes"},"schema":{"@context":"https:\/\/schema.org","@graph":[{"@type":"WebPage","@id":"https:\/\/optimate1.com\/fr\/produit\/optimate-dc-duo-chargeur\/","url":"https:\/\/optimate1.com\/fr\/produit\/optimate-dc-duo-chargeur\/","name":"OptiMate DC-DUO - OptiMate","isPartOf":{"@id":"https:\/\/optimate1.com\/#website"},"primaryImageOfPage":{"@id":"https:\/\/optimate1.com\/fr\/produit\/optimate-dc-duo-chargeur\/#primaryimage"},"image":{"@id":"https:\/\/optimate1.com\/fr\/produit\/optimate-dc-duo-chargeur\/#primaryimage"},"thumbnailUrl":"https:\/\/optimate1.com\/wp-content\/uploads\/2026\/03\/OptiMate-DC-to-DC-TM500v3-11-copy-fr.png","datePublished":"2019-06-09T19:10:53+00:00","dateModified":"2026-03-31T08:51:16+00:00","description":"L'OptiMate DC-DUO 12V 2A, est un dc-dc chargeur et mainteneur id\u00e9al pour votre batterie 12V plomb-acide & 12.8V LFP lithium. Lisez plus!","breadcrumb":{"@id":"https:\/\/optimate1.com\/fr\/produit\/optimate-dc-duo-chargeur\/#breadcrumb"},"inLanguage":"fr-FR","potentialAction":[{"@type":"ReadAction","target":["https:\/\/optimate1.com\/fr\/produit\/optimate-dc-duo-chargeur\/"]}]},{"@type":"ImageObject","inLanguage":"fr-FR","@id":"https:\/\/optimate1.com\/fr\/produit\/optimate-dc-duo-chargeur\/#primaryimage","url":"https:\/\/optimate1.com\/wp-content\/uploads\/2026\/03\/OptiMate-DC-to-DC-TM500v3-11-copy-fr.png","contentUrl":"https:\/\/optimate1.com\/wp-content\/uploads\/2026\/03\/OptiMate-DC-to-DC-TM500v3-11-copy-fr.png","width":1500,"height":1500},{"@type":"BreadcrumbList","@id":"https:\/\/optimate1.com\/fr\/produit\/optimate-dc-duo-chargeur\/#breadcrumb","itemListElement":[{"@type":"ListItem","position":1,"name":"Home","item":"https:\/\/optimate1.com\/"},{"@type":"ListItem","position":2,"name":"Produits","item":"https:\/\/optimate1.com\/shop\/"},{"@type":"ListItem","position":3,"name":"OptiMate DC-DUO"}]},{"@type":"WebSite","@id":"https:\/\/optimate1.com\/#website","url":"https:\/\/optimate1.com\/","name":"OptiMate","description":"Battery Chargers &amp; Accessories","publisher":{"@id":"https:\/\/optimate1.com\/#organization"},"potentialAction":[{"@type":"SearchAction","target":{"@type":"EntryPoint","urlTemplate":"https:\/\/optimate1.com\/?s={search_term_string}"},"query-input":{"@type":"PropertyValueSpecification","valueRequired":true,"valueName":"search_term_string"}}],"inLanguage":"fr-FR"},{"@type":"Organization","@id":"https:\/\/optimate1.com\/#organization","name":"OptiMate","url":"https:\/\/optimate1.com\/","logo":{"@type":"ImageObject","inLanguage":"fr-FR","@id":"https:\/\/optimate1.com\/#\/schema\/logo\/image\/","url":"https:\/\/optimate1.com\/wp-content\/uploads\/2021\/06\/optimate-hpbc-stacklogo.jpg","contentUrl":"https:\/\/optimate1.com\/wp-content\/uploads\/2021\/06\/optimate-hpbc-stacklogo.jpg","width":1025,"height":529,"caption":"OptiMate"},"image":{"@id":"https:\/\/optimate1.com\/#\/schema\/logo\/image\/"},"sameAs":["https:\/\/www.facebook.com\/OptiMatebatterysavingcharger\/"]}]}},"_links":{"self":[{"href":"https:\/\/optimate1.com\/fr\/wp-json\/wp\/v2\/product\/9519","targetHints":{"allow":["GET"]}}],"collection":[{"href":"https:\/\/optimate1.com\/fr\/wp-json\/wp\/v2\/product"}],"about":[{"href":"https:\/\/optimate1.com\/fr\/wp-json\/wp\/v2\/types\/product"}],"wp:featuredmedia":[{"embeddable":true,"href":"https:\/\/optimate1.com\/fr\/wp-json\/wp\/v2\/media\/41957"}],"wp:attachment":[{"href":"https:\/\/optimate1.com\/fr\/wp-json\/wp\/v2\/media?parent=9519"}],"wp:term":[{"taxonomy":"product_brand","embeddable":true,"href":"https:\/\/optimate1.com\/fr\/wp-json\/wp\/v2\/product_brand?post=9519"},{"taxonomy":"product_cat","embeddable":true,"href":"https:\/\/optimate1.com\/fr\/wp-json\/wp\/v2\/product_cat?post=9519"},{"taxonomy":"product_tag","embeddable":true,"href":"https:\/\/optimate1.com\/fr\/wp-json\/wp\/v2\/product_tag?post=9519"}],"curies":[{"name":"wp","href":"https:\/\/api.w.org\/{rel}","templated":true}]}}