{"id":9568,"date":"2019-06-17T07:42:35","date_gmt":"2019-06-17T11:42:35","guid":{"rendered":"https:\/\/optimate1.com\/product\/optimate-test-state-of-charge-12v\/"},"modified":"2022-07-11T07:48:06","modified_gmt":"2022-07-11T11:48:06","slug":"optimate-test-state-of-charge-12v","status":"publish","type":"product","link":"https:\/\/optimate1.com\/fr\/produit\/optimate-test-state-of-charge-12v\/","title":{"rendered":"OptiMate TEST \u2013 State of Charge 12V"},"content":{"rendered":"<h3 class=\"entry-summary hidden-phone\">Testeur tout-en-un de l&#8217;\u00e9tat de charge pour batteries AGM, STD ou GEL de 12 V, dans ou en dehors du v\u00e9hicule \u2013 R\u00e9solution instantan\u00e9e des probl\u00e8mes de batterie de 12 V!<\/h3>\n<ul>\n<li><span style=\"color: #10069f;\"><b>Indique la tension de charge statique et le pourcentage d&#8217;\u00e9tat de charge de trois diff\u00e9rents types de batterie au plomb-acide de 12 V (AGM, GEL et STD).<\/b><\/span><\/li>\n<li><span style=\"color: #10069f;\"><b>Tension de charge active jusqu&#8217;\u00e0 15 V du syst\u00e8me de charge du v\u00e9hicule ou du chargeur de batterie connect\u00e9.<\/b><\/span><\/li>\n<li><span style=\"color: #10069f;\"><b>Facile \u00e0 utiliser ! Connectez les pinces incluses \u00e0 la batterie ou proc\u00e9dez au raccordement \u00e0 un c\u00e2ble de batterie SAE install\u00e9.<\/b><\/span><\/li>\n<li><span style=\"color: #10069f;\"><span style=\"color: #10069f;\"><b><em>Durabilit\u00e9 aux normes industrielles \u2013 Con\u00e7u pour durer!<\/em><\/b><\/span><\/span><\/li>\n<\/ul>\n<p>&nbsp;<\/p>\n","protected":false},"excerpt":{"rendered":"<h3><span style=\"color: #cd202c;\">\u00c9tat du testeur de charge \u2013 toutes les batteries au plomb-acide de 12 V<\/span><\/h3>\n","protected":false},"featured_media":4956,"template":"","meta":[],"product_brand":[],"product_cat":[395],"product_tag":[],"class_list":{"0":"post-9568","1":"product","2":"type-product","3":"status-publish","4":"has-post-thumbnail","6":"product_cat-battery-testers-fr","7":"pa_region-ca-fr","8":"pa_region-eu-fr-2","9":"pa_region-uk-fr-2","10":"pa_region-us-fr-2","11":"thunk-woo-product-list","12":"opn-qv-enable","13":"big-store-woo-hover-","14":"open-single-product-tab-horizontal","15":"open-shadow-","16":"open-shadow-hover-","18":"first","19":"instock","20":"featured","21":"shipping-taxable","22":"product-type-simple"},"yoast_head":"<!-- This site is optimized with the Yoast SEO plugin v27.2 - https:\/\/yoast.com\/product\/yoast-seo-wordpress\/ -->\n<title>OptiMate TEST \u2013 State of Charge 12V - OptiMate<\/title>\n<meta name=\"robots\" content=\"index, follow, max-snippet:-1, max-image-preview:large, max-video-preview:-1, noarchive\" \/>\n<link rel=\"canonical\" href=\"https:\/\/optimate1.com\/product\/optimate-test-state-of-charge-12v\/\" \/>\n<meta property=\"og:locale\" content=\"fr_FR\" \/>\n<meta property=\"og:type\" content=\"article\" \/>\n<meta property=\"og:title\" content=\"OptiMate TEST \u2013 State of Charge 12V - OptiMate\" \/>\n<meta property=\"og:description\" content=\"\u00c9tat du testeur de charge \u2013 toutes les batteries au plomb-acide de 12 V\" \/>\n<meta property=\"og:url\" content=\"https:\/\/optimate1.com\/product\/optimate-test-state-of-charge-12v\/\" \/>\n<meta property=\"og:site_name\" content=\"OptiMate\" \/>\n<meta property=\"article:publisher\" content=\"https:\/\/www.facebook.com\/OptiMatebatterysavingcharger\/\" \/>\n<meta property=\"article:modified_time\" content=\"2022-07-11T11:48:06+00:00\" \/>\n<meta property=\"og:image\" content=\"https:\/\/optimate1.com\/wp-content\/uploads\/2019\/06\/TS130-Lights.png\" \/>\n\t<meta property=\"og:image:width\" content=\"900\" \/>\n\t<meta property=\"og:image:height\" content=\"900\" \/>\n\t<meta property=\"og:image:type\" content=\"image\/png\" \/>\n<meta name=\"twitter:card\" content=\"summary_large_image\" \/>\n<meta name=\"twitter:label1\" content=\"Dur\u00e9e de lecture estim\u00e9e\" \/>\n\t<meta name=\"twitter:data1\" content=\"1 minute\" \/>\n<script type=\"application\/ld+json\" class=\"yoast-schema-graph\">{\"@context\":\"https:\/\/schema.org\",\"@graph\":[{\"@type\":\"WebPage\",\"@id\":\"https:\/\/optimate1.com\/product\/optimate-test-state-of-charge-12v\/\",\"url\":\"https:\/\/optimate1.com\/product\/optimate-test-state-of-charge-12v\/\",\"name\":\"OptiMate TEST \u2013 State of Charge 12V - OptiMate\",\"isPartOf\":{\"@id\":\"https:\/\/optimate1.com\/#website\"},\"primaryImageOfPage\":{\"@id\":\"https:\/\/optimate1.com\/product\/optimate-test-state-of-charge-12v\/#primaryimage\"},\"image\":{\"@id\":\"https:\/\/optimate1.com\/product\/optimate-test-state-of-charge-12v\/#primaryimage\"},\"thumbnailUrl\":\"https:\/\/optimate1.com\/wp-content\/uploads\/2019\/06\/TS130-Lights.png\",\"datePublished\":\"2019-06-17T11:42:35+00:00\",\"dateModified\":\"2022-07-11T11:48:06+00:00\",\"breadcrumb\":{\"@id\":\"https:\/\/optimate1.com\/product\/optimate-test-state-of-charge-12v\/#breadcrumb\"},\"inLanguage\":\"fr-FR\",\"potentialAction\":[{\"@type\":\"ReadAction\",\"target\":[\"https:\/\/optimate1.com\/product\/optimate-test-state-of-charge-12v\/\"]}]},{\"@type\":\"ImageObject\",\"inLanguage\":\"fr-FR\",\"@id\":\"https:\/\/optimate1.com\/product\/optimate-test-state-of-charge-12v\/#primaryimage\",\"url\":\"https:\/\/optimate1.com\/wp-content\/uploads\/2019\/06\/TS130-Lights.png\",\"contentUrl\":\"https:\/\/optimate1.com\/wp-content\/uploads\/2019\/06\/TS130-Lights.png\",\"width\":900,\"height\":900,\"caption\":\"lead acid battery tester product image\"},{\"@type\":\"BreadcrumbList\",\"@id\":\"https:\/\/optimate1.com\/product\/optimate-test-state-of-charge-12v\/#breadcrumb\",\"itemListElement\":[{\"@type\":\"ListItem\",\"position\":1,\"name\":\"Home\",\"item\":\"https:\/\/optimate1.com\/\"},{\"@type\":\"ListItem\",\"position\":2,\"name\":\"Produits\",\"item\":\"https:\/\/optimate1.com\/shop\/\"},{\"@type\":\"ListItem\",\"position\":3,\"name\":\"OptiMate TEST \u2013 State of Charge 12V\"}]},{\"@type\":\"WebSite\",\"@id\":\"https:\/\/optimate1.com\/#website\",\"url\":\"https:\/\/optimate1.com\/\",\"name\":\"OptiMate\",\"description\":\"Battery Chargers &amp; Accessories\",\"publisher\":{\"@id\":\"https:\/\/optimate1.com\/#organization\"},\"potentialAction\":[{\"@type\":\"SearchAction\",\"target\":{\"@type\":\"EntryPoint\",\"urlTemplate\":\"https:\/\/optimate1.com\/?s={search_term_string}\"},\"query-input\":{\"@type\":\"PropertyValueSpecification\",\"valueRequired\":true,\"valueName\":\"search_term_string\"}}],\"inLanguage\":\"fr-FR\"},{\"@type\":\"Organization\",\"@id\":\"https:\/\/optimate1.com\/#organization\",\"name\":\"OptiMate\",\"url\":\"https:\/\/optimate1.com\/\",\"logo\":{\"@type\":\"ImageObject\",\"inLanguage\":\"fr-FR\",\"@id\":\"https:\/\/optimate1.com\/#\/schema\/logo\/image\/\",\"url\":\"https:\/\/optimate1.com\/wp-content\/uploads\/2021\/06\/optimate-hpbc-stacklogo.jpg\",\"contentUrl\":\"https:\/\/optimate1.com\/wp-content\/uploads\/2021\/06\/optimate-hpbc-stacklogo.jpg\",\"width\":1025,\"height\":529,\"caption\":\"OptiMate\"},\"image\":{\"@id\":\"https:\/\/optimate1.com\/#\/schema\/logo\/image\/\"},\"sameAs\":[\"https:\/\/www.facebook.com\/OptiMatebatterysavingcharger\/\"]}]}<\/script>\n<!-- \/ Yoast SEO plugin. -->","yoast_head_json":{"title":"OptiMate TEST \u2013 State of Charge 12V - OptiMate","robots":{"index":"index","follow":"follow","max-snippet":"max-snippet:-1","max-image-preview":"max-image-preview:large","max-video-preview":"max-video-preview:-1","archive":"noarchive"},"canonical":"https:\/\/optimate1.com\/product\/optimate-test-state-of-charge-12v\/","og_locale":"fr_FR","og_type":"article","og_title":"OptiMate TEST \u2013 State of Charge 12V - OptiMate","og_description":"\u00c9tat du testeur de charge \u2013 toutes les batteries au plomb-acide de 12 V","og_url":"https:\/\/optimate1.com\/product\/optimate-test-state-of-charge-12v\/","og_site_name":"OptiMate","article_publisher":"https:\/\/www.facebook.com\/OptiMatebatterysavingcharger\/","article_modified_time":"2022-07-11T11:48:06+00:00","og_image":[{"width":900,"height":900,"url":"https:\/\/optimate1.com\/wp-content\/uploads\/2019\/06\/TS130-Lights.png","type":"image\/png"}],"twitter_card":"summary_large_image","twitter_misc":{"Dur\u00e9e de lecture estim\u00e9e":"1 minute"},"schema":{"@context":"https:\/\/schema.org","@graph":[{"@type":"WebPage","@id":"https:\/\/optimate1.com\/product\/optimate-test-state-of-charge-12v\/","url":"https:\/\/optimate1.com\/product\/optimate-test-state-of-charge-12v\/","name":"OptiMate TEST \u2013 State of Charge 12V - OptiMate","isPartOf":{"@id":"https:\/\/optimate1.com\/#website"},"primaryImageOfPage":{"@id":"https:\/\/optimate1.com\/product\/optimate-test-state-of-charge-12v\/#primaryimage"},"image":{"@id":"https:\/\/optimate1.com\/product\/optimate-test-state-of-charge-12v\/#primaryimage"},"thumbnailUrl":"https:\/\/optimate1.com\/wp-content\/uploads\/2019\/06\/TS130-Lights.png","datePublished":"2019-06-17T11:42:35+00:00","dateModified":"2022-07-11T11:48:06+00:00","breadcrumb":{"@id":"https:\/\/optimate1.com\/product\/optimate-test-state-of-charge-12v\/#breadcrumb"},"inLanguage":"fr-FR","potentialAction":[{"@type":"ReadAction","target":["https:\/\/optimate1.com\/product\/optimate-test-state-of-charge-12v\/"]}]},{"@type":"ImageObject","inLanguage":"fr-FR","@id":"https:\/\/optimate1.com\/product\/optimate-test-state-of-charge-12v\/#primaryimage","url":"https:\/\/optimate1.com\/wp-content\/uploads\/2019\/06\/TS130-Lights.png","contentUrl":"https:\/\/optimate1.com\/wp-content\/uploads\/2019\/06\/TS130-Lights.png","width":900,"height":900,"caption":"lead acid battery tester product image"},{"@type":"BreadcrumbList","@id":"https:\/\/optimate1.com\/product\/optimate-test-state-of-charge-12v\/#breadcrumb","itemListElement":[{"@type":"ListItem","position":1,"name":"Home","item":"https:\/\/optimate1.com\/"},{"@type":"ListItem","position":2,"name":"Produits","item":"https:\/\/optimate1.com\/shop\/"},{"@type":"ListItem","position":3,"name":"OptiMate TEST \u2013 State of Charge 12V"}]},{"@type":"WebSite","@id":"https:\/\/optimate1.com\/#website","url":"https:\/\/optimate1.com\/","name":"OptiMate","description":"Battery Chargers &amp; Accessories","publisher":{"@id":"https:\/\/optimate1.com\/#organization"},"potentialAction":[{"@type":"SearchAction","target":{"@type":"EntryPoint","urlTemplate":"https:\/\/optimate1.com\/?s={search_term_string}"},"query-input":{"@type":"PropertyValueSpecification","valueRequired":true,"valueName":"search_term_string"}}],"inLanguage":"fr-FR"},{"@type":"Organization","@id":"https:\/\/optimate1.com\/#organization","name":"OptiMate","url":"https:\/\/optimate1.com\/","logo":{"@type":"ImageObject","inLanguage":"fr-FR","@id":"https:\/\/optimate1.com\/#\/schema\/logo\/image\/","url":"https:\/\/optimate1.com\/wp-content\/uploads\/2021\/06\/optimate-hpbc-stacklogo.jpg","contentUrl":"https:\/\/optimate1.com\/wp-content\/uploads\/2021\/06\/optimate-hpbc-stacklogo.jpg","width":1025,"height":529,"caption":"OptiMate"},"image":{"@id":"https:\/\/optimate1.com\/#\/schema\/logo\/image\/"},"sameAs":["https:\/\/www.facebook.com\/OptiMatebatterysavingcharger\/"]}]}},"_links":{"self":[{"href":"https:\/\/optimate1.com\/fr\/wp-json\/wp\/v2\/product\/9568","targetHints":{"allow":["GET"]}}],"collection":[{"href":"https:\/\/optimate1.com\/fr\/wp-json\/wp\/v2\/product"}],"about":[{"href":"https:\/\/optimate1.com\/fr\/wp-json\/wp\/v2\/types\/product"}],"wp:featuredmedia":[{"embeddable":true,"href":"https:\/\/optimate1.com\/fr\/wp-json\/wp\/v2\/media\/4956"}],"wp:attachment":[{"href":"https:\/\/optimate1.com\/fr\/wp-json\/wp\/v2\/media?parent=9568"}],"wp:term":[{"taxonomy":"product_brand","embeddable":true,"href":"https:\/\/optimate1.com\/fr\/wp-json\/wp\/v2\/product_brand?post=9568"},{"taxonomy":"product_cat","embeddable":true,"href":"https:\/\/optimate1.com\/fr\/wp-json\/wp\/v2\/product_cat?post=9568"},{"taxonomy":"product_tag","embeddable":true,"href":"https:\/\/optimate1.com\/fr\/wp-json\/wp\/v2\/product_tag?post=9568"}],"curies":[{"name":"wp","href":"https:\/\/api.w.org\/{rel}","templated":true}]}}