{"id":9583,"date":"2019-06-17T06:17:28","date_gmt":"2019-06-17T10:17:28","guid":{"rendered":"https:\/\/optimate1.com\/product\/optimate-test-state-of-charge\/"},"modified":"2022-07-11T07:39:48","modified_gmt":"2022-07-11T11:39:48","slug":"optimate-test-state-of-charge","status":"publish","type":"product","link":"https:\/\/optimate1.com\/fr\/produit\/optimate-test-state-of-charge\/","title":{"rendered":"OptiMate TEST \u2013 State of Charge"},"content":{"rendered":"<h3 class=\"entry-summary hidden-phone\">Le testeur id\u00e9al de tension de batterie pour comptoir de vente de batteries pour toutes les batteries de d\u00e9marrage 12V plomb-acide et 12.8V \/ 13.2V Lithium <em>&#8211; V\u00e9rifiez facilement et instantan\u00e9ment la tension de n&#8217;importe quelle batterie !\u00a0<\/em><\/h3>\n<ul>\n<li><span style=\"color: #10069f;\"><b>Indique la tension statique et le pourcentage de charge pour les batteries plomb-acide 12V AGM, GEL et STD et lithium 12.8V \/ 13.2V LFP\/LiFePO4.\u00a0<\/b><\/span><\/li>\n<li><span style=\"color: #10069f;\"><b>L&#8217;affichage comparatif facile \u00e0 comprendre compare la tension et l&#8217;\u00e9tat de charge pour toutes les technologies de batterie de d\u00e9marrage de v\u00e9hicule<em> &#8211; Aide \u00e0 l&#8217;\u00e9ducation des clients !\u00a0<\/em><\/b><\/span><\/li>\n<li><span style=\"color: #10069f;\"><b>Facile \u00e0 utiliser !\u00a0Connectez la batterie \u00e0 l&#8217;aide des pinces fournies ou connectez \u00e0 un c\u00e2ble de batterie SAE install\u00e9.<\/b><\/span><\/li>\n<li><span style=\"color: #10069f;\"><span style=\"color: #10069f;\"><b>Durabilit\u00e9 aux normes industrielles <em>&#8211; Con\u00e7u pour durer !<\/em><\/b><\/span><\/span><\/li>\n<\/ul>\n","protected":false},"excerpt":{"rendered":"<h3><span style=\"color: #cd202c;\">Testeur d&#8217;\u00e9tat de charge &#8211; toutes les batteries 12V plomb-acide et 12.8V\/13.2V Lithium<\/span><\/h3>\n","protected":false},"featured_media":4927,"template":"","meta":[],"product_brand":[],"product_cat":[395],"product_tag":[],"class_list":{"0":"post-9583","1":"product","2":"type-product","3":"status-publish","4":"has-post-thumbnail","6":"product_cat-battery-testers-fr","7":"pa_region-ca-fr","8":"pa_region-eu-fr-2","9":"pa_region-uk-fr-2","10":"pa_region-us-fr-2","11":"thunk-woo-product-list","12":"opn-qv-enable","13":"big-store-woo-hover-","14":"open-single-product-tab-horizontal","15":"open-shadow-","16":"open-shadow-hover-","18":"first","19":"instock","20":"featured","21":"shipping-taxable","22":"purchasable","23":"product-type-variable"},"yoast_head":"<!-- This site is optimized with the Yoast SEO plugin v27.2 - https:\/\/yoast.com\/product\/yoast-seo-wordpress\/ -->\n<title>OptiMate TEST \u2013 State of Charge - OptiMate<\/title>\n<meta name=\"robots\" content=\"index, follow, max-snippet:-1, max-image-preview:large, max-video-preview:-1, noarchive\" \/>\n<link rel=\"canonical\" href=\"https:\/\/optimate1.com\/product\/optimate-test-state-of-charge\/\" \/>\n<meta property=\"og:locale\" content=\"fr_FR\" \/>\n<meta property=\"og:type\" content=\"article\" \/>\n<meta property=\"og:title\" content=\"OptiMate TEST \u2013 State of Charge - OptiMate\" \/>\n<meta property=\"og:description\" content=\"Testeur d&#039;\u00e9tat de charge - toutes les batteries 12V plomb-acide et 12.8V\/13.2V Lithium\" \/>\n<meta property=\"og:url\" content=\"https:\/\/optimate1.com\/product\/optimate-test-state-of-charge\/\" \/>\n<meta property=\"og:site_name\" content=\"OptiMate\" \/>\n<meta property=\"article:publisher\" content=\"https:\/\/www.facebook.com\/OptiMatebatterysavingcharger\/\" \/>\n<meta property=\"article:modified_time\" content=\"2022-07-11T11:39:48+00:00\" \/>\n<meta property=\"og:image\" content=\"https:\/\/optimate1.com\/wp-content\/uploads\/2019\/06\/TS127-State-of-Charge-Tester-2.png\" \/>\n\t<meta property=\"og:image:width\" content=\"900\" \/>\n\t<meta property=\"og:image:height\" content=\"900\" \/>\n\t<meta property=\"og:image:type\" content=\"image\/png\" \/>\n<meta name=\"twitter:card\" content=\"summary_large_image\" \/>\n<meta name=\"twitter:label1\" content=\"Dur\u00e9e de lecture estim\u00e9e\" \/>\n\t<meta name=\"twitter:data1\" content=\"1 minute\" \/>\n<script type=\"application\/ld+json\" class=\"yoast-schema-graph\">{\"@context\":\"https:\/\/schema.org\",\"@graph\":[{\"@type\":\"WebPage\",\"@id\":\"https:\/\/optimate1.com\/product\/optimate-test-state-of-charge\/\",\"url\":\"https:\/\/optimate1.com\/product\/optimate-test-state-of-charge\/\",\"name\":\"OptiMate TEST \u2013 State of Charge - OptiMate\",\"isPartOf\":{\"@id\":\"https:\/\/optimate1.com\/#website\"},\"primaryImageOfPage\":{\"@id\":\"https:\/\/optimate1.com\/product\/optimate-test-state-of-charge\/#primaryimage\"},\"image\":{\"@id\":\"https:\/\/optimate1.com\/product\/optimate-test-state-of-charge\/#primaryimage\"},\"thumbnailUrl\":\"https:\/\/optimate1.com\/wp-content\/uploads\/2019\/06\/TS127-State-of-Charge-Tester-2.png\",\"datePublished\":\"2019-06-17T10:17:28+00:00\",\"dateModified\":\"2022-07-11T11:39:48+00:00\",\"breadcrumb\":{\"@id\":\"https:\/\/optimate1.com\/product\/optimate-test-state-of-charge\/#breadcrumb\"},\"inLanguage\":\"fr-FR\",\"potentialAction\":[{\"@type\":\"ReadAction\",\"target\":[\"https:\/\/optimate1.com\/product\/optimate-test-state-of-charge\/\"]}]},{\"@type\":\"ImageObject\",\"inLanguage\":\"fr-FR\",\"@id\":\"https:\/\/optimate1.com\/product\/optimate-test-state-of-charge\/#primaryimage\",\"url\":\"https:\/\/optimate1.com\/wp-content\/uploads\/2019\/06\/TS127-State-of-Charge-Tester-2.png\",\"contentUrl\":\"https:\/\/optimate1.com\/wp-content\/uploads\/2019\/06\/TS127-State-of-Charge-Tester-2.png\",\"width\":900,\"height\":900,\"caption\":\"12v battery tester product image\"},{\"@type\":\"BreadcrumbList\",\"@id\":\"https:\/\/optimate1.com\/product\/optimate-test-state-of-charge\/#breadcrumb\",\"itemListElement\":[{\"@type\":\"ListItem\",\"position\":1,\"name\":\"Home\",\"item\":\"https:\/\/optimate1.com\/\"},{\"@type\":\"ListItem\",\"position\":2,\"name\":\"Produits\",\"item\":\"https:\/\/optimate1.com\/shop\/\"},{\"@type\":\"ListItem\",\"position\":3,\"name\":\"OptiMate TEST \u2013 State of Charge\"}]},{\"@type\":\"WebSite\",\"@id\":\"https:\/\/optimate1.com\/#website\",\"url\":\"https:\/\/optimate1.com\/\",\"name\":\"OptiMate\",\"description\":\"Battery Chargers &amp; Accessories\",\"publisher\":{\"@id\":\"https:\/\/optimate1.com\/#organization\"},\"potentialAction\":[{\"@type\":\"SearchAction\",\"target\":{\"@type\":\"EntryPoint\",\"urlTemplate\":\"https:\/\/optimate1.com\/?s={search_term_string}\"},\"query-input\":{\"@type\":\"PropertyValueSpecification\",\"valueRequired\":true,\"valueName\":\"search_term_string\"}}],\"inLanguage\":\"fr-FR\"},{\"@type\":\"Organization\",\"@id\":\"https:\/\/optimate1.com\/#organization\",\"name\":\"OptiMate\",\"url\":\"https:\/\/optimate1.com\/\",\"logo\":{\"@type\":\"ImageObject\",\"inLanguage\":\"fr-FR\",\"@id\":\"https:\/\/optimate1.com\/#\/schema\/logo\/image\/\",\"url\":\"https:\/\/optimate1.com\/wp-content\/uploads\/2021\/06\/optimate-hpbc-stacklogo.jpg\",\"contentUrl\":\"https:\/\/optimate1.com\/wp-content\/uploads\/2021\/06\/optimate-hpbc-stacklogo.jpg\",\"width\":1025,\"height\":529,\"caption\":\"OptiMate\"},\"image\":{\"@id\":\"https:\/\/optimate1.com\/#\/schema\/logo\/image\/\"},\"sameAs\":[\"https:\/\/www.facebook.com\/OptiMatebatterysavingcharger\/\"]}]}<\/script>\n<!-- \/ Yoast SEO plugin. -->","yoast_head_json":{"title":"OptiMate TEST \u2013 State of Charge - OptiMate","robots":{"index":"index","follow":"follow","max-snippet":"max-snippet:-1","max-image-preview":"max-image-preview:large","max-video-preview":"max-video-preview:-1","archive":"noarchive"},"canonical":"https:\/\/optimate1.com\/product\/optimate-test-state-of-charge\/","og_locale":"fr_FR","og_type":"article","og_title":"OptiMate TEST \u2013 State of Charge - OptiMate","og_description":"Testeur d'\u00e9tat de charge - toutes les batteries 12V plomb-acide et 12.8V\/13.2V Lithium","og_url":"https:\/\/optimate1.com\/product\/optimate-test-state-of-charge\/","og_site_name":"OptiMate","article_publisher":"https:\/\/www.facebook.com\/OptiMatebatterysavingcharger\/","article_modified_time":"2022-07-11T11:39:48+00:00","og_image":[{"width":900,"height":900,"url":"https:\/\/optimate1.com\/wp-content\/uploads\/2019\/06\/TS127-State-of-Charge-Tester-2.png","type":"image\/png"}],"twitter_card":"summary_large_image","twitter_misc":{"Dur\u00e9e de lecture estim\u00e9e":"1 minute"},"schema":{"@context":"https:\/\/schema.org","@graph":[{"@type":"WebPage","@id":"https:\/\/optimate1.com\/product\/optimate-test-state-of-charge\/","url":"https:\/\/optimate1.com\/product\/optimate-test-state-of-charge\/","name":"OptiMate TEST \u2013 State of Charge - OptiMate","isPartOf":{"@id":"https:\/\/optimate1.com\/#website"},"primaryImageOfPage":{"@id":"https:\/\/optimate1.com\/product\/optimate-test-state-of-charge\/#primaryimage"},"image":{"@id":"https:\/\/optimate1.com\/product\/optimate-test-state-of-charge\/#primaryimage"},"thumbnailUrl":"https:\/\/optimate1.com\/wp-content\/uploads\/2019\/06\/TS127-State-of-Charge-Tester-2.png","datePublished":"2019-06-17T10:17:28+00:00","dateModified":"2022-07-11T11:39:48+00:00","breadcrumb":{"@id":"https:\/\/optimate1.com\/product\/optimate-test-state-of-charge\/#breadcrumb"},"inLanguage":"fr-FR","potentialAction":[{"@type":"ReadAction","target":["https:\/\/optimate1.com\/product\/optimate-test-state-of-charge\/"]}]},{"@type":"ImageObject","inLanguage":"fr-FR","@id":"https:\/\/optimate1.com\/product\/optimate-test-state-of-charge\/#primaryimage","url":"https:\/\/optimate1.com\/wp-content\/uploads\/2019\/06\/TS127-State-of-Charge-Tester-2.png","contentUrl":"https:\/\/optimate1.com\/wp-content\/uploads\/2019\/06\/TS127-State-of-Charge-Tester-2.png","width":900,"height":900,"caption":"12v battery tester product image"},{"@type":"BreadcrumbList","@id":"https:\/\/optimate1.com\/product\/optimate-test-state-of-charge\/#breadcrumb","itemListElement":[{"@type":"ListItem","position":1,"name":"Home","item":"https:\/\/optimate1.com\/"},{"@type":"ListItem","position":2,"name":"Produits","item":"https:\/\/optimate1.com\/shop\/"},{"@type":"ListItem","position":3,"name":"OptiMate TEST \u2013 State of Charge"}]},{"@type":"WebSite","@id":"https:\/\/optimate1.com\/#website","url":"https:\/\/optimate1.com\/","name":"OptiMate","description":"Battery Chargers &amp; Accessories","publisher":{"@id":"https:\/\/optimate1.com\/#organization"},"potentialAction":[{"@type":"SearchAction","target":{"@type":"EntryPoint","urlTemplate":"https:\/\/optimate1.com\/?s={search_term_string}"},"query-input":{"@type":"PropertyValueSpecification","valueRequired":true,"valueName":"search_term_string"}}],"inLanguage":"fr-FR"},{"@type":"Organization","@id":"https:\/\/optimate1.com\/#organization","name":"OptiMate","url":"https:\/\/optimate1.com\/","logo":{"@type":"ImageObject","inLanguage":"fr-FR","@id":"https:\/\/optimate1.com\/#\/schema\/logo\/image\/","url":"https:\/\/optimate1.com\/wp-content\/uploads\/2021\/06\/optimate-hpbc-stacklogo.jpg","contentUrl":"https:\/\/optimate1.com\/wp-content\/uploads\/2021\/06\/optimate-hpbc-stacklogo.jpg","width":1025,"height":529,"caption":"OptiMate"},"image":{"@id":"https:\/\/optimate1.com\/#\/schema\/logo\/image\/"},"sameAs":["https:\/\/www.facebook.com\/OptiMatebatterysavingcharger\/"]}]}},"_links":{"self":[{"href":"https:\/\/optimate1.com\/fr\/wp-json\/wp\/v2\/product\/9583","targetHints":{"allow":["GET"]}}],"collection":[{"href":"https:\/\/optimate1.com\/fr\/wp-json\/wp\/v2\/product"}],"about":[{"href":"https:\/\/optimate1.com\/fr\/wp-json\/wp\/v2\/types\/product"}],"wp:featuredmedia":[{"embeddable":true,"href":"https:\/\/optimate1.com\/fr\/wp-json\/wp\/v2\/media\/4927"}],"wp:attachment":[{"href":"https:\/\/optimate1.com\/fr\/wp-json\/wp\/v2\/media?parent=9583"}],"wp:term":[{"taxonomy":"product_brand","embeddable":true,"href":"https:\/\/optimate1.com\/fr\/wp-json\/wp\/v2\/product_brand?post=9583"},{"taxonomy":"product_cat","embeddable":true,"href":"https:\/\/optimate1.com\/fr\/wp-json\/wp\/v2\/product_cat?post=9583"},{"taxonomy":"product_tag","embeddable":true,"href":"https:\/\/optimate1.com\/fr\/wp-json\/wp\/v2\/product_tag?post=9583"}],"curies":[{"name":"wp","href":"https:\/\/api.w.org\/{rel}","templated":true}]}}