{"id":9685,"date":"2019-06-17T16:18:23","date_gmt":"2019-06-17T20:18:23","guid":{"rendered":"https:\/\/optimate1.com\/product\/optimate-cable-o-08s\/"},"modified":"2022-12-23T08:17:04","modified_gmt":"2022-12-23T13:17:04","slug":"optimate-cable-o-08s","status":"publish","type":"product","link":"https:\/\/optimate1.com\/fr\/produit\/optimate-cable-o-08s\/","title":{"rendered":"OptiMate CABLE O-08s"},"content":{"rendered":"<h3>Prise MOTO DIN r\u00e9sistante aux intemp\u00e9ries<\/h3>\n<ul>\n<li><span style=\"color: #10069f;\"><b>Adapt\u00e9e aux BMW, Triumph, Victory, certaines motos Honda Gold Wing et certains quads John Deere.<\/b><\/span><\/li>\n<li><span style=\"color: #10069f;\"><b>Connecteur 2 broches avec \u00e9crou d&#8217;\u00e9tanch\u00e9it\u00e9<\/b><\/span><\/li>\n<li><span style=\"color: #10069f;\"><b>Avec fiche \u00e9tanche en caoutchouc s\u00e9curis\u00e9e<\/b><\/span><\/li>\n<li><span style=\"color: #10069f;\"><b>Connexion solide et verrouill\u00e9e aux appareils<\/b><\/span><\/li>\n<li><span style=\"color: #10069f;\"><b>Orifice d&#8217;\u00e9coulement<br \/>\n<\/b><\/span><\/li>\n<\/ul>\n<div class=\"woocommerce-product-details__short-description\">\n<p>&nbsp;<\/p>\n<\/div>\n","protected":false},"excerpt":{"rendered":"<p>Prise MOTO DIN r\u00e9sistante aux intemp\u00e9ries Adapt\u00e9e aux BMW, Triumph, Victory, certaines motos Honda Gold Wing et certains quads John Deere. Connecteur 2 broches avec \u00e9crou d&#8217;\u00e9tanch\u00e9it\u00e9 Avec fiche \u00e9tanche en caoutchouc s\u00e9curis\u00e9e Connexion solide et verrouill\u00e9e aux appareils Orifice d&#8217;\u00e9coulement &nbsp;<\/p>\n","protected":false},"featured_media":0,"template":"","meta":[],"product_brand":[],"product_cat":[2246,1058,2245],"product_tag":[],"class_list":{"0":"post-9685","1":"product","2":"type-product","3":"status-publish","5":"product_cat-accessories-fr","6":"product_cat-cablesconnectors-fr","7":"product_cat-marine-fr","8":"pa_cable-type-d12mm-bike-socket-fr","9":"pa_connector-type-d12mm-bike-hella-fr","10":"pa_region-ca-fr","11":"pa_region-eu-fr-2","12":"pa_region-uk-fr-2","13":"pa_region-us-fr-2","14":"iside_connector_type-d12mm-bike-hella-fr","15":"thunk-woo-product-list","16":"opn-qv-enable","17":"big-store-woo-hover-","18":"open-single-product-tab-horizontal","19":"open-shadow-","20":"open-shadow-hover-","22":"first","23":"instock","24":"featured","25":"shipping-taxable","26":"purchasable","27":"product-type-simple"},"yoast_head":"<!-- This site is optimized with the Yoast SEO plugin v27.2 - https:\/\/yoast.com\/product\/yoast-seo-wordpress\/ -->\n<title>OptiMate CABLE O-08s - OptiMate<\/title>\n<meta name=\"robots\" content=\"index, follow, max-snippet:-1, max-image-preview:large, max-video-preview:-1, noarchive\" \/>\n<link rel=\"canonical\" href=\"https:\/\/optimate1.com\/?post_type=product&p=5984\" \/>\n<meta property=\"og:locale\" content=\"fr_FR\" \/>\n<meta property=\"og:type\" content=\"article\" \/>\n<meta property=\"og:title\" content=\"OptiMate CABLE O-08s - OptiMate\" \/>\n<meta property=\"og:description\" content=\"Prise MOTO DIN r\u00e9sistante aux intemp\u00e9ries Adapt\u00e9e aux BMW, Triumph, Victory, certaines motos Honda Gold Wing et certains quads John Deere. Connecteur 2 broches avec \u00e9crou d&#8217;\u00e9tanch\u00e9it\u00e9 Avec fiche \u00e9tanche en caoutchouc s\u00e9curis\u00e9e Connexion solide et verrouill\u00e9e aux appareils Orifice d&#8217;\u00e9coulement &nbsp;\" \/>\n<meta property=\"og:url\" content=\"https:\/\/optimate1.com\/?post_type=product&amp;p=5984\" \/>\n<meta property=\"og:site_name\" content=\"OptiMate\" \/>\n<meta property=\"article:publisher\" content=\"https:\/\/www.facebook.com\/OptiMatebatterysavingcharger\/\" \/>\n<meta property=\"article:modified_time\" content=\"2022-12-23T13:17:04+00:00\" \/>\n<meta property=\"og:image\" content=\"https:\/\/optimate1.com\/wp-content\/uploads\/2019\/06\/O08s-2.png\" \/>\n\t<meta property=\"og:image:width\" content=\"900\" \/>\n\t<meta property=\"og:image:height\" content=\"900\" \/>\n\t<meta property=\"og:image:type\" content=\"image\/png\" \/>\n<meta name=\"twitter:card\" content=\"summary_large_image\" \/>\n<meta name=\"twitter:label1\" content=\"Dur\u00e9e de lecture estim\u00e9e\" \/>\n\t<meta name=\"twitter:data1\" content=\"1 minute\" \/>\n<script type=\"application\/ld+json\" class=\"yoast-schema-graph\">{\"@context\":\"https:\/\/schema.org\",\"@graph\":[{\"@type\":\"WebPage\",\"@id\":\"https:\/\/optimate1.com\/?post_type=product&p=5984\",\"url\":\"https:\/\/optimate1.com\/?post_type=product&p=5984\",\"name\":\"OptiMate CABLE O-08s - OptiMate\",\"isPartOf\":{\"@id\":\"https:\/\/optimate1.com\/#website\"},\"datePublished\":\"2019-06-17T20:18:23+00:00\",\"dateModified\":\"2022-12-23T13:17:04+00:00\",\"breadcrumb\":{\"@id\":\"https:\/\/optimate1.com\/?post_type=product&p=5984#breadcrumb\"},\"inLanguage\":\"fr-FR\",\"potentialAction\":[{\"@type\":\"ReadAction\",\"target\":[\"https:\/\/optimate1.com\/?post_type=product&p=5984\"]}]},{\"@type\":\"BreadcrumbList\",\"@id\":\"https:\/\/optimate1.com\/?post_type=product&p=5984#breadcrumb\",\"itemListElement\":[{\"@type\":\"ListItem\",\"position\":1,\"name\":\"Home\",\"item\":\"https:\/\/optimate1.com\/\"},{\"@type\":\"ListItem\",\"position\":2,\"name\":\"Produits\",\"item\":\"https:\/\/optimate1.com\/shop\/\"},{\"@type\":\"ListItem\",\"position\":3,\"name\":\"OptiMate CABLE O-08s\"}]},{\"@type\":\"WebSite\",\"@id\":\"https:\/\/optimate1.com\/#website\",\"url\":\"https:\/\/optimate1.com\/\",\"name\":\"OptiMate\",\"description\":\"Battery Chargers &amp; Accessories\",\"publisher\":{\"@id\":\"https:\/\/optimate1.com\/#organization\"},\"potentialAction\":[{\"@type\":\"SearchAction\",\"target\":{\"@type\":\"EntryPoint\",\"urlTemplate\":\"https:\/\/optimate1.com\/?s={search_term_string}\"},\"query-input\":{\"@type\":\"PropertyValueSpecification\",\"valueRequired\":true,\"valueName\":\"search_term_string\"}}],\"inLanguage\":\"fr-FR\"},{\"@type\":\"Organization\",\"@id\":\"https:\/\/optimate1.com\/#organization\",\"name\":\"OptiMate\",\"url\":\"https:\/\/optimate1.com\/\",\"logo\":{\"@type\":\"ImageObject\",\"inLanguage\":\"fr-FR\",\"@id\":\"https:\/\/optimate1.com\/#\/schema\/logo\/image\/\",\"url\":\"https:\/\/optimate1.com\/wp-content\/uploads\/2021\/06\/optimate-hpbc-stacklogo.jpg\",\"contentUrl\":\"https:\/\/optimate1.com\/wp-content\/uploads\/2021\/06\/optimate-hpbc-stacklogo.jpg\",\"width\":1025,\"height\":529,\"caption\":\"OptiMate\"},\"image\":{\"@id\":\"https:\/\/optimate1.com\/#\/schema\/logo\/image\/\"},\"sameAs\":[\"https:\/\/www.facebook.com\/OptiMatebatterysavingcharger\/\"]}]}<\/script>\n<!-- \/ Yoast SEO plugin. -->","yoast_head_json":{"title":"OptiMate CABLE O-08s - OptiMate","robots":{"index":"index","follow":"follow","max-snippet":"max-snippet:-1","max-image-preview":"max-image-preview:large","max-video-preview":"max-video-preview:-1","archive":"noarchive"},"canonical":"https:\/\/optimate1.com\/?post_type=product&p=5984","og_locale":"fr_FR","og_type":"article","og_title":"OptiMate CABLE O-08s - OptiMate","og_description":"Prise MOTO DIN r\u00e9sistante aux intemp\u00e9ries Adapt\u00e9e aux BMW, Triumph, Victory, certaines motos Honda Gold Wing et certains quads John Deere. Connecteur 2 broches avec \u00e9crou d&#8217;\u00e9tanch\u00e9it\u00e9 Avec fiche \u00e9tanche en caoutchouc s\u00e9curis\u00e9e Connexion solide et verrouill\u00e9e aux appareils Orifice d&#8217;\u00e9coulement &nbsp;","og_url":"https:\/\/optimate1.com\/?post_type=product&p=5984","og_site_name":"OptiMate","article_publisher":"https:\/\/www.facebook.com\/OptiMatebatterysavingcharger\/","article_modified_time":"2022-12-23T13:17:04+00:00","og_image":[{"width":900,"height":900,"url":"https:\/\/optimate1.com\/wp-content\/uploads\/2019\/06\/O08s-2.png","type":"image\/png"}],"twitter_card":"summary_large_image","twitter_misc":{"Dur\u00e9e de lecture estim\u00e9e":"1 minute"},"schema":{"@context":"https:\/\/schema.org","@graph":[{"@type":"WebPage","@id":"https:\/\/optimate1.com\/?post_type=product&p=5984","url":"https:\/\/optimate1.com\/?post_type=product&p=5984","name":"OptiMate CABLE O-08s - OptiMate","isPartOf":{"@id":"https:\/\/optimate1.com\/#website"},"datePublished":"2019-06-17T20:18:23+00:00","dateModified":"2022-12-23T13:17:04+00:00","breadcrumb":{"@id":"https:\/\/optimate1.com\/?post_type=product&p=5984#breadcrumb"},"inLanguage":"fr-FR","potentialAction":[{"@type":"ReadAction","target":["https:\/\/optimate1.com\/?post_type=product&p=5984"]}]},{"@type":"BreadcrumbList","@id":"https:\/\/optimate1.com\/?post_type=product&p=5984#breadcrumb","itemListElement":[{"@type":"ListItem","position":1,"name":"Home","item":"https:\/\/optimate1.com\/"},{"@type":"ListItem","position":2,"name":"Produits","item":"https:\/\/optimate1.com\/shop\/"},{"@type":"ListItem","position":3,"name":"OptiMate CABLE O-08s"}]},{"@type":"WebSite","@id":"https:\/\/optimate1.com\/#website","url":"https:\/\/optimate1.com\/","name":"OptiMate","description":"Battery Chargers &amp; Accessories","publisher":{"@id":"https:\/\/optimate1.com\/#organization"},"potentialAction":[{"@type":"SearchAction","target":{"@type":"EntryPoint","urlTemplate":"https:\/\/optimate1.com\/?s={search_term_string}"},"query-input":{"@type":"PropertyValueSpecification","valueRequired":true,"valueName":"search_term_string"}}],"inLanguage":"fr-FR"},{"@type":"Organization","@id":"https:\/\/optimate1.com\/#organization","name":"OptiMate","url":"https:\/\/optimate1.com\/","logo":{"@type":"ImageObject","inLanguage":"fr-FR","@id":"https:\/\/optimate1.com\/#\/schema\/logo\/image\/","url":"https:\/\/optimate1.com\/wp-content\/uploads\/2021\/06\/optimate-hpbc-stacklogo.jpg","contentUrl":"https:\/\/optimate1.com\/wp-content\/uploads\/2021\/06\/optimate-hpbc-stacklogo.jpg","width":1025,"height":529,"caption":"OptiMate"},"image":{"@id":"https:\/\/optimate1.com\/#\/schema\/logo\/image\/"},"sameAs":["https:\/\/www.facebook.com\/OptiMatebatterysavingcharger\/"]}]}},"_links":{"self":[{"href":"https:\/\/optimate1.com\/fr\/wp-json\/wp\/v2\/product\/9685","targetHints":{"allow":["GET"]}}],"collection":[{"href":"https:\/\/optimate1.com\/fr\/wp-json\/wp\/v2\/product"}],"about":[{"href":"https:\/\/optimate1.com\/fr\/wp-json\/wp\/v2\/types\/product"}],"wp:attachment":[{"href":"https:\/\/optimate1.com\/fr\/wp-json\/wp\/v2\/media?parent=9685"}],"wp:term":[{"taxonomy":"product_brand","embeddable":true,"href":"https:\/\/optimate1.com\/fr\/wp-json\/wp\/v2\/product_brand?post=9685"},{"taxonomy":"product_cat","embeddable":true,"href":"https:\/\/optimate1.com\/fr\/wp-json\/wp\/v2\/product_cat?post=9685"},{"taxonomy":"product_tag","embeddable":true,"href":"https:\/\/optimate1.com\/fr\/wp-json\/wp\/v2\/product_tag?post=9685"}],"curies":[{"name":"wp","href":"https:\/\/api.w.org\/{rel}","templated":true}]}}