{"id":9690,"date":"2019-06-17T16:25:31","date_gmt":"2019-06-17T20:25:31","guid":{"rendered":"https:\/\/optimate1.com\/product\/optimate-cable-o-18\/"},"modified":"2026-02-26T08:28:40","modified_gmt":"2026-02-26T13:28:40","slug":"optimate-cable-o-18","status":"publish","type":"product","link":"https:\/\/optimate1.com\/fr\/produit\/optimate-cable-o-18\/","title":{"rendered":"O-18 prise montage panneau \u00d818mm | DIN > SAE \/ cosses \u00e0 \u0153illet M6 | 7A max"},"content":{"rendered":"<div class=\"woocommerce-product-details__short-description\">\n<div class=\"woocommerce-product-details__short-description\">\n<div class=\"woocommerce-product-details__short-description\">\n<div class=\"woocommerce-product-details__short-description\">\n<h3 class=\"entry-summary hidden-phone\" style=\"text-align: center;\"><strong>Cr\u00e9ez une prise compacte 12V prot\u00e9g\u00e9e par un fusible sur votre v\u00e9hicule de sport motoris\u00e9!<\/strong><\/h3>\n<h6 style=\"text-align: center;\"><strong><span style=\"color: #10069f;\"><img loading=\"lazy\" decoding=\"async\" class=\"wp-image-20660 aligncenter\" src=\"https:\/\/optimate1.com\/wp-content\/uploads\/2023\/04\/O-08s-fits-copy-4.png\" alt=\"\" width=\"428\" height=\"100\" \/>Le kit comprend une prise DIN \u00e0 monter sur un panneau avec un fil qui s&#8217;accouple \u00e0 un fil de batterie \u00e0 fusible.<\/span><\/strong><\/h6>\n<h6 style=\"text-align: center;\"><img loading=\"lazy\" decoding=\"async\" class=\"aligncenter wp-image-20910\" src=\"https:\/\/optimate1.com\/wp-content\/uploads\/2023\/04\/O-18s-secure-locking-copy.png\" alt=\"\" width=\"528\" height=\"70\" \/><strong><span style=\"color: #10069f;\">Syst\u00e8me de connexion standard DIN4165 avec verrouillage positif <\/span><\/strong><span style=\"color: #10069f;\"><i>\u2013 la fiche ins\u00e9r\u00e9e reste connect\u00e9e m\u00eame en cas de fortes vibrations.<\/i><\/span><\/h6>\n<h6 style=\"text-align: center;\"><img loading=\"lazy\" decoding=\"async\" class=\"aligncenter wp-image-20910\" src=\"https:\/\/optimate1.com\/wp-content\/uploads\/2023\/04\/O-09-O-19-motorcycle-icon.png\" alt=\"\" width=\"528\" height=\"70\" \/><\/h6>\n<h6 style=\"text-align: center;\"><strong><span style=\"color: #10069f;\">Fonctionne avec les accessoires de c\u00e2ble OptiMate MOTO\/DIN ou n\u2019importe quel accessoire de prise DIN pour moto.<\/span><\/strong><\/h6>\n<h6 style=\"text-align: center;\"><img loading=\"lazy\" decoding=\"async\" class=\"aligncenter wp-image-20977\" src=\"https:\/\/optimate1.com\/wp-content\/uploads\/2023\/04\/hole-drill-info-copy-2.png\" alt=\"\" width=\"428\" height=\"70\" \/><\/h6>\n<h6 style=\"text-align: center;\"><strong><span style=\"color: #10069f;\">Montage : La prise s&#8217;ins\u00e8re dans un trou de \u00d818mm (11\/16&#8243;) sur un panneau ou un support.<\/span><\/strong><\/h6>\n<h6 style=\"text-align: center;\"><img loading=\"lazy\" decoding=\"async\" class=\"aligncenter wp-image-20977\" src=\"https:\/\/optimate1.com\/wp-content\/uploads\/2023\/04\/O-01-cable-copy.png\" alt=\"\" width=\"428\" height=\"70\" \/><strong><span style=\"color: #10069f;\">Raccordement \u00e0 la batterie : Les anneaux M6 (1\/4&#8243;) sont adapt\u00e9s pour toutes les batteries de sports motoris\u00e9s.<\/span><\/strong><\/h6>\n<h6 style=\"text-align: center;\"><img loading=\"lazy\" decoding=\"async\" class=\"aligncenter wp-image-20910\" src=\"https:\/\/optimate1.com\/wp-content\/uploads\/2023\/04\/O-18-premium-specifications-copy.png\" alt=\"\" width=\"528\" height=\"70\" \/><strong><span style=\"color: #10069f;\">Sp\u00e9cifications haut de gamme<\/span><\/strong><span style=\"color: #10069f;\"><i> \u2013 Prise DIN \u00d812mm avec un bouchon \u00e0 ressort, longueur totale de 100 cm (40&#8243;), c\u00e2ble r\u00e9sistant \u00e0 une temp\u00e9rature de -40\u00b0, courant nominal de 5A (7A max), fusible de 15A.<\/i><\/span><\/h6>\n<p>&nbsp;<\/p>\n<h4 style=\"text-align: center;\"><span style=\"text-decoration: underline;\"><strong>PLUS DE CARACT\u00c9RISTIQUES:<\/strong><\/span><\/h4>\n<p style=\"text-align: center;\">\n<table id=\"tablepress-333\" class=\"tablepress tablepress-id-333\">\n<tbody class=\"row-hover\">\n<tr class=\"row-1\">\n\t<td class=\"column-1\"><a href=\"\"><img loading=\"lazy\" decoding=\"async\" src=\"https:\/\/optimate1.com\/wp-content\/uploads\/2021\/11\/Inline-protection-against-dust-rain-01_X-copy.png\" alt=\"\" width=\"300\" height=\"50\" class=\"aligncenter size-medium wp-image-20982\" \/><\/a><body><h6><center>Capuchon vert suppl\u00e9mentaire pour identifier la pile au lithium.<\/center><\/h6><\/body><\/td>\n<\/tr>\n<tr class=\"row-2\">\n\t<td class=\"column-1\"><a href=\"\"><img loading=\"lazy\" decoding=\"async\" src=\"https:\/\/optimate1.com\/wp-content\/uploads\/2023\/03\/SPT-2.png\" alt=\"\" width=\"300\" height=\"40\" class=\"aligncenter size-medium wp-image-20993\" \/><\/a><body><h6><center>Isolation plus paise pour une meilleure protection.<\/body><\/h6><\/center><\/td>\n<\/tr>\n<tr class=\"row-3\">\n\t<td class=\"column-1\"><a href=\"\"><img loading=\"lazy\" decoding=\"async\" src=\"https:\/\/optimate1.com\/wp-content\/uploads\/2023\/03\/18AWG.png\" alt=\"\" width=\"300\" height=\"40\" class=\"aligncenter size-medium wp-image-21012\" \/><\/a><body><h6><center>Courant nominal: 5A ave. \/ 7A max.<\/body><\/h6><\/center><\/td>\n<\/tr>\n<tr class=\"row-4\">\n\t<td class=\"column-1\"><a href=\"\"><img loading=\"lazy\" decoding=\"async\" src=\"https:\/\/optimate1.com\/wp-content\/uploads\/2021\/11\/weather-icon-copy_600px-01.png\" alt=\"\" width=\"600\" height=\"40\" class=\"aligncenter size-medium wp-image-21012\" \/><\/a><body><h6><center>Con\u00e7us pour une temp\u00e9rature normale et une utilisation en ext\u00e9rieur.<\/body><\/h6><\/center><\/td>\n<\/tr>\n<\/tbody>\n<\/table>\n<!-- #tablepress-333 from cache --><\/p>\n<\/div>\n<\/div>\n<\/div>\n<\/div>\n","protected":false},"excerpt":{"rendered":"<h3><span style=\"color: #cd202c;\">Prise BIKE (DIN) vers bagues M6 (1\/4&#8243;), kit premium.<\/span><\/h3>\n","protected":false},"featured_media":6042,"template":"","meta":[],"product_brand":[],"product_cat":[2246,1058,2245],"product_tag":[],"class_list":{"0":"post-9690","1":"product","2":"type-product","3":"status-publish","4":"has-post-thumbnail","6":"product_cat-accessories-fr","7":"product_cat-cablesconnectors-fr","8":"product_cat-marine-fr","9":"pa_cable-type-d12mm-bike-socket-fr","10":"pa_connector-type-d12mm-bike-hella-fr","11":"pa_region-ca-fr","12":"pa_region-eu-fr-2","13":"pa_region-uk-fr-2","14":"pa_region-us-fr-2","15":"iside_cable_type-montage-sur-panneau-din-o12mm","16":"iside_connector_type-d12mm-bike-hella-fr","17":"thunk-woo-product-list","18":"opn-qv-enable","19":"big-store-woo-hover-","20":"open-single-product-tab-horizontal","21":"open-shadow-","22":"open-shadow-hover-","24":"first","25":"instock","26":"featured","27":"shipping-taxable","28":"purchasable","29":"product-type-simple"},"yoast_head":"<!-- This site is optimized with the Yoast SEO plugin v27.2 - https:\/\/yoast.com\/product\/yoast-seo-wordpress\/ -->\n<title>O-18 prise montage panneau \u00d818mm | DIN &gt; SAE \/ cosses \u00e0 \u0153illet M6 | 7A max - OptiMate<\/title>\n<meta name=\"description\" content=\"L&#039;OptiMate CABLE O-18 est un c\u00e2ble de connecteur DIN pour cr\u00e9er votre propre prise DIN avec capuchon \u00e0 ressort sur vos v\u00e9hicules. Cliquez ici!\" \/>\n<meta name=\"robots\" content=\"index, follow, max-snippet:-1, max-image-preview:large, max-video-preview:-1, noarchive\" \/>\n<link rel=\"canonical\" href=\"https:\/\/optimate1.com\/product\/cbleo-18\/\" \/>\n<meta property=\"og:locale\" content=\"fr_FR\" \/>\n<meta property=\"og:type\" content=\"article\" \/>\n<meta property=\"og:title\" content=\"O-18 prise montage panneau \u00d818mm | DIN &gt; SAE \/ cosses \u00e0 \u0153illet M6 | 7A max - OptiMate\" \/>\n<meta property=\"og:description\" content=\"L&#039;OptiMate CABLE O-18 est un c\u00e2ble de connecteur DIN pour cr\u00e9er votre propre prise DIN avec capuchon \u00e0 ressort sur vos v\u00e9hicules. Cliquez ici!\" \/>\n<meta property=\"og:url\" content=\"https:\/\/optimate1.com\/product\/cbleo-18\/\" \/>\n<meta property=\"og:site_name\" content=\"OptiMate\" \/>\n<meta property=\"article:publisher\" content=\"https:\/\/www.facebook.com\/OptiMatebatterysavingcharger\/\" \/>\n<meta property=\"article:modified_time\" content=\"2026-02-26T13:28:40+00:00\" \/>\n<meta property=\"og:image\" content=\"https:\/\/optimate1.com\/wp-content\/uploads\/2019\/06\/O18-0.png\" \/>\n\t<meta property=\"og:image:width\" content=\"900\" \/>\n\t<meta property=\"og:image:height\" content=\"900\" \/>\n\t<meta property=\"og:image:type\" content=\"image\/png\" \/>\n<meta name=\"twitter:card\" content=\"summary_large_image\" \/>\n<meta name=\"twitter:label1\" content=\"Dur\u00e9e de lecture estim\u00e9e\" \/>\n\t<meta name=\"twitter:data1\" content=\"2 minutes\" \/>\n<script type=\"application\/ld+json\" class=\"yoast-schema-graph\">{\"@context\":\"https:\/\/schema.org\",\"@graph\":[{\"@type\":\"WebPage\",\"@id\":\"https:\/\/optimate1.com\/product\/cbleo-18\/\",\"url\":\"https:\/\/optimate1.com\/product\/cbleo-18\/\",\"name\":\"O-18 prise montage panneau \u00d818mm | DIN > SAE \/ cosses \u00e0 \u0153illet M6 | 7A max - OptiMate\",\"isPartOf\":{\"@id\":\"https:\/\/optimate1.com\/#website\"},\"primaryImageOfPage\":{\"@id\":\"https:\/\/optimate1.com\/product\/cbleo-18\/#primaryimage\"},\"image\":{\"@id\":\"https:\/\/optimate1.com\/product\/cbleo-18\/#primaryimage\"},\"thumbnailUrl\":\"https:\/\/optimate1.com\/wp-content\/uploads\/2019\/06\/O18-0.png\",\"datePublished\":\"2019-06-17T20:25:31+00:00\",\"dateModified\":\"2026-02-26T13:28:40+00:00\",\"description\":\"L'OptiMate CABLE O-18 est un c\u00e2ble de connecteur DIN pour cr\u00e9er votre propre prise DIN avec capuchon \u00e0 ressort sur vos v\u00e9hicules. Cliquez ici!\",\"breadcrumb\":{\"@id\":\"https:\/\/optimate1.com\/product\/cbleo-18\/#breadcrumb\"},\"inLanguage\":\"fr-FR\",\"potentialAction\":[{\"@type\":\"ReadAction\",\"target\":[\"https:\/\/optimate1.com\/product\/cbleo-18\/\"]}]},{\"@type\":\"ImageObject\",\"inLanguage\":\"fr-FR\",\"@id\":\"https:\/\/optimate1.com\/product\/cbleo-18\/#primaryimage\",\"url\":\"https:\/\/optimate1.com\/wp-content\/uploads\/2019\/06\/O18-0.png\",\"contentUrl\":\"https:\/\/optimate1.com\/wp-content\/uploads\/2019\/06\/O18-0.png\",\"width\":900,\"height\":900,\"caption\":\"din connector cable product image\"},{\"@type\":\"BreadcrumbList\",\"@id\":\"https:\/\/optimate1.com\/product\/cbleo-18\/#breadcrumb\",\"itemListElement\":[{\"@type\":\"ListItem\",\"position\":1,\"name\":\"Home\",\"item\":\"https:\/\/optimate1.com\/\"},{\"@type\":\"ListItem\",\"position\":2,\"name\":\"Produits\",\"item\":\"https:\/\/optimate1.com\/shop\/\"},{\"@type\":\"ListItem\",\"position\":3,\"name\":\"OptiMate CABLE O-18\"}]},{\"@type\":\"WebSite\",\"@id\":\"https:\/\/optimate1.com\/#website\",\"url\":\"https:\/\/optimate1.com\/\",\"name\":\"OptiMate\",\"description\":\"Battery Chargers &amp; Accessories\",\"publisher\":{\"@id\":\"https:\/\/optimate1.com\/#organization\"},\"potentialAction\":[{\"@type\":\"SearchAction\",\"target\":{\"@type\":\"EntryPoint\",\"urlTemplate\":\"https:\/\/optimate1.com\/?s={search_term_string}\"},\"query-input\":{\"@type\":\"PropertyValueSpecification\",\"valueRequired\":true,\"valueName\":\"search_term_string\"}}],\"inLanguage\":\"fr-FR\"},{\"@type\":\"Organization\",\"@id\":\"https:\/\/optimate1.com\/#organization\",\"name\":\"OptiMate\",\"url\":\"https:\/\/optimate1.com\/\",\"logo\":{\"@type\":\"ImageObject\",\"inLanguage\":\"fr-FR\",\"@id\":\"https:\/\/optimate1.com\/#\/schema\/logo\/image\/\",\"url\":\"https:\/\/optimate1.com\/wp-content\/uploads\/2021\/06\/optimate-hpbc-stacklogo.jpg\",\"contentUrl\":\"https:\/\/optimate1.com\/wp-content\/uploads\/2021\/06\/optimate-hpbc-stacklogo.jpg\",\"width\":1025,\"height\":529,\"caption\":\"OptiMate\"},\"image\":{\"@id\":\"https:\/\/optimate1.com\/#\/schema\/logo\/image\/\"},\"sameAs\":[\"https:\/\/www.facebook.com\/OptiMatebatterysavingcharger\/\"]}]}<\/script>\n<!-- \/ Yoast SEO plugin. -->","yoast_head_json":{"title":"O-18 prise montage panneau \u00d818mm | DIN > SAE \/ cosses \u00e0 \u0153illet M6 | 7A max - OptiMate","description":"L'OptiMate CABLE O-18 est un c\u00e2ble de connecteur DIN pour cr\u00e9er votre propre prise DIN avec capuchon \u00e0 ressort sur vos v\u00e9hicules. Cliquez ici!","robots":{"index":"index","follow":"follow","max-snippet":"max-snippet:-1","max-image-preview":"max-image-preview:large","max-video-preview":"max-video-preview:-1","archive":"noarchive"},"canonical":"https:\/\/optimate1.com\/product\/cbleo-18\/","og_locale":"fr_FR","og_type":"article","og_title":"O-18 prise montage panneau \u00d818mm | DIN > SAE \/ cosses \u00e0 \u0153illet M6 | 7A max - OptiMate","og_description":"L'OptiMate CABLE O-18 est un c\u00e2ble de connecteur DIN pour cr\u00e9er votre propre prise DIN avec capuchon \u00e0 ressort sur vos v\u00e9hicules. Cliquez ici!","og_url":"https:\/\/optimate1.com\/product\/cbleo-18\/","og_site_name":"OptiMate","article_publisher":"https:\/\/www.facebook.com\/OptiMatebatterysavingcharger\/","article_modified_time":"2026-02-26T13:28:40+00:00","og_image":[{"width":900,"height":900,"url":"https:\/\/optimate1.com\/wp-content\/uploads\/2019\/06\/O18-0.png","type":"image\/png"}],"twitter_card":"summary_large_image","twitter_misc":{"Dur\u00e9e de lecture estim\u00e9e":"2 minutes"},"schema":{"@context":"https:\/\/schema.org","@graph":[{"@type":"WebPage","@id":"https:\/\/optimate1.com\/product\/cbleo-18\/","url":"https:\/\/optimate1.com\/product\/cbleo-18\/","name":"O-18 prise montage panneau \u00d818mm | DIN > SAE \/ cosses \u00e0 \u0153illet M6 | 7A max - OptiMate","isPartOf":{"@id":"https:\/\/optimate1.com\/#website"},"primaryImageOfPage":{"@id":"https:\/\/optimate1.com\/product\/cbleo-18\/#primaryimage"},"image":{"@id":"https:\/\/optimate1.com\/product\/cbleo-18\/#primaryimage"},"thumbnailUrl":"https:\/\/optimate1.com\/wp-content\/uploads\/2019\/06\/O18-0.png","datePublished":"2019-06-17T20:25:31+00:00","dateModified":"2026-02-26T13:28:40+00:00","description":"L'OptiMate CABLE O-18 est un c\u00e2ble de connecteur DIN pour cr\u00e9er votre propre prise DIN avec capuchon \u00e0 ressort sur vos v\u00e9hicules. Cliquez ici!","breadcrumb":{"@id":"https:\/\/optimate1.com\/product\/cbleo-18\/#breadcrumb"},"inLanguage":"fr-FR","potentialAction":[{"@type":"ReadAction","target":["https:\/\/optimate1.com\/product\/cbleo-18\/"]}]},{"@type":"ImageObject","inLanguage":"fr-FR","@id":"https:\/\/optimate1.com\/product\/cbleo-18\/#primaryimage","url":"https:\/\/optimate1.com\/wp-content\/uploads\/2019\/06\/O18-0.png","contentUrl":"https:\/\/optimate1.com\/wp-content\/uploads\/2019\/06\/O18-0.png","width":900,"height":900,"caption":"din connector cable product image"},{"@type":"BreadcrumbList","@id":"https:\/\/optimate1.com\/product\/cbleo-18\/#breadcrumb","itemListElement":[{"@type":"ListItem","position":1,"name":"Home","item":"https:\/\/optimate1.com\/"},{"@type":"ListItem","position":2,"name":"Produits","item":"https:\/\/optimate1.com\/shop\/"},{"@type":"ListItem","position":3,"name":"OptiMate CABLE O-18"}]},{"@type":"WebSite","@id":"https:\/\/optimate1.com\/#website","url":"https:\/\/optimate1.com\/","name":"OptiMate","description":"Battery Chargers &amp; Accessories","publisher":{"@id":"https:\/\/optimate1.com\/#organization"},"potentialAction":[{"@type":"SearchAction","target":{"@type":"EntryPoint","urlTemplate":"https:\/\/optimate1.com\/?s={search_term_string}"},"query-input":{"@type":"PropertyValueSpecification","valueRequired":true,"valueName":"search_term_string"}}],"inLanguage":"fr-FR"},{"@type":"Organization","@id":"https:\/\/optimate1.com\/#organization","name":"OptiMate","url":"https:\/\/optimate1.com\/","logo":{"@type":"ImageObject","inLanguage":"fr-FR","@id":"https:\/\/optimate1.com\/#\/schema\/logo\/image\/","url":"https:\/\/optimate1.com\/wp-content\/uploads\/2021\/06\/optimate-hpbc-stacklogo.jpg","contentUrl":"https:\/\/optimate1.com\/wp-content\/uploads\/2021\/06\/optimate-hpbc-stacklogo.jpg","width":1025,"height":529,"caption":"OptiMate"},"image":{"@id":"https:\/\/optimate1.com\/#\/schema\/logo\/image\/"},"sameAs":["https:\/\/www.facebook.com\/OptiMatebatterysavingcharger\/"]}]}},"_links":{"self":[{"href":"https:\/\/optimate1.com\/fr\/wp-json\/wp\/v2\/product\/9690","targetHints":{"allow":["GET"]}}],"collection":[{"href":"https:\/\/optimate1.com\/fr\/wp-json\/wp\/v2\/product"}],"about":[{"href":"https:\/\/optimate1.com\/fr\/wp-json\/wp\/v2\/types\/product"}],"wp:featuredmedia":[{"embeddable":true,"href":"https:\/\/optimate1.com\/fr\/wp-json\/wp\/v2\/media\/6042"}],"wp:attachment":[{"href":"https:\/\/optimate1.com\/fr\/wp-json\/wp\/v2\/media?parent=9690"}],"wp:term":[{"taxonomy":"product_brand","embeddable":true,"href":"https:\/\/optimate1.com\/fr\/wp-json\/wp\/v2\/product_brand?post=9690"},{"taxonomy":"product_cat","embeddable":true,"href":"https:\/\/optimate1.com\/fr\/wp-json\/wp\/v2\/product_cat?post=9690"},{"taxonomy":"product_tag","embeddable":true,"href":"https:\/\/optimate1.com\/fr\/wp-json\/wp\/v2\/product_tag?post=9690"}],"curies":[{"name":"wp","href":"https:\/\/api.w.org\/{rel}","templated":true}]}}