{"id":9839,"date":"2019-06-18T14:52:22","date_gmt":"2019-06-18T18:52:22","guid":{"rendered":"https:\/\/optimate1.com\/product\/optimate-monitor-o-128\/"},"modified":"2023-01-10T08:11:03","modified_gmt":"2023-01-10T13:11:03","slug":"optimate-monitor-o-128","status":"publish","type":"product","link":"https:\/\/optimate1.com\/fr\/produit\/optimate-monitor-o-128\/","title":{"rendered":"OptiMate MONITOR O-128"},"content":{"rendered":"<h3 class=\"entry-summary hidden-phone\">Long c\u00e2ble de batterie r\u00e9sistant aux intemp\u00e9ries avec contr\u00f4le de l&#8217;\u00e9tat de charge pour la batterie plomb-acide 12V de votre voiture, pick-up, bateau ou v\u00e9hicule de sport motoris\u00e9 parqu\u00e9<em> &#8211; \u00c9tat de la batterie 24-7, en un clignotement de LED !\u00a0<\/em><\/h3>\n<ul>\n<li><span style=\"color: #10069f;\"><b>Plus long 100 cm \/ 40&#8243; de longueur avec des \u0153illets M8 \/ 5\/16&#8243; \u2033 qui s&#8217;adaptent \u00e0 une vari\u00e9t\u00e9 de bornes de batterie, avec un fusible 15A qui prot\u00e8ge le c\u00e2ble et l&#8217;\u00e9lectronique r\u00e9sistants ) -40<em> &#8211; Qualit\u00e9 Premium !\u00a0<\/em><\/b><\/span><\/li>\n<li><span style=\"color: #10069f;\"><b>Moniteur \u00e9tanche avec 4 LED indiquant l&#8217;\u00e9tat de charge de la batterie de pleine \u00e0 vide pour les batteries plomb-acide 12V (AGM, GEL ou STD) <em>&#8211; La LED correspondant au niveau de charge clignote toutes les 3 secondes.\u00a0<\/em><\/b><\/span><\/li>\n<li><span style=\"color: #10069f;\"><b>Port de charge SAE \u00e0 connexion rapide pour charger la batterie en cas de besoin &#8211; <em>Avec bouchon \u00e9tanche r\u00e9sistant aux intemp\u00e9ries lorsque le v\u00e9hicule est en mouvement !\u00a0<\/em><\/b><\/span><\/li>\n<li><span style=\"color: #10069f;\"><b>Affiche l&#8217;\u00e9tat du syst\u00e8me de charge lorsque le moteur tourne &#8211;<em> V\u00e9rification facile avant d\u00e9marrage, en un coup d&#8217;\u0153il, pour voir si la batterie re\u00e7oit la charge.\u00a0<\/em><br \/>\n<\/b><\/span><\/li>\n<\/ul>\n","protected":false},"excerpt":{"rendered":"<h3><span style=\"color: #cd202c;\">C\u00e2ble de batterie permanent avec contr\u00f4le du syst\u00e8me de charge\/de l&#8217;\u00e9tat de la batterie int\u00e9gr\u00e9 pour batterie plomb-acide 12V.<\/span><\/h3>\n","protected":false},"featured_media":7139,"template":"","meta":[],"product_brand":[],"product_cat":[2246,1058,2245,395],"product_tag":[],"class_list":{"0":"post-9839","1":"product","2":"type-product","3":"status-publish","4":"has-post-thumbnail","6":"product_cat-accessories-fr","7":"product_cat-cablesconnectors-fr","8":"product_cat-marine-fr","9":"product_cat-battery-testers-fr","10":"pa_cable-type-battery-lead-fr","11":"pa_cable-type-battery-lead-w-led-fr","12":"pa_cable-type-smart-led-monitor-fr","13":"pa_connector-type-ring-m8-5-16-fr","14":"pa_region-ca-fr","15":"pa_region-eu-fr-2","16":"pa_region-uk-fr-2","17":"pa_region-us-fr-2","18":"iside_cable_type-cable-de-batterie-avec-moniteur","19":"iside_cable_type-battery-lead-fr","20":"thunk-woo-product-list","21":"opn-qv-enable","22":"big-store-woo-hover-","23":"open-single-product-tab-horizontal","24":"open-shadow-","25":"open-shadow-hover-","27":"first","28":"instock","29":"featured","30":"shipping-taxable","31":"purchasable","32":"product-type-simple"},"yoast_head":"<!-- This site is optimized with the Yoast SEO plugin v27.2 - https:\/\/yoast.com\/product\/yoast-seo-wordpress\/ -->\n<title>OptiMate MONITOR O-128 - OptiMate<\/title>\n<meta name=\"robots\" content=\"index, follow, max-snippet:-1, max-image-preview:large, max-video-preview:-1\" \/>\n<link rel=\"canonical\" href=\"https:\/\/optimate1.com\/fr\/produit\/optimate-monitor-o-128\/\" \/>\n<meta property=\"og:locale\" content=\"fr_FR\" \/>\n<meta property=\"og:type\" content=\"article\" \/>\n<meta property=\"og:title\" content=\"OptiMate MONITOR O-128 - OptiMate\" \/>\n<meta property=\"og:description\" content=\"C\u00e2ble de batterie permanent avec contr\u00f4le du syst\u00e8me de charge\/de l&#039;\u00e9tat de la batterie int\u00e9gr\u00e9 pour batterie plomb-acide 12V.\" \/>\n<meta property=\"og:url\" content=\"https:\/\/optimate1.com\/fr\/produit\/optimate-monitor-o-128\/\" \/>\n<meta property=\"og:site_name\" content=\"OptiMate\" \/>\n<meta property=\"article:publisher\" content=\"https:\/\/www.facebook.com\/OptiMatebatterysavingcharger\/\" \/>\n<meta property=\"article:modified_time\" content=\"2023-01-10T13:11:03+00:00\" \/>\n<meta property=\"og:image\" content=\"https:\/\/optimate1.com\/wp-content\/uploads\/2026\/03\/OptiMate-High-Performance-Battery-chargers.jpg\" \/>\n\t<meta property=\"og:image:width\" content=\"1200\" \/>\n\t<meta property=\"og:image:height\" content=\"675\" \/>\n\t<meta property=\"og:image:type\" content=\"image\/jpeg\" \/>\n<meta name=\"twitter:card\" content=\"summary_large_image\" \/>\n<meta name=\"twitter:label1\" content=\"Dur\u00e9e de lecture estim\u00e9e\" \/>\n\t<meta name=\"twitter:data1\" content=\"1 minute\" \/>\n<script type=\"application\/ld+json\" class=\"yoast-schema-graph\">{\"@context\":\"https:\/\/schema.org\",\"@graph\":[{\"@type\":\"WebPage\",\"@id\":\"https:\/\/optimate1.com\/fr\/produit\/optimate-monitor-o-128\/\",\"url\":\"https:\/\/optimate1.com\/fr\/produit\/optimate-monitor-o-128\/\",\"name\":\"OptiMate MONITOR O-128 - OptiMate\",\"isPartOf\":{\"@id\":\"https:\/\/optimate1.com\/#website\"},\"primaryImageOfPage\":{\"@id\":\"https:\/\/optimate1.com\/fr\/produit\/optimate-monitor-o-128\/#primaryimage\"},\"image\":{\"@id\":\"https:\/\/optimate1.com\/fr\/produit\/optimate-monitor-o-128\/#primaryimage\"},\"thumbnailUrl\":\"https:\/\/optimate1.com\/wp-content\/uploads\/2019\/06\/O128-1.png\",\"datePublished\":\"2019-06-18T18:52:22+00:00\",\"dateModified\":\"2023-01-10T13:11:03+00:00\",\"breadcrumb\":{\"@id\":\"https:\/\/optimate1.com\/fr\/produit\/optimate-monitor-o-128\/#breadcrumb\"},\"inLanguage\":\"fr-FR\",\"potentialAction\":[{\"@type\":\"ReadAction\",\"target\":[\"https:\/\/optimate1.com\/fr\/produit\/optimate-monitor-o-128\/\"]}]},{\"@type\":\"ImageObject\",\"inLanguage\":\"fr-FR\",\"@id\":\"https:\/\/optimate1.com\/fr\/produit\/optimate-monitor-o-128\/#primaryimage\",\"url\":\"https:\/\/optimate1.com\/wp-content\/uploads\/2019\/06\/O128-1.png\",\"contentUrl\":\"https:\/\/optimate1.com\/wp-content\/uploads\/2019\/06\/O128-1.png\",\"width\":900,\"height\":900},{\"@type\":\"BreadcrumbList\",\"@id\":\"https:\/\/optimate1.com\/fr\/produit\/optimate-monitor-o-128\/#breadcrumb\",\"itemListElement\":[{\"@type\":\"ListItem\",\"position\":1,\"name\":\"Home\",\"item\":\"https:\/\/optimate1.com\/\"},{\"@type\":\"ListItem\",\"position\":2,\"name\":\"Produits\",\"item\":\"https:\/\/optimate1.com\/shop\/\"},{\"@type\":\"ListItem\",\"position\":3,\"name\":\"OptiMate MONITOR O-128\"}]},{\"@type\":\"WebSite\",\"@id\":\"https:\/\/optimate1.com\/#website\",\"url\":\"https:\/\/optimate1.com\/\",\"name\":\"OptiMate\",\"description\":\"Battery Chargers &amp; Accessories\",\"publisher\":{\"@id\":\"https:\/\/optimate1.com\/#organization\"},\"potentialAction\":[{\"@type\":\"SearchAction\",\"target\":{\"@type\":\"EntryPoint\",\"urlTemplate\":\"https:\/\/optimate1.com\/?s={search_term_string}\"},\"query-input\":{\"@type\":\"PropertyValueSpecification\",\"valueRequired\":true,\"valueName\":\"search_term_string\"}}],\"inLanguage\":\"fr-FR\"},{\"@type\":\"Organization\",\"@id\":\"https:\/\/optimate1.com\/#organization\",\"name\":\"OptiMate\",\"url\":\"https:\/\/optimate1.com\/\",\"logo\":{\"@type\":\"ImageObject\",\"inLanguage\":\"fr-FR\",\"@id\":\"https:\/\/optimate1.com\/#\/schema\/logo\/image\/\",\"url\":\"https:\/\/optimate1.com\/wp-content\/uploads\/2021\/06\/optimate-hpbc-stacklogo.jpg\",\"contentUrl\":\"https:\/\/optimate1.com\/wp-content\/uploads\/2021\/06\/optimate-hpbc-stacklogo.jpg\",\"width\":1025,\"height\":529,\"caption\":\"OptiMate\"},\"image\":{\"@id\":\"https:\/\/optimate1.com\/#\/schema\/logo\/image\/\"},\"sameAs\":[\"https:\/\/www.facebook.com\/OptiMatebatterysavingcharger\/\"]}]}<\/script>\n<!-- \/ Yoast SEO plugin. -->","yoast_head_json":{"title":"OptiMate MONITOR O-128 - OptiMate","robots":{"index":"index","follow":"follow","max-snippet":"max-snippet:-1","max-image-preview":"max-image-preview:large","max-video-preview":"max-video-preview:-1"},"canonical":"https:\/\/optimate1.com\/fr\/produit\/optimate-monitor-o-128\/","og_locale":"fr_FR","og_type":"article","og_title":"OptiMate MONITOR O-128 - OptiMate","og_description":"C\u00e2ble de batterie permanent avec contr\u00f4le du syst\u00e8me de charge\/de l'\u00e9tat de la batterie int\u00e9gr\u00e9 pour batterie plomb-acide 12V.","og_url":"https:\/\/optimate1.com\/fr\/produit\/optimate-monitor-o-128\/","og_site_name":"OptiMate","article_publisher":"https:\/\/www.facebook.com\/OptiMatebatterysavingcharger\/","article_modified_time":"2023-01-10T13:11:03+00:00","og_image":[{"width":1200,"height":675,"url":"https:\/\/optimate1.com\/wp-content\/uploads\/2026\/03\/OptiMate-High-Performance-Battery-chargers.jpg","type":"image\/jpeg"}],"twitter_card":"summary_large_image","twitter_misc":{"Dur\u00e9e de lecture estim\u00e9e":"1 minute"},"schema":{"@context":"https:\/\/schema.org","@graph":[{"@type":"WebPage","@id":"https:\/\/optimate1.com\/fr\/produit\/optimate-monitor-o-128\/","url":"https:\/\/optimate1.com\/fr\/produit\/optimate-monitor-o-128\/","name":"OptiMate MONITOR O-128 - OptiMate","isPartOf":{"@id":"https:\/\/optimate1.com\/#website"},"primaryImageOfPage":{"@id":"https:\/\/optimate1.com\/fr\/produit\/optimate-monitor-o-128\/#primaryimage"},"image":{"@id":"https:\/\/optimate1.com\/fr\/produit\/optimate-monitor-o-128\/#primaryimage"},"thumbnailUrl":"https:\/\/optimate1.com\/wp-content\/uploads\/2019\/06\/O128-1.png","datePublished":"2019-06-18T18:52:22+00:00","dateModified":"2023-01-10T13:11:03+00:00","breadcrumb":{"@id":"https:\/\/optimate1.com\/fr\/produit\/optimate-monitor-o-128\/#breadcrumb"},"inLanguage":"fr-FR","potentialAction":[{"@type":"ReadAction","target":["https:\/\/optimate1.com\/fr\/produit\/optimate-monitor-o-128\/"]}]},{"@type":"ImageObject","inLanguage":"fr-FR","@id":"https:\/\/optimate1.com\/fr\/produit\/optimate-monitor-o-128\/#primaryimage","url":"https:\/\/optimate1.com\/wp-content\/uploads\/2019\/06\/O128-1.png","contentUrl":"https:\/\/optimate1.com\/wp-content\/uploads\/2019\/06\/O128-1.png","width":900,"height":900},{"@type":"BreadcrumbList","@id":"https:\/\/optimate1.com\/fr\/produit\/optimate-monitor-o-128\/#breadcrumb","itemListElement":[{"@type":"ListItem","position":1,"name":"Home","item":"https:\/\/optimate1.com\/"},{"@type":"ListItem","position":2,"name":"Produits","item":"https:\/\/optimate1.com\/shop\/"},{"@type":"ListItem","position":3,"name":"OptiMate MONITOR O-128"}]},{"@type":"WebSite","@id":"https:\/\/optimate1.com\/#website","url":"https:\/\/optimate1.com\/","name":"OptiMate","description":"Battery Chargers &amp; Accessories","publisher":{"@id":"https:\/\/optimate1.com\/#organization"},"potentialAction":[{"@type":"SearchAction","target":{"@type":"EntryPoint","urlTemplate":"https:\/\/optimate1.com\/?s={search_term_string}"},"query-input":{"@type":"PropertyValueSpecification","valueRequired":true,"valueName":"search_term_string"}}],"inLanguage":"fr-FR"},{"@type":"Organization","@id":"https:\/\/optimate1.com\/#organization","name":"OptiMate","url":"https:\/\/optimate1.com\/","logo":{"@type":"ImageObject","inLanguage":"fr-FR","@id":"https:\/\/optimate1.com\/#\/schema\/logo\/image\/","url":"https:\/\/optimate1.com\/wp-content\/uploads\/2021\/06\/optimate-hpbc-stacklogo.jpg","contentUrl":"https:\/\/optimate1.com\/wp-content\/uploads\/2021\/06\/optimate-hpbc-stacklogo.jpg","width":1025,"height":529,"caption":"OptiMate"},"image":{"@id":"https:\/\/optimate1.com\/#\/schema\/logo\/image\/"},"sameAs":["https:\/\/www.facebook.com\/OptiMatebatterysavingcharger\/"]}]}},"_links":{"self":[{"href":"https:\/\/optimate1.com\/fr\/wp-json\/wp\/v2\/product\/9839","targetHints":{"allow":["GET"]}}],"collection":[{"href":"https:\/\/optimate1.com\/fr\/wp-json\/wp\/v2\/product"}],"about":[{"href":"https:\/\/optimate1.com\/fr\/wp-json\/wp\/v2\/types\/product"}],"wp:featuredmedia":[{"embeddable":true,"href":"https:\/\/optimate1.com\/fr\/wp-json\/wp\/v2\/media\/7139"}],"wp:attachment":[{"href":"https:\/\/optimate1.com\/fr\/wp-json\/wp\/v2\/media?parent=9839"}],"wp:term":[{"taxonomy":"product_brand","embeddable":true,"href":"https:\/\/optimate1.com\/fr\/wp-json\/wp\/v2\/product_brand?post=9839"},{"taxonomy":"product_cat","embeddable":true,"href":"https:\/\/optimate1.com\/fr\/wp-json\/wp\/v2\/product_cat?post=9839"},{"taxonomy":"product_tag","embeddable":true,"href":"https:\/\/optimate1.com\/fr\/wp-json\/wp\/v2\/product_tag?post=9839"}],"curies":[{"name":"wp","href":"https:\/\/api.w.org\/{rel}","templated":true}]}}