{"id":9864,"date":"2019-06-18T14:33:57","date_gmt":"2019-06-18T18:33:57","guid":{"rendered":"https:\/\/optimate1.com\/product\/optimate-led-o-126\/"},"modified":"2022-07-11T05:56:22","modified_gmt":"2022-07-11T09:56:22","slug":"optimate-led-o-126","status":"publish","type":"product","link":"https:\/\/optimate1.com\/fr\/produit\/optimate-led-o-126\/","title":{"rendered":"OptiMate MONITOR O-126"},"content":{"rendered":"<h3 class=\"entry-summary hidden-phone\">Adaptateur SAE \u00e0 prise AUTO 12V avec moniteur d&#8217;\u00e9tat de charge qui se branche directement sur le port d&#8217;alimentation 12V de votre moto, quad\/c\u00f4te-\u00e0-c\u00f4te, voiture, pick-up ou bateau <em>&#8211; Adaptateur avec \u00e9tat de la batterie 24-7, en un clignotement de LED !\u00a0<\/em><\/h3>\n<ul>\n<li><span style=\"color: #10069f;\"><b>La fiche se branche sur n&#8217;importe quelle prise \u00e9lectrique \/ allume cigare standard 12V \u00d821-22 mm \/ 7\/8&#8243; qui reste aliment\u00e9e \/ en fonction lorsque le contact est coup\u00e9, avec fusible 10A int\u00e9gr\u00e9 pour prot\u00e9ger l&#8217;\u00e9lectronique.\u00a0<\/b><\/span><\/li>\n<li><span style=\"color: #10069f;\"><b>Moniteur \u00e9tanche avec 4 LED indiquant l&#8217;\u00e9tat de charge de la batterie de pleine \u00e0 vide pour les batteries plomb-acide 12V (AGM, GEL ou STD) &#8211;<em> La LED correspondant au niveau de charge clignote toutes les 3 secondes.\u00a0<\/em><\/b><\/span><\/li>\n<li><span style=\"color: #10069f;\"><b>Port de charge SAE \u00e0 connexion rapide pour charger la batterie en cas de besoin &#8211; <em>avec bouchon \u00e9tanche r\u00e9sistant aux intemp\u00e9ries lorsque le v\u00e9hicule est en mouvement !\u00a0<\/em><\/b><\/span><\/li>\n<li><span style=\"color: #10069f;\"><b>Affiche l&#8217;\u00e9tat du syst\u00e8me de charge lorsque le moteur tourne &#8211; <em>V\u00e9rification facile avant d\u00e9marrage, en un coup d&#8217;\u0153il, pour voir si la batterie re\u00e7oit la charge.\u00a0<\/em><br \/>\n<\/b><\/span><\/li>\n<\/ul>\n<p>&nbsp;<\/p>\n","protected":false},"excerpt":{"rendered":"<h3><span style=\"color: #cd202c;\">Contr\u00f4le du syst\u00e8me de charge\/de l&#8217;\u00e9tat de la batterie pour batteries plomb-acide 12V, avec fiche AUTO.\u00a0<\/span><\/h3>\n","protected":false},"featured_media":7079,"template":"","meta":[],"product_brand":[],"product_cat":[2246,2245],"product_tag":[],"class_list":{"0":"post-9864","1":"product","2":"type-product","3":"status-publish","4":"has-post-thumbnail","6":"product_cat-accessories-fr","7":"product_cat-marine-fr","8":"pa_cable-type-d21mm-plug-adapter-fr","9":"pa_cable-type-smart-led-monitor-fr","10":"pa_connector-type-auto-fr","11":"pa_region-ca-fr","12":"pa_region-eu-fr-2","13":"pa_region-uk-fr-2","14":"pa_region-us-fr-2","15":"iside_cable_type-cable-de-batterie-avec-moniteur","16":"thunk-woo-product-list","17":"opn-qv-enable","18":"big-store-woo-hover-","19":"open-single-product-tab-horizontal","20":"open-shadow-","21":"open-shadow-hover-","23":"first","24":"instock","25":"featured","26":"shipping-taxable","27":"purchasable","28":"product-type-simple"},"yoast_head":"<!-- This site is optimized with the Yoast SEO plugin v27.2 - https:\/\/yoast.com\/product\/yoast-seo-wordpress\/ -->\n<title>OptiMate MONITOR O-126 - OptiMate<\/title>\n<meta name=\"robots\" content=\"index, follow, max-snippet:-1, max-image-preview:large, max-video-preview:-1, noarchive\" \/>\n<link rel=\"canonical\" href=\"https:\/\/optimate1.com\/fr\/produit\/optimate-led-o-126\/\" \/>\n<meta property=\"og:locale\" content=\"fr_FR\" \/>\n<meta property=\"og:type\" content=\"article\" \/>\n<meta property=\"og:title\" content=\"OptiMate MONITOR O-126 - OptiMate\" \/>\n<meta property=\"og:description\" content=\"Contr\u00f4le du syst\u00e8me de charge\/de l&#039;\u00e9tat de la batterie pour batteries plomb-acide 12V, avec fiche AUTO.\u00a0\" \/>\n<meta property=\"og:url\" content=\"https:\/\/optimate1.com\/fr\/produit\/optimate-led-o-126\/\" \/>\n<meta property=\"og:site_name\" content=\"OptiMate\" \/>\n<meta property=\"article:publisher\" content=\"https:\/\/www.facebook.com\/OptiMatebatterysavingcharger\/\" \/>\n<meta property=\"article:modified_time\" content=\"2022-07-11T09:56:22+00:00\" \/>\n<meta property=\"og:image\" content=\"https:\/\/optimate1.com\/wp-content\/uploads\/2026\/03\/OptiMate-High-Performance-Battery-chargers.jpg\" \/>\n\t<meta property=\"og:image:width\" content=\"1200\" \/>\n\t<meta property=\"og:image:height\" content=\"675\" \/>\n\t<meta property=\"og:image:type\" content=\"image\/jpeg\" \/>\n<meta name=\"twitter:card\" content=\"summary_large_image\" \/>\n<meta name=\"twitter:label1\" content=\"Dur\u00e9e de lecture estim\u00e9e\" \/>\n\t<meta name=\"twitter:data1\" content=\"1 minute\" \/>\n<script type=\"application\/ld+json\" class=\"yoast-schema-graph\">{\"@context\":\"https:\/\/schema.org\",\"@graph\":[{\"@type\":\"WebPage\",\"@id\":\"https:\/\/optimate1.com\/fr\/produit\/optimate-led-o-126\/\",\"url\":\"https:\/\/optimate1.com\/fr\/produit\/optimate-led-o-126\/\",\"name\":\"OptiMate MONITOR O-126 - OptiMate\",\"isPartOf\":{\"@id\":\"https:\/\/optimate1.com\/#website\"},\"primaryImageOfPage\":{\"@id\":\"https:\/\/optimate1.com\/fr\/produit\/optimate-led-o-126\/#primaryimage\"},\"image\":{\"@id\":\"https:\/\/optimate1.com\/fr\/produit\/optimate-led-o-126\/#primaryimage\"},\"thumbnailUrl\":\"https:\/\/optimate1.com\/wp-content\/uploads\/2019\/06\/O126-0.png\",\"datePublished\":\"2019-06-18T18:33:57+00:00\",\"dateModified\":\"2022-07-11T09:56:22+00:00\",\"breadcrumb\":{\"@id\":\"https:\/\/optimate1.com\/fr\/produit\/optimate-led-o-126\/#breadcrumb\"},\"inLanguage\":\"fr-FR\",\"potentialAction\":[{\"@type\":\"ReadAction\",\"target\":[\"https:\/\/optimate1.com\/fr\/produit\/optimate-led-o-126\/\"]}]},{\"@type\":\"ImageObject\",\"inLanguage\":\"fr-FR\",\"@id\":\"https:\/\/optimate1.com\/fr\/produit\/optimate-led-o-126\/#primaryimage\",\"url\":\"https:\/\/optimate1.com\/wp-content\/uploads\/2019\/06\/O126-0.png\",\"contentUrl\":\"https:\/\/optimate1.com\/wp-content\/uploads\/2019\/06\/O126-0.png\",\"width\":900,\"height\":900,\"caption\":\"sae to socket product image\"},{\"@type\":\"BreadcrumbList\",\"@id\":\"https:\/\/optimate1.com\/fr\/produit\/optimate-led-o-126\/#breadcrumb\",\"itemListElement\":[{\"@type\":\"ListItem\",\"position\":1,\"name\":\"Home\",\"item\":\"https:\/\/optimate1.com\/\"},{\"@type\":\"ListItem\",\"position\":2,\"name\":\"Produits\",\"item\":\"https:\/\/optimate1.com\/shop\/\"},{\"@type\":\"ListItem\",\"position\":3,\"name\":\"OptiMate MONITOR O-126\"}]},{\"@type\":\"WebSite\",\"@id\":\"https:\/\/optimate1.com\/#website\",\"url\":\"https:\/\/optimate1.com\/\",\"name\":\"OptiMate\",\"description\":\"Battery Chargers &amp; Accessories\",\"publisher\":{\"@id\":\"https:\/\/optimate1.com\/#organization\"},\"potentialAction\":[{\"@type\":\"SearchAction\",\"target\":{\"@type\":\"EntryPoint\",\"urlTemplate\":\"https:\/\/optimate1.com\/?s={search_term_string}\"},\"query-input\":{\"@type\":\"PropertyValueSpecification\",\"valueRequired\":true,\"valueName\":\"search_term_string\"}}],\"inLanguage\":\"fr-FR\"},{\"@type\":\"Organization\",\"@id\":\"https:\/\/optimate1.com\/#organization\",\"name\":\"OptiMate\",\"url\":\"https:\/\/optimate1.com\/\",\"logo\":{\"@type\":\"ImageObject\",\"inLanguage\":\"fr-FR\",\"@id\":\"https:\/\/optimate1.com\/#\/schema\/logo\/image\/\",\"url\":\"https:\/\/optimate1.com\/wp-content\/uploads\/2021\/06\/optimate-hpbc-stacklogo.jpg\",\"contentUrl\":\"https:\/\/optimate1.com\/wp-content\/uploads\/2021\/06\/optimate-hpbc-stacklogo.jpg\",\"width\":1025,\"height\":529,\"caption\":\"OptiMate\"},\"image\":{\"@id\":\"https:\/\/optimate1.com\/#\/schema\/logo\/image\/\"},\"sameAs\":[\"https:\/\/www.facebook.com\/OptiMatebatterysavingcharger\/\"]}]}<\/script>\n<!-- \/ Yoast SEO plugin. -->","yoast_head_json":{"title":"OptiMate MONITOR O-126 - OptiMate","robots":{"index":"index","follow":"follow","max-snippet":"max-snippet:-1","max-image-preview":"max-image-preview:large","max-video-preview":"max-video-preview:-1","archive":"noarchive"},"canonical":"https:\/\/optimate1.com\/fr\/produit\/optimate-led-o-126\/","og_locale":"fr_FR","og_type":"article","og_title":"OptiMate MONITOR O-126 - OptiMate","og_description":"Contr\u00f4le du syst\u00e8me de charge\/de l'\u00e9tat de la batterie pour batteries plomb-acide 12V, avec fiche AUTO.\u00a0","og_url":"https:\/\/optimate1.com\/fr\/produit\/optimate-led-o-126\/","og_site_name":"OptiMate","article_publisher":"https:\/\/www.facebook.com\/OptiMatebatterysavingcharger\/","article_modified_time":"2022-07-11T09:56:22+00:00","og_image":[{"width":1200,"height":675,"url":"https:\/\/optimate1.com\/wp-content\/uploads\/2026\/03\/OptiMate-High-Performance-Battery-chargers.jpg","type":"image\/jpeg"}],"twitter_card":"summary_large_image","twitter_misc":{"Dur\u00e9e de lecture estim\u00e9e":"1 minute"},"schema":{"@context":"https:\/\/schema.org","@graph":[{"@type":"WebPage","@id":"https:\/\/optimate1.com\/fr\/produit\/optimate-led-o-126\/","url":"https:\/\/optimate1.com\/fr\/produit\/optimate-led-o-126\/","name":"OptiMate MONITOR O-126 - OptiMate","isPartOf":{"@id":"https:\/\/optimate1.com\/#website"},"primaryImageOfPage":{"@id":"https:\/\/optimate1.com\/fr\/produit\/optimate-led-o-126\/#primaryimage"},"image":{"@id":"https:\/\/optimate1.com\/fr\/produit\/optimate-led-o-126\/#primaryimage"},"thumbnailUrl":"https:\/\/optimate1.com\/wp-content\/uploads\/2019\/06\/O126-0.png","datePublished":"2019-06-18T18:33:57+00:00","dateModified":"2022-07-11T09:56:22+00:00","breadcrumb":{"@id":"https:\/\/optimate1.com\/fr\/produit\/optimate-led-o-126\/#breadcrumb"},"inLanguage":"fr-FR","potentialAction":[{"@type":"ReadAction","target":["https:\/\/optimate1.com\/fr\/produit\/optimate-led-o-126\/"]}]},{"@type":"ImageObject","inLanguage":"fr-FR","@id":"https:\/\/optimate1.com\/fr\/produit\/optimate-led-o-126\/#primaryimage","url":"https:\/\/optimate1.com\/wp-content\/uploads\/2019\/06\/O126-0.png","contentUrl":"https:\/\/optimate1.com\/wp-content\/uploads\/2019\/06\/O126-0.png","width":900,"height":900,"caption":"sae to socket product image"},{"@type":"BreadcrumbList","@id":"https:\/\/optimate1.com\/fr\/produit\/optimate-led-o-126\/#breadcrumb","itemListElement":[{"@type":"ListItem","position":1,"name":"Home","item":"https:\/\/optimate1.com\/"},{"@type":"ListItem","position":2,"name":"Produits","item":"https:\/\/optimate1.com\/shop\/"},{"@type":"ListItem","position":3,"name":"OptiMate MONITOR O-126"}]},{"@type":"WebSite","@id":"https:\/\/optimate1.com\/#website","url":"https:\/\/optimate1.com\/","name":"OptiMate","description":"Battery Chargers &amp; Accessories","publisher":{"@id":"https:\/\/optimate1.com\/#organization"},"potentialAction":[{"@type":"SearchAction","target":{"@type":"EntryPoint","urlTemplate":"https:\/\/optimate1.com\/?s={search_term_string}"},"query-input":{"@type":"PropertyValueSpecification","valueRequired":true,"valueName":"search_term_string"}}],"inLanguage":"fr-FR"},{"@type":"Organization","@id":"https:\/\/optimate1.com\/#organization","name":"OptiMate","url":"https:\/\/optimate1.com\/","logo":{"@type":"ImageObject","inLanguage":"fr-FR","@id":"https:\/\/optimate1.com\/#\/schema\/logo\/image\/","url":"https:\/\/optimate1.com\/wp-content\/uploads\/2021\/06\/optimate-hpbc-stacklogo.jpg","contentUrl":"https:\/\/optimate1.com\/wp-content\/uploads\/2021\/06\/optimate-hpbc-stacklogo.jpg","width":1025,"height":529,"caption":"OptiMate"},"image":{"@id":"https:\/\/optimate1.com\/#\/schema\/logo\/image\/"},"sameAs":["https:\/\/www.facebook.com\/OptiMatebatterysavingcharger\/"]}]}},"_links":{"self":[{"href":"https:\/\/optimate1.com\/fr\/wp-json\/wp\/v2\/product\/9864","targetHints":{"allow":["GET"]}}],"collection":[{"href":"https:\/\/optimate1.com\/fr\/wp-json\/wp\/v2\/product"}],"about":[{"href":"https:\/\/optimate1.com\/fr\/wp-json\/wp\/v2\/types\/product"}],"wp:featuredmedia":[{"embeddable":true,"href":"https:\/\/optimate1.com\/fr\/wp-json\/wp\/v2\/media\/7079"}],"wp:attachment":[{"href":"https:\/\/optimate1.com\/fr\/wp-json\/wp\/v2\/media?parent=9864"}],"wp:term":[{"taxonomy":"product_brand","embeddable":true,"href":"https:\/\/optimate1.com\/fr\/wp-json\/wp\/v2\/product_brand?post=9864"},{"taxonomy":"product_cat","embeddable":true,"href":"https:\/\/optimate1.com\/fr\/wp-json\/wp\/v2\/product_cat?post=9864"},{"taxonomy":"product_tag","embeddable":true,"href":"https:\/\/optimate1.com\/fr\/wp-json\/wp\/v2\/product_tag?post=9864"}],"curies":[{"name":"wp","href":"https:\/\/api.w.org\/{rel}","templated":true}]}}