{"id":9905,"date":"2019-06-17T15:39:16","date_gmt":"2019-06-17T19:39:16","guid":{"rendered":"https:\/\/optimate1.com\/product\/optimate-cable-o-47\/"},"modified":"2026-02-26T08:07:16","modified_gmt":"2026-02-26T13:07:16","slug":"optimate-cable-o-47","status":"publish","type":"product","link":"https:\/\/optimate1.com\/fr\/produit\/optimate-cable-o-47\/","title":{"rendered":"O-47 adaptateur Ducati (<2020) | Duc-Euro4 > SAE | 5A max"},"content":{"rendered":"<h3 class=\"entry-summary hidden-phone\" style=\"text-align: center;\"><strong>Convertit le connecteur de diagnostic Ducati en un connecteur de chargeur de batterie OptiMate SAE.<\/strong><\/h3>\n<h6 style=\"text-align: center;\"><img loading=\"lazy\" decoding=\"async\" class=\"aligncenter wp-image-20910\" src=\"https:\/\/optimate1.com\/wp-content\/uploads\/2023\/05\/O77-feature-cable-length-1-copy-8.png\" alt=\"The Euro 5 cable fits Ducati models from 2021+ and European motorcycles 6 pin euro 5 diagnostic connectors\" width=\"428\" height=\"70\" \/><strong><span style=\"color: #10069f;\">Fonctionne sur tous les mod\u00e8les Ducati 2010 &#8211; 2019 sauf 848 &#8211; 848Evo &#8211; 1198SP.<\/span><\/strong><\/h6>\n<h6 style=\"text-align: center;\"><img loading=\"lazy\" decoding=\"async\" class=\"aligncenter wp-image-20977\" src=\"https:\/\/optimate1.com\/wp-content\/uploads\/2023\/05\/O47-cable-copy-3.png\" alt=\"The Euro 5 cable has a protected 7.5A ATO fuse.\" width=\"428\" height=\"70\" \/><strong><span style=\"color: #10069f;\">Con\u00e7u pour une charge &amp; un entretien de la batterie jusqu&#8217;\u00e0 3 amp\u00e8res <\/span><\/strong><span style=\"color: #10069f;\">\u2013 <\/span><span style=\"color: #10069f;\"><i>prot\u00e9g\u00e9 par un fusible de 7.5A.<\/i><\/span><\/h6>\n<h6 style=\"text-align: center;\"><img loading=\"lazy\" decoding=\"async\" class=\"aligncenter wp-image-20977\" src=\"https:\/\/optimate1.com\/wp-content\/uploads\/2023\/05\/O-47-OptiMate-3-copy.png\" alt=\"The Euro 5 cable has a protected 7.5A ATO fuse.\" width=\"428\" height=\"70\" \/><strong><span style=\"color: #10069f;\">Le connecteur robuste SAE d\u2019OptiMate fonctionne avec tous les connecteurs de chargeur de batterie SAE standard \u00e0 2 broches.<\/span><\/strong><\/h6>\n<h6 style=\"text-align: center;\"><strong><span style=\"color: #10069f;\"><img loading=\"lazy\" decoding=\"async\" class=\"aligncenter wp-image-20660\" src=\"https:\/\/optimate1.com\/wp-content\/uploads\/2023\/05\/cable-length-feature-copy-3-1.png\" alt=\"The euro 5 cable has a length of 40cm or 1.33ft\" width=\"428\" height=\"100\" \/><\/span><\/strong><\/h6>\n<h6 style=\"text-align: center;\"><strong><span style=\"color: #10069f;\">Sp\u00e9cifications haut de gamme <\/span><\/strong><span style=\"color: #10069f;\">\u2013 <\/span><span style=\"color: #10069f;\"><i>Longueur de 30 cm (12&#8243;), fusible de 7,5 A, courant nominal de 3A (5A max).<\/i><\/span><\/h6>\n<p>&nbsp;<\/p>\n<h4 style=\"text-align: center;\"><span style=\"text-decoration: underline;\"><strong>PLUS DE CARACT\u00c9RISTIQUES:<\/strong><\/span><\/h4>\n<p style=\"text-align: center;\">\n<table id=\"tablepress-395\" class=\"tablepress tablepress-id-395\">\n<tbody class=\"row-hover\">\n<tr class=\"row-1\">\n\t<td class=\"column-1\"><a href=\"\"><img loading=\"lazy\" decoding=\"async\" src=\"https:\/\/optimate1.com\/wp-content\/uploads\/2023\/05\/Inline-protection-against-dust-rain-copy-3.png\" alt=\"\" width=\"300\" height=\"50\" class=\"aligncenter size-medium wp-image-20982\" \/><\/a><body><h6><center>Le joint en caoutchouc prot\u00e8ge la connexion SAE.<\/center><\/h6><\/body><\/td>\n<\/tr>\n<tr class=\"row-2\">\n\t<td class=\"column-1\"><a href=\"\"><img loading=\"lazy\" decoding=\"async\" src=\"https:\/\/optimate1.com\/wp-content\/uploads\/2023\/03\/SPT-1-copy.png\" alt=\"\" width=\"300\" height=\"40\" class=\"aligncenter size-medium wp-image-20993\" \/><\/a><body><h6><center>Isolation plus \u00e9paisse pour une meilleure protection.<\/body><\/h6><\/center><\/td>\n<\/tr>\n<tr class=\"row-3\">\n\t<td class=\"column-1\"><a href=\"\"><img loading=\"lazy\" decoding=\"async\" src=\"https:\/\/optimate1.com\/wp-content\/uploads\/2023\/05\/18AWG.png\" alt=\"\" width=\"300\" height=\"40\" class=\"aligncenter size-medium wp-image-20993\" \/><\/a><body><h6><center>Courant nominal: 3A moyen. \/5A maximum.<\/body><\/h6><\/center><\/td>\n<\/tr>\n<tr class=\"row-4\">\n\t<td class=\"column-1\"><a href=\"\"><img loading=\"lazy\" decoding=\"async\" src=\"https:\/\/optimate1.com\/wp-content\/uploads\/2023\/03\/weather-icon-2-copy.png\" alt=\"\" width=\"600\" height=\"40\" class=\"aligncenter size-medium wp-image-21012\" \/><\/a><body><h6><center>Con\u00e7u pour une temp\u00e9rature normale et une utilisation en ext\u00e9rieur.<\/body><\/h6><\/center><\/td>\n<\/tr>\n<\/tbody>\n<\/table>\n<!-- #tablepress-395 from cache --><\/p>\n","protected":false},"excerpt":{"rendered":"<h3><span style=\"color: #ff0000;\"><span style=\"color: #cd202c;\">Adaptateur, Ducati vers SAE.<\/span> <\/span><\/h3>\n","protected":false},"featured_media":5823,"template":"","meta":[],"product_brand":[],"product_cat":[1058],"product_tag":[],"class_list":{"0":"post-9905","1":"product","2":"type-product","3":"status-publish","4":"has-post-thumbnail","6":"product_cat-cablesconnectors-fr","7":"pa_cable-type-ducati-adapter-fr","8":"pa_connector-type-motorcycle-fr","9":"pa_region-ca-fr","10":"pa_region-eu-fr-2","11":"pa_region-uk-fr-2","12":"pa_region-us-fr-2","13":"iside_cable_type-adaptateur-sae-vers-autre","14":"iside_connector_type-diagnostic-moto","15":"compatible_with-moto-ducati","16":"thunk-woo-product-list","17":"opn-qv-enable","18":"big-store-woo-hover-","19":"open-single-product-tab-horizontal","20":"open-shadow-","21":"open-shadow-hover-","23":"first","24":"instock","25":"featured","26":"shipping-taxable","27":"purchasable","28":"product-type-simple"},"yoast_head":"<!-- This site is optimized with the Yoast SEO plugin v27.2 - https:\/\/yoast.com\/product\/yoast-seo-wordpress\/ -->\n<title>O-47 adaptateur Ducati ( SAE | 5A max - OptiMate<\/title>\n<meta name=\"robots\" content=\"index, follow, max-snippet:-1, max-image-preview:large, max-video-preview:-1, noarchive\" \/>\n<link rel=\"canonical\" href=\"https:\/\/optimate1.com\/product\/cbleo-47\/\" \/>\n<meta property=\"og:locale\" content=\"fr_FR\" \/>\n<meta property=\"og:type\" content=\"article\" \/>\n<meta property=\"og:title\" content=\"O-47 adaptateur Ducati ( SAE | 5A max - OptiMate\" \/>\n<meta property=\"og:description\" content=\"Adaptateur, Ducati vers SAE.\" \/>\n<meta property=\"og:url\" content=\"https:\/\/optimate1.com\/product\/cbleo-47\/\" \/>\n<meta property=\"og:site_name\" content=\"OptiMate\" \/>\n<meta property=\"article:publisher\" content=\"https:\/\/www.facebook.com\/OptiMatebatterysavingcharger\/\" \/>\n<meta property=\"article:modified_time\" content=\"2026-02-26T13:07:16+00:00\" \/>\n<meta property=\"og:image\" content=\"https:\/\/optimate1.com\/wp-content\/uploads\/2019\/06\/O47-2.png\" \/>\n\t<meta property=\"og:image:width\" content=\"900\" \/>\n\t<meta property=\"og:image:height\" content=\"900\" \/>\n\t<meta property=\"og:image:type\" content=\"image\/png\" \/>\n<meta name=\"twitter:card\" content=\"summary_large_image\" \/>\n<meta name=\"twitter:label1\" content=\"Dur\u00e9e de lecture estim\u00e9e\" \/>\n\t<meta name=\"twitter:data1\" content=\"2 minutes\" \/>\n<script type=\"application\/ld+json\" class=\"yoast-schema-graph\">{\"@context\":\"https:\/\/schema.org\",\"@graph\":[{\"@type\":\"WebPage\",\"@id\":\"https:\/\/optimate1.com\/product\/cbleo-47\/\",\"url\":\"https:\/\/optimate1.com\/product\/cbleo-47\/\",\"name\":\"O-47 adaptateur Ducati ( SAE | 5A max - OptiMate\",\"isPartOf\":{\"@id\":\"https:\/\/optimate1.com\/#website\"},\"primaryImageOfPage\":{\"@id\":\"https:\/\/optimate1.com\/product\/cbleo-47\/#primaryimage\"},\"image\":{\"@id\":\"https:\/\/optimate1.com\/product\/cbleo-47\/#primaryimage\"},\"thumbnailUrl\":\"https:\/\/optimate1.com\/wp-content\/uploads\/2019\/06\/O47-2.png\",\"datePublished\":\"2019-06-17T19:39:16+00:00\",\"dateModified\":\"2026-02-26T13:07:16+00:00\",\"breadcrumb\":{\"@id\":\"https:\/\/optimate1.com\/product\/cbleo-47\/#breadcrumb\"},\"inLanguage\":\"fr-FR\",\"potentialAction\":[{\"@type\":\"ReadAction\",\"target\":[\"https:\/\/optimate1.com\/product\/cbleo-47\/\"]}]},{\"@type\":\"ImageObject\",\"inLanguage\":\"fr-FR\",\"@id\":\"https:\/\/optimate1.com\/product\/cbleo-47\/#primaryimage\",\"url\":\"https:\/\/optimate1.com\/wp-content\/uploads\/2019\/06\/O47-2.png\",\"contentUrl\":\"https:\/\/optimate1.com\/wp-content\/uploads\/2019\/06\/O47-2.png\",\"width\":900,\"height\":900,\"caption\":\"ducati to sae product image\"},{\"@type\":\"BreadcrumbList\",\"@id\":\"https:\/\/optimate1.com\/product\/cbleo-47\/#breadcrumb\",\"itemListElement\":[{\"@type\":\"ListItem\",\"position\":1,\"name\":\"Home\",\"item\":\"https:\/\/optimate1.com\/\"},{\"@type\":\"ListItem\",\"position\":2,\"name\":\"Produits\",\"item\":\"https:\/\/optimate1.com\/shop\/\"},{\"@type\":\"ListItem\",\"position\":3,\"name\":\"O-47 adaptateur Ducati ( SAE | 5A max\"}]},{\"@type\":\"WebSite\",\"@id\":\"https:\/\/optimate1.com\/#website\",\"url\":\"https:\/\/optimate1.com\/\",\"name\":\"OptiMate\",\"description\":\"Battery Chargers &amp; Accessories\",\"publisher\":{\"@id\":\"https:\/\/optimate1.com\/#organization\"},\"potentialAction\":[{\"@type\":\"SearchAction\",\"target\":{\"@type\":\"EntryPoint\",\"urlTemplate\":\"https:\/\/optimate1.com\/?s={search_term_string}\"},\"query-input\":{\"@type\":\"PropertyValueSpecification\",\"valueRequired\":true,\"valueName\":\"search_term_string\"}}],\"inLanguage\":\"fr-FR\"},{\"@type\":\"Organization\",\"@id\":\"https:\/\/optimate1.com\/#organization\",\"name\":\"OptiMate\",\"url\":\"https:\/\/optimate1.com\/\",\"logo\":{\"@type\":\"ImageObject\",\"inLanguage\":\"fr-FR\",\"@id\":\"https:\/\/optimate1.com\/#\/schema\/logo\/image\/\",\"url\":\"https:\/\/optimate1.com\/wp-content\/uploads\/2021\/06\/optimate-hpbc-stacklogo.jpg\",\"contentUrl\":\"https:\/\/optimate1.com\/wp-content\/uploads\/2021\/06\/optimate-hpbc-stacklogo.jpg\",\"width\":1025,\"height\":529,\"caption\":\"OptiMate\"},\"image\":{\"@id\":\"https:\/\/optimate1.com\/#\/schema\/logo\/image\/\"},\"sameAs\":[\"https:\/\/www.facebook.com\/OptiMatebatterysavingcharger\/\"]}]}<\/script>\n<!-- \/ Yoast SEO plugin. -->","yoast_head_json":{"title":"O-47 adaptateur Ducati ( SAE | 5A max - OptiMate","robots":{"index":"index","follow":"follow","max-snippet":"max-snippet:-1","max-image-preview":"max-image-preview:large","max-video-preview":"max-video-preview:-1","archive":"noarchive"},"canonical":"https:\/\/optimate1.com\/product\/cbleo-47\/","og_locale":"fr_FR","og_type":"article","og_title":"O-47 adaptateur Ducati ( SAE | 5A max - OptiMate","og_description":"Adaptateur, Ducati vers SAE.","og_url":"https:\/\/optimate1.com\/product\/cbleo-47\/","og_site_name":"OptiMate","article_publisher":"https:\/\/www.facebook.com\/OptiMatebatterysavingcharger\/","article_modified_time":"2026-02-26T13:07:16+00:00","og_image":[{"width":900,"height":900,"url":"https:\/\/optimate1.com\/wp-content\/uploads\/2019\/06\/O47-2.png","type":"image\/png"}],"twitter_card":"summary_large_image","twitter_misc":{"Dur\u00e9e de lecture estim\u00e9e":"2 minutes"},"schema":{"@context":"https:\/\/schema.org","@graph":[{"@type":"WebPage","@id":"https:\/\/optimate1.com\/product\/cbleo-47\/","url":"https:\/\/optimate1.com\/product\/cbleo-47\/","name":"O-47 adaptateur Ducati ( SAE | 5A max - OptiMate","isPartOf":{"@id":"https:\/\/optimate1.com\/#website"},"primaryImageOfPage":{"@id":"https:\/\/optimate1.com\/product\/cbleo-47\/#primaryimage"},"image":{"@id":"https:\/\/optimate1.com\/product\/cbleo-47\/#primaryimage"},"thumbnailUrl":"https:\/\/optimate1.com\/wp-content\/uploads\/2019\/06\/O47-2.png","datePublished":"2019-06-17T19:39:16+00:00","dateModified":"2026-02-26T13:07:16+00:00","breadcrumb":{"@id":"https:\/\/optimate1.com\/product\/cbleo-47\/#breadcrumb"},"inLanguage":"fr-FR","potentialAction":[{"@type":"ReadAction","target":["https:\/\/optimate1.com\/product\/cbleo-47\/"]}]},{"@type":"ImageObject","inLanguage":"fr-FR","@id":"https:\/\/optimate1.com\/product\/cbleo-47\/#primaryimage","url":"https:\/\/optimate1.com\/wp-content\/uploads\/2019\/06\/O47-2.png","contentUrl":"https:\/\/optimate1.com\/wp-content\/uploads\/2019\/06\/O47-2.png","width":900,"height":900,"caption":"ducati to sae product image"},{"@type":"BreadcrumbList","@id":"https:\/\/optimate1.com\/product\/cbleo-47\/#breadcrumb","itemListElement":[{"@type":"ListItem","position":1,"name":"Home","item":"https:\/\/optimate1.com\/"},{"@type":"ListItem","position":2,"name":"Produits","item":"https:\/\/optimate1.com\/shop\/"},{"@type":"ListItem","position":3,"name":"O-47 adaptateur Ducati ( SAE | 5A max"}]},{"@type":"WebSite","@id":"https:\/\/optimate1.com\/#website","url":"https:\/\/optimate1.com\/","name":"OptiMate","description":"Battery Chargers &amp; Accessories","publisher":{"@id":"https:\/\/optimate1.com\/#organization"},"potentialAction":[{"@type":"SearchAction","target":{"@type":"EntryPoint","urlTemplate":"https:\/\/optimate1.com\/?s={search_term_string}"},"query-input":{"@type":"PropertyValueSpecification","valueRequired":true,"valueName":"search_term_string"}}],"inLanguage":"fr-FR"},{"@type":"Organization","@id":"https:\/\/optimate1.com\/#organization","name":"OptiMate","url":"https:\/\/optimate1.com\/","logo":{"@type":"ImageObject","inLanguage":"fr-FR","@id":"https:\/\/optimate1.com\/#\/schema\/logo\/image\/","url":"https:\/\/optimate1.com\/wp-content\/uploads\/2021\/06\/optimate-hpbc-stacklogo.jpg","contentUrl":"https:\/\/optimate1.com\/wp-content\/uploads\/2021\/06\/optimate-hpbc-stacklogo.jpg","width":1025,"height":529,"caption":"OptiMate"},"image":{"@id":"https:\/\/optimate1.com\/#\/schema\/logo\/image\/"},"sameAs":["https:\/\/www.facebook.com\/OptiMatebatterysavingcharger\/"]}]}},"_links":{"self":[{"href":"https:\/\/optimate1.com\/fr\/wp-json\/wp\/v2\/product\/9905","targetHints":{"allow":["GET"]}}],"collection":[{"href":"https:\/\/optimate1.com\/fr\/wp-json\/wp\/v2\/product"}],"about":[{"href":"https:\/\/optimate1.com\/fr\/wp-json\/wp\/v2\/types\/product"}],"wp:featuredmedia":[{"embeddable":true,"href":"https:\/\/optimate1.com\/fr\/wp-json\/wp\/v2\/media\/5823"}],"wp:attachment":[{"href":"https:\/\/optimate1.com\/fr\/wp-json\/wp\/v2\/media?parent=9905"}],"wp:term":[{"taxonomy":"product_brand","embeddable":true,"href":"https:\/\/optimate1.com\/fr\/wp-json\/wp\/v2\/product_brand?post=9905"},{"taxonomy":"product_cat","embeddable":true,"href":"https:\/\/optimate1.com\/fr\/wp-json\/wp\/v2\/product_cat?post=9905"},{"taxonomy":"product_tag","embeddable":true,"href":"https:\/\/optimate1.com\/fr\/wp-json\/wp\/v2\/product_tag?post=9905"}],"curies":[{"name":"wp","href":"https:\/\/api.w.org\/{rel}","templated":true}]}}