{"id":27334,"date":"2021-09-30T07:24:12","date_gmt":"2021-09-30T11:24:12","guid":{"rendered":"https:\/\/optimate1.com\/power-plugs\/"},"modified":"2021-09-30T07:58:54","modified_gmt":"2021-09-30T11:58:54","slug":"power-plugs","status":"publish","type":"page","link":"https:\/\/optimate1.com\/it\/power-plugs\/","title":{"rendered":"Power plugs"},"content":{"rendered":"<p><img loading=\"lazy\" decoding=\"async\" class=\"alignleft size-full wp-image-19321\" src=\"https:\/\/optimate1.com\/wp-content\/uploads\/2021\/09\/Power-plugs-for-web-copy-2-01.png\" alt=\"\" width=\"1280\" height=\"540\" \/><\/p>\n<p>&nbsp;<\/p>\n<h1>Dettagli spina<\/h1>\n<p>&nbsp;<\/p>\n\t\t<style>\r\n\t#wps_accordion_pro_27340{\r\n\t\toverflow:hidden;\r\n\t\tdisplay:block;\r\n\t\twidth:100%;\r\n\t\tmargin-bottom:30px;\r\n\t}\r\n\t#accordion_pro_27340 .wpsm_panel-title {\r\n\t\tmargin-top: 0px !important;\r\n\t\tmargin-bottom: 0px !important;\r\n\t\tpadding-top: 0px !important;\r\n\t\tpadding-bottom: 0px !important;\r\n\t}\r\n\t\r\n\t#accordion_pro_27340 .wpsm_panel-title > a{\r\n\t\t\r\n\t\tborder-bottom: 0px !important;\r\n\t\ttext-decoration:none !important;\r\n\t\toutline: none !important;\r\n\t\tbox-shadow:none !important;\r\n\t}\r\n\t#accordion_pro_27340 .ac_title_icon{\r\n\t\tmargin-right:8px;\r\n\t\t\t\t\r\n\t}\r\n\t\r\n\t\r\n\t\/* css files *\/\r\n\tHello\r\n\r\n#accordion_pro_27340 a:hover, #accordion_pro_27340 a:focus{\r\n    outline: none !important;\r\n    text-decoration: none !important;\r\n}\r\n#accordion_pro_27340 .wpsm_panel{\r\n   \t    border: 1px solid #cccccc;\r\n\t    border-radius: 0px !important;\r\n    box-shadow: none !important;\r\n    margin-bottom: 3px !important;\r\n}\r\n#accordion_pro_27340 .wpsm_panel-heading{\r\n    padding: 0 !important;\r\n    border-radius: 0px !important;\r\n    \r\n}\r\n#accordion_pro_27340 .wpsm_panel-title > a{\r\n    display: block !important;\r\n\t    padding: 15px 15px 15px 50px !important;\r\n\t    position: relative !important;\r\n\ttransition:0.4s ease !important;\r\n    color:#ffffff !important;\r\n    background:#1e73be !important;\r\n\tfont-size: 18px !important;\r\n\tbox-shadow:none !important;\r\n\tline-height:1.5 !important;\r\n\tfont-weight:500 !important;\r\n}\r\n#accordion_pro_27340 .wpsm_panel-title > a > i{\r\n\tcolor:#ffffff !important;\r\n}\r\n#accordion_pro_27340 .wpsm_panel-title > a > .ac_title_img_icon{\r\n    \twidth: 18px !important;\r\n\theight: 18px !important;\r\n\tvertical-align: middle !important;\r\n\tmargin-left: 0 !important;\r\n\tmargin-top: 0 !important;\r\n\tmargin-bottom: 0 !important;\r\n}\r\n\r\n#accordion_pro_27340 .wpsm_panel-title > a.collapsed{\r\n    background: #ffffff !important;\r\n\tcolor: #000000 !important;\r\n}\r\n#accordion_pro_27340 .wpsm_panel-title > a.collapsed > i{\r\n    color: #000000 !important;\r\n}\r\n#accordion_pro_27340 .wpsm_panel-title > a:hover{\r\n   color:#ffffff !important;\r\n    background:#1e73be !important;\r\n}\r\n#accordion_pro_27340 .wpsm_panel-title > a:hover i{\r\n   color:#ffffff !important;\r\n}\r\n#accordion_pro_27340 .wpsm_panel-title > a:after,\r\n#accordion_pro_27340 .wpsm_panel-title > a.collapsed:after{\r\n    content: \"\\f068\" !important;\r\n    font-family: FontAwesome !important;\r\n    color: #ffffff !important;\r\n    font-size: 18px !important;\r\n    position: absolute !important;\r\n    top:calc(50% - 25px) !important;\r\n    left:0px !important;\r\n    padding: 14.5px !important;\r\n    line-height:16px !important;\r\n}\r\n#accordion_pro_27340 .wpsm_panel-title > a.collapsed:after{\r\n    content: \"\\f067\" !important;\r\n    color:#000000 !important;\r\n   transition: 0.4s ease !important;\r\n}\r\n#accordion_pro_27340 .wpsm_panel-title > a.collapsed:hover:after{\r\n    color:#ffffff !important;\r\n}\r\n#accordion_pro_27340 .wpsm_panel-body{\r\n\tbackground:#ffffff !important;\r\n\tcolor:#000000 !important;\r\n\tfont-size:16px !important;\r\n\tline-height: 26px !important;\r\n    \r\n    border-top: 1px solid #cccccc !important;\r\n}\r\n\r\n#accordion_pro_27340 .wpsm_panel-body p{\r\n\tcolor:#000000 !important;\r\n\tfont-size:16px !important;\r\n\tline-height: 26px !important;\r\n}\r\n\r\n\r\n\r\n\t\t#accordion_pro_27340 .wpsm_panel-title a, #accordion_pro_27340 .wpsm_panel-title a:hover, #accordion_pro_27340 .wpsm_panel-title a.collapsed, #accordion_pro_27340 .wpsm_panel-title a.collapsed:hover {\r\n\t\t\tbackground-image: none !important;\r\n\t\t}\r\n\t\t\t\t#accordion_pro_27340 .wpsm_panel-title > p{\r\n\t\t    display: block !important;\r\n\t\t\t\t\t    padding: 15px 15px 15px 50px !important;\r\n\t\t\t\t\t    position: relative !important;\r\n\t\t    color:#ffffff !important;\r\n\t\t\ttransition:0.4s ease !important;\r\n\t\t    background:#1e73be !important;\r\n\t\t\tfont-size: 18px !important;\r\n\t\t\tbox-shadow:none !important;\r\n\t\t\tline-height:1.5 !important;\r\n\t\t\tfont-weight:500 !important;\r\n\t\t}\r\n\t\t#accordion_pro_27340 .wpsm_panel-title > p{\r\n\t\t    background: #ffffff !important;\r\n\t\t\tcolor: #000000 !important;\r\n\t\t}\r\n\t\t#offset_27340 .wpsm_panel-title > p{\r\n\t\t\tmargin-bottom: 0;\r\n\t\t\tmargin-top: 0;\r\n\t\t}\r\n?>\t\r\n\t\/* open close icon option *\/\r\n\t\t\r\n\t#accordion_pro_27340 .wpsm_panel {\r\n\t\tbackground-color:transparent !important;\r\n\t\t\t\t\tmargin-bottom:10px !important;\r\n\t\t\t\tmargin-top:0px !important;\r\n\t}\r\n\t#accordion_pro_27340 .collapsing {\r\n\t\ttransition: height 0.6s;\r\n\t}\r\n\t#accordion_pro_27340 .wpsm_panel-body_inner{\r\n\t\toverflow:hidden;\r\n\t\tdisplay:block;\r\n\t\t\r\n\t}\r\n\t\r\n\t\t#accordion_pro_27340 .wpsm_panel-body{\r\n\t\tfont-family:Arial !important;\r\n\t}\r\n\t#accordion_pro_27340 .wpsm_panel-title a{\r\n\t\tfont-family:Arial !important;\r\n\t}\r\n\t\t\t\r\n\t\r\n\t#search_27340{\r\n\t    margin: 40px 0px;\r\n\t    width: 100%;\r\n\t    padding: 15px 12px;\r\n\t    border-radius: 3px;\r\n\t    border: 1px solid #e5e5e5 !important;\r\n\t    background: #fafafa !important;\r\n\t}\r\n\t#search_27340.search_dark{\r\n    background: #464646 !important;\r\n    color: #fff !important;\r\n\t}\r\n\t#search_27340.search_dark::placeholder{\r\n\t\tcolor: #d3d3d3;\r\n\t}\r\n\r\n\t\t\r\n\t<\/style>\r\n\r\n\r\n\t<div id=\"wps_accordion_pro_27340\"  >\r\n\t\t\t  <div class=\"noresults_27340 wpsm_panel-group\" style=\"display: none;\" id=\"accordion_pro_27340\" role=\"tablist\" aria-multiselectable=\"true\">\r\n\t\t  \t<div class=\"wpsm_panel panel\" id=\"offset_27340\">\r\n\t\t\t\t\t<div class=\"wpsm_panel-heading\" role=\"tab\" id=\"heading_27340\">\r\n\t\t\t\t\t\t<h4 class=\"wpsm_panel-title\">\r\n\t\t\t\t\t\t\t<p>No Result<\/p>\r\n\t\t\t\t\t\t<\/h4>\r\n\t\t\t\t\t<\/div>\r\n\t\t\t\t<\/div>\r\n\t\t\t<\/div>\r\n\t\t<div class=\"wpsm_panel-group\" id=\"accordion_pro_27340\" role=\"tablist\" aria-multiselectable=\"true\">\r\n\t\t\t\t\t<div class=\"wpsm_panel panel wpsm_panel-default\" id=\"offset_27340_1\">\r\n\t\t\t\t\t<div class=\"wpsm_panel-heading\" role=\"tab\" id=\"heading_27340_1\">\r\n\t\t\t\t\t\t<h4 class=\"wpsm_panel-title\">\r\n\t\t\t\t\t\t\t<a  role=\"button\"  data-toggle=\"collapse\" data-parent=\"#accordion_pro_27340\" href=\"#collapse_27340_1\" aria-expanded=\"true\" aria-controls=\"collapse_27340_1\">\r\n\t\t\t\t\t\t\t\t\t\t\t\t\t\t\t\t\t\t\t\t\t\t\t\tTipo A\t\t\t\t\t\t\t\t\r\n\t\t\t\t\t\t\t<\/a>\r\n\t\t\t\t\t\t<\/h4>\r\n\t\t\t\t\t<\/div>\r\n\t\t\t\t\t<div id=\"collapse_27340_1\" class=\"wpsm_panel-collapse collapse in\" role=\"tabwpsm_panel\" aria-labelledby=\"heading_27340_1\">\r\n\t\t\t\t\t\t<div class=\"wpsm_panel-body\">\r\n\t\t\t\t\t\t\t<div id=\"#wpsm_acc_desc_27340_1\" class=\"wpsm_panel-body_inner  animated fadeIn\"><p>Usata in: America settentrionale e centrale, Giappone<\/p>\r\n<p>La spina elettrica di tipo A (o spina a lama piatta) \u00e8 una spina senza messa a terra con due terminali piatti paralleli. Anche se le spine americane e giapponesi sembrano identiche, il terminale neutro sulla spina americana \u00e8 pi\u00f9 largo del terminale vivo, mentre sulla spina giapponese entrambi i terminali sono della stessa dimensione. Di conseguenza, le spine giapponesi possono essere usate negli Stati Uniti, ma spesso non il contrario.<\/p>\r\n<p>I terminali delle spine di tipo A hanno un foro vicino alla punta che si adatta alle \"protuberanze\" che si trovano sui puliscicontatti di alcune prese, in modo che i terminali siano afferrati pi\u00f9 saldamente permettendo un contatto migliore e anche per evitare che la spina scivoli fuori dalla presa. Alcune prese hanno lame a molla che afferrano i lati dei terminali rendendo i fori obsoleti.<\/p>\t\t\t\t\t\t\t<\/div>\r\n\t\t\t\t\t\t\t   \r\n\t\t\t\t\t\t<\/div>\r\n\t\t\t\t\t<\/div>\r\n\t\t\t\t\t\t\t\t\t\t\t\r\n\t\t\t\t<\/div>\r\n\t\t\t\t\t\t\t<div class=\"wpsm_panel panel wpsm_panel-default\" id=\"offset_27340_2\">\r\n\t\t\t\t\t<div class=\"wpsm_panel-heading\" role=\"tab\" id=\"heading_27340_2\">\r\n\t\t\t\t\t\t<h4 class=\"wpsm_panel-title\">\r\n\t\t\t\t\t\t\t<a  role=\"button\" class=collapsed data-toggle=\"collapse\" data-parent=\"#accordion_pro_27340\" href=\"#collapse_27340_2\" aria-expanded=\"true\" aria-controls=\"collapse_27340_2\">\r\n\t\t\t\t\t\t\t\t\t\t\t\t\t\t\t\t\t\t\t\t\t\t\t\tTipo Anp\t\t\t\t\t\t\t\t\r\n\t\t\t\t\t\t\t<\/a>\r\n\t\t\t\t\t\t<\/h4>\r\n\t\t\t\t\t<\/div>\r\n\t\t\t\t\t<div id=\"collapse_27340_2\" class=\"wpsm_panel-collapse collapse \" role=\"tabwpsm_panel\" aria-labelledby=\"heading_27340_2\">\r\n\t\t\t\t\t\t<div class=\"wpsm_panel-body\">\r\n\t\t\t\t\t\t\t<div id=\"#wpsm_acc_desc_27340_2\" class=\"wpsm_panel-body_inner  animated fadeIn\"><p>Usata in: Giappone<\/p>\r\n<p>La spina elettrica di tipo Anp (o spina a lama piatta) \u00e8 una spina senza messa a terra con due piedini piatti paralleli della stessa dimensione. Non \u00e8 richiesta alcuna polarit\u00e0 alla presa, cio\u00e8 la spina pu\u00f2 essere inserita in entrambi i modi.\u00a0Anche se le spine americane e giapponesi sembrano identiche, il terminale neutro sulla spina americana \u00e8 pi\u00f9 largo del terminale vivo, mentre sulla spina giapponese entrambi i terminali sono della stessa dimensione. Di conseguenza, le spine giapponesi possono essere usate negli Stati Uniti, ma spesso non il contrario.<\/p>\r\n<p>I terminali delle spine di tipo A hanno un foro vicino alla punta che si adatta alle \"protuberanze\" che si trovano sui puliscicontatti di alcune prese, in modo che i terminali siano afferrati pi\u00f9 saldamente permettendo un contatto migliore e anche per evitare che la spina scivoli fuori dalla presa. Alcune prese hanno lame a molla che afferrano i lati dei terminali rendendo i fori obsoleti.<\/p>\t\t\t\t\t\t\t<\/div>\r\n\t\t\t\t\t\t\t   \r\n\t\t\t\t\t\t<\/div>\r\n\t\t\t\t\t<\/div>\r\n\t\t\t\t\t\t\t\t\t\t\t\r\n\t\t\t\t<\/div>\r\n\t\t\t\t\t\t\t<div class=\"wpsm_panel panel wpsm_panel-default\" id=\"offset_27340_3\">\r\n\t\t\t\t\t<div class=\"wpsm_panel-heading\" role=\"tab\" id=\"heading_27340_3\">\r\n\t\t\t\t\t\t<h4 class=\"wpsm_panel-title\">\r\n\t\t\t\t\t\t\t<a  role=\"button\" class=collapsed data-toggle=\"collapse\" data-parent=\"#accordion_pro_27340\" href=\"#collapse_27340_3\" aria-expanded=\"true\" aria-controls=\"collapse_27340_3\">\r\n\t\t\t\t\t\t\t\t\t\t\t\t\t\t\t\t\t\t\t\t\t\t\t\tTipo C\t\t\t\t\t\t\t\t\r\n\t\t\t\t\t\t\t<\/a>\r\n\t\t\t\t\t\t<\/h4>\r\n\t\t\t\t\t<\/div>\r\n\t\t\t\t\t<div id=\"collapse_27340_3\" class=\"wpsm_panel-collapse collapse \" role=\"tabwpsm_panel\" aria-labelledby=\"heading_27340_3\">\r\n\t\t\t\t\t\t<div class=\"wpsm_panel-body\">\r\n\t\t\t\t\t\t\t<div id=\"#wpsm_acc_desc_27340_3\" class=\"wpsm_panel-body_inner  animated fadeIn\"><p>Usata in: Europa, ad eccezione di Regno Unito, Irlanda, Cipro e Malta<\/p>\r\n<p>La spina elettrica di tipo C (o eurospina) \u00e8 una spina a due fili che ha due terminali rotondi. Si adatta a qualsiasi presa che accetta contatti cilindrici da 4,0 - 4,8 mm e distanti 19 mm.<\/p>\r\n<p>Le spine di tipo C sono generalmente limitate per l'uso in apparecchi che assorbono 2,5 ampere o meno.<\/p>\t\t\t\t\t\t\t<\/div>\r\n\t\t\t\t\t\t\t   \r\n\t\t\t\t\t\t<\/div>\r\n\t\t\t\t\t<\/div>\r\n\t\t\t\t\t\t\t\t\t\t\t\r\n\t\t\t\t<\/div>\r\n\t\t\t\t\t\t\t<div class=\"wpsm_panel panel wpsm_panel-default\" id=\"offset_27340_4\">\r\n\t\t\t\t\t<div class=\"wpsm_panel-heading\" role=\"tab\" id=\"heading_27340_4\">\r\n\t\t\t\t\t\t<h4 class=\"wpsm_panel-title\">\r\n\t\t\t\t\t\t\t<a  role=\"button\" class=collapsed data-toggle=\"collapse\" data-parent=\"#accordion_pro_27340\" href=\"#collapse_27340_4\" aria-expanded=\"true\" aria-controls=\"collapse_27340_4\">\r\n\t\t\t\t\t\t\t\t\t\t\t\t\t\t\t\t\t\t\t\t\t\t\t\tTipo G\t\t\t\t\t\t\t\t\r\n\t\t\t\t\t\t\t<\/a>\r\n\t\t\t\t\t\t<\/h4>\r\n\t\t\t\t\t<\/div>\r\n\t\t\t\t\t<div id=\"collapse_27340_4\" class=\"wpsm_panel-collapse collapse \" role=\"tabwpsm_panel\" aria-labelledby=\"heading_27340_4\">\r\n\t\t\t\t\t\t<div class=\"wpsm_panel-body\">\r\n\t\t\t\t\t\t\t<div id=\"#wpsm_acc_desc_27340_4\" class=\"wpsm_panel-body_inner  animated fadeIn\"><p>Usata in: Regno Unito, Irlanda, Cipro, Malta, Malesia, Singapore, Hong Kong<\/p>\r\n<p>La spina elettrica di tipo G ha tre contatti a sezione rettangolare disposti a triangolo e un fusibile incorporato (di solito un fusibile da 3 ampere per apparecchi pi\u00f9 piccoli come un computer e uno da 13 ampere per apparecchi con assorbimenti maggiori come i riscaldatori). Le prese britanniche hanno degli otturatori sui contatti in tensione e sul neutro in modo che non vi si possano introdurre oggetti estranei.<\/p>\t\t\t\t\t\t\t<\/div>\r\n\t\t\t\t\t\t\t   \r\n\t\t\t\t\t\t<\/div>\r\n\t\t\t\t\t<\/div>\r\n\t\t\t\t\t\t\t\t\t\t\t\r\n\t\t\t\t<\/div>\r\n\t\t\t\t\t\t\t<div class=\"wpsm_panel panel wpsm_panel-default\" id=\"offset_27340_5\">\r\n\t\t\t\t\t<div class=\"wpsm_panel-heading\" role=\"tab\" id=\"heading_27340_5\">\r\n\t\t\t\t\t\t<h4 class=\"wpsm_panel-title\">\r\n\t\t\t\t\t\t\t<a  role=\"button\" class=collapsed data-toggle=\"collapse\" data-parent=\"#accordion_pro_27340\" href=\"#collapse_27340_5\" aria-expanded=\"true\" aria-controls=\"collapse_27340_5\">\r\n\t\t\t\t\t\t\t\t\t\t\t\t\t\t\t\t\t\t\t\t\t\t\t\tTipo I\t\t\t\t\t\t\t\t\r\n\t\t\t\t\t\t\t<\/a>\r\n\t\t\t\t\t\t<\/h4>\r\n\t\t\t\t\t<\/div>\r\n\t\t\t\t\t<div id=\"collapse_27340_5\" class=\"wpsm_panel-collapse collapse \" role=\"tabwpsm_panel\" aria-labelledby=\"heading_27340_5\">\r\n\t\t\t\t\t\t<div class=\"wpsm_panel-body\">\r\n\t\t\t\t\t\t\t<div id=\"#wpsm_acc_desc_27340_5\" class=\"wpsm_panel-body_inner  animated fadeIn\"><p>Usata in: Australia, Nuova Zelanda, Papua Nuova Guinea, Argentina<\/p>\r\n<p>La spina di tipo I ha due terminali piatti a forma di V e un terminale di messa a terra. Esiste anche una versione della spina che ha solo i due terminali piatti. La spina australiana funziona anche con le prese in Cina.<\/p>\r\n<p>Il sistema standard australiano di spine\/prese prevede una corrente nominale di 10 A ampere, ma esiste anche una configurazione di spina\/presa che prevede 15 ampere, anche se il terminale di terra \u00e8 pi\u00f9 largo. Una spina standard da 10 ampere pu\u00f2 essere inserita in una presa da 15 ampere, ma non il contrario.<\/p>\t\t\t\t\t\t\t<\/div>\r\n\t\t\t\t\t\t\t   \r\n\t\t\t\t\t\t<\/div>\r\n\t\t\t\t\t<\/div>\r\n\t\t\t\t\t\t\t\t\t\t\t\r\n\t\t\t\t<\/div>\r\n\t\t\t\t\r\n<\/div>\r\n<script>  \r\n\r\n\t\t\r\n\tjQuery(function () {\r\n\t\tjQuery('#accordion_pro_27340').on('shown.bs.collapse', function (e) {\r\n\t\t\tvar id =  jQuery(this).find(\".wpsm_panel-collapse.in\").parent().attr('id');\r\n\t\t\t\r\n\t\t\tvar offset = jQuery('.wpsm_panel.wpsm_panel-default > .wpsm_panel-collapse.in').offset();\r\n\t\t\t if(offset) {\r\n\t\t\t\tjQuery('html,body').animate({\r\n\t\t\t\t\tscrollTop: jQuery('#'+id).offset().top -30\r\n\t\t\t\t}, 800); \r\n\t\t\t}\r\n\t\t});\t\r\n\t}); \r\n\t\t\t\r\n\t\t\t\t\r\n<\/script>\r\n\t\t<\/div>\r\n\r\n\t\r\n\t\r\n\t\t\r\n<script type=\"text\/javascript\">\r\n\r\n\t\tjQuery(document).ready(function(){\r\n\t  jQuery('.noresults_27340').hide();\r\n\t  \r\n\t  jQuery(\"#search_27340\").on(\"keyup\", function() {\r\n\r\n\t  \tvar postID = \"27340\";\r\n\t  \t\r\n\t  \tconsole.log(postID);\r\n\r\n\r\n\r\n\t    var value = jQuery(this).val().toLowerCase();\r\n\t    jQuery(\"#accordion_pro_\" + postID + \" .wpsm_panel-default\").filter(function() {\r\n\t      jQuery(this).toggle(jQuery(this).text().toLowerCase().indexOf(value) > -1)\r\n\t      jQuery('.noresults_' + postID).hide();\r\n\t      \r\n\t      var noResult = true;\r\n\t      jQuery(\"#accordion_pro_\" + postID + \" .wpsm_panel-default\").children('div').each(function () {\r\n\t      \tif (jQuery(this).children(':visible').length != 0) {\r\n\t        \tnoResult = false;\r\n\t        }\r\n\t      });   \r\n\t      if (noResult) {\r\n\t      \tjQuery('.noresults_' + postID).show();\r\n\t      }\r\n\t    });\r\n\t  });\r\n\t});\r\n<\/script>\n","protected":false},"excerpt":{"rendered":"<p>&nbsp; Dettagli spina &nbsp;<\/p>\n","protected":false},"author":12,"featured_media":0,"parent":0,"menu_order":0,"comment_status":"closed","ping_status":"closed","template":"","meta":{"footnotes":""},"class_list":["post-27334","page","type-page","status-publish","hentry","thunk-woo-product-list","opn-qv-enable","big-store-woo-hover-","open-single-product-tab-horizontal","open-shadow-","open-shadow-hover-"],"yoast_head":"<!-- This site is optimized with the Yoast SEO plugin v27.2 - https:\/\/yoast.com\/product\/yoast-seo-wordpress\/ -->\n<title>Power plugs - OptiMate<\/title>\n<meta name=\"robots\" content=\"index, follow, max-snippet:-1, max-image-preview:large, max-video-preview:-1\" \/>\n<link rel=\"canonical\" href=\"https:\/\/optimate1.com\/power-plugs\/\" \/>\n<meta property=\"og:locale\" content=\"it_IT\" \/>\n<meta property=\"og:type\" content=\"article\" \/>\n<meta property=\"og:title\" content=\"Power plugs - OptiMate\" \/>\n<meta property=\"og:description\" content=\"&nbsp; Dettagli spina &nbsp;\" \/>\n<meta property=\"og:url\" content=\"https:\/\/optimate1.com\/power-plugs\/\" \/>\n<meta property=\"og:site_name\" content=\"OptiMate\" \/>\n<meta property=\"article:publisher\" content=\"https:\/\/www.facebook.com\/OptiMatebatterysavingcharger\/\" \/>\n<meta property=\"article:modified_time\" content=\"2021-09-30T11:58:54+00:00\" \/>\n<meta property=\"og:image\" content=\"https:\/\/optimate1.com\/wp-content\/uploads\/2020\/10\/SolarHeader_3Artboard-1@3x-100-1.jpg\" \/>\n\t<meta property=\"og:image:width\" content=\"1200\" \/>\n\t<meta property=\"og:image:height\" content=\"540\" \/>\n\t<meta property=\"og:image:type\" content=\"image\/jpeg\" \/>\n<meta name=\"twitter:card\" content=\"summary_large_image\" \/>\n<script type=\"application\/ld+json\" class=\"yoast-schema-graph\">{\"@context\":\"https:\/\/schema.org\",\"@graph\":[{\"@type\":\"WebPage\",\"@id\":\"https:\/\/optimate1.com\/power-plugs\/\",\"url\":\"https:\/\/optimate1.com\/power-plugs\/\",\"name\":\"Power plugs - OptiMate\",\"isPartOf\":{\"@id\":\"https:\/\/optimate1.com\/#website\"},\"primaryImageOfPage\":{\"@id\":\"https:\/\/optimate1.com\/power-plugs\/#primaryimage\"},\"image\":{\"@id\":\"https:\/\/optimate1.com\/power-plugs\/#primaryimage\"},\"thumbnailUrl\":\"https:\/\/optimate1.com\/wp-content\/uploads\/2021\/09\/Power-plugs-for-web-copy-2-01.png\",\"datePublished\":\"2021-09-30T11:24:12+00:00\",\"dateModified\":\"2021-09-30T11:58:54+00:00\",\"breadcrumb\":{\"@id\":\"https:\/\/optimate1.com\/power-plugs\/#breadcrumb\"},\"inLanguage\":\"it-IT\",\"potentialAction\":[{\"@type\":\"ReadAction\",\"target\":[\"https:\/\/optimate1.com\/power-plugs\/\"]}]},{\"@type\":\"ImageObject\",\"inLanguage\":\"it-IT\",\"@id\":\"https:\/\/optimate1.com\/power-plugs\/#primaryimage\",\"url\":\"https:\/\/optimate1.com\/wp-content\/uploads\/2021\/09\/Power-plugs-for-web-copy-2-01.png\",\"contentUrl\":\"https:\/\/optimate1.com\/wp-content\/uploads\/2021\/09\/Power-plugs-for-web-copy-2-01.png\"},{\"@type\":\"BreadcrumbList\",\"@id\":\"https:\/\/optimate1.com\/power-plugs\/#breadcrumb\",\"itemListElement\":[{\"@type\":\"ListItem\",\"position\":1,\"name\":\"Home\",\"item\":\"https:\/\/optimate1.com\/\"},{\"@type\":\"ListItem\",\"position\":2,\"name\":\"Power plugs\"}]},{\"@type\":\"WebSite\",\"@id\":\"https:\/\/optimate1.com\/#website\",\"url\":\"https:\/\/optimate1.com\/\",\"name\":\"OptiMate\",\"description\":\"Battery Chargers &amp; Accessories\",\"publisher\":{\"@id\":\"https:\/\/optimate1.com\/#organization\"},\"potentialAction\":[{\"@type\":\"SearchAction\",\"target\":{\"@type\":\"EntryPoint\",\"urlTemplate\":\"https:\/\/optimate1.com\/?s={search_term_string}\"},\"query-input\":{\"@type\":\"PropertyValueSpecification\",\"valueRequired\":true,\"valueName\":\"search_term_string\"}}],\"inLanguage\":\"it-IT\"},{\"@type\":\"Organization\",\"@id\":\"https:\/\/optimate1.com\/#organization\",\"name\":\"OptiMate\",\"url\":\"https:\/\/optimate1.com\/\",\"logo\":{\"@type\":\"ImageObject\",\"inLanguage\":\"it-IT\",\"@id\":\"https:\/\/optimate1.com\/#\/schema\/logo\/image\/\",\"url\":\"https:\/\/optimate1.com\/wp-content\/uploads\/2021\/06\/optimate-hpbc-stacklogo.jpg\",\"contentUrl\":\"https:\/\/optimate1.com\/wp-content\/uploads\/2021\/06\/optimate-hpbc-stacklogo.jpg\",\"width\":1025,\"height\":529,\"caption\":\"OptiMate\"},\"image\":{\"@id\":\"https:\/\/optimate1.com\/#\/schema\/logo\/image\/\"},\"sameAs\":[\"https:\/\/www.facebook.com\/OptiMatebatterysavingcharger\/\"]}]}<\/script>\n<!-- \/ Yoast SEO plugin. -->","yoast_head_json":{"title":"Power plugs - OptiMate","robots":{"index":"index","follow":"follow","max-snippet":"max-snippet:-1","max-image-preview":"max-image-preview:large","max-video-preview":"max-video-preview:-1"},"canonical":"https:\/\/optimate1.com\/power-plugs\/","og_locale":"it_IT","og_type":"article","og_title":"Power plugs - OptiMate","og_description":"&nbsp; Dettagli spina &nbsp;","og_url":"https:\/\/optimate1.com\/power-plugs\/","og_site_name":"OptiMate","article_publisher":"https:\/\/www.facebook.com\/OptiMatebatterysavingcharger\/","article_modified_time":"2021-09-30T11:58:54+00:00","og_image":[{"width":1200,"height":540,"url":"https:\/\/optimate1.com\/wp-content\/uploads\/2020\/10\/SolarHeader_3Artboard-1@3x-100-1.jpg","type":"image\/jpeg"}],"twitter_card":"summary_large_image","schema":{"@context":"https:\/\/schema.org","@graph":[{"@type":"WebPage","@id":"https:\/\/optimate1.com\/power-plugs\/","url":"https:\/\/optimate1.com\/power-plugs\/","name":"Power plugs - OptiMate","isPartOf":{"@id":"https:\/\/optimate1.com\/#website"},"primaryImageOfPage":{"@id":"https:\/\/optimate1.com\/power-plugs\/#primaryimage"},"image":{"@id":"https:\/\/optimate1.com\/power-plugs\/#primaryimage"},"thumbnailUrl":"https:\/\/optimate1.com\/wp-content\/uploads\/2021\/09\/Power-plugs-for-web-copy-2-01.png","datePublished":"2021-09-30T11:24:12+00:00","dateModified":"2021-09-30T11:58:54+00:00","breadcrumb":{"@id":"https:\/\/optimate1.com\/power-plugs\/#breadcrumb"},"inLanguage":"it-IT","potentialAction":[{"@type":"ReadAction","target":["https:\/\/optimate1.com\/power-plugs\/"]}]},{"@type":"ImageObject","inLanguage":"it-IT","@id":"https:\/\/optimate1.com\/power-plugs\/#primaryimage","url":"https:\/\/optimate1.com\/wp-content\/uploads\/2021\/09\/Power-plugs-for-web-copy-2-01.png","contentUrl":"https:\/\/optimate1.com\/wp-content\/uploads\/2021\/09\/Power-plugs-for-web-copy-2-01.png"},{"@type":"BreadcrumbList","@id":"https:\/\/optimate1.com\/power-plugs\/#breadcrumb","itemListElement":[{"@type":"ListItem","position":1,"name":"Home","item":"https:\/\/optimate1.com\/"},{"@type":"ListItem","position":2,"name":"Power plugs"}]},{"@type":"WebSite","@id":"https:\/\/optimate1.com\/#website","url":"https:\/\/optimate1.com\/","name":"OptiMate","description":"Battery Chargers &amp; Accessories","publisher":{"@id":"https:\/\/optimate1.com\/#organization"},"potentialAction":[{"@type":"SearchAction","target":{"@type":"EntryPoint","urlTemplate":"https:\/\/optimate1.com\/?s={search_term_string}"},"query-input":{"@type":"PropertyValueSpecification","valueRequired":true,"valueName":"search_term_string"}}],"inLanguage":"it-IT"},{"@type":"Organization","@id":"https:\/\/optimate1.com\/#organization","name":"OptiMate","url":"https:\/\/optimate1.com\/","logo":{"@type":"ImageObject","inLanguage":"it-IT","@id":"https:\/\/optimate1.com\/#\/schema\/logo\/image\/","url":"https:\/\/optimate1.com\/wp-content\/uploads\/2021\/06\/optimate-hpbc-stacklogo.jpg","contentUrl":"https:\/\/optimate1.com\/wp-content\/uploads\/2021\/06\/optimate-hpbc-stacklogo.jpg","width":1025,"height":529,"caption":"OptiMate"},"image":{"@id":"https:\/\/optimate1.com\/#\/schema\/logo\/image\/"},"sameAs":["https:\/\/www.facebook.com\/OptiMatebatterysavingcharger\/"]}]}},"_links":{"self":[{"href":"https:\/\/optimate1.com\/it\/wp-json\/wp\/v2\/pages\/27334","targetHints":{"allow":["GET"]}}],"collection":[{"href":"https:\/\/optimate1.com\/it\/wp-json\/wp\/v2\/pages"}],"about":[{"href":"https:\/\/optimate1.com\/it\/wp-json\/wp\/v2\/types\/page"}],"author":[{"embeddable":true,"href":"https:\/\/optimate1.com\/it\/wp-json\/wp\/v2\/users\/12"}],"replies":[{"embeddable":true,"href":"https:\/\/optimate1.com\/it\/wp-json\/wp\/v2\/comments?post=27334"}],"version-history":[{"count":0,"href":"https:\/\/optimate1.com\/it\/wp-json\/wp\/v2\/pages\/27334\/revisions"}],"wp:attachment":[{"href":"https:\/\/optimate1.com\/it\/wp-json\/wp\/v2\/media?parent=27334"}],"curies":[{"name":"wp","href":"https:\/\/api.w.org\/{rel}","templated":true}]}}