{"id":28410,"date":"2021-11-09T08:15:34","date_gmt":"2021-11-09T13:15:34","guid":{"rendered":"https:\/\/optimate1.com\/choosing-charger-series\/"},"modified":"2023-04-25T04:40:25","modified_gmt":"2023-04-25T08:40:25","slug":"carica-batteria-auto-moto","status":"publish","type":"page","link":"https:\/\/optimate1.com\/it\/carica-batteria-auto-moto\/","title":{"rendered":"Carica Batteria Auto Moto"},"content":{"rendered":"\n<table id=\"tablepress-126\" class=\"tablepress tablepress-id-126\">\n<tbody class=\"row-hover\">\n<tr class=\"row-1\">\n\t<td class=\"column-1\"><a href=\"https:\/\/optimate1.com\/bronze\"><img loading=\"lazy\" decoding=\"async\" src=\"https:\/\/optimate1.com\/wp-content\/uploads\/2021\/09\/bronze-corner-xx.png\" alt=\"\" width=\"50\" height=\"50\" class=\"aligncenter size-medium wp-image-20927\" \/><\/a><br \/>\n<\/td><td class=\"column-2\"><body><h6>\ud83d\udee0\ufe0f  Semplice<br \/>\n\u2699\ufe0f  Automatico<br \/>\n<img loading=\"lazy\" decoding=\"async\" src=\"https:\/\/optimate1.com\/wp-content\/uploads\/2021\/10\/Blue-voltage-symbol-copy-01.png\" alt=\"\" width=\"20\" height=\"20\" class=\"alignleft size-full wp-image-27872\" srcset=\"https:\/\/optimate1.com\/wp-content\/uploads\/2021\/10\/Blue-voltage-symbol-copy-01.png 71w, https:\/\/optimate1.com\/wp-content\/uploads\/2021\/10\/Blue-voltage-symbol-copy-01-64x64.png 64w\" sizes=\"auto, (max-width: 20px) 100vw, 20px\" \/> Carica e mantenimento<\/body><\/h6><\/td><td class=\"column-3\"><body><p>I caricabatterie della serie OptiMate Bronze sono facili da usare, sono necessarie solo alcune conoscenze di base. Questi caricabatterie caricano e mantengono automaticamente.<br \/>\n<br \/>\nImpara di pi\u00f9 riguardo:            <a href=\"https:\/\/optimate1.com\/it\/bronze-it\/\" rel=\"noopener\" target=\"_blank\">BRONZE<\/a><\/body><\/p><\/td>\n<\/tr>\n<tr class=\"row-2\">\n\t<td class=\"column-1\"><a href=\"https:\/\/optimate1.com\/silver\"><img loading=\"lazy\" decoding=\"async\" src=\"https:\/\/optimate1.com\/wp-content\/uploads\/2021\/09\/silver-corner-xx.png\" alt=\"\" width=\"50\" height=\"50\" class=\"aligncenter size-medium wp-image-20927\" \/><\/a><\/td><td class=\"column-2\"><body><h6>\ud83d\udee0\ufe0f  Intelligente<br \/>\n\u2699\ufe0f  Automatico, pi\u00f9 funzioni<br \/>\n<img loading=\"lazy\" decoding=\"async\" src=\"https:\/\/optimate1.com\/wp-content\/uploads\/2021\/10\/Blue-voltage-symbol-copy-01.png\" alt=\"\" width=\"20\" height=\"20\" class=\"alignleft size-full wp-image-27872\" srcset=\"https:\/\/optimate1.com\/wp-content\/uploads\/2021\/10\/Blue-voltage-symbol-copy-01.png 71w, https:\/\/optimate1.com\/wp-content\/uploads\/2021\/10\/Blue-voltage-symbol-copy-01-64x64.png 64w\" sizes=\"auto, (max-width: 20px) 100vw, 20px\" \/> Recupero, carica e mantenimento<\/body><\/h6><\/td><td class=\"column-3\"><body><p>I caricabatterie della serie OptiMate Silver sono caricabatterie pi\u00f9 intelligenti con pi\u00f9 potenza e capacit\u00e0. I caricabatterie della serie Silver possono desolfatare le batterie a basso voltaggio e salvare, caricarle e mantenerle automaticamente.<br \/>\n<br \/>\nImpara di pi\u00f9 riguardo:            <a href=\"https:\/\/optimate1.com\/it\/silver-it\/\" rel=\"noopener\" target=\"_blank\">SILVER<\/a><\/body><\/p><\/td>\n<\/tr>\n<tr class=\"row-3\">\n\t<td class=\"column-1\"><a href=\"https:\/\/optimate1.com\/gold\"><img loading=\"lazy\" decoding=\"async\" src=\"https:\/\/optimate1.com\/wp-content\/uploads\/2021\/09\/GOLD-corner-xx.png\" alt=\"\" width=\"50\" height=\"50\" class=\"aligncenter size-medium wp-image-20927\" \/><\/a><\/td><td class=\"column-2\"><body><h6>\ud83d\udee0\ufe0f  Avanzato<br \/>\n\u2699\ufe0f  Selezionabile, la maggior parte delle funzioni<br \/>\n<img loading=\"lazy\" decoding=\"async\" src=\"https:\/\/optimate1.com\/wp-content\/uploads\/2021\/10\/Blue-voltage-symbol-copy-01.png\" alt=\"\" width=\"20\" height=\"20\" class=\"alignleft size-full wp-image-27872\" srcset=\"https:\/\/optimate1.com\/wp-content\/uploads\/2021\/10\/Blue-voltage-symbol-copy-01.png 71w, https:\/\/optimate1.com\/wp-content\/uploads\/2021\/10\/Blue-voltage-symbol-copy-01-64x64.png 64w\" sizes=\"auto, (max-width: 20px) 100vw, 20px\" \/> Recupero, test, carica e mantenimento<\/body><\/h6><\/td><td class=\"column-3\"><body><p>I caricabatterie della serie OptiMate Gold sono caricabatterie avanzati per le massime prestazioni. I caricabatterie della serie Gold possono desolfatare le batterie a basso voltaggio e salvare, testare, caricare e mantenere automaticamente.<br \/>\n<br \/>\nImpara di pi\u00f9 riguardo:            <a href=\"https:\/\/optimate1.com\/it\/gold-it\/\" rel=\"noopener\" target=\"_blank\">GOLD<\/a><\/body><\/p><\/td>\n<\/tr>\n<tr class=\"row-4\">\n\t<td class=\"column-1\"><a href=\"https:\/\/optimate1.com\/lithium\"><img loading=\"lazy\" decoding=\"async\" src=\"https:\/\/optimate1.com\/wp-content\/uploads\/2021\/09\/lithium-corner-xx.png\" alt=\"\" width=\"50\" height=\"50\" class=\"aligncenter size-medium wp-image-20927\" \/><\/a><\/td><td class=\"column-2\"><body><h6>\ud83d\udee0\ufe0f  Esperto<br \/>\n\u2699\ufe0f  Funzioni speciali, reset BMS<br \/>\n<img loading=\"lazy\" decoding=\"async\" src=\"https:\/\/optimate1.com\/wp-content\/uploads\/2021\/10\/Blue-voltage-symbol-copy-01.png\" alt=\"\" width=\"20\" height=\"20\" class=\"alignleft size-full wp-image-27872\" srcset=\"https:\/\/optimate1.com\/wp-content\/uploads\/2021\/10\/Blue-voltage-symbol-copy-01.png 71w, https:\/\/optimate1.com\/wp-content\/uploads\/2021\/10\/Blue-voltage-symbol-copy-01-64x64.png 64w\" sizes=\"auto, (max-width: 20px) 100vw, 20px\" \/> Reset, recupero, test, carica e mantenimento<\/body><\/h6><\/td><td class=\"column-3\"><body><p>OptiMate ha sviluppato una serie speciale di caricabatterie per batterie al litio per veicoli! Le batterie al litio sono popolari sostituti delle batterie al piombo-acido pi\u00f9 ingombranti e pesanti e hanno esigenze di ricarica diverse.<br \/>\n<br \/>\nImpara di pi\u00f9 riguardo:            <a href=\"https:\/\/optimate1.com\/it\/lifepo4\/\" rel=\"noopener\" target=\"_blank\">LITHIUM<\/a><\/body><\/p><\/td>\n<\/tr>\n<tr class=\"row-5\">\n\t<td class=\"column-1\"><a href=\"https:\/\/optimate1.com\/it\/off-grid-page\/\"><img loading=\"lazy\" decoding=\"async\" src=\"https:\/\/optimate1.com\/wp-content\/uploads\/2021\/09\/off-grid-corner-xx.png\" alt=\"\" width=\"50\" height=\"50\" class=\"aligncenter size-medium wp-image-20927\" \/><\/a><\/td><td class=\"column-2\"><body><h6>\ud83d\udee0\ufe0f  Eco-smart<br \/>\n\u2699\ufe0f  Automatico, funzioni speciali<br \/>\n<img loading=\"lazy\" decoding=\"async\" src=\"https:\/\/optimate1.com\/wp-content\/uploads\/2021\/10\/Blue-voltage-symbol-copy-01.png\" alt=\"\" width=\"20\" height=\"20\" class=\"alignleft size-full wp-image-27872\" srcset=\"https:\/\/optimate1.com\/wp-content\/uploads\/2021\/10\/Blue-voltage-symbol-copy-01.png 71w, https:\/\/optimate1.com\/wp-content\/uploads\/2021\/10\/Blue-voltage-symbol-copy-01-64x64.png 64w\" sizes=\"auto, (max-width: 20px) 100vw, 20px\" \/> Recupero, test, carica e mantenimento<\/body><\/h6><\/td><td class=\"column-3\"><body><p>La serie OptiMate OFF-GRID include i prodotti SOLAR ECO-friendly e i nostri prodotti CC-CC a bassa tensione alimentati da una batteria da 12V o da un sistema di veicoli a 12V.<br \/>\n<br \/>\nImpara di pi\u00f9 riguardo:            <a href=\"https:\/\/optimate1.com\/it\/solar\/\" rel=\"noopener\" target=\"_blank\">SOLAR<\/a> &amp; <a href=\"https:\/\/optimate1.com\/it\/optimate-dc-duo-caricabatterie\/\" rel=\"noopener\" target=\"_blank\">DC-DC<\/a><\/body><\/p><\/td>\n<\/tr>\n<tr class=\"row-6\">\n\t<td class=\"column-1\"><a href=\"\"><img loading=\"lazy\" decoding=\"async\" src=\"https:\/\/optimate1.com\/pro\/\" alt=\"\" width=\"50\" height=\"50\" class=\"aligncenter size-medium wp-image-20927\" \/><\/a><\/td><td class=\"column-2\"><body><h6>\ud83d\udee0\ufe0f  Professionale<br \/>\n\u2699\ufe0f  Selezionabile, funzioni per rivenditori, funzioni speciali<br \/>\n<img loading=\"lazy\" decoding=\"async\" src=\"https:\/\/optimate1.com\/wp-content\/uploads\/2021\/10\/Blue-voltage-symbol-copy-01.png\" alt=\"\" width=\"20\" height=\"20\" class=\"alignleft size-full wp-image-27872\" srcset=\"https:\/\/optimate1.com\/wp-content\/uploads\/2021\/10\/Blue-voltage-symbol-copy-01.png 71w, https:\/\/optimate1.com\/wp-content\/uploads\/2021\/10\/Blue-voltage-symbol-copy-01-64x64.png 64w\" sizes=\"auto, (max-width: 20px) 100vw, 20px\" \/> Recupero, carica, test, alimentazione<\/body><\/h6><\/td><td class=\"column-3\"><body><p>La serie OptiMate Pro \u00e8 per utenti professionali e piccole imbarcazioni, professionisti delle macchine, officine di riparazione e rivenditori di batterie. Oltre a caricare la batteria, i nostri caricabatterie della serie Pro sono progettati anche per la diagnostica del veicolo.<br \/>\n<br \/>\nImpara di pi\u00f9 riguardo:            <a href=\"https:\/\/optimate1.com\/pro\/\" rel=\"noopener\" target=\"_blank\">PRO<\/a><\/body><\/p><\/td>\n<\/tr>\n<\/tbody>\n<\/table>\n<!-- #tablepress-126 from cache -->\n<p>&nbsp;<\/p>\n","protected":false},"excerpt":{"rendered":"<p>&nbsp;<\/p>\n","protected":false},"author":12,"featured_media":30500,"parent":0,"menu_order":0,"comment_status":"closed","ping_status":"closed","template":"","meta":{"footnotes":""},"class_list":["post-28410","page","type-page","status-publish","has-post-thumbnail","hentry","thunk-woo-product-list","opn-qv-enable","big-store-woo-hover-","open-single-product-tab-horizontal","open-shadow-","open-shadow-hover-"],"yoast_head":"<!-- This site is optimized with the Yoast SEO plugin v27.2 - https:\/\/yoast.com\/product\/yoast-seo-wordpress\/ -->\n<title>Carica Batteria Auto Moto - OptiMate<\/title>\n<meta name=\"description\" content=\"Non riesci a decidere quale OptiMate scegliere? Ora ti abbiamo semplificato la vita, con la nostra serie OptiMate. Dai un&#039;occhiata!\" \/>\n<meta name=\"robots\" content=\"index, follow, max-snippet:-1, max-image-preview:large, max-video-preview:-1, noarchive\" \/>\n<link rel=\"canonical\" href=\"https:\/\/optimate1.com\/series\/\" \/>\n<meta property=\"og:locale\" content=\"it_IT\" \/>\n<meta property=\"og:type\" content=\"article\" \/>\n<meta property=\"og:title\" content=\"Carica Batteria Auto Moto - OptiMate\" \/>\n<meta property=\"og:description\" content=\"Non riesci a decidere quale OptiMate scegliere? Ora ti abbiamo semplificato la vita, con la nostra serie OptiMate. Dai un&#039;occhiata!\" \/>\n<meta property=\"og:url\" content=\"https:\/\/optimate1.com\/series\/\" \/>\n<meta property=\"og:site_name\" content=\"OptiMate\" \/>\n<meta property=\"article:publisher\" content=\"https:\/\/www.facebook.com\/OptiMatebatterysavingcharger\/\" \/>\n<meta property=\"article:modified_time\" content=\"2023-04-25T08:40:25+00:00\" \/>\n<meta property=\"og:image\" content=\"https:\/\/optimate1.com\/wp-content\/uploads\/2022\/08\/BUTTON-SERIES-it.jpeg\" \/>\n\t<meta property=\"og:image:width\" content=\"270\" \/>\n\t<meta property=\"og:image:height\" content=\"252\" \/>\n\t<meta property=\"og:image:type\" content=\"image\/jpeg\" \/>\n<meta name=\"twitter:card\" content=\"summary_large_image\" \/>\n<meta name=\"twitter:label1\" content=\"Tempo di lettura stimato\" \/>\n\t<meta name=\"twitter:data1\" content=\"1 minuto\" \/>\n<script type=\"application\/ld+json\" class=\"yoast-schema-graph\">{\"@context\":\"https:\/\/schema.org\",\"@graph\":[{\"@type\":\"WebPage\",\"@id\":\"https:\/\/optimate1.com\/series\/\",\"url\":\"https:\/\/optimate1.com\/series\/\",\"name\":\"Carica Batteria Auto Moto - OptiMate\",\"isPartOf\":{\"@id\":\"https:\/\/optimate1.com\/#website\"},\"primaryImageOfPage\":{\"@id\":\"https:\/\/optimate1.com\/series\/#primaryimage\"},\"image\":{\"@id\":\"https:\/\/optimate1.com\/series\/#primaryimage\"},\"thumbnailUrl\":\"https:\/\/optimate1.com\/wp-content\/uploads\/2022\/08\/BUTTON-SERIES-it.jpeg\",\"datePublished\":\"2021-11-09T13:15:34+00:00\",\"dateModified\":\"2023-04-25T08:40:25+00:00\",\"description\":\"Non riesci a decidere quale OptiMate scegliere? Ora ti abbiamo semplificato la vita, con la nostra serie OptiMate. Dai un'occhiata!\",\"breadcrumb\":{\"@id\":\"https:\/\/optimate1.com\/series\/#breadcrumb\"},\"inLanguage\":\"it-IT\",\"potentialAction\":[{\"@type\":\"ReadAction\",\"target\":[\"https:\/\/optimate1.com\/series\/\"]}]},{\"@type\":\"ImageObject\",\"inLanguage\":\"it-IT\",\"@id\":\"https:\/\/optimate1.com\/series\/#primaryimage\",\"url\":\"https:\/\/optimate1.com\/wp-content\/uploads\/2022\/08\/BUTTON-SERIES-it.jpeg\",\"contentUrl\":\"https:\/\/optimate1.com\/wp-content\/uploads\/2022\/08\/BUTTON-SERIES-it.jpeg\",\"width\":270,\"height\":252},{\"@type\":\"BreadcrumbList\",\"@id\":\"https:\/\/optimate1.com\/series\/#breadcrumb\",\"itemListElement\":[{\"@type\":\"ListItem\",\"position\":1,\"name\":\"Home\",\"item\":\"https:\/\/optimate1.com\/\"},{\"@type\":\"ListItem\",\"position\":2,\"name\":\"Carica Batteria Auto Moto\"}]},{\"@type\":\"WebSite\",\"@id\":\"https:\/\/optimate1.com\/#website\",\"url\":\"https:\/\/optimate1.com\/\",\"name\":\"OptiMate\",\"description\":\"Battery Chargers &amp; Accessories\",\"publisher\":{\"@id\":\"https:\/\/optimate1.com\/#organization\"},\"potentialAction\":[{\"@type\":\"SearchAction\",\"target\":{\"@type\":\"EntryPoint\",\"urlTemplate\":\"https:\/\/optimate1.com\/?s={search_term_string}\"},\"query-input\":{\"@type\":\"PropertyValueSpecification\",\"valueRequired\":true,\"valueName\":\"search_term_string\"}}],\"inLanguage\":\"it-IT\"},{\"@type\":\"Organization\",\"@id\":\"https:\/\/optimate1.com\/#organization\",\"name\":\"OptiMate\",\"url\":\"https:\/\/optimate1.com\/\",\"logo\":{\"@type\":\"ImageObject\",\"inLanguage\":\"it-IT\",\"@id\":\"https:\/\/optimate1.com\/#\/schema\/logo\/image\/\",\"url\":\"https:\/\/optimate1.com\/wp-content\/uploads\/2021\/06\/optimate-hpbc-stacklogo.jpg\",\"contentUrl\":\"https:\/\/optimate1.com\/wp-content\/uploads\/2021\/06\/optimate-hpbc-stacklogo.jpg\",\"width\":1025,\"height\":529,\"caption\":\"OptiMate\"},\"image\":{\"@id\":\"https:\/\/optimate1.com\/#\/schema\/logo\/image\/\"},\"sameAs\":[\"https:\/\/www.facebook.com\/OptiMatebatterysavingcharger\/\"]}]}<\/script>\n<!-- \/ Yoast SEO plugin. -->","yoast_head_json":{"title":"Carica Batteria Auto Moto - OptiMate","description":"Non riesci a decidere quale OptiMate scegliere? Ora ti abbiamo semplificato la vita, con la nostra serie OptiMate. Dai un'occhiata!","robots":{"index":"index","follow":"follow","max-snippet":"max-snippet:-1","max-image-preview":"max-image-preview:large","max-video-preview":"max-video-preview:-1","archive":"noarchive"},"canonical":"https:\/\/optimate1.com\/series\/","og_locale":"it_IT","og_type":"article","og_title":"Carica Batteria Auto Moto - OptiMate","og_description":"Non riesci a decidere quale OptiMate scegliere? Ora ti abbiamo semplificato la vita, con la nostra serie OptiMate. Dai un'occhiata!","og_url":"https:\/\/optimate1.com\/series\/","og_site_name":"OptiMate","article_publisher":"https:\/\/www.facebook.com\/OptiMatebatterysavingcharger\/","article_modified_time":"2023-04-25T08:40:25+00:00","og_image":[{"width":270,"height":252,"url":"https:\/\/optimate1.com\/wp-content\/uploads\/2022\/08\/BUTTON-SERIES-it.jpeg","type":"image\/jpeg"}],"twitter_card":"summary_large_image","twitter_misc":{"Tempo di lettura stimato":"1 minuto"},"schema":{"@context":"https:\/\/schema.org","@graph":[{"@type":"WebPage","@id":"https:\/\/optimate1.com\/series\/","url":"https:\/\/optimate1.com\/series\/","name":"Carica Batteria Auto Moto - OptiMate","isPartOf":{"@id":"https:\/\/optimate1.com\/#website"},"primaryImageOfPage":{"@id":"https:\/\/optimate1.com\/series\/#primaryimage"},"image":{"@id":"https:\/\/optimate1.com\/series\/#primaryimage"},"thumbnailUrl":"https:\/\/optimate1.com\/wp-content\/uploads\/2022\/08\/BUTTON-SERIES-it.jpeg","datePublished":"2021-11-09T13:15:34+00:00","dateModified":"2023-04-25T08:40:25+00:00","description":"Non riesci a decidere quale OptiMate scegliere? Ora ti abbiamo semplificato la vita, con la nostra serie OptiMate. Dai un'occhiata!","breadcrumb":{"@id":"https:\/\/optimate1.com\/series\/#breadcrumb"},"inLanguage":"it-IT","potentialAction":[{"@type":"ReadAction","target":["https:\/\/optimate1.com\/series\/"]}]},{"@type":"ImageObject","inLanguage":"it-IT","@id":"https:\/\/optimate1.com\/series\/#primaryimage","url":"https:\/\/optimate1.com\/wp-content\/uploads\/2022\/08\/BUTTON-SERIES-it.jpeg","contentUrl":"https:\/\/optimate1.com\/wp-content\/uploads\/2022\/08\/BUTTON-SERIES-it.jpeg","width":270,"height":252},{"@type":"BreadcrumbList","@id":"https:\/\/optimate1.com\/series\/#breadcrumb","itemListElement":[{"@type":"ListItem","position":1,"name":"Home","item":"https:\/\/optimate1.com\/"},{"@type":"ListItem","position":2,"name":"Carica Batteria Auto Moto"}]},{"@type":"WebSite","@id":"https:\/\/optimate1.com\/#website","url":"https:\/\/optimate1.com\/","name":"OptiMate","description":"Battery Chargers &amp; Accessories","publisher":{"@id":"https:\/\/optimate1.com\/#organization"},"potentialAction":[{"@type":"SearchAction","target":{"@type":"EntryPoint","urlTemplate":"https:\/\/optimate1.com\/?s={search_term_string}"},"query-input":{"@type":"PropertyValueSpecification","valueRequired":true,"valueName":"search_term_string"}}],"inLanguage":"it-IT"},{"@type":"Organization","@id":"https:\/\/optimate1.com\/#organization","name":"OptiMate","url":"https:\/\/optimate1.com\/","logo":{"@type":"ImageObject","inLanguage":"it-IT","@id":"https:\/\/optimate1.com\/#\/schema\/logo\/image\/","url":"https:\/\/optimate1.com\/wp-content\/uploads\/2021\/06\/optimate-hpbc-stacklogo.jpg","contentUrl":"https:\/\/optimate1.com\/wp-content\/uploads\/2021\/06\/optimate-hpbc-stacklogo.jpg","width":1025,"height":529,"caption":"OptiMate"},"image":{"@id":"https:\/\/optimate1.com\/#\/schema\/logo\/image\/"},"sameAs":["https:\/\/www.facebook.com\/OptiMatebatterysavingcharger\/"]}]}},"_links":{"self":[{"href":"https:\/\/optimate1.com\/it\/wp-json\/wp\/v2\/pages\/28410","targetHints":{"allow":["GET"]}}],"collection":[{"href":"https:\/\/optimate1.com\/it\/wp-json\/wp\/v2\/pages"}],"about":[{"href":"https:\/\/optimate1.com\/it\/wp-json\/wp\/v2\/types\/page"}],"author":[{"embeddable":true,"href":"https:\/\/optimate1.com\/it\/wp-json\/wp\/v2\/users\/12"}],"replies":[{"embeddable":true,"href":"https:\/\/optimate1.com\/it\/wp-json\/wp\/v2\/comments?post=28410"}],"version-history":[{"count":4,"href":"https:\/\/optimate1.com\/it\/wp-json\/wp\/v2\/pages\/28410\/revisions"}],"predecessor-version":[{"id":32590,"href":"https:\/\/optimate1.com\/it\/wp-json\/wp\/v2\/pages\/28410\/revisions\/32590"}],"wp:featuredmedia":[{"embeddable":true,"href":"https:\/\/optimate1.com\/it\/wp-json\/wp\/v2\/media\/30500"}],"wp:attachment":[{"href":"https:\/\/optimate1.com\/it\/wp-json\/wp\/v2\/media?parent=28410"}],"curies":[{"name":"wp","href":"https:\/\/api.w.org\/{rel}","templated":true}]}}