{"id":34737,"date":"2023-11-02T10:56:47","date_gmt":"2023-11-02T14:56:47","guid":{"rendered":"https:\/\/optimate1.com\/conservazione-e-ricarica-sicure-proteggi-la-batteria-della-tua-e-bike-con-i-caricabatterie-optimate\/"},"modified":"2023-11-03T05:51:44","modified_gmt":"2023-11-03T09:51:44","slug":"conservazione-e-ricarica-sicure-proteggi-la-batteria-della-tua-e-bike-con-i-caricabatterie-optimate","status":"publish","type":"page","link":"https:\/\/optimate1.com\/it\/conservazione-e-ricarica-sicure-proteggi-la-batteria-della-tua-e-bike-con-i-caricabatterie-optimate\/","title":{"rendered":"Conservazione e ricarica sicure: proteggi la batteria della tua e-bike con i caricabatterie OptiMate"},"content":{"rendered":"<p><img loading=\"lazy\" decoding=\"async\" class=\"alignleft wp-image-19321 size-full\" src=\"https:\/\/optimate1.com\/wp-content\/uploads\/2023\/04\/Car-Battery-Charger-banner_9-copy-3.png\" alt=\"\" width=\"1280\" height=\"540\" \/><\/p>\n<h2><\/h2>\n<p style=\"text-align: center; font-size: 30px;\"><strong><br \/>\nConservazione e ricarica sicure: proteggi la batteria della tua e-bike con i caricabatterie OptiMate<\/strong><\/p>\n<p><strong>I prodotti Caricabatterie ad alte prestazioni OptiMate includono caricabatterie intelligenti innovativi con selezione dell&#8217;utente per Maggiore DURATA, Pi\u00f9 POTENZA e modalit\u00e0 Sleep per una conservazione sicura a lungo termine, nonch\u00e9 connettori e monitoraggio intelligente della batteria.<br \/>\nIl nostro obiettivo \u00e8 fornire un modo molto sicuro, affidabile ed efficiente per i ciclisti di e-bike per caricare e prolungare la durata della batteria della loro e-bike, sia che si rechino al lavoro o facciano un giro a lunga distanza, o che stiano posizionando la bici in deposito durante l&#8217;inverno. Il nostro approccio innovativo elimina la paura della ricarica non supervisionata ed elimina i problemi di prestazioni della batteria.<br \/>\nOptiMate desidera collaborare con produttori e distributori di biciclette elettriche per soddisfare la crescente domanda di ricarica sicura e senza supervisione e di corretta cura a lungo termine delle batterie delle biciclette elettriche.<\/strong><\/p>\n<p>Con la tecnologia di ricarica OptiMate, ci concentriamo principalmente su 3 tipi di batterie agli ioni di litio:<br \/>\nOssido di litio manganese (LMO), ossido di litio cobalto (LCO) e ossido di litio nichel manganese cobalto (NMC), con una tensione nominale per cella di 3.6V-3.7V e con una tensione di carica massima di 4.2V per cella. Le batterie NMC sono le batterie pi\u00f9 popolari per le E-bike.<\/p>\n<p>&nbsp;<\/p>\n<p><img loading=\"lazy\" decoding=\"async\" class=\"alignleft wp-image-19321 size-full\" src=\"https:\/\/optimate1.com\/wp-content\/uploads\/2023\/04\/Car-Battery-Charger-banner_9-copy-12.png\" alt=\"\" width=\"1280\" height=\"340\" \/><\/p>\n<h2>Controllo della temperatura: perch\u00e9 \u00e8 importante<\/h2>\n<p>Le batterie al litio possono essere scaricate in un ampio intervallo di temperature, ma non \u00e8 una buona idea caricarle a temperature estreme. Il freddo e il caldo estremi riducono l&#8217;accettazione della carica. L&#8217;intervallo di prestazioni migliori della batteria \u00e8 compreso tra 10\u00b0C e 30\u00b0C, con l&#8217;intervallo di ricarica ideale tra 0\u00b0C e 40\u00b0C.<\/p>\n<p>&#8211; 20\u00b0C e inferiori: nessun addebito<\/p>\n<p>Da -20\u00b0C a -10\u00b0C: carica al 25% di corrente<\/p>\n<p>&#8211; Da 10\u00b0C a 0\u00b0C: carica al 50% della corrente<\/p>\n<p>Da 0\u00b0C a 40\u00b0C: carica al 100% della corrente<\/p>\n<p>Da 40\u00b0C a 50\u00b0C: carica al 50% della corrente<\/p>\n<p>Da 50\u00b0C a 55\u00b0C: carica al 25% di corrente<\/p>\n<p>55\u00b0C e oltre: gratuito<\/p>\n<p><img decoding=\"async\" src=\"https:\/\/optimate1.com\/wp-content\/uploads\/2023\/04\/Car-Battery-Charger-banner_9-copy-10.png\" \/><\/p>\n<p>Gli innovativi caricabatterie intelligenti OptiMate sono dotati di <strong>funzionalit\u00e0 avanzate<\/strong> per recuperare in sicurezza le batterie con una carica inferiore al 40%. La sicurezza durante la ricarica \u00e8 fondamentale per evitare che la batteria si sovracarichi o si scarichi. Entrambi danneggeranno la batteria e ne ridurranno la durata.<\/p>\n<p><img loading=\"lazy\" decoding=\"async\" class=\"alignleft wp-image-19321 size-full\" src=\"https:\/\/optimate1.com\/wp-content\/uploads\/2023\/04\/charge-wait-algorithm-copy.png\" alt=\"\" width=\"1280\" height=\"340\" \/><\/p>\n<p>&nbsp;<\/p>\n<p>OptiMate offre anche una gamma di connettori e cavi adattatori per adattarsi alla batteria della tua e-bike.<\/p>\n<p><img loading=\"lazy\" decoding=\"async\" class=\"alignleft wp-image-19321 size-full\" src=\"https:\/\/optimate1.com\/wp-content\/uploads\/2023\/05\/Car-Battery-Charger-banner_9-copy-13.png\" alt=\"\" width=\"1280\" height=\"340\" \/><\/p>\n<p>Un monitor di sicurezza che pu\u00f2 essere montato tra la batteria ed un eventuale caricabatteria, permette di monitorare in ogni momento la carica della batteria. Se viene rilevata una cella danneggiata, il caricabatterie interromper\u00e0 automaticamente la ricarica per evitare il surriscaldamento o ulteriori danni alla batteria. Con queste funzionalit\u00e0 di sicurezza, puoi fidarti di OptiMate per mantenere la batteria della tua bici elettrica al sicuro e in condizioni eccellenti.<\/p>\n<p><img loading=\"lazy\" decoding=\"async\" class=\"alignleft wp-image-19321 size-full\" src=\"https:\/\/optimate1.com\/wp-content\/uploads\/2023\/05\/Car-Battery-Charger-banner_9-copy-14.png\" alt=\"\" width=\"1280\" height=\"340\" \/><\/p>\n<p>In sintesi, se vuoi garantire la sicurezza e la longevit\u00e0 della batteria agli ioni di litio per la tua bicicletta elettrica, allora sei nel posto giusto su OptiMate! Con le loro funzionalit\u00e0 avanzate, caratteristiche di sicurezza e test rigorosi, i caricabatterie OptiMate sono la scelta intelligente per qualsiasi proprietario di bicicletta elettrica che desidera ottenere il massimo dal proprio investimento.<\/p>\n<h6 style=\"text-align: center;\">Copyright 2023. TecMate International<\/h6>\n","protected":false},"excerpt":{"rendered":"<p>Conservazione e ricarica sicure: proteggi la batteria della tua e-bike con i caricabatterie OptiMate I prodotti Caricabatterie ad alte prestazioni OptiMate includono caricabatterie intelligenti innovativi con selezione dell&#8217;utente per Maggiore DURATA, Pi\u00f9 POTENZA e modalit\u00e0 Sleep per una conservazione sicura a lungo termine, nonch\u00e9 connettori e monitoraggio intelligente della batteria. Il nostro obiettivo \u00e8 fornire &hellip;<\/p>\n<p class=\"read-more\"> <a class=\" thunk-readmore button \" href=\"https:\/\/optimate1.com\/it\/conservazione-e-ricarica-sicure-proteggi-la-batteria-della-tua-e-bike-con-i-caricabatterie-optimate\/\"> <span class=\"screen-reader-text\">Conservazione e ricarica sicure: proteggi la batteria della tua e-bike con i caricabatterie OptiMate<\/span>Read More<\/a><\/p>\n","protected":false},"author":12,"featured_media":34731,"parent":0,"menu_order":0,"comment_status":"closed","ping_status":"closed","template":"","meta":{"footnotes":""},"class_list":["post-34737","page","type-page","status-publish","has-post-thumbnail","hentry","thunk-woo-product-list","opn-qv-enable","big-store-woo-hover-","open-single-product-tab-horizontal","open-shadow-","open-shadow-hover-"],"yoast_head":"<!-- This site is optimized with the Yoast SEO plugin v27.4 - https:\/\/yoast.com\/product\/yoast-seo-wordpress\/ -->\n<title>Conservazione e ricarica sicure: proteggi la batteria della tua e-bike con i caricabatterie OptiMate - OptiMate<\/title>\n<meta name=\"description\" content=\"Conservazione e ricarica sicure: proteggi la batteria della tua e-bike con i caricabatterie OptiMate. Fare clic per ulteriori informazioni.\" \/>\n<meta name=\"robots\" content=\"index, follow, max-snippet:-1, max-image-preview:large, max-video-preview:-1, noarchive\" \/>\n<link rel=\"canonical\" href=\"https:\/\/optimate1.com\/electric-bike-charger\/\" \/>\n<meta property=\"og:locale\" content=\"it_IT\" \/>\n<meta property=\"og:type\" content=\"article\" \/>\n<meta property=\"og:title\" content=\"Conservazione e ricarica sicure: proteggi la batteria della tua e-bike con i caricabatterie OptiMate - OptiMate\" \/>\n<meta property=\"og:description\" content=\"Conservazione e ricarica sicure: proteggi la batteria della tua e-bike con i caricabatterie OptiMate. Fare clic per ulteriori informazioni.\" \/>\n<meta property=\"og:url\" content=\"https:\/\/optimate1.com\/electric-bike-charger\/\" \/>\n<meta property=\"og:site_name\" content=\"OptiMate\" \/>\n<meta property=\"article:publisher\" content=\"https:\/\/www.facebook.com\/OptiMatebatterysavingcharger\/\" \/>\n<meta property=\"article:modified_time\" content=\"2023-11-03T09:51:44+00:00\" \/>\n<meta property=\"og:image\" content=\"https:\/\/optimate1.com\/wp-content\/uploads\/2023\/11\/Ebike-IT.png\" \/>\n\t<meta property=\"og:image:width\" content=\"1080\" \/>\n\t<meta property=\"og:image:height\" content=\"1080\" \/>\n\t<meta property=\"og:image:type\" content=\"image\/png\" \/>\n<meta name=\"twitter:card\" content=\"summary_large_image\" \/>\n<meta name=\"twitter:label1\" content=\"Tempo di lettura stimato\" \/>\n\t<meta name=\"twitter:data1\" content=\"4 minuti\" \/>\n<script type=\"application\/ld+json\" class=\"yoast-schema-graph\">{\"@context\":\"https:\\\/\\\/schema.org\",\"@graph\":[{\"@type\":\"WebPage\",\"@id\":\"https:\\\/\\\/optimate1.com\\\/electric-bike-charger\\\/\",\"url\":\"https:\\\/\\\/optimate1.com\\\/electric-bike-charger\\\/\",\"name\":\"Conservazione e ricarica sicure: proteggi la batteria della tua e-bike con i caricabatterie OptiMate - OptiMate\",\"isPartOf\":{\"@id\":\"https:\\\/\\\/optimate1.com\\\/#website\"},\"primaryImageOfPage\":{\"@id\":\"https:\\\/\\\/optimate1.com\\\/electric-bike-charger\\\/#primaryimage\"},\"image\":{\"@id\":\"https:\\\/\\\/optimate1.com\\\/electric-bike-charger\\\/#primaryimage\"},\"thumbnailUrl\":\"https:\\\/\\\/optimate1.com\\\/wp-content\\\/uploads\\\/2023\\\/11\\\/Ebike-IT.png\",\"datePublished\":\"2023-11-02T14:56:47+00:00\",\"dateModified\":\"2023-11-03T09:51:44+00:00\",\"description\":\"Conservazione e ricarica sicure: proteggi la batteria della tua e-bike con i caricabatterie OptiMate. Fare clic per ulteriori informazioni.\",\"breadcrumb\":{\"@id\":\"https:\\\/\\\/optimate1.com\\\/electric-bike-charger\\\/#breadcrumb\"},\"inLanguage\":\"it-IT\",\"potentialAction\":[{\"@type\":\"ReadAction\",\"target\":[\"https:\\\/\\\/optimate1.com\\\/electric-bike-charger\\\/\"]}]},{\"@type\":\"ImageObject\",\"inLanguage\":\"it-IT\",\"@id\":\"https:\\\/\\\/optimate1.com\\\/electric-bike-charger\\\/#primaryimage\",\"url\":\"https:\\\/\\\/optimate1.com\\\/wp-content\\\/uploads\\\/2023\\\/11\\\/Ebike-IT.png\",\"contentUrl\":\"https:\\\/\\\/optimate1.com\\\/wp-content\\\/uploads\\\/2023\\\/11\\\/Ebike-IT.png\",\"width\":1080,\"height\":1080},{\"@type\":\"BreadcrumbList\",\"@id\":\"https:\\\/\\\/optimate1.com\\\/electric-bike-charger\\\/#breadcrumb\",\"itemListElement\":[{\"@type\":\"ListItem\",\"position\":1,\"name\":\"Home\",\"item\":\"https:\\\/\\\/optimate1.com\\\/\"},{\"@type\":\"ListItem\",\"position\":2,\"name\":\"Ottimizza la durata della batteria della tua bici elettrica con i caricabatterie OptiMate\"}]},{\"@type\":\"WebSite\",\"@id\":\"https:\\\/\\\/optimate1.com\\\/#website\",\"url\":\"https:\\\/\\\/optimate1.com\\\/\",\"name\":\"OptiMate\",\"description\":\"Battery Chargers &amp; Accessories\",\"publisher\":{\"@id\":\"https:\\\/\\\/optimate1.com\\\/#organization\"},\"potentialAction\":[{\"@type\":\"SearchAction\",\"target\":{\"@type\":\"EntryPoint\",\"urlTemplate\":\"https:\\\/\\\/optimate1.com\\\/?s={search_term_string}\"},\"query-input\":{\"@type\":\"PropertyValueSpecification\",\"valueRequired\":true,\"valueName\":\"search_term_string\"}}],\"inLanguage\":\"it-IT\"},{\"@type\":\"Organization\",\"@id\":\"https:\\\/\\\/optimate1.com\\\/#organization\",\"name\":\"OptiMate\",\"url\":\"https:\\\/\\\/optimate1.com\\\/\",\"logo\":{\"@type\":\"ImageObject\",\"inLanguage\":\"it-IT\",\"@id\":\"https:\\\/\\\/optimate1.com\\\/#\\\/schema\\\/logo\\\/image\\\/\",\"url\":\"https:\\\/\\\/optimate1.com\\\/wp-content\\\/uploads\\\/2021\\\/06\\\/optimate-hpbc-stacklogo.jpg\",\"contentUrl\":\"https:\\\/\\\/optimate1.com\\\/wp-content\\\/uploads\\\/2021\\\/06\\\/optimate-hpbc-stacklogo.jpg\",\"width\":1025,\"height\":529,\"caption\":\"OptiMate\"},\"image\":{\"@id\":\"https:\\\/\\\/optimate1.com\\\/#\\\/schema\\\/logo\\\/image\\\/\"},\"sameAs\":[\"https:\\\/\\\/www.facebook.com\\\/OptiMatebatterysavingcharger\\\/\"]}]}<\/script>\n<!-- \/ Yoast SEO plugin. -->","yoast_head_json":{"title":"Conservazione e ricarica sicure: proteggi la batteria della tua e-bike con i caricabatterie OptiMate - OptiMate","description":"Conservazione e ricarica sicure: proteggi la batteria della tua e-bike con i caricabatterie OptiMate. Fare clic per ulteriori informazioni.","robots":{"index":"index","follow":"follow","max-snippet":"max-snippet:-1","max-image-preview":"max-image-preview:large","max-video-preview":"max-video-preview:-1","archive":"noarchive"},"canonical":"https:\/\/optimate1.com\/electric-bike-charger\/","og_locale":"it_IT","og_type":"article","og_title":"Conservazione e ricarica sicure: proteggi la batteria della tua e-bike con i caricabatterie OptiMate - OptiMate","og_description":"Conservazione e ricarica sicure: proteggi la batteria della tua e-bike con i caricabatterie OptiMate. Fare clic per ulteriori informazioni.","og_url":"https:\/\/optimate1.com\/electric-bike-charger\/","og_site_name":"OptiMate","article_publisher":"https:\/\/www.facebook.com\/OptiMatebatterysavingcharger\/","article_modified_time":"2023-11-03T09:51:44+00:00","og_image":[{"width":1080,"height":1080,"url":"https:\/\/optimate1.com\/wp-content\/uploads\/2023\/11\/Ebike-IT.png","type":"image\/png"}],"twitter_card":"summary_large_image","twitter_misc":{"Tempo di lettura stimato":"4 minuti"},"schema":{"@context":"https:\/\/schema.org","@graph":[{"@type":"WebPage","@id":"https:\/\/optimate1.com\/electric-bike-charger\/","url":"https:\/\/optimate1.com\/electric-bike-charger\/","name":"Conservazione e ricarica sicure: proteggi la batteria della tua e-bike con i caricabatterie OptiMate - OptiMate","isPartOf":{"@id":"https:\/\/optimate1.com\/#website"},"primaryImageOfPage":{"@id":"https:\/\/optimate1.com\/electric-bike-charger\/#primaryimage"},"image":{"@id":"https:\/\/optimate1.com\/electric-bike-charger\/#primaryimage"},"thumbnailUrl":"https:\/\/optimate1.com\/wp-content\/uploads\/2023\/11\/Ebike-IT.png","datePublished":"2023-11-02T14:56:47+00:00","dateModified":"2023-11-03T09:51:44+00:00","description":"Conservazione e ricarica sicure: proteggi la batteria della tua e-bike con i caricabatterie OptiMate. Fare clic per ulteriori informazioni.","breadcrumb":{"@id":"https:\/\/optimate1.com\/electric-bike-charger\/#breadcrumb"},"inLanguage":"it-IT","potentialAction":[{"@type":"ReadAction","target":["https:\/\/optimate1.com\/electric-bike-charger\/"]}]},{"@type":"ImageObject","inLanguage":"it-IT","@id":"https:\/\/optimate1.com\/electric-bike-charger\/#primaryimage","url":"https:\/\/optimate1.com\/wp-content\/uploads\/2023\/11\/Ebike-IT.png","contentUrl":"https:\/\/optimate1.com\/wp-content\/uploads\/2023\/11\/Ebike-IT.png","width":1080,"height":1080},{"@type":"BreadcrumbList","@id":"https:\/\/optimate1.com\/electric-bike-charger\/#breadcrumb","itemListElement":[{"@type":"ListItem","position":1,"name":"Home","item":"https:\/\/optimate1.com\/"},{"@type":"ListItem","position":2,"name":"Ottimizza la durata della batteria della tua bici elettrica con i caricabatterie OptiMate"}]},{"@type":"WebSite","@id":"https:\/\/optimate1.com\/#website","url":"https:\/\/optimate1.com\/","name":"OptiMate","description":"Battery Chargers &amp; Accessories","publisher":{"@id":"https:\/\/optimate1.com\/#organization"},"potentialAction":[{"@type":"SearchAction","target":{"@type":"EntryPoint","urlTemplate":"https:\/\/optimate1.com\/?s={search_term_string}"},"query-input":{"@type":"PropertyValueSpecification","valueRequired":true,"valueName":"search_term_string"}}],"inLanguage":"it-IT"},{"@type":"Organization","@id":"https:\/\/optimate1.com\/#organization","name":"OptiMate","url":"https:\/\/optimate1.com\/","logo":{"@type":"ImageObject","inLanguage":"it-IT","@id":"https:\/\/optimate1.com\/#\/schema\/logo\/image\/","url":"https:\/\/optimate1.com\/wp-content\/uploads\/2021\/06\/optimate-hpbc-stacklogo.jpg","contentUrl":"https:\/\/optimate1.com\/wp-content\/uploads\/2021\/06\/optimate-hpbc-stacklogo.jpg","width":1025,"height":529,"caption":"OptiMate"},"image":{"@id":"https:\/\/optimate1.com\/#\/schema\/logo\/image\/"},"sameAs":["https:\/\/www.facebook.com\/OptiMatebatterysavingcharger\/"]}]}},"_links":{"self":[{"href":"https:\/\/optimate1.com\/it\/wp-json\/wp\/v2\/pages\/34737","targetHints":{"allow":["GET"]}}],"collection":[{"href":"https:\/\/optimate1.com\/it\/wp-json\/wp\/v2\/pages"}],"about":[{"href":"https:\/\/optimate1.com\/it\/wp-json\/wp\/v2\/types\/page"}],"author":[{"embeddable":true,"href":"https:\/\/optimate1.com\/it\/wp-json\/wp\/v2\/users\/12"}],"replies":[{"embeddable":true,"href":"https:\/\/optimate1.com\/it\/wp-json\/wp\/v2\/comments?post=34737"}],"version-history":[{"count":1,"href":"https:\/\/optimate1.com\/it\/wp-json\/wp\/v2\/pages\/34737\/revisions"}],"predecessor-version":[{"id":34738,"href":"https:\/\/optimate1.com\/it\/wp-json\/wp\/v2\/pages\/34737\/revisions\/34738"}],"wp:featuredmedia":[{"embeddable":true,"href":"https:\/\/optimate1.com\/it\/wp-json\/wp\/v2\/media\/34731"}],"wp:attachment":[{"href":"https:\/\/optimate1.com\/it\/wp-json\/wp\/v2\/media?parent=34737"}],"curies":[{"name":"wp","href":"https:\/\/api.w.org\/{rel}","templated":true}]}}