{"id":21522,"date":"2020-12-01T04:17:11","date_gmt":"2020-12-01T09:17:11","guid":{"rendered":"https:\/\/optimate1.com\/product\/optimate-7-ampmatic-silver\/"},"modified":"2024-11-12T06:06:11","modified_gmt":"2024-11-12T11:06:11","slug":"optimate-7-ampmatic-caricabatterie-auto-12v","status":"publish","type":"product","link":"https:\/\/optimate1.com\/it\/prodotto\/optimate-7-ampmatic-caricabatterie-auto-12v\/","title":{"rendered":"OptiMate 7 Ampmatic"},"content":{"rendered":"<h6 style=\"text-align: center;\"><strong><span style=\"color: #10069f;\">OptiMate 7 Ampmatic &#8220;serie SILVER&#8221; \u00e8 il caricabatterie completamente automatico pi\u00f9 intelligente per la batteria al piombo da 12V della vostra moto, auto\/ pick-up, barca o camper. <\/span><\/strong><i><span style=\"color: #10069f;\">&#8211; <\/span><span style=\"color: #10069f;\">il caricabatterie universale facile da usare che si adatta alla vostra batteria! \u00a0<\/span><\/i><\/h6>\n<h6 style=\"text-align: center;\"><img loading=\"lazy\" decoding=\"async\" class=\"aligncenter wp-image-20668\" src=\"https:\/\/optimate1.com\/wp-content\/uploads\/2021\/11\/Vehicles_TM254-01-x-01.png\" alt=\"The 12V automatic battery charger is recommended for cars, 4x4 cars, motorcycles, RV, maritime and industrial vehicles.\" width=\"428\" height=\"66\" \/><\/h6>\n<p>&nbsp;<\/p>\n<h6 style=\"text-align: center;\"><strong><span style=\"color: #10069f;\">Il programma multi-step completamente automatico porta la batteria in modo sicuro alla carica completa &#8211; <\/span><\/strong><i><span style=\"color: #10069f;\">Collegato alla batteria, OptiMate 7 Ampmatic fa il resto, senza bisogno di supervisione!<\/span><\/i><\/h6>\n<h6 style=\"text-align: center;\"><img loading=\"lazy\" decoding=\"async\" class=\"aligncenter wp-image-20876\" src=\"https:\/\/optimate1.com\/wp-content\/uploads\/2020\/12\/connect-save-charge-optimize-maintain-200.png\" alt=\"The fully automatic multi-step program to full charge the battery safely. \" width=\"428\" height=\"70\" \/><\/h6>\n<p>&nbsp;<\/p>\n<p>&nbsp;<\/p>\n<h4 style=\"text-align: center;\"><strong><span style=\"text-decoration: underline;\">ALTRE FUNZIONI:<\/span><\/strong><\/h4>\n<p style=\"text-align: center;\">\n<table id=\"tablepress-447\" class=\"tablepress tablepress-id-447\">\n<tbody class=\"row-hover\">\n<tr class=\"row-1\">\n\t<td class=\"column-1\"><a href=\"\"><img loading=\"lazy\" decoding=\"async\" src=\"https:\/\/optimate1.com\/wp-content\/uploads\/2023\/09\/optimate-ampmatic-6.png\" alt=\"\" width=\"300\" height=\"50\" class=\"aligncenter size-medium wp-image-20927\" \/><\/a><body><h6><center>Per batterie al piombo-acido (Pb) da 12V per sport e automobili, tra cui STD (con tappi di riempimento), AGM e GEL (VRLA sigillate).<\/body><\/h6><\/center><br \/>\n<\/td>\n<\/tr>\n<tr class=\"row-2\">\n\t<td class=\"column-1\"><a href=\"https:\/\/optimate1.com\/wp-content\/uploads\/2020\/12\/Green-arrow-ampmatic-logo2-.png\"><img loading=\"lazy\" decoding=\"async\" src=\"https:\/\/optimate1.com\/wp-content\/uploads\/2020\/12\/Ampmatic-SFL200.png\" alt=\"\" width=\"300\" height=\"50\" class=\"aligncenter size-medium wp-image-20927\" \/><\/a><body><h6><center>Regola automaticamente la corrente in base alle dimensioni e alle condizioni della batteria.<\/body><\/h6><\/center><br \/>\n<\/td>\n<\/tr>\n<tr class=\"row-3\">\n\t<td class=\"column-1\"><a href=\"https:\/\/optimate1.com\/wp-content\/uploads\/2020\/12\/Ambient-SFL200-1.png\"><img loading=\"lazy\" decoding=\"async\" src=\"https:\/\/optimate1.com\/wp-content\/uploads\/2020\/12\/Ambient-SFL200-1.png\" alt=\"\" width=\"300\" height=\"50\" class=\"aligncenter size-medium wp-image-20928\" \/><\/a><body><h6><center>Compensazione della temperatura: La tensione \u00e8 regolata pi\u00f9 alta quando fa freddo, o pi\u00f9 bassa quando fa caldo.<\/body><\/h6><\/center><\/td>\n<\/tr>\n<tr class=\"row-4\">\n\t<td class=\"column-1\"><a href=\"https:\/\/optimate1.com\/wp-content\/uploads\/2020\/12\/SAFE-connected-x2.jpg\"><img loading=\"lazy\" decoding=\"async\" src=\"https:\/\/optimate1.com\/wp-content\/uploads\/2020\/12\/SAFE-connected-x2-300x49.jpg\" alt=\"\" width=\"300\" height=\"50\" class=\"aligncenter size-medium wp-image-20995\" srcset=\"https:\/\/optimate1.com\/wp-content\/uploads\/2020\/12\/SAFE-connected-x2-300x49.jpg 300w, https:\/\/optimate1.com\/wp-content\/uploads\/2020\/12\/SAFE-connected-x2-600x98.jpg 600w, https:\/\/optimate1.com\/wp-content\/uploads\/2020\/12\/SAFE-connected-x2-64x10.jpg 64w, https:\/\/optimate1.com\/wp-content\/uploads\/2020\/12\/SAFE-connected-x2-768x126.jpg 768w, https:\/\/optimate1.com\/wp-content\/uploads\/2020\/12\/SAFE-connected-x2.jpg 856w\" sizes=\"auto, (max-width: 300px) 100vw, 300px\" \/><\/a><body><h6><center>Sicuro da lasciare collegato. Protezione totale dell\u2019elettronica.<\/body><\/h6><\/center><\/td>\n<\/tr>\n<tr class=\"row-5\">\n\t<td class=\"column-1\"><a href=\"https:\/\/optimate1.com\/wp-content\/uploads\/2020\/12\/24-7-x2.png\"><img loading=\"lazy\" decoding=\"async\" src=\"https:\/\/optimate1.com\/wp-content\/uploads\/2020\/12\/24-7-x2-300x49.png\" alt=\"\" width=\"300\" height=\"50\" class=\"aligncenter size-medium wp-image-20982\" srcset=\"https:\/\/optimate1.com\/wp-content\/uploads\/2020\/12\/24-7-x2-300x49.png 300w, https:\/\/optimate1.com\/wp-content\/uploads\/2020\/12\/24-7-x2-600x98.png 600w, https:\/\/optimate1.com\/wp-content\/uploads\/2020\/12\/24-7-x2-64x10.png 64w, https:\/\/optimate1.com\/wp-content\/uploads\/2020\/12\/24-7-x2-768x126.png 768w, https:\/\/optimate1.com\/wp-content\/uploads\/2020\/12\/24-7-x2.png 856w\" sizes=\"auto, (max-width: 300px) 100vw, 300px\" \/><\/a><body><h6><center>Mantiene la batteria a piena carica e in buone condizioni.<\/center><\/h6><\/body><\/td>\n<\/tr>\n<tr class=\"row-6\">\n\t<td class=\"column-1\"><a href=\"https:\/\/optimate1.com\/wp-content\/uploads\/2020\/12\/SAVE-dead-battery-x2.png\"><img loading=\"lazy\" decoding=\"async\" src=\"https:\/\/optimate1.com\/wp-content\/uploads\/2020\/12\/SAVE-dead-battery-x2-300x49.png\" alt=\"\" width=\"300\" height=\"50\" class=\"aligncenter size-medium wp-image-20993\" srcset=\"https:\/\/optimate1.com\/wp-content\/uploads\/2020\/12\/SAVE-dead-battery-x2-300x49.png 300w, https:\/\/optimate1.com\/wp-content\/uploads\/2020\/12\/SAVE-dead-battery-x2-64x10.png 64w, https:\/\/optimate1.com\/wp-content\/uploads\/2020\/12\/SAVE-dead-battery-x2.png 428w\" sizes=\"auto, (max-width: 300px) 100vw, 300px\" \/><\/a><body><h6><center>Recupera la batteria \"scarica\" a partire da 0.5V.<\/body><\/h6><\/center><\/td>\n<\/tr>\n<tr class=\"row-7\">\n\t<td class=\"column-1\"><a href=\"https:\/\/optimate1.com\/wp-content\/uploads\/2020\/12\/state-of-health-test-3-LEDx2.png\"><img loading=\"lazy\" decoding=\"async\" src=\"https:\/\/optimate1.com\/wp-content\/uploads\/2020\/12\/state-of-health-test-3-LEDx2-300x49.png\" alt=\"\" width=\"300\" height=\"50\" class=\"aligncenter size-medium wp-image-20985\" srcset=\"https:\/\/optimate1.com\/wp-content\/uploads\/2020\/12\/state-of-health-test-3-LEDx2-300x49.png 300w, https:\/\/optimate1.com\/wp-content\/uploads\/2020\/12\/state-of-health-test-3-LEDx2-600x98.png 600w, https:\/\/optimate1.com\/wp-content\/uploads\/2020\/12\/state-of-health-test-3-LEDx2-64x10.png 64w, https:\/\/optimate1.com\/wp-content\/uploads\/2020\/12\/state-of-health-test-3-LEDx2-768x126.png 768w, https:\/\/optimate1.com\/wp-content\/uploads\/2020\/12\/state-of-health-test-3-LEDx2.png 856w\" sizes=\"auto, (max-width: 300px) 100vw, 300px\" \/><\/a><body><h6><center>Verifica lo stato di salute della batteria.<\/body><\/h6><\/center><\/td>\n<\/tr>\n<tr class=\"row-8\">\n\t<td class=\"column-1\"><a href=\"https:\/\/optimate1.com\/wp-content\/uploads\/2020\/12\/green-technology-hx2-1.png\"><img loading=\"lazy\" decoding=\"async\" src=\"https:\/\/optimate1.com\/wp-content\/uploads\/2020\/12\/green-technology-hx2-1-300x49.png\" alt=\"\" width=\"300\" height=\"50\" class=\"aligncenter size-medium wp-image-20983\" \/><\/a><body><h6><center>Tecnologia a risparmio energetico.<br \/>\n\u221a Potenza in stand-by inferiore a 0.5W.<br \/>\n\u221a Efficiente mantenimento della batteria 24 ore su 24, 7 giorni su 7.<\/body><\/h6><\/center><\/td>\n<\/tr>\n<tr class=\"row-9\">\n\t<td class=\"column-1\"><a href=\"https:\/\/optimate1.com\/wp-content\/uploads\/2020\/12\/weatherproof-x2.png\"><img loading=\"lazy\" decoding=\"async\" src=\"https:\/\/optimate1.com\/wp-content\/uploads\/2020\/12\/weatherproof-x2-300x49.png\" alt=\"\" width=\"300\" height=\"50\" class=\"aligncenter size-medium wp-image-21012\" srcset=\"https:\/\/optimate1.com\/wp-content\/uploads\/2020\/12\/weatherproof-x2-300x49.png 300w, https:\/\/optimate1.com\/wp-content\/uploads\/2020\/12\/weatherproof-x2-600x98.png 600w, https:\/\/optimate1.com\/wp-content\/uploads\/2020\/12\/weatherproof-x2-64x10.png 64w, https:\/\/optimate1.com\/wp-content\/uploads\/2020\/12\/weatherproof-x2-768x126.png 768w, https:\/\/optimate1.com\/wp-content\/uploads\/2020\/12\/weatherproof-x2.png 856w\" sizes=\"auto, (max-width: 300px) 100vw, 300px\" \/><\/a><body><h6><center>Resistente alle intemperie. Certificato per l\u2019uso fino a -40\u00b0C \/ -40\u00b0F.<\/body><\/h6><\/center><\/td>\n<\/tr>\n<\/tbody>\n<\/table>\n<!-- #tablepress-447 from cache --><\/p>\n","protected":false},"excerpt":{"rendered":"<h3><span style=\"color: #959b9d;\">Select SILVER: Caricatore e mantenitore ermetico di carica con recupero di batteria a 9 fasi per batterie da 12V 10A<\/span><\/h3>\n","protected":false},"featured_media":30018,"template":"","meta":[],"product_brand":[],"product_cat":[455],"product_tag":[],"class_list":{"0":"post-21522","1":"product","2":"type-product","3":"status-publish","4":"has-post-thumbnail","6":"product_cat-battery-chargers-it","7":"pa_charge-battery-chemistry-pb-agm-gel-std-lead-acid-it","8":"pa_charge-battery-more-12v-it","9":"pa_charge-battery-more-aeroplano-leggero","10":"pa_charge-battery-more-auto-pick-up-it","11":"pa_charge-battery-more-barca-moto-dacqua","12":"pa_charge-battery-more-camper-caravan","13":"pa_charge-battery-more-vecchi-tempi","14":"pa_power-ac-100-240vac-it","15":"pa_product-group-optimate-7-it","16":"pa_region-ca-it-2","17":"pa_region-eu-it-2","18":"pa_region-uk-it-2","19":"pa_region-us-it-2","20":"iside_voltage-12-it","21":"iside_ampere-9-9-it","22":"iside_vehicle-auto-ad-alte-prestazioni-auto-da-corsa","23":"iside_vehicle-rv-caravan-it","24":"iside_vehicle-marine-it","25":"iside_charger_series-silver-smarter-it","26":"iside_charger_features-manutenzione-sicura-della-batteria-24-7","27":"iside_charger_features-save-sulphated-pb-lead-acid-it","28":"iside_charger_features-regolare-la-tensione-in-base-alla-temperatura-per-pb","29":"iside_charger_type-single-it","30":"iside_battery_voltage-12v-it","31":"iside_battery_chemistry-pb-lead-acid-it","32":"battery_charger_current-7-10a-it","33":"battery_charger_current-ampmatic-1-to-10a-it","34":"thunk-woo-product-list","35":"opn-qv-enable","36":"big-store-woo-hover-","37":"open-single-product-tab-horizontal","38":"open-shadow-","39":"open-shadow-hover-","41":"first","42":"instock","43":"shipping-taxable","44":"purchasable","45":"product-type-simple"},"yoast_head":"<!-- This site is optimized with the Yoast SEO plugin v27.2 - https:\/\/yoast.com\/product\/yoast-seo-wordpress\/ -->\n<title>OptiMate 7 Ampmatic - OptiMate<\/title>\n<meta name=\"description\" content=\"Il OptiMate 7 Ampmatic \u00e8 il pi\u00f9 intelligente caricabatterie auto completamente automatico per batterie al piombo-acido da 12V. Leggi di pi\u00f9!\" \/>\n<meta name=\"robots\" content=\"index, follow, max-snippet:-1, max-image-preview:large, max-video-preview:-1, noarchive\" \/>\n<link rel=\"canonical\" href=\"https:\/\/optimate1.com\/product\/om7\/\" \/>\n<meta property=\"og:locale\" content=\"it_IT\" \/>\n<meta property=\"og:type\" content=\"article\" \/>\n<meta property=\"og:title\" content=\"OptiMate 7 Ampmatic - OptiMate\" \/>\n<meta property=\"og:description\" content=\"Il OptiMate 7 Ampmatic \u00e8 il pi\u00f9 intelligente caricabatterie auto completamente automatico per batterie al piombo-acido da 12V. Leggi di pi\u00f9!\" \/>\n<meta property=\"og:url\" content=\"https:\/\/optimate1.com\/product\/om7\/\" \/>\n<meta property=\"og:site_name\" content=\"OptiMate\" \/>\n<meta property=\"article:publisher\" content=\"https:\/\/www.facebook.com\/OptiMatebatterysavingcharger\/\" \/>\n<meta property=\"article:modified_time\" content=\"2024-11-12T11:06:11+00:00\" \/>\n<meta property=\"og:image\" content=\"https:\/\/optimate1.com\/wp-content\/uploads\/2022\/07\/OptiMate-7-TM254-5-silver-corner-it.png\" \/>\n\t<meta property=\"og:image:width\" content=\"900\" \/>\n\t<meta property=\"og:image:height\" content=\"900\" \/>\n\t<meta property=\"og:image:type\" content=\"image\/png\" \/>\n<meta name=\"twitter:card\" content=\"summary_large_image\" \/>\n<meta name=\"twitter:label1\" content=\"Tempo di lettura stimato\" \/>\n\t<meta name=\"twitter:data1\" content=\"1 minuto\" \/>\n<script type=\"application\/ld+json\" class=\"yoast-schema-graph\">{\"@context\":\"https:\/\/schema.org\",\"@graph\":[{\"@type\":\"WebPage\",\"@id\":\"https:\/\/optimate1.com\/product\/om7\/\",\"url\":\"https:\/\/optimate1.com\/product\/om7\/\",\"name\":\"OptiMate 7 Ampmatic - OptiMate\",\"isPartOf\":{\"@id\":\"https:\/\/optimate1.com\/#website\"},\"primaryImageOfPage\":{\"@id\":\"https:\/\/optimate1.com\/product\/om7\/#primaryimage\"},\"image\":{\"@id\":\"https:\/\/optimate1.com\/product\/om7\/#primaryimage\"},\"thumbnailUrl\":\"https:\/\/optimate1.com\/wp-content\/uploads\/2022\/07\/OptiMate-7-TM254-5-silver-corner-it.png\",\"datePublished\":\"2020-12-01T09:17:11+00:00\",\"dateModified\":\"2024-11-12T11:06:11+00:00\",\"description\":\"Il OptiMate 7 Ampmatic \u00e8 il pi\u00f9 intelligente caricabatterie auto completamente automatico per batterie al piombo-acido da 12V. Leggi di pi\u00f9!\",\"breadcrumb\":{\"@id\":\"https:\/\/optimate1.com\/product\/om7\/#breadcrumb\"},\"inLanguage\":\"it-IT\",\"potentialAction\":[{\"@type\":\"ReadAction\",\"target\":[\"https:\/\/optimate1.com\/product\/om7\/\"]}]},{\"@type\":\"ImageObject\",\"inLanguage\":\"it-IT\",\"@id\":\"https:\/\/optimate1.com\/product\/om7\/#primaryimage\",\"url\":\"https:\/\/optimate1.com\/wp-content\/uploads\/2022\/07\/OptiMate-7-TM254-5-silver-corner-it.png\",\"contentUrl\":\"https:\/\/optimate1.com\/wp-content\/uploads\/2022\/07\/OptiMate-7-TM254-5-silver-corner-it.png\",\"width\":900,\"height\":900,\"caption\":\"caricabatterie auto 12v immagine del prodotto\"},{\"@type\":\"BreadcrumbList\",\"@id\":\"https:\/\/optimate1.com\/product\/om7\/#breadcrumb\",\"itemListElement\":[{\"@type\":\"ListItem\",\"position\":1,\"name\":\"Home\",\"item\":\"https:\/\/optimate1.com\/\"},{\"@type\":\"ListItem\",\"position\":2,\"name\":\"Prodotti\",\"item\":\"https:\/\/optimate1.com\/shop\/\"},{\"@type\":\"ListItem\",\"position\":3,\"name\":\"OptiMate 7 Ampmatic\"}]},{\"@type\":\"WebSite\",\"@id\":\"https:\/\/optimate1.com\/#website\",\"url\":\"https:\/\/optimate1.com\/\",\"name\":\"OptiMate\",\"description\":\"Battery Chargers &amp; Accessories\",\"publisher\":{\"@id\":\"https:\/\/optimate1.com\/#organization\"},\"potentialAction\":[{\"@type\":\"SearchAction\",\"target\":{\"@type\":\"EntryPoint\",\"urlTemplate\":\"https:\/\/optimate1.com\/?s={search_term_string}\"},\"query-input\":{\"@type\":\"PropertyValueSpecification\",\"valueRequired\":true,\"valueName\":\"search_term_string\"}}],\"inLanguage\":\"it-IT\"},{\"@type\":\"Organization\",\"@id\":\"https:\/\/optimate1.com\/#organization\",\"name\":\"OptiMate\",\"url\":\"https:\/\/optimate1.com\/\",\"logo\":{\"@type\":\"ImageObject\",\"inLanguage\":\"it-IT\",\"@id\":\"https:\/\/optimate1.com\/#\/schema\/logo\/image\/\",\"url\":\"https:\/\/optimate1.com\/wp-content\/uploads\/2021\/06\/optimate-hpbc-stacklogo.jpg\",\"contentUrl\":\"https:\/\/optimate1.com\/wp-content\/uploads\/2021\/06\/optimate-hpbc-stacklogo.jpg\",\"width\":1025,\"height\":529,\"caption\":\"OptiMate\"},\"image\":{\"@id\":\"https:\/\/optimate1.com\/#\/schema\/logo\/image\/\"},\"sameAs\":[\"https:\/\/www.facebook.com\/OptiMatebatterysavingcharger\/\"]}]}<\/script>\n<!-- \/ Yoast SEO plugin. -->","yoast_head_json":{"title":"OptiMate 7 Ampmatic - OptiMate","description":"Il OptiMate 7 Ampmatic \u00e8 il pi\u00f9 intelligente caricabatterie auto completamente automatico per batterie al piombo-acido da 12V. Leggi di pi\u00f9!","robots":{"index":"index","follow":"follow","max-snippet":"max-snippet:-1","max-image-preview":"max-image-preview:large","max-video-preview":"max-video-preview:-1","archive":"noarchive"},"canonical":"https:\/\/optimate1.com\/product\/om7\/","og_locale":"it_IT","og_type":"article","og_title":"OptiMate 7 Ampmatic - OptiMate","og_description":"Il OptiMate 7 Ampmatic \u00e8 il pi\u00f9 intelligente caricabatterie auto completamente automatico per batterie al piombo-acido da 12V. Leggi di pi\u00f9!","og_url":"https:\/\/optimate1.com\/product\/om7\/","og_site_name":"OptiMate","article_publisher":"https:\/\/www.facebook.com\/OptiMatebatterysavingcharger\/","article_modified_time":"2024-11-12T11:06:11+00:00","og_image":[{"width":900,"height":900,"url":"https:\/\/optimate1.com\/wp-content\/uploads\/2022\/07\/OptiMate-7-TM254-5-silver-corner-it.png","type":"image\/png"}],"twitter_card":"summary_large_image","twitter_misc":{"Tempo di lettura stimato":"1 minuto"},"schema":{"@context":"https:\/\/schema.org","@graph":[{"@type":"WebPage","@id":"https:\/\/optimate1.com\/product\/om7\/","url":"https:\/\/optimate1.com\/product\/om7\/","name":"OptiMate 7 Ampmatic - OptiMate","isPartOf":{"@id":"https:\/\/optimate1.com\/#website"},"primaryImageOfPage":{"@id":"https:\/\/optimate1.com\/product\/om7\/#primaryimage"},"image":{"@id":"https:\/\/optimate1.com\/product\/om7\/#primaryimage"},"thumbnailUrl":"https:\/\/optimate1.com\/wp-content\/uploads\/2022\/07\/OptiMate-7-TM254-5-silver-corner-it.png","datePublished":"2020-12-01T09:17:11+00:00","dateModified":"2024-11-12T11:06:11+00:00","description":"Il OptiMate 7 Ampmatic \u00e8 il pi\u00f9 intelligente caricabatterie auto completamente automatico per batterie al piombo-acido da 12V. Leggi di pi\u00f9!","breadcrumb":{"@id":"https:\/\/optimate1.com\/product\/om7\/#breadcrumb"},"inLanguage":"it-IT","potentialAction":[{"@type":"ReadAction","target":["https:\/\/optimate1.com\/product\/om7\/"]}]},{"@type":"ImageObject","inLanguage":"it-IT","@id":"https:\/\/optimate1.com\/product\/om7\/#primaryimage","url":"https:\/\/optimate1.com\/wp-content\/uploads\/2022\/07\/OptiMate-7-TM254-5-silver-corner-it.png","contentUrl":"https:\/\/optimate1.com\/wp-content\/uploads\/2022\/07\/OptiMate-7-TM254-5-silver-corner-it.png","width":900,"height":900,"caption":"caricabatterie auto 12v immagine del prodotto"},{"@type":"BreadcrumbList","@id":"https:\/\/optimate1.com\/product\/om7\/#breadcrumb","itemListElement":[{"@type":"ListItem","position":1,"name":"Home","item":"https:\/\/optimate1.com\/"},{"@type":"ListItem","position":2,"name":"Prodotti","item":"https:\/\/optimate1.com\/shop\/"},{"@type":"ListItem","position":3,"name":"OptiMate 7 Ampmatic"}]},{"@type":"WebSite","@id":"https:\/\/optimate1.com\/#website","url":"https:\/\/optimate1.com\/","name":"OptiMate","description":"Battery Chargers &amp; Accessories","publisher":{"@id":"https:\/\/optimate1.com\/#organization"},"potentialAction":[{"@type":"SearchAction","target":{"@type":"EntryPoint","urlTemplate":"https:\/\/optimate1.com\/?s={search_term_string}"},"query-input":{"@type":"PropertyValueSpecification","valueRequired":true,"valueName":"search_term_string"}}],"inLanguage":"it-IT"},{"@type":"Organization","@id":"https:\/\/optimate1.com\/#organization","name":"OptiMate","url":"https:\/\/optimate1.com\/","logo":{"@type":"ImageObject","inLanguage":"it-IT","@id":"https:\/\/optimate1.com\/#\/schema\/logo\/image\/","url":"https:\/\/optimate1.com\/wp-content\/uploads\/2021\/06\/optimate-hpbc-stacklogo.jpg","contentUrl":"https:\/\/optimate1.com\/wp-content\/uploads\/2021\/06\/optimate-hpbc-stacklogo.jpg","width":1025,"height":529,"caption":"OptiMate"},"image":{"@id":"https:\/\/optimate1.com\/#\/schema\/logo\/image\/"},"sameAs":["https:\/\/www.facebook.com\/OptiMatebatterysavingcharger\/"]}]}},"_links":{"self":[{"href":"https:\/\/optimate1.com\/it\/wp-json\/wp\/v2\/product\/21522","targetHints":{"allow":["GET"]}}],"collection":[{"href":"https:\/\/optimate1.com\/it\/wp-json\/wp\/v2\/product"}],"about":[{"href":"https:\/\/optimate1.com\/it\/wp-json\/wp\/v2\/types\/product"}],"wp:featuredmedia":[{"embeddable":true,"href":"https:\/\/optimate1.com\/it\/wp-json\/wp\/v2\/media\/30018"}],"wp:attachment":[{"href":"https:\/\/optimate1.com\/it\/wp-json\/wp\/v2\/media?parent=21522"}],"wp:term":[{"taxonomy":"product_brand","embeddable":true,"href":"https:\/\/optimate1.com\/it\/wp-json\/wp\/v2\/product_brand?post=21522"},{"taxonomy":"product_cat","embeddable":true,"href":"https:\/\/optimate1.com\/it\/wp-json\/wp\/v2\/product_cat?post=21522"},{"taxonomy":"product_tag","embeddable":true,"href":"https:\/\/optimate1.com\/it\/wp-json\/wp\/v2\/product_tag?post=21522"}],"curies":[{"name":"wp","href":"https:\/\/api.w.org\/{rel}","templated":true}]}}