{"id":38884,"date":"2025-04-07T03:19:31","date_gmt":"2025-04-07T07:19:31","guid":{"rendered":"https:\/\/optimate1.com\/?post_type=product&#038;p=38884"},"modified":"2026-03-26T04:53:45","modified_gmt":"2026-03-26T08:53:45","slug":"optimate-3-copy-2","status":"publish","type":"product","link":"https:\/\/optimate1.com\/it\/prodotto\/optimate-3-copy-2\/","title":{"rendered":"OptiMate 3"},"content":{"rendered":"<h6 style=\"text-align: center;\"><strong><span style=\"color: #10069f;\">OptiMate 3 \u00e8 il caricabatterie completamente sigillato pi\u00f9 affidabile per il risparmio della batteria &amp; maintainer &#8211; <\/span><\/strong><em><span style=\"color: #10069f;\">Il caricabatterie per moto pi\u00f9 popolare al mondo!<\/span><\/em><\/h6>\n<h6 style=\"text-align: center;\"><img loading=\"lazy\" decoding=\"async\" class=\"aligncenter wp-image-20668\" src=\"https:\/\/optimate1.com\/wp-content\/uploads\/2021\/11\/Vehicle-range-OM3-01.png\" alt=\"Il caricabatterie OptiMate 3 \u00e8 consigliato per le batterie di: motociclette, scooter, ATV, moto d'acqua, motoslitte, tosaerba.\" width=\"428\" height=\"66\" \/><\/h6>\n<p>&nbsp;<\/p>\n<h6 style=\"text-align: center;\"><strong><span style=\"color: #10069f;\">Il programma multi-step completamente automatico porta la batteria in modo sicuro alla carica completa &#8211; <\/span><\/strong><em><span style=\"color: #10069f;\">Collegato alla batteria, OptiMate 3 fa il resto, senza bisogno di supervisione!<\/span><\/em><\/h6>\n<h6 style=\"text-align: center;\"><img loading=\"lazy\" decoding=\"async\" class=\"aligncenter wp-image-20876\" src=\"https:\/\/optimate1.com\/wp-content\/uploads\/2020\/12\/connect_save_charge-maintain-01.png\" alt=\"Il programma multi-step completamente automatico per ricaricare completamente la batteria in modo sicuro.\" width=\"428\" height=\"70\" \/><\/h6>\n<p>&nbsp;<\/p>\n<p>&nbsp;<\/p>\n<h4 style=\"text-align: center;\"><strong><span style=\"text-decoration: underline;\">ALTRI CARATTERISTICHE:<\/span><\/strong><\/h4>\n<p style=\"text-align: center;\">\n<table id=\"tablepress-659\" class=\"tablepress tablepress-id-659\">\n<tbody class=\"row-hover\">\n<tr class=\"row-1\">\n\t<td class=\"column-1\"><a href=\"\"><img loading=\"lazy\" decoding=\"async\" src=\"https:\/\/optimate1.com\/wp-content\/uploads\/2023\/10\/OptiMate-3-batteries.png\" alt=\"\" width=\"300\" height=\"50\" class=\"aligncenter size-medium wp-image-20927\" \/><\/a><body><h6><center>Per i tipi di batterie sportive al piombo (Pb) a 12V, tra cui STD (con tappi di riempimento), AGM, GEL (VRLA sigillate), a ciclo profondo ed EFB.<\/body><\/h6><\/center><br \/>\n<\/td>\n<\/tr>\n<tr class=\"row-2\">\n\t<td class=\"column-1\"><a href=\"\"><img loading=\"lazy\" decoding=\"async\" src=\"https:\/\/optimate1.com\/wp-content\/uploads\/2023\/10\/analysis-desulphate-x-01.png\" alt=\"\" width=\"300\" height=\"50\" class=\"aligncenter size-medium wp-image-20928\" \/><\/a><body><Diagnostica lo stato di solfatazione della batteria.<\/body><\/h6><\/center><\/td>\n<\/tr>\n<tr class=\"row-3\">\n\t<td class=\"column-1\"><a href=\"\"><img loading=\"lazy\" decoding=\"async\" src=\"https:\/\/optimate1.com\/wp-content\/uploads\/2020\/12\/SAVE-dead-battery-x2-300x49.png\" alt=\"\" width=\"300\" height=\"50\" class=\"aligncenter size-medium wp-image-20995\" \/><\/a><body><h6><center>Recupera la batteria \"scarica\" a partire da 0.5V.<\/body><\/h6><\/center><\/td>\n<\/tr>\n<tr class=\"row-4\">\n\t<td class=\"column-1\"><a href=\"\"><img loading=\"lazy\" decoding=\"async\" src=\"https:\/\/optimate1.com\/wp-content\/uploads\/2020\/12\/state-of-health-test-2-LED-200.png\" alt=\"\" width=\"300\" height=\"50\" class=\"aligncenter size-medium wp-image-20982\" \/><\/a><body><h6><center>Verifica lo stato di salute della batteria.<\/center><\/h6><\/body><\/td>\n<\/tr>\n<tr class=\"row-5\">\n\t<td class=\"column-1\"><a href=\"\"><img loading=\"lazy\" decoding=\"async\" src=\"https:\/\/optimate1.com\/wp-content\/uploads\/2021\/11\/SAFE-OM1-DUO-01-1.png\" alt=\"\" width=\"300\" height=\"50\" class=\"aligncenter size-medium wp-image-20993\" \/><\/a><body><h6><center>Sicuro da lasciare collegato. Protezione totale dell\u2019elettronica.<\/body><\/h6><\/center><\/td>\n<\/tr>\n<tr class=\"row-6\">\n\t<td class=\"column-1\"><a href=\"\"><img loading=\"lazy\" decoding=\"async\" src=\"https:\/\/optimate1.com\/wp-content\/uploads\/2020\/12\/24-7-x2-300x49.png\" alt=\"\" width=\"300\" height=\"50\" class=\"aligncenter size-medium wp-image-20985\" \/><\/a><body><h6><center>Mantiene la batteria a piena carica e in buone condizioni.<\/body><\/h6><\/center><\/td>\n<\/tr>\n<tr class=\"row-7\">\n\t<td class=\"column-1\"><a href=\"\"><img loading=\"lazy\" decoding=\"async\" src=\"https:\/\/optimate1.com\/wp-content\/uploads\/2020\/12\/green-technology-hx2-1-300x49.png\" alt=\"\" width=\"300\" height=\"50\" class=\"aligncenter size-medium wp-image-20983\" \/><\/a><body><h6><center>Tecnologia a risparmio energetico.<br \/>\n<strong>\u221a<\/strong> Potenza in stand-by inferiore a 0.5W.<br \/>\n<strong>\u221a<\/strong>  Efficiente mantenimento della batteria 24 ore su 24, 7 giorni su 7.<\/body><\/h6><\/center><\/td>\n<\/tr>\n<tr class=\"row-8\">\n\t<td class=\"column-1\"><a href=\"\"><img loading=\"lazy\" decoding=\"async\" src=\"https:\/\/optimate1.com\/wp-content\/uploads\/2020\/12\/weatherproof-x2-300x49.png\" alt=\"\" width=\"300\" height=\"50\" class=\"aligncenter size-medium wp-image-21012\" srcset=\"https:\/\/optimate1.com\/wp-content\/uploads\/2020\/12\/weatherproof-x2-300x49.png 300w, https:\/\/optimate1.com\/wp-content\/uploads\/2020\/12\/weatherproof-x2-600x98.png 600w, https:\/\/optimate1.com\/wp-content\/uploads\/2020\/12\/weatherproof-x2-64x10.png 64w, https:\/\/optimate1.com\/wp-content\/uploads\/2020\/12\/weatherproof-x2-768x126.png 768w, https:\/\/optimate1.com\/wp-content\/uploads\/2020\/12\/weatherproof-x2.png 856w\" sizes=\"auto, (max-width: 300px) 100vw, 300px\" \/><\/a><body><h6><center>Resistente alle intemperie. Certificato per l\u2019uso fino a -40\u00b0C \/ -40\u00b0F.<\/body><\/h6><\/center><\/td>\n<\/tr>\n<\/tbody>\n<\/table>\n<!-- #tablepress-659 from cache --><\/p>\n","protected":false},"excerpt":{"rendered":"<h3><span style=\"color: #959b9d;\">Serie SILVER: Caricatore e mantenitore ermetico di carica con recupero di batteria a 7 fasi per batterie da 12V 0.8A<\/span><\/h3>\n","protected":false},"featured_media":41771,"template":"","meta":[],"product_brand":[],"product_cat":[455],"product_tag":[],"class_list":{"0":"post-38884","1":"product","2":"type-product","3":"status-publish","4":"has-post-thumbnail","6":"product_cat-battery-chargers-it","7":"pa_charge-battery-chemistry-pb-agm-gel-std-lead-acid-it","8":"pa_charge-battery-more-12v-it","9":"pa_charge-battery-more-motociclo-veicolo-per-tutti-i-terreni","10":"pa_charge-battery-more-utv-sxs-cruiser-it","11":"pa_power-ac-100-240vac-it","12":"pa_product-group-optimate-3-it","13":"pa_region-ca-it-2","14":"pa_region-eu-it-2","15":"pa_region-uk-it-2","16":"pa_region-us-it-2","17":"iside_voltage-12-it","18":"iside_ampere-0-8-it","19":"iside_vehicle-motocicletta-sport-motoristici-it","20":"iside_charger_series-silver-smarter-it","21":"iside_charger_features-manutenzione-sicura-della-batteria-24-7","22":"iside_charger_features-save-sulphated-pb-lead-acid-it","23":"iside_charger_type-single-it","24":"iside_battery_voltage-12v-it","25":"iside_battery_chemistry-pb-lead-acid-it","26":"battery_charger_current-0-6a-1-5a-it","27":"thunk-woo-product-list","28":"opn-qv-enable","29":"big-store-woo-hover-","30":"open-single-product-tab-horizontal","31":"open-shadow-","32":"open-shadow-hover-","34":"first","35":"instock","36":"featured","37":"shipping-taxable","38":"purchasable","39":"product-type-simple"},"yoast_head":"<!-- This site is optimized with the Yoast SEO plugin v27.2 - https:\/\/yoast.com\/product\/yoast-seo-wordpress\/ -->\n<title>OptiMate 3 - OptiMate<\/title>\n<meta name=\"description\" content=\"Il OptiMate 3 Caricabatterie \u00e8 \u00e8 il caricabatterie e il mantenitore di carica pi\u00f9 affidabile per il risparmio della batteria. Leggi di pi\u00f9!\" \/>\n<meta name=\"robots\" content=\"index, follow, max-snippet:-1, max-image-preview:large, max-video-preview:-1, noarchive\" \/>\n<link rel=\"canonical\" href=\"https:\/\/optimate1.com\/it\/prodotto\/optimate-3-copy-2\/\" \/>\n<meta property=\"og:locale\" content=\"it_IT\" \/>\n<meta property=\"og:type\" content=\"article\" \/>\n<meta property=\"og:title\" content=\"OptiMate 3 - OptiMate\" \/>\n<meta property=\"og:description\" content=\"Il OptiMate 3 Caricabatterie \u00e8 \u00e8 il caricabatterie e il mantenitore di carica pi\u00f9 affidabile per il risparmio della batteria. Leggi di pi\u00f9!\" \/>\n<meta property=\"og:url\" content=\"https:\/\/optimate1.com\/it\/prodotto\/optimate-3-copy-2\/\" \/>\n<meta property=\"og:site_name\" content=\"OptiMate\" \/>\n<meta property=\"article:publisher\" content=\"https:\/\/www.facebook.com\/OptiMatebatterysavingcharger\/\" \/>\n<meta property=\"article:modified_time\" content=\"2026-03-26T08:53:45+00:00\" \/>\n<meta property=\"og:image\" content=\"https:\/\/optimate1.com\/wp-content\/uploads\/2026\/03\/OptiMate-3-TM430-it.png\" \/>\n\t<meta property=\"og:image:width\" content=\"1500\" \/>\n\t<meta property=\"og:image:height\" content=\"1500\" \/>\n\t<meta property=\"og:image:type\" content=\"image\/png\" \/>\n<meta name=\"twitter:card\" content=\"summary_large_image\" \/>\n<meta name=\"twitter:label1\" content=\"Tempo di lettura stimato\" \/>\n\t<meta name=\"twitter:data1\" content=\"1 minuto\" \/>\n<script type=\"application\/ld+json\" class=\"yoast-schema-graph\">{\"@context\":\"https:\/\/schema.org\",\"@graph\":[{\"@type\":\"WebPage\",\"@id\":\"https:\/\/optimate1.com\/it\/prodotto\/optimate-3-copy-2\/\",\"url\":\"https:\/\/optimate1.com\/it\/prodotto\/optimate-3-copy-2\/\",\"name\":\"OptiMate 3 - OptiMate\",\"isPartOf\":{\"@id\":\"https:\/\/optimate1.com\/#website\"},\"primaryImageOfPage\":{\"@id\":\"https:\/\/optimate1.com\/it\/prodotto\/optimate-3-copy-2\/#primaryimage\"},\"image\":{\"@id\":\"https:\/\/optimate1.com\/it\/prodotto\/optimate-3-copy-2\/#primaryimage\"},\"thumbnailUrl\":\"https:\/\/optimate1.com\/wp-content\/uploads\/2026\/03\/OptiMate-3-TM430-it.png\",\"datePublished\":\"2025-04-07T07:19:31+00:00\",\"dateModified\":\"2026-03-26T08:53:45+00:00\",\"description\":\"Il OptiMate 3 Caricabatterie \u00e8 \u00e8 il caricabatterie e il mantenitore di carica pi\u00f9 affidabile per il risparmio della batteria. Leggi di pi\u00f9!\",\"breadcrumb\":{\"@id\":\"https:\/\/optimate1.com\/it\/prodotto\/optimate-3-copy-2\/#breadcrumb\"},\"inLanguage\":\"it-IT\",\"potentialAction\":[{\"@type\":\"ReadAction\",\"target\":[\"https:\/\/optimate1.com\/it\/prodotto\/optimate-3-copy-2\/\"]}]},{\"@type\":\"ImageObject\",\"inLanguage\":\"it-IT\",\"@id\":\"https:\/\/optimate1.com\/it\/prodotto\/optimate-3-copy-2\/#primaryimage\",\"url\":\"https:\/\/optimate1.com\/wp-content\/uploads\/2026\/03\/OptiMate-3-TM430-it.png\",\"contentUrl\":\"https:\/\/optimate1.com\/wp-content\/uploads\/2026\/03\/OptiMate-3-TM430-it.png\",\"width\":1500,\"height\":1500},{\"@type\":\"BreadcrumbList\",\"@id\":\"https:\/\/optimate1.com\/it\/prodotto\/optimate-3-copy-2\/#breadcrumb\",\"itemListElement\":[{\"@type\":\"ListItem\",\"position\":1,\"name\":\"Home\",\"item\":\"https:\/\/optimate1.com\/\"},{\"@type\":\"ListItem\",\"position\":2,\"name\":\"Prodotti\",\"item\":\"https:\/\/optimate1.com\/shop\/\"},{\"@type\":\"ListItem\",\"position\":3,\"name\":\"OptiMate 3\"}]},{\"@type\":\"WebSite\",\"@id\":\"https:\/\/optimate1.com\/#website\",\"url\":\"https:\/\/optimate1.com\/\",\"name\":\"OptiMate\",\"description\":\"Battery Chargers &amp; Accessories\",\"publisher\":{\"@id\":\"https:\/\/optimate1.com\/#organization\"},\"potentialAction\":[{\"@type\":\"SearchAction\",\"target\":{\"@type\":\"EntryPoint\",\"urlTemplate\":\"https:\/\/optimate1.com\/?s={search_term_string}\"},\"query-input\":{\"@type\":\"PropertyValueSpecification\",\"valueRequired\":true,\"valueName\":\"search_term_string\"}}],\"inLanguage\":\"it-IT\"},{\"@type\":\"Organization\",\"@id\":\"https:\/\/optimate1.com\/#organization\",\"name\":\"OptiMate\",\"url\":\"https:\/\/optimate1.com\/\",\"logo\":{\"@type\":\"ImageObject\",\"inLanguage\":\"it-IT\",\"@id\":\"https:\/\/optimate1.com\/#\/schema\/logo\/image\/\",\"url\":\"https:\/\/optimate1.com\/wp-content\/uploads\/2021\/06\/optimate-hpbc-stacklogo.jpg\",\"contentUrl\":\"https:\/\/optimate1.com\/wp-content\/uploads\/2021\/06\/optimate-hpbc-stacklogo.jpg\",\"width\":1025,\"height\":529,\"caption\":\"OptiMate\"},\"image\":{\"@id\":\"https:\/\/optimate1.com\/#\/schema\/logo\/image\/\"},\"sameAs\":[\"https:\/\/www.facebook.com\/OptiMatebatterysavingcharger\/\"]}]}<\/script>\n<!-- \/ Yoast SEO plugin. -->","yoast_head_json":{"title":"OptiMate 3 - OptiMate","description":"Il OptiMate 3 Caricabatterie \u00e8 \u00e8 il caricabatterie e il mantenitore di carica pi\u00f9 affidabile per il risparmio della batteria. Leggi di pi\u00f9!","robots":{"index":"index","follow":"follow","max-snippet":"max-snippet:-1","max-image-preview":"max-image-preview:large","max-video-preview":"max-video-preview:-1","archive":"noarchive"},"canonical":"https:\/\/optimate1.com\/it\/prodotto\/optimate-3-copy-2\/","og_locale":"it_IT","og_type":"article","og_title":"OptiMate 3 - OptiMate","og_description":"Il OptiMate 3 Caricabatterie \u00e8 \u00e8 il caricabatterie e il mantenitore di carica pi\u00f9 affidabile per il risparmio della batteria. Leggi di pi\u00f9!","og_url":"https:\/\/optimate1.com\/it\/prodotto\/optimate-3-copy-2\/","og_site_name":"OptiMate","article_publisher":"https:\/\/www.facebook.com\/OptiMatebatterysavingcharger\/","article_modified_time":"2026-03-26T08:53:45+00:00","og_image":[{"width":1500,"height":1500,"url":"https:\/\/optimate1.com\/wp-content\/uploads\/2026\/03\/OptiMate-3-TM430-it.png","type":"image\/png"}],"twitter_card":"summary_large_image","twitter_misc":{"Tempo di lettura stimato":"1 minuto"},"schema":{"@context":"https:\/\/schema.org","@graph":[{"@type":"WebPage","@id":"https:\/\/optimate1.com\/it\/prodotto\/optimate-3-copy-2\/","url":"https:\/\/optimate1.com\/it\/prodotto\/optimate-3-copy-2\/","name":"OptiMate 3 - OptiMate","isPartOf":{"@id":"https:\/\/optimate1.com\/#website"},"primaryImageOfPage":{"@id":"https:\/\/optimate1.com\/it\/prodotto\/optimate-3-copy-2\/#primaryimage"},"image":{"@id":"https:\/\/optimate1.com\/it\/prodotto\/optimate-3-copy-2\/#primaryimage"},"thumbnailUrl":"https:\/\/optimate1.com\/wp-content\/uploads\/2026\/03\/OptiMate-3-TM430-it.png","datePublished":"2025-04-07T07:19:31+00:00","dateModified":"2026-03-26T08:53:45+00:00","description":"Il OptiMate 3 Caricabatterie \u00e8 \u00e8 il caricabatterie e il mantenitore di carica pi\u00f9 affidabile per il risparmio della batteria. Leggi di pi\u00f9!","breadcrumb":{"@id":"https:\/\/optimate1.com\/it\/prodotto\/optimate-3-copy-2\/#breadcrumb"},"inLanguage":"it-IT","potentialAction":[{"@type":"ReadAction","target":["https:\/\/optimate1.com\/it\/prodotto\/optimate-3-copy-2\/"]}]},{"@type":"ImageObject","inLanguage":"it-IT","@id":"https:\/\/optimate1.com\/it\/prodotto\/optimate-3-copy-2\/#primaryimage","url":"https:\/\/optimate1.com\/wp-content\/uploads\/2026\/03\/OptiMate-3-TM430-it.png","contentUrl":"https:\/\/optimate1.com\/wp-content\/uploads\/2026\/03\/OptiMate-3-TM430-it.png","width":1500,"height":1500},{"@type":"BreadcrumbList","@id":"https:\/\/optimate1.com\/it\/prodotto\/optimate-3-copy-2\/#breadcrumb","itemListElement":[{"@type":"ListItem","position":1,"name":"Home","item":"https:\/\/optimate1.com\/"},{"@type":"ListItem","position":2,"name":"Prodotti","item":"https:\/\/optimate1.com\/shop\/"},{"@type":"ListItem","position":3,"name":"OptiMate 3"}]},{"@type":"WebSite","@id":"https:\/\/optimate1.com\/#website","url":"https:\/\/optimate1.com\/","name":"OptiMate","description":"Battery Chargers &amp; Accessories","publisher":{"@id":"https:\/\/optimate1.com\/#organization"},"potentialAction":[{"@type":"SearchAction","target":{"@type":"EntryPoint","urlTemplate":"https:\/\/optimate1.com\/?s={search_term_string}"},"query-input":{"@type":"PropertyValueSpecification","valueRequired":true,"valueName":"search_term_string"}}],"inLanguage":"it-IT"},{"@type":"Organization","@id":"https:\/\/optimate1.com\/#organization","name":"OptiMate","url":"https:\/\/optimate1.com\/","logo":{"@type":"ImageObject","inLanguage":"it-IT","@id":"https:\/\/optimate1.com\/#\/schema\/logo\/image\/","url":"https:\/\/optimate1.com\/wp-content\/uploads\/2021\/06\/optimate-hpbc-stacklogo.jpg","contentUrl":"https:\/\/optimate1.com\/wp-content\/uploads\/2021\/06\/optimate-hpbc-stacklogo.jpg","width":1025,"height":529,"caption":"OptiMate"},"image":{"@id":"https:\/\/optimate1.com\/#\/schema\/logo\/image\/"},"sameAs":["https:\/\/www.facebook.com\/OptiMatebatterysavingcharger\/"]}]}},"_links":{"self":[{"href":"https:\/\/optimate1.com\/it\/wp-json\/wp\/v2\/product\/38884","targetHints":{"allow":["GET"]}}],"collection":[{"href":"https:\/\/optimate1.com\/it\/wp-json\/wp\/v2\/product"}],"about":[{"href":"https:\/\/optimate1.com\/it\/wp-json\/wp\/v2\/types\/product"}],"wp:featuredmedia":[{"embeddable":true,"href":"https:\/\/optimate1.com\/it\/wp-json\/wp\/v2\/media\/41771"}],"wp:attachment":[{"href":"https:\/\/optimate1.com\/it\/wp-json\/wp\/v2\/media?parent=38884"}],"wp:term":[{"taxonomy":"product_brand","embeddable":true,"href":"https:\/\/optimate1.com\/it\/wp-json\/wp\/v2\/product_brand?post=38884"},{"taxonomy":"product_cat","embeddable":true,"href":"https:\/\/optimate1.com\/it\/wp-json\/wp\/v2\/product_cat?post=38884"},{"taxonomy":"product_tag","embeddable":true,"href":"https:\/\/optimate1.com\/it\/wp-json\/wp\/v2\/product_tag?post=38884"}],"curies":[{"name":"wp","href":"https:\/\/api.w.org\/{rel}","templated":true}]}}