{"id":40705,"date":"2025-11-04T08:06:42","date_gmt":"2025-11-04T13:06:42","guid":{"rendered":"https:\/\/optimate1.com\/product\/optimate-g10-12v-16v\/"},"modified":"2025-12-09T04:25:07","modified_gmt":"2025-12-09T09:25:07","slug":"optimate-g10-12v-16v","status":"publish","type":"product","link":"https:\/\/optimate1.com\/it\/prodotto\/optimate-g10-12v-16v\/","title":{"rendered":"OptiMate G10 12V\/16V"},"content":{"rendered":"<h6 style=\"text-align: center;\"><strong><span style=\"color: #10069f;\">OptiMate G10 12V\/16V, il caricabatterie \u2018racing\u2019 pi\u00f9 avanzato per batterie al piombo AGM 12V &amp; 16V e batterie Lithium LFP 12.8V\/13.2V &amp; 16V.<\/span><\/strong><\/h6>\n<h6 style=\"text-align: center;\"><img loading=\"lazy\" decoding=\"async\" class=\"aligncenter wp-image-20910\" src=\"https:\/\/optimate1.com\/wp-content\/uploads\/2025\/11\/G10-PRO-Battery-Charger-ICON1-V2.png\" alt=\"\" width=\"328\" height=\"70\" \/><\/h6>\n<p>&nbsp;<\/p>\n<h6 style=\"text-align: center;\"><strong><span style=\"color: #10069f;\">4 modalit\u00e0 di selezione: 12V AGM, 16V AGM, 12.8V\/13.2V (4s) LFP e 16V (5s) LFP.<\/span><\/strong><\/h6>\n<h6 style=\"text-align: center;\"><img loading=\"lazy\" decoding=\"async\" class=\"aligncenter wp-image-20910\" src=\"https:\/\/optimate1.com\/wp-content\/uploads\/2025\/11\/G10-PRO-Battery-Charger-ICON2-V3.png\" alt=\"\" width=\"428\" height=\"70\" \/><\/h6>\n<p>&nbsp;<\/p>\n<h6 style=\"text-align: center;\"><strong><span style=\"color: #10069f;\">Il programma FASTcharge ricarica automaticamente la batteria parzialmente scarica prima della gara alla massima potenza, per renderla rapidamente pronta all\u2019uso. Una spia verde lampeggiante conferma che la batteria \u00e8 carica oltre il 90% ed \u00e8 pronta.<\/span><\/strong><\/h6>\n<h6 style=\"text-align: center;\"><img loading=\"lazy\" decoding=\"async\" class=\"aligncenter wp-image-20977\" src=\"https:\/\/optimate1.com\/wp-content\/uploads\/2021\/11\/PRO-battery-activation-copy-1.png\" alt=\"\" width=\"428\" height=\"70\" \/><\/h6>\n<p>&nbsp;<\/p>\n<h6 style=\"text-align: center;\"><strong><span style=\"color: #10069f;\">Il programma FASTcharge fornisce supporto alla batteria anche con motore in funzione.<\/span><\/strong><\/h6>\n<h6 style=\"text-align: center;\"><strong><span style=\"color: #10069f;\"><img loading=\"lazy\" decoding=\"async\" class=\"aligncenter wp-image-20876\" src=\"https:\/\/optimate1.com\/wp-content\/uploads\/2025\/11\/G10-PRO-Battery-Charger-ICON4-V3-copy.png\" alt=\"\" width=\"428\" height=\"70\" \/><\/span><\/strong><\/h6>\n<p>&nbsp;<\/p>\n<h6 style=\"text-align: center;\"><strong><span style=\"color: #10069f;\">Il programma DIAGNOSTIC pu\u00f2 recuperare una batteria completamente scarica a partire da soli 0.5V e pu\u00f2 essere attivato manualmente se la batteria \u00e8 troppo scarica per accettare FASTcharge.<\/span><\/strong><\/h6>\n<h6 style=\"text-align: center;\"><strong><span style=\"color: #10069f;\"><img loading=\"lazy\" decoding=\"async\" class=\"aligncenter wp-image-20660\" src=\"https:\/\/optimate1.com\/wp-content\/uploads\/2025\/11\/G10-PRO-Battery-Charger-ICON5-V2.png\" alt=\"\" width=\"428\" height=\"100\" \/><\/span><\/strong><\/h6>\n<p>&nbsp;<\/p>\n<h6 style=\"text-align: center;\"><strong><span style=\"color: #10069f;\">Il programma DIAGNOSTIC pu\u00f2 essere preselezionato per la ricarica controllata Ampmatic di batterie pi\u00f9 piccole (sotto 25Ah per AGM e 9Ah per LFP) \u2013 la corrente di carica si regola automaticamente in base alla capacit\u00e0 della batteria.<\/span><\/strong><\/h6>\n<h6 style=\"text-align: center;\"><img loading=\"lazy\" decoding=\"async\" class=\"aligncenter wp-image-20910\" src=\"https:\/\/optimate1.com\/wp-content\/uploads\/2025\/11\/G10-PRO-Battery-Charger-ICON6-V2.png\" alt=\"\" width=\"428\" height=\"70\" \/><\/h6>\n<p>&nbsp;<\/p>\n<h6 style=\"text-align: center;\"><strong><span style=\"color: #10069f;\">Reset BMS a pulsante per batterie LiFePO4 12.8V \/ 13.2V \/ 16V con protezione da bassa tensione \/ scarica profonda ripristinabile.<\/span><\/strong><\/h6>\n<h6 style=\"text-align: center;\"><img loading=\"lazy\" decoding=\"async\" class=\"aligncenter wp-image-20977\" src=\"https:\/\/optimate1.com\/wp-content\/uploads\/2021\/11\/BMS-reset-copy-01.png\" alt=\"\" width=\"428\" height=\"70\" \/><\/h6>\n<p>&nbsp;<\/p>\n<h6 style=\"text-align: center;\"><strong><span style=\"color: #10069f;\">La tensione di carica AGM (Pb) \u00e8 impostata per batterie AGM premium che richiedono 2.45V per cella: 14.7V per AGM 12V e 19.6V per AGM 16V.<\/span><\/strong><\/h6>\n<h6 style=\"text-align: center;\"><img loading=\"lazy\" decoding=\"async\" class=\"aligncenter wp-image-20977\" src=\"https:\/\/optimate1.com\/wp-content\/uploads\/2025\/11\/G10-PRO-Battery-Charger-ICON8-V2-copy.png\" alt=\"\" width=\"428\" height=\"70\" \/><\/h6>\n<p>&nbsp;<\/p>\n<h6 style=\"text-align: center;\"><strong><span style=\"color: #10069f;\">La tensione di carica LFP \u00e8 impostata per batterie LiFePO4 che richiedono 3.6V per cella: 14.4V per 12.8V\/13.2V (4s) e 18V per 16V (5s).<\/span><\/strong><\/h6>\n<h6 style=\"text-align: center;\"><img loading=\"lazy\" decoding=\"async\" class=\"aligncenter wp-image-20977\" src=\"https:\/\/optimate1.com\/wp-content\/uploads\/2025\/11\/G10-PRO-Battery-Charger-ICON9-V3.png\" alt=\"\" width=\"428\" height=\"70\" \/><\/h6>\n<p>&nbsp;<\/p>\n<h6 style=\"text-align: center;\"><strong><span style=\"color: #10069f;\">Collegamento alla batteria tramite adattatore SB-50 (grigio &amp; rosso) o pinze batteria, ciascuno protetto da fusibile da 25A.<\/span><\/strong><\/h6>\n<h6 style=\"text-align: center;\"><img loading=\"lazy\" decoding=\"async\" class=\"aligncenter wp-image-20977\" src=\"https:\/\/optimate1.com\/wp-content\/uploads\/2025\/11\/G10-PRO-Battery-Charger-ICON10-V2.png\" alt=\"\" width=\"428\" height=\"70\" \/><\/h6>\n<p>&nbsp;<\/p>\n<h4 style=\"text-align: center;\"><strong><span style=\"text-decoration: underline;\">ALTRE FUNZIONI:<\/span><\/strong><\/h4>\n<p style=\"text-align: center;\">\n<table id=\"tablepress-699\" class=\"tablepress tablepress-id-699\">\n<tbody class=\"row-hover\">\n<tr class=\"row-1\">\n\t<td class=\"column-1\"><a href=\"\"><img loading=\"lazy\" decoding=\"async\" src=\"https:\/\/optimate1.com\/wp-content\/uploads\/2023\/11\/50-60hz.png\" alt=\"\" width=\"300\" height=\"50\" class=\"aligncenter size-medium wp-image-20928\" \/><\/a><body><h6><center>Ingresso globale \u2013 100\u2013240V, 50\u201360Hz.<\/center><\/h6><\/body><\/td>\n<\/tr>\n<tr class=\"row-2\">\n\t<td class=\"column-1\"><a href=\"\"><img loading=\"lazy\" decoding=\"async\" src=\"https:\/\/optimate1.com\/wp-content\/uploads\/2021\/11\/AC-power-socket-copy-01.png\" alt=\"\" width=\"300\" height=\"50\" class=\"aligncenter size-medium wp-image-20995\" \/><\/a><body><h6><center>Presa di alimentazione AC per cavi di alimentazione Classe 2.<\/center><\/h6><\/body><\/td>\n<\/tr>\n<tr class=\"row-3\">\n\t<td class=\"column-1\"><a href=\"\"><img loading=\"lazy\" decoding=\"async\" src=\"https:\/\/optimate1.com\/wp-content\/uploads\/2021\/11\/CE-certification-x-01-2.png\" alt=\"\" width=\"300\" height=\"50\" class=\"aligncenter size-medium wp-image-20982\" \/><\/a><body><h6><center>Certificazioni \u2013 CE, UKCA, NRTL (UL &amp; CSA), PSE (Giappone), SAA (Australia &amp; Nuova Zelanda), che garantiscono sicurezza, prestazioni e affidabilit\u00e0 del prodotto a livello globale.<\/center><\/h6><\/body><\/td>\n<\/tr>\n<tr class=\"row-4\">\n\t<td class=\"column-1\"><a href=\"\"><img loading=\"lazy\" decoding=\"async\" src=\"https:\/\/optimate1.com\/wp-content\/uploads\/2021\/11\/PRO-hooks-copy-2-x-01.png\" alt=\"\" width=\"300\" height=\"50\" class=\"aligncenter size-medium wp-image-20993\" \/><\/a><body><h6><center>Uso portatile \u2013 gancio di sospensione per veicolo e supporto da parete inclusi.<\/center><\/h6><\/body><\/td>\n<\/tr>\n<\/tbody>\n<\/table>\n<!-- #tablepress-699 from cache --><\/p>\n","protected":false},"excerpt":{"rendered":"<h3><span style=\"color: #231f20;\">Serie PRO: caricabatterie 12V 10A \/ 16V 8A per batterie AGM al piombo da racing \/ performance e batterie Lithium LFP<\/span><\/h3>\n","protected":false},"featured_media":40733,"template":"","meta":[],"product_brand":[],"product_cat":[455],"product_tag":[],"class_list":{"0":"post-40705","1":"product","2":"type-product","3":"status-publish","4":"has-post-thumbnail","6":"product_cat-battery-chargers-it","7":"pa_charge-battery-chemistry-pb-agm-gel-std-lead-acid-it","8":"pa_charge-battery-more-12v-it","9":"pa_charge-battery-more-motociclo-veicolo-per-tutti-i-terreni","10":"pa_charge-battery-more-utv-sxs-cruiser-it","11":"pa_power-ac-100-240vac-it","12":"pa_product-group-optimate-7-it","13":"pa_region-ca-it-2","14":"pa_region-eu-it-2","15":"pa_region-uk-it-2","16":"pa_region-us-it-2","17":"iside_voltage-12-it","18":"iside_voltage-16-it","19":"iside_ampere-9-9-it","20":"iside_vehicle-auto-ad-alte-prestazioni-auto-da-corsa","21":"iside_charger_series-pro-professional-it","22":"iside_charger_features-carica-batterie-agm-lfp-racing","23":"iside_charger_features-manutenzione-duo-24-7-per-pb-lfp","24":"iside_charger_features-manutenzione-sicura-della-batteria-24-7","25":"iside_charger_features-save-sulphated-pb-lead-acid-it","26":"iside_charger_features-save-low-volt-reset-bms-lithium-lfp-it","27":"iside_charger_features-regola-la-corrente-in-base-alla-temperatura-per-lfp","28":"iside_charger_features-regolare-la-tensione-in-base-alla-temperatura-per-pb","29":"iside_charger_features-ripristino-bms-per-batteria-lfp","30":"iside_charger_type-single-it","31":"iside_battery_voltage-12-8v-13-2v","32":"iside_battery_voltage-12v-it","33":"iside_battery_voltage-16v-it","34":"iside_battery_chemistry-lfp-lifepo4-lithium-ion-it","35":"iside_battery_chemistry-pb-lead-acid-it","36":"battery_charger_current-7-10a-it","37":"battery_charger_current-ampmatic-1-to-10a-it","38":"thunk-woo-product-list","39":"opn-qv-enable","40":"big-store-woo-hover-","41":"open-single-product-tab-horizontal","42":"open-shadow-","43":"open-shadow-hover-","45":"first","46":"instock","47":"shipping-taxable","48":"purchasable","49":"product-type-simple"},"yoast_head":"<!-- This site is optimized with the Yoast SEO plugin v27.2 - https:\/\/yoast.com\/product\/yoast-seo-wordpress\/ -->\n<title>OptiMate G10 12V\/16V - OptiMate<\/title>\n<meta name=\"description\" content=\"OptiMate G10 12V\/16V \u00e8 il caricabatterie \u2018racing\u2019 pi\u00f9 avanzato per batterie AGM al piombo 12V e 16V e batterie Lithium-ion LFP 12.8V\/13.2V e 16V. Scopri di pi\u00f9.\" \/>\n<meta name=\"robots\" content=\"index, follow, max-snippet:-1, max-image-preview:large, max-video-preview:-1, noarchive\" \/>\n<link rel=\"canonical\" href=\"https:\/\/optimate1.com\/product\/tm651\/\" \/>\n<meta property=\"og:locale\" content=\"it_IT\" \/>\n<meta property=\"og:type\" content=\"article\" \/>\n<meta property=\"og:title\" content=\"OptiMate G10 12V\/16V - OptiMate\" \/>\n<meta property=\"og:description\" content=\"OptiMate G10 12V\/16V \u00e8 il caricabatterie \u2018racing\u2019 pi\u00f9 avanzato per batterie AGM al piombo 12V e 16V e batterie Lithium-ion LFP 12.8V\/13.2V e 16V. Scopri di pi\u00f9.\" \/>\n<meta property=\"og:url\" content=\"https:\/\/optimate1.com\/product\/tm651\/\" \/>\n<meta property=\"og:site_name\" content=\"OptiMate\" \/>\n<meta property=\"article:publisher\" content=\"https:\/\/www.facebook.com\/OptiMatebatterysavingcharger\/\" \/>\n<meta property=\"article:modified_time\" content=\"2025-12-09T09:25:07+00:00\" \/>\n<meta property=\"og:image\" content=\"https:\/\/optimate1.com\/wp-content\/uploads\/2025\/12\/OptiMate-PRO-1-TM651-12-copy-1024x1024.png\" \/>\n\t<meta property=\"og:image:width\" content=\"1024\" \/>\n\t<meta property=\"og:image:height\" content=\"1024\" \/>\n\t<meta property=\"og:image:type\" content=\"image\/png\" \/>\n<meta name=\"twitter:card\" content=\"summary_large_image\" \/>\n<meta name=\"twitter:label1\" content=\"Tempo di lettura stimato\" \/>\n\t<meta name=\"twitter:data1\" content=\"4 minuti\" \/>\n<script type=\"application\/ld+json\" class=\"yoast-schema-graph\">{\"@context\":\"https:\/\/schema.org\",\"@graph\":[{\"@type\":\"WebPage\",\"@id\":\"https:\/\/optimate1.com\/product\/tm651\/\",\"url\":\"https:\/\/optimate1.com\/product\/tm651\/\",\"name\":\"OptiMate G10 12V\/16V - OptiMate\",\"isPartOf\":{\"@id\":\"https:\/\/optimate1.com\/#website\"},\"primaryImageOfPage\":{\"@id\":\"https:\/\/optimate1.com\/product\/tm651\/#primaryimage\"},\"image\":{\"@id\":\"https:\/\/optimate1.com\/product\/tm651\/#primaryimage\"},\"thumbnailUrl\":\"https:\/\/optimate1.com\/wp-content\/uploads\/2025\/12\/OptiMate-PRO-1-TM651-12-copy.png\",\"datePublished\":\"2025-11-04T13:06:42+00:00\",\"dateModified\":\"2025-12-09T09:25:07+00:00\",\"description\":\"OptiMate G10 12V\/16V \u00e8 il caricabatterie \u2018racing\u2019 pi\u00f9 avanzato per batterie AGM al piombo 12V e 16V e batterie Lithium-ion LFP 12.8V\/13.2V e 16V. Scopri di pi\u00f9.\",\"breadcrumb\":{\"@id\":\"https:\/\/optimate1.com\/product\/tm651\/#breadcrumb\"},\"inLanguage\":\"it-IT\",\"potentialAction\":[{\"@type\":\"ReadAction\",\"target\":[\"https:\/\/optimate1.com\/product\/tm651\/\"]}]},{\"@type\":\"ImageObject\",\"inLanguage\":\"it-IT\",\"@id\":\"https:\/\/optimate1.com\/product\/tm651\/#primaryimage\",\"url\":\"https:\/\/optimate1.com\/wp-content\/uploads\/2025\/12\/OptiMate-PRO-1-TM651-12-copy.png\",\"contentUrl\":\"https:\/\/optimate1.com\/wp-content\/uploads\/2025\/12\/OptiMate-PRO-1-TM651-12-copy.png\",\"width\":1500,\"height\":1500},{\"@type\":\"BreadcrumbList\",\"@id\":\"https:\/\/optimate1.com\/product\/tm651\/#breadcrumb\",\"itemListElement\":[{\"@type\":\"ListItem\",\"position\":1,\"name\":\"Home\",\"item\":\"https:\/\/optimate1.com\/\"},{\"@type\":\"ListItem\",\"position\":2,\"name\":\"Prodotti\",\"item\":\"https:\/\/optimate1.com\/shop\/\"},{\"@type\":\"ListItem\",\"position\":3,\"name\":\"OptiMate G10 12V\/16V\"}]},{\"@type\":\"WebSite\",\"@id\":\"https:\/\/optimate1.com\/#website\",\"url\":\"https:\/\/optimate1.com\/\",\"name\":\"OptiMate\",\"description\":\"Battery Chargers &amp; Accessories\",\"publisher\":{\"@id\":\"https:\/\/optimate1.com\/#organization\"},\"potentialAction\":[{\"@type\":\"SearchAction\",\"target\":{\"@type\":\"EntryPoint\",\"urlTemplate\":\"https:\/\/optimate1.com\/?s={search_term_string}\"},\"query-input\":{\"@type\":\"PropertyValueSpecification\",\"valueRequired\":true,\"valueName\":\"search_term_string\"}}],\"inLanguage\":\"it-IT\"},{\"@type\":\"Organization\",\"@id\":\"https:\/\/optimate1.com\/#organization\",\"name\":\"OptiMate\",\"url\":\"https:\/\/optimate1.com\/\",\"logo\":{\"@type\":\"ImageObject\",\"inLanguage\":\"it-IT\",\"@id\":\"https:\/\/optimate1.com\/#\/schema\/logo\/image\/\",\"url\":\"https:\/\/optimate1.com\/wp-content\/uploads\/2021\/06\/optimate-hpbc-stacklogo.jpg\",\"contentUrl\":\"https:\/\/optimate1.com\/wp-content\/uploads\/2021\/06\/optimate-hpbc-stacklogo.jpg\",\"width\":1025,\"height\":529,\"caption\":\"OptiMate\"},\"image\":{\"@id\":\"https:\/\/optimate1.com\/#\/schema\/logo\/image\/\"},\"sameAs\":[\"https:\/\/www.facebook.com\/OptiMatebatterysavingcharger\/\"]}]}<\/script>\n<!-- \/ Yoast SEO plugin. -->","yoast_head_json":{"title":"OptiMate G10 12V\/16V - OptiMate","description":"OptiMate G10 12V\/16V \u00e8 il caricabatterie \u2018racing\u2019 pi\u00f9 avanzato per batterie AGM al piombo 12V e 16V e batterie Lithium-ion LFP 12.8V\/13.2V e 16V. Scopri di pi\u00f9.","robots":{"index":"index","follow":"follow","max-snippet":"max-snippet:-1","max-image-preview":"max-image-preview:large","max-video-preview":"max-video-preview:-1","archive":"noarchive"},"canonical":"https:\/\/optimate1.com\/product\/tm651\/","og_locale":"it_IT","og_type":"article","og_title":"OptiMate G10 12V\/16V - OptiMate","og_description":"OptiMate G10 12V\/16V \u00e8 il caricabatterie \u2018racing\u2019 pi\u00f9 avanzato per batterie AGM al piombo 12V e 16V e batterie Lithium-ion LFP 12.8V\/13.2V e 16V. Scopri di pi\u00f9.","og_url":"https:\/\/optimate1.com\/product\/tm651\/","og_site_name":"OptiMate","article_publisher":"https:\/\/www.facebook.com\/OptiMatebatterysavingcharger\/","article_modified_time":"2025-12-09T09:25:07+00:00","og_image":[{"width":1024,"height":1024,"url":"https:\/\/optimate1.com\/wp-content\/uploads\/2025\/12\/OptiMate-PRO-1-TM651-12-copy-1024x1024.png","type":"image\/png"}],"twitter_card":"summary_large_image","twitter_misc":{"Tempo di lettura stimato":"4 minuti"},"schema":{"@context":"https:\/\/schema.org","@graph":[{"@type":"WebPage","@id":"https:\/\/optimate1.com\/product\/tm651\/","url":"https:\/\/optimate1.com\/product\/tm651\/","name":"OptiMate G10 12V\/16V - OptiMate","isPartOf":{"@id":"https:\/\/optimate1.com\/#website"},"primaryImageOfPage":{"@id":"https:\/\/optimate1.com\/product\/tm651\/#primaryimage"},"image":{"@id":"https:\/\/optimate1.com\/product\/tm651\/#primaryimage"},"thumbnailUrl":"https:\/\/optimate1.com\/wp-content\/uploads\/2025\/12\/OptiMate-PRO-1-TM651-12-copy.png","datePublished":"2025-11-04T13:06:42+00:00","dateModified":"2025-12-09T09:25:07+00:00","description":"OptiMate G10 12V\/16V \u00e8 il caricabatterie \u2018racing\u2019 pi\u00f9 avanzato per batterie AGM al piombo 12V e 16V e batterie Lithium-ion LFP 12.8V\/13.2V e 16V. Scopri di pi\u00f9.","breadcrumb":{"@id":"https:\/\/optimate1.com\/product\/tm651\/#breadcrumb"},"inLanguage":"it-IT","potentialAction":[{"@type":"ReadAction","target":["https:\/\/optimate1.com\/product\/tm651\/"]}]},{"@type":"ImageObject","inLanguage":"it-IT","@id":"https:\/\/optimate1.com\/product\/tm651\/#primaryimage","url":"https:\/\/optimate1.com\/wp-content\/uploads\/2025\/12\/OptiMate-PRO-1-TM651-12-copy.png","contentUrl":"https:\/\/optimate1.com\/wp-content\/uploads\/2025\/12\/OptiMate-PRO-1-TM651-12-copy.png","width":1500,"height":1500},{"@type":"BreadcrumbList","@id":"https:\/\/optimate1.com\/product\/tm651\/#breadcrumb","itemListElement":[{"@type":"ListItem","position":1,"name":"Home","item":"https:\/\/optimate1.com\/"},{"@type":"ListItem","position":2,"name":"Prodotti","item":"https:\/\/optimate1.com\/shop\/"},{"@type":"ListItem","position":3,"name":"OptiMate G10 12V\/16V"}]},{"@type":"WebSite","@id":"https:\/\/optimate1.com\/#website","url":"https:\/\/optimate1.com\/","name":"OptiMate","description":"Battery Chargers &amp; Accessories","publisher":{"@id":"https:\/\/optimate1.com\/#organization"},"potentialAction":[{"@type":"SearchAction","target":{"@type":"EntryPoint","urlTemplate":"https:\/\/optimate1.com\/?s={search_term_string}"},"query-input":{"@type":"PropertyValueSpecification","valueRequired":true,"valueName":"search_term_string"}}],"inLanguage":"it-IT"},{"@type":"Organization","@id":"https:\/\/optimate1.com\/#organization","name":"OptiMate","url":"https:\/\/optimate1.com\/","logo":{"@type":"ImageObject","inLanguage":"it-IT","@id":"https:\/\/optimate1.com\/#\/schema\/logo\/image\/","url":"https:\/\/optimate1.com\/wp-content\/uploads\/2021\/06\/optimate-hpbc-stacklogo.jpg","contentUrl":"https:\/\/optimate1.com\/wp-content\/uploads\/2021\/06\/optimate-hpbc-stacklogo.jpg","width":1025,"height":529,"caption":"OptiMate"},"image":{"@id":"https:\/\/optimate1.com\/#\/schema\/logo\/image\/"},"sameAs":["https:\/\/www.facebook.com\/OptiMatebatterysavingcharger\/"]}]}},"_links":{"self":[{"href":"https:\/\/optimate1.com\/it\/wp-json\/wp\/v2\/product\/40705","targetHints":{"allow":["GET"]}}],"collection":[{"href":"https:\/\/optimate1.com\/it\/wp-json\/wp\/v2\/product"}],"about":[{"href":"https:\/\/optimate1.com\/it\/wp-json\/wp\/v2\/types\/product"}],"wp:featuredmedia":[{"embeddable":true,"href":"https:\/\/optimate1.com\/it\/wp-json\/wp\/v2\/media\/40733"}],"wp:attachment":[{"href":"https:\/\/optimate1.com\/it\/wp-json\/wp\/v2\/media?parent=40705"}],"wp:term":[{"taxonomy":"product_brand","embeddable":true,"href":"https:\/\/optimate1.com\/it\/wp-json\/wp\/v2\/product_brand?post=40705"},{"taxonomy":"product_cat","embeddable":true,"href":"https:\/\/optimate1.com\/it\/wp-json\/wp\/v2\/product_cat?post=40705"},{"taxonomy":"product_tag","embeddable":true,"href":"https:\/\/optimate1.com\/it\/wp-json\/wp\/v2\/product_tag?post=40705"}],"curies":[{"name":"wp","href":"https:\/\/api.w.org\/{rel}","templated":true}]}}