{"id":9216,"date":"2019-06-07T06:53:44","date_gmt":"2019-06-07T10:53:44","guid":{"rendered":"https:\/\/optimate1.com\/product\/optimate-4-dual-program-copy\/"},"modified":"2023-01-30T02:58:21","modified_gmt":"2023-01-30T07:58:21","slug":"optimate-4-can-bus-edition-caricabatterie-moto","status":"publish","type":"product","link":"https:\/\/optimate1.com\/it\/prodotto\/optimate-4-can-bus-edition-caricabatterie-moto\/","title":{"rendered":"OptiMate 4 CAN-BUS Edition"},"content":{"rendered":"<h3>OptiMate 4 CAN-bus edition, il caricatore con recupero di batteria per batterie da 12 V pi\u00f9 avanzato per le vostre motociclette ad alte prestazioni o da turismo. &#8211;\u00a0<em>Il caricabatterie per motociclette BMW pi\u00f9 popolare al mondo!\u00a0<\/em><\/h3>\n<ul>\n<li><span style=\"color: #10069f;\"><b>Comprende l&#8217;adattatore\/prolunga OptiMate (O-09) che lo collega direttamente alla presa DIN da 12 V sulle motociclette BMW.. <\/b><\/span><\/li>\n<li><span style=\"color: #10069f;\"><b>Attivazione automatica SENZA CHIAVE e mantenimento di carica continuo 24 ore su 24, 7 giorni su 7 sicuro a lungo termine. &#8211;\u00a0<em>Collegatelo e dimenticatevelo, basta problemi alla batteria!\u00a0<\/em><\/b><\/span><\/li>\n<li><span style=\"color: #10069f;\"><b>Dual Charge Program: seleziona l&#8217;alternativa &#8220;invia a modalit\u00e0 di ricarica batteria&#8221; al bisogno per RECUPERARE una batteria &#8220;completamente esaurita&#8221; da un minimo di 0.5 V.\u00a0<\/b><\/span><\/li>\n<li><span style=\"color: #10069f;\"><b>Test avanzati e precisi prima e dopo la ricarica.\u00a0<\/b><\/span><\/li>\n<li><span style=\"color: #10069f;\"><b>La manutenzione di carica intelligente 24 ore su 24, 7 giorni su 7 di OptiMate garantisce maggiore potenza e maggiore durata della batteria!<\/b><\/span><\/li>\n<\/ul>\n<p>Modelli disponibili: Tutti i caricabatterie OptiMate elencati di seguito accettano una tensione di alimentazione di 100-240 V CA, 50-60 Hz. <a href=\"https:\/\/optimate1.com\/it\/power-plugs-it\/\">Solo la TIPOLOGIA della spina di alimentazione cambia<\/a> in base alle normative nazionali\/regionali in materia di sicurezza elettrica.<\/p>\n<div class=\"woocommerce columns-3 \"><ul class=\"products columns-3\">\n<li class=\"thunk-woo-product-list opn-qv-enable big-store-woo-hover- open-single-product-tab-horizontal open-shadow- open-shadow-hover- product type-product product_cat-battery-chargers-it post-9217 status-publish first instock has-post-thumbnail shipping-taxable purchasable product-type-variation\">\n\t<div class=\"thunk-product-wrap\"><div class=\"thunk-product\"><a href=\"https:\/\/optimate1.com\/it\/prodotto\/optimate-4-can-bus-edition-caricabatterie-moto\/?attribute_pa_region=us-it-2\" class=\"woocommerce-LoopProduct-link woocommerce-loop-product__link\"><div class=\"thunk-product-image\"><img loading=\"lazy\" decoding=\"async\" width=\"320\" height=\"320\" src=\"https:\/\/optimate1.com\/wp-content\/uploads\/2019\/06\/OptiMate-4-CAN-bus-Edition-TM351-3-320x320.png\" class=\"attachment-woocommerce_thumbnail size-woocommerce_thumbnail\" alt=\"OptiMate 4 CAN-BUS Edition&lt;br \/&gt;TYPE A\" srcset=\"https:\/\/optimate1.com\/wp-content\/uploads\/2019\/06\/OptiMate-4-CAN-bus-Edition-TM351-3-320x320.png 320w, https:\/\/optimate1.com\/wp-content\/uploads\/2019\/06\/OptiMate-4-CAN-bus-Edition-TM351-3-100x100.png 100w, https:\/\/optimate1.com\/wp-content\/uploads\/2019\/06\/OptiMate-4-CAN-bus-Edition-TM351-3-600x600.png 600w, https:\/\/optimate1.com\/wp-content\/uploads\/2019\/06\/OptiMate-4-CAN-bus-Edition-TM351-3-64x64.png 64w, https:\/\/optimate1.com\/wp-content\/uploads\/2019\/06\/OptiMate-4-CAN-bus-Edition-TM351-3-150x150.png 150w, https:\/\/optimate1.com\/wp-content\/uploads\/2019\/06\/OptiMate-4-CAN-bus-Edition-TM351-3-300x300.png 300w, https:\/\/optimate1.com\/wp-content\/uploads\/2019\/06\/OptiMate-4-CAN-bus-Edition-TM351-3-768x768.png 768w, https:\/\/optimate1.com\/wp-content\/uploads\/2019\/06\/OptiMate-4-CAN-bus-Edition-TM351-3.png 900w\" sizes=\"auto, (max-width: 320px) 100vw, 320px\" \/><\/div><div class=\"thunk-product-content\"><h2 class=\"woocommerce-loop-product__title\">OptiMate 4 CAN-BUS Edition<br \/>TYPE A<\/h2>\n\t<span class=\"price\"><span class=\"woocommerce-Price-amount amount\"><bdi><span class=\"woocommerce-Price-currencySymbol\">&#36;<\/span>98.95<\/bdi><\/span><\/span>\n<\/div><div class=\"thunk-product-hover\"><\/a>           <div class=\"os-product-excerpt\"><p>Region: US<\/p>\n<\/div>\n        <div class=\"thunk-quik\">\n\t\t\t             <div class=\"thunk-quickview\">\n                               <span class=\"quik-view\">\n                                   <a href=\"#\" class=\"opn-quick-view-text\"  data-product_id=\"9217\">\n                                      <span>Quick View<\/span>\n                                    \n                                   <\/a>\n                            <\/span>\n                          <\/div><\/div><\/div><\/div><\/div><\/li>\n<li class=\"thunk-woo-product-list opn-qv-enable big-store-woo-hover- open-single-product-tab-horizontal open-shadow- open-shadow-hover- product type-product product_cat-battery-chargers-it post-9218 status-publish instock has-post-thumbnail shipping-taxable purchasable product-type-variation\">\n\t<div class=\"thunk-product-wrap\"><div class=\"thunk-product\"><a href=\"https:\/\/optimate1.com\/it\/prodotto\/optimate-4-can-bus-edition-caricabatterie-moto\/?attribute_pa_region=eu-it-2\" class=\"woocommerce-LoopProduct-link woocommerce-loop-product__link\"><div class=\"thunk-product-image\"><img loading=\"lazy\" decoding=\"async\" width=\"320\" height=\"320\" src=\"https:\/\/optimate1.com\/wp-content\/uploads\/2019\/06\/OptiMate-4-CAN-bus-Edition-TM350-3-1-320x320.png\" class=\"attachment-woocommerce_thumbnail size-woocommerce_thumbnail\" alt=\"OptiMate 4 CAN-BUS Edition&lt;br \/&gt;TYPE C\" srcset=\"https:\/\/optimate1.com\/wp-content\/uploads\/2019\/06\/OptiMate-4-CAN-bus-Edition-TM350-3-1-320x320.png 320w, https:\/\/optimate1.com\/wp-content\/uploads\/2019\/06\/OptiMate-4-CAN-bus-Edition-TM350-3-1-100x100.png 100w, https:\/\/optimate1.com\/wp-content\/uploads\/2019\/06\/OptiMate-4-CAN-bus-Edition-TM350-3-1-600x600.png 600w, https:\/\/optimate1.com\/wp-content\/uploads\/2019\/06\/OptiMate-4-CAN-bus-Edition-TM350-3-1-64x64.png 64w, https:\/\/optimate1.com\/wp-content\/uploads\/2019\/06\/OptiMate-4-CAN-bus-Edition-TM350-3-1-150x150.png 150w, https:\/\/optimate1.com\/wp-content\/uploads\/2019\/06\/OptiMate-4-CAN-bus-Edition-TM350-3-1-300x300.png 300w, https:\/\/optimate1.com\/wp-content\/uploads\/2019\/06\/OptiMate-4-CAN-bus-Edition-TM350-3-1-768x768.png 768w, https:\/\/optimate1.com\/wp-content\/uploads\/2019\/06\/OptiMate-4-CAN-bus-Edition-TM350-3-1.png 900w\" sizes=\"auto, (max-width: 320px) 100vw, 320px\" \/><\/div><div class=\"thunk-product-content\"><h2 class=\"woocommerce-loop-product__title\">OptiMate 4 CAN-BUS Edition<br \/>TYPE C<\/h2>\n\t<span class=\"price\"><span class=\"woocommerce-Price-amount amount\"><bdi><span class=\"woocommerce-Price-currencySymbol\">&#36;<\/span>98.95<\/bdi><\/span><\/span>\n<\/div><div class=\"thunk-product-hover\"><\/a>           <div class=\"os-product-excerpt\"><p>Region: EU<\/p>\n<\/div>\n        <div class=\"thunk-quik\">\n\t\t\t             <div class=\"thunk-quickview\">\n                               <span class=\"quik-view\">\n                                   <a href=\"#\" class=\"opn-quick-view-text\"  data-product_id=\"9218\">\n                                      <span>Quick View<\/span>\n                                    \n                                   <\/a>\n                            <\/span>\n                          <\/div><\/div><\/div><\/div><\/div><\/li>\n<li class=\"thunk-woo-product-list opn-qv-enable big-store-woo-hover- open-single-product-tab-horizontal open-shadow- open-shadow-hover- product type-product product_cat-battery-chargers-it post-15547 status-publish last instock has-post-thumbnail shipping-taxable purchasable product-type-variation\">\n\t<div class=\"thunk-product-wrap\"><div class=\"thunk-product\"><a href=\"https:\/\/optimate1.com\/it\/prodotto\/optimate-4-can-bus-edition-caricabatterie-moto\/?attribute_pa_region=uk-it-2\" class=\"woocommerce-LoopProduct-link woocommerce-loop-product__link\"><div class=\"thunk-product-image\"><img loading=\"lazy\" decoding=\"async\" width=\"320\" height=\"320\" src=\"https:\/\/optimate1.com\/wp-content\/uploads\/2019\/12\/OptiMate-4-CanBus-TM35x-3_UK-320x320.jpg\" class=\"attachment-woocommerce_thumbnail size-woocommerce_thumbnail\" alt=\"OptiMate 4 CAN-BUS Edition&lt;br \/&gt;TYPE G\" srcset=\"https:\/\/optimate1.com\/wp-content\/uploads\/2019\/12\/OptiMate-4-CanBus-TM35x-3_UK-320x320.jpg 320w, https:\/\/optimate1.com\/wp-content\/uploads\/2019\/12\/OptiMate-4-CanBus-TM35x-3_UK-100x100.jpg 100w, https:\/\/optimate1.com\/wp-content\/uploads\/2019\/12\/OptiMate-4-CanBus-TM35x-3_UK-600x600.jpg 600w, https:\/\/optimate1.com\/wp-content\/uploads\/2019\/12\/OptiMate-4-CanBus-TM35x-3_UK-64x64.jpg 64w, https:\/\/optimate1.com\/wp-content\/uploads\/2019\/12\/OptiMate-4-CanBus-TM35x-3_UK-300x300.jpg 300w, https:\/\/optimate1.com\/wp-content\/uploads\/2019\/12\/OptiMate-4-CanBus-TM35x-3_UK-150x150.jpg 150w, https:\/\/optimate1.com\/wp-content\/uploads\/2019\/12\/OptiMate-4-CanBus-TM35x-3_UK-768x768.jpg 768w, https:\/\/optimate1.com\/wp-content\/uploads\/2019\/12\/OptiMate-4-CanBus-TM35x-3_UK.jpg 900w\" sizes=\"auto, (max-width: 320px) 100vw, 320px\" \/><\/div><div class=\"thunk-product-content\"><h2 class=\"woocommerce-loop-product__title\">OptiMate 4 CAN-BUS Edition<br \/>TYPE G<\/h2>\n\t<span class=\"price\"><span class=\"woocommerce-Price-amount amount\"><bdi><span class=\"woocommerce-Price-currencySymbol\">&#36;<\/span>98.95<\/bdi><\/span><\/span>\n<\/div><div class=\"thunk-product-hover\"><\/a>           <div class=\"os-product-excerpt\"><p>Region: UK<\/p>\n<\/div>\n        <div class=\"thunk-quik\">\n\t\t\t             <div class=\"thunk-quickview\">\n                               <span class=\"quik-view\">\n                                   <a href=\"#\" class=\"opn-quick-view-text\"  data-product_id=\"15547\">\n                                      <span>Quick View<\/span>\n                                    \n                                   <\/a>\n                            <\/span>\n                          <\/div><\/div><\/div><\/div><\/div><\/li>\n<\/ul>\n<\/div>\n","protected":false},"excerpt":{"rendered":"<h3><span style=\"color: #cd202c;\">Caricatore e mantenitore di carica ermetico con recupero di batteria a otto fasi da 12 V 1 A<\/span><\/h3>\n","protected":false},"featured_media":29982,"template":"","meta":[],"product_brand":[],"product_cat":[455],"product_tag":[],"class_list":{"0":"post-9216","1":"product","2":"type-product","3":"status-publish","4":"has-post-thumbnail","6":"product_cat-battery-chargers-it","7":"pa_charge-battery-chemistry-pb-agm-gel-std-lead-acid-it","8":"pa_charge-battery-more-12v-it","9":"pa_charge-battery-more-bmw-motociclo","10":"pa_power-ac-100-240vac-it","11":"pa_product-group-optimate-4-it","12":"pa_region-ca-it-2","13":"pa_region-eu-it-2","14":"pa_region-uk-it-2","15":"pa_region-us-it-2","16":"iside_voltage-12-it","17":"iside_ampere-1-it","18":"iside_vehicle-motocicletta-sport-motoristici-it","19":"iside_charger_series-gold-advanced-it-2","20":"iside_battery_voltage-12v-it","21":"thunk-woo-product-list","22":"opn-qv-enable","23":"big-store-woo-hover-","24":"open-single-product-tab-horizontal","25":"open-shadow-","26":"open-shadow-hover-","30":"first","31":"instock","32":"featured","33":"shipping-taxable","34":"purchasable","35":"product-type-variable"},"yoast_head":"<!-- This site is optimized with the Yoast SEO plugin v27.2 - https:\/\/yoast.com\/product\/yoast-seo-wordpress\/ -->\n<title>OptiMate 4 CAN-BUS Edition - OptiMate<\/title>\n<meta name=\"description\" content=\"Il OptiMate 4 CAN-BUS Edition \u00e8 il caricabatterie a 12V pi\u00f9 avanzato per le vostre moto BMW ad alte prestazioni o da turismo. Leggi di pi\u00f9!\" \/>\n<meta name=\"robots\" content=\"index, follow, max-snippet:-1, max-image-preview:large, max-video-preview:-1, noarchive\" \/>\n<link rel=\"canonical\" href=\"https:\/\/optimate1.com\/product\/om4canbus\/\" \/>\n<meta property=\"og:locale\" content=\"it_IT\" \/>\n<meta property=\"og:type\" content=\"article\" \/>\n<meta property=\"og:title\" content=\"OptiMate 4 CAN-BUS Edition - OptiMate\" \/>\n<meta property=\"og:description\" content=\"Il OptiMate 4 CAN-BUS Edition \u00e8 il caricabatterie a 12V pi\u00f9 avanzato per le vostre moto BMW ad alte prestazioni o da turismo. Leggi di pi\u00f9!\" \/>\n<meta property=\"og:url\" content=\"https:\/\/optimate1.com\/product\/om4canbus\/\" \/>\n<meta property=\"og:site_name\" content=\"OptiMate\" \/>\n<meta property=\"article:publisher\" content=\"https:\/\/www.facebook.com\/OptiMatebatterysavingcharger\/\" \/>\n<meta property=\"article:modified_time\" content=\"2023-01-30T07:58:21+00:00\" \/>\n<meta property=\"og:image\" content=\"https:\/\/optimate1.com\/wp-content\/uploads\/2022\/07\/OptiMate-4-CAN-bus-TM35x-gold-corner-it.png\" \/>\n\t<meta property=\"og:image:width\" content=\"900\" \/>\n\t<meta property=\"og:image:height\" content=\"900\" \/>\n\t<meta property=\"og:image:type\" content=\"image\/png\" \/>\n<meta name=\"twitter:card\" content=\"summary_large_image\" \/>\n<meta name=\"twitter:label1\" content=\"Tempo di lettura stimato\" \/>\n\t<meta name=\"twitter:data1\" content=\"1 minuto\" \/>\n<script type=\"application\/ld+json\" class=\"yoast-schema-graph\">{\"@context\":\"https:\/\/schema.org\",\"@graph\":[{\"@type\":\"WebPage\",\"@id\":\"https:\/\/optimate1.com\/product\/om4canbus\/\",\"url\":\"https:\/\/optimate1.com\/product\/om4canbus\/\",\"name\":\"OptiMate 4 CAN-BUS Edition - OptiMate\",\"isPartOf\":{\"@id\":\"https:\/\/optimate1.com\/#website\"},\"primaryImageOfPage\":{\"@id\":\"https:\/\/optimate1.com\/product\/om4canbus\/#primaryimage\"},\"image\":{\"@id\":\"https:\/\/optimate1.com\/product\/om4canbus\/#primaryimage\"},\"thumbnailUrl\":\"https:\/\/optimate1.com\/wp-content\/uploads\/2022\/07\/OptiMate-4-CAN-bus-TM35x-gold-corner-it.png\",\"datePublished\":\"2019-06-07T10:53:44+00:00\",\"dateModified\":\"2023-01-30T07:58:21+00:00\",\"description\":\"Il OptiMate 4 CAN-BUS Edition \u00e8 il caricabatterie a 12V pi\u00f9 avanzato per le vostre moto BMW ad alte prestazioni o da turismo. Leggi di pi\u00f9!\",\"breadcrumb\":{\"@id\":\"https:\/\/optimate1.com\/product\/om4canbus\/#breadcrumb\"},\"inLanguage\":\"it-IT\",\"potentialAction\":[{\"@type\":\"ReadAction\",\"target\":[\"https:\/\/optimate1.com\/product\/om4canbus\/\"]}]},{\"@type\":\"ImageObject\",\"inLanguage\":\"it-IT\",\"@id\":\"https:\/\/optimate1.com\/product\/om4canbus\/#primaryimage\",\"url\":\"https:\/\/optimate1.com\/wp-content\/uploads\/2022\/07\/OptiMate-4-CAN-bus-TM35x-gold-corner-it.png\",\"contentUrl\":\"https:\/\/optimate1.com\/wp-content\/uploads\/2022\/07\/OptiMate-4-CAN-bus-TM35x-gold-corner-it.png\",\"width\":900,\"height\":900,\"caption\":\"caricabatterie moto caricabatterie motto\"},{\"@type\":\"BreadcrumbList\",\"@id\":\"https:\/\/optimate1.com\/product\/om4canbus\/#breadcrumb\",\"itemListElement\":[{\"@type\":\"ListItem\",\"position\":1,\"name\":\"Home\",\"item\":\"https:\/\/optimate1.com\/\"},{\"@type\":\"ListItem\",\"position\":2,\"name\":\"Prodotti\",\"item\":\"https:\/\/optimate1.com\/shop\/\"},{\"@type\":\"ListItem\",\"position\":3,\"name\":\"OptiMate 4 CAN-BUS Edition\"}]},{\"@type\":\"WebSite\",\"@id\":\"https:\/\/optimate1.com\/#website\",\"url\":\"https:\/\/optimate1.com\/\",\"name\":\"OptiMate\",\"description\":\"Battery Chargers &amp; Accessories\",\"publisher\":{\"@id\":\"https:\/\/optimate1.com\/#organization\"},\"potentialAction\":[{\"@type\":\"SearchAction\",\"target\":{\"@type\":\"EntryPoint\",\"urlTemplate\":\"https:\/\/optimate1.com\/?s={search_term_string}\"},\"query-input\":{\"@type\":\"PropertyValueSpecification\",\"valueRequired\":true,\"valueName\":\"search_term_string\"}}],\"inLanguage\":\"it-IT\"},{\"@type\":\"Organization\",\"@id\":\"https:\/\/optimate1.com\/#organization\",\"name\":\"OptiMate\",\"url\":\"https:\/\/optimate1.com\/\",\"logo\":{\"@type\":\"ImageObject\",\"inLanguage\":\"it-IT\",\"@id\":\"https:\/\/optimate1.com\/#\/schema\/logo\/image\/\",\"url\":\"https:\/\/optimate1.com\/wp-content\/uploads\/2021\/06\/optimate-hpbc-stacklogo.jpg\",\"contentUrl\":\"https:\/\/optimate1.com\/wp-content\/uploads\/2021\/06\/optimate-hpbc-stacklogo.jpg\",\"width\":1025,\"height\":529,\"caption\":\"OptiMate\"},\"image\":{\"@id\":\"https:\/\/optimate1.com\/#\/schema\/logo\/image\/\"},\"sameAs\":[\"https:\/\/www.facebook.com\/OptiMatebatterysavingcharger\/\"]}]}<\/script>\n<!-- \/ Yoast SEO plugin. -->","yoast_head_json":{"title":"OptiMate 4 CAN-BUS Edition - OptiMate","description":"Il OptiMate 4 CAN-BUS Edition \u00e8 il caricabatterie a 12V pi\u00f9 avanzato per le vostre moto BMW ad alte prestazioni o da turismo. Leggi di pi\u00f9!","robots":{"index":"index","follow":"follow","max-snippet":"max-snippet:-1","max-image-preview":"max-image-preview:large","max-video-preview":"max-video-preview:-1","archive":"noarchive"},"canonical":"https:\/\/optimate1.com\/product\/om4canbus\/","og_locale":"it_IT","og_type":"article","og_title":"OptiMate 4 CAN-BUS Edition - OptiMate","og_description":"Il OptiMate 4 CAN-BUS Edition \u00e8 il caricabatterie a 12V pi\u00f9 avanzato per le vostre moto BMW ad alte prestazioni o da turismo. Leggi di pi\u00f9!","og_url":"https:\/\/optimate1.com\/product\/om4canbus\/","og_site_name":"OptiMate","article_publisher":"https:\/\/www.facebook.com\/OptiMatebatterysavingcharger\/","article_modified_time":"2023-01-30T07:58:21+00:00","og_image":[{"width":900,"height":900,"url":"https:\/\/optimate1.com\/wp-content\/uploads\/2022\/07\/OptiMate-4-CAN-bus-TM35x-gold-corner-it.png","type":"image\/png"}],"twitter_card":"summary_large_image","twitter_misc":{"Tempo di lettura stimato":"1 minuto"},"schema":{"@context":"https:\/\/schema.org","@graph":[{"@type":"WebPage","@id":"https:\/\/optimate1.com\/product\/om4canbus\/","url":"https:\/\/optimate1.com\/product\/om4canbus\/","name":"OptiMate 4 CAN-BUS Edition - OptiMate","isPartOf":{"@id":"https:\/\/optimate1.com\/#website"},"primaryImageOfPage":{"@id":"https:\/\/optimate1.com\/product\/om4canbus\/#primaryimage"},"image":{"@id":"https:\/\/optimate1.com\/product\/om4canbus\/#primaryimage"},"thumbnailUrl":"https:\/\/optimate1.com\/wp-content\/uploads\/2022\/07\/OptiMate-4-CAN-bus-TM35x-gold-corner-it.png","datePublished":"2019-06-07T10:53:44+00:00","dateModified":"2023-01-30T07:58:21+00:00","description":"Il OptiMate 4 CAN-BUS Edition \u00e8 il caricabatterie a 12V pi\u00f9 avanzato per le vostre moto BMW ad alte prestazioni o da turismo. Leggi di pi\u00f9!","breadcrumb":{"@id":"https:\/\/optimate1.com\/product\/om4canbus\/#breadcrumb"},"inLanguage":"it-IT","potentialAction":[{"@type":"ReadAction","target":["https:\/\/optimate1.com\/product\/om4canbus\/"]}]},{"@type":"ImageObject","inLanguage":"it-IT","@id":"https:\/\/optimate1.com\/product\/om4canbus\/#primaryimage","url":"https:\/\/optimate1.com\/wp-content\/uploads\/2022\/07\/OptiMate-4-CAN-bus-TM35x-gold-corner-it.png","contentUrl":"https:\/\/optimate1.com\/wp-content\/uploads\/2022\/07\/OptiMate-4-CAN-bus-TM35x-gold-corner-it.png","width":900,"height":900,"caption":"caricabatterie moto caricabatterie motto"},{"@type":"BreadcrumbList","@id":"https:\/\/optimate1.com\/product\/om4canbus\/#breadcrumb","itemListElement":[{"@type":"ListItem","position":1,"name":"Home","item":"https:\/\/optimate1.com\/"},{"@type":"ListItem","position":2,"name":"Prodotti","item":"https:\/\/optimate1.com\/shop\/"},{"@type":"ListItem","position":3,"name":"OptiMate 4 CAN-BUS Edition"}]},{"@type":"WebSite","@id":"https:\/\/optimate1.com\/#website","url":"https:\/\/optimate1.com\/","name":"OptiMate","description":"Battery Chargers &amp; Accessories","publisher":{"@id":"https:\/\/optimate1.com\/#organization"},"potentialAction":[{"@type":"SearchAction","target":{"@type":"EntryPoint","urlTemplate":"https:\/\/optimate1.com\/?s={search_term_string}"},"query-input":{"@type":"PropertyValueSpecification","valueRequired":true,"valueName":"search_term_string"}}],"inLanguage":"it-IT"},{"@type":"Organization","@id":"https:\/\/optimate1.com\/#organization","name":"OptiMate","url":"https:\/\/optimate1.com\/","logo":{"@type":"ImageObject","inLanguage":"it-IT","@id":"https:\/\/optimate1.com\/#\/schema\/logo\/image\/","url":"https:\/\/optimate1.com\/wp-content\/uploads\/2021\/06\/optimate-hpbc-stacklogo.jpg","contentUrl":"https:\/\/optimate1.com\/wp-content\/uploads\/2021\/06\/optimate-hpbc-stacklogo.jpg","width":1025,"height":529,"caption":"OptiMate"},"image":{"@id":"https:\/\/optimate1.com\/#\/schema\/logo\/image\/"},"sameAs":["https:\/\/www.facebook.com\/OptiMatebatterysavingcharger\/"]}]}},"_links":{"self":[{"href":"https:\/\/optimate1.com\/it\/wp-json\/wp\/v2\/product\/9216","targetHints":{"allow":["GET"]}}],"collection":[{"href":"https:\/\/optimate1.com\/it\/wp-json\/wp\/v2\/product"}],"about":[{"href":"https:\/\/optimate1.com\/it\/wp-json\/wp\/v2\/types\/product"}],"wp:featuredmedia":[{"embeddable":true,"href":"https:\/\/optimate1.com\/it\/wp-json\/wp\/v2\/media\/29982"}],"wp:attachment":[{"href":"https:\/\/optimate1.com\/it\/wp-json\/wp\/v2\/media?parent=9216"}],"wp:term":[{"taxonomy":"product_brand","embeddable":true,"href":"https:\/\/optimate1.com\/it\/wp-json\/wp\/v2\/product_brand?post=9216"},{"taxonomy":"product_cat","embeddable":true,"href":"https:\/\/optimate1.com\/it\/wp-json\/wp\/v2\/product_cat?post=9216"},{"taxonomy":"product_tag","embeddable":true,"href":"https:\/\/optimate1.com\/it\/wp-json\/wp\/v2\/product_tag?post=9216"}],"curies":[{"name":"wp","href":"https:\/\/api.w.org\/{rel}","templated":true}]}}